{"id":170247,"date":"2023-09-30T09:45:05","date_gmt":"2023-09-30T07:45:06","guid":{"rendered":"https:\/\/tourtravelandmore.com\/?post_type=product&#038;p=170247"},"modified":"2024-04-03T14:58:47","modified_gmt":"2024-04-03T12:58:47","slug":"traslado-de-lisboa-a-oporto-con-paradas-en-obidos-fatima-y-nazare","status":"publish","type":"product","link":"https:\/\/tourtravelandmore.com\/es\/tours\/portugal-es\/lisboa-es\/traslado-de-lisboa-a-oporto-con-paradas-en-obidos-fatima-y-nazare\/","title":{"rendered":"Traslado privado de Lisboa a Oporto con paradas en \u00d3bidos, F\u00e1tima y Nazar\u00e9"},"content":{"rendered":"<h2><b>Traslado de Lisboa a Oporto con paradas en \u00d3bidos, F\u00e1tima y Nazar\u00e9 Descripci\u00f3n<\/b><\/h2>\n<p><span style=\"font-weight: 400;\">Cuando viaje de la animada capital, Lisboa, al rom\u00e1ntico encanto de Oporto, enriquezca su viaje con paradas en \u00d3bidos, F\u00e1tima y Nazar\u00e9. Tour Travel and More presenta una experiencia de traslado opulenta, donde la carretera se convierte en un tapiz de historias y esplendores visuales. Con nuestro lujoso veh\u00edculo privado para su comodidad ininterrumpida durante un tramo de 12 horas, llevamos el concepto de traslado a un nivel distinguido. M\u00e1s que un mero tr\u00e1nsito, imag\u00ednese un d\u00eda salpicado de descubrimientos de joyas hist\u00f3ricas, hitos espirituales y tesoros costeros de Portugal. Del\u00e9itese con la belleza distintiva de cada parada y cree recuerdos incluso antes de llegar a su destino final.<\/span><\/p>\n<p><span style=\"font-weight: 400;\">Sum\u00e9rjase en el encantador mundo de las diversas regiones de Portugal mientras pasa de la elegancia urbana de Lisboa al encanto intemporal de Oporto. Cada escala de este viaje ofrece una paleta \u00fanica de experiencias. \u00d3bidos seduce con su magia medieval, F\u00e1tima emana un aura de serenidad espiritual y Nazar\u00e9 captura el alma con su carisma costero. No se trata s\u00f3lo de un traslado, sino de una narraci\u00f3n de la polifac\u00e9tica cultura portuguesa, que entrelaza historias de amor, fe y naturaleza. Mientras recorre estos lugares emblem\u00e1ticos, disfrute de la comodidad superior de nuestros veh\u00edculos, garantizando que cada milla recorrida sea tan espl\u00e9ndida como los propios destinos.<\/span><\/p>\n<h2><b>Traslado de Lisboa a Oporto con paradas en \u00d3bidos, F\u00e1tima y Nazar\u00e9 Destacados<\/b><\/h2>\n<ul>\n<li style=\"font-weight: 400;\" aria-level=\"1\"><b>\u00d3bidos:<\/b><span style=\"font-weight: 400;\"> Santuario hist\u00f3rico, \u00d3bidos es una visi\u00f3n de las maravillas medievales, rodeada de antiguas murallas. Sus laber\u00ednticas calles empedradas, sus casas encaladas adornadas con flores y su imponente castillo son el reflejo de una \u00e9poca pasada. La historia de la ciudad est\u00e1 repleta de historias de reyes y reinas, lo que la convierte en la parada por excelencia para aquellos que quieran viajar en el tiempo a trav\u00e9s del rico pasado de Portugal.<\/span><\/li>\n<li style=\"font-weight: 400;\" aria-level=\"1\"><b>F\u00e1tima: <\/b><span style=\"font-weight: 400;\">F\u00e1tima, uno de los santuarios m\u00e1s venerados del mundo, es un s\u00edmbolo de profundo significado espiritual. Cada a\u00f1o, millones de personas visitan el Santuario de Nuestra Se\u00f1ora de F\u00e1tima, en homenaje a las apariciones de la Virgen Mar\u00eda presenciadas por tres ni\u00f1os pastores en 1917. Su profundo ambiente religioso resuena entre los visitantes, independientemente de su fe.<\/span><\/li>\n<li style=\"font-weight: 400;\" aria-level=\"1\"><b>Nazar\u00e9<\/b><span style=\"font-weight: 400;\">: M\u00e1s all\u00e1 de su reconocimiento mundial por las olas monstruosas y las leyendas del surf, Nazar\u00e9 es una encantadora ciudad costera que encarna la esencia mar\u00edtima de Portugal. La Praia da Nazar\u00e9, los imponentes acantilados y el Santuario de Nuestra Se\u00f1ora de Nazar\u00e9 forman un escenario impecable para quienes deseen respirar el aire salado y sumergirse en el folclore costero.<\/span><\/li>\n<\/ul>\n<p><span style=\"font-weight: 400;\">Embarcarse en este viaje allana el camino para otros muchos descubrimientos.<\/span> <a href=\"https:\/\/tourtravelandmore.com\/es\/ciudad\/portugal-es\/lisboa-es\/\"><b>Aunque este traslado le ofrece una muestra del encanto de Portugal, le invitamos a profundizar en su coraz\u00f3n.<\/b><\/a><span style=\"font-weight: 400;\"> Tour Travel and More ofrece una amplia colecci\u00f3n de visitas privadas en Lisboa, que permiten a los visitantes experimentar \u00edntimamente la belleza polifac\u00e9tica de la capital. M\u00e1s informaci\u00f3n en.<\/span><\/p>\n","protected":false},"excerpt":{"rendered":"<p><span style=\"font-weight: 400;\">Mejore su traslado de Lisboa a Oporto haciendo una pausa en los hitos hist\u00f3ricos y espirituales de Portugal: \u00d3bidos, F\u00e1tima y Nazar\u00e9. Experimente un viaje tan memorable como el destino con Tour Travel and More.<\/span><\/p>\n","protected":false},"featured_media":170266,"comment_status":"open","ping_status":"closed","template":"","meta":{"_acf_changed":false},"product_brand":[],"product_cat":[625,628,630,629,631],"product_tag":[],"class_list":{"0":"post-170247","1":"product","2":"type-product","3":"status-publish","4":"has-post-thumbnail","6":"product_cat-lisboa-es","7":"product_cat-lisboa-actividades-es","8":"product_cat-lisboa-rutas-turisticas-privadas-es","9":"product_cat-lisboa-excursiones-es","10":"product_cat-lisboa-traslados-es","12":"first","13":"instock","14":"shipping-taxable","15":"purchasable","16":"product-type-simple"},"acf":[],"yoast_head":"<!-- This site is optimized with the Yoast SEO Premium plugin v25.3.1 (Yoast SEO v25.3.1) - https:\/\/yoast.com\/wordpress\/plugins\/seo\/ -->\n<title>\u27a1\ufe0f Traslado de Lujo: Lisboa a Oporto con paradas en \u00d3bidos, F\u00e1tima y Nazar\u00e9<\/title>\n<meta name=\"description\" content=\"Viaje de Lisboa a Oporto con paradas de lujo en \u00d3bidos, F\u00e1tima y Nazar\u00e9, haciendo de los traslados una exploraci\u00f3n encantadora con Tour Travel and More \u2705\" \/>\n<meta name=\"robots\" content=\"index, follow, max-snippet:-1, max-image-preview:large, max-video-preview:-1\" \/>\n<link rel=\"canonical\" href=\"https:\/\/tourtravelandmore.com\/es\/tours\/portugal-es\/lisboa-es\/traslado-de-lisboa-a-oporto-con-paradas-en-obidos-fatima-y-nazare\/\" \/>\n<meta property=\"og:locale\" content=\"es_ES\" \/>\n<meta property=\"og:type\" content=\"article\" \/>\n<meta property=\"og:title\" content=\"Traslado privado de Lisboa a Oporto con paradas en \u00d3bidos, F\u00e1tima y Nazar\u00e9\" \/>\n<meta property=\"og:description\" content=\"Viaje de Lisboa a Oporto con paradas de lujo en \u00d3bidos, F\u00e1tima y Nazar\u00e9, haciendo de los traslados una exploraci\u00f3n encantadora con Tour Travel and More \u2705\" \/>\n<meta property=\"og:url\" content=\"https:\/\/tourtravelandmore.com\/es\/tours\/portugal-es\/lisboa-es\/traslado-de-lisboa-a-oporto-con-paradas-en-obidos-fatima-y-nazare\/\" \/>\n<meta property=\"og:site_name\" content=\"Tour Travel And More\" \/>\n<meta property=\"article:publisher\" content=\"https:\/\/www.facebook.com\/tourtravelandmore\/\" \/>\n<meta property=\"article:modified_time\" content=\"2024-04-03T12:58:47+00:00\" \/>\n<meta property=\"og:image\" content=\"https:\/\/tourtravelandmore.com\/wp-content\/uploads\/2023\/09\/image2-4.jpg\" \/>\n\t<meta property=\"og:image:width\" content=\"900\" \/>\n\t<meta property=\"og:image:height\" content=\"750\" \/>\n\t<meta property=\"og:image:type\" content=\"image\/jpeg\" \/>\n<meta name=\"twitter:card\" content=\"summary_large_image\" \/>\n<meta name=\"twitter:site\" content=\"@TourTravel_More\" \/>\n<meta name=\"twitter:label1\" content=\"Tiempo de lectura\" \/>\n\t<meta name=\"twitter:data1\" content=\"3 minutos\" \/>\n<script type=\"application\/ld+json\" class=\"yoast-schema-graph\">{\"@context\":\"https:\/\/schema.org\",\"@graph\":[{\"@type\":\"WebPage\",\"@id\":\"https:\/\/tourtravelandmore.com\/es\/tours\/portugal-es\/lisboa-es\/traslado-de-lisboa-a-oporto-con-paradas-en-obidos-fatima-y-nazare\/\",\"url\":\"https:\/\/tourtravelandmore.com\/es\/tours\/portugal-es\/lisboa-es\/traslado-de-lisboa-a-oporto-con-paradas-en-obidos-fatima-y-nazare\/\",\"name\":\"\u27a1\ufe0f Traslado de Lujo: Lisboa a Oporto con paradas en \u00d3bidos, F\u00e1tima y Nazar\u00e9\",\"isPartOf\":{\"@id\":\"https:\/\/tourtravelandmore.com\/es\/#website\"},\"primaryImageOfPage\":{\"@id\":\"https:\/\/tourtravelandmore.com\/es\/tours\/portugal-es\/lisboa-es\/traslado-de-lisboa-a-oporto-con-paradas-en-obidos-fatima-y-nazare\/#primaryimage\"},\"image\":{\"@id\":\"https:\/\/tourtravelandmore.com\/es\/tours\/portugal-es\/lisboa-es\/traslado-de-lisboa-a-oporto-con-paradas-en-obidos-fatima-y-nazare\/#primaryimage\"},\"thumbnailUrl\":\"https:\/\/tourtravelandmore.com\/wp-content\/uploads\/2023\/09\/image2-4.jpg\",\"datePublished\":\"2023-09-30T07:45:06+00:00\",\"dateModified\":\"2024-04-03T12:58:47+00:00\",\"description\":\"Viaje de Lisboa a Oporto con paradas de lujo en \u00d3bidos, F\u00e1tima y Nazar\u00e9, haciendo de los traslados una exploraci\u00f3n encantadora con Tour Travel and More \u2705\",\"breadcrumb\":{\"@id\":\"https:\/\/tourtravelandmore.com\/es\/tours\/portugal-es\/lisboa-es\/traslado-de-lisboa-a-oporto-con-paradas-en-obidos-fatima-y-nazare\/#breadcrumb\"},\"inLanguage\":\"es\",\"potentialAction\":[{\"@type\":\"ReadAction\",\"target\":[\"https:\/\/tourtravelandmore.com\/es\/tours\/portugal-es\/lisboa-es\/traslado-de-lisboa-a-oporto-con-paradas-en-obidos-fatima-y-nazare\/\"]}]},{\"@type\":\"ImageObject\",\"inLanguage\":\"es\",\"@id\":\"https:\/\/tourtravelandmore.com\/es\/tours\/portugal-es\/lisboa-es\/traslado-de-lisboa-a-oporto-con-paradas-en-obidos-fatima-y-nazare\/#primaryimage\",\"url\":\"https:\/\/tourtravelandmore.com\/wp-content\/uploads\/2023\/09\/image2-4.jpg\",\"contentUrl\":\"https:\/\/tourtravelandmore.com\/wp-content\/uploads\/2023\/09\/image2-4.jpg\",\"width\":900,\"height\":750},{\"@type\":\"BreadcrumbList\",\"@id\":\"https:\/\/tourtravelandmore.com\/es\/tours\/portugal-es\/lisboa-es\/traslado-de-lisboa-a-oporto-con-paradas-en-obidos-fatima-y-nazare\/#breadcrumb\",\"itemListElement\":[{\"@type\":\"ListItem\",\"position\":1,\"name\":\"Home\",\"item\":\"https:\/\/tourtravelandmore.com\/es\/\"},{\"@type\":\"ListItem\",\"position\":2,\"name\":\"Tours\",\"item\":\"https:\/\/tourtravelandmore.com\/es\/tours\/\"},{\"@type\":\"ListItem\",\"position\":3,\"name\":\"Traslado privado de Lisboa a Oporto con paradas en \u00d3bidos, F\u00e1tima y Nazar\u00e9\"}]},{\"@type\":\"WebSite\",\"@id\":\"https:\/\/tourtravelandmore.com\/es\/#website\",\"url\":\"https:\/\/tourtravelandmore.com\/es\/\",\"name\":\"Tour Travel And More\",\"description\":\"Private sightseeing tours and luxury transfers in Spain\",\"publisher\":{\"@id\":\"https:\/\/tourtravelandmore.com\/es\/#organization\"},\"potentialAction\":[{\"@type\":\"SearchAction\",\"target\":{\"@type\":\"EntryPoint\",\"urlTemplate\":\"https:\/\/tourtravelandmore.com\/es\/?s={search_term_string}\"},\"query-input\":{\"@type\":\"PropertyValueSpecification\",\"valueRequired\":true,\"valueName\":\"search_term_string\"}}],\"inLanguage\":\"es\"},{\"@type\":\"Organization\",\"@id\":\"https:\/\/tourtravelandmore.com\/es\/#organization\",\"name\":\"Tour Travel And More\",\"url\":\"https:\/\/tourtravelandmore.com\/es\/\",\"logo\":{\"@type\":\"ImageObject\",\"inLanguage\":\"es\",\"@id\":\"https:\/\/tourtravelandmore.com\/es\/#\/schema\/logo\/image\/\",\"url\":\"https:\/\/tourtravelandmore.com\/wp-content\/uploads\/2022\/12\/cropped-logo-cabecera-new.png\",\"contentUrl\":\"https:\/\/tourtravelandmore.com\/wp-content\/uploads\/2022\/12\/cropped-logo-cabecera-new.png\",\"width\":430,\"height\":61,\"caption\":\"Tour Travel And More\"},\"image\":{\"@id\":\"https:\/\/tourtravelandmore.com\/es\/#\/schema\/logo\/image\/\"},\"sameAs\":[\"https:\/\/www.facebook.com\/tourtravelandmore\/\",\"https:\/\/x.com\/TourTravel_More\"]}]}<\/script>\n<!-- \/ Yoast SEO Premium plugin. -->","yoast_head_json":{"title":"\u27a1\ufe0f Traslado de Lujo: Lisboa a Oporto con paradas en \u00d3bidos, F\u00e1tima y Nazar\u00e9","description":"Viaje de Lisboa a Oporto con paradas de lujo en \u00d3bidos, F\u00e1tima y Nazar\u00e9, haciendo de los traslados una exploraci\u00f3n encantadora con Tour Travel and More \u2705","robots":{"index":"index","follow":"follow","max-snippet":"max-snippet:-1","max-image-preview":"max-image-preview:large","max-video-preview":"max-video-preview:-1"},"canonical":"https:\/\/tourtravelandmore.com\/es\/tours\/portugal-es\/lisboa-es\/traslado-de-lisboa-a-oporto-con-paradas-en-obidos-fatima-y-nazare\/","og_locale":"es_ES","og_type":"article","og_title":"Traslado privado de Lisboa a Oporto con paradas en \u00d3bidos, F\u00e1tima y Nazar\u00e9","og_description":"Viaje de Lisboa a Oporto con paradas de lujo en \u00d3bidos, F\u00e1tima y Nazar\u00e9, haciendo de los traslados una exploraci\u00f3n encantadora con Tour Travel and More \u2705","og_url":"https:\/\/tourtravelandmore.com\/es\/tours\/portugal-es\/lisboa-es\/traslado-de-lisboa-a-oporto-con-paradas-en-obidos-fatima-y-nazare\/","og_site_name":"Tour Travel And More","article_publisher":"https:\/\/www.facebook.com\/tourtravelandmore\/","article_modified_time":"2024-04-03T12:58:47+00:00","og_image":[{"width":900,"height":750,"url":"https:\/\/tourtravelandmore.com\/wp-content\/uploads\/2023\/09\/image2-4.jpg","type":"image\/jpeg"}],"twitter_card":"summary_large_image","twitter_site":"@TourTravel_More","twitter_misc":{"Tiempo de lectura":"3 minutos"},"schema":{"@context":"https:\/\/schema.org","@graph":[{"@type":"WebPage","@id":"https:\/\/tourtravelandmore.com\/es\/tours\/portugal-es\/lisboa-es\/traslado-de-lisboa-a-oporto-con-paradas-en-obidos-fatima-y-nazare\/","url":"https:\/\/tourtravelandmore.com\/es\/tours\/portugal-es\/lisboa-es\/traslado-de-lisboa-a-oporto-con-paradas-en-obidos-fatima-y-nazare\/","name":"\u27a1\ufe0f Traslado de Lujo: Lisboa a Oporto con paradas en \u00d3bidos, F\u00e1tima y Nazar\u00e9","isPartOf":{"@id":"https:\/\/tourtravelandmore.com\/es\/#website"},"primaryImageOfPage":{"@id":"https:\/\/tourtravelandmore.com\/es\/tours\/portugal-es\/lisboa-es\/traslado-de-lisboa-a-oporto-con-paradas-en-obidos-fatima-y-nazare\/#primaryimage"},"image":{"@id":"https:\/\/tourtravelandmore.com\/es\/tours\/portugal-es\/lisboa-es\/traslado-de-lisboa-a-oporto-con-paradas-en-obidos-fatima-y-nazare\/#primaryimage"},"thumbnailUrl":"https:\/\/tourtravelandmore.com\/wp-content\/uploads\/2023\/09\/image2-4.jpg","datePublished":"2023-09-30T07:45:06+00:00","dateModified":"2024-04-03T12:58:47+00:00","description":"Viaje de Lisboa a Oporto con paradas de lujo en \u00d3bidos, F\u00e1tima y Nazar\u00e9, haciendo de los traslados una exploraci\u00f3n encantadora con Tour Travel and More \u2705","breadcrumb":{"@id":"https:\/\/tourtravelandmore.com\/es\/tours\/portugal-es\/lisboa-es\/traslado-de-lisboa-a-oporto-con-paradas-en-obidos-fatima-y-nazare\/#breadcrumb"},"inLanguage":"es","potentialAction":[{"@type":"ReadAction","target":["https:\/\/tourtravelandmore.com\/es\/tours\/portugal-es\/lisboa-es\/traslado-de-lisboa-a-oporto-con-paradas-en-obidos-fatima-y-nazare\/"]}]},{"@type":"ImageObject","inLanguage":"es","@id":"https:\/\/tourtravelandmore.com\/es\/tours\/portugal-es\/lisboa-es\/traslado-de-lisboa-a-oporto-con-paradas-en-obidos-fatima-y-nazare\/#primaryimage","url":"https:\/\/tourtravelandmore.com\/wp-content\/uploads\/2023\/09\/image2-4.jpg","contentUrl":"https:\/\/tourtravelandmore.com\/wp-content\/uploads\/2023\/09\/image2-4.jpg","width":900,"height":750},{"@type":"BreadcrumbList","@id":"https:\/\/tourtravelandmore.com\/es\/tours\/portugal-es\/lisboa-es\/traslado-de-lisboa-a-oporto-con-paradas-en-obidos-fatima-y-nazare\/#breadcrumb","itemListElement":[{"@type":"ListItem","position":1,"name":"Home","item":"https:\/\/tourtravelandmore.com\/es\/"},{"@type":"ListItem","position":2,"name":"Tours","item":"https:\/\/tourtravelandmore.com\/es\/tours\/"},{"@type":"ListItem","position":3,"name":"Traslado privado de Lisboa a Oporto con paradas en \u00d3bidos, F\u00e1tima y Nazar\u00e9"}]},{"@type":"WebSite","@id":"https:\/\/tourtravelandmore.com\/es\/#website","url":"https:\/\/tourtravelandmore.com\/es\/","name":"Tour Travel And More","description":"Private sightseeing tours and luxury transfers in Spain","publisher":{"@id":"https:\/\/tourtravelandmore.com\/es\/#organization"},"potentialAction":[{"@type":"SearchAction","target":{"@type":"EntryPoint","urlTemplate":"https:\/\/tourtravelandmore.com\/es\/?s={search_term_string}"},"query-input":{"@type":"PropertyValueSpecification","valueRequired":true,"valueName":"search_term_string"}}],"inLanguage":"es"},{"@type":"Organization","@id":"https:\/\/tourtravelandmore.com\/es\/#organization","name":"Tour Travel And More","url":"https:\/\/tourtravelandmore.com\/es\/","logo":{"@type":"ImageObject","inLanguage":"es","@id":"https:\/\/tourtravelandmore.com\/es\/#\/schema\/logo\/image\/","url":"https:\/\/tourtravelandmore.com\/wp-content\/uploads\/2022\/12\/cropped-logo-cabecera-new.png","contentUrl":"https:\/\/tourtravelandmore.com\/wp-content\/uploads\/2022\/12\/cropped-logo-cabecera-new.png","width":430,"height":61,"caption":"Tour Travel And More"},"image":{"@id":"https:\/\/tourtravelandmore.com\/es\/#\/schema\/logo\/image\/"},"sameAs":["https:\/\/www.facebook.com\/tourtravelandmore\/","https:\/\/x.com\/TourTravel_More"]}]}},"_links":{"self":[{"href":"https:\/\/tourtravelandmore.com\/es\/wp-json\/wp\/v2\/product\/170247","targetHints":{"allow":["GET"]}}],"collection":[{"href":"https:\/\/tourtravelandmore.com\/es\/wp-json\/wp\/v2\/product"}],"about":[{"href":"https:\/\/tourtravelandmore.com\/es\/wp-json\/wp\/v2\/types\/product"}],"replies":[{"embeddable":true,"href":"https:\/\/tourtravelandmore.com\/es\/wp-json\/wp\/v2\/comments?post=170247"}],"wp:featuredmedia":[{"embeddable":true,"href":"https:\/\/tourtravelandmore.com\/es\/wp-json\/wp\/v2\/media\/170266"}],"wp:attachment":[{"href":"https:\/\/tourtravelandmore.com\/es\/wp-json\/wp\/v2\/media?parent=170247"}],"wp:term":[{"taxonomy":"product_brand","embeddable":true,"href":"https:\/\/tourtravelandmore.com\/es\/wp-json\/wp\/v2\/product_brand?post=170247"},{"taxonomy":"product_cat","embeddable":true,"href":"https:\/\/tourtravelandmore.com\/es\/wp-json\/wp\/v2\/product_cat?post=170247"},{"taxonomy":"product_tag","embeddable":true,"href":"https:\/\/tourtravelandmore.com\/es\/wp-json\/wp\/v2\/product_tag?post=170247"}],"curies":[{"name":"wp","href":"https:\/\/api.w.org\/{rel}","templated":true}]}}