{"id":170220,"date":"2023-09-30T09:20:21","date_gmt":"2023-09-30T07:20:23","guid":{"rendered":"https:\/\/tourtravelandmore.com\/?post_type=product&#038;p=170220"},"modified":"2023-09-30T09:34:51","modified_gmt":"2023-09-30T07:34:51","slug":"excursion-privada-a-obidos-fatima-y-nazare","status":"publish","type":"product","link":"https:\/\/tourtravelandmore.com\/es\/tours\/portugal-es\/lisboa-es\/excursion-privada-a-obidos-fatima-y-nazare\/","title":{"rendered":"Excursi\u00f3n Privada a \u00d3bidos, F\u00e1tima y Nazar\u00e9"},"content":{"rendered":"<h2><b>Excursi\u00f3n privada a \u00d3bidos, F\u00e1tima y Nazar\u00e9 Descripci\u00f3n<\/b><\/h2>\n<p><span style=\"font-weight: 400;\">Disfrute de una exploraci\u00f3n completa y envolvente de los destinos m\u00e1s preciados de Portugal: \u00d3bidos, F\u00e1tima y Nazar\u00e9 con la exclusiva excursi\u00f3n privada de Tour Travel and More. Con una duraci\u00f3n de 10 horas, le acompa\u00f1ar\u00e1 un gu\u00eda experto y tendr\u00e1 a su disposici\u00f3n un lujoso coche durante todo el viaje. Esta excursi\u00f3n meticulosamente dise\u00f1ada promete una experiencia entrelazada de historia, espiritualidad e impresionante belleza natural. D\u00e9jese cautivar por los relatos de antiguas batallas, profundos significados religiosos y leyendas mar\u00edtimas, todo ello mientras recorre paisajes pintorescos y calles llenas de encanto.<\/span><\/p>\n<p><span style=\"font-weight: 400;\">Avent\u00farese en el coraz\u00f3n de \u00d3bidos, donde antiguas fortificaciones susurran historias de conquistas medievales e historias de amor. En F\u00e1tima, el ambiente sereno emana una profunda energ\u00eda espiritual, reflejo de su pasado hist\u00f3rico y de los peregrinos a los que ha consolado a lo largo de los a\u00f1os. Nazar\u00e9, por su parte, presenta una yuxtaposici\u00f3n de serenas orillas arenosas y tumultuosas olas, que simbolizan la doble identidad de la ciudad como refugio tranquilo y sue\u00f1o de aventureros. Con cada milla recorrida, anticipe una narrativa en desarrollo, tejida intrincadamente con leyendas, fe y el encanto atemporal de los cautivadores paisajes de Portugal. Su viaje le promete no s\u00f3lo destinos, sino un tapiz de experiencias enriquecedoras que perdurar\u00e1n mucho tiempo despu\u00e9s de que concluya la excursi\u00f3n.<\/span><\/p>\n<h2><b>Excursi\u00f3n privada a \u00d3bidos, F\u00e1tima y Nazar\u00e9 Destacados<\/b><\/h2>\n<ul>\n<li style=\"font-weight: 400;\" aria-level=\"1\"><b>\u00d3bidos:<\/b><span style=\"font-weight: 400;\"> Esta ciudad medieval, enclavada entre murallas fortificadas, evoca una \u00e9poca pasada con sus castillos bien conservados, sus estrechas callejuelas empedradas y sus animadas casas adornadas con flores. Conocida por su licor de cereza, Ginja, y sus encantadoras fiestas, \u00d3bidos atrae con un encanto que transporta a los visitantes atr\u00e1s en el tiempo.<\/span><\/li>\n<li style=\"font-weight: 400;\" aria-level=\"1\"><b>F\u00e1tima:<\/b><span style=\"font-weight: 400;\"> F\u00e1tima, uno de los lugares de peregrinaci\u00f3n m\u00e1s importantes del mundo, resuena con reverencia espiritual. El Santuario de Nuestra Se\u00f1ora de F\u00e1tima, donde se produjeron las apariciones marianas en 1917, es un testimonio de fe y devoci\u00f3n que atrae cada a\u00f1o a millones de personas en busca de consuelo y bendiciones.<\/span><\/li>\n<li style=\"font-weight: 400;\" aria-level=\"1\"><b>Nazar\u00e9:<\/b><span style=\"font-weight: 400;\"> Esta ciudad costera es sin\u00f3nimo de espectaculares vistas al oc\u00e9ano e imponentes olas, lo que la convierte en un para\u00edso para los surfistas. M\u00e1s all\u00e1 de su encanto mar\u00edtimo, Nazar\u00e9 presume del Santuario de Nuestra Se\u00f1ora de Nazar\u00e9, donde las leyendas de milagros se entremezclan con las vistas panor\u00e1micas del vasto Atl\u00e1ntico.<\/span><\/li>\n<li style=\"font-weight: 400;\" aria-level=\"1\"><b>Delicias gastron\u00f3micas:<\/b><span style=\"font-weight: 400;\"> Mientras recorre estas pintorescas ciudades, tendr\u00e1 la oportunidad de saborear los tesoros culinarios de Portugal. Del\u00e9itese con el famoso licor de Ginja de \u00d3bidos, una bebida alcoh\u00f3lica con sabor a cereza, y pruebe el marisco m\u00e1s fresco en el para\u00edso costero de Nazar\u00e9. Cada plato es un viaje sensorial por el rico patrimonio culinario de Portugal<\/span><\/li>\n<li style=\"font-weight: 400;\" aria-level=\"1\"><b>Artesan\u00eda y arte local:<\/b><span style=\"font-weight: 400;\"> Las calles de estas ciudades est\u00e1n adornadas con artesanos locales que exhiben su artesan\u00eda, desde azulejos y cer\u00e1mica pintados con intrincados colores en \u00d3bidos hasta encajes hechos a mano en Nazar\u00e9. Contemplar el trabajo de estos h\u00e1biles artesanos ofrece una visi\u00f3n de las tradiciones y el arte transmitidos de generaci\u00f3n en generaci\u00f3n.<\/span><\/li>\n<li style=\"font-weight: 400;\" aria-level=\"1\"><b>Maravillas naturales:<\/b><span style=\"font-weight: 400;\"> Adem\u00e1s de su c\u00e9lebre surf de olas grandes, Nazar\u00e9 ofrece espectaculares vistas desde lo alto de los acantilados del barrio de S\u00edtio, un mirador que proporciona una vista incomparable de la majestuosidad del oc\u00e9ano Atl\u00e1ntico. Mientras tanto, la floreciente flora de \u00d3bidos pinta la ciudad de vibrantes colores, especialmente durante la primavera, convirtiendo cada paseo en una delicia visual.<\/span><\/li>\n<\/ul>\n<p>&nbsp;<\/p>\n<p><a href=\"https:\/\/tourtravelandmore.com\/es\/ciudad\/portugal-es\/lisboa-es\/\"><span style=\"font-weight: 400;\">Para los intrigados por el polifac\u00e9tico encanto de Portugal, le invitamos a explorar m\u00e1s a fondo con nuestra serie de circuitos privados por Lisboa y m\u00e1s all\u00e1.<\/span><\/a> <span style=\"font-weight: 400;\">Sum\u00e9rjase en el legado, los paisajes y la tradici\u00f3n del pa\u00eds con nuestras experiencias seleccionadas por expertos. Descubra m\u00e1s sobre nuestras ofertas exclusivas y personalice su pr\u00f3xima aventura visitando Tour Travel and More.<\/span><\/p>\n","protected":false},"excerpt":{"rendered":"<p><span style=\"font-weight: 400;\">Emb\u00e1rquese en un viaje cautivador por \u00d3bidos, F\u00e1tima y Nazar\u00e9, entretejiendo relatos de historia, fe y naturaleza en una inolvidable excursi\u00f3n privada de 10 horas.<\/span><\/p>\n","protected":false},"featured_media":170236,"comment_status":"open","ping_status":"closed","template":"","meta":{"_acf_changed":false},"product_brand":[],"product_cat":[625,628,630,629],"product_tag":[],"class_list":{"0":"post-170220","1":"product","2":"type-product","3":"status-publish","4":"has-post-thumbnail","6":"product_cat-lisboa-es","7":"product_cat-lisboa-actividades-es","8":"product_cat-lisboa-rutas-turisticas-privadas-es","9":"product_cat-lisboa-excursiones-es","11":"first","12":"instock","13":"shipping-taxable","14":"purchasable","15":"product-type-simple"},"acf":[],"yoast_head":"<!-- This site is optimized with the Yoast SEO Premium plugin v25.3.1 (Yoast SEO v25.3.1) - https:\/\/yoast.com\/wordpress\/plugins\/seo\/ -->\n<title>\u27a1\ufe0f Excursi\u00f3n exclusiva a \u00d3bidos, F\u00e1tima y Nazar\u00e9 con Tour Travel and More<\/title>\n<meta name=\"description\" content=\"Ad\u00e9ntrese en el rico patrimonio de Portugal con una excursi\u00f3n privada a \u00d3bidos, F\u00e1tima y Nazar\u00e9. Viva la historia, la espiritualidad y la naturaleza en un viaje \u00fanico. \u2705\" \/>\n<meta name=\"robots\" content=\"index, follow, max-snippet:-1, max-image-preview:large, max-video-preview:-1\" \/>\n<link rel=\"canonical\" href=\"https:\/\/tourtravelandmore.com\/es\/tours\/portugal-es\/lisboa-es\/excursion-privada-a-obidos-fatima-y-nazare\/\" \/>\n<meta property=\"og:locale\" content=\"es_ES\" \/>\n<meta property=\"og:type\" content=\"article\" \/>\n<meta property=\"og:title\" content=\"Excursi\u00f3n Privada a \u00d3bidos, F\u00e1tima y Nazar\u00e9\" \/>\n<meta property=\"og:description\" content=\"Ad\u00e9ntrese en el rico patrimonio de Portugal con una excursi\u00f3n privada a \u00d3bidos, F\u00e1tima y Nazar\u00e9. Viva la historia, la espiritualidad y la naturaleza en un viaje \u00fanico. \u2705\" \/>\n<meta property=\"og:url\" content=\"https:\/\/tourtravelandmore.com\/es\/tours\/portugal-es\/lisboa-es\/excursion-privada-a-obidos-fatima-y-nazare\/\" \/>\n<meta property=\"og:site_name\" content=\"Tour Travel And More\" \/>\n<meta property=\"article:publisher\" content=\"https:\/\/www.facebook.com\/tourtravelandmore\/\" \/>\n<meta property=\"article:modified_time\" content=\"2023-09-30T07:34:51+00:00\" \/>\n<meta property=\"og:image\" content=\"https:\/\/tourtravelandmore.com\/wp-content\/uploads\/2023\/09\/image1-3.jpg\" \/>\n\t<meta property=\"og:image:width\" content=\"900\" \/>\n\t<meta property=\"og:image:height\" content=\"750\" \/>\n\t<meta property=\"og:image:type\" content=\"image\/jpeg\" \/>\n<meta name=\"twitter:card\" content=\"summary_large_image\" \/>\n<meta name=\"twitter:site\" content=\"@TourTravel_More\" \/>\n<meta name=\"twitter:label1\" content=\"Tiempo de lectura\" \/>\n\t<meta name=\"twitter:data1\" content=\"3 minutos\" \/>\n<script type=\"application\/ld+json\" class=\"yoast-schema-graph\">{\"@context\":\"https:\/\/schema.org\",\"@graph\":[{\"@type\":\"WebPage\",\"@id\":\"https:\/\/tourtravelandmore.com\/es\/tours\/portugal-es\/lisboa-es\/excursion-privada-a-obidos-fatima-y-nazare\/\",\"url\":\"https:\/\/tourtravelandmore.com\/es\/tours\/portugal-es\/lisboa-es\/excursion-privada-a-obidos-fatima-y-nazare\/\",\"name\":\"\u27a1\ufe0f Excursi\u00f3n exclusiva a \u00d3bidos, F\u00e1tima y Nazar\u00e9 con Tour Travel and More\",\"isPartOf\":{\"@id\":\"https:\/\/tourtravelandmore.com\/es\/#website\"},\"primaryImageOfPage\":{\"@id\":\"https:\/\/tourtravelandmore.com\/es\/tours\/portugal-es\/lisboa-es\/excursion-privada-a-obidos-fatima-y-nazare\/#primaryimage\"},\"image\":{\"@id\":\"https:\/\/tourtravelandmore.com\/es\/tours\/portugal-es\/lisboa-es\/excursion-privada-a-obidos-fatima-y-nazare\/#primaryimage\"},\"thumbnailUrl\":\"https:\/\/tourtravelandmore.com\/wp-content\/uploads\/2023\/09\/image1-3.jpg\",\"datePublished\":\"2023-09-30T07:20:23+00:00\",\"dateModified\":\"2023-09-30T07:34:51+00:00\",\"description\":\"Ad\u00e9ntrese en el rico patrimonio de Portugal con una excursi\u00f3n privada a \u00d3bidos, F\u00e1tima y Nazar\u00e9. Viva la historia, la espiritualidad y la naturaleza en un viaje \u00fanico. \u2705\",\"breadcrumb\":{\"@id\":\"https:\/\/tourtravelandmore.com\/es\/tours\/portugal-es\/lisboa-es\/excursion-privada-a-obidos-fatima-y-nazare\/#breadcrumb\"},\"inLanguage\":\"es\",\"potentialAction\":[{\"@type\":\"ReadAction\",\"target\":[\"https:\/\/tourtravelandmore.com\/es\/tours\/portugal-es\/lisboa-es\/excursion-privada-a-obidos-fatima-y-nazare\/\"]}]},{\"@type\":\"ImageObject\",\"inLanguage\":\"es\",\"@id\":\"https:\/\/tourtravelandmore.com\/es\/tours\/portugal-es\/lisboa-es\/excursion-privada-a-obidos-fatima-y-nazare\/#primaryimage\",\"url\":\"https:\/\/tourtravelandmore.com\/wp-content\/uploads\/2023\/09\/image1-3.jpg\",\"contentUrl\":\"https:\/\/tourtravelandmore.com\/wp-content\/uploads\/2023\/09\/image1-3.jpg\",\"width\":900,\"height\":750},{\"@type\":\"BreadcrumbList\",\"@id\":\"https:\/\/tourtravelandmore.com\/es\/tours\/portugal-es\/lisboa-es\/excursion-privada-a-obidos-fatima-y-nazare\/#breadcrumb\",\"itemListElement\":[{\"@type\":\"ListItem\",\"position\":1,\"name\":\"Home\",\"item\":\"https:\/\/tourtravelandmore.com\/es\/\"},{\"@type\":\"ListItem\",\"position\":2,\"name\":\"Tours\",\"item\":\"https:\/\/tourtravelandmore.com\/es\/tours\/\"},{\"@type\":\"ListItem\",\"position\":3,\"name\":\"Excursi\u00f3n Privada a \u00d3bidos, F\u00e1tima y Nazar\u00e9\"}]},{\"@type\":\"WebSite\",\"@id\":\"https:\/\/tourtravelandmore.com\/es\/#website\",\"url\":\"https:\/\/tourtravelandmore.com\/es\/\",\"name\":\"Tour Travel And More\",\"description\":\"Private sightseeing tours and luxury transfers in Spain\",\"publisher\":{\"@id\":\"https:\/\/tourtravelandmore.com\/es\/#organization\"},\"potentialAction\":[{\"@type\":\"SearchAction\",\"target\":{\"@type\":\"EntryPoint\",\"urlTemplate\":\"https:\/\/tourtravelandmore.com\/es\/?s={search_term_string}\"},\"query-input\":{\"@type\":\"PropertyValueSpecification\",\"valueRequired\":true,\"valueName\":\"search_term_string\"}}],\"inLanguage\":\"es\"},{\"@type\":\"Organization\",\"@id\":\"https:\/\/tourtravelandmore.com\/es\/#organization\",\"name\":\"Tour Travel And More\",\"url\":\"https:\/\/tourtravelandmore.com\/es\/\",\"logo\":{\"@type\":\"ImageObject\",\"inLanguage\":\"es\",\"@id\":\"https:\/\/tourtravelandmore.com\/es\/#\/schema\/logo\/image\/\",\"url\":\"https:\/\/tourtravelandmore.com\/wp-content\/uploads\/2022\/12\/cropped-logo-cabecera-new.png\",\"contentUrl\":\"https:\/\/tourtravelandmore.com\/wp-content\/uploads\/2022\/12\/cropped-logo-cabecera-new.png\",\"width\":430,\"height\":61,\"caption\":\"Tour Travel And More\"},\"image\":{\"@id\":\"https:\/\/tourtravelandmore.com\/es\/#\/schema\/logo\/image\/\"},\"sameAs\":[\"https:\/\/www.facebook.com\/tourtravelandmore\/\",\"https:\/\/x.com\/TourTravel_More\"]}]}<\/script>\n<!-- \/ Yoast SEO Premium plugin. -->","yoast_head_json":{"title":"\u27a1\ufe0f Excursi\u00f3n exclusiva a \u00d3bidos, F\u00e1tima y Nazar\u00e9 con Tour Travel and More","description":"Ad\u00e9ntrese en el rico patrimonio de Portugal con una excursi\u00f3n privada a \u00d3bidos, F\u00e1tima y Nazar\u00e9. Viva la historia, la espiritualidad y la naturaleza en un viaje \u00fanico. \u2705","robots":{"index":"index","follow":"follow","max-snippet":"max-snippet:-1","max-image-preview":"max-image-preview:large","max-video-preview":"max-video-preview:-1"},"canonical":"https:\/\/tourtravelandmore.com\/es\/tours\/portugal-es\/lisboa-es\/excursion-privada-a-obidos-fatima-y-nazare\/","og_locale":"es_ES","og_type":"article","og_title":"Excursi\u00f3n Privada a \u00d3bidos, F\u00e1tima y Nazar\u00e9","og_description":"Ad\u00e9ntrese en el rico patrimonio de Portugal con una excursi\u00f3n privada a \u00d3bidos, F\u00e1tima y Nazar\u00e9. Viva la historia, la espiritualidad y la naturaleza en un viaje \u00fanico. \u2705","og_url":"https:\/\/tourtravelandmore.com\/es\/tours\/portugal-es\/lisboa-es\/excursion-privada-a-obidos-fatima-y-nazare\/","og_site_name":"Tour Travel And More","article_publisher":"https:\/\/www.facebook.com\/tourtravelandmore\/","article_modified_time":"2023-09-30T07:34:51+00:00","og_image":[{"width":900,"height":750,"url":"https:\/\/tourtravelandmore.com\/wp-content\/uploads\/2023\/09\/image1-3.jpg","type":"image\/jpeg"}],"twitter_card":"summary_large_image","twitter_site":"@TourTravel_More","twitter_misc":{"Tiempo de lectura":"3 minutos"},"schema":{"@context":"https:\/\/schema.org","@graph":[{"@type":"WebPage","@id":"https:\/\/tourtravelandmore.com\/es\/tours\/portugal-es\/lisboa-es\/excursion-privada-a-obidos-fatima-y-nazare\/","url":"https:\/\/tourtravelandmore.com\/es\/tours\/portugal-es\/lisboa-es\/excursion-privada-a-obidos-fatima-y-nazare\/","name":"\u27a1\ufe0f Excursi\u00f3n exclusiva a \u00d3bidos, F\u00e1tima y Nazar\u00e9 con Tour Travel and More","isPartOf":{"@id":"https:\/\/tourtravelandmore.com\/es\/#website"},"primaryImageOfPage":{"@id":"https:\/\/tourtravelandmore.com\/es\/tours\/portugal-es\/lisboa-es\/excursion-privada-a-obidos-fatima-y-nazare\/#primaryimage"},"image":{"@id":"https:\/\/tourtravelandmore.com\/es\/tours\/portugal-es\/lisboa-es\/excursion-privada-a-obidos-fatima-y-nazare\/#primaryimage"},"thumbnailUrl":"https:\/\/tourtravelandmore.com\/wp-content\/uploads\/2023\/09\/image1-3.jpg","datePublished":"2023-09-30T07:20:23+00:00","dateModified":"2023-09-30T07:34:51+00:00","description":"Ad\u00e9ntrese en el rico patrimonio de Portugal con una excursi\u00f3n privada a \u00d3bidos, F\u00e1tima y Nazar\u00e9. Viva la historia, la espiritualidad y la naturaleza en un viaje \u00fanico. \u2705","breadcrumb":{"@id":"https:\/\/tourtravelandmore.com\/es\/tours\/portugal-es\/lisboa-es\/excursion-privada-a-obidos-fatima-y-nazare\/#breadcrumb"},"inLanguage":"es","potentialAction":[{"@type":"ReadAction","target":["https:\/\/tourtravelandmore.com\/es\/tours\/portugal-es\/lisboa-es\/excursion-privada-a-obidos-fatima-y-nazare\/"]}]},{"@type":"ImageObject","inLanguage":"es","@id":"https:\/\/tourtravelandmore.com\/es\/tours\/portugal-es\/lisboa-es\/excursion-privada-a-obidos-fatima-y-nazare\/#primaryimage","url":"https:\/\/tourtravelandmore.com\/wp-content\/uploads\/2023\/09\/image1-3.jpg","contentUrl":"https:\/\/tourtravelandmore.com\/wp-content\/uploads\/2023\/09\/image1-3.jpg","width":900,"height":750},{"@type":"BreadcrumbList","@id":"https:\/\/tourtravelandmore.com\/es\/tours\/portugal-es\/lisboa-es\/excursion-privada-a-obidos-fatima-y-nazare\/#breadcrumb","itemListElement":[{"@type":"ListItem","position":1,"name":"Home","item":"https:\/\/tourtravelandmore.com\/es\/"},{"@type":"ListItem","position":2,"name":"Tours","item":"https:\/\/tourtravelandmore.com\/es\/tours\/"},{"@type":"ListItem","position":3,"name":"Excursi\u00f3n Privada a \u00d3bidos, F\u00e1tima y Nazar\u00e9"}]},{"@type":"WebSite","@id":"https:\/\/tourtravelandmore.com\/es\/#website","url":"https:\/\/tourtravelandmore.com\/es\/","name":"Tour Travel And More","description":"Private sightseeing tours and luxury transfers in Spain","publisher":{"@id":"https:\/\/tourtravelandmore.com\/es\/#organization"},"potentialAction":[{"@type":"SearchAction","target":{"@type":"EntryPoint","urlTemplate":"https:\/\/tourtravelandmore.com\/es\/?s={search_term_string}"},"query-input":{"@type":"PropertyValueSpecification","valueRequired":true,"valueName":"search_term_string"}}],"inLanguage":"es"},{"@type":"Organization","@id":"https:\/\/tourtravelandmore.com\/es\/#organization","name":"Tour Travel And More","url":"https:\/\/tourtravelandmore.com\/es\/","logo":{"@type":"ImageObject","inLanguage":"es","@id":"https:\/\/tourtravelandmore.com\/es\/#\/schema\/logo\/image\/","url":"https:\/\/tourtravelandmore.com\/wp-content\/uploads\/2022\/12\/cropped-logo-cabecera-new.png","contentUrl":"https:\/\/tourtravelandmore.com\/wp-content\/uploads\/2022\/12\/cropped-logo-cabecera-new.png","width":430,"height":61,"caption":"Tour Travel And More"},"image":{"@id":"https:\/\/tourtravelandmore.com\/es\/#\/schema\/logo\/image\/"},"sameAs":["https:\/\/www.facebook.com\/tourtravelandmore\/","https:\/\/x.com\/TourTravel_More"]}]}},"_links":{"self":[{"href":"https:\/\/tourtravelandmore.com\/es\/wp-json\/wp\/v2\/product\/170220","targetHints":{"allow":["GET"]}}],"collection":[{"href":"https:\/\/tourtravelandmore.com\/es\/wp-json\/wp\/v2\/product"}],"about":[{"href":"https:\/\/tourtravelandmore.com\/es\/wp-json\/wp\/v2\/types\/product"}],"replies":[{"embeddable":true,"href":"https:\/\/tourtravelandmore.com\/es\/wp-json\/wp\/v2\/comments?post=170220"}],"wp:featuredmedia":[{"embeddable":true,"href":"https:\/\/tourtravelandmore.com\/es\/wp-json\/wp\/v2\/media\/170236"}],"wp:attachment":[{"href":"https:\/\/tourtravelandmore.com\/es\/wp-json\/wp\/v2\/media?parent=170220"}],"wp:term":[{"taxonomy":"product_brand","embeddable":true,"href":"https:\/\/tourtravelandmore.com\/es\/wp-json\/wp\/v2\/product_brand?post=170220"},{"taxonomy":"product_cat","embeddable":true,"href":"https:\/\/tourtravelandmore.com\/es\/wp-json\/wp\/v2\/product_cat?post=170220"},{"taxonomy":"product_tag","embeddable":true,"href":"https:\/\/tourtravelandmore.com\/es\/wp-json\/wp\/v2\/product_tag?post=170220"}],"curies":[{"name":"wp","href":"https:\/\/api.w.org\/{rel}","templated":true}]}}