{"id":170193,"date":"2023-09-29T13:58:59","date_gmt":"2023-09-29T11:59:02","guid":{"rendered":"https:\/\/tourtravelandmore.com\/?post_type=product&#038;p=170193"},"modified":"2023-09-29T14:13:07","modified_gmt":"2023-09-29T12:13:07","slug":"visita-privada-a-pie-de-lisboa","status":"publish","type":"product","link":"https:\/\/tourtravelandmore.com\/es\/tours\/portugal-es\/lisboa-es\/visita-privada-a-pie-de-lisboa\/","title":{"rendered":"Visita privada a pie de Lisboa"},"content":{"rendered":"<h2><b>Descripci\u00f3n de la visita privada a pie de Lisboa<\/b><\/h2>\n<p><span style=\"font-weight: 400;\">Lisboa, la radiante capital de Portugal, presume de una intrincada mezcla de grandeza hist\u00f3rica y vitalidad moderna. Con la visita privada a pie de Lisboa de Tour Travel and More, sum\u00e9rjase en el rico tapiz de cultura, arquitectura y cuentos de la ciudad. Nuestros gu\u00edas expertos, equipados con a\u00f1os de experiencia y pasi\u00f3n por la historia de Lisboa, dar\u00e1n vida a cada calle y plaza que pise. Durante 4 horas, atravesar\u00e1 caminos empedrados, fachadas ornamentadas y el coraz\u00f3n de los monumentos m\u00e1s preciados de Lisboa. Desde los miradores de las colinas, que ofrecen vistas panor\u00e1micas, hasta las bulliciosas plazas urbanas en las que resuena la vida cotidiana, este paseo le garantiza una introducci\u00f3n \u00edntima y completa al alma de la ciudad.<\/span><\/p>\n<p><span style=\"font-weight: 400;\">M\u00e1s all\u00e1 de las meras vistas, le envolver\u00e1 el ritmo de la vida cotidiana de Lisboa. Desde los acordes armoniosos del fado que salen de tabernas escondidas hasta el olor arom\u00e1tico de los pasteles tradicionales que llaman desde las panader\u00edas locales, cada detalle sensorial a\u00f1ade profundidad a su viaje. Mientras pasea por mercados vibrantes y rincones tranquilos, nuestro gu\u00eda le conectar\u00e1 con las historias y tradiciones de los lugare\u00f1os, tendiendo puentes entre el pasado y el presente. Cada paso se convierte en una narraci\u00f3n que revela capas de historia yuxtapuestas al tel\u00f3n de fondo de una ciudad en din\u00e1mica evoluci\u00f3n. Su paseo no ser\u00e1 s\u00f3lo un fest\u00edn visual, sino una experiencia cultural profundamente enriquecedora, que captar\u00e1 la esencia polifac\u00e9tica de Lisboa.<\/span><\/p>\n<h2><b>Lo m\u00e1s destacado de la visita privada a pie por Lisboa<\/b><\/h2>\n<p><span style=\"font-weight: 400;\">Al embarcarse en este viaje, le esperan un sinf\u00edn de experiencias. Sienta el pulso de la ciudad mientras recorre la hist\u00f3rica Alfama, famosa por sus influencias \u00e1rabes y las conmovedoras melod\u00edas del fado. Marav\u00edllese ante la opulencia de las plazas de Baixa, llenas de vida y enmarcadas por la arquitectura neocl\u00e1sica. Suba a los miradores de la ciudad, o &#8220;Miradouros&#8221;, donde Lisboa se extiende bajo usted, un lienzo de tejados rojos, el r\u00edo Tajo azul y antiguas fortalezas. A lo largo de su expedici\u00f3n, nuestro gu\u00eda enriquecer\u00e1 su experiencia, tejiendo historias de aventuras mar\u00edtimas, romances legendarios y batallas de \u00e9poca que han dado forma a esta magn\u00edfica ciudad.<\/span><\/p>\n<p><span style=\"font-weight: 400;\">La armoniosa combinaci\u00f3n de naturaleza y arquitectura se hace m\u00e1s evidente al pasear por los verdes parques intercalados en medio de la expansi\u00f3n urbana. El suave susurro de las hojas y el lejano parloteo de los lugare\u00f1os crean un ambiente relajante, que ofrece un respiro moment\u00e1neo del en\u00e9rgico pulso de la ciudad. Cada monumento y cada callej\u00f3n guardan secretos, historias de artistas y so\u00f1adores, monarcas y plebeyos. Mientras navega por este laberinto de historia y cultura, no se limitar\u00e1 a observar, sino que formar\u00e1 parte del tapiz en constante evoluci\u00f3n de Lisboa.<\/span><\/p>\n<h3><span style=\"font-weight: 400;\">Lisboa a pie: Puntos de inter\u00e9s<\/span><\/h3>\n<p>&nbsp;<\/p>\n<ul>\n<li style=\"font-weight: 400;\" aria-level=\"1\"><b>Barrio de Alfama:<\/b><span style=\"font-weight: 400;\"> Alfama, el barrio m\u00e1s antiguo de Lisboa, es un laberinto de calles estrechas, casas antiguas y casas tradicionales de fado. Aqu\u00ed, la historia cobra vida a cada paso, y el barrio es un testimonio de la resistencia de Lisboa, ya que sobrevivi\u00f3 al gran terremoto de 1755.<\/span><\/li>\n<li style=\"font-weight: 400;\" aria-level=\"1\"><b>Barrio de la Baixa:<\/b><span style=\"font-weight: 400;\"> El coraz\u00f3n de Lisboa despu\u00e9s del terremoto, Baixa cuenta con grandes plazas, boutiques y lugares emblem\u00e1ticos. Sus calles geom\u00e9tricas contrastan con las laber\u00ednticas callejuelas de Alfama y ponen de manifiesto el renacimiento y la evoluci\u00f3n de la ciudad.<\/span><\/li>\n<li style=\"font-weight: 400;\" aria-level=\"1\"><b>Bairro Alto:<\/b><span style=\"font-weight: 400;\"> Famoso por su vibrante vida nocturna y su ecl\u00e9ctica mezcla de bares, restaurantes y discotecas, Bairro Alto de d\u00eda es un barrio tranquilo que ofrece boutiques \u00fanicas e impresionantes vistas, capturando el en\u00e9rgico esp\u00edritu de la ciudad.<\/span><\/li>\n<li style=\"font-weight: 400;\" aria-level=\"1\"><b>Bel\u00e9m:<\/b><span style=\"font-weight: 400;\"> Impregnado de historia mar\u00edtima, Bel\u00e9m alberga monumentos emblem\u00e1ticos como el Monasterio de los Jer\u00f3nimos y la Torre de Bel\u00e9m. Cada rinc\u00f3n de este distrito susurra historias de la Era de los Descubrimientos de Portugal.<\/span><\/li>\n<li style=\"font-weight: 400;\" aria-level=\"1\"><b>F\u00e1brica LX:<\/b><span style=\"font-weight: 400;\"> Anta\u00f1o un complejo industrial, hoy es un centro de creatividad e innovaci\u00f3n. Con librer\u00edas, restaurantes y estudios de arte, ejemplifica el renacimiento moderno de Lisboa.<\/span><\/li>\n<\/ul>\n<p>&nbsp;<\/p>\n<p><span style=\"font-weight: 400;\">Para explorar en profundidad las maravillas de Lisboa y mucho m\u00e1s, eche un vistazo a la extensa lista de visitas privadas que ofrece Tour Travel and More. <\/span><a href=\"https:\/\/tourtravelandmore.com\/es\/ciudad\/portugal-es\/lisboa-es\/\"><span style=\"font-weight: 400;\">Sum\u00e9rjase en las historias, saboree la riqueza cultural y experimente lo mejor de Portugal con nosotros<\/span><\/a><span style=\"font-weight: 400;\">. Descubra y reserve su pr\u00f3xima experiencia inolvidable en el sitio web de Tour Travel and More.<\/span><\/p>\n","protected":false},"excerpt":{"rendered":"<p><span style=\"font-weight: 400;\">Emb\u00e1rquese en un cautivador viaje a pie de 4 horas por las calles hist\u00f3ricas y las maravillas modernas de Lisboa con los tours privados de Tour Travel and More. Experimente la esencia de la ciudad con nuestros gu\u00edas expertos.<\/span><\/p>\n","protected":false},"featured_media":170215,"comment_status":"open","ping_status":"closed","template":"","meta":{"_acf_changed":false},"product_brand":[],"product_cat":[625,628,632],"product_tag":[],"class_list":{"0":"post-170193","1":"product","2":"type-product","3":"status-publish","4":"has-post-thumbnail","6":"product_cat-lisboa-es","7":"product_cat-lisboa-actividades-es","8":"product_cat-lisboa-tours-privados-pie-es","10":"first","11":"instock","12":"shipping-taxable","13":"purchasable","14":"product-type-simple"},"acf":[],"yoast_head":"<!-- This site is optimized with the Yoast SEO Premium plugin v25.3.1 (Yoast SEO v25.3.1) - https:\/\/yoast.com\/wordpress\/plugins\/seo\/ -->\n<title>\u27a1\ufe0f Tour Privado a Pie por Lisboa | Tour Travel and More<\/title>\n<meta name=\"description\" content=\"Ad\u00e9ntrese en la historia y la cultura de Lisboa en un recorrido privado a pie de 4 horas. Explore distritos emblem\u00e1ticos, cuentos y monumentos con la gu\u00eda de expertos.\u2705\" \/>\n<meta name=\"robots\" content=\"index, follow, max-snippet:-1, max-image-preview:large, max-video-preview:-1\" \/>\n<link rel=\"canonical\" href=\"https:\/\/tourtravelandmore.com\/es\/tours\/portugal-es\/lisboa-es\/visita-privada-a-pie-de-lisboa\/\" \/>\n<meta property=\"og:locale\" content=\"es_ES\" \/>\n<meta property=\"og:type\" content=\"article\" \/>\n<meta property=\"og:title\" content=\"Visita privada a pie de Lisboa\" \/>\n<meta property=\"og:description\" content=\"Ad\u00e9ntrese en la historia y la cultura de Lisboa en un recorrido privado a pie de 4 horas. Explore distritos emblem\u00e1ticos, cuentos y monumentos con la gu\u00eda de expertos.\u2705\" \/>\n<meta property=\"og:url\" content=\"https:\/\/tourtravelandmore.com\/es\/tours\/portugal-es\/lisboa-es\/visita-privada-a-pie-de-lisboa\/\" \/>\n<meta property=\"og:site_name\" content=\"Tour Travel And More\" \/>\n<meta property=\"article:publisher\" content=\"https:\/\/www.facebook.com\/tourtravelandmore\/\" \/>\n<meta property=\"article:modified_time\" content=\"2023-09-29T12:13:07+00:00\" \/>\n<meta property=\"og:image\" content=\"https:\/\/tourtravelandmore.com\/wp-content\/uploads\/2023\/09\/image3-2.jpg\" \/>\n\t<meta property=\"og:image:width\" content=\"900\" \/>\n\t<meta property=\"og:image:height\" content=\"750\" \/>\n\t<meta property=\"og:image:type\" content=\"image\/jpeg\" \/>\n<meta name=\"twitter:card\" content=\"summary_large_image\" \/>\n<meta name=\"twitter:site\" content=\"@TourTravel_More\" \/>\n<meta name=\"twitter:label1\" content=\"Tiempo de lectura\" \/>\n\t<meta name=\"twitter:data1\" content=\"4 minutos\" \/>\n<script type=\"application\/ld+json\" class=\"yoast-schema-graph\">{\"@context\":\"https:\/\/schema.org\",\"@graph\":[{\"@type\":\"WebPage\",\"@id\":\"https:\/\/tourtravelandmore.com\/es\/tours\/portugal-es\/lisboa-es\/visita-privada-a-pie-de-lisboa\/\",\"url\":\"https:\/\/tourtravelandmore.com\/es\/tours\/portugal-es\/lisboa-es\/visita-privada-a-pie-de-lisboa\/\",\"name\":\"\u27a1\ufe0f Tour Privado a Pie por Lisboa | Tour Travel and More\",\"isPartOf\":{\"@id\":\"https:\/\/tourtravelandmore.com\/es\/#website\"},\"primaryImageOfPage\":{\"@id\":\"https:\/\/tourtravelandmore.com\/es\/tours\/portugal-es\/lisboa-es\/visita-privada-a-pie-de-lisboa\/#primaryimage\"},\"image\":{\"@id\":\"https:\/\/tourtravelandmore.com\/es\/tours\/portugal-es\/lisboa-es\/visita-privada-a-pie-de-lisboa\/#primaryimage\"},\"thumbnailUrl\":\"https:\/\/tourtravelandmore.com\/wp-content\/uploads\/2023\/09\/image3-2.jpg\",\"datePublished\":\"2023-09-29T11:59:02+00:00\",\"dateModified\":\"2023-09-29T12:13:07+00:00\",\"description\":\"Ad\u00e9ntrese en la historia y la cultura de Lisboa en un recorrido privado a pie de 4 horas. Explore distritos emblem\u00e1ticos, cuentos y monumentos con la gu\u00eda de expertos.\u2705\",\"breadcrumb\":{\"@id\":\"https:\/\/tourtravelandmore.com\/es\/tours\/portugal-es\/lisboa-es\/visita-privada-a-pie-de-lisboa\/#breadcrumb\"},\"inLanguage\":\"es\",\"potentialAction\":[{\"@type\":\"ReadAction\",\"target\":[\"https:\/\/tourtravelandmore.com\/es\/tours\/portugal-es\/lisboa-es\/visita-privada-a-pie-de-lisboa\/\"]}]},{\"@type\":\"ImageObject\",\"inLanguage\":\"es\",\"@id\":\"https:\/\/tourtravelandmore.com\/es\/tours\/portugal-es\/lisboa-es\/visita-privada-a-pie-de-lisboa\/#primaryimage\",\"url\":\"https:\/\/tourtravelandmore.com\/wp-content\/uploads\/2023\/09\/image3-2.jpg\",\"contentUrl\":\"https:\/\/tourtravelandmore.com\/wp-content\/uploads\/2023\/09\/image3-2.jpg\",\"width\":900,\"height\":750},{\"@type\":\"BreadcrumbList\",\"@id\":\"https:\/\/tourtravelandmore.com\/es\/tours\/portugal-es\/lisboa-es\/visita-privada-a-pie-de-lisboa\/#breadcrumb\",\"itemListElement\":[{\"@type\":\"ListItem\",\"position\":1,\"name\":\"Home\",\"item\":\"https:\/\/tourtravelandmore.com\/es\/\"},{\"@type\":\"ListItem\",\"position\":2,\"name\":\"Tours\",\"item\":\"https:\/\/tourtravelandmore.com\/es\/tours\/\"},{\"@type\":\"ListItem\",\"position\":3,\"name\":\"Visita privada a pie de Lisboa\"}]},{\"@type\":\"WebSite\",\"@id\":\"https:\/\/tourtravelandmore.com\/es\/#website\",\"url\":\"https:\/\/tourtravelandmore.com\/es\/\",\"name\":\"Tour Travel And More\",\"description\":\"Private sightseeing tours and luxury transfers in Spain\",\"publisher\":{\"@id\":\"https:\/\/tourtravelandmore.com\/es\/#organization\"},\"potentialAction\":[{\"@type\":\"SearchAction\",\"target\":{\"@type\":\"EntryPoint\",\"urlTemplate\":\"https:\/\/tourtravelandmore.com\/es\/?s={search_term_string}\"},\"query-input\":{\"@type\":\"PropertyValueSpecification\",\"valueRequired\":true,\"valueName\":\"search_term_string\"}}],\"inLanguage\":\"es\"},{\"@type\":\"Organization\",\"@id\":\"https:\/\/tourtravelandmore.com\/es\/#organization\",\"name\":\"Tour Travel And More\",\"url\":\"https:\/\/tourtravelandmore.com\/es\/\",\"logo\":{\"@type\":\"ImageObject\",\"inLanguage\":\"es\",\"@id\":\"https:\/\/tourtravelandmore.com\/es\/#\/schema\/logo\/image\/\",\"url\":\"https:\/\/tourtravelandmore.com\/wp-content\/uploads\/2022\/12\/cropped-logo-cabecera-new.png\",\"contentUrl\":\"https:\/\/tourtravelandmore.com\/wp-content\/uploads\/2022\/12\/cropped-logo-cabecera-new.png\",\"width\":430,\"height\":61,\"caption\":\"Tour Travel And More\"},\"image\":{\"@id\":\"https:\/\/tourtravelandmore.com\/es\/#\/schema\/logo\/image\/\"},\"sameAs\":[\"https:\/\/www.facebook.com\/tourtravelandmore\/\",\"https:\/\/x.com\/TourTravel_More\"]}]}<\/script>\n<!-- \/ Yoast SEO Premium plugin. -->","yoast_head_json":{"title":"\u27a1\ufe0f Tour Privado a Pie por Lisboa | Tour Travel and More","description":"Ad\u00e9ntrese en la historia y la cultura de Lisboa en un recorrido privado a pie de 4 horas. Explore distritos emblem\u00e1ticos, cuentos y monumentos con la gu\u00eda de expertos.\u2705","robots":{"index":"index","follow":"follow","max-snippet":"max-snippet:-1","max-image-preview":"max-image-preview:large","max-video-preview":"max-video-preview:-1"},"canonical":"https:\/\/tourtravelandmore.com\/es\/tours\/portugal-es\/lisboa-es\/visita-privada-a-pie-de-lisboa\/","og_locale":"es_ES","og_type":"article","og_title":"Visita privada a pie de Lisboa","og_description":"Ad\u00e9ntrese en la historia y la cultura de Lisboa en un recorrido privado a pie de 4 horas. Explore distritos emblem\u00e1ticos, cuentos y monumentos con la gu\u00eda de expertos.\u2705","og_url":"https:\/\/tourtravelandmore.com\/es\/tours\/portugal-es\/lisboa-es\/visita-privada-a-pie-de-lisboa\/","og_site_name":"Tour Travel And More","article_publisher":"https:\/\/www.facebook.com\/tourtravelandmore\/","article_modified_time":"2023-09-29T12:13:07+00:00","og_image":[{"width":900,"height":750,"url":"https:\/\/tourtravelandmore.com\/wp-content\/uploads\/2023\/09\/image3-2.jpg","type":"image\/jpeg"}],"twitter_card":"summary_large_image","twitter_site":"@TourTravel_More","twitter_misc":{"Tiempo de lectura":"4 minutos"},"schema":{"@context":"https:\/\/schema.org","@graph":[{"@type":"WebPage","@id":"https:\/\/tourtravelandmore.com\/es\/tours\/portugal-es\/lisboa-es\/visita-privada-a-pie-de-lisboa\/","url":"https:\/\/tourtravelandmore.com\/es\/tours\/portugal-es\/lisboa-es\/visita-privada-a-pie-de-lisboa\/","name":"\u27a1\ufe0f Tour Privado a Pie por Lisboa | Tour Travel and More","isPartOf":{"@id":"https:\/\/tourtravelandmore.com\/es\/#website"},"primaryImageOfPage":{"@id":"https:\/\/tourtravelandmore.com\/es\/tours\/portugal-es\/lisboa-es\/visita-privada-a-pie-de-lisboa\/#primaryimage"},"image":{"@id":"https:\/\/tourtravelandmore.com\/es\/tours\/portugal-es\/lisboa-es\/visita-privada-a-pie-de-lisboa\/#primaryimage"},"thumbnailUrl":"https:\/\/tourtravelandmore.com\/wp-content\/uploads\/2023\/09\/image3-2.jpg","datePublished":"2023-09-29T11:59:02+00:00","dateModified":"2023-09-29T12:13:07+00:00","description":"Ad\u00e9ntrese en la historia y la cultura de Lisboa en un recorrido privado a pie de 4 horas. Explore distritos emblem\u00e1ticos, cuentos y monumentos con la gu\u00eda de expertos.\u2705","breadcrumb":{"@id":"https:\/\/tourtravelandmore.com\/es\/tours\/portugal-es\/lisboa-es\/visita-privada-a-pie-de-lisboa\/#breadcrumb"},"inLanguage":"es","potentialAction":[{"@type":"ReadAction","target":["https:\/\/tourtravelandmore.com\/es\/tours\/portugal-es\/lisboa-es\/visita-privada-a-pie-de-lisboa\/"]}]},{"@type":"ImageObject","inLanguage":"es","@id":"https:\/\/tourtravelandmore.com\/es\/tours\/portugal-es\/lisboa-es\/visita-privada-a-pie-de-lisboa\/#primaryimage","url":"https:\/\/tourtravelandmore.com\/wp-content\/uploads\/2023\/09\/image3-2.jpg","contentUrl":"https:\/\/tourtravelandmore.com\/wp-content\/uploads\/2023\/09\/image3-2.jpg","width":900,"height":750},{"@type":"BreadcrumbList","@id":"https:\/\/tourtravelandmore.com\/es\/tours\/portugal-es\/lisboa-es\/visita-privada-a-pie-de-lisboa\/#breadcrumb","itemListElement":[{"@type":"ListItem","position":1,"name":"Home","item":"https:\/\/tourtravelandmore.com\/es\/"},{"@type":"ListItem","position":2,"name":"Tours","item":"https:\/\/tourtravelandmore.com\/es\/tours\/"},{"@type":"ListItem","position":3,"name":"Visita privada a pie de Lisboa"}]},{"@type":"WebSite","@id":"https:\/\/tourtravelandmore.com\/es\/#website","url":"https:\/\/tourtravelandmore.com\/es\/","name":"Tour Travel And More","description":"Private sightseeing tours and luxury transfers in Spain","publisher":{"@id":"https:\/\/tourtravelandmore.com\/es\/#organization"},"potentialAction":[{"@type":"SearchAction","target":{"@type":"EntryPoint","urlTemplate":"https:\/\/tourtravelandmore.com\/es\/?s={search_term_string}"},"query-input":{"@type":"PropertyValueSpecification","valueRequired":true,"valueName":"search_term_string"}}],"inLanguage":"es"},{"@type":"Organization","@id":"https:\/\/tourtravelandmore.com\/es\/#organization","name":"Tour Travel And More","url":"https:\/\/tourtravelandmore.com\/es\/","logo":{"@type":"ImageObject","inLanguage":"es","@id":"https:\/\/tourtravelandmore.com\/es\/#\/schema\/logo\/image\/","url":"https:\/\/tourtravelandmore.com\/wp-content\/uploads\/2022\/12\/cropped-logo-cabecera-new.png","contentUrl":"https:\/\/tourtravelandmore.com\/wp-content\/uploads\/2022\/12\/cropped-logo-cabecera-new.png","width":430,"height":61,"caption":"Tour Travel And More"},"image":{"@id":"https:\/\/tourtravelandmore.com\/es\/#\/schema\/logo\/image\/"},"sameAs":["https:\/\/www.facebook.com\/tourtravelandmore\/","https:\/\/x.com\/TourTravel_More"]}]}},"_links":{"self":[{"href":"https:\/\/tourtravelandmore.com\/es\/wp-json\/wp\/v2\/product\/170193","targetHints":{"allow":["GET"]}}],"collection":[{"href":"https:\/\/tourtravelandmore.com\/es\/wp-json\/wp\/v2\/product"}],"about":[{"href":"https:\/\/tourtravelandmore.com\/es\/wp-json\/wp\/v2\/types\/product"}],"replies":[{"embeddable":true,"href":"https:\/\/tourtravelandmore.com\/es\/wp-json\/wp\/v2\/comments?post=170193"}],"wp:featuredmedia":[{"embeddable":true,"href":"https:\/\/tourtravelandmore.com\/es\/wp-json\/wp\/v2\/media\/170215"}],"wp:attachment":[{"href":"https:\/\/tourtravelandmore.com\/es\/wp-json\/wp\/v2\/media?parent=170193"}],"wp:term":[{"taxonomy":"product_brand","embeddable":true,"href":"https:\/\/tourtravelandmore.com\/es\/wp-json\/wp\/v2\/product_brand?post=170193"},{"taxonomy":"product_cat","embeddable":true,"href":"https:\/\/tourtravelandmore.com\/es\/wp-json\/wp\/v2\/product_cat?post=170193"},{"taxonomy":"product_tag","embeddable":true,"href":"https:\/\/tourtravelandmore.com\/es\/wp-json\/wp\/v2\/product_tag?post=170193"}],"curies":[{"name":"wp","href":"https:\/\/api.w.org\/{rel}","templated":true}]}}