{"id":170040,"date":"2023-09-15T20:41:52","date_gmt":"2023-09-15T18:41:53","guid":{"rendered":"https:\/\/tourtravelandmore.com\/?post_type=product&#038;p=170040"},"modified":"2023-09-15T21:01:21","modified_gmt":"2023-09-15T19:01:21","slug":"tour-privado-a-las-cataratas-de-ourika-desde-marrakech","status":"publish","type":"product","link":"https:\/\/tourtravelandmore.com\/es\/tours\/marruecos-es\/marrakech-es\/tour-privado-a-las-cataratas-de-ourika-desde-marrakech\/","title":{"rendered":"Tour privado a las cataratas de Ourika desde Marrakech"},"content":{"rendered":"<h2>Descripci\u00f3n del Tour privado a las cataratas de Ourika desde Marrakech<\/h2>\n<p>Emb\u00e1rquese en una refrescante excursi\u00f3n de un d\u00eda desde Marrakech a las pintorescas cataratas de Ourika, enclavadas en las monta\u00f1as del Atlas. Esta excursi\u00f3n privada a las cataratas de Ourika desde Marrakech le permitir\u00e1 escapar del ajetreo y el bullicio de la ciudad. Sum\u00e9rjase en la belleza natural y la cultura de Marruecos. Con un conductor experto a su lado durante 12 horas y un gu\u00eda especializado en Ourika durante 4 horas, explorar\u00e1 paisajes impresionantes, visitar\u00e1 pueblos bereberes tradicionales y se relajar\u00e1 junto a las encantadoras cascadas.<\/p>\n<p>Descubra la belleza del valle y las cataratas de Ourika en esta inolvidable excursi\u00f3n de un d\u00eda desde Marrakech. Con un conductor experto y un gu\u00eda local especializado. Sum\u00e9rjase en las maravillas naturales, la cultura y la hospitalidad de Marruecos y cree recuerdos imborrables. Reserve hoy mismo su excursi\u00f3n privada para vivir una experiencia \u00fanica y enriquecedora.<\/p>\n<p>Reserve hoy mismo su tour privado para vivir una experiencia enriquecedora y llena de aventuras. Tour Travel and More le ofrece la mejor manera de disfrutar de su viaje.<\/p>\n<h2>Puntos de inter\u00e9s<\/h2>\n<p>En primer lugar, su d\u00eda comienza cuando su amable conductor de habla inglesa le recoge en su alojamiento de Marrakech. Suba tambi\u00e9n a un c\u00f3modo veh\u00edculo, especialmente equipado para un d\u00eda de aventura, y prep\u00e1rese para un viaje al valle de Ourika.<\/p>\n<p>A continuaci\u00f3n, al llegar a Ourika, conozca a su gu\u00eda local especializado que le llevar\u00e1 a explorar la zona durante 4 horas. Camine tambi\u00e9n hasta las hermosas cataratas de Ourika, recorra pintorescos senderos y sum\u00e9rjase en los impresionantes paisajes. Disfrute de un refrescante chapuz\u00f3n en las fr\u00edas aguas de la monta\u00f1a o rel\u00e1jese junto a las cataratas.<\/p>\n<p>Por \u00faltimo, desp\u00eddase del valle del Ourika y emprenda el viaje de regreso a Marrakech. Su conductor circular\u00e1 con seguridad por las sinuosas carreteras, permiti\u00e9ndole relajarse y reflexionar sobre su d\u00eda en las monta\u00f1as del Atlas.<\/p>\n<p>Su excursi\u00f3n privada concluir\u00e1 a su llegada a Marrakech. Le dejaremos en su alojamiento o en un lugar de su elecci\u00f3n, marcando el final de un d\u00eda memorable y enriquecedor.<\/p>\n<p>Eche un vistazo a nuestros otros tours privados en Marrakech y a otras experiencias que podemos ofrecerle.<\/p>\n","protected":false},"excerpt":{"rendered":"<p>Emb\u00e1rquese en una refrescante excursi\u00f3n de un d\u00eda desde Marrakech a las pintorescas cataratas de Ourika, enclavadas en las monta\u00f1as del Atlas. Esta excursi\u00f3n privada a las cataratas de Ourika desde Marrakech le permitir\u00e1 escapar del ajetreo y el bullicio de la ciudad. Sum\u00e9rjase en la belleza natural y la cultura de Marruecos. Con un conductor experto a su lado durante 12 horas y un gu\u00eda especializado en Ourika durante 4 horas, explorar\u00e1 paisajes impresionantes, visitar\u00e1 pueblos bereberes tradicionales y se relajar\u00e1 junto a las encantadoras cascadas.<\/p>\n","protected":false},"featured_media":170056,"comment_status":"open","ping_status":"closed","template":"","meta":{"_acf_changed":false},"product_brand":[],"product_cat":[1610,1112,1114,1113],"product_tag":[],"class_list":{"0":"post-170040","1":"product","2":"type-product","3":"status-publish","4":"has-post-thumbnail","6":"product_cat-marruecos-es","7":"product_cat-marrakech-es","8":"product_cat-marrakech-actividades-es","9":"product_cat-marrakech-excursiones-es","11":"first","12":"instock","13":"shipping-taxable","14":"purchasable","15":"product-type-simple"},"acf":[],"yoast_head":"<!-- This site is optimized with the Yoast SEO Premium plugin v25.3.1 (Yoast SEO v25.3.1) - https:\/\/yoast.com\/wordpress\/plugins\/seo\/ -->\n<title>Tour privado a las cataratas de Ourika desde Marrakech | TTM<\/title>\n<meta name=\"description\" content=\"Disfruta este Tour privado a las cataratas de Ourika desde Marrakech. Entradas incluidas a los monumentos m\u00e1s emblem\u00e1ticos de la ciudad \u2705\" \/>\n<meta name=\"robots\" content=\"index, follow, max-snippet:-1, max-image-preview:large, max-video-preview:-1\" \/>\n<link rel=\"canonical\" href=\"https:\/\/tourtravelandmore.com\/es\/tours\/marruecos-es\/marrakech-es\/tour-privado-a-las-cataratas-de-ourika-desde-marrakech\/\" \/>\n<meta property=\"og:locale\" content=\"es_ES\" \/>\n<meta property=\"og:type\" content=\"article\" \/>\n<meta property=\"og:title\" content=\"Tour privado a las cataratas de Ourika desde Marrakech\" \/>\n<meta property=\"og:description\" content=\"Disfruta este Tour privado a las cataratas de Ourika desde Marrakech. Entradas incluidas a los monumentos m\u00e1s emblem\u00e1ticos de la ciudad \u2705\" \/>\n<meta property=\"og:url\" content=\"https:\/\/tourtravelandmore.com\/es\/tours\/marruecos-es\/marrakech-es\/tour-privado-a-las-cataratas-de-ourika-desde-marrakech\/\" \/>\n<meta property=\"og:site_name\" content=\"Tour Travel And More\" \/>\n<meta property=\"article:publisher\" content=\"https:\/\/www.facebook.com\/tourtravelandmore\/\" \/>\n<meta property=\"article:modified_time\" content=\"2023-09-15T19:01:21+00:00\" \/>\n<meta property=\"og:image\" content=\"https:\/\/tourtravelandmore.com\/wp-content\/uploads\/2023\/09\/ourika_falls-min.jpg\" \/>\n\t<meta property=\"og:image:width\" content=\"1000\" \/>\n\t<meta property=\"og:image:height\" content=\"600\" \/>\n\t<meta property=\"og:image:type\" content=\"image\/jpeg\" \/>\n<meta name=\"twitter:card\" content=\"summary_large_image\" \/>\n<meta name=\"twitter:site\" content=\"@TourTravel_More\" \/>\n<meta name=\"twitter:label1\" content=\"Tiempo de lectura\" \/>\n\t<meta name=\"twitter:data1\" content=\"2 minutos\" \/>\n<script type=\"application\/ld+json\" class=\"yoast-schema-graph\">{\"@context\":\"https:\/\/schema.org\",\"@graph\":[{\"@type\":\"WebPage\",\"@id\":\"https:\/\/tourtravelandmore.com\/es\/tours\/marruecos-es\/marrakech-es\/tour-privado-a-las-cataratas-de-ourika-desde-marrakech\/\",\"url\":\"https:\/\/tourtravelandmore.com\/es\/tours\/marruecos-es\/marrakech-es\/tour-privado-a-las-cataratas-de-ourika-desde-marrakech\/\",\"name\":\"Tour privado a las cataratas de Ourika desde Marrakech | TTM\",\"isPartOf\":{\"@id\":\"https:\/\/tourtravelandmore.com\/es\/#website\"},\"primaryImageOfPage\":{\"@id\":\"https:\/\/tourtravelandmore.com\/es\/tours\/marruecos-es\/marrakech-es\/tour-privado-a-las-cataratas-de-ourika-desde-marrakech\/#primaryimage\"},\"image\":{\"@id\":\"https:\/\/tourtravelandmore.com\/es\/tours\/marruecos-es\/marrakech-es\/tour-privado-a-las-cataratas-de-ourika-desde-marrakech\/#primaryimage\"},\"thumbnailUrl\":\"https:\/\/tourtravelandmore.com\/wp-content\/uploads\/2023\/09\/ourika_falls-min.jpg\",\"datePublished\":\"2023-09-15T18:41:53+00:00\",\"dateModified\":\"2023-09-15T19:01:21+00:00\",\"description\":\"Disfruta este Tour privado a las cataratas de Ourika desde Marrakech. Entradas incluidas a los monumentos m\u00e1s emblem\u00e1ticos de la ciudad \u2705\",\"breadcrumb\":{\"@id\":\"https:\/\/tourtravelandmore.com\/es\/tours\/marruecos-es\/marrakech-es\/tour-privado-a-las-cataratas-de-ourika-desde-marrakech\/#breadcrumb\"},\"inLanguage\":\"es\",\"potentialAction\":[{\"@type\":\"ReadAction\",\"target\":[\"https:\/\/tourtravelandmore.com\/es\/tours\/marruecos-es\/marrakech-es\/tour-privado-a-las-cataratas-de-ourika-desde-marrakech\/\"]}]},{\"@type\":\"ImageObject\",\"inLanguage\":\"es\",\"@id\":\"https:\/\/tourtravelandmore.com\/es\/tours\/marruecos-es\/marrakech-es\/tour-privado-a-las-cataratas-de-ourika-desde-marrakech\/#primaryimage\",\"url\":\"https:\/\/tourtravelandmore.com\/wp-content\/uploads\/2023\/09\/ourika_falls-min.jpg\",\"contentUrl\":\"https:\/\/tourtravelandmore.com\/wp-content\/uploads\/2023\/09\/ourika_falls-min.jpg\",\"width\":1000,\"height\":600},{\"@type\":\"BreadcrumbList\",\"@id\":\"https:\/\/tourtravelandmore.com\/es\/tours\/marruecos-es\/marrakech-es\/tour-privado-a-las-cataratas-de-ourika-desde-marrakech\/#breadcrumb\",\"itemListElement\":[{\"@type\":\"ListItem\",\"position\":1,\"name\":\"Home\",\"item\":\"https:\/\/tourtravelandmore.com\/es\/\"},{\"@type\":\"ListItem\",\"position\":2,\"name\":\"Tours\",\"item\":\"https:\/\/tourtravelandmore.com\/es\/tours\/\"},{\"@type\":\"ListItem\",\"position\":3,\"name\":\"Tour privado a las cataratas de Ourika desde Marrakech\"}]},{\"@type\":\"WebSite\",\"@id\":\"https:\/\/tourtravelandmore.com\/es\/#website\",\"url\":\"https:\/\/tourtravelandmore.com\/es\/\",\"name\":\"Tour Travel And More\",\"description\":\"Private sightseeing tours and luxury transfers in Spain\",\"publisher\":{\"@id\":\"https:\/\/tourtravelandmore.com\/es\/#organization\"},\"potentialAction\":[{\"@type\":\"SearchAction\",\"target\":{\"@type\":\"EntryPoint\",\"urlTemplate\":\"https:\/\/tourtravelandmore.com\/es\/?s={search_term_string}\"},\"query-input\":{\"@type\":\"PropertyValueSpecification\",\"valueRequired\":true,\"valueName\":\"search_term_string\"}}],\"inLanguage\":\"es\"},{\"@type\":\"Organization\",\"@id\":\"https:\/\/tourtravelandmore.com\/es\/#organization\",\"name\":\"Tour Travel And More\",\"url\":\"https:\/\/tourtravelandmore.com\/es\/\",\"logo\":{\"@type\":\"ImageObject\",\"inLanguage\":\"es\",\"@id\":\"https:\/\/tourtravelandmore.com\/es\/#\/schema\/logo\/image\/\",\"url\":\"https:\/\/tourtravelandmore.com\/wp-content\/uploads\/2022\/12\/cropped-logo-cabecera-new.png\",\"contentUrl\":\"https:\/\/tourtravelandmore.com\/wp-content\/uploads\/2022\/12\/cropped-logo-cabecera-new.png\",\"width\":430,\"height\":61,\"caption\":\"Tour Travel And More\"},\"image\":{\"@id\":\"https:\/\/tourtravelandmore.com\/es\/#\/schema\/logo\/image\/\"},\"sameAs\":[\"https:\/\/www.facebook.com\/tourtravelandmore\/\",\"https:\/\/x.com\/TourTravel_More\"]}]}<\/script>\n<!-- \/ Yoast SEO Premium plugin. -->","yoast_head_json":{"title":"Tour privado a las cataratas de Ourika desde Marrakech | TTM","description":"Disfruta este Tour privado a las cataratas de Ourika desde Marrakech. Entradas incluidas a los monumentos m\u00e1s emblem\u00e1ticos de la ciudad \u2705","robots":{"index":"index","follow":"follow","max-snippet":"max-snippet:-1","max-image-preview":"max-image-preview:large","max-video-preview":"max-video-preview:-1"},"canonical":"https:\/\/tourtravelandmore.com\/es\/tours\/marruecos-es\/marrakech-es\/tour-privado-a-las-cataratas-de-ourika-desde-marrakech\/","og_locale":"es_ES","og_type":"article","og_title":"Tour privado a las cataratas de Ourika desde Marrakech","og_description":"Disfruta este Tour privado a las cataratas de Ourika desde Marrakech. Entradas incluidas a los monumentos m\u00e1s emblem\u00e1ticos de la ciudad \u2705","og_url":"https:\/\/tourtravelandmore.com\/es\/tours\/marruecos-es\/marrakech-es\/tour-privado-a-las-cataratas-de-ourika-desde-marrakech\/","og_site_name":"Tour Travel And More","article_publisher":"https:\/\/www.facebook.com\/tourtravelandmore\/","article_modified_time":"2023-09-15T19:01:21+00:00","og_image":[{"width":1000,"height":600,"url":"https:\/\/tourtravelandmore.com\/wp-content\/uploads\/2023\/09\/ourika_falls-min.jpg","type":"image\/jpeg"}],"twitter_card":"summary_large_image","twitter_site":"@TourTravel_More","twitter_misc":{"Tiempo de lectura":"2 minutos"},"schema":{"@context":"https:\/\/schema.org","@graph":[{"@type":"WebPage","@id":"https:\/\/tourtravelandmore.com\/es\/tours\/marruecos-es\/marrakech-es\/tour-privado-a-las-cataratas-de-ourika-desde-marrakech\/","url":"https:\/\/tourtravelandmore.com\/es\/tours\/marruecos-es\/marrakech-es\/tour-privado-a-las-cataratas-de-ourika-desde-marrakech\/","name":"Tour privado a las cataratas de Ourika desde Marrakech | TTM","isPartOf":{"@id":"https:\/\/tourtravelandmore.com\/es\/#website"},"primaryImageOfPage":{"@id":"https:\/\/tourtravelandmore.com\/es\/tours\/marruecos-es\/marrakech-es\/tour-privado-a-las-cataratas-de-ourika-desde-marrakech\/#primaryimage"},"image":{"@id":"https:\/\/tourtravelandmore.com\/es\/tours\/marruecos-es\/marrakech-es\/tour-privado-a-las-cataratas-de-ourika-desde-marrakech\/#primaryimage"},"thumbnailUrl":"https:\/\/tourtravelandmore.com\/wp-content\/uploads\/2023\/09\/ourika_falls-min.jpg","datePublished":"2023-09-15T18:41:53+00:00","dateModified":"2023-09-15T19:01:21+00:00","description":"Disfruta este Tour privado a las cataratas de Ourika desde Marrakech. Entradas incluidas a los monumentos m\u00e1s emblem\u00e1ticos de la ciudad \u2705","breadcrumb":{"@id":"https:\/\/tourtravelandmore.com\/es\/tours\/marruecos-es\/marrakech-es\/tour-privado-a-las-cataratas-de-ourika-desde-marrakech\/#breadcrumb"},"inLanguage":"es","potentialAction":[{"@type":"ReadAction","target":["https:\/\/tourtravelandmore.com\/es\/tours\/marruecos-es\/marrakech-es\/tour-privado-a-las-cataratas-de-ourika-desde-marrakech\/"]}]},{"@type":"ImageObject","inLanguage":"es","@id":"https:\/\/tourtravelandmore.com\/es\/tours\/marruecos-es\/marrakech-es\/tour-privado-a-las-cataratas-de-ourika-desde-marrakech\/#primaryimage","url":"https:\/\/tourtravelandmore.com\/wp-content\/uploads\/2023\/09\/ourika_falls-min.jpg","contentUrl":"https:\/\/tourtravelandmore.com\/wp-content\/uploads\/2023\/09\/ourika_falls-min.jpg","width":1000,"height":600},{"@type":"BreadcrumbList","@id":"https:\/\/tourtravelandmore.com\/es\/tours\/marruecos-es\/marrakech-es\/tour-privado-a-las-cataratas-de-ourika-desde-marrakech\/#breadcrumb","itemListElement":[{"@type":"ListItem","position":1,"name":"Home","item":"https:\/\/tourtravelandmore.com\/es\/"},{"@type":"ListItem","position":2,"name":"Tours","item":"https:\/\/tourtravelandmore.com\/es\/tours\/"},{"@type":"ListItem","position":3,"name":"Tour privado a las cataratas de Ourika desde Marrakech"}]},{"@type":"WebSite","@id":"https:\/\/tourtravelandmore.com\/es\/#website","url":"https:\/\/tourtravelandmore.com\/es\/","name":"Tour Travel And More","description":"Private sightseeing tours and luxury transfers in Spain","publisher":{"@id":"https:\/\/tourtravelandmore.com\/es\/#organization"},"potentialAction":[{"@type":"SearchAction","target":{"@type":"EntryPoint","urlTemplate":"https:\/\/tourtravelandmore.com\/es\/?s={search_term_string}"},"query-input":{"@type":"PropertyValueSpecification","valueRequired":true,"valueName":"search_term_string"}}],"inLanguage":"es"},{"@type":"Organization","@id":"https:\/\/tourtravelandmore.com\/es\/#organization","name":"Tour Travel And More","url":"https:\/\/tourtravelandmore.com\/es\/","logo":{"@type":"ImageObject","inLanguage":"es","@id":"https:\/\/tourtravelandmore.com\/es\/#\/schema\/logo\/image\/","url":"https:\/\/tourtravelandmore.com\/wp-content\/uploads\/2022\/12\/cropped-logo-cabecera-new.png","contentUrl":"https:\/\/tourtravelandmore.com\/wp-content\/uploads\/2022\/12\/cropped-logo-cabecera-new.png","width":430,"height":61,"caption":"Tour Travel And More"},"image":{"@id":"https:\/\/tourtravelandmore.com\/es\/#\/schema\/logo\/image\/"},"sameAs":["https:\/\/www.facebook.com\/tourtravelandmore\/","https:\/\/x.com\/TourTravel_More"]}]}},"_links":{"self":[{"href":"https:\/\/tourtravelandmore.com\/es\/wp-json\/wp\/v2\/product\/170040","targetHints":{"allow":["GET"]}}],"collection":[{"href":"https:\/\/tourtravelandmore.com\/es\/wp-json\/wp\/v2\/product"}],"about":[{"href":"https:\/\/tourtravelandmore.com\/es\/wp-json\/wp\/v2\/types\/product"}],"replies":[{"embeddable":true,"href":"https:\/\/tourtravelandmore.com\/es\/wp-json\/wp\/v2\/comments?post=170040"}],"wp:featuredmedia":[{"embeddable":true,"href":"https:\/\/tourtravelandmore.com\/es\/wp-json\/wp\/v2\/media\/170056"}],"wp:attachment":[{"href":"https:\/\/tourtravelandmore.com\/es\/wp-json\/wp\/v2\/media?parent=170040"}],"wp:term":[{"taxonomy":"product_brand","embeddable":true,"href":"https:\/\/tourtravelandmore.com\/es\/wp-json\/wp\/v2\/product_brand?post=170040"},{"taxonomy":"product_cat","embeddable":true,"href":"https:\/\/tourtravelandmore.com\/es\/wp-json\/wp\/v2\/product_cat?post=170040"},{"taxonomy":"product_tag","embeddable":true,"href":"https:\/\/tourtravelandmore.com\/es\/wp-json\/wp\/v2\/product_tag?post=170040"}],"curies":[{"name":"wp","href":"https:\/\/api.w.org\/{rel}","templated":true}]}}