{"id":169998,"date":"2023-09-15T19:21:11","date_gmt":"2023-09-15T17:21:18","guid":{"rendered":"https:\/\/tourtravelandmore.com\/?post_type=product&#038;p=169998"},"modified":"2023-09-15T20:41:06","modified_gmt":"2023-09-15T18:41:06","slug":"tour-privado-a-ouarzazate-y-ait-benhaddou-desde-marrakech-descripcion","status":"publish","type":"product","link":"https:\/\/tourtravelandmore.com\/es\/tours\/marruecos-es\/marrakech-es\/tour-privado-a-ouarzazate-y-ait-benhaddou-desde-marrakech-descripcion\/","title":{"rendered":"Tour Privado a Ouarzazate y Ait Benhaddou desde Marrakech Descripci\u00f3n"},"content":{"rendered":"<h2>Descripci\u00f3n del Tour Privado a Ouarzazate y Ait Benhaddou desde Marrakech<\/h2>\n<p>Emb\u00e1rquese en una emocionante excursi\u00f3n privada de un d\u00eda completo a Ouarzazate y Ait Benhaddou desde Marrakech. Descubra los impresionantes paisajes y la rica historia de Marruecos. Acompa\u00f1ado por un conductor de habla inglesa y un gu\u00eda local en Ait Benhaddou, este viaje de 11 horas le llevar\u00e1 a trav\u00e9s de pintorescos paisajes y le permitir\u00e1 explorar dos destinos emblem\u00e1ticos.<\/p>\n<p>Descubra en primer lugar la magia de Ouarzazate y Ait Benhaddou en esta inolvidable excursi\u00f3n de un d\u00eda desde Marrakech. Sum\u00e9rjase en la historia, la cultura y los impresionantes paisajes de Marruecos, y cree recuerdos que durar\u00e1n toda la vida.<\/p>\n<p>Reserve hoy mismo su excursi\u00f3n privada para vivir una experiencia enriquecedora y llena de aventuras. \u00a1Tour Travel and More le ofrece la mejor manera de disfrutar de su viaje!<\/p>\n<h2>Puntos de inter\u00e9s<\/h2>\n<p>En primer lugar, comience el d\u00eda temprano mientras su amable conductor de habla inglesa le recoge en su alojamiento de Marrakech. Inst\u00e1lese en un c\u00f3modo veh\u00edculo, preparado para un d\u00eda de viaje, y prep\u00e1rese para una jornada de exploraci\u00f3n.<\/p>\n<p>A continuaci\u00f3n, al llegar a Ouarzazate, conocida como el &#8220;Hollywood de Marruecos&#8221;, tendr\u00e1 la oportunidad de explorar esta encantadora ciudad a su propio ritmo. A continuaci\u00f3n, visite los Estudios Cinematogr\u00e1ficos Atlas, famosos por el rodaje de numerosas pel\u00edculas y series de televisi\u00f3n, entre ellas Juego de Tronos. Descubra la Kasbah de Taourirt, declarada Patrimonio de la Humanidad por la UNESCO, y conozca la historia de la regi\u00f3n.<\/p>\n<p>Despu\u00e9s del almuerzo, su ch\u00f3fer le llevar\u00e1 en un pintoresco viaje hasta el antiguo pueblo de Ait Benhaddou, un ksar (pueblo fortificado) muy bien conservado y otro lugar declarado Patrimonio de la Humanidad por la UNESCO. Por el camino, ser\u00e1 testigo de los cambiantes paisajes del desierto, que ofrecen excelentes oportunidades para tomar fotograf\u00edas.<\/p>\n<p>Por \u00faltimo, al llegar a Ait Benhaddou, un gu\u00eda local experto le conducir\u00e1 por las estrechas y sinuosas calles de este pueblo hist\u00f3rico. Conozca su fascinante historia y arquitectura, y sum\u00e9rjase en la atm\u00f3sfera de este antiguo oasis del desierto.<\/p>\n<p>Su excursi\u00f3n privada concluir\u00e1 a su regreso a Marrakech. Su ch\u00f3fer le dejar\u00e1 en su alojamiento o en el lugar que elija para poner fin a un d\u00eda memorable.<\/p>\n<p>Eche un vistazo a nuestros otros tours privados en Marrakech y a las dem\u00e1s experiencias que podemos ofrecerle.<\/p>\n","protected":false},"excerpt":{"rendered":"<p>Emb\u00e1rquese en una emocionante excursi\u00f3n privada de un d\u00eda completo a Ouarzazate y Ait Benhaddou desde Marrakech. Descubra los impresionantes paisajes y la rica historia de Marruecos. Acompa\u00f1ado por un conductor de habla inglesa y un gu\u00eda local en Ait Benhaddou, este viaje de 11 horas le llevar\u00e1 a trav\u00e9s de pintorescos paisajes y le permitir\u00e1 explorar dos destinos emblem\u00e1ticos.<\/p>\n","protected":false},"featured_media":170014,"comment_status":"open","ping_status":"closed","template":"","meta":{"_acf_changed":false},"product_brand":[],"product_cat":[1610,1112,1114,1113],"product_tag":[],"class_list":{"0":"post-169998","1":"product","2":"type-product","3":"status-publish","4":"has-post-thumbnail","6":"product_cat-marruecos-es","7":"product_cat-marrakech-es","8":"product_cat-marrakech-actividades-es","9":"product_cat-marrakech-excursiones-es","11":"first","12":"instock","13":"shipping-taxable","14":"purchasable","15":"product-type-simple"},"acf":[],"yoast_head":"<!-- This site is optimized with the Yoast SEO Premium plugin v25.3.1 (Yoast SEO v25.3.1) - https:\/\/yoast.com\/wordpress\/plugins\/seo\/ -->\n<title>Tour Privado a Ouarzazate y Ait Benhaddou desde Marrakech | TTM<\/title>\n<meta name=\"description\" content=\"Disfruta este Tour Privado a Ouarzazate y Ait Benhaddou desde Marrakech. Entradas incluidas a los monumentos m\u00e1s emblem\u00e1ticos de la ciudad \u2705\" \/>\n<meta name=\"robots\" content=\"index, follow, max-snippet:-1, max-image-preview:large, max-video-preview:-1\" \/>\n<link rel=\"canonical\" href=\"https:\/\/tourtravelandmore.com\/es\/tours\/marruecos-es\/marrakech-es\/tour-privado-a-ouarzazate-y-ait-benhaddou-desde-marrakech-descripcion\/\" \/>\n<meta property=\"og:locale\" content=\"es_ES\" \/>\n<meta property=\"og:type\" content=\"article\" \/>\n<meta property=\"og:title\" content=\"Tour Privado a Ouarzazate y Ait Benhaddou desde Marrakech Descripci\u00f3n\" \/>\n<meta property=\"og:description\" content=\"Disfruta este Tour Privado a Ouarzazate y Ait Benhaddou desde Marrakech. Entradas incluidas a los monumentos m\u00e1s emblem\u00e1ticos de la ciudad \u2705\" \/>\n<meta property=\"og:url\" content=\"https:\/\/tourtravelandmore.com\/es\/tours\/marruecos-es\/marrakech-es\/tour-privado-a-ouarzazate-y-ait-benhaddou-desde-marrakech-descripcion\/\" \/>\n<meta property=\"og:site_name\" content=\"Tour Travel And More\" \/>\n<meta property=\"article:publisher\" content=\"https:\/\/www.facebook.com\/tourtravelandmore\/\" \/>\n<meta property=\"article:modified_time\" content=\"2023-09-15T18:41:06+00:00\" \/>\n<meta property=\"og:image\" content=\"https:\/\/tourtravelandmore.com\/wp-content\/uploads\/2023\/09\/active-treks-morocco-Ourika-Waterfalls-Day-Trip-02.jpg\" \/>\n\t<meta property=\"og:image:width\" content=\"1280\" \/>\n\t<meta property=\"og:image:height\" content=\"835\" \/>\n\t<meta property=\"og:image:type\" content=\"image\/jpeg\" \/>\n<meta name=\"twitter:card\" content=\"summary_large_image\" \/>\n<meta name=\"twitter:site\" content=\"@TourTravel_More\" \/>\n<meta name=\"twitter:label1\" content=\"Tiempo de lectura\" \/>\n\t<meta name=\"twitter:data1\" content=\"2 minutos\" \/>\n<script type=\"application\/ld+json\" class=\"yoast-schema-graph\">{\"@context\":\"https:\/\/schema.org\",\"@graph\":[{\"@type\":\"WebPage\",\"@id\":\"https:\/\/tourtravelandmore.com\/es\/tours\/marruecos-es\/marrakech-es\/tour-privado-a-ouarzazate-y-ait-benhaddou-desde-marrakech-descripcion\/\",\"url\":\"https:\/\/tourtravelandmore.com\/es\/tours\/marruecos-es\/marrakech-es\/tour-privado-a-ouarzazate-y-ait-benhaddou-desde-marrakech-descripcion\/\",\"name\":\"Tour Privado a Ouarzazate y Ait Benhaddou desde Marrakech | TTM\",\"isPartOf\":{\"@id\":\"https:\/\/tourtravelandmore.com\/es\/#website\"},\"primaryImageOfPage\":{\"@id\":\"https:\/\/tourtravelandmore.com\/es\/tours\/marruecos-es\/marrakech-es\/tour-privado-a-ouarzazate-y-ait-benhaddou-desde-marrakech-descripcion\/#primaryimage\"},\"image\":{\"@id\":\"https:\/\/tourtravelandmore.com\/es\/tours\/marruecos-es\/marrakech-es\/tour-privado-a-ouarzazate-y-ait-benhaddou-desde-marrakech-descripcion\/#primaryimage\"},\"thumbnailUrl\":\"https:\/\/tourtravelandmore.com\/wp-content\/uploads\/2023\/09\/active-treks-morocco-Ourika-Waterfalls-Day-Trip-02.jpg\",\"datePublished\":\"2023-09-15T17:21:18+00:00\",\"dateModified\":\"2023-09-15T18:41:06+00:00\",\"description\":\"Disfruta este Tour Privado a Ouarzazate y Ait Benhaddou desde Marrakech. Entradas incluidas a los monumentos m\u00e1s emblem\u00e1ticos de la ciudad \u2705\",\"breadcrumb\":{\"@id\":\"https:\/\/tourtravelandmore.com\/es\/tours\/marruecos-es\/marrakech-es\/tour-privado-a-ouarzazate-y-ait-benhaddou-desde-marrakech-descripcion\/#breadcrumb\"},\"inLanguage\":\"es\",\"potentialAction\":[{\"@type\":\"ReadAction\",\"target\":[\"https:\/\/tourtravelandmore.com\/es\/tours\/marruecos-es\/marrakech-es\/tour-privado-a-ouarzazate-y-ait-benhaddou-desde-marrakech-descripcion\/\"]}]},{\"@type\":\"ImageObject\",\"inLanguage\":\"es\",\"@id\":\"https:\/\/tourtravelandmore.com\/es\/tours\/marruecos-es\/marrakech-es\/tour-privado-a-ouarzazate-y-ait-benhaddou-desde-marrakech-descripcion\/#primaryimage\",\"url\":\"https:\/\/tourtravelandmore.com\/wp-content\/uploads\/2023\/09\/active-treks-morocco-Ourika-Waterfalls-Day-Trip-02.jpg\",\"contentUrl\":\"https:\/\/tourtravelandmore.com\/wp-content\/uploads\/2023\/09\/active-treks-morocco-Ourika-Waterfalls-Day-Trip-02.jpg\",\"width\":1280,\"height\":835},{\"@type\":\"BreadcrumbList\",\"@id\":\"https:\/\/tourtravelandmore.com\/es\/tours\/marruecos-es\/marrakech-es\/tour-privado-a-ouarzazate-y-ait-benhaddou-desde-marrakech-descripcion\/#breadcrumb\",\"itemListElement\":[{\"@type\":\"ListItem\",\"position\":1,\"name\":\"Home\",\"item\":\"https:\/\/tourtravelandmore.com\/es\/\"},{\"@type\":\"ListItem\",\"position\":2,\"name\":\"Tours\",\"item\":\"https:\/\/tourtravelandmore.com\/es\/tours\/\"},{\"@type\":\"ListItem\",\"position\":3,\"name\":\"Tour Privado a Ouarzazate y Ait Benhaddou desde Marrakech Descripci\u00f3n\"}]},{\"@type\":\"WebSite\",\"@id\":\"https:\/\/tourtravelandmore.com\/es\/#website\",\"url\":\"https:\/\/tourtravelandmore.com\/es\/\",\"name\":\"Tour Travel And More\",\"description\":\"Private sightseeing tours and luxury transfers in Spain\",\"publisher\":{\"@id\":\"https:\/\/tourtravelandmore.com\/es\/#organization\"},\"potentialAction\":[{\"@type\":\"SearchAction\",\"target\":{\"@type\":\"EntryPoint\",\"urlTemplate\":\"https:\/\/tourtravelandmore.com\/es\/?s={search_term_string}\"},\"query-input\":{\"@type\":\"PropertyValueSpecification\",\"valueRequired\":true,\"valueName\":\"search_term_string\"}}],\"inLanguage\":\"es\"},{\"@type\":\"Organization\",\"@id\":\"https:\/\/tourtravelandmore.com\/es\/#organization\",\"name\":\"Tour Travel And More\",\"url\":\"https:\/\/tourtravelandmore.com\/es\/\",\"logo\":{\"@type\":\"ImageObject\",\"inLanguage\":\"es\",\"@id\":\"https:\/\/tourtravelandmore.com\/es\/#\/schema\/logo\/image\/\",\"url\":\"https:\/\/tourtravelandmore.com\/wp-content\/uploads\/2022\/12\/cropped-logo-cabecera-new.png\",\"contentUrl\":\"https:\/\/tourtravelandmore.com\/wp-content\/uploads\/2022\/12\/cropped-logo-cabecera-new.png\",\"width\":430,\"height\":61,\"caption\":\"Tour Travel And More\"},\"image\":{\"@id\":\"https:\/\/tourtravelandmore.com\/es\/#\/schema\/logo\/image\/\"},\"sameAs\":[\"https:\/\/www.facebook.com\/tourtravelandmore\/\",\"https:\/\/x.com\/TourTravel_More\"]}]}<\/script>\n<!-- \/ Yoast SEO Premium plugin. -->","yoast_head_json":{"title":"Tour Privado a Ouarzazate y Ait Benhaddou desde Marrakech | TTM","description":"Disfruta este Tour Privado a Ouarzazate y Ait Benhaddou desde Marrakech. Entradas incluidas a los monumentos m\u00e1s emblem\u00e1ticos de la ciudad \u2705","robots":{"index":"index","follow":"follow","max-snippet":"max-snippet:-1","max-image-preview":"max-image-preview:large","max-video-preview":"max-video-preview:-1"},"canonical":"https:\/\/tourtravelandmore.com\/es\/tours\/marruecos-es\/marrakech-es\/tour-privado-a-ouarzazate-y-ait-benhaddou-desde-marrakech-descripcion\/","og_locale":"es_ES","og_type":"article","og_title":"Tour Privado a Ouarzazate y Ait Benhaddou desde Marrakech Descripci\u00f3n","og_description":"Disfruta este Tour Privado a Ouarzazate y Ait Benhaddou desde Marrakech. Entradas incluidas a los monumentos m\u00e1s emblem\u00e1ticos de la ciudad \u2705","og_url":"https:\/\/tourtravelandmore.com\/es\/tours\/marruecos-es\/marrakech-es\/tour-privado-a-ouarzazate-y-ait-benhaddou-desde-marrakech-descripcion\/","og_site_name":"Tour Travel And More","article_publisher":"https:\/\/www.facebook.com\/tourtravelandmore\/","article_modified_time":"2023-09-15T18:41:06+00:00","og_image":[{"width":1280,"height":835,"url":"https:\/\/tourtravelandmore.com\/wp-content\/uploads\/2023\/09\/active-treks-morocco-Ourika-Waterfalls-Day-Trip-02.jpg","type":"image\/jpeg"}],"twitter_card":"summary_large_image","twitter_site":"@TourTravel_More","twitter_misc":{"Tiempo de lectura":"2 minutos"},"schema":{"@context":"https:\/\/schema.org","@graph":[{"@type":"WebPage","@id":"https:\/\/tourtravelandmore.com\/es\/tours\/marruecos-es\/marrakech-es\/tour-privado-a-ouarzazate-y-ait-benhaddou-desde-marrakech-descripcion\/","url":"https:\/\/tourtravelandmore.com\/es\/tours\/marruecos-es\/marrakech-es\/tour-privado-a-ouarzazate-y-ait-benhaddou-desde-marrakech-descripcion\/","name":"Tour Privado a Ouarzazate y Ait Benhaddou desde Marrakech | TTM","isPartOf":{"@id":"https:\/\/tourtravelandmore.com\/es\/#website"},"primaryImageOfPage":{"@id":"https:\/\/tourtravelandmore.com\/es\/tours\/marruecos-es\/marrakech-es\/tour-privado-a-ouarzazate-y-ait-benhaddou-desde-marrakech-descripcion\/#primaryimage"},"image":{"@id":"https:\/\/tourtravelandmore.com\/es\/tours\/marruecos-es\/marrakech-es\/tour-privado-a-ouarzazate-y-ait-benhaddou-desde-marrakech-descripcion\/#primaryimage"},"thumbnailUrl":"https:\/\/tourtravelandmore.com\/wp-content\/uploads\/2023\/09\/active-treks-morocco-Ourika-Waterfalls-Day-Trip-02.jpg","datePublished":"2023-09-15T17:21:18+00:00","dateModified":"2023-09-15T18:41:06+00:00","description":"Disfruta este Tour Privado a Ouarzazate y Ait Benhaddou desde Marrakech. Entradas incluidas a los monumentos m\u00e1s emblem\u00e1ticos de la ciudad \u2705","breadcrumb":{"@id":"https:\/\/tourtravelandmore.com\/es\/tours\/marruecos-es\/marrakech-es\/tour-privado-a-ouarzazate-y-ait-benhaddou-desde-marrakech-descripcion\/#breadcrumb"},"inLanguage":"es","potentialAction":[{"@type":"ReadAction","target":["https:\/\/tourtravelandmore.com\/es\/tours\/marruecos-es\/marrakech-es\/tour-privado-a-ouarzazate-y-ait-benhaddou-desde-marrakech-descripcion\/"]}]},{"@type":"ImageObject","inLanguage":"es","@id":"https:\/\/tourtravelandmore.com\/es\/tours\/marruecos-es\/marrakech-es\/tour-privado-a-ouarzazate-y-ait-benhaddou-desde-marrakech-descripcion\/#primaryimage","url":"https:\/\/tourtravelandmore.com\/wp-content\/uploads\/2023\/09\/active-treks-morocco-Ourika-Waterfalls-Day-Trip-02.jpg","contentUrl":"https:\/\/tourtravelandmore.com\/wp-content\/uploads\/2023\/09\/active-treks-morocco-Ourika-Waterfalls-Day-Trip-02.jpg","width":1280,"height":835},{"@type":"BreadcrumbList","@id":"https:\/\/tourtravelandmore.com\/es\/tours\/marruecos-es\/marrakech-es\/tour-privado-a-ouarzazate-y-ait-benhaddou-desde-marrakech-descripcion\/#breadcrumb","itemListElement":[{"@type":"ListItem","position":1,"name":"Home","item":"https:\/\/tourtravelandmore.com\/es\/"},{"@type":"ListItem","position":2,"name":"Tours","item":"https:\/\/tourtravelandmore.com\/es\/tours\/"},{"@type":"ListItem","position":3,"name":"Tour Privado a Ouarzazate y Ait Benhaddou desde Marrakech Descripci\u00f3n"}]},{"@type":"WebSite","@id":"https:\/\/tourtravelandmore.com\/es\/#website","url":"https:\/\/tourtravelandmore.com\/es\/","name":"Tour Travel And More","description":"Private sightseeing tours and luxury transfers in Spain","publisher":{"@id":"https:\/\/tourtravelandmore.com\/es\/#organization"},"potentialAction":[{"@type":"SearchAction","target":{"@type":"EntryPoint","urlTemplate":"https:\/\/tourtravelandmore.com\/es\/?s={search_term_string}"},"query-input":{"@type":"PropertyValueSpecification","valueRequired":true,"valueName":"search_term_string"}}],"inLanguage":"es"},{"@type":"Organization","@id":"https:\/\/tourtravelandmore.com\/es\/#organization","name":"Tour Travel And More","url":"https:\/\/tourtravelandmore.com\/es\/","logo":{"@type":"ImageObject","inLanguage":"es","@id":"https:\/\/tourtravelandmore.com\/es\/#\/schema\/logo\/image\/","url":"https:\/\/tourtravelandmore.com\/wp-content\/uploads\/2022\/12\/cropped-logo-cabecera-new.png","contentUrl":"https:\/\/tourtravelandmore.com\/wp-content\/uploads\/2022\/12\/cropped-logo-cabecera-new.png","width":430,"height":61,"caption":"Tour Travel And More"},"image":{"@id":"https:\/\/tourtravelandmore.com\/es\/#\/schema\/logo\/image\/"},"sameAs":["https:\/\/www.facebook.com\/tourtravelandmore\/","https:\/\/x.com\/TourTravel_More"]}]}},"_links":{"self":[{"href":"https:\/\/tourtravelandmore.com\/es\/wp-json\/wp\/v2\/product\/169998","targetHints":{"allow":["GET"]}}],"collection":[{"href":"https:\/\/tourtravelandmore.com\/es\/wp-json\/wp\/v2\/product"}],"about":[{"href":"https:\/\/tourtravelandmore.com\/es\/wp-json\/wp\/v2\/types\/product"}],"replies":[{"embeddable":true,"href":"https:\/\/tourtravelandmore.com\/es\/wp-json\/wp\/v2\/comments?post=169998"}],"wp:featuredmedia":[{"embeddable":true,"href":"https:\/\/tourtravelandmore.com\/es\/wp-json\/wp\/v2\/media\/170014"}],"wp:attachment":[{"href":"https:\/\/tourtravelandmore.com\/es\/wp-json\/wp\/v2\/media?parent=169998"}],"wp:term":[{"taxonomy":"product_brand","embeddable":true,"href":"https:\/\/tourtravelandmore.com\/es\/wp-json\/wp\/v2\/product_brand?post=169998"},{"taxonomy":"product_cat","embeddable":true,"href":"https:\/\/tourtravelandmore.com\/es\/wp-json\/wp\/v2\/product_cat?post=169998"},{"taxonomy":"product_tag","embeddable":true,"href":"https:\/\/tourtravelandmore.com\/es\/wp-json\/wp\/v2\/product_tag?post=169998"}],"curies":[{"name":"wp","href":"https:\/\/api.w.org\/{rel}","templated":true}]}}