{"id":169903,"date":"2023-09-07T17:46:44","date_gmt":"2023-09-07T15:46:52","guid":{"rendered":"https:\/\/tourtravelandmore.com\/?post_type=product&#038;p=169903"},"modified":"2023-09-07T18:11:38","modified_gmt":"2023-09-07T16:11:38","slug":"tour-privado-a-verona-desde-venecia-en-tren","status":"publish","type":"product","link":"https:\/\/tourtravelandmore.com\/es\/tours\/italia-es\/venecia-es\/tour-privado-a-verona-desde-venecia-en-tren\/","title":{"rendered":"Tour privado a Verona desde Venecia en tren"},"content":{"rendered":"<h2><strong>Descripci\u00f3n\u00a0<\/strong><\/h2>\n<p>Bienvenido al <strong>tour privado<\/strong> de <strong>Tour Travel<\/strong> &amp; <strong>More<\/strong> a <strong>Verona<\/strong> desde <strong>Venecia<\/strong> en tren. Este tour es una oportunidad para que usted pueda experimentar la hermosa ciudad de Verona y su rica historia, arte y cultura con un gu\u00eda privado en la comodidad de un tren.<\/p>\n<p>En primer lugar, su viaje comienza en la estaci\u00f3n de tren de <strong>Venecia,<\/strong> donde subir\u00e1 al tren para un viaje panor\u00e1mico a <strong>Verona.<\/strong> El viaje dura unas dos horas, durante las cuales podr\u00e1 sentarse, relajarse y disfrutar de las pintorescas vistas. A su llegada a la estaci\u00f3n de <strong>Verona,<\/strong> su gu\u00eda privado le estar\u00e1 esperando para comenzar la excursi\u00f3n.<\/p>\n<p>El punto de encuentro para este tour es <strong>Piazzale Roma.<\/strong> Su gu\u00eda le dar\u00e1 la bienvenida y le llevar\u00e1 a dar un paseo por la ciudad. La visita durar\u00e1 aproximadamente cuatro horas. Su gu\u00eda le llevar\u00e1 a las principales atracciones de <strong>Verona<\/strong> y compartir\u00e1 con usted sus conocimientos sobre la historia, la cultura y el arte de la ciudad.<\/p>\n<p>Esta excursi\u00f3n <strong>privada<\/strong> a <strong>Verona<\/strong> desde <strong>Venecia<\/strong> en tren incluye billetes de tren de ida y vuelta, una visita guiada a pie de <strong>2,5<\/strong> horas por <strong>Verona<\/strong> , un gu\u00eda de habla inglesa y visitas a algunos de los lugares m\u00e1s emblem\u00e1ticos de la ciudad, como el Duomo, la Galer\u00eda Uffizi, la Piazza della Signoria, el Ponte Vecchio y la Piazzale Michelangelo. Esta es una oportunidad \u00fanica de experimentar la belleza y la historia de Verona en compa\u00f1\u00eda de un gu\u00eda experto. \u00a1Reserve ahora y cree recuerdos inolvidables!<\/p>\n<h2>Tour privado a Verona desde Venecia en tren | Puntos de Inter\u00e9s<\/h2>\n<p>Nuestra aventura comienza en la cautivadora ciudad de Verona. Conocida por su rica historia y su encanto intemporal, <strong>Verona<\/strong> es un lugar donde cada calle adoquinada susurra una historia. Desde la emblem\u00e1tica <strong>Casa<\/strong> de <strong>Julieta<\/strong> hasta la grandeza de la <strong>Arena<\/strong> de <strong>Verona.<\/strong> Esta ciudad ofrece una mezcla de maravillas arquitect\u00f3nicas y cuentos rom\u00e1nticos. Ya sea paseando junto al <strong>r\u00edo Adigio,<\/strong> saboreando la cocina local en una trattoria o explorando las antiguas ruinas romanas de la ciudad, Verona promete una experiencia envolvente sin igual.<\/p>\n<p><strong>Casa de Julieta:<\/strong> Un destino de visita obligada en <strong>Verona<\/strong> es la <strong>Casa<\/strong> de <strong>Julieta,<\/strong> el legendario hogar de la <strong>Julieta<\/strong> de <strong>Shakespeare.<\/strong> El emblem\u00e1tico balc\u00f3n es un s\u00edmbolo del amor eterno y un lugar popular para las fotos rom\u00e1nticas. Explore el museo de la casa para aprender m\u00e1s sobre la tr\u00e1gica historia de amor y la historia de este encantador lugar.<\/p>\n<p><strong>Plaza delle Erbe:<\/strong> La <strong>Piazza delle Erbe<\/strong> es el coraz\u00f3n del centro hist\u00f3rico de Verona. Es una bulliciosa plaza rodeada de coloridos edificios, caf\u00e9s y puestos de mercado. Es un lugar ideal para empaparse del ambiente local, disfrutar de un helado y admirar los hermosos frescos del Palacio Maffei.<\/p>\n<p><strong>Castelvecchio: Castelvecchio,<\/strong> un castillo medieval, es una joya hist\u00f3rica de <strong>Verona.<\/strong> El castillo es el hogar de un museo que alberga una notable colecci\u00f3n de arte, incluyendo esculturas, pinturas y artefactos de diferentes \u00e9pocas. Explore su impresionante arquitectura y las vistas panor\u00e1micas desde sus torres.<\/p>\n<p>No pierda la oportunidad de descubrir la rica historia, cultura y encanto de Verona en su visita privada. En <strong>Tour Travel<\/strong> and <strong>More,<\/strong> nos enorgullecemos de ofrecer experiencias excepcionales y personalizadas adaptadas a sus intereses. Su tour en <strong>Verona<\/strong> ser\u00e1 una exploraci\u00f3n \u00fanica y envolvente de esta cautivadora ciudad italiana. Reserve hoy mismo su inolvidable experiencia con nosotros.<\/p>\n<p><strong>Otra opci\u00f3n de un tour de d\u00eda completo desde Venecia es <a href=\"https:\/\/tourtravelandmore.com\/es\/tours\/italia-es\/venecia-es\/tour-privado-de-venecia-a-verona-y-lago-de-garda-sirmione\/\">nuestro tour privado a Verona<\/a>, \u00a1\u00e9chale un vistazo!.<\/strong><\/p>\n","protected":false},"excerpt":{"rendered":"<p>Bienvenido al <strong>tour privado<\/strong> de <strong>Tour Travel<\/strong> &amp; <strong>More<\/strong> a <strong>Verona<\/strong> desde <strong>Venecia<\/strong> en tren. Este tour es una oportunidad para que usted pueda experimentar la hermosa ciudad de Verona y su rica historia, arte y cultura con un gu\u00eda privado en la comodidad de un tren.<\/p>\n","protected":false},"featured_media":169937,"comment_status":"open","ping_status":"closed","template":"","meta":{"_acf_changed":false},"product_brand":[],"product_cat":[701,707,719,713],"product_tag":[],"class_list":{"0":"post-169903","1":"product","2":"type-product","3":"status-publish","4":"has-post-thumbnail","6":"product_cat-venecia-es","7":"product_cat-venecia-actividades-es","8":"product_cat-venecia-rutas-turisticas-privadas-es","9":"product_cat-venecia-excursiones-es","11":"first","12":"instock","13":"shipping-taxable","14":"purchasable","15":"product-type-simple"},"acf":[],"yoast_head":"<!-- This site is optimized with the Yoast SEO Premium plugin v25.3.1 (Yoast SEO v25.3.1) - https:\/\/yoast.com\/wordpress\/plugins\/seo\/ -->\n<title>Tour privado a Verona desde Venecia en tren | TourTravel&amp;More<\/title>\n<meta name=\"description\" content=\"Tour privado a Verona desde Venecia en tren. Disfrute visitando, en su barco privado una de las regiones m\u00e1s bellas de Europa\u2705.\" \/>\n<meta name=\"robots\" content=\"index, follow, max-snippet:-1, max-image-preview:large, max-video-preview:-1\" \/>\n<link rel=\"canonical\" href=\"https:\/\/tourtravelandmore.com\/es\/tours\/italia-es\/venecia-es\/tour-privado-a-verona-desde-venecia-en-tren\/\" \/>\n<meta property=\"og:locale\" content=\"es_ES\" \/>\n<meta property=\"og:type\" content=\"article\" \/>\n<meta property=\"og:title\" content=\"Tour privado a Verona desde Venecia en tren\" \/>\n<meta property=\"og:description\" content=\"Tour privado a Verona desde Venecia en tren. Disfrute visitando, en su barco privado una de las regiones m\u00e1s bellas de Europa\u2705.\" \/>\n<meta property=\"og:url\" content=\"https:\/\/tourtravelandmore.com\/es\/tours\/italia-es\/venecia-es\/tour-privado-a-verona-desde-venecia-en-tren\/\" \/>\n<meta property=\"og:site_name\" content=\"Tour Travel And More\" \/>\n<meta property=\"article:publisher\" content=\"https:\/\/www.facebook.com\/tourtravelandmore\/\" \/>\n<meta property=\"article:modified_time\" content=\"2023-09-07T16:11:38+00:00\" \/>\n<meta property=\"og:image\" content=\"https:\/\/tourtravelandmore.com\/wp-content\/uploads\/2023\/09\/pexels-mikhail-nilov-8431049-scaled.jpg\" \/>\n\t<meta property=\"og:image:width\" content=\"2560\" \/>\n\t<meta property=\"og:image:height\" content=\"1919\" \/>\n\t<meta property=\"og:image:type\" content=\"image\/jpeg\" \/>\n<meta name=\"twitter:card\" content=\"summary_large_image\" \/>\n<meta name=\"twitter:site\" content=\"@TourTravel_More\" \/>\n<meta name=\"twitter:label1\" content=\"Tiempo de lectura\" \/>\n\t<meta name=\"twitter:data1\" content=\"3 minutos\" \/>\n<script type=\"application\/ld+json\" class=\"yoast-schema-graph\">{\"@context\":\"https:\/\/schema.org\",\"@graph\":[{\"@type\":\"WebPage\",\"@id\":\"https:\/\/tourtravelandmore.com\/es\/tours\/italia-es\/venecia-es\/tour-privado-a-verona-desde-venecia-en-tren\/\",\"url\":\"https:\/\/tourtravelandmore.com\/es\/tours\/italia-es\/venecia-es\/tour-privado-a-verona-desde-venecia-en-tren\/\",\"name\":\"Tour privado a Verona desde Venecia en tren | TourTravel&More\",\"isPartOf\":{\"@id\":\"https:\/\/tourtravelandmore.com\/es\/#website\"},\"primaryImageOfPage\":{\"@id\":\"https:\/\/tourtravelandmore.com\/es\/tours\/italia-es\/venecia-es\/tour-privado-a-verona-desde-venecia-en-tren\/#primaryimage\"},\"image\":{\"@id\":\"https:\/\/tourtravelandmore.com\/es\/tours\/italia-es\/venecia-es\/tour-privado-a-verona-desde-venecia-en-tren\/#primaryimage\"},\"thumbnailUrl\":\"https:\/\/tourtravelandmore.com\/wp-content\/uploads\/2023\/09\/pexels-mikhail-nilov-8431049-scaled.jpg\",\"datePublished\":\"2023-09-07T15:46:52+00:00\",\"dateModified\":\"2023-09-07T16:11:38+00:00\",\"description\":\"Tour privado a Verona desde Venecia en tren. Disfrute visitando, en su barco privado una de las regiones m\u00e1s bellas de Europa\u2705.\",\"breadcrumb\":{\"@id\":\"https:\/\/tourtravelandmore.com\/es\/tours\/italia-es\/venecia-es\/tour-privado-a-verona-desde-venecia-en-tren\/#breadcrumb\"},\"inLanguage\":\"es\",\"potentialAction\":[{\"@type\":\"ReadAction\",\"target\":[\"https:\/\/tourtravelandmore.com\/es\/tours\/italia-es\/venecia-es\/tour-privado-a-verona-desde-venecia-en-tren\/\"]}]},{\"@type\":\"ImageObject\",\"inLanguage\":\"es\",\"@id\":\"https:\/\/tourtravelandmore.com\/es\/tours\/italia-es\/venecia-es\/tour-privado-a-verona-desde-venecia-en-tren\/#primaryimage\",\"url\":\"https:\/\/tourtravelandmore.com\/wp-content\/uploads\/2023\/09\/pexels-mikhail-nilov-8431049-scaled.jpg\",\"contentUrl\":\"https:\/\/tourtravelandmore.com\/wp-content\/uploads\/2023\/09\/pexels-mikhail-nilov-8431049-scaled.jpg\",\"width\":2560,\"height\":1919},{\"@type\":\"BreadcrumbList\",\"@id\":\"https:\/\/tourtravelandmore.com\/es\/tours\/italia-es\/venecia-es\/tour-privado-a-verona-desde-venecia-en-tren\/#breadcrumb\",\"itemListElement\":[{\"@type\":\"ListItem\",\"position\":1,\"name\":\"Home\",\"item\":\"https:\/\/tourtravelandmore.com\/es\/\"},{\"@type\":\"ListItem\",\"position\":2,\"name\":\"Tours\",\"item\":\"https:\/\/tourtravelandmore.com\/es\/tours\/\"},{\"@type\":\"ListItem\",\"position\":3,\"name\":\"Tour privado a Verona desde Venecia en tren\"}]},{\"@type\":\"WebSite\",\"@id\":\"https:\/\/tourtravelandmore.com\/es\/#website\",\"url\":\"https:\/\/tourtravelandmore.com\/es\/\",\"name\":\"Tour Travel And More\",\"description\":\"Private sightseeing tours and luxury transfers in Spain\",\"publisher\":{\"@id\":\"https:\/\/tourtravelandmore.com\/es\/#organization\"},\"potentialAction\":[{\"@type\":\"SearchAction\",\"target\":{\"@type\":\"EntryPoint\",\"urlTemplate\":\"https:\/\/tourtravelandmore.com\/es\/?s={search_term_string}\"},\"query-input\":{\"@type\":\"PropertyValueSpecification\",\"valueRequired\":true,\"valueName\":\"search_term_string\"}}],\"inLanguage\":\"es\"},{\"@type\":\"Organization\",\"@id\":\"https:\/\/tourtravelandmore.com\/es\/#organization\",\"name\":\"Tour Travel And More\",\"url\":\"https:\/\/tourtravelandmore.com\/es\/\",\"logo\":{\"@type\":\"ImageObject\",\"inLanguage\":\"es\",\"@id\":\"https:\/\/tourtravelandmore.com\/es\/#\/schema\/logo\/image\/\",\"url\":\"https:\/\/tourtravelandmore.com\/wp-content\/uploads\/2022\/12\/cropped-logo-cabecera-new.png\",\"contentUrl\":\"https:\/\/tourtravelandmore.com\/wp-content\/uploads\/2022\/12\/cropped-logo-cabecera-new.png\",\"width\":430,\"height\":61,\"caption\":\"Tour Travel And More\"},\"image\":{\"@id\":\"https:\/\/tourtravelandmore.com\/es\/#\/schema\/logo\/image\/\"},\"sameAs\":[\"https:\/\/www.facebook.com\/tourtravelandmore\/\",\"https:\/\/x.com\/TourTravel_More\"]}]}<\/script>\n<!-- \/ Yoast SEO Premium plugin. -->","yoast_head_json":{"title":"Tour privado a Verona desde Venecia en tren | TourTravel&More","description":"Tour privado a Verona desde Venecia en tren. Disfrute visitando, en su barco privado una de las regiones m\u00e1s bellas de Europa\u2705.","robots":{"index":"index","follow":"follow","max-snippet":"max-snippet:-1","max-image-preview":"max-image-preview:large","max-video-preview":"max-video-preview:-1"},"canonical":"https:\/\/tourtravelandmore.com\/es\/tours\/italia-es\/venecia-es\/tour-privado-a-verona-desde-venecia-en-tren\/","og_locale":"es_ES","og_type":"article","og_title":"Tour privado a Verona desde Venecia en tren","og_description":"Tour privado a Verona desde Venecia en tren. Disfrute visitando, en su barco privado una de las regiones m\u00e1s bellas de Europa\u2705.","og_url":"https:\/\/tourtravelandmore.com\/es\/tours\/italia-es\/venecia-es\/tour-privado-a-verona-desde-venecia-en-tren\/","og_site_name":"Tour Travel And More","article_publisher":"https:\/\/www.facebook.com\/tourtravelandmore\/","article_modified_time":"2023-09-07T16:11:38+00:00","og_image":[{"width":2560,"height":1919,"url":"https:\/\/tourtravelandmore.com\/wp-content\/uploads\/2023\/09\/pexels-mikhail-nilov-8431049-scaled.jpg","type":"image\/jpeg"}],"twitter_card":"summary_large_image","twitter_site":"@TourTravel_More","twitter_misc":{"Tiempo de lectura":"3 minutos"},"schema":{"@context":"https:\/\/schema.org","@graph":[{"@type":"WebPage","@id":"https:\/\/tourtravelandmore.com\/es\/tours\/italia-es\/venecia-es\/tour-privado-a-verona-desde-venecia-en-tren\/","url":"https:\/\/tourtravelandmore.com\/es\/tours\/italia-es\/venecia-es\/tour-privado-a-verona-desde-venecia-en-tren\/","name":"Tour privado a Verona desde Venecia en tren | TourTravel&More","isPartOf":{"@id":"https:\/\/tourtravelandmore.com\/es\/#website"},"primaryImageOfPage":{"@id":"https:\/\/tourtravelandmore.com\/es\/tours\/italia-es\/venecia-es\/tour-privado-a-verona-desde-venecia-en-tren\/#primaryimage"},"image":{"@id":"https:\/\/tourtravelandmore.com\/es\/tours\/italia-es\/venecia-es\/tour-privado-a-verona-desde-venecia-en-tren\/#primaryimage"},"thumbnailUrl":"https:\/\/tourtravelandmore.com\/wp-content\/uploads\/2023\/09\/pexels-mikhail-nilov-8431049-scaled.jpg","datePublished":"2023-09-07T15:46:52+00:00","dateModified":"2023-09-07T16:11:38+00:00","description":"Tour privado a Verona desde Venecia en tren. Disfrute visitando, en su barco privado una de las regiones m\u00e1s bellas de Europa\u2705.","breadcrumb":{"@id":"https:\/\/tourtravelandmore.com\/es\/tours\/italia-es\/venecia-es\/tour-privado-a-verona-desde-venecia-en-tren\/#breadcrumb"},"inLanguage":"es","potentialAction":[{"@type":"ReadAction","target":["https:\/\/tourtravelandmore.com\/es\/tours\/italia-es\/venecia-es\/tour-privado-a-verona-desde-venecia-en-tren\/"]}]},{"@type":"ImageObject","inLanguage":"es","@id":"https:\/\/tourtravelandmore.com\/es\/tours\/italia-es\/venecia-es\/tour-privado-a-verona-desde-venecia-en-tren\/#primaryimage","url":"https:\/\/tourtravelandmore.com\/wp-content\/uploads\/2023\/09\/pexels-mikhail-nilov-8431049-scaled.jpg","contentUrl":"https:\/\/tourtravelandmore.com\/wp-content\/uploads\/2023\/09\/pexels-mikhail-nilov-8431049-scaled.jpg","width":2560,"height":1919},{"@type":"BreadcrumbList","@id":"https:\/\/tourtravelandmore.com\/es\/tours\/italia-es\/venecia-es\/tour-privado-a-verona-desde-venecia-en-tren\/#breadcrumb","itemListElement":[{"@type":"ListItem","position":1,"name":"Home","item":"https:\/\/tourtravelandmore.com\/es\/"},{"@type":"ListItem","position":2,"name":"Tours","item":"https:\/\/tourtravelandmore.com\/es\/tours\/"},{"@type":"ListItem","position":3,"name":"Tour privado a Verona desde Venecia en tren"}]},{"@type":"WebSite","@id":"https:\/\/tourtravelandmore.com\/es\/#website","url":"https:\/\/tourtravelandmore.com\/es\/","name":"Tour Travel And More","description":"Private sightseeing tours and luxury transfers in Spain","publisher":{"@id":"https:\/\/tourtravelandmore.com\/es\/#organization"},"potentialAction":[{"@type":"SearchAction","target":{"@type":"EntryPoint","urlTemplate":"https:\/\/tourtravelandmore.com\/es\/?s={search_term_string}"},"query-input":{"@type":"PropertyValueSpecification","valueRequired":true,"valueName":"search_term_string"}}],"inLanguage":"es"},{"@type":"Organization","@id":"https:\/\/tourtravelandmore.com\/es\/#organization","name":"Tour Travel And More","url":"https:\/\/tourtravelandmore.com\/es\/","logo":{"@type":"ImageObject","inLanguage":"es","@id":"https:\/\/tourtravelandmore.com\/es\/#\/schema\/logo\/image\/","url":"https:\/\/tourtravelandmore.com\/wp-content\/uploads\/2022\/12\/cropped-logo-cabecera-new.png","contentUrl":"https:\/\/tourtravelandmore.com\/wp-content\/uploads\/2022\/12\/cropped-logo-cabecera-new.png","width":430,"height":61,"caption":"Tour Travel And More"},"image":{"@id":"https:\/\/tourtravelandmore.com\/es\/#\/schema\/logo\/image\/"},"sameAs":["https:\/\/www.facebook.com\/tourtravelandmore\/","https:\/\/x.com\/TourTravel_More"]}]}},"_links":{"self":[{"href":"https:\/\/tourtravelandmore.com\/es\/wp-json\/wp\/v2\/product\/169903","targetHints":{"allow":["GET"]}}],"collection":[{"href":"https:\/\/tourtravelandmore.com\/es\/wp-json\/wp\/v2\/product"}],"about":[{"href":"https:\/\/tourtravelandmore.com\/es\/wp-json\/wp\/v2\/types\/product"}],"replies":[{"embeddable":true,"href":"https:\/\/tourtravelandmore.com\/es\/wp-json\/wp\/v2\/comments?post=169903"}],"wp:featuredmedia":[{"embeddable":true,"href":"https:\/\/tourtravelandmore.com\/es\/wp-json\/wp\/v2\/media\/169937"}],"wp:attachment":[{"href":"https:\/\/tourtravelandmore.com\/es\/wp-json\/wp\/v2\/media?parent=169903"}],"wp:term":[{"taxonomy":"product_brand","embeddable":true,"href":"https:\/\/tourtravelandmore.com\/es\/wp-json\/wp\/v2\/product_brand?post=169903"},{"taxonomy":"product_cat","embeddable":true,"href":"https:\/\/tourtravelandmore.com\/es\/wp-json\/wp\/v2\/product_cat?post=169903"},{"taxonomy":"product_tag","embeddable":true,"href":"https:\/\/tourtravelandmore.com\/es\/wp-json\/wp\/v2\/product_tag?post=169903"}],"curies":[{"name":"wp","href":"https:\/\/api.w.org\/{rel}","templated":true}]}}