{"id":169851,"date":"2023-09-01T14:14:37","date_gmt":"2023-09-01T12:14:38","guid":{"rendered":"https:\/\/tourtravelandmore.com\/?post_type=product&#038;p=169851"},"modified":"2023-09-01T14:35:09","modified_gmt":"2023-09-01T12:35:09","slug":"recorrido-gastronomico-privado-por-la-ciudad-de-genova","status":"publish","type":"product","link":"https:\/\/tourtravelandmore.com\/es\/tours\/italia-es\/genova-es\/recorrido-gastronomico-privado-por-la-ciudad-de-genova\/","title":{"rendered":"Recorrido Gastron\u00f3mico privado por la ciudad de G\u00e9nova"},"content":{"rendered":"<h2><b>Descripci\u00f3n del Recorrido Gastron\u00f3mico por la ciudad de G\u00e9nova:<\/b><\/h2>\n<p><span style=\"font-weight: 400;\">Experimente el pulso culinario de G\u00e9nova con nuestro exquisito recorrido gastron\u00f3mico de 3 horas. Avent\u00farese en las profundidades de esta ciudad hist\u00f3rica y deje que sus sentidos sean cautivados. Mientras navega por los antiguos callejones sinuosos, acompa\u00f1ados por sonidos de animadas charlas y los aromas de platos tradicionales, nuestro gu\u00eda privado estar\u00e1 a su lado, adentr\u00e1ndose en relatos y an\u00e9cdotas que pintan un v\u00edvido retrato del legado gastron\u00f3mico de G\u00e9nova. Reconocida como la cuna de numerosos platos aclamados e ingredientes venerados, G\u00e9nova ofrece m\u00e1s que un simple encuentro culinario; despliega un tapiz de historias, sabores y tradiciones. Desde las verdes colinas donde crece en abundancia la albahaca fresca, dando lugar al mundialmente famoso pesto genov\u00e9s, hasta las tabernas escondidas que sirven vinos locales que resuenan con los susurros de la tierra, cada parada es una revelaci\u00f3n. La sinfon\u00eda de sabores, desde la salinidad del mar hasta la terrosidad de sus colinas, est\u00e1 armoniosamente equilibrada en la cocina genovesa. Este recorrido, meticulosamente elaborado, asegura no solo una degustaci\u00f3n sino una comprensi\u00f3n, una inmersi\u00f3n integral en la gastronom\u00eda genovesa. Con Tour Travel and More, no solo le ofrecemos una comida; presentamos un relato epic\u00fareo tejido a lo largo de siglos. Venga, saboree G\u00e9nova y deje que cada bocado le cuente una historia.<\/span><\/p>\n<h2><b>Puntos de inter\u00e9s del Recorrido Gastron\u00f3mico por la ciudad de G\u00e9nova:<\/b><\/h2>\n<p>&nbsp;<\/p>\n<ul>\n<li style=\"font-weight: 400;\" aria-level=\"1\"><b>Mercato Orientale:<\/b><span style=\"font-weight: 400;\"> Un mercado vibrante en el coraz\u00f3n de G\u00e9nova, Mercato Orientale es una sobrecarga sensorial. Como uno de los principales centros culinarios de la ciudad, ofrece una mir\u00edada de productos frescos, quesos artesanales y carnes curadas. El mercado no solo presenta una oportunidad de degustar, sino tambi\u00e9n de comprender la riqueza agr\u00edcola de la regi\u00f3n y las antiguas pr\u00e1cticas alimenticias.<\/span><\/li>\n<li style=\"font-weight: 400;\" aria-level=\"1\"><b>Pasticcerias:<\/b><span style=\"font-weight: 400;\"> Sum\u00e9rjase en las dulces tradiciones de G\u00e9nova explorando sus famosas pasteler\u00edas. Del\u00e9itese con golosinas locales como &#8220;canestrelli&#8221; o &#8220;sacripantina&#8221;, cada una portando un legado de sabores locales y secretos familiares.<\/span><\/li>\n<li style=\"font-weight: 400;\" aria-level=\"1\"><b>Caf\u00e9s Hist\u00f3ricos:<\/b><span style=\"font-weight: 400;\"> G\u00e9nova cuenta con una rica cultura cafetera. Sus caf\u00e9s hist\u00f3ricos, adornados con opulentos decorados, resuenan con relatos de eras pasadas. Deguste espressos italianos tradicionales mientras se sumerge en el ambiente de estos establecimientos consagrados por el tiempo.<\/span><\/li>\n<li style=\"font-weight: 400;\" aria-level=\"1\"><b>Trattorias Tradicionales: <\/b><span style=\"font-weight: 400;\">Una visita a G\u00e9nova ser\u00eda incompleta sin deleitarse con su cocina tradicional. Las trattorias de la ciudad sirven recetas ancestrales que van desde mariscos frescos hasta contundentes platos de pasta, cada uno narrando un cuento \u00fanico de la evoluci\u00f3n culinaria genovesa.<\/span><\/li>\n<li style=\"font-weight: 400;\" aria-level=\"1\"><b>Boutiques de Cata de Vinos:<\/b><span style=\"font-weight: 400;\"> Las regiones circundantes de G\u00e9nova son conocidas por sus vi\u00f1edos. Estos espacios boutique ofrecen sesiones de cata de vinos seleccionados, mostrando lo mejor de los vinos de Liguria, desde blancos n\u00edtidos hasta tintos robustos.<\/span><\/li>\n<li style=\"font-weight: 400;\" aria-level=\"1\"><b>Focaccerias:<\/b><span style=\"font-weight: 400;\"> La humilde &#8216;focaccia&#8217; tiene sus ra\u00edces profundamente arraigadas en la cultura genovesa. Estas panader\u00edas especializadas, dispersas por la ciudad, elaboran este sabroso pan enriquecido con aceite de oliva a la perfecci\u00f3n. Crujiente por fuera, suave por dentro y aromatizado con una variedad de ingredientes, desde aceitunas hasta romero, cada focaccia cuenta una historia de las tradiciones culinarias r\u00fasticas de G\u00e9nova. Estar en G\u00e9nova y perderse esta deliciosa experiencia ser\u00eda realmente un desliz gastron\u00f3mico.<\/span><\/li>\n<li style=\"font-weight: 400;\" aria-level=\"1\"><b>Gelater\u00edas Artesanales: <\/b><span style=\"font-weight: 400;\">Italia y el gelato son sin\u00f3nimos, y G\u00e9nova no es la excepci\u00f3n. Las gelater\u00edas de la ciudad, con su multitud de sabores, representan la verdadera esencia de la maestr\u00eda italiana en postres. Desde la cl\u00e1sica stracciatella hasta sabores locales como albahaca y lim\u00f3n, estos salones ofrecen un refresco que captura el esp\u00edritu de G\u00e9nova en cada cucharada. Un paseo por las hist\u00f3ricas calles de G\u00e9nova con un cono de este cremoso deleite en la mano es verdaderamente una experiencia para atesorar.<\/span><\/li>\n<\/ul>\n<p>&nbsp;<\/p>\n<p><span style=\"font-weight: 400;\">En Tour Travel and More nos enorgullecemos de curar experiencias que se adaptan a los gustos exigentes de nuestra clientela. Para aquellos interesados en explorar m\u00e1s de lo que G\u00e9nova tiene para ofrecer, extendemos una lista completa de recorridos adaptados a diversos intereses. <\/span><a href=\"https:\/\/tourtravelandmore.com\/es\/ciudad\/italia-es\/genova-es\/\"><span style=\"font-weight: 400;\">Profundice en la historia, el arte o la cultura de G\u00e9nova visitando nuestro sitio web.<\/span><\/a><\/p>\n","protected":false},"excerpt":{"rendered":"<p><span style=\"font-weight: 400;\">Emb\u00e1rquese en un viaje culinario de 3 horas a trav\u00e9s del rico patrimonio gastron\u00f3mico de G\u00e9nova. Desde bulliciosos mercados hasta caf\u00e9s hist\u00f3ricos, saboree los sabores que definen esta joya italiana.<\/span><\/p>\n","protected":false},"featured_media":169876,"comment_status":"open","ping_status":"closed","template":"","meta":{"_acf_changed":false},"product_brand":[],"product_cat":[698,704,728],"product_tag":[],"class_list":{"0":"post-169851","1":"product","2":"type-product","3":"status-publish","4":"has-post-thumbnail","6":"product_cat-genova-es","7":"product_cat-genova-actividades-es","8":"product_cat-genova-tours-privados-pie-es","10":"first","11":"instock","12":"shipping-taxable","13":"purchasable","14":"product-type-simple"},"acf":[],"yoast_head":"<!-- This site is optimized with the Yoast SEO Premium plugin v25.3.1 (Yoast SEO v25.3.1) - https:\/\/yoast.com\/wordpress\/plugins\/seo\/ -->\n<title>\u27a1\ufe0f Recorrido Gastron\u00f3mico por G\u00e9nova: Una Exploraci\u00f3n Culinaria<\/title>\n<meta name=\"description\" content=\"Experimente los tesoros culinarios de G\u00e9nova en un recorrido gastron\u00f3mico guiado de 3 horas. Saboree, beba y aprenda con Tour Travel and More. \u2705\" \/>\n<meta name=\"robots\" content=\"index, follow, max-snippet:-1, max-image-preview:large, max-video-preview:-1\" \/>\n<link rel=\"canonical\" href=\"https:\/\/tourtravelandmore.com\/es\/tours\/italia-es\/genova-es\/recorrido-gastronomico-privado-por-la-ciudad-de-genova\/\" \/>\n<meta property=\"og:locale\" content=\"es_ES\" \/>\n<meta property=\"og:type\" content=\"article\" \/>\n<meta property=\"og:title\" content=\"Recorrido Gastron\u00f3mico privado por la ciudad de G\u00e9nova\" \/>\n<meta property=\"og:description\" content=\"Experimente los tesoros culinarios de G\u00e9nova en un recorrido gastron\u00f3mico guiado de 3 horas. Saboree, beba y aprenda con Tour Travel and More. \u2705\" \/>\n<meta property=\"og:url\" content=\"https:\/\/tourtravelandmore.com\/es\/tours\/italia-es\/genova-es\/recorrido-gastronomico-privado-por-la-ciudad-de-genova\/\" \/>\n<meta property=\"og:site_name\" content=\"Tour Travel And More\" \/>\n<meta property=\"article:publisher\" content=\"https:\/\/www.facebook.com\/tourtravelandmore\/\" \/>\n<meta property=\"article:modified_time\" content=\"2023-09-01T12:35:09+00:00\" \/>\n<meta property=\"og:image\" content=\"https:\/\/tourtravelandmore.com\/wp-content\/uploads\/2023\/09\/image4-1.jpg\" \/>\n\t<meta property=\"og:image:width\" content=\"950\" \/>\n\t<meta property=\"og:image:height\" content=\"750\" \/>\n\t<meta property=\"og:image:type\" content=\"image\/jpeg\" \/>\n<meta name=\"twitter:card\" content=\"summary_large_image\" \/>\n<meta name=\"twitter:site\" content=\"@TourTravel_More\" \/>\n<meta name=\"twitter:label1\" content=\"Tiempo de lectura\" \/>\n\t<meta name=\"twitter:data1\" content=\"4 minutos\" \/>\n<script type=\"application\/ld+json\" class=\"yoast-schema-graph\">{\"@context\":\"https:\/\/schema.org\",\"@graph\":[{\"@type\":\"WebPage\",\"@id\":\"https:\/\/tourtravelandmore.com\/es\/tours\/italia-es\/genova-es\/recorrido-gastronomico-privado-por-la-ciudad-de-genova\/\",\"url\":\"https:\/\/tourtravelandmore.com\/es\/tours\/italia-es\/genova-es\/recorrido-gastronomico-privado-por-la-ciudad-de-genova\/\",\"name\":\"\u27a1\ufe0f Recorrido Gastron\u00f3mico por G\u00e9nova: Una Exploraci\u00f3n Culinaria\",\"isPartOf\":{\"@id\":\"https:\/\/tourtravelandmore.com\/es\/#website\"},\"primaryImageOfPage\":{\"@id\":\"https:\/\/tourtravelandmore.com\/es\/tours\/italia-es\/genova-es\/recorrido-gastronomico-privado-por-la-ciudad-de-genova\/#primaryimage\"},\"image\":{\"@id\":\"https:\/\/tourtravelandmore.com\/es\/tours\/italia-es\/genova-es\/recorrido-gastronomico-privado-por-la-ciudad-de-genova\/#primaryimage\"},\"thumbnailUrl\":\"https:\/\/tourtravelandmore.com\/wp-content\/uploads\/2023\/09\/image4-1.jpg\",\"datePublished\":\"2023-09-01T12:14:38+00:00\",\"dateModified\":\"2023-09-01T12:35:09+00:00\",\"description\":\"Experimente los tesoros culinarios de G\u00e9nova en un recorrido gastron\u00f3mico guiado de 3 horas. Saboree, beba y aprenda con Tour Travel and More. \u2705\",\"breadcrumb\":{\"@id\":\"https:\/\/tourtravelandmore.com\/es\/tours\/italia-es\/genova-es\/recorrido-gastronomico-privado-por-la-ciudad-de-genova\/#breadcrumb\"},\"inLanguage\":\"es\",\"potentialAction\":[{\"@type\":\"ReadAction\",\"target\":[\"https:\/\/tourtravelandmore.com\/es\/tours\/italia-es\/genova-es\/recorrido-gastronomico-privado-por-la-ciudad-de-genova\/\"]}]},{\"@type\":\"ImageObject\",\"inLanguage\":\"es\",\"@id\":\"https:\/\/tourtravelandmore.com\/es\/tours\/italia-es\/genova-es\/recorrido-gastronomico-privado-por-la-ciudad-de-genova\/#primaryimage\",\"url\":\"https:\/\/tourtravelandmore.com\/wp-content\/uploads\/2023\/09\/image4-1.jpg\",\"contentUrl\":\"https:\/\/tourtravelandmore.com\/wp-content\/uploads\/2023\/09\/image4-1.jpg\",\"width\":950,\"height\":750},{\"@type\":\"BreadcrumbList\",\"@id\":\"https:\/\/tourtravelandmore.com\/es\/tours\/italia-es\/genova-es\/recorrido-gastronomico-privado-por-la-ciudad-de-genova\/#breadcrumb\",\"itemListElement\":[{\"@type\":\"ListItem\",\"position\":1,\"name\":\"Home\",\"item\":\"https:\/\/tourtravelandmore.com\/es\/\"},{\"@type\":\"ListItem\",\"position\":2,\"name\":\"Tours\",\"item\":\"https:\/\/tourtravelandmore.com\/es\/tours\/\"},{\"@type\":\"ListItem\",\"position\":3,\"name\":\"Recorrido Gastron\u00f3mico privado por la ciudad de G\u00e9nova\"}]},{\"@type\":\"WebSite\",\"@id\":\"https:\/\/tourtravelandmore.com\/es\/#website\",\"url\":\"https:\/\/tourtravelandmore.com\/es\/\",\"name\":\"Tour Travel And More\",\"description\":\"Private sightseeing tours and luxury transfers in Spain\",\"publisher\":{\"@id\":\"https:\/\/tourtravelandmore.com\/es\/#organization\"},\"potentialAction\":[{\"@type\":\"SearchAction\",\"target\":{\"@type\":\"EntryPoint\",\"urlTemplate\":\"https:\/\/tourtravelandmore.com\/es\/?s={search_term_string}\"},\"query-input\":{\"@type\":\"PropertyValueSpecification\",\"valueRequired\":true,\"valueName\":\"search_term_string\"}}],\"inLanguage\":\"es\"},{\"@type\":\"Organization\",\"@id\":\"https:\/\/tourtravelandmore.com\/es\/#organization\",\"name\":\"Tour Travel And More\",\"url\":\"https:\/\/tourtravelandmore.com\/es\/\",\"logo\":{\"@type\":\"ImageObject\",\"inLanguage\":\"es\",\"@id\":\"https:\/\/tourtravelandmore.com\/es\/#\/schema\/logo\/image\/\",\"url\":\"https:\/\/tourtravelandmore.com\/wp-content\/uploads\/2022\/12\/cropped-logo-cabecera-new.png\",\"contentUrl\":\"https:\/\/tourtravelandmore.com\/wp-content\/uploads\/2022\/12\/cropped-logo-cabecera-new.png\",\"width\":430,\"height\":61,\"caption\":\"Tour Travel And More\"},\"image\":{\"@id\":\"https:\/\/tourtravelandmore.com\/es\/#\/schema\/logo\/image\/\"},\"sameAs\":[\"https:\/\/www.facebook.com\/tourtravelandmore\/\",\"https:\/\/x.com\/TourTravel_More\"]}]}<\/script>\n<!-- \/ Yoast SEO Premium plugin. -->","yoast_head_json":{"title":"\u27a1\ufe0f Recorrido Gastron\u00f3mico por G\u00e9nova: Una Exploraci\u00f3n Culinaria","description":"Experimente los tesoros culinarios de G\u00e9nova en un recorrido gastron\u00f3mico guiado de 3 horas. Saboree, beba y aprenda con Tour Travel and More. \u2705","robots":{"index":"index","follow":"follow","max-snippet":"max-snippet:-1","max-image-preview":"max-image-preview:large","max-video-preview":"max-video-preview:-1"},"canonical":"https:\/\/tourtravelandmore.com\/es\/tours\/italia-es\/genova-es\/recorrido-gastronomico-privado-por-la-ciudad-de-genova\/","og_locale":"es_ES","og_type":"article","og_title":"Recorrido Gastron\u00f3mico privado por la ciudad de G\u00e9nova","og_description":"Experimente los tesoros culinarios de G\u00e9nova en un recorrido gastron\u00f3mico guiado de 3 horas. Saboree, beba y aprenda con Tour Travel and More. \u2705","og_url":"https:\/\/tourtravelandmore.com\/es\/tours\/italia-es\/genova-es\/recorrido-gastronomico-privado-por-la-ciudad-de-genova\/","og_site_name":"Tour Travel And More","article_publisher":"https:\/\/www.facebook.com\/tourtravelandmore\/","article_modified_time":"2023-09-01T12:35:09+00:00","og_image":[{"width":950,"height":750,"url":"https:\/\/tourtravelandmore.com\/wp-content\/uploads\/2023\/09\/image4-1.jpg","type":"image\/jpeg"}],"twitter_card":"summary_large_image","twitter_site":"@TourTravel_More","twitter_misc":{"Tiempo de lectura":"4 minutos"},"schema":{"@context":"https:\/\/schema.org","@graph":[{"@type":"WebPage","@id":"https:\/\/tourtravelandmore.com\/es\/tours\/italia-es\/genova-es\/recorrido-gastronomico-privado-por-la-ciudad-de-genova\/","url":"https:\/\/tourtravelandmore.com\/es\/tours\/italia-es\/genova-es\/recorrido-gastronomico-privado-por-la-ciudad-de-genova\/","name":"\u27a1\ufe0f Recorrido Gastron\u00f3mico por G\u00e9nova: Una Exploraci\u00f3n Culinaria","isPartOf":{"@id":"https:\/\/tourtravelandmore.com\/es\/#website"},"primaryImageOfPage":{"@id":"https:\/\/tourtravelandmore.com\/es\/tours\/italia-es\/genova-es\/recorrido-gastronomico-privado-por-la-ciudad-de-genova\/#primaryimage"},"image":{"@id":"https:\/\/tourtravelandmore.com\/es\/tours\/italia-es\/genova-es\/recorrido-gastronomico-privado-por-la-ciudad-de-genova\/#primaryimage"},"thumbnailUrl":"https:\/\/tourtravelandmore.com\/wp-content\/uploads\/2023\/09\/image4-1.jpg","datePublished":"2023-09-01T12:14:38+00:00","dateModified":"2023-09-01T12:35:09+00:00","description":"Experimente los tesoros culinarios de G\u00e9nova en un recorrido gastron\u00f3mico guiado de 3 horas. Saboree, beba y aprenda con Tour Travel and More. \u2705","breadcrumb":{"@id":"https:\/\/tourtravelandmore.com\/es\/tours\/italia-es\/genova-es\/recorrido-gastronomico-privado-por-la-ciudad-de-genova\/#breadcrumb"},"inLanguage":"es","potentialAction":[{"@type":"ReadAction","target":["https:\/\/tourtravelandmore.com\/es\/tours\/italia-es\/genova-es\/recorrido-gastronomico-privado-por-la-ciudad-de-genova\/"]}]},{"@type":"ImageObject","inLanguage":"es","@id":"https:\/\/tourtravelandmore.com\/es\/tours\/italia-es\/genova-es\/recorrido-gastronomico-privado-por-la-ciudad-de-genova\/#primaryimage","url":"https:\/\/tourtravelandmore.com\/wp-content\/uploads\/2023\/09\/image4-1.jpg","contentUrl":"https:\/\/tourtravelandmore.com\/wp-content\/uploads\/2023\/09\/image4-1.jpg","width":950,"height":750},{"@type":"BreadcrumbList","@id":"https:\/\/tourtravelandmore.com\/es\/tours\/italia-es\/genova-es\/recorrido-gastronomico-privado-por-la-ciudad-de-genova\/#breadcrumb","itemListElement":[{"@type":"ListItem","position":1,"name":"Home","item":"https:\/\/tourtravelandmore.com\/es\/"},{"@type":"ListItem","position":2,"name":"Tours","item":"https:\/\/tourtravelandmore.com\/es\/tours\/"},{"@type":"ListItem","position":3,"name":"Recorrido Gastron\u00f3mico privado por la ciudad de G\u00e9nova"}]},{"@type":"WebSite","@id":"https:\/\/tourtravelandmore.com\/es\/#website","url":"https:\/\/tourtravelandmore.com\/es\/","name":"Tour Travel And More","description":"Private sightseeing tours and luxury transfers in Spain","publisher":{"@id":"https:\/\/tourtravelandmore.com\/es\/#organization"},"potentialAction":[{"@type":"SearchAction","target":{"@type":"EntryPoint","urlTemplate":"https:\/\/tourtravelandmore.com\/es\/?s={search_term_string}"},"query-input":{"@type":"PropertyValueSpecification","valueRequired":true,"valueName":"search_term_string"}}],"inLanguage":"es"},{"@type":"Organization","@id":"https:\/\/tourtravelandmore.com\/es\/#organization","name":"Tour Travel And More","url":"https:\/\/tourtravelandmore.com\/es\/","logo":{"@type":"ImageObject","inLanguage":"es","@id":"https:\/\/tourtravelandmore.com\/es\/#\/schema\/logo\/image\/","url":"https:\/\/tourtravelandmore.com\/wp-content\/uploads\/2022\/12\/cropped-logo-cabecera-new.png","contentUrl":"https:\/\/tourtravelandmore.com\/wp-content\/uploads\/2022\/12\/cropped-logo-cabecera-new.png","width":430,"height":61,"caption":"Tour Travel And More"},"image":{"@id":"https:\/\/tourtravelandmore.com\/es\/#\/schema\/logo\/image\/"},"sameAs":["https:\/\/www.facebook.com\/tourtravelandmore\/","https:\/\/x.com\/TourTravel_More"]}]}},"_links":{"self":[{"href":"https:\/\/tourtravelandmore.com\/es\/wp-json\/wp\/v2\/product\/169851","targetHints":{"allow":["GET"]}}],"collection":[{"href":"https:\/\/tourtravelandmore.com\/es\/wp-json\/wp\/v2\/product"}],"about":[{"href":"https:\/\/tourtravelandmore.com\/es\/wp-json\/wp\/v2\/types\/product"}],"replies":[{"embeddable":true,"href":"https:\/\/tourtravelandmore.com\/es\/wp-json\/wp\/v2\/comments?post=169851"}],"wp:featuredmedia":[{"embeddable":true,"href":"https:\/\/tourtravelandmore.com\/es\/wp-json\/wp\/v2\/media\/169876"}],"wp:attachment":[{"href":"https:\/\/tourtravelandmore.com\/es\/wp-json\/wp\/v2\/media?parent=169851"}],"wp:term":[{"taxonomy":"product_brand","embeddable":true,"href":"https:\/\/tourtravelandmore.com\/es\/wp-json\/wp\/v2\/product_brand?post=169851"},{"taxonomy":"product_cat","embeddable":true,"href":"https:\/\/tourtravelandmore.com\/es\/wp-json\/wp\/v2\/product_cat?post=169851"},{"taxonomy":"product_tag","embeddable":true,"href":"https:\/\/tourtravelandmore.com\/es\/wp-json\/wp\/v2\/product_tag?post=169851"}],"curies":[{"name":"wp","href":"https:\/\/api.w.org\/{rel}","templated":true}]}}