{"id":169818,"date":"2023-09-01T12:47:22","date_gmt":"2023-09-01T10:47:27","guid":{"rendered":"https:\/\/tourtravelandmore.com\/?post_type=product&#038;p=169818"},"modified":"2023-09-01T13:46:18","modified_gmt":"2023-09-01T11:46:18","slug":"excursion-privada-a-las-cinque-terre-desde-genova","status":"publish","type":"product","link":"https:\/\/tourtravelandmore.com\/es\/tours\/italia-es\/genova-es\/excursion-privada-a-las-cinque-terre-desde-genova\/","title":{"rendered":"Excursi\u00f3n privada a las Cinque Terre desde G\u00e9nova"},"content":{"rendered":"<h2><b>Tour Privado a Cinque Terre desde G\u00e9nova Descripci\u00f3n<\/b><\/h2>\n<p><span style=\"font-weight: 400;\">Sum\u00e9rjase en el exquisito encanto de la riviera italiana con el Tour Privado a Cinque Terre desde G\u00e9nova, meticulosamente dise\u00f1ado por Tour Travel and More. Este extenso viaje de 8 horas le invita a adentrarse en el mundo de los mares azules, los espectaculares acantilados y las tradiciones intemporales.<\/span><\/p>\n<p><span style=\"font-weight: 400;\">Acompa\u00f1ado por un gu\u00eda experto, conocedor de los entresijos de Cinque Terre durante 4 horas, se le garantizan conocimientos que van m\u00e1s all\u00e1 de lo ordinario: historias de pescadores, costumbres del viejo mundo y la fascinante historia que ha esculpido la regi\u00f3n. Como complemento a esta riqueza de conocimientos, dispondr\u00e1 de un veh\u00edculo de lujo durante todo el recorrido, para que su viaje sea tan c\u00f3modo como instructivo.<\/span><\/p>\n<p><span style=\"font-weight: 400;\">La magia de Cinque Terre no reside s\u00f3lo en su esplendor visual, sino en su testimonio de la tenacidad humana. Estos cinco fascinantes pueblos, declarados Patrimonio de la Humanidad por la UNESCO, personifican un equilibrio en el que la innovaci\u00f3n humana realza la belleza natural. Marav\u00edllese ante los vi\u00f1edos en terrazas esculpidos en paisajes escarpados a lo largo de numerosas generaciones, cada terraza lleva la marca de manos persistentes y esp\u00edritus indomables.<\/span><\/p>\n<p><span style=\"font-weight: 400;\">Pero nuestro compromiso no se limita a mostrarle las maravillas. En Tour Travel and More, aspiramos a proporcionar una experiencia. Desde la brisa fresca del mar de Liguria hasta el olor arom\u00e1tico de la cocina local, nuestro tour es una invitaci\u00f3n no s\u00f3lo a ver, sino a sentir, o\u00edr, saborear y sumergirse de verdad en la sublime danza de la naturaleza y la cultura de Cinque Terre.<\/span><\/p>\n<h2><b>Excursi\u00f3n privada a Cinque Terre desde G\u00e9nova | Puntos de inter\u00e9s<\/b><\/h2>\n<ul>\n<li style=\"font-weight: 400;\" aria-level=\"1\"><b>Monterosso al Mare:<\/b><span style=\"font-weight: 400;\"> El mayor de los pueblos de Cinque Terre, Monterosso es famoso por sus hermosas playas y sus frondosos limoneros. El paisaje est\u00e1 salpicado de antiguas atalayas que vigilaban a los piratas de anta\u00f1o. Aqu\u00ed, uno puede experimentar una mezcla perfecta de vestigios hist\u00f3ricos en medio del esplendor natural.<\/span><\/li>\n<li style=\"font-weight: 400;\" aria-level=\"1\"><b>Vernazza:<\/b><span style=\"font-weight: 400;\"> Posiblemente el m\u00e1s pintoresco, este pueblo cuenta con un laberinto de callejuelas que culminan en un pintoresco puerto. La iglesia de Santa Margherita d&#8217;Antiochia, con su entrada \u00fanica, es un testimonio del rico patrimonio arquitect\u00f3nico de Vernazza.<\/span><\/li>\n<li style=\"font-weight: 400;\" aria-level=\"1\"><b>Corniglia:<\/b><span style=\"font-weight: 400;\"> En lo alto de un acantilado, ofrece vistas panor\u00e1micas del vasto mar y de los pueblos vecinos. A diferencia de sus hom\u00f3logos, Corniglia s\u00f3lo es accesible a trav\u00e9s de una larga escalera, por lo que su serenidad es inigualable.<\/span><\/li>\n<li style=\"font-weight: 400;\" aria-level=\"1\"><b>Manarola:<\/b><span style=\"font-weight: 400;\"> Conocido por el vino Sciacchetr\u00e0, este pueblo es un para\u00edso para los entusiastas del vino. Las coloridas casas contrastan maravillosamente con el fondo del mar azul oscuro, creando un espect\u00e1culo cautivador para cada visitante.<\/span><\/li>\n<li style=\"font-weight: 400;\" aria-level=\"1\"><b>Riomaggiore:<\/b><span style=\"font-weight: 400;\"> El pueblo m\u00e1s oriental, se caracteriza por su patrimonio pesquero. La Via dell&#8217;Amore, o Senda del Amor, es un rom\u00e1ntico sendero que conecta Riomaggiore con Manarola, ofreciendo unas vistas impresionantes y una experiencia de senderismo \u00fanica.<\/span><\/li>\n<li style=\"font-weight: 400;\" aria-level=\"1\"><b>Evanto:<\/b><span style=\"font-weight: 400;\"> A menudo conocida como la &#8220;Puerta de las Cinque Terre&#8221;, Levanto es una tranquila ciudad costera con una rica historia mar\u00edtima. Su extensa playa de arena es un para\u00edso para los surfistas, mientras que la torre del reloj medieval y la antigua logia son testigos de la importancia hist\u00f3rica de la ciudad. Su proximidad a las Cinque Terre la convierte en un punto de partida ideal para explorarlas.<\/span><\/li>\n<li style=\"font-weight: 400;\" aria-level=\"1\"><b>Porto Venere:<\/b><span style=\"font-weight: 400;\"> Situada justo al sur de las Cinque Terre, Porto Venere es una joya oculta. Aunque oficialmente no forma parte de las &#8220;cinco tierras&#8221;, su encanto hist\u00f3rico y su belleza pr\u00edstina merecen una visita. La ciudad est\u00e1 marcada por su iglesia g\u00f3tica de San Pedro, encaramada dram\u00e1ticamente sobre un promontorio rocoso, y el antiguo Castillo Doria, que ofrece vistas panor\u00e1micas del mar de Liguria.<\/span><\/li>\n<\/ul>\n<p>&nbsp;<\/p>\n<p><span style=\"font-weight: 400;\">Si desea vivir m\u00e1s experiencias fascinantes por la regi\u00f3n, Tour Travel and More se enorgullece de presentarle una amplia lista de visitas privadas adaptadas a sus deseos. <\/span><a href=\"https:\/\/tourtravelandmore.com\/es\/ciudad\/italia-es\/genova-es\/\"><span style=\"font-weight: 400;\">Explore G\u00e9nova y sus alrededores \u00edntima y lujosamente con nosotros.\u00a0<\/span><\/a><\/p>\n","protected":false},"excerpt":{"rendered":"<p><span style=\"font-weight: 400;\">Descubra la belleza et\u00e9rea de Cinque Terre en una excursi\u00f3n privada de 8 horas desde G\u00e9nova. Experimente la mezcla de naturaleza y cultura, y ad\u00e9ntrese en el encanto de la emblem\u00e1tica costa italiana.<\/span><\/p>\n","protected":false},"featured_media":169849,"comment_status":"open","ping_status":"closed","template":"","meta":{"_acf_changed":false},"product_brand":[],"product_cat":[698,704,716,710,815],"product_tag":[],"class_list":{"0":"post-169818","1":"product","2":"type-product","3":"status-publish","4":"has-post-thumbnail","6":"product_cat-genova-es","7":"product_cat-genova-actividades-es","8":"product_cat-genova-rutas-turisticas-privadas-es","9":"product_cat-genova-excursiones-es","10":"product_cat-genova-excursiones-privadas-cruceros-es","12":"first","13":"instock","14":"shipping-taxable","15":"purchasable","16":"product-type-simple"},"acf":[],"yoast_head":"<!-- This site is optimized with the Yoast SEO Premium plugin v25.3.1 (Yoast SEO v25.3.1) - https:\/\/yoast.com\/wordpress\/plugins\/seo\/ -->\n<title>\u27a1\ufe0f Tour Privado a Cinque Terre desde G\u00e9nova con Tour Travel and More<\/title>\n<meta name=\"description\" content=\"Emb\u00e1rcate en un exclusivo viaje de 8 horas a los impresionantes pueblos de Cinque Terre con Tour Travel and More. \u00a1Sum\u00e9rgete en la elegancia costera de Italia hoy mismo! \u2705\" \/>\n<meta name=\"robots\" content=\"index, follow, max-snippet:-1, max-image-preview:large, max-video-preview:-1\" \/>\n<link rel=\"canonical\" href=\"https:\/\/tourtravelandmore.com\/es\/tours\/italia-es\/genova-es\/excursion-privada-a-las-cinque-terre-desde-genova\/\" \/>\n<meta property=\"og:locale\" content=\"es_ES\" \/>\n<meta property=\"og:type\" content=\"article\" \/>\n<meta property=\"og:title\" content=\"Excursi\u00f3n privada a las Cinque Terre desde G\u00e9nova\" \/>\n<meta property=\"og:description\" content=\"Emb\u00e1rcate en un exclusivo viaje de 8 horas a los impresionantes pueblos de Cinque Terre con Tour Travel and More. \u00a1Sum\u00e9rgete en la elegancia costera de Italia hoy mismo! \u2705\" \/>\n<meta property=\"og:url\" content=\"https:\/\/tourtravelandmore.com\/es\/tours\/italia-es\/genova-es\/excursion-privada-a-las-cinque-terre-desde-genova\/\" \/>\n<meta property=\"og:site_name\" content=\"Tour Travel And More\" \/>\n<meta property=\"article:publisher\" content=\"https:\/\/www.facebook.com\/tourtravelandmore\/\" \/>\n<meta property=\"article:modified_time\" content=\"2023-09-01T11:46:18+00:00\" \/>\n<meta property=\"og:image\" content=\"https:\/\/tourtravelandmore.com\/wp-content\/uploads\/2023\/09\/image5.jpg\" \/>\n\t<meta property=\"og:image:width\" content=\"950\" \/>\n\t<meta property=\"og:image:height\" content=\"750\" \/>\n\t<meta property=\"og:image:type\" content=\"image\/jpeg\" \/>\n<meta name=\"twitter:card\" content=\"summary_large_image\" \/>\n<meta name=\"twitter:site\" content=\"@TourTravel_More\" \/>\n<meta name=\"twitter:label1\" content=\"Tiempo de lectura\" \/>\n\t<meta name=\"twitter:data1\" content=\"2 minutos\" \/>\n<script type=\"application\/ld+json\" class=\"yoast-schema-graph\">{\"@context\":\"https:\/\/schema.org\",\"@graph\":[{\"@type\":\"WebPage\",\"@id\":\"https:\/\/tourtravelandmore.com\/es\/tours\/italia-es\/genova-es\/excursion-privada-a-las-cinque-terre-desde-genova\/\",\"url\":\"https:\/\/tourtravelandmore.com\/es\/tours\/italia-es\/genova-es\/excursion-privada-a-las-cinque-terre-desde-genova\/\",\"name\":\"\u27a1\ufe0f Tour Privado a Cinque Terre desde G\u00e9nova con Tour Travel and More\",\"isPartOf\":{\"@id\":\"https:\/\/tourtravelandmore.com\/es\/#website\"},\"primaryImageOfPage\":{\"@id\":\"https:\/\/tourtravelandmore.com\/es\/tours\/italia-es\/genova-es\/excursion-privada-a-las-cinque-terre-desde-genova\/#primaryimage\"},\"image\":{\"@id\":\"https:\/\/tourtravelandmore.com\/es\/tours\/italia-es\/genova-es\/excursion-privada-a-las-cinque-terre-desde-genova\/#primaryimage\"},\"thumbnailUrl\":\"https:\/\/tourtravelandmore.com\/wp-content\/uploads\/2023\/09\/image5.jpg\",\"datePublished\":\"2023-09-01T10:47:27+00:00\",\"dateModified\":\"2023-09-01T11:46:18+00:00\",\"description\":\"Emb\u00e1rcate en un exclusivo viaje de 8 horas a los impresionantes pueblos de Cinque Terre con Tour Travel and More. \u00a1Sum\u00e9rgete en la elegancia costera de Italia hoy mismo! \u2705\",\"breadcrumb\":{\"@id\":\"https:\/\/tourtravelandmore.com\/es\/tours\/italia-es\/genova-es\/excursion-privada-a-las-cinque-terre-desde-genova\/#breadcrumb\"},\"inLanguage\":\"es\",\"potentialAction\":[{\"@type\":\"ReadAction\",\"target\":[\"https:\/\/tourtravelandmore.com\/es\/tours\/italia-es\/genova-es\/excursion-privada-a-las-cinque-terre-desde-genova\/\"]}]},{\"@type\":\"ImageObject\",\"inLanguage\":\"es\",\"@id\":\"https:\/\/tourtravelandmore.com\/es\/tours\/italia-es\/genova-es\/excursion-privada-a-las-cinque-terre-desde-genova\/#primaryimage\",\"url\":\"https:\/\/tourtravelandmore.com\/wp-content\/uploads\/2023\/09\/image5.jpg\",\"contentUrl\":\"https:\/\/tourtravelandmore.com\/wp-content\/uploads\/2023\/09\/image5.jpg\",\"width\":950,\"height\":750},{\"@type\":\"BreadcrumbList\",\"@id\":\"https:\/\/tourtravelandmore.com\/es\/tours\/italia-es\/genova-es\/excursion-privada-a-las-cinque-terre-desde-genova\/#breadcrumb\",\"itemListElement\":[{\"@type\":\"ListItem\",\"position\":1,\"name\":\"Home\",\"item\":\"https:\/\/tourtravelandmore.com\/es\/\"},{\"@type\":\"ListItem\",\"position\":2,\"name\":\"Tours\",\"item\":\"https:\/\/tourtravelandmore.com\/es\/tours\/\"},{\"@type\":\"ListItem\",\"position\":3,\"name\":\"Excursi\u00f3n privada a las Cinque Terre desde G\u00e9nova\"}]},{\"@type\":\"WebSite\",\"@id\":\"https:\/\/tourtravelandmore.com\/es\/#website\",\"url\":\"https:\/\/tourtravelandmore.com\/es\/\",\"name\":\"Tour Travel And More\",\"description\":\"Private sightseeing tours and luxury transfers in Spain\",\"publisher\":{\"@id\":\"https:\/\/tourtravelandmore.com\/es\/#organization\"},\"potentialAction\":[{\"@type\":\"SearchAction\",\"target\":{\"@type\":\"EntryPoint\",\"urlTemplate\":\"https:\/\/tourtravelandmore.com\/es\/?s={search_term_string}\"},\"query-input\":{\"@type\":\"PropertyValueSpecification\",\"valueRequired\":true,\"valueName\":\"search_term_string\"}}],\"inLanguage\":\"es\"},{\"@type\":\"Organization\",\"@id\":\"https:\/\/tourtravelandmore.com\/es\/#organization\",\"name\":\"Tour Travel And More\",\"url\":\"https:\/\/tourtravelandmore.com\/es\/\",\"logo\":{\"@type\":\"ImageObject\",\"inLanguage\":\"es\",\"@id\":\"https:\/\/tourtravelandmore.com\/es\/#\/schema\/logo\/image\/\",\"url\":\"https:\/\/tourtravelandmore.com\/wp-content\/uploads\/2022\/12\/cropped-logo-cabecera-new.png\",\"contentUrl\":\"https:\/\/tourtravelandmore.com\/wp-content\/uploads\/2022\/12\/cropped-logo-cabecera-new.png\",\"width\":430,\"height\":61,\"caption\":\"Tour Travel And More\"},\"image\":{\"@id\":\"https:\/\/tourtravelandmore.com\/es\/#\/schema\/logo\/image\/\"},\"sameAs\":[\"https:\/\/www.facebook.com\/tourtravelandmore\/\",\"https:\/\/x.com\/TourTravel_More\"]}]}<\/script>\n<!-- \/ Yoast SEO Premium plugin. -->","yoast_head_json":{"title":"\u27a1\ufe0f Tour Privado a Cinque Terre desde G\u00e9nova con Tour Travel and More","description":"Emb\u00e1rcate en un exclusivo viaje de 8 horas a los impresionantes pueblos de Cinque Terre con Tour Travel and More. \u00a1Sum\u00e9rgete en la elegancia costera de Italia hoy mismo! \u2705","robots":{"index":"index","follow":"follow","max-snippet":"max-snippet:-1","max-image-preview":"max-image-preview:large","max-video-preview":"max-video-preview:-1"},"canonical":"https:\/\/tourtravelandmore.com\/es\/tours\/italia-es\/genova-es\/excursion-privada-a-las-cinque-terre-desde-genova\/","og_locale":"es_ES","og_type":"article","og_title":"Excursi\u00f3n privada a las Cinque Terre desde G\u00e9nova","og_description":"Emb\u00e1rcate en un exclusivo viaje de 8 horas a los impresionantes pueblos de Cinque Terre con Tour Travel and More. \u00a1Sum\u00e9rgete en la elegancia costera de Italia hoy mismo! \u2705","og_url":"https:\/\/tourtravelandmore.com\/es\/tours\/italia-es\/genova-es\/excursion-privada-a-las-cinque-terre-desde-genova\/","og_site_name":"Tour Travel And More","article_publisher":"https:\/\/www.facebook.com\/tourtravelandmore\/","article_modified_time":"2023-09-01T11:46:18+00:00","og_image":[{"width":950,"height":750,"url":"https:\/\/tourtravelandmore.com\/wp-content\/uploads\/2023\/09\/image5.jpg","type":"image\/jpeg"}],"twitter_card":"summary_large_image","twitter_site":"@TourTravel_More","twitter_misc":{"Tiempo de lectura":"2 minutos"},"schema":{"@context":"https:\/\/schema.org","@graph":[{"@type":"WebPage","@id":"https:\/\/tourtravelandmore.com\/es\/tours\/italia-es\/genova-es\/excursion-privada-a-las-cinque-terre-desde-genova\/","url":"https:\/\/tourtravelandmore.com\/es\/tours\/italia-es\/genova-es\/excursion-privada-a-las-cinque-terre-desde-genova\/","name":"\u27a1\ufe0f Tour Privado a Cinque Terre desde G\u00e9nova con Tour Travel and More","isPartOf":{"@id":"https:\/\/tourtravelandmore.com\/es\/#website"},"primaryImageOfPage":{"@id":"https:\/\/tourtravelandmore.com\/es\/tours\/italia-es\/genova-es\/excursion-privada-a-las-cinque-terre-desde-genova\/#primaryimage"},"image":{"@id":"https:\/\/tourtravelandmore.com\/es\/tours\/italia-es\/genova-es\/excursion-privada-a-las-cinque-terre-desde-genova\/#primaryimage"},"thumbnailUrl":"https:\/\/tourtravelandmore.com\/wp-content\/uploads\/2023\/09\/image5.jpg","datePublished":"2023-09-01T10:47:27+00:00","dateModified":"2023-09-01T11:46:18+00:00","description":"Emb\u00e1rcate en un exclusivo viaje de 8 horas a los impresionantes pueblos de Cinque Terre con Tour Travel and More. \u00a1Sum\u00e9rgete en la elegancia costera de Italia hoy mismo! \u2705","breadcrumb":{"@id":"https:\/\/tourtravelandmore.com\/es\/tours\/italia-es\/genova-es\/excursion-privada-a-las-cinque-terre-desde-genova\/#breadcrumb"},"inLanguage":"es","potentialAction":[{"@type":"ReadAction","target":["https:\/\/tourtravelandmore.com\/es\/tours\/italia-es\/genova-es\/excursion-privada-a-las-cinque-terre-desde-genova\/"]}]},{"@type":"ImageObject","inLanguage":"es","@id":"https:\/\/tourtravelandmore.com\/es\/tours\/italia-es\/genova-es\/excursion-privada-a-las-cinque-terre-desde-genova\/#primaryimage","url":"https:\/\/tourtravelandmore.com\/wp-content\/uploads\/2023\/09\/image5.jpg","contentUrl":"https:\/\/tourtravelandmore.com\/wp-content\/uploads\/2023\/09\/image5.jpg","width":950,"height":750},{"@type":"BreadcrumbList","@id":"https:\/\/tourtravelandmore.com\/es\/tours\/italia-es\/genova-es\/excursion-privada-a-las-cinque-terre-desde-genova\/#breadcrumb","itemListElement":[{"@type":"ListItem","position":1,"name":"Home","item":"https:\/\/tourtravelandmore.com\/es\/"},{"@type":"ListItem","position":2,"name":"Tours","item":"https:\/\/tourtravelandmore.com\/es\/tours\/"},{"@type":"ListItem","position":3,"name":"Excursi\u00f3n privada a las Cinque Terre desde G\u00e9nova"}]},{"@type":"WebSite","@id":"https:\/\/tourtravelandmore.com\/es\/#website","url":"https:\/\/tourtravelandmore.com\/es\/","name":"Tour Travel And More","description":"Private sightseeing tours and luxury transfers in Spain","publisher":{"@id":"https:\/\/tourtravelandmore.com\/es\/#organization"},"potentialAction":[{"@type":"SearchAction","target":{"@type":"EntryPoint","urlTemplate":"https:\/\/tourtravelandmore.com\/es\/?s={search_term_string}"},"query-input":{"@type":"PropertyValueSpecification","valueRequired":true,"valueName":"search_term_string"}}],"inLanguage":"es"},{"@type":"Organization","@id":"https:\/\/tourtravelandmore.com\/es\/#organization","name":"Tour Travel And More","url":"https:\/\/tourtravelandmore.com\/es\/","logo":{"@type":"ImageObject","inLanguage":"es","@id":"https:\/\/tourtravelandmore.com\/es\/#\/schema\/logo\/image\/","url":"https:\/\/tourtravelandmore.com\/wp-content\/uploads\/2022\/12\/cropped-logo-cabecera-new.png","contentUrl":"https:\/\/tourtravelandmore.com\/wp-content\/uploads\/2022\/12\/cropped-logo-cabecera-new.png","width":430,"height":61,"caption":"Tour Travel And More"},"image":{"@id":"https:\/\/tourtravelandmore.com\/es\/#\/schema\/logo\/image\/"},"sameAs":["https:\/\/www.facebook.com\/tourtravelandmore\/","https:\/\/x.com\/TourTravel_More"]}]}},"_links":{"self":[{"href":"https:\/\/tourtravelandmore.com\/es\/wp-json\/wp\/v2\/product\/169818","targetHints":{"allow":["GET"]}}],"collection":[{"href":"https:\/\/tourtravelandmore.com\/es\/wp-json\/wp\/v2\/product"}],"about":[{"href":"https:\/\/tourtravelandmore.com\/es\/wp-json\/wp\/v2\/types\/product"}],"replies":[{"embeddable":true,"href":"https:\/\/tourtravelandmore.com\/es\/wp-json\/wp\/v2\/comments?post=169818"}],"wp:featuredmedia":[{"embeddable":true,"href":"https:\/\/tourtravelandmore.com\/es\/wp-json\/wp\/v2\/media\/169849"}],"wp:attachment":[{"href":"https:\/\/tourtravelandmore.com\/es\/wp-json\/wp\/v2\/media?parent=169818"}],"wp:term":[{"taxonomy":"product_brand","embeddable":true,"href":"https:\/\/tourtravelandmore.com\/es\/wp-json\/wp\/v2\/product_brand?post=169818"},{"taxonomy":"product_cat","embeddable":true,"href":"https:\/\/tourtravelandmore.com\/es\/wp-json\/wp\/v2\/product_cat?post=169818"},{"taxonomy":"product_tag","embeddable":true,"href":"https:\/\/tourtravelandmore.com\/es\/wp-json\/wp\/v2\/product_tag?post=169818"}],"curies":[{"name":"wp","href":"https:\/\/api.w.org\/{rel}","templated":true}]}}