{"id":169769,"date":"2023-08-28T11:55:33","date_gmt":"2023-08-28T09:55:37","guid":{"rendered":"https:\/\/tourtravelandmore.com\/?post_type=product&#038;p=169769"},"modified":"2023-08-28T12:13:02","modified_gmt":"2023-08-28T10:13:02","slug":"traslados-privados-en-genova-hacia-desde-cualquier-sitio-copy","status":"publish","type":"product","link":"https:\/\/tourtravelandmore.com\/es\/tours\/italia-es\/genova-es\/traslados-privados-en-genova-hacia-desde-cualquier-sitio-copy\/","title":{"rendered":"Traslado Privado desde\/hasta el Aeropuerto de G\u00e9nova"},"content":{"rendered":"<h2><b>Traslado Privado desde\/hasta el Aeropuerto de G\u00e9nova Descripci\u00f3n:<\/b><\/h2>\n<p><span style=\"font-weight: 400;\">Viaje con la m\u00e1xima comodidad y lujo con nuestro distinguido servicio de &#8220;Traslado Privado desde\/hasta el Aeropuerto de G\u00e9nova&#8221;. En Tour Travel and More, nos enorgullecemos de trascender el transporte tradicional. Cuando usted nos elige, usted est\u00e1 abrazando un viaje elevado, sin fisuras, que se inicia desde el mismo segundo que la gracia de G\u00e9nova. Reconocido como uno de los principales servicios de traslado de la regi\u00f3n, nuestro compromiso con la excelencia es inquebrantable. Todos los veh\u00edculos de nuestra amplia flota se revisan peri\u00f3dicamente y se mantienen al m\u00e1s alto nivel, garantizando que su viaje sea suave, c\u00f3modo e inequ\u00edvocamente seguro. Conf\u00ede su viaje a nuestros experimentados conductores, expertos no solamente al volante, sino tambi\u00e9n en su intrincado conocimiento de las calles y lugares emblem\u00e1ticos de G\u00e9nova. Mientras recorre la ciudad, deje que el estr\u00e9s del viaje se disipe. Con Tour Travel and More, tiene asegurada una transici\u00f3n serena, tanto si est\u00e1 iniciando una aventura italiana como si est\u00e1 poniendo punto final a su viaje.<\/span><\/p>\n<h2><b>Traslado Privado desde\/hasta el Aeropuerto de G\u00e9nova | Puntos de Inter\u00e9s:<\/b><\/h2>\n<p><span style=\"font-weight: 400;\">Aunque nuestro principal objetivo es llevarle r\u00e1pidamente a su destino, el viaje en s\u00ed puede ser una introducci\u00f3n a la magia de G\u00e9nova. A medida que atraviesa la ciudad, deje que sus ojos vaguen y emp\u00e1pese de las magn\u00edficas maravillas arquitect\u00f3nicas de G\u00e9nova y sus hitos hist\u00f3ricos.<\/span><\/p>\n<ul>\n<li style=\"font-weight: 400;\" aria-level=\"1\"><b>Palacio Rosso: <\/b><span style=\"font-weight: 400;\">Espl\u00e9ndido ejemplar de la arquitectura barroca genovesa, este palacio de tonos rojizos alberga una rica colecci\u00f3n de obras de arte y ofrece una visi\u00f3n del opulento pasado de la ciudad.<\/span><\/li>\n<li style=\"font-weight: 400;\" aria-level=\"1\"><b>Catedral de San Lorenzo (Cattedrale di San Lorenzo):<\/b><span style=\"font-weight: 400;\"> Este impresionante edificio g\u00f3tico-rom\u00e1nico es un testimonio de la devoci\u00f3n religiosa y la destreza arquitect\u00f3nica de G\u00e9nova. Sus interiores decorados con mosaicos y la majestuosa fachada capturan la esencia de la artesan\u00eda medieval europea.<\/span><\/li>\n<li style=\"font-weight: 400;\" aria-level=\"1\"><b>Via Garibaldi:<\/b><span style=\"font-weight: 400;\"> anta\u00f1o llamada Strada Nuova o &#8220;Calle Nueva&#8221;, esta calle declarada Patrimonio de la Humanidad por la UNESCO est\u00e1 repleta de grandes palacios, cada uno de los cuales evoca la \u00e9poca dorada de G\u00e9nova durante el Renacimiento.<\/span><\/li>\n<li style=\"font-weight: 400;\" aria-level=\"1\"><b>Puerto Antiguo:<\/b><span style=\"font-weight: 400;\"> El Puerto Viejo, rejuvenecido por el renombrado arquitecto Renzo Piano, es una deliciosa mezcla de lo antiguo y lo nuevo. Aqu\u00ed, las antiguas murallas del puerto coexisten con atracciones modernas como la Biosfera y el Bigo.<\/span><\/li>\n<li style=\"font-weight: 400;\" aria-level=\"1\"><b>Acuario de G\u00e9nova:<\/b><span style=\"font-weight: 400;\"> Situado en el Porto Antico, es el mayor acuario de Italia y uno de los m\u00e1s extensos de Europa. Con una vasta colecci\u00f3n de especies marinas, ofrece una inmersi\u00f3n profunda en los misterios del mundo submarino.<\/span><\/li>\n<li style=\"font-weight: 400;\" aria-level=\"1\"><b>Piazza De Ferrari:<\/b><span style=\"font-weight: 400;\"> El coraz\u00f3n de G\u00e9nova, esta gran plaza est\u00e1 rodeada de edificios hist\u00f3ricos y la hipnotizante fuente de su centro act\u00faa como faro para lugare\u00f1os y turistas por igual. Cerca, la \u00d3pera y la Bolsa ponen de relieve la mezcla de cultura y comercio de G\u00e9nova.<\/span><\/li>\n<li style=\"font-weight: 400;\" aria-level=\"1\"><b>Santa Maria di Castello:<\/b><span style=\"font-weight: 400;\"> Complejo formado por una iglesia, un claustro y una torre, es una joya oculta que se remonta a la primera \u00e9poca cristiana de G\u00e9nova. Su historia en capas, desde los cimientos romanos hasta las expansiones medievales, muestra el rico tapiz de culturas y \u00e9pocas de la ciudad.<\/span><\/li>\n<\/ul>\n<p>&nbsp;<\/p>\n<p><span style=\"font-weight: 400;\">Para una exploraci\u00f3n m\u00e1s profunda de estos fascinantes lugares y muchos m\u00e1s, Tour Travel and More se enorgullece de presentar una lista de visitas privadas adaptadas a sus intereses. <\/span><a href=\"https:\/\/tourtravelandmore.com\/es\/ciudad\/italia-es\/genova-es\/\"><span style=\"font-weight: 400;\">Descubra G\u00e9nova en su totalidad y d\u00e9jese envolver por su encanto<\/span><\/a><span style=\"font-weight: 400;\">.<\/span><span style=\"font-weight: 400;\"> Explore nuestra amplia oferta en el sitio web oficial de Tour Travel and More.<\/span><\/p>\n","protected":false},"excerpt":{"rendered":"<p><span style=\"font-weight: 400;\">Eleve su experiencia de viaje en G\u00e9nova con nuestro servicio premium de traslados privados. Recorra la ciudad con lujo, comodidad y la promesa de fiabilidad.<\/span><\/p>\n","protected":false},"featured_media":169785,"comment_status":"open","ping_status":"closed","template":"","meta":{"_acf_changed":false},"product_brand":[],"product_cat":[698,704,722],"product_tag":[],"class_list":{"0":"post-169769","1":"product","2":"type-product","3":"status-publish","4":"has-post-thumbnail","6":"product_cat-genova-es","7":"product_cat-genova-actividades-es","8":"product_cat-genova-traslados-es","10":"first","11":"instock","12":"shipping-taxable","13":"purchasable","14":"product-type-simple"},"acf":[],"yoast_head":"<!-- This site is optimized with the Yoast SEO Premium plugin v25.3.1 (Yoast SEO v25.3.1) - https:\/\/yoast.com\/wordpress\/plugins\/seo\/ -->\n<title>\u27a1\ufe0f Servicio Premium de traslados privados en G\u00e9nova | Tour Travel &amp; More<\/title>\n<meta name=\"description\" content=\"Experimente la grandeza de G\u00e9nova sin problemas con nuestro servicio de traslado al aeropuerto de primera clase. La fiabilidad se une al lujo con Tour Travel and More. \u2705\" \/>\n<meta name=\"robots\" content=\"index, follow, max-snippet:-1, max-image-preview:large, max-video-preview:-1\" \/>\n<link rel=\"canonical\" href=\"https:\/\/tourtravelandmore.com\/es\/tours\/italia-es\/genova-es\/traslados-privados-en-genova-hacia-desde-cualquier-sitio-copy\/\" \/>\n<meta property=\"og:locale\" content=\"es_ES\" \/>\n<meta property=\"og:type\" content=\"article\" \/>\n<meta property=\"og:title\" content=\"Traslado Privado desde\/hasta el Aeropuerto de G\u00e9nova\" \/>\n<meta property=\"og:description\" content=\"Experimente la grandeza de G\u00e9nova sin problemas con nuestro servicio de traslado al aeropuerto de primera clase. La fiabilidad se une al lujo con Tour Travel and More. \u2705\" \/>\n<meta property=\"og:url\" content=\"https:\/\/tourtravelandmore.com\/es\/tours\/italia-es\/genova-es\/traslados-privados-en-genova-hacia-desde-cualquier-sitio-copy\/\" \/>\n<meta property=\"og:site_name\" content=\"Tour Travel And More\" \/>\n<meta property=\"article:publisher\" content=\"https:\/\/www.facebook.com\/tourtravelandmore\/\" \/>\n<meta property=\"article:modified_time\" content=\"2023-08-28T10:13:02+00:00\" \/>\n<meta property=\"og:image\" content=\"https:\/\/tourtravelandmore.com\/wp-content\/uploads\/2023\/08\/1.jpg\" \/>\n\t<meta property=\"og:image:width\" content=\"950\" \/>\n\t<meta property=\"og:image:height\" content=\"750\" \/>\n\t<meta property=\"og:image:type\" content=\"image\/jpeg\" \/>\n<meta name=\"twitter:card\" content=\"summary_large_image\" \/>\n<meta name=\"twitter:site\" content=\"@TourTravel_More\" \/>\n<meta name=\"twitter:label1\" content=\"Tiempo de lectura\" \/>\n\t<meta name=\"twitter:data1\" content=\"3 minutos\" \/>\n<script type=\"application\/ld+json\" class=\"yoast-schema-graph\">{\"@context\":\"https:\/\/schema.org\",\"@graph\":[{\"@type\":\"WebPage\",\"@id\":\"https:\/\/tourtravelandmore.com\/es\/tours\/italia-es\/genova-es\/traslados-privados-en-genova-hacia-desde-cualquier-sitio-copy\/\",\"url\":\"https:\/\/tourtravelandmore.com\/es\/tours\/italia-es\/genova-es\/traslados-privados-en-genova-hacia-desde-cualquier-sitio-copy\/\",\"name\":\"\u27a1\ufe0f Servicio Premium de traslados privados en G\u00e9nova | Tour Travel & More\",\"isPartOf\":{\"@id\":\"https:\/\/tourtravelandmore.com\/es\/#website\"},\"primaryImageOfPage\":{\"@id\":\"https:\/\/tourtravelandmore.com\/es\/tours\/italia-es\/genova-es\/traslados-privados-en-genova-hacia-desde-cualquier-sitio-copy\/#primaryimage\"},\"image\":{\"@id\":\"https:\/\/tourtravelandmore.com\/es\/tours\/italia-es\/genova-es\/traslados-privados-en-genova-hacia-desde-cualquier-sitio-copy\/#primaryimage\"},\"thumbnailUrl\":\"https:\/\/tourtravelandmore.com\/wp-content\/uploads\/2023\/08\/1.jpg\",\"datePublished\":\"2023-08-28T09:55:37+00:00\",\"dateModified\":\"2023-08-28T10:13:02+00:00\",\"description\":\"Experimente la grandeza de G\u00e9nova sin problemas con nuestro servicio de traslado al aeropuerto de primera clase. La fiabilidad se une al lujo con Tour Travel and More. \u2705\",\"breadcrumb\":{\"@id\":\"https:\/\/tourtravelandmore.com\/es\/tours\/italia-es\/genova-es\/traslados-privados-en-genova-hacia-desde-cualquier-sitio-copy\/#breadcrumb\"},\"inLanguage\":\"es\",\"potentialAction\":[{\"@type\":\"ReadAction\",\"target\":[\"https:\/\/tourtravelandmore.com\/es\/tours\/italia-es\/genova-es\/traslados-privados-en-genova-hacia-desde-cualquier-sitio-copy\/\"]}]},{\"@type\":\"ImageObject\",\"inLanguage\":\"es\",\"@id\":\"https:\/\/tourtravelandmore.com\/es\/tours\/italia-es\/genova-es\/traslados-privados-en-genova-hacia-desde-cualquier-sitio-copy\/#primaryimage\",\"url\":\"https:\/\/tourtravelandmore.com\/wp-content\/uploads\/2023\/08\/1.jpg\",\"contentUrl\":\"https:\/\/tourtravelandmore.com\/wp-content\/uploads\/2023\/08\/1.jpg\",\"width\":950,\"height\":750},{\"@type\":\"BreadcrumbList\",\"@id\":\"https:\/\/tourtravelandmore.com\/es\/tours\/italia-es\/genova-es\/traslados-privados-en-genova-hacia-desde-cualquier-sitio-copy\/#breadcrumb\",\"itemListElement\":[{\"@type\":\"ListItem\",\"position\":1,\"name\":\"Home\",\"item\":\"https:\/\/tourtravelandmore.com\/es\/\"},{\"@type\":\"ListItem\",\"position\":2,\"name\":\"Tours\",\"item\":\"https:\/\/tourtravelandmore.com\/es\/tours\/\"},{\"@type\":\"ListItem\",\"position\":3,\"name\":\"Traslado Privado desde\/hasta el Aeropuerto de G\u00e9nova\"}]},{\"@type\":\"WebSite\",\"@id\":\"https:\/\/tourtravelandmore.com\/es\/#website\",\"url\":\"https:\/\/tourtravelandmore.com\/es\/\",\"name\":\"Tour Travel And More\",\"description\":\"Private sightseeing tours and luxury transfers in Spain\",\"publisher\":{\"@id\":\"https:\/\/tourtravelandmore.com\/es\/#organization\"},\"potentialAction\":[{\"@type\":\"SearchAction\",\"target\":{\"@type\":\"EntryPoint\",\"urlTemplate\":\"https:\/\/tourtravelandmore.com\/es\/?s={search_term_string}\"},\"query-input\":{\"@type\":\"PropertyValueSpecification\",\"valueRequired\":true,\"valueName\":\"search_term_string\"}}],\"inLanguage\":\"es\"},{\"@type\":\"Organization\",\"@id\":\"https:\/\/tourtravelandmore.com\/es\/#organization\",\"name\":\"Tour Travel And More\",\"url\":\"https:\/\/tourtravelandmore.com\/es\/\",\"logo\":{\"@type\":\"ImageObject\",\"inLanguage\":\"es\",\"@id\":\"https:\/\/tourtravelandmore.com\/es\/#\/schema\/logo\/image\/\",\"url\":\"https:\/\/tourtravelandmore.com\/wp-content\/uploads\/2022\/12\/cropped-logo-cabecera-new.png\",\"contentUrl\":\"https:\/\/tourtravelandmore.com\/wp-content\/uploads\/2022\/12\/cropped-logo-cabecera-new.png\",\"width\":430,\"height\":61,\"caption\":\"Tour Travel And More\"},\"image\":{\"@id\":\"https:\/\/tourtravelandmore.com\/es\/#\/schema\/logo\/image\/\"},\"sameAs\":[\"https:\/\/www.facebook.com\/tourtravelandmore\/\",\"https:\/\/x.com\/TourTravel_More\"]}]}<\/script>\n<!-- \/ Yoast SEO Premium plugin. -->","yoast_head_json":{"title":"\u27a1\ufe0f Servicio Premium de traslados privados en G\u00e9nova | Tour Travel & More","description":"Experimente la grandeza de G\u00e9nova sin problemas con nuestro servicio de traslado al aeropuerto de primera clase. La fiabilidad se une al lujo con Tour Travel and More. \u2705","robots":{"index":"index","follow":"follow","max-snippet":"max-snippet:-1","max-image-preview":"max-image-preview:large","max-video-preview":"max-video-preview:-1"},"canonical":"https:\/\/tourtravelandmore.com\/es\/tours\/italia-es\/genova-es\/traslados-privados-en-genova-hacia-desde-cualquier-sitio-copy\/","og_locale":"es_ES","og_type":"article","og_title":"Traslado Privado desde\/hasta el Aeropuerto de G\u00e9nova","og_description":"Experimente la grandeza de G\u00e9nova sin problemas con nuestro servicio de traslado al aeropuerto de primera clase. La fiabilidad se une al lujo con Tour Travel and More. \u2705","og_url":"https:\/\/tourtravelandmore.com\/es\/tours\/italia-es\/genova-es\/traslados-privados-en-genova-hacia-desde-cualquier-sitio-copy\/","og_site_name":"Tour Travel And More","article_publisher":"https:\/\/www.facebook.com\/tourtravelandmore\/","article_modified_time":"2023-08-28T10:13:02+00:00","og_image":[{"width":950,"height":750,"url":"https:\/\/tourtravelandmore.com\/wp-content\/uploads\/2023\/08\/1.jpg","type":"image\/jpeg"}],"twitter_card":"summary_large_image","twitter_site":"@TourTravel_More","twitter_misc":{"Tiempo de lectura":"3 minutos"},"schema":{"@context":"https:\/\/schema.org","@graph":[{"@type":"WebPage","@id":"https:\/\/tourtravelandmore.com\/es\/tours\/italia-es\/genova-es\/traslados-privados-en-genova-hacia-desde-cualquier-sitio-copy\/","url":"https:\/\/tourtravelandmore.com\/es\/tours\/italia-es\/genova-es\/traslados-privados-en-genova-hacia-desde-cualquier-sitio-copy\/","name":"\u27a1\ufe0f Servicio Premium de traslados privados en G\u00e9nova | Tour Travel & More","isPartOf":{"@id":"https:\/\/tourtravelandmore.com\/es\/#website"},"primaryImageOfPage":{"@id":"https:\/\/tourtravelandmore.com\/es\/tours\/italia-es\/genova-es\/traslados-privados-en-genova-hacia-desde-cualquier-sitio-copy\/#primaryimage"},"image":{"@id":"https:\/\/tourtravelandmore.com\/es\/tours\/italia-es\/genova-es\/traslados-privados-en-genova-hacia-desde-cualquier-sitio-copy\/#primaryimage"},"thumbnailUrl":"https:\/\/tourtravelandmore.com\/wp-content\/uploads\/2023\/08\/1.jpg","datePublished":"2023-08-28T09:55:37+00:00","dateModified":"2023-08-28T10:13:02+00:00","description":"Experimente la grandeza de G\u00e9nova sin problemas con nuestro servicio de traslado al aeropuerto de primera clase. La fiabilidad se une al lujo con Tour Travel and More. \u2705","breadcrumb":{"@id":"https:\/\/tourtravelandmore.com\/es\/tours\/italia-es\/genova-es\/traslados-privados-en-genova-hacia-desde-cualquier-sitio-copy\/#breadcrumb"},"inLanguage":"es","potentialAction":[{"@type":"ReadAction","target":["https:\/\/tourtravelandmore.com\/es\/tours\/italia-es\/genova-es\/traslados-privados-en-genova-hacia-desde-cualquier-sitio-copy\/"]}]},{"@type":"ImageObject","inLanguage":"es","@id":"https:\/\/tourtravelandmore.com\/es\/tours\/italia-es\/genova-es\/traslados-privados-en-genova-hacia-desde-cualquier-sitio-copy\/#primaryimage","url":"https:\/\/tourtravelandmore.com\/wp-content\/uploads\/2023\/08\/1.jpg","contentUrl":"https:\/\/tourtravelandmore.com\/wp-content\/uploads\/2023\/08\/1.jpg","width":950,"height":750},{"@type":"BreadcrumbList","@id":"https:\/\/tourtravelandmore.com\/es\/tours\/italia-es\/genova-es\/traslados-privados-en-genova-hacia-desde-cualquier-sitio-copy\/#breadcrumb","itemListElement":[{"@type":"ListItem","position":1,"name":"Home","item":"https:\/\/tourtravelandmore.com\/es\/"},{"@type":"ListItem","position":2,"name":"Tours","item":"https:\/\/tourtravelandmore.com\/es\/tours\/"},{"@type":"ListItem","position":3,"name":"Traslado Privado desde\/hasta el Aeropuerto de G\u00e9nova"}]},{"@type":"WebSite","@id":"https:\/\/tourtravelandmore.com\/es\/#website","url":"https:\/\/tourtravelandmore.com\/es\/","name":"Tour Travel And More","description":"Private sightseeing tours and luxury transfers in Spain","publisher":{"@id":"https:\/\/tourtravelandmore.com\/es\/#organization"},"potentialAction":[{"@type":"SearchAction","target":{"@type":"EntryPoint","urlTemplate":"https:\/\/tourtravelandmore.com\/es\/?s={search_term_string}"},"query-input":{"@type":"PropertyValueSpecification","valueRequired":true,"valueName":"search_term_string"}}],"inLanguage":"es"},{"@type":"Organization","@id":"https:\/\/tourtravelandmore.com\/es\/#organization","name":"Tour Travel And More","url":"https:\/\/tourtravelandmore.com\/es\/","logo":{"@type":"ImageObject","inLanguage":"es","@id":"https:\/\/tourtravelandmore.com\/es\/#\/schema\/logo\/image\/","url":"https:\/\/tourtravelandmore.com\/wp-content\/uploads\/2022\/12\/cropped-logo-cabecera-new.png","contentUrl":"https:\/\/tourtravelandmore.com\/wp-content\/uploads\/2022\/12\/cropped-logo-cabecera-new.png","width":430,"height":61,"caption":"Tour Travel And More"},"image":{"@id":"https:\/\/tourtravelandmore.com\/es\/#\/schema\/logo\/image\/"},"sameAs":["https:\/\/www.facebook.com\/tourtravelandmore\/","https:\/\/x.com\/TourTravel_More"]}]}},"_links":{"self":[{"href":"https:\/\/tourtravelandmore.com\/es\/wp-json\/wp\/v2\/product\/169769","targetHints":{"allow":["GET"]}}],"collection":[{"href":"https:\/\/tourtravelandmore.com\/es\/wp-json\/wp\/v2\/product"}],"about":[{"href":"https:\/\/tourtravelandmore.com\/es\/wp-json\/wp\/v2\/types\/product"}],"replies":[{"embeddable":true,"href":"https:\/\/tourtravelandmore.com\/es\/wp-json\/wp\/v2\/comments?post=169769"}],"wp:featuredmedia":[{"embeddable":true,"href":"https:\/\/tourtravelandmore.com\/es\/wp-json\/wp\/v2\/media\/169785"}],"wp:attachment":[{"href":"https:\/\/tourtravelandmore.com\/es\/wp-json\/wp\/v2\/media?parent=169769"}],"wp:term":[{"taxonomy":"product_brand","embeddable":true,"href":"https:\/\/tourtravelandmore.com\/es\/wp-json\/wp\/v2\/product_brand?post=169769"},{"taxonomy":"product_cat","embeddable":true,"href":"https:\/\/tourtravelandmore.com\/es\/wp-json\/wp\/v2\/product_cat?post=169769"},{"taxonomy":"product_tag","embeddable":true,"href":"https:\/\/tourtravelandmore.com\/es\/wp-json\/wp\/v2\/product_tag?post=169769"}],"curies":[{"name":"wp","href":"https:\/\/api.w.org\/{rel}","templated":true}]}}