{"id":169550,"date":"2023-07-28T10:15:28","date_gmt":"2023-07-28T08:15:32","guid":{"rendered":"https:\/\/tourtravelandmore.com\/?post_type=product&#038;p=169550"},"modified":"2023-10-11T15:24:50","modified_gmt":"2023-10-11T13:24:50","slug":"excursion-privada-de-un-dia-por-verona-y-el-lago-de-garda","status":"publish","type":"product","link":"https:\/\/tourtravelandmore.com\/es\/tours\/italia-es\/verona-es\/excursion-privada-de-un-dia-por-verona-y-el-lago-de-garda\/","title":{"rendered":"Excursi\u00f3n privada de un d\u00eda por Verona y el Lago de Garda"},"content":{"rendered":"<h2><b>Excursi\u00f3n privada de un d\u00eda por Verona y el Lago de Garda Descripci\u00f3n<\/b><\/h2>\n<p><span style=\"font-weight: 400;\">Ad\u00e9ntrese en un mundo de encantador romanticismo e impresionante belleza natural con nuestro Tour Privado de D\u00eda Completo de Verona y el Lago de Garda. Con una duraci\u00f3n de m\u00e1s de ocho horas, un gu\u00eda durante todo el recorrido y un veh\u00edculo durante cinco horas, este tour ofrece la oportunidad \u00fanica de explorar dos de los tesoros m\u00e1s preciados de Italia.<\/span><\/p>\n<p><span style=\"font-weight: 400;\">Su viaje comienza en el coraz\u00f3n de Verona, ciudad inmortalizada por la famosa obra de Shakespeare &#8220;Romeo y Julieta&#8221;. Deambule por sus calles empedradas, admire sus maravillas arquitect\u00f3nicas y emp\u00e1pese de su vibrante cultura. Conozca la arraigada historia de Verona de la mano de un gu\u00eda experto y descubra por qu\u00e9 merece la pena visitar esta ciudad. Experimente el profundo romanticismo de la ciudad con una visita a la Casa di Giulietta, supuestamente la casa de Julieta, con el famoso balc\u00f3n donde los amantes se declararon su amor.<\/span><\/p>\n<p><span style=\"font-weight: 400;\">Desde all\u00ed, nos dirigiremos al lago de Garda, el mayor de Italia. Enclavado entre imponentes monta\u00f1as y adornado con pintorescos pueblos a lo largo de sus orillas, el lago de Garda es un para\u00edso para los amantes de la naturaleza. Sus brillantes aguas azules y sus impresionantes panor\u00e1micas crean una atm\u00f3sfera serena que contrasta a la perfecci\u00f3n con el animado bullicio de Verona. Las pintorescas ciudades de Garda y Sirmione ofrecen deliciosas oportunidades de exploraci\u00f3n con sus encantadoras calles y encantadores restaurantes.<\/span><\/p>\n<h2><b>Excursi\u00f3n privada de d\u00eda completo por Verona y el Lago de Garda Puntos de inter\u00e9s<\/b><\/h2>\n<p>Dentro de este completo recorrido de Verona y el Lago de Garda, los primeros momentos ser\u00e1n exclusivamente a pie por la rom\u00e1ntica Verona. Durante estas primeras tres horas, nuestro gu\u00eda le llevar\u00e1 a trav\u00e9s de las encantadoras calles de esta ciudad hist\u00f3rica, ofreciendo una inmersi\u00f3n profunda en sus secretos y maravillas. Tras explorar Verona, continuaremos la aventura, pero esta vez con el confort de nuestro veh\u00edculo de lujo. En compa\u00f1\u00eda de nuestro chofer y gu\u00eda, nos dirigiremos hacia el Lago di Garda, permitiendo que experimente la majestuosidad del lago y sus pintorescas aldeas circundantes. Esta estructura garantiza que cada hu\u00e9sped disfrute de una experiencia personalizada y completa de dos de las joyas m\u00e1s brillantes de Italia.<\/p>\n<ul>\n<li><span style=\"font-weight: 400;\"><strong>Verona:<\/strong> Nuestra primera parada es Verona, una ciudad llena de historia y cultura. Esta ciudad, declarada Patrimonio de la Humanidad por la UNESCO, alberga obras maestras de la arquitectura como la Arena de Verona, un antiguo anfiteatro romano que a\u00fan se utiliza para representaciones oper\u00edsticas y teatrales. La combinaci\u00f3n de arte, historia y romanticismo hace de Verona un destino irresistible.<\/span><\/li>\n<li style=\"font-weight: 400;\" aria-level=\"1\"><b>Lago de Garda:<\/b><span style=\"font-weight: 400;\"> A continuaci\u00f3n, nos dirigimos al majestuoso Lago de Garda. Los visitantes pueden disfrutar de una vista panor\u00e1mica del lago desde el Monte Baldo o explorar los numerosos pueblos a orillas del lago, cada uno con su encanto \u00fanico. Para los amantes del vino, los vi\u00f1edos que rodean el lago ofrecen una visi\u00f3n de la c\u00e9lebre tradici\u00f3n vin\u00edcola italiana.<\/span><\/li>\n<li style=\"font-weight: 400;\" aria-level=\"1\"><b>Sirmione:<\/b><span style=\"font-weight: 400;\"> Ning\u00fan viaje al lago de Garda est\u00e1 completo sin una parada en Sirmione. Situada en una pen\u00ednsula que se adentra en el lago, Sirmione ofrece una mezcla \u00fanica de historia natural y cultural. No se pierda la oportunidad de visitar las ruinas romanas de Grotte di Catullo o de darse un relajante ba\u00f1o en las termas de Sirmione.<\/span><\/li>\n<\/ul>\n<p><a href=\"https:\/\/tourtravelandmore.com\/es\/ciudad\/italia-es\/verona-es\/\"><span style=\"font-weight: 400;\">No espere m\u00e1s, descubra Verona y el Lago de Garda a su manera.<\/span><\/a><span style=\"font-weight: 400;\"> En Tour Travel and More le ofrecemos un servicio excepcional y personalizado, adaptado a sus preferencias e intereses. Cada tour es una aventura dise\u00f1ada especialmente para usted, que le ofrece una visi\u00f3n \u00fanica e \u00edntima de estos fascinantes destinos italianos. Explore la amplia gama de tours privados que ofrecemos en Verona y sus alrededores en nuestra p\u00e1gina web. Reserve hoy mismo una experiencia inolvidable.<\/span><\/p>\n","protected":false},"excerpt":{"rendered":"<p><span style=\"font-weight: 400;\">Emb\u00e1rquese en un viaje m\u00e1gico por la rom\u00e1ntica ciudad de Verona y el majestuoso Lago de Garda. Descubra la rica historia y la belleza natural que hacen de estos destinos italianos una visita obligada<\/span><\/p>\n","protected":false},"featured_media":169569,"comment_status":"open","ping_status":"closed","template":"","meta":{"_acf_changed":false},"product_brand":[],"product_cat":[702,708,720],"product_tag":[],"class_list":{"0":"post-169550","1":"product","2":"type-product","3":"status-publish","4":"has-post-thumbnail","6":"product_cat-verona-es","7":"product_cat-verona-actividades-es","8":"product_cat-verona-rutas-turisticas-privadas-es","10":"first","11":"instock","12":"shipping-taxable","13":"purchasable","14":"product-type-simple"},"acf":[],"yoast_head":"<!-- This site is optimized with the Yoast SEO Premium plugin v25.3.1 (Yoast SEO v25.3.1) - https:\/\/yoast.com\/wordpress\/plugins\/seo\/ -->\n<title>\u27a1\ufe0f Excursi\u00f3n privada de un d\u00eda a Verona y el Lago de Garda<\/title>\n<meta name=\"description\" content=\"Descubra la belleza y la riqueza hist\u00f3rica de Verona y el Lago de Garda en un tour privado. Viva lo mejor de Italia con nosotros. Reserve ahora. \u2705\" \/>\n<meta name=\"robots\" content=\"index, follow, max-snippet:-1, max-image-preview:large, max-video-preview:-1\" \/>\n<link rel=\"canonical\" href=\"https:\/\/tourtravelandmore.com\/es\/tours\/italia-es\/verona-es\/excursion-privada-de-un-dia-por-verona-y-el-lago-de-garda\/\" \/>\n<meta property=\"og:locale\" content=\"es_ES\" \/>\n<meta property=\"og:type\" content=\"article\" \/>\n<meta property=\"og:title\" content=\"Excursi\u00f3n privada de un d\u00eda por Verona y el Lago de Garda\" \/>\n<meta property=\"og:description\" content=\"Descubra la belleza y la riqueza hist\u00f3rica de Verona y el Lago de Garda en un tour privado. Viva lo mejor de Italia con nosotros. Reserve ahora. \u2705\" \/>\n<meta property=\"og:url\" content=\"https:\/\/tourtravelandmore.com\/es\/tours\/italia-es\/verona-es\/excursion-privada-de-un-dia-por-verona-y-el-lago-de-garda\/\" \/>\n<meta property=\"og:site_name\" content=\"Tour Travel And More\" \/>\n<meta property=\"article:publisher\" content=\"https:\/\/www.facebook.com\/tourtravelandmore\/\" \/>\n<meta property=\"article:modified_time\" content=\"2023-10-11T13:24:50+00:00\" \/>\n<meta property=\"og:image\" content=\"https:\/\/tourtravelandmore.com\/wp-content\/uploads\/2023\/07\/2.jpg\" \/>\n\t<meta property=\"og:image:width\" content=\"1250\" \/>\n\t<meta property=\"og:image:height\" content=\"750\" \/>\n\t<meta property=\"og:image:type\" content=\"image\/jpeg\" \/>\n<meta name=\"twitter:card\" content=\"summary_large_image\" \/>\n<meta name=\"twitter:site\" content=\"@TourTravel_More\" \/>\n<meta name=\"twitter:label1\" content=\"Tiempo de lectura\" \/>\n\t<meta name=\"twitter:data1\" content=\"3 minutos\" \/>\n<script type=\"application\/ld+json\" class=\"yoast-schema-graph\">{\"@context\":\"https:\/\/schema.org\",\"@graph\":[{\"@type\":\"WebPage\",\"@id\":\"https:\/\/tourtravelandmore.com\/es\/tours\/italia-es\/verona-es\/excursion-privada-de-un-dia-por-verona-y-el-lago-de-garda\/\",\"url\":\"https:\/\/tourtravelandmore.com\/es\/tours\/italia-es\/verona-es\/excursion-privada-de-un-dia-por-verona-y-el-lago-de-garda\/\",\"name\":\"\u27a1\ufe0f Excursi\u00f3n privada de un d\u00eda a Verona y el Lago de Garda\",\"isPartOf\":{\"@id\":\"https:\/\/tourtravelandmore.com\/es\/#website\"},\"primaryImageOfPage\":{\"@id\":\"https:\/\/tourtravelandmore.com\/es\/tours\/italia-es\/verona-es\/excursion-privada-de-un-dia-por-verona-y-el-lago-de-garda\/#primaryimage\"},\"image\":{\"@id\":\"https:\/\/tourtravelandmore.com\/es\/tours\/italia-es\/verona-es\/excursion-privada-de-un-dia-por-verona-y-el-lago-de-garda\/#primaryimage\"},\"thumbnailUrl\":\"https:\/\/tourtravelandmore.com\/wp-content\/uploads\/2023\/07\/2.jpg\",\"datePublished\":\"2023-07-28T08:15:32+00:00\",\"dateModified\":\"2023-10-11T13:24:50+00:00\",\"description\":\"Descubra la belleza y la riqueza hist\u00f3rica de Verona y el Lago de Garda en un tour privado. Viva lo mejor de Italia con nosotros. Reserve ahora. \u2705\",\"breadcrumb\":{\"@id\":\"https:\/\/tourtravelandmore.com\/es\/tours\/italia-es\/verona-es\/excursion-privada-de-un-dia-por-verona-y-el-lago-de-garda\/#breadcrumb\"},\"inLanguage\":\"es\",\"potentialAction\":[{\"@type\":\"ReadAction\",\"target\":[\"https:\/\/tourtravelandmore.com\/es\/tours\/italia-es\/verona-es\/excursion-privada-de-un-dia-por-verona-y-el-lago-de-garda\/\"]}]},{\"@type\":\"ImageObject\",\"inLanguage\":\"es\",\"@id\":\"https:\/\/tourtravelandmore.com\/es\/tours\/italia-es\/verona-es\/excursion-privada-de-un-dia-por-verona-y-el-lago-de-garda\/#primaryimage\",\"url\":\"https:\/\/tourtravelandmore.com\/wp-content\/uploads\/2023\/07\/2.jpg\",\"contentUrl\":\"https:\/\/tourtravelandmore.com\/wp-content\/uploads\/2023\/07\/2.jpg\",\"width\":1250,\"height\":750},{\"@type\":\"BreadcrumbList\",\"@id\":\"https:\/\/tourtravelandmore.com\/es\/tours\/italia-es\/verona-es\/excursion-privada-de-un-dia-por-verona-y-el-lago-de-garda\/#breadcrumb\",\"itemListElement\":[{\"@type\":\"ListItem\",\"position\":1,\"name\":\"Home\",\"item\":\"https:\/\/tourtravelandmore.com\/es\/\"},{\"@type\":\"ListItem\",\"position\":2,\"name\":\"Tours\",\"item\":\"https:\/\/tourtravelandmore.com\/es\/tours\/\"},{\"@type\":\"ListItem\",\"position\":3,\"name\":\"Excursi\u00f3n privada de un d\u00eda por Verona y el Lago de Garda\"}]},{\"@type\":\"WebSite\",\"@id\":\"https:\/\/tourtravelandmore.com\/es\/#website\",\"url\":\"https:\/\/tourtravelandmore.com\/es\/\",\"name\":\"Tour Travel And More\",\"description\":\"Private sightseeing tours and luxury transfers in Spain\",\"publisher\":{\"@id\":\"https:\/\/tourtravelandmore.com\/es\/#organization\"},\"potentialAction\":[{\"@type\":\"SearchAction\",\"target\":{\"@type\":\"EntryPoint\",\"urlTemplate\":\"https:\/\/tourtravelandmore.com\/es\/?s={search_term_string}\"},\"query-input\":{\"@type\":\"PropertyValueSpecification\",\"valueRequired\":true,\"valueName\":\"search_term_string\"}}],\"inLanguage\":\"es\"},{\"@type\":\"Organization\",\"@id\":\"https:\/\/tourtravelandmore.com\/es\/#organization\",\"name\":\"Tour Travel And More\",\"url\":\"https:\/\/tourtravelandmore.com\/es\/\",\"logo\":{\"@type\":\"ImageObject\",\"inLanguage\":\"es\",\"@id\":\"https:\/\/tourtravelandmore.com\/es\/#\/schema\/logo\/image\/\",\"url\":\"https:\/\/tourtravelandmore.com\/wp-content\/uploads\/2022\/12\/cropped-logo-cabecera-new.png\",\"contentUrl\":\"https:\/\/tourtravelandmore.com\/wp-content\/uploads\/2022\/12\/cropped-logo-cabecera-new.png\",\"width\":430,\"height\":61,\"caption\":\"Tour Travel And More\"},\"image\":{\"@id\":\"https:\/\/tourtravelandmore.com\/es\/#\/schema\/logo\/image\/\"},\"sameAs\":[\"https:\/\/www.facebook.com\/tourtravelandmore\/\",\"https:\/\/x.com\/TourTravel_More\"]}]}<\/script>\n<!-- \/ Yoast SEO Premium plugin. -->","yoast_head_json":{"title":"\u27a1\ufe0f Excursi\u00f3n privada de un d\u00eda a Verona y el Lago de Garda","description":"Descubra la belleza y la riqueza hist\u00f3rica de Verona y el Lago de Garda en un tour privado. Viva lo mejor de Italia con nosotros. Reserve ahora. \u2705","robots":{"index":"index","follow":"follow","max-snippet":"max-snippet:-1","max-image-preview":"max-image-preview:large","max-video-preview":"max-video-preview:-1"},"canonical":"https:\/\/tourtravelandmore.com\/es\/tours\/italia-es\/verona-es\/excursion-privada-de-un-dia-por-verona-y-el-lago-de-garda\/","og_locale":"es_ES","og_type":"article","og_title":"Excursi\u00f3n privada de un d\u00eda por Verona y el Lago de Garda","og_description":"Descubra la belleza y la riqueza hist\u00f3rica de Verona y el Lago de Garda en un tour privado. Viva lo mejor de Italia con nosotros. Reserve ahora. \u2705","og_url":"https:\/\/tourtravelandmore.com\/es\/tours\/italia-es\/verona-es\/excursion-privada-de-un-dia-por-verona-y-el-lago-de-garda\/","og_site_name":"Tour Travel And More","article_publisher":"https:\/\/www.facebook.com\/tourtravelandmore\/","article_modified_time":"2023-10-11T13:24:50+00:00","og_image":[{"width":1250,"height":750,"url":"https:\/\/tourtravelandmore.com\/wp-content\/uploads\/2023\/07\/2.jpg","type":"image\/jpeg"}],"twitter_card":"summary_large_image","twitter_site":"@TourTravel_More","twitter_misc":{"Tiempo de lectura":"3 minutos"},"schema":{"@context":"https:\/\/schema.org","@graph":[{"@type":"WebPage","@id":"https:\/\/tourtravelandmore.com\/es\/tours\/italia-es\/verona-es\/excursion-privada-de-un-dia-por-verona-y-el-lago-de-garda\/","url":"https:\/\/tourtravelandmore.com\/es\/tours\/italia-es\/verona-es\/excursion-privada-de-un-dia-por-verona-y-el-lago-de-garda\/","name":"\u27a1\ufe0f Excursi\u00f3n privada de un d\u00eda a Verona y el Lago de Garda","isPartOf":{"@id":"https:\/\/tourtravelandmore.com\/es\/#website"},"primaryImageOfPage":{"@id":"https:\/\/tourtravelandmore.com\/es\/tours\/italia-es\/verona-es\/excursion-privada-de-un-dia-por-verona-y-el-lago-de-garda\/#primaryimage"},"image":{"@id":"https:\/\/tourtravelandmore.com\/es\/tours\/italia-es\/verona-es\/excursion-privada-de-un-dia-por-verona-y-el-lago-de-garda\/#primaryimage"},"thumbnailUrl":"https:\/\/tourtravelandmore.com\/wp-content\/uploads\/2023\/07\/2.jpg","datePublished":"2023-07-28T08:15:32+00:00","dateModified":"2023-10-11T13:24:50+00:00","description":"Descubra la belleza y la riqueza hist\u00f3rica de Verona y el Lago de Garda en un tour privado. Viva lo mejor de Italia con nosotros. Reserve ahora. \u2705","breadcrumb":{"@id":"https:\/\/tourtravelandmore.com\/es\/tours\/italia-es\/verona-es\/excursion-privada-de-un-dia-por-verona-y-el-lago-de-garda\/#breadcrumb"},"inLanguage":"es","potentialAction":[{"@type":"ReadAction","target":["https:\/\/tourtravelandmore.com\/es\/tours\/italia-es\/verona-es\/excursion-privada-de-un-dia-por-verona-y-el-lago-de-garda\/"]}]},{"@type":"ImageObject","inLanguage":"es","@id":"https:\/\/tourtravelandmore.com\/es\/tours\/italia-es\/verona-es\/excursion-privada-de-un-dia-por-verona-y-el-lago-de-garda\/#primaryimage","url":"https:\/\/tourtravelandmore.com\/wp-content\/uploads\/2023\/07\/2.jpg","contentUrl":"https:\/\/tourtravelandmore.com\/wp-content\/uploads\/2023\/07\/2.jpg","width":1250,"height":750},{"@type":"BreadcrumbList","@id":"https:\/\/tourtravelandmore.com\/es\/tours\/italia-es\/verona-es\/excursion-privada-de-un-dia-por-verona-y-el-lago-de-garda\/#breadcrumb","itemListElement":[{"@type":"ListItem","position":1,"name":"Home","item":"https:\/\/tourtravelandmore.com\/es\/"},{"@type":"ListItem","position":2,"name":"Tours","item":"https:\/\/tourtravelandmore.com\/es\/tours\/"},{"@type":"ListItem","position":3,"name":"Excursi\u00f3n privada de un d\u00eda por Verona y el Lago de Garda"}]},{"@type":"WebSite","@id":"https:\/\/tourtravelandmore.com\/es\/#website","url":"https:\/\/tourtravelandmore.com\/es\/","name":"Tour Travel And More","description":"Private sightseeing tours and luxury transfers in Spain","publisher":{"@id":"https:\/\/tourtravelandmore.com\/es\/#organization"},"potentialAction":[{"@type":"SearchAction","target":{"@type":"EntryPoint","urlTemplate":"https:\/\/tourtravelandmore.com\/es\/?s={search_term_string}"},"query-input":{"@type":"PropertyValueSpecification","valueRequired":true,"valueName":"search_term_string"}}],"inLanguage":"es"},{"@type":"Organization","@id":"https:\/\/tourtravelandmore.com\/es\/#organization","name":"Tour Travel And More","url":"https:\/\/tourtravelandmore.com\/es\/","logo":{"@type":"ImageObject","inLanguage":"es","@id":"https:\/\/tourtravelandmore.com\/es\/#\/schema\/logo\/image\/","url":"https:\/\/tourtravelandmore.com\/wp-content\/uploads\/2022\/12\/cropped-logo-cabecera-new.png","contentUrl":"https:\/\/tourtravelandmore.com\/wp-content\/uploads\/2022\/12\/cropped-logo-cabecera-new.png","width":430,"height":61,"caption":"Tour Travel And More"},"image":{"@id":"https:\/\/tourtravelandmore.com\/es\/#\/schema\/logo\/image\/"},"sameAs":["https:\/\/www.facebook.com\/tourtravelandmore\/","https:\/\/x.com\/TourTravel_More"]}]}},"_links":{"self":[{"href":"https:\/\/tourtravelandmore.com\/es\/wp-json\/wp\/v2\/product\/169550","targetHints":{"allow":["GET"]}}],"collection":[{"href":"https:\/\/tourtravelandmore.com\/es\/wp-json\/wp\/v2\/product"}],"about":[{"href":"https:\/\/tourtravelandmore.com\/es\/wp-json\/wp\/v2\/types\/product"}],"replies":[{"embeddable":true,"href":"https:\/\/tourtravelandmore.com\/es\/wp-json\/wp\/v2\/comments?post=169550"}],"wp:featuredmedia":[{"embeddable":true,"href":"https:\/\/tourtravelandmore.com\/es\/wp-json\/wp\/v2\/media\/169569"}],"wp:attachment":[{"href":"https:\/\/tourtravelandmore.com\/es\/wp-json\/wp\/v2\/media?parent=169550"}],"wp:term":[{"taxonomy":"product_brand","embeddable":true,"href":"https:\/\/tourtravelandmore.com\/es\/wp-json\/wp\/v2\/product_brand?post=169550"},{"taxonomy":"product_cat","embeddable":true,"href":"https:\/\/tourtravelandmore.com\/es\/wp-json\/wp\/v2\/product_cat?post=169550"},{"taxonomy":"product_tag","embeddable":true,"href":"https:\/\/tourtravelandmore.com\/es\/wp-json\/wp\/v2\/product_tag?post=169550"}],"curies":[{"name":"wp","href":"https:\/\/api.w.org\/{rel}","templated":true}]}}