{"id":169493,"date":"2023-07-27T10:28:18","date_gmt":"2023-07-27T08:28:20","guid":{"rendered":"https:\/\/tourtravelandmore.com\/?post_type=product&#038;p=169493"},"modified":"2023-07-27T10:38:18","modified_gmt":"2023-07-27T08:38:18","slug":"visita-privada-de-venecia-desde-verona-en-tren-o-en-coche","status":"publish","type":"product","link":"https:\/\/tourtravelandmore.com\/es\/tours\/italia-es\/verona-es\/visita-privada-de-venecia-desde-verona-en-tren-o-en-coche\/","title":{"rendered":"Visita privada de Venecia desde Verona en tren o en coche"},"content":{"rendered":"<h2><b>Tour Privado de Venecia desde Verona en Tren o Coche Descripci\u00f3n<\/b><\/h2>\n<p><span style=\"font-weight: 400;\">Sum\u00e9rjase en el encanto intemporal de Venecia, ciudad famosa por sus canales laber\u00ednticos, sus maravillas hist\u00f3ricas y su ambiente encantador, con el exclusivo tour privado de 8 horas de Tour Travel and More. El viaje de Verona a Venecia, en coche o en tren, desplegar\u00e1 un panorama de los bellos paisajes de Italia, preparando el escenario para la m\u00e1gica experiencia que le espera en la Ciudad de los Canales. Este recorrido meticulosamente dise\u00f1ado pretende ofrecerle una exploraci\u00f3n \u00edntima de las principales atracciones y joyas ocultas de Venecia, permiti\u00e9ndole apreciar su belleza \u00fanica y su rica historia.<\/span><\/p>\n<p><span style=\"font-weight: 400;\">Una vez en Venecia, ser\u00e1 recibido por un gu\u00eda local profesional que le acompa\u00f1ar\u00e1 por las sinuosas calles de la ciudad y por sus emblem\u00e1ticos puentes. Con la ayuda de su gu\u00eda, se adentrar\u00e1 en el ilustre pasado de Venecia, comprender\u00e1 su presente y se har\u00e1 una idea de su futuro. Ya sea maravill\u00e1ndose ante la grandeza arquitect\u00f3nica de sus edificios hist\u00f3ricos, perdi\u00e9ndose en sus encantadoras callejuelas o disfrutando del sereno ambiente de sus canales, cada momento en Venecia ser\u00e1 un recuerdo imborrable.<\/span><\/p>\n<p><span style=\"font-weight: 400;\">Entrar en Venecia es como adentrarse en un lienzo viviente, donde cada vista es una obra maestra moldeada por siglos de historia, arte y cultura. Al recorrer la red de canales y callejuelas, el rico tapiz de Venecia se despliega ante usted. Admire las resplandecientes fachadas de los palacios reflej\u00e1ndose en las brillantes aguas, y observe el vibrante estilo de vida de la ciudad, donde el pasado y el presente coexisten armoniosamente.<\/span><\/p>\n<p><span style=\"font-weight: 400;\">Este recorrido no consiste s\u00f3lo en visitar los monumentos, sino en sumergirse en el estilo de vida veneciano. Ya sea observando a los gondoleros navegar con elegancia por los canales, escuchando el ta\u00f1ido mel\u00f3dico de las campanas de las iglesias que resuenan en las plazas, saboreando las delicias tradicionales venecianas en una osteria local o presenciando la fina artesan\u00eda de los sopladores de cristal de Murano, participar\u00e1 en una parte de la vida de Venecia que la mayor\u00eda de los turistas se pierden. Con Tour Travel and More, cada momento en Venecia es una experiencia, una historia por descubrir y un recuerdo que conservar\u00e1 con cari\u00f1o.<\/span><\/p>\n<h2><b>Tour privado de Venecia desde Verona en tren o en coche Puntos de inter\u00e9s<\/b><\/h2>\n<ul>\n<li style=\"font-weight: 400;\" aria-level=\"1\"><b>Plaza de San Marcos:<\/b><span style=\"font-weight: 400;\"> Comience su visita en la Plaza de San Marcos, el coraz\u00f3n social, religioso y pol\u00edtico de Venecia. Conocida como &#8220;La Piazza&#8221; por los lugare\u00f1os, su grandiosidad, con la Bas\u00edlica de San Marcos, el Palacio Ducal y el Campanile, le dejar\u00e1 asombrado. Los intrincados mosaicos de la plaza, los dise\u00f1os bizantinos y la fascinante mezcla de arquitectura oriental y occidental dan fe del pasado de la ciudad como poderosa rep\u00fablica mar\u00edtima.<\/span><\/li>\n<li style=\"font-weight: 400;\" aria-level=\"1\"><b>Puente de Rialto:<\/b><span style=\"font-weight: 400;\"> A continuaci\u00f3n, dir\u00edjase al Puente de Rialto, uno de los s\u00edmbolos m\u00e1s emblem\u00e1ticos de Venecia. Al ser el puente m\u00e1s antiguo que cruza el canal, ofrece una vista incomparable de las v\u00edas fluviales y los edificios hist\u00f3ricos de la ciudad. Su bullicioso mercado es un lugar ideal para descubrir la cocina veneciana y la artesan\u00eda local.<\/span><\/li>\n<li style=\"font-weight: 400;\" aria-level=\"1\"><b>El Gran Canal:<\/b><span style=\"font-weight: 400;\"> Ning\u00fan viaje a Venecia est\u00e1 completo sin un recorrido por el Gran Canal. Rodeado de espl\u00e9ndidos palacios y salpicado de pintorescos puentes, este canal en forma de S es la principal arteria de la ciudad y presenta un cuadro excepcional del estilo de vida veneciano.<\/span><\/li>\n<li style=\"font-weight: 400;\" aria-level=\"1\"><b>Palacio Ducal:<\/b><span style=\"font-weight: 400;\"> Explore el Palacio Ducal, un impresionante ejemplo de arquitectura g\u00f3tica que serv\u00eda de residencia al Dux, el gobernante de Venecia. Sus suntuosos apartamentos, c\u00e1maras institucionales y notables obras de arte ofrecen una visi\u00f3n del glorioso pasado de Venecia.<\/span><\/li>\n<li style=\"font-weight: 400;\" aria-level=\"1\"><b>Paseo en g\u00f3ndola:<\/b><span style=\"font-weight: 400;\"> Una experiencia veneciana por excelencia, un paseo en g\u00f3ndola por los rec\u00f3nditos canales de la ciudad ofrece una perspectiva \u00fanica de la belleza de la ciudad, permiti\u00e9ndole ver sus rincones menos frecuentados y sus lugares m\u00e1s tranquilos.<\/span><\/li>\n<\/ul>\n<p><a href=\"https:\/\/tourtravelandmore.com\/es\/ciudad\/italia-es\/verona-es\/\"><span style=\"font-weight: 400;\">Tour Travel and More le invita a conocer nuestra amplia gama de tours privados en Verona. <\/span><\/a><span style=\"font-weight: 400;\">Elija entre nuestras experiencias seleccionadas por expertos y d\u00e9jenos guiarle en un viaje inolvidable por los destinos m\u00e1s seductores de Italia.<\/span><\/p>\n","protected":false},"excerpt":{"rendered":"<p><span style=\"font-weight: 400;\">Descubra las maravillas de Venecia en una excursi\u00f3n privada de 8 horas desde Verona. Desde la Plaza de San Marcos hasta un cl\u00e1sico paseo en g\u00f3ndola, disfrute de los lugares m\u00e1s emblem\u00e1ticos de la ciudad con Tour Travel and More.<\/span><\/p>\n","protected":false},"featured_media":169509,"comment_status":"open","ping_status":"closed","template":"","meta":{"_acf_changed":false},"product_brand":[],"product_cat":[702,708,720],"product_tag":[],"class_list":{"0":"post-169493","1":"product","2":"type-product","3":"status-publish","4":"has-post-thumbnail","6":"product_cat-verona-es","7":"product_cat-verona-actividades-es","8":"product_cat-verona-rutas-turisticas-privadas-es","10":"first","11":"instock","12":"shipping-taxable","13":"purchasable","14":"product-type-simple"},"acf":[],"yoast_head":"<!-- This site is optimized with the Yoast SEO Premium plugin v25.3.1 (Yoast SEO v25.3.1) - https:\/\/yoast.com\/wordpress\/plugins\/seo\/ -->\n<title>\u27a1\ufe0f Explore Venecia: Tour privado desde Verona con Tour Travel and More<\/title>\n<meta name=\"description\" content=\"Descubra la encantadora ciudad de Venecia con un tour privado de 8 horas desde Verona. Visite lugares emblem\u00e1ticos y disfrute de un cl\u00e1sico paseo en g\u00f3ndola. Reserve ahora con Tour Travel and More \u2705.\" \/>\n<meta name=\"robots\" content=\"index, follow, max-snippet:-1, max-image-preview:large, max-video-preview:-1\" \/>\n<link rel=\"canonical\" href=\"https:\/\/tourtravelandmore.com\/es\/tours\/italia-es\/verona-es\/visita-privada-de-venecia-desde-verona-en-tren-o-en-coche\/\" \/>\n<meta property=\"og:locale\" content=\"es_ES\" \/>\n<meta property=\"og:type\" content=\"article\" \/>\n<meta property=\"og:title\" content=\"Visita privada de Venecia desde Verona en tren o en coche\" \/>\n<meta property=\"og:description\" content=\"Descubra la encantadora ciudad de Venecia con un tour privado de 8 horas desde Verona. Visite lugares emblem\u00e1ticos y disfrute de un cl\u00e1sico paseo en g\u00f3ndola. Reserve ahora con Tour Travel and More \u2705.\" \/>\n<meta property=\"og:url\" content=\"https:\/\/tourtravelandmore.com\/es\/tours\/italia-es\/verona-es\/visita-privada-de-venecia-desde-verona-en-tren-o-en-coche\/\" \/>\n<meta property=\"og:site_name\" content=\"Tour Travel And More\" \/>\n<meta property=\"article:publisher\" content=\"https:\/\/www.facebook.com\/tourtravelandmore\/\" \/>\n<meta property=\"article:modified_time\" content=\"2023-07-27T08:38:18+00:00\" \/>\n<meta property=\"og:image\" content=\"https:\/\/tourtravelandmore.com\/wp-content\/uploads\/2023\/07\/image1-3.jpg\" \/>\n\t<meta property=\"og:image:width\" content=\"1250\" \/>\n\t<meta property=\"og:image:height\" content=\"750\" \/>\n\t<meta property=\"og:image:type\" content=\"image\/jpeg\" \/>\n<meta name=\"twitter:card\" content=\"summary_large_image\" \/>\n<meta name=\"twitter:site\" content=\"@TourTravel_More\" \/>\n<meta name=\"twitter:label1\" content=\"Tiempo de lectura\" \/>\n\t<meta name=\"twitter:data1\" content=\"4 minutos\" \/>\n<script type=\"application\/ld+json\" class=\"yoast-schema-graph\">{\"@context\":\"https:\/\/schema.org\",\"@graph\":[{\"@type\":\"WebPage\",\"@id\":\"https:\/\/tourtravelandmore.com\/es\/tours\/italia-es\/verona-es\/visita-privada-de-venecia-desde-verona-en-tren-o-en-coche\/\",\"url\":\"https:\/\/tourtravelandmore.com\/es\/tours\/italia-es\/verona-es\/visita-privada-de-venecia-desde-verona-en-tren-o-en-coche\/\",\"name\":\"\u27a1\ufe0f Explore Venecia: Tour privado desde Verona con Tour Travel and More\",\"isPartOf\":{\"@id\":\"https:\/\/tourtravelandmore.com\/es\/#website\"},\"primaryImageOfPage\":{\"@id\":\"https:\/\/tourtravelandmore.com\/es\/tours\/italia-es\/verona-es\/visita-privada-de-venecia-desde-verona-en-tren-o-en-coche\/#primaryimage\"},\"image\":{\"@id\":\"https:\/\/tourtravelandmore.com\/es\/tours\/italia-es\/verona-es\/visita-privada-de-venecia-desde-verona-en-tren-o-en-coche\/#primaryimage\"},\"thumbnailUrl\":\"https:\/\/tourtravelandmore.com\/wp-content\/uploads\/2023\/07\/image1-3.jpg\",\"datePublished\":\"2023-07-27T08:28:20+00:00\",\"dateModified\":\"2023-07-27T08:38:18+00:00\",\"description\":\"Descubra la encantadora ciudad de Venecia con un tour privado de 8 horas desde Verona. Visite lugares emblem\u00e1ticos y disfrute de un cl\u00e1sico paseo en g\u00f3ndola. Reserve ahora con Tour Travel and More \u2705.\",\"breadcrumb\":{\"@id\":\"https:\/\/tourtravelandmore.com\/es\/tours\/italia-es\/verona-es\/visita-privada-de-venecia-desde-verona-en-tren-o-en-coche\/#breadcrumb\"},\"inLanguage\":\"es\",\"potentialAction\":[{\"@type\":\"ReadAction\",\"target\":[\"https:\/\/tourtravelandmore.com\/es\/tours\/italia-es\/verona-es\/visita-privada-de-venecia-desde-verona-en-tren-o-en-coche\/\"]}]},{\"@type\":\"ImageObject\",\"inLanguage\":\"es\",\"@id\":\"https:\/\/tourtravelandmore.com\/es\/tours\/italia-es\/verona-es\/visita-privada-de-venecia-desde-verona-en-tren-o-en-coche\/#primaryimage\",\"url\":\"https:\/\/tourtravelandmore.com\/wp-content\/uploads\/2023\/07\/image1-3.jpg\",\"contentUrl\":\"https:\/\/tourtravelandmore.com\/wp-content\/uploads\/2023\/07\/image1-3.jpg\",\"width\":1250,\"height\":750},{\"@type\":\"BreadcrumbList\",\"@id\":\"https:\/\/tourtravelandmore.com\/es\/tours\/italia-es\/verona-es\/visita-privada-de-venecia-desde-verona-en-tren-o-en-coche\/#breadcrumb\",\"itemListElement\":[{\"@type\":\"ListItem\",\"position\":1,\"name\":\"Home\",\"item\":\"https:\/\/tourtravelandmore.com\/es\/\"},{\"@type\":\"ListItem\",\"position\":2,\"name\":\"Tours\",\"item\":\"https:\/\/tourtravelandmore.com\/es\/tours\/\"},{\"@type\":\"ListItem\",\"position\":3,\"name\":\"Visita privada de Venecia desde Verona en tren o en coche\"}]},{\"@type\":\"WebSite\",\"@id\":\"https:\/\/tourtravelandmore.com\/es\/#website\",\"url\":\"https:\/\/tourtravelandmore.com\/es\/\",\"name\":\"Tour Travel And More\",\"description\":\"Private sightseeing tours and luxury transfers in Spain\",\"publisher\":{\"@id\":\"https:\/\/tourtravelandmore.com\/es\/#organization\"},\"potentialAction\":[{\"@type\":\"SearchAction\",\"target\":{\"@type\":\"EntryPoint\",\"urlTemplate\":\"https:\/\/tourtravelandmore.com\/es\/?s={search_term_string}\"},\"query-input\":{\"@type\":\"PropertyValueSpecification\",\"valueRequired\":true,\"valueName\":\"search_term_string\"}}],\"inLanguage\":\"es\"},{\"@type\":\"Organization\",\"@id\":\"https:\/\/tourtravelandmore.com\/es\/#organization\",\"name\":\"Tour Travel And More\",\"url\":\"https:\/\/tourtravelandmore.com\/es\/\",\"logo\":{\"@type\":\"ImageObject\",\"inLanguage\":\"es\",\"@id\":\"https:\/\/tourtravelandmore.com\/es\/#\/schema\/logo\/image\/\",\"url\":\"https:\/\/tourtravelandmore.com\/wp-content\/uploads\/2022\/12\/cropped-logo-cabecera-new.png\",\"contentUrl\":\"https:\/\/tourtravelandmore.com\/wp-content\/uploads\/2022\/12\/cropped-logo-cabecera-new.png\",\"width\":430,\"height\":61,\"caption\":\"Tour Travel And More\"},\"image\":{\"@id\":\"https:\/\/tourtravelandmore.com\/es\/#\/schema\/logo\/image\/\"},\"sameAs\":[\"https:\/\/www.facebook.com\/tourtravelandmore\/\",\"https:\/\/x.com\/TourTravel_More\"]}]}<\/script>\n<!-- \/ Yoast SEO Premium plugin. -->","yoast_head_json":{"title":"\u27a1\ufe0f Explore Venecia: Tour privado desde Verona con Tour Travel and More","description":"Descubra la encantadora ciudad de Venecia con un tour privado de 8 horas desde Verona. Visite lugares emblem\u00e1ticos y disfrute de un cl\u00e1sico paseo en g\u00f3ndola. Reserve ahora con Tour Travel and More \u2705.","robots":{"index":"index","follow":"follow","max-snippet":"max-snippet:-1","max-image-preview":"max-image-preview:large","max-video-preview":"max-video-preview:-1"},"canonical":"https:\/\/tourtravelandmore.com\/es\/tours\/italia-es\/verona-es\/visita-privada-de-venecia-desde-verona-en-tren-o-en-coche\/","og_locale":"es_ES","og_type":"article","og_title":"Visita privada de Venecia desde Verona en tren o en coche","og_description":"Descubra la encantadora ciudad de Venecia con un tour privado de 8 horas desde Verona. Visite lugares emblem\u00e1ticos y disfrute de un cl\u00e1sico paseo en g\u00f3ndola. Reserve ahora con Tour Travel and More \u2705.","og_url":"https:\/\/tourtravelandmore.com\/es\/tours\/italia-es\/verona-es\/visita-privada-de-venecia-desde-verona-en-tren-o-en-coche\/","og_site_name":"Tour Travel And More","article_publisher":"https:\/\/www.facebook.com\/tourtravelandmore\/","article_modified_time":"2023-07-27T08:38:18+00:00","og_image":[{"width":1250,"height":750,"url":"https:\/\/tourtravelandmore.com\/wp-content\/uploads\/2023\/07\/image1-3.jpg","type":"image\/jpeg"}],"twitter_card":"summary_large_image","twitter_site":"@TourTravel_More","twitter_misc":{"Tiempo de lectura":"4 minutos"},"schema":{"@context":"https:\/\/schema.org","@graph":[{"@type":"WebPage","@id":"https:\/\/tourtravelandmore.com\/es\/tours\/italia-es\/verona-es\/visita-privada-de-venecia-desde-verona-en-tren-o-en-coche\/","url":"https:\/\/tourtravelandmore.com\/es\/tours\/italia-es\/verona-es\/visita-privada-de-venecia-desde-verona-en-tren-o-en-coche\/","name":"\u27a1\ufe0f Explore Venecia: Tour privado desde Verona con Tour Travel and More","isPartOf":{"@id":"https:\/\/tourtravelandmore.com\/es\/#website"},"primaryImageOfPage":{"@id":"https:\/\/tourtravelandmore.com\/es\/tours\/italia-es\/verona-es\/visita-privada-de-venecia-desde-verona-en-tren-o-en-coche\/#primaryimage"},"image":{"@id":"https:\/\/tourtravelandmore.com\/es\/tours\/italia-es\/verona-es\/visita-privada-de-venecia-desde-verona-en-tren-o-en-coche\/#primaryimage"},"thumbnailUrl":"https:\/\/tourtravelandmore.com\/wp-content\/uploads\/2023\/07\/image1-3.jpg","datePublished":"2023-07-27T08:28:20+00:00","dateModified":"2023-07-27T08:38:18+00:00","description":"Descubra la encantadora ciudad de Venecia con un tour privado de 8 horas desde Verona. Visite lugares emblem\u00e1ticos y disfrute de un cl\u00e1sico paseo en g\u00f3ndola. Reserve ahora con Tour Travel and More \u2705.","breadcrumb":{"@id":"https:\/\/tourtravelandmore.com\/es\/tours\/italia-es\/verona-es\/visita-privada-de-venecia-desde-verona-en-tren-o-en-coche\/#breadcrumb"},"inLanguage":"es","potentialAction":[{"@type":"ReadAction","target":["https:\/\/tourtravelandmore.com\/es\/tours\/italia-es\/verona-es\/visita-privada-de-venecia-desde-verona-en-tren-o-en-coche\/"]}]},{"@type":"ImageObject","inLanguage":"es","@id":"https:\/\/tourtravelandmore.com\/es\/tours\/italia-es\/verona-es\/visita-privada-de-venecia-desde-verona-en-tren-o-en-coche\/#primaryimage","url":"https:\/\/tourtravelandmore.com\/wp-content\/uploads\/2023\/07\/image1-3.jpg","contentUrl":"https:\/\/tourtravelandmore.com\/wp-content\/uploads\/2023\/07\/image1-3.jpg","width":1250,"height":750},{"@type":"BreadcrumbList","@id":"https:\/\/tourtravelandmore.com\/es\/tours\/italia-es\/verona-es\/visita-privada-de-venecia-desde-verona-en-tren-o-en-coche\/#breadcrumb","itemListElement":[{"@type":"ListItem","position":1,"name":"Home","item":"https:\/\/tourtravelandmore.com\/es\/"},{"@type":"ListItem","position":2,"name":"Tours","item":"https:\/\/tourtravelandmore.com\/es\/tours\/"},{"@type":"ListItem","position":3,"name":"Visita privada de Venecia desde Verona en tren o en coche"}]},{"@type":"WebSite","@id":"https:\/\/tourtravelandmore.com\/es\/#website","url":"https:\/\/tourtravelandmore.com\/es\/","name":"Tour Travel And More","description":"Private sightseeing tours and luxury transfers in Spain","publisher":{"@id":"https:\/\/tourtravelandmore.com\/es\/#organization"},"potentialAction":[{"@type":"SearchAction","target":{"@type":"EntryPoint","urlTemplate":"https:\/\/tourtravelandmore.com\/es\/?s={search_term_string}"},"query-input":{"@type":"PropertyValueSpecification","valueRequired":true,"valueName":"search_term_string"}}],"inLanguage":"es"},{"@type":"Organization","@id":"https:\/\/tourtravelandmore.com\/es\/#organization","name":"Tour Travel And More","url":"https:\/\/tourtravelandmore.com\/es\/","logo":{"@type":"ImageObject","inLanguage":"es","@id":"https:\/\/tourtravelandmore.com\/es\/#\/schema\/logo\/image\/","url":"https:\/\/tourtravelandmore.com\/wp-content\/uploads\/2022\/12\/cropped-logo-cabecera-new.png","contentUrl":"https:\/\/tourtravelandmore.com\/wp-content\/uploads\/2022\/12\/cropped-logo-cabecera-new.png","width":430,"height":61,"caption":"Tour Travel And More"},"image":{"@id":"https:\/\/tourtravelandmore.com\/es\/#\/schema\/logo\/image\/"},"sameAs":["https:\/\/www.facebook.com\/tourtravelandmore\/","https:\/\/x.com\/TourTravel_More"]}]}},"_links":{"self":[{"href":"https:\/\/tourtravelandmore.com\/es\/wp-json\/wp\/v2\/product\/169493","targetHints":{"allow":["GET"]}}],"collection":[{"href":"https:\/\/tourtravelandmore.com\/es\/wp-json\/wp\/v2\/product"}],"about":[{"href":"https:\/\/tourtravelandmore.com\/es\/wp-json\/wp\/v2\/types\/product"}],"replies":[{"embeddable":true,"href":"https:\/\/tourtravelandmore.com\/es\/wp-json\/wp\/v2\/comments?post=169493"}],"wp:featuredmedia":[{"embeddable":true,"href":"https:\/\/tourtravelandmore.com\/es\/wp-json\/wp\/v2\/media\/169509"}],"wp:attachment":[{"href":"https:\/\/tourtravelandmore.com\/es\/wp-json\/wp\/v2\/media?parent=169493"}],"wp:term":[{"taxonomy":"product_brand","embeddable":true,"href":"https:\/\/tourtravelandmore.com\/es\/wp-json\/wp\/v2\/product_brand?post=169493"},{"taxonomy":"product_cat","embeddable":true,"href":"https:\/\/tourtravelandmore.com\/es\/wp-json\/wp\/v2\/product_cat?post=169493"},{"taxonomy":"product_tag","embeddable":true,"href":"https:\/\/tourtravelandmore.com\/es\/wp-json\/wp\/v2\/product_tag?post=169493"}],"curies":[{"name":"wp","href":"https:\/\/api.w.org\/{rel}","templated":true}]}}