{"id":169458,"date":"2023-07-26T15:47:40","date_gmt":"2023-07-26T13:47:46","guid":{"rendered":"https:\/\/tourtravelandmore.com\/?post_type=product&#038;p=169458"},"modified":"2024-05-02T16:43:04","modified_gmt":"2024-05-02T14:43:04","slug":"excursion-privada-a-los-dolomitas-desde-verona","status":"publish","type":"product","link":"https:\/\/tourtravelandmore.com\/es\/tours\/italia-es\/verona-es\/excursion-privada-a-los-dolomitas-desde-verona\/","title":{"rendered":"Tour privado a los Dolomitas desde Verona"},"content":{"rendered":"<h2><b>Tour privado a los Dolomitas desde Verona Descripci\u00f3n<\/b><\/h2>\n<p><span style=\"font-weight: 400;\">Emb\u00e1rquese en un cautivador viaje al coraz\u00f3n de los Alpes italianos con la excursi\u00f3n privada de Tour Travel and More a los Dolomitas desde Verona. Esta excursi\u00f3n privada de 10 horas, organizada por expertos, le invita a escapar de la bulliciosa ciudad y sumergirse en la serena belleza de los Dolomitas, un lugar declarado Patrimonio de la Humanidad por la UNESCO y famoso por sus impresionantes paisajes de monta\u00f1a, sus verdes valles y su encanto alpino.<\/span><\/p>\n<p><span style=\"font-weight: 400;\">Comience su aventura con la comodidad y el confort del transporte privado desde Verona. Al pasar del vibrante paisaje urbano a la tranquila campi\u00f1a, sus sentidos se despertar\u00e1n con el inconfundible aroma del aire fresco alpino, el panorama de las majestuosas cumbres y los melifluos sonidos de la naturaleza. Cada curva de la carretera le revelar\u00e1 una vista impresionante de picos imponentes, lagos inmaculados y praderas llenas de flores.<\/span><\/p>\n<p><span style=\"font-weight: 400;\">Su viaje ser\u00e1 conducido por un chofer\/gu\u00eda experto que le acompa\u00f1ar\u00e1 a trav\u00e9s de las encantadoras vistas y rutas panor\u00e1micas que se despliegan a lo largo del trayecto. Disfrutar\u00e1 de una narraci\u00f3n en profundidad llena de hechos intrigantes, leyendas fascinantes y comentarios perspicaces sobre los fen\u00f3menos geol\u00f3gicos \u00fanicos que dieron forma a este paisaje espectacular.<\/span><\/p>\n<h2><b>Excursi\u00f3n privada a los Dolomitas desde Verona Puntos de inter\u00e9s<\/b><\/h2>\n<ul>\n<li style=\"font-weight: 400;\" aria-level=\"1\"><b>Los Dolomitas:<\/b><span style=\"font-weight: 400;\"> Sea testigo de la espectacular belleza de los Dolomitas, una cadena monta\u00f1osa que domina el noreste de Italia. Llamadas as\u00ed por el tipo \u00fanico de roca carbonatada que se encuentra aqu\u00ed, las Dolomitas cuentan con una impresionante variedad de picos, algunos de los cuales alcanzan m\u00e1s de 3.000 metros de altura. Estas monta\u00f1as son famosas por sus tonalidades extraordinariamente vibrantes, que cambian del rosa del amanecer al ardiente atardecer, ofreciendo un espect\u00e1culo visual realmente inolvidable. Su fascinante historia geol\u00f3gica y su variada flora y fauna las han convertido en un destino de gran inter\u00e9s cient\u00edfico y un lugar predilecto para los amantes de la naturaleza.<\/span><\/li>\n<li style=\"font-weight: 400;\" aria-level=\"1\"><b>Lago Auronzo:\u00a0<\/b>A lo largo de dos kil\u00f3metros en el Valle d&#8217;Ansei, en Auronzo di Cadore, se encuentra el lago de Auronzo, una l\u00edmpida masa de agua que es una de las m\u00e1s sugestivas y visitadas de la regi\u00f3n del V\u00e9neto.<\/li>\n<li style=\"font-weight: 400;\" aria-level=\"1\"><b>Lago de Misurina:<\/b><span style=\"font-weight: 400;\"> A continuaci\u00f3n, su viaje le llevar\u00e1 al lago de Misurina, el mayor lago natural de la regi\u00f3n de Cadore, a menudo conocido como la &#8220;Perla de los Dolomitas&#8221;. Ubicado en medio de frondosos bosques y eclipsado por los picos que lo rodean, este lago cristalino ofrece unas vistas impresionantes y un entorno tranquilo. Su serena belleza ha inspirado numerosas leyendas y es un lugar predilecto para la reflexi\u00f3n y la relajaci\u00f3n.<\/span><\/li>\n<li style=\"font-weight: 400;\" aria-level=\"1\"><b>Cortina d&#8217;Ampezzo:<\/b><span style=\"font-weight: 400;\"> Conocida como la &#8220;Reina de los Dolomitas&#8221;, Cortina d&#8217;Ampezzo es una encantadora ciudad alpina famosa por sus excelentes pistas de esqu\u00ed, sus paisajes monta\u00f1osos y sus tiendas de lujo. Su encanto reside en su mezcla \u00fanica de elegancia italiana y tradici\u00f3n austriaca. Aqu\u00ed podr\u00e1 disfrutar de un tranquilo paseo, deleitarse con la gastronom\u00eda local o simplemente empaparse del impresionante tel\u00f3n de fondo monta\u00f1oso.<\/span><\/li>\n<\/ul>\n<p><span style=\"font-weight: 400;\">Una excursi\u00f3n privada a los Dolomitas desde Verona es m\u00e1s que una simple excursi\u00f3n: es una invitaci\u00f3n a experimentar la grandeza de la naturaleza y la<\/span> <a href=\"https:\/\/tourtravelandmore.com\/es\/ciudad\/italia-es\/verona-es\/\"><span style=\"font-weight: 400;\">riqueza de la cultura local en uno de los paisajes m\u00e1s extraordinarios de Italia.<\/span><\/a> <span style=\"font-weight: 400;\">Tour Travel and More se dedica a hacer que su viaje sea inolvidable, proporcion\u00e1ndole una gu\u00eda experta y un servicio personalizado durante todo el recorrido. Le invitamos a explorar la extensa lista de tours privados que ofrecemos en nuestro sitio web.<\/span><\/p>\n","protected":false},"excerpt":{"rendered":"<p><span style=\"font-weight: 400;\">Experimente la majestuosidad de los Dolomitas en una excursi\u00f3n privada desde Verona. Explore impresionantes paisajes de monta\u00f1a, profundice en la cultura local y marav\u00edllese con las maravillas geol\u00f3gicas \u00fanicas de este Patrimonio de la Humanidad de la UNESCO con Tour Travel and More<\/span><\/p>\n","protected":false},"featured_media":169480,"comment_status":"open","ping_status":"closed","template":"","meta":{"_acf_changed":false},"product_brand":[],"product_cat":[702,708,720],"product_tag":[],"class_list":{"0":"post-169458","1":"product","2":"type-product","3":"status-publish","4":"has-post-thumbnail","6":"product_cat-verona-es","7":"product_cat-verona-actividades-es","8":"product_cat-verona-rutas-turisticas-privadas-es","10":"first","11":"instock","12":"shipping-taxable","13":"purchasable","14":"product-type-simple"},"acf":[],"yoast_head":"<!-- This site is optimized with the Yoast SEO Premium plugin v25.3.1 (Yoast SEO v25.3.1) - https:\/\/yoast.com\/wordpress\/plugins\/seo\/ -->\n<title>\u27a1\ufe0f Descubra los Dolomitas: Excursi\u00f3n privada desde Verona con Tour Travel and More<\/title>\n<meta name=\"description\" content=\"Avent\u00farese en una excursi\u00f3n privada a las Dolomitas desde Verona, explorando impresionantes vistas de monta\u00f1a, una rica cultura y maravillas geol\u00f3gicas \u00fanicas. \u2705\" \/>\n<meta name=\"robots\" content=\"index, follow, max-snippet:-1, max-image-preview:large, max-video-preview:-1\" \/>\n<link rel=\"canonical\" href=\"https:\/\/tourtravelandmore.com\/es\/tours\/italia-es\/verona-es\/excursion-privada-a-los-dolomitas-desde-verona\/\" \/>\n<meta property=\"og:locale\" content=\"es_ES\" \/>\n<meta property=\"og:type\" content=\"article\" \/>\n<meta property=\"og:title\" content=\"Tour privado a los Dolomitas desde Verona\" \/>\n<meta property=\"og:description\" content=\"Avent\u00farese en una excursi\u00f3n privada a las Dolomitas desde Verona, explorando impresionantes vistas de monta\u00f1a, una rica cultura y maravillas geol\u00f3gicas \u00fanicas. \u2705\" \/>\n<meta property=\"og:url\" content=\"https:\/\/tourtravelandmore.com\/es\/tours\/italia-es\/verona-es\/excursion-privada-a-los-dolomitas-desde-verona\/\" \/>\n<meta property=\"og:site_name\" content=\"Tour Travel And More\" \/>\n<meta property=\"article:publisher\" content=\"https:\/\/www.facebook.com\/tourtravelandmore\/\" \/>\n<meta property=\"article:modified_time\" content=\"2024-05-02T14:43:04+00:00\" \/>\n<meta property=\"og:image\" content=\"https:\/\/tourtravelandmore.com\/wp-content\/uploads\/2023\/07\/image3-1.jpg\" \/>\n\t<meta property=\"og:image:width\" content=\"1250\" \/>\n\t<meta property=\"og:image:height\" content=\"750\" \/>\n\t<meta property=\"og:image:type\" content=\"image\/jpeg\" \/>\n<meta name=\"twitter:card\" content=\"summary_large_image\" \/>\n<meta name=\"twitter:site\" content=\"@TourTravel_More\" \/>\n<meta name=\"twitter:label1\" content=\"Tiempo de lectura\" \/>\n\t<meta name=\"twitter:data1\" content=\"3 minutos\" \/>\n<script type=\"application\/ld+json\" class=\"yoast-schema-graph\">{\"@context\":\"https:\/\/schema.org\",\"@graph\":[{\"@type\":\"WebPage\",\"@id\":\"https:\/\/tourtravelandmore.com\/es\/tours\/italia-es\/verona-es\/excursion-privada-a-los-dolomitas-desde-verona\/\",\"url\":\"https:\/\/tourtravelandmore.com\/es\/tours\/italia-es\/verona-es\/excursion-privada-a-los-dolomitas-desde-verona\/\",\"name\":\"\u27a1\ufe0f Descubra los Dolomitas: Excursi\u00f3n privada desde Verona con Tour Travel and More\",\"isPartOf\":{\"@id\":\"https:\/\/tourtravelandmore.com\/es\/#website\"},\"primaryImageOfPage\":{\"@id\":\"https:\/\/tourtravelandmore.com\/es\/tours\/italia-es\/verona-es\/excursion-privada-a-los-dolomitas-desde-verona\/#primaryimage\"},\"image\":{\"@id\":\"https:\/\/tourtravelandmore.com\/es\/tours\/italia-es\/verona-es\/excursion-privada-a-los-dolomitas-desde-verona\/#primaryimage\"},\"thumbnailUrl\":\"https:\/\/tourtravelandmore.com\/wp-content\/uploads\/2023\/07\/image3-1.jpg\",\"datePublished\":\"2023-07-26T13:47:46+00:00\",\"dateModified\":\"2024-05-02T14:43:04+00:00\",\"description\":\"Avent\u00farese en una excursi\u00f3n privada a las Dolomitas desde Verona, explorando impresionantes vistas de monta\u00f1a, una rica cultura y maravillas geol\u00f3gicas \u00fanicas. \u2705\",\"breadcrumb\":{\"@id\":\"https:\/\/tourtravelandmore.com\/es\/tours\/italia-es\/verona-es\/excursion-privada-a-los-dolomitas-desde-verona\/#breadcrumb\"},\"inLanguage\":\"es\",\"potentialAction\":[{\"@type\":\"ReadAction\",\"target\":[\"https:\/\/tourtravelandmore.com\/es\/tours\/italia-es\/verona-es\/excursion-privada-a-los-dolomitas-desde-verona\/\"]}]},{\"@type\":\"ImageObject\",\"inLanguage\":\"es\",\"@id\":\"https:\/\/tourtravelandmore.com\/es\/tours\/italia-es\/verona-es\/excursion-privada-a-los-dolomitas-desde-verona\/#primaryimage\",\"url\":\"https:\/\/tourtravelandmore.com\/wp-content\/uploads\/2023\/07\/image3-1.jpg\",\"contentUrl\":\"https:\/\/tourtravelandmore.com\/wp-content\/uploads\/2023\/07\/image3-1.jpg\",\"width\":1250,\"height\":750},{\"@type\":\"BreadcrumbList\",\"@id\":\"https:\/\/tourtravelandmore.com\/es\/tours\/italia-es\/verona-es\/excursion-privada-a-los-dolomitas-desde-verona\/#breadcrumb\",\"itemListElement\":[{\"@type\":\"ListItem\",\"position\":1,\"name\":\"Home\",\"item\":\"https:\/\/tourtravelandmore.com\/es\/\"},{\"@type\":\"ListItem\",\"position\":2,\"name\":\"Tours\",\"item\":\"https:\/\/tourtravelandmore.com\/es\/tours\/\"},{\"@type\":\"ListItem\",\"position\":3,\"name\":\"Tour privado a los Dolomitas desde Verona\"}]},{\"@type\":\"WebSite\",\"@id\":\"https:\/\/tourtravelandmore.com\/es\/#website\",\"url\":\"https:\/\/tourtravelandmore.com\/es\/\",\"name\":\"Tour Travel And More\",\"description\":\"Private sightseeing tours and luxury transfers in Spain\",\"publisher\":{\"@id\":\"https:\/\/tourtravelandmore.com\/es\/#organization\"},\"potentialAction\":[{\"@type\":\"SearchAction\",\"target\":{\"@type\":\"EntryPoint\",\"urlTemplate\":\"https:\/\/tourtravelandmore.com\/es\/?s={search_term_string}\"},\"query-input\":{\"@type\":\"PropertyValueSpecification\",\"valueRequired\":true,\"valueName\":\"search_term_string\"}}],\"inLanguage\":\"es\"},{\"@type\":\"Organization\",\"@id\":\"https:\/\/tourtravelandmore.com\/es\/#organization\",\"name\":\"Tour Travel And More\",\"url\":\"https:\/\/tourtravelandmore.com\/es\/\",\"logo\":{\"@type\":\"ImageObject\",\"inLanguage\":\"es\",\"@id\":\"https:\/\/tourtravelandmore.com\/es\/#\/schema\/logo\/image\/\",\"url\":\"https:\/\/tourtravelandmore.com\/wp-content\/uploads\/2022\/12\/cropped-logo-cabecera-new.png\",\"contentUrl\":\"https:\/\/tourtravelandmore.com\/wp-content\/uploads\/2022\/12\/cropped-logo-cabecera-new.png\",\"width\":430,\"height\":61,\"caption\":\"Tour Travel And More\"},\"image\":{\"@id\":\"https:\/\/tourtravelandmore.com\/es\/#\/schema\/logo\/image\/\"},\"sameAs\":[\"https:\/\/www.facebook.com\/tourtravelandmore\/\",\"https:\/\/x.com\/TourTravel_More\"]}]}<\/script>\n<!-- \/ Yoast SEO Premium plugin. -->","yoast_head_json":{"title":"\u27a1\ufe0f Descubra los Dolomitas: Excursi\u00f3n privada desde Verona con Tour Travel and More","description":"Avent\u00farese en una excursi\u00f3n privada a las Dolomitas desde Verona, explorando impresionantes vistas de monta\u00f1a, una rica cultura y maravillas geol\u00f3gicas \u00fanicas. \u2705","robots":{"index":"index","follow":"follow","max-snippet":"max-snippet:-1","max-image-preview":"max-image-preview:large","max-video-preview":"max-video-preview:-1"},"canonical":"https:\/\/tourtravelandmore.com\/es\/tours\/italia-es\/verona-es\/excursion-privada-a-los-dolomitas-desde-verona\/","og_locale":"es_ES","og_type":"article","og_title":"Tour privado a los Dolomitas desde Verona","og_description":"Avent\u00farese en una excursi\u00f3n privada a las Dolomitas desde Verona, explorando impresionantes vistas de monta\u00f1a, una rica cultura y maravillas geol\u00f3gicas \u00fanicas. \u2705","og_url":"https:\/\/tourtravelandmore.com\/es\/tours\/italia-es\/verona-es\/excursion-privada-a-los-dolomitas-desde-verona\/","og_site_name":"Tour Travel And More","article_publisher":"https:\/\/www.facebook.com\/tourtravelandmore\/","article_modified_time":"2024-05-02T14:43:04+00:00","og_image":[{"width":1250,"height":750,"url":"https:\/\/tourtravelandmore.com\/wp-content\/uploads\/2023\/07\/image3-1.jpg","type":"image\/jpeg"}],"twitter_card":"summary_large_image","twitter_site":"@TourTravel_More","twitter_misc":{"Tiempo de lectura":"3 minutos"},"schema":{"@context":"https:\/\/schema.org","@graph":[{"@type":"WebPage","@id":"https:\/\/tourtravelandmore.com\/es\/tours\/italia-es\/verona-es\/excursion-privada-a-los-dolomitas-desde-verona\/","url":"https:\/\/tourtravelandmore.com\/es\/tours\/italia-es\/verona-es\/excursion-privada-a-los-dolomitas-desde-verona\/","name":"\u27a1\ufe0f Descubra los Dolomitas: Excursi\u00f3n privada desde Verona con Tour Travel and More","isPartOf":{"@id":"https:\/\/tourtravelandmore.com\/es\/#website"},"primaryImageOfPage":{"@id":"https:\/\/tourtravelandmore.com\/es\/tours\/italia-es\/verona-es\/excursion-privada-a-los-dolomitas-desde-verona\/#primaryimage"},"image":{"@id":"https:\/\/tourtravelandmore.com\/es\/tours\/italia-es\/verona-es\/excursion-privada-a-los-dolomitas-desde-verona\/#primaryimage"},"thumbnailUrl":"https:\/\/tourtravelandmore.com\/wp-content\/uploads\/2023\/07\/image3-1.jpg","datePublished":"2023-07-26T13:47:46+00:00","dateModified":"2024-05-02T14:43:04+00:00","description":"Avent\u00farese en una excursi\u00f3n privada a las Dolomitas desde Verona, explorando impresionantes vistas de monta\u00f1a, una rica cultura y maravillas geol\u00f3gicas \u00fanicas. \u2705","breadcrumb":{"@id":"https:\/\/tourtravelandmore.com\/es\/tours\/italia-es\/verona-es\/excursion-privada-a-los-dolomitas-desde-verona\/#breadcrumb"},"inLanguage":"es","potentialAction":[{"@type":"ReadAction","target":["https:\/\/tourtravelandmore.com\/es\/tours\/italia-es\/verona-es\/excursion-privada-a-los-dolomitas-desde-verona\/"]}]},{"@type":"ImageObject","inLanguage":"es","@id":"https:\/\/tourtravelandmore.com\/es\/tours\/italia-es\/verona-es\/excursion-privada-a-los-dolomitas-desde-verona\/#primaryimage","url":"https:\/\/tourtravelandmore.com\/wp-content\/uploads\/2023\/07\/image3-1.jpg","contentUrl":"https:\/\/tourtravelandmore.com\/wp-content\/uploads\/2023\/07\/image3-1.jpg","width":1250,"height":750},{"@type":"BreadcrumbList","@id":"https:\/\/tourtravelandmore.com\/es\/tours\/italia-es\/verona-es\/excursion-privada-a-los-dolomitas-desde-verona\/#breadcrumb","itemListElement":[{"@type":"ListItem","position":1,"name":"Home","item":"https:\/\/tourtravelandmore.com\/es\/"},{"@type":"ListItem","position":2,"name":"Tours","item":"https:\/\/tourtravelandmore.com\/es\/tours\/"},{"@type":"ListItem","position":3,"name":"Tour privado a los Dolomitas desde Verona"}]},{"@type":"WebSite","@id":"https:\/\/tourtravelandmore.com\/es\/#website","url":"https:\/\/tourtravelandmore.com\/es\/","name":"Tour Travel And More","description":"Private sightseeing tours and luxury transfers in Spain","publisher":{"@id":"https:\/\/tourtravelandmore.com\/es\/#organization"},"potentialAction":[{"@type":"SearchAction","target":{"@type":"EntryPoint","urlTemplate":"https:\/\/tourtravelandmore.com\/es\/?s={search_term_string}"},"query-input":{"@type":"PropertyValueSpecification","valueRequired":true,"valueName":"search_term_string"}}],"inLanguage":"es"},{"@type":"Organization","@id":"https:\/\/tourtravelandmore.com\/es\/#organization","name":"Tour Travel And More","url":"https:\/\/tourtravelandmore.com\/es\/","logo":{"@type":"ImageObject","inLanguage":"es","@id":"https:\/\/tourtravelandmore.com\/es\/#\/schema\/logo\/image\/","url":"https:\/\/tourtravelandmore.com\/wp-content\/uploads\/2022\/12\/cropped-logo-cabecera-new.png","contentUrl":"https:\/\/tourtravelandmore.com\/wp-content\/uploads\/2022\/12\/cropped-logo-cabecera-new.png","width":430,"height":61,"caption":"Tour Travel And More"},"image":{"@id":"https:\/\/tourtravelandmore.com\/es\/#\/schema\/logo\/image\/"},"sameAs":["https:\/\/www.facebook.com\/tourtravelandmore\/","https:\/\/x.com\/TourTravel_More"]}]}},"_links":{"self":[{"href":"https:\/\/tourtravelandmore.com\/es\/wp-json\/wp\/v2\/product\/169458","targetHints":{"allow":["GET"]}}],"collection":[{"href":"https:\/\/tourtravelandmore.com\/es\/wp-json\/wp\/v2\/product"}],"about":[{"href":"https:\/\/tourtravelandmore.com\/es\/wp-json\/wp\/v2\/types\/product"}],"replies":[{"embeddable":true,"href":"https:\/\/tourtravelandmore.com\/es\/wp-json\/wp\/v2\/comments?post=169458"}],"wp:featuredmedia":[{"embeddable":true,"href":"https:\/\/tourtravelandmore.com\/es\/wp-json\/wp\/v2\/media\/169480"}],"wp:attachment":[{"href":"https:\/\/tourtravelandmore.com\/es\/wp-json\/wp\/v2\/media?parent=169458"}],"wp:term":[{"taxonomy":"product_brand","embeddable":true,"href":"https:\/\/tourtravelandmore.com\/es\/wp-json\/wp\/v2\/product_brand?post=169458"},{"taxonomy":"product_cat","embeddable":true,"href":"https:\/\/tourtravelandmore.com\/es\/wp-json\/wp\/v2\/product_cat?post=169458"},{"taxonomy":"product_tag","embeddable":true,"href":"https:\/\/tourtravelandmore.com\/es\/wp-json\/wp\/v2\/product_tag?post=169458"}],"curies":[{"name":"wp","href":"https:\/\/api.w.org\/{rel}","templated":true}]}}