{"id":169422,"date":"2023-07-25T12:41:18","date_gmt":"2023-07-25T10:41:24","guid":{"rendered":"https:\/\/tourtravelandmore.com\/?post_type=product&#038;p=169422"},"modified":"2023-07-25T12:51:36","modified_gmt":"2023-07-25T10:51:36","slug":"tour-privado-a-pie-por-verona-copy","status":"publish","type":"product","link":"https:\/\/tourtravelandmore.com\/es\/tours\/italia-es\/verona-es\/tour-privado-a-pie-por-verona-copy\/","title":{"rendered":"Visita privada a pie de Verona con entradas"},"content":{"rendered":"<h2><b>Descripci\u00f3n del Tour Privado a Pie de Verona con Entradas<\/b><\/h2>\n<p><span style=\"font-weight: 400;\">Abrace el fascinante encanto de Verona, un tesoro de maravillas hist\u00f3ricas, esplendores arquitect\u00f3nicos y una atm\u00f3sfera cautivadora que da vida a cada rinc\u00f3n de la ciudad. Tour Travel and More le presenta un minucioso recorrido privado a pie de 3 horas por esta extraordinaria ciudad, durante el cual pasear\u00e1 por sus laber\u00ednticas calles y sus amplias plazas.<\/span><\/p>\n<p><span style=\"font-weight: 400;\">Con un gu\u00eda local experto a su lado, podr\u00e1 profundizar en el pasado de Verona, comprender su presente y mirar hacia el futuro. Verona, recordada con cari\u00f1o por ser el escenario de la eterna tragedia de Shakespeare, &#8220;Romeo y Julieta&#8221;, le revelar\u00e1 sus fascinantes historias, sus cautivadoras vistas y le ofrecer\u00e1 una aut\u00e9ntica muestra de su rica cultura y su ilustre historia.<\/span><\/p>\n<p><span style=\"font-weight: 400;\">Nuestro recorrido le llevar\u00e1 en un viaje inmersivo a trav\u00e9s del pasado de Verona, dando vida a historias de antiguas conquistas romanas, luchas de poder medievales y conmovedoras historias de amor y tragedia. A cada paso, sentir\u00e1 el vibrante pulso de la ciudad, admirar\u00e1 sus maravillas arquitect\u00f3nicas bien conservadas y se empapar\u00e1 del encanto \u00fanico que ha inspirado a poetas, artistas y so\u00f1adores durante siglos.<\/span><\/p>\n<p><span style=\"font-weight: 400;\">Este recorrido tambi\u00e9n incluye entradas a dos de los principales lugares de inter\u00e9s: la Arena y la Casa de Julieta. Estos lugares emblem\u00e1ticos no son meros monumentos impresionantes, sino fragmentos vivos del pasado hist\u00f3rico de Verona, que ofrecen una conexi\u00f3n tangible con el rico patrimonio de la ciudad que va m\u00e1s all\u00e1 de la mera visita tur\u00edstica.<\/span><\/p>\n<h2><b>Puntos de inter\u00e9s de la visita privada a pie de Verona con entradas<\/b><\/h2>\n<ul>\n<li style=\"font-weight: 400;\" aria-level=\"1\"><b>Arena de Verona:<\/b><span style=\"font-weight: 400;\"> El recorrido comienza en la monumental Arena de Verona, un impresionante anfiteatro romano que atestigua la magnificencia hist\u00f3rica de la ciudad. Esta formidable estructura, una de las m\u00e1s grandes de Italia, sol\u00eda albergar emocionantes luchas de gladiadores y espect\u00e1culos p\u00fablicos. Los ecos de las multitudes y de las batallas heroicas a\u00fan son palpables en sus muros. Hoy en d\u00eda, sirve como gran teatro de \u00f3pera, con representaciones al aire libre que transportan al p\u00fablico atr\u00e1s en el tiempo y fomentan una apreciaci\u00f3n m\u00e1s profunda de las artes intemporales. Su billete incluye la entrada a este notable monumento, que ofrece una experiencia cercana del extraordinario pasado de Verona.<\/span><\/li>\n<li style=\"font-weight: 400;\" aria-level=\"1\"><b>Casa de Julieta:<\/b><span style=\"font-weight: 400;\"> Desde la grandeza de la antigua \u00e9poca romana, la visita te lleva al \u00edntimo escenario de la Casa de Julieta, donde se cree que tuvo lugar la famosa escena del balc\u00f3n de la tr\u00e1gica historia de &#8220;Romeo y Julieta&#8221;. Siga los pasos de los malogrados amantes de Shakespeare entre estos muros y viva el romance y la tragedia que han cautivado al mundo durante siglos. M\u00e1s all\u00e1 de su encanto rom\u00e1ntico, esta casa de estilo g\u00f3tico del siglo XIV ofrece una intrigante visi\u00f3n de la vida dom\u00e9stica medieval, con sus pasillos repletos de frescos y su mobiliario de \u00e9poca. Su entrada le permitir\u00e1 explorar esta emblem\u00e1tica casa y sus fascinantes objetos con total libertad.<\/span><\/li>\n<\/ul>\n<p><span style=\"font-weight: 400;\">Con la arraigada historia de la ciudad y su legado art\u00edstico en cada esquina, explorar Verona ofrece una experiencia esclarecedora que va m\u00e1s all\u00e1 de una simple visita tur\u00edstica. Caminando por sus calles hist\u00f3ricas, ser\u00e1 testigo de las marcas perdurables del tiempo que hacen de Verona un verdadero museo al aire libre. Cada edificio, plaza y monumento es un testimonio del rico y vibrante pasado de la ciudad, que ofrece una forma \u00fanica de apreciar su encanto.<\/span><\/p>\n<p><span style=\"font-weight: 400;\">Descubrir Verona a pie permite una comprensi\u00f3n \u00edntima de su esp\u00edritu y car\u00e1cter, ofreciendo una perspectiva \u00fanica que va mucho m\u00e1s all\u00e1 de la mirada tur\u00edstica casual. Deje que Tour Travel and More le gu\u00ede a trav\u00e9s de esta fascinante ciudad con nuestro exclusivo Tour Privado a Pie de Verona con Entradas. <\/span><span style=\"font-weight: 400;\"><a href=\"https:\/\/tourtravelandmore.com\/es\/ciudad\/italia-es\/verona-es\/\">Explore la historia y el romanticismo de Verona a trav\u00e9s de una experiencia curada por expertos<\/a>, dise\u00f1ada para enriquecer su comprensi\u00f3n de esta magn\u00edfica ciudad.<\/span><span style=\"font-weight: 400;\"> Aseg\u00farese de revisar nuestra extensa lista de tours privados en Tour Travel and More, ya que nos esforzamos por ofrecer una amplia gama de tours que se adaptan a diversos intereses y preferencias.<\/span><\/p>\n","protected":false},"excerpt":{"rendered":"<p><span style=\"font-weight: 400;\">Descubra el encanto y la historia de Verona con una visita privada a pie. Recorra el coraz\u00f3n de la ciudad, contemple las magn\u00edficas estructuras medievales y sum\u00e9rjase en el ambiente rom\u00e1ntico de la ciudad de Romeo y Julieta con Tour Travel and More<\/span><\/p>\n","protected":false},"featured_media":169447,"comment_status":"open","ping_status":"closed","template":"","meta":{"_acf_changed":false},"product_brand":[],"product_cat":[702,708,732],"product_tag":[],"class_list":{"0":"post-169422","1":"product","2":"type-product","3":"status-publish","4":"has-post-thumbnail","6":"product_cat-verona-es","7":"product_cat-verona-actividades-es","8":"product_cat-verona-tours-privados-pie-es","10":"first","11":"instock","12":"shipping-taxable","13":"purchasable","14":"product-type-simple"},"acf":[],"yoast_head":"<!-- This site is optimized with the Yoast SEO Premium plugin v25.3.1 (Yoast SEO v25.3.1) - https:\/\/yoast.com\/wordpress\/plugins\/seo\/ -->\n<title>\u27a1\ufe0f Ad\u00e9ntrese en la historia y el romanticismo de Verona: Tour privado a pie con entradas por Tour Travel and More<\/title>\n<meta name=\"description\" content=\"Descubra la grandeza hist\u00f3rica de Verona con un recorrido privado a pie. Conozca el rico pasado de la ciudad, marav\u00edllese con su patrimonio art\u00edstico y emp\u00e1pese del encanto de la ciudad de Romeo y Julieta, con entradas incluidas. \u2705\" \/>\n<meta name=\"robots\" content=\"index, follow, max-snippet:-1, max-image-preview:large, max-video-preview:-1\" \/>\n<link rel=\"canonical\" href=\"https:\/\/tourtravelandmore.com\/es\/tours\/italia-es\/verona-es\/tour-privado-a-pie-por-verona-copy\/\" \/>\n<meta property=\"og:locale\" content=\"es_ES\" \/>\n<meta property=\"og:type\" content=\"article\" \/>\n<meta property=\"og:title\" content=\"Visita privada a pie de Verona con entradas\" \/>\n<meta property=\"og:description\" content=\"Descubra la grandeza hist\u00f3rica de Verona con un recorrido privado a pie. Conozca el rico pasado de la ciudad, marav\u00edllese con su patrimonio art\u00edstico y emp\u00e1pese del encanto de la ciudad de Romeo y Julieta, con entradas incluidas. \u2705\" \/>\n<meta property=\"og:url\" content=\"https:\/\/tourtravelandmore.com\/es\/tours\/italia-es\/verona-es\/tour-privado-a-pie-por-verona-copy\/\" \/>\n<meta property=\"og:site_name\" content=\"Tour Travel And More\" \/>\n<meta property=\"article:publisher\" content=\"https:\/\/www.facebook.com\/tourtravelandmore\/\" \/>\n<meta property=\"article:modified_time\" content=\"2023-07-25T10:51:36+00:00\" \/>\n<meta property=\"og:image\" content=\"https:\/\/tourtravelandmore.com\/wp-content\/uploads\/2023\/07\/image4.jpg\" \/>\n\t<meta property=\"og:image:width\" content=\"1250\" \/>\n\t<meta property=\"og:image:height\" content=\"750\" \/>\n\t<meta property=\"og:image:type\" content=\"image\/jpeg\" \/>\n<meta name=\"twitter:card\" content=\"summary_large_image\" \/>\n<meta name=\"twitter:site\" content=\"@TourTravel_More\" \/>\n<meta name=\"twitter:label1\" content=\"Tiempo de lectura\" \/>\n\t<meta name=\"twitter:data1\" content=\"4 minutos\" \/>\n<script type=\"application\/ld+json\" class=\"yoast-schema-graph\">{\"@context\":\"https:\/\/schema.org\",\"@graph\":[{\"@type\":\"WebPage\",\"@id\":\"https:\/\/tourtravelandmore.com\/es\/tours\/italia-es\/verona-es\/tour-privado-a-pie-por-verona-copy\/\",\"url\":\"https:\/\/tourtravelandmore.com\/es\/tours\/italia-es\/verona-es\/tour-privado-a-pie-por-verona-copy\/\",\"name\":\"\u27a1\ufe0f Ad\u00e9ntrese en la historia y el romanticismo de Verona: Tour privado a pie con entradas por Tour Travel and More\",\"isPartOf\":{\"@id\":\"https:\/\/tourtravelandmore.com\/es\/#website\"},\"primaryImageOfPage\":{\"@id\":\"https:\/\/tourtravelandmore.com\/es\/tours\/italia-es\/verona-es\/tour-privado-a-pie-por-verona-copy\/#primaryimage\"},\"image\":{\"@id\":\"https:\/\/tourtravelandmore.com\/es\/tours\/italia-es\/verona-es\/tour-privado-a-pie-por-verona-copy\/#primaryimage\"},\"thumbnailUrl\":\"https:\/\/tourtravelandmore.com\/wp-content\/uploads\/2023\/07\/image4.jpg\",\"datePublished\":\"2023-07-25T10:41:24+00:00\",\"dateModified\":\"2023-07-25T10:51:36+00:00\",\"description\":\"Descubra la grandeza hist\u00f3rica de Verona con un recorrido privado a pie. Conozca el rico pasado de la ciudad, marav\u00edllese con su patrimonio art\u00edstico y emp\u00e1pese del encanto de la ciudad de Romeo y Julieta, con entradas incluidas. \u2705\",\"breadcrumb\":{\"@id\":\"https:\/\/tourtravelandmore.com\/es\/tours\/italia-es\/verona-es\/tour-privado-a-pie-por-verona-copy\/#breadcrumb\"},\"inLanguage\":\"es\",\"potentialAction\":[{\"@type\":\"ReadAction\",\"target\":[\"https:\/\/tourtravelandmore.com\/es\/tours\/italia-es\/verona-es\/tour-privado-a-pie-por-verona-copy\/\"]}]},{\"@type\":\"ImageObject\",\"inLanguage\":\"es\",\"@id\":\"https:\/\/tourtravelandmore.com\/es\/tours\/italia-es\/verona-es\/tour-privado-a-pie-por-verona-copy\/#primaryimage\",\"url\":\"https:\/\/tourtravelandmore.com\/wp-content\/uploads\/2023\/07\/image4.jpg\",\"contentUrl\":\"https:\/\/tourtravelandmore.com\/wp-content\/uploads\/2023\/07\/image4.jpg\",\"width\":1250,\"height\":750},{\"@type\":\"BreadcrumbList\",\"@id\":\"https:\/\/tourtravelandmore.com\/es\/tours\/italia-es\/verona-es\/tour-privado-a-pie-por-verona-copy\/#breadcrumb\",\"itemListElement\":[{\"@type\":\"ListItem\",\"position\":1,\"name\":\"Home\",\"item\":\"https:\/\/tourtravelandmore.com\/es\/\"},{\"@type\":\"ListItem\",\"position\":2,\"name\":\"Tours\",\"item\":\"https:\/\/tourtravelandmore.com\/es\/tours\/\"},{\"@type\":\"ListItem\",\"position\":3,\"name\":\"Visita privada a pie de Verona con entradas\"}]},{\"@type\":\"WebSite\",\"@id\":\"https:\/\/tourtravelandmore.com\/es\/#website\",\"url\":\"https:\/\/tourtravelandmore.com\/es\/\",\"name\":\"Tour Travel And More\",\"description\":\"Private sightseeing tours and luxury transfers in Spain\",\"publisher\":{\"@id\":\"https:\/\/tourtravelandmore.com\/es\/#organization\"},\"potentialAction\":[{\"@type\":\"SearchAction\",\"target\":{\"@type\":\"EntryPoint\",\"urlTemplate\":\"https:\/\/tourtravelandmore.com\/es\/?s={search_term_string}\"},\"query-input\":{\"@type\":\"PropertyValueSpecification\",\"valueRequired\":true,\"valueName\":\"search_term_string\"}}],\"inLanguage\":\"es\"},{\"@type\":\"Organization\",\"@id\":\"https:\/\/tourtravelandmore.com\/es\/#organization\",\"name\":\"Tour Travel And More\",\"url\":\"https:\/\/tourtravelandmore.com\/es\/\",\"logo\":{\"@type\":\"ImageObject\",\"inLanguage\":\"es\",\"@id\":\"https:\/\/tourtravelandmore.com\/es\/#\/schema\/logo\/image\/\",\"url\":\"https:\/\/tourtravelandmore.com\/wp-content\/uploads\/2022\/12\/cropped-logo-cabecera-new.png\",\"contentUrl\":\"https:\/\/tourtravelandmore.com\/wp-content\/uploads\/2022\/12\/cropped-logo-cabecera-new.png\",\"width\":430,\"height\":61,\"caption\":\"Tour Travel And More\"},\"image\":{\"@id\":\"https:\/\/tourtravelandmore.com\/es\/#\/schema\/logo\/image\/\"},\"sameAs\":[\"https:\/\/www.facebook.com\/tourtravelandmore\/\",\"https:\/\/x.com\/TourTravel_More\"]}]}<\/script>\n<!-- \/ Yoast SEO Premium plugin. -->","yoast_head_json":{"title":"\u27a1\ufe0f Ad\u00e9ntrese en la historia y el romanticismo de Verona: Tour privado a pie con entradas por Tour Travel and More","description":"Descubra la grandeza hist\u00f3rica de Verona con un recorrido privado a pie. Conozca el rico pasado de la ciudad, marav\u00edllese con su patrimonio art\u00edstico y emp\u00e1pese del encanto de la ciudad de Romeo y Julieta, con entradas incluidas. \u2705","robots":{"index":"index","follow":"follow","max-snippet":"max-snippet:-1","max-image-preview":"max-image-preview:large","max-video-preview":"max-video-preview:-1"},"canonical":"https:\/\/tourtravelandmore.com\/es\/tours\/italia-es\/verona-es\/tour-privado-a-pie-por-verona-copy\/","og_locale":"es_ES","og_type":"article","og_title":"Visita privada a pie de Verona con entradas","og_description":"Descubra la grandeza hist\u00f3rica de Verona con un recorrido privado a pie. Conozca el rico pasado de la ciudad, marav\u00edllese con su patrimonio art\u00edstico y emp\u00e1pese del encanto de la ciudad de Romeo y Julieta, con entradas incluidas. \u2705","og_url":"https:\/\/tourtravelandmore.com\/es\/tours\/italia-es\/verona-es\/tour-privado-a-pie-por-verona-copy\/","og_site_name":"Tour Travel And More","article_publisher":"https:\/\/www.facebook.com\/tourtravelandmore\/","article_modified_time":"2023-07-25T10:51:36+00:00","og_image":[{"width":1250,"height":750,"url":"https:\/\/tourtravelandmore.com\/wp-content\/uploads\/2023\/07\/image4.jpg","type":"image\/jpeg"}],"twitter_card":"summary_large_image","twitter_site":"@TourTravel_More","twitter_misc":{"Tiempo de lectura":"4 minutos"},"schema":{"@context":"https:\/\/schema.org","@graph":[{"@type":"WebPage","@id":"https:\/\/tourtravelandmore.com\/es\/tours\/italia-es\/verona-es\/tour-privado-a-pie-por-verona-copy\/","url":"https:\/\/tourtravelandmore.com\/es\/tours\/italia-es\/verona-es\/tour-privado-a-pie-por-verona-copy\/","name":"\u27a1\ufe0f Ad\u00e9ntrese en la historia y el romanticismo de Verona: Tour privado a pie con entradas por Tour Travel and More","isPartOf":{"@id":"https:\/\/tourtravelandmore.com\/es\/#website"},"primaryImageOfPage":{"@id":"https:\/\/tourtravelandmore.com\/es\/tours\/italia-es\/verona-es\/tour-privado-a-pie-por-verona-copy\/#primaryimage"},"image":{"@id":"https:\/\/tourtravelandmore.com\/es\/tours\/italia-es\/verona-es\/tour-privado-a-pie-por-verona-copy\/#primaryimage"},"thumbnailUrl":"https:\/\/tourtravelandmore.com\/wp-content\/uploads\/2023\/07\/image4.jpg","datePublished":"2023-07-25T10:41:24+00:00","dateModified":"2023-07-25T10:51:36+00:00","description":"Descubra la grandeza hist\u00f3rica de Verona con un recorrido privado a pie. Conozca el rico pasado de la ciudad, marav\u00edllese con su patrimonio art\u00edstico y emp\u00e1pese del encanto de la ciudad de Romeo y Julieta, con entradas incluidas. \u2705","breadcrumb":{"@id":"https:\/\/tourtravelandmore.com\/es\/tours\/italia-es\/verona-es\/tour-privado-a-pie-por-verona-copy\/#breadcrumb"},"inLanguage":"es","potentialAction":[{"@type":"ReadAction","target":["https:\/\/tourtravelandmore.com\/es\/tours\/italia-es\/verona-es\/tour-privado-a-pie-por-verona-copy\/"]}]},{"@type":"ImageObject","inLanguage":"es","@id":"https:\/\/tourtravelandmore.com\/es\/tours\/italia-es\/verona-es\/tour-privado-a-pie-por-verona-copy\/#primaryimage","url":"https:\/\/tourtravelandmore.com\/wp-content\/uploads\/2023\/07\/image4.jpg","contentUrl":"https:\/\/tourtravelandmore.com\/wp-content\/uploads\/2023\/07\/image4.jpg","width":1250,"height":750},{"@type":"BreadcrumbList","@id":"https:\/\/tourtravelandmore.com\/es\/tours\/italia-es\/verona-es\/tour-privado-a-pie-por-verona-copy\/#breadcrumb","itemListElement":[{"@type":"ListItem","position":1,"name":"Home","item":"https:\/\/tourtravelandmore.com\/es\/"},{"@type":"ListItem","position":2,"name":"Tours","item":"https:\/\/tourtravelandmore.com\/es\/tours\/"},{"@type":"ListItem","position":3,"name":"Visita privada a pie de Verona con entradas"}]},{"@type":"WebSite","@id":"https:\/\/tourtravelandmore.com\/es\/#website","url":"https:\/\/tourtravelandmore.com\/es\/","name":"Tour Travel And More","description":"Private sightseeing tours and luxury transfers in Spain","publisher":{"@id":"https:\/\/tourtravelandmore.com\/es\/#organization"},"potentialAction":[{"@type":"SearchAction","target":{"@type":"EntryPoint","urlTemplate":"https:\/\/tourtravelandmore.com\/es\/?s={search_term_string}"},"query-input":{"@type":"PropertyValueSpecification","valueRequired":true,"valueName":"search_term_string"}}],"inLanguage":"es"},{"@type":"Organization","@id":"https:\/\/tourtravelandmore.com\/es\/#organization","name":"Tour Travel And More","url":"https:\/\/tourtravelandmore.com\/es\/","logo":{"@type":"ImageObject","inLanguage":"es","@id":"https:\/\/tourtravelandmore.com\/es\/#\/schema\/logo\/image\/","url":"https:\/\/tourtravelandmore.com\/wp-content\/uploads\/2022\/12\/cropped-logo-cabecera-new.png","contentUrl":"https:\/\/tourtravelandmore.com\/wp-content\/uploads\/2022\/12\/cropped-logo-cabecera-new.png","width":430,"height":61,"caption":"Tour Travel And More"},"image":{"@id":"https:\/\/tourtravelandmore.com\/es\/#\/schema\/logo\/image\/"},"sameAs":["https:\/\/www.facebook.com\/tourtravelandmore\/","https:\/\/x.com\/TourTravel_More"]}]}},"_links":{"self":[{"href":"https:\/\/tourtravelandmore.com\/es\/wp-json\/wp\/v2\/product\/169422","targetHints":{"allow":["GET"]}}],"collection":[{"href":"https:\/\/tourtravelandmore.com\/es\/wp-json\/wp\/v2\/product"}],"about":[{"href":"https:\/\/tourtravelandmore.com\/es\/wp-json\/wp\/v2\/types\/product"}],"replies":[{"embeddable":true,"href":"https:\/\/tourtravelandmore.com\/es\/wp-json\/wp\/v2\/comments?post=169422"}],"wp:featuredmedia":[{"embeddable":true,"href":"https:\/\/tourtravelandmore.com\/es\/wp-json\/wp\/v2\/media\/169447"}],"wp:attachment":[{"href":"https:\/\/tourtravelandmore.com\/es\/wp-json\/wp\/v2\/media?parent=169422"}],"wp:term":[{"taxonomy":"product_brand","embeddable":true,"href":"https:\/\/tourtravelandmore.com\/es\/wp-json\/wp\/v2\/product_brand?post=169422"},{"taxonomy":"product_cat","embeddable":true,"href":"https:\/\/tourtravelandmore.com\/es\/wp-json\/wp\/v2\/product_cat?post=169422"},{"taxonomy":"product_tag","embeddable":true,"href":"https:\/\/tourtravelandmore.com\/es\/wp-json\/wp\/v2\/product_tag?post=169422"}],"curies":[{"name":"wp","href":"https:\/\/api.w.org\/{rel}","templated":true}]}}