{"id":168956,"date":"2023-06-02T08:18:32","date_gmt":"2023-06-02T06:21:11","guid":{"rendered":"https:\/\/tourtravelandmore.com\/?post_type=product&#038;p=168956"},"modified":"2024-04-08T13:02:04","modified_gmt":"2024-04-08T11:02:04","slug":"tour-de-arte-urbano-y-vino-de-buenos-aires","status":"publish","type":"product","link":"https:\/\/tourtravelandmore.com\/es\/tours\/argentina-es\/buenos-aires-es\/todos-los-tours-privados-es\/tour-de-arte-urbano-y-vino-de-buenos-aires\/","title":{"rendered":"Tour de Arte Urbano y Vino de Buenos Aires"},"content":{"rendered":"<h2><b>Descripci\u00f3n <\/b><b>Tour de Arte Urbano y Vino de Buenos Aires\u00a0<\/b><\/h2>\n<p><span style=\"font-weight: 400;\">Sum\u00e9rjase en una experiencia cultural \u00fanica con nuestro &#8220;Buenos Aires Urban Art and Wine Tour&#8221;. Este recorrido de 3 horas especialmente dise\u00f1ado ofrece una deliciosa mezcla de vibrante arte callejero y exquisito vino argentino, por lo que es una opci\u00f3n perfecta tanto para los entusiastas del arte como para los amantes del vino. Acompa\u00f1ado por un gu\u00eda experto, recorrer\u00e1 las animadas calles de Buenos Aires y descubrir\u00e1 la din\u00e1mica escena art\u00edstica urbana de la ciudad. Sea testigo de la espectacular transformaci\u00f3n de muros mundanos en impresionantes lienzos para la autoexpresi\u00f3n, que reflejan la historia, los matices sociopol\u00edticos y la diversidad cultural de la ciudad. A medida que avanza el recorrido, le espera una cata de vinos de primera calidad. Disfrute de la oportunidad exclusiva de degustar algunos de los mejores vinos de Argentina y conocer mejor las tradiciones y pr\u00e1cticas vitivin\u00edcolas locales. El recorrido promete no s\u00f3lo un fest\u00edn visual de llamativos murales y grafitis, sino tambi\u00e9n un placer sensorial con cada sorbo de vino argentino.<\/span><\/p>\n<h2><b>Puntos de inter\u00e9s de la ruta de arte urbano y vino de Buenos Aires<\/b><\/h2>\n<p><span style=\"font-weight: 400;\">Su viaje se ver\u00e1 salpicado por varios puntos de arte urbano de Buenos Aires. Lugares como los populares barrios de Palermo y San Telmo ofrecen vibrantes muestras de arte callejero, que los convierten en hitos culturales por derecho propio. El recorrido tambi\u00e9n incluye una visita a galer\u00edas locales que exponen las obras de artistas callejeros de gran talento, lo que proporciona una visi\u00f3n m\u00e1s profunda de la escena art\u00edstica local. En cuanto a la cata de vinos, tiene lugar en una sofisticada bodega, donde un experto sumiller le guiar\u00e1 a trav\u00e9s de una selecci\u00f3n de distintos vinos regionales, explic\u00e1ndole sus caracter\u00edsticas \u00fanicas y perfiles de sabor.<\/span><\/p>\n<p><span style=\"font-weight: 400;\">M\u00e1s adelante, su exploraci\u00f3n de la escena art\u00edstica urbana de Buenos Aires se extiende a los caminos menos transitados de la zona, donde el arte del graffiti a menudo pasa desapercibido, pero dice mucho. Observe el poder y la sutileza del arte del estarcido, admire murales a gran escala que encapsulan temas sociopol\u00edticos y descubra joyas ocultas del arte callejero que desaf\u00edan lo convencional. Al mismo tiempo, conocer\u00e1 las historias y a los artistas que hay detr\u00e1s de estas impresionantes creaciones, profundizando en su apreciaci\u00f3n del vibrante paisaje art\u00edstico de esta ciudad. Al finalizar el recorrido visual, su paladar disfrutar\u00e1 de una cuidada selecci\u00f3n de los vinos m\u00e1s c\u00e9lebres de Argentina. En la tranquila elegancia de una bodega local, saboree diferentes variedades, desde las notas profundas y afrutadas del Malbec hasta la calidad fresca y crujiente del Torront\u00e9s. Esta esclarecedora experiencia subraya la reputaci\u00f3n de Argentina como productor de vinos de talla mundial y pone el broche de oro a su viaje por las art\u00edsticas calles de Buenos Aires.<\/span><\/p>\n<p><b>Palermo:<\/b><span style=\"font-weight: 400;\"> conocido por su concentraci\u00f3n de murales, este barrio es un centro neur\u00e1lgico para artistas callejeros locales e internacionales. La creatividad que salpica paredes, edificios e incluso aceras funciona como un museo de arte al aire libre que refleja el vibrante esp\u00edritu del barrio.<\/span><\/p>\n<p><b>San Telmo:<\/b><span style=\"font-weight: 400;\"> este barrio hist\u00f3rico alberga numerosos murales impactantes que mezclan pasado y presente, revelando historias de la cultura y la historia argentinas.<\/span><\/p>\n<p><b>Galer\u00edas de arte locales:<\/b><span style=\"font-weight: 400;\"> Estas galer\u00edas albergan una gran variedad de obras de artistas emergentes y consagrados, mostrando la rica diversidad de la escena art\u00edstica urbana de Buenos Aires.<\/span><\/p>\n<p><b>Bodega:<\/b><span style=\"font-weight: 400;\"> Aqu\u00ed le presentar\u00e1n una variedad de vinos que cuentan la historia de la herencia vin\u00edcola argentina, convirtiendo la cata en una experiencia cultural realmente envolvente.<\/span><\/p>\n<p><a href=\"https:\/\/tourtravelandmore.com\/es\/ciudad\/argentina-es\/buenos-aires-es\/\"><span style=\"font-weight: 400;\">Para m\u00e1s experiencias enriquecedoras en Buenos Aires, Tour Travel and More ofrece una amplia gama de tours privados adaptados a sus intereses.<\/span><\/a> <span style=\"font-weight: 400;\">Visite nuestro sitio web para echar un vistazo a nuestra variada gama de tours y hacer que su viaje a Buenos Aires sea realmente inolvidable.<\/span><\/p>\n","protected":false},"excerpt":{"rendered":"<p><span style=\"font-weight: 400;\">Participe en una fascinante exploraci\u00f3n de la vibrante escena art\u00edstica urbana de Buenos Aires y disfrute de una exquisita cata de vinos argentinos. Este recorrido \u00fanico combina las delicias visuales del arte callejero con el placer sensorial de los buenos vinos, ofreciendo un viaje extraordinario al coraz\u00f3n cultural de Buenos Aires.<\/span><\/p>\n","protected":false},"featured_media":168949,"comment_status":"open","ping_status":"closed","template":"","meta":{"_acf_changed":false},"product_brand":[],"product_cat":[4409,4412,4415,4421],"product_tag":[],"class_list":{"0":"post-168956","1":"product","2":"type-product","3":"status-publish","4":"has-post-thumbnail","6":"product_cat-argentina-es","7":"product_cat-buenos-aires-es","8":"product_cat-todos-los-tours-privados-es","9":"product_cat-tours-privados-a-pie-es-2","11":"first","12":"instock","13":"shipping-taxable","14":"purchasable","15":"product-type-simple"},"acf":[],"yoast_head":"<!-- This site is optimized with the Yoast SEO Premium plugin v25.3.1 (Yoast SEO v25.3.1) - https:\/\/yoast.com\/wordpress\/plugins\/seo\/ -->\n<title>Explora el arte urbano y la cultura del vino de Buenos Aires con Tour Travel and More \u2705<\/title>\n<meta name=\"description\" content=\"Descubra el vibrante arte callejero de Buenos Aires y disfrute de una experiencia premium de degustaci\u00f3n de vinos con nuestro tour privado de 3 horas. Involucre sus sentidos, \u00a1reserve ahora! \u2705\" \/>\n<meta name=\"robots\" content=\"index, follow, max-snippet:-1, max-image-preview:large, max-video-preview:-1\" \/>\n<link rel=\"canonical\" href=\"https:\/\/tourtravelandmore.com\/es\/tours\/argentina-es\/buenos-aires-es\/todos-los-tours-privados-es\/tour-de-arte-urbano-y-vino-de-buenos-aires\/\" \/>\n<meta property=\"og:locale\" content=\"es_ES\" \/>\n<meta property=\"og:type\" content=\"article\" \/>\n<meta property=\"og:title\" content=\"Tour de Arte Urbano y Vino de Buenos Aires\" \/>\n<meta property=\"og:description\" content=\"Descubra el vibrante arte callejero de Buenos Aires y disfrute de una experiencia premium de degustaci\u00f3n de vinos con nuestro tour privado de 3 horas. Involucre sus sentidos, \u00a1reserve ahora! \u2705\" \/>\n<meta property=\"og:url\" content=\"https:\/\/tourtravelandmore.com\/es\/tours\/argentina-es\/buenos-aires-es\/todos-los-tours-privados-es\/tour-de-arte-urbano-y-vino-de-buenos-aires\/\" \/>\n<meta property=\"og:site_name\" content=\"Tour Travel And More\" \/>\n<meta property=\"article:publisher\" content=\"https:\/\/www.facebook.com\/tourtravelandmore\/\" \/>\n<meta property=\"article:modified_time\" content=\"2024-04-08T11:02:04+00:00\" \/>\n<meta property=\"og:image\" content=\"https:\/\/tourtravelandmore.com\/wp-content\/uploads\/2023\/06\/image2-3.jpg\" \/>\n\t<meta property=\"og:image:width\" content=\"950\" \/>\n\t<meta property=\"og:image:height\" content=\"750\" \/>\n\t<meta property=\"og:image:type\" content=\"image\/jpeg\" \/>\n<meta name=\"twitter:card\" content=\"summary_large_image\" \/>\n<meta name=\"twitter:site\" content=\"@TourTravel_More\" \/>\n<meta name=\"twitter:label1\" content=\"Tiempo de lectura\" \/>\n\t<meta name=\"twitter:data1\" content=\"3 minutos\" \/>\n<script type=\"application\/ld+json\" class=\"yoast-schema-graph\">{\"@context\":\"https:\/\/schema.org\",\"@graph\":[{\"@type\":\"WebPage\",\"@id\":\"https:\/\/tourtravelandmore.com\/es\/tours\/argentina-es\/buenos-aires-es\/todos-los-tours-privados-es\/tour-de-arte-urbano-y-vino-de-buenos-aires\/\",\"url\":\"https:\/\/tourtravelandmore.com\/es\/tours\/argentina-es\/buenos-aires-es\/todos-los-tours-privados-es\/tour-de-arte-urbano-y-vino-de-buenos-aires\/\",\"name\":\"Explora el arte urbano y la cultura del vino de Buenos Aires con Tour Travel and More \u2705\",\"isPartOf\":{\"@id\":\"https:\/\/tourtravelandmore.com\/es\/#website\"},\"primaryImageOfPage\":{\"@id\":\"https:\/\/tourtravelandmore.com\/es\/tours\/argentina-es\/buenos-aires-es\/todos-los-tours-privados-es\/tour-de-arte-urbano-y-vino-de-buenos-aires\/#primaryimage\"},\"image\":{\"@id\":\"https:\/\/tourtravelandmore.com\/es\/tours\/argentina-es\/buenos-aires-es\/todos-los-tours-privados-es\/tour-de-arte-urbano-y-vino-de-buenos-aires\/#primaryimage\"},\"thumbnailUrl\":\"https:\/\/tourtravelandmore.com\/wp-content\/uploads\/2023\/06\/image2-3.jpg\",\"datePublished\":\"2023-06-02T06:21:11+00:00\",\"dateModified\":\"2024-04-08T11:02:04+00:00\",\"description\":\"Descubra el vibrante arte callejero de Buenos Aires y disfrute de una experiencia premium de degustaci\u00f3n de vinos con nuestro tour privado de 3 horas. Involucre sus sentidos, \u00a1reserve ahora! \u2705\",\"breadcrumb\":{\"@id\":\"https:\/\/tourtravelandmore.com\/es\/tours\/argentina-es\/buenos-aires-es\/todos-los-tours-privados-es\/tour-de-arte-urbano-y-vino-de-buenos-aires\/#breadcrumb\"},\"inLanguage\":\"es\",\"potentialAction\":[{\"@type\":\"ReadAction\",\"target\":[\"https:\/\/tourtravelandmore.com\/es\/tours\/argentina-es\/buenos-aires-es\/todos-los-tours-privados-es\/tour-de-arte-urbano-y-vino-de-buenos-aires\/\"]}]},{\"@type\":\"ImageObject\",\"inLanguage\":\"es\",\"@id\":\"https:\/\/tourtravelandmore.com\/es\/tours\/argentina-es\/buenos-aires-es\/todos-los-tours-privados-es\/tour-de-arte-urbano-y-vino-de-buenos-aires\/#primaryimage\",\"url\":\"https:\/\/tourtravelandmore.com\/wp-content\/uploads\/2023\/06\/image2-3.jpg\",\"contentUrl\":\"https:\/\/tourtravelandmore.com\/wp-content\/uploads\/2023\/06\/image2-3.jpg\",\"width\":950,\"height\":750},{\"@type\":\"BreadcrumbList\",\"@id\":\"https:\/\/tourtravelandmore.com\/es\/tours\/argentina-es\/buenos-aires-es\/todos-los-tours-privados-es\/tour-de-arte-urbano-y-vino-de-buenos-aires\/#breadcrumb\",\"itemListElement\":[{\"@type\":\"ListItem\",\"position\":1,\"name\":\"Home\",\"item\":\"https:\/\/tourtravelandmore.com\/es\/\"},{\"@type\":\"ListItem\",\"position\":2,\"name\":\"Tours\",\"item\":\"https:\/\/tourtravelandmore.com\/es\/tours\/\"},{\"@type\":\"ListItem\",\"position\":3,\"name\":\"Tour de Arte Urbano y Vino de Buenos Aires\"}]},{\"@type\":\"WebSite\",\"@id\":\"https:\/\/tourtravelandmore.com\/es\/#website\",\"url\":\"https:\/\/tourtravelandmore.com\/es\/\",\"name\":\"Tour Travel And More\",\"description\":\"Private sightseeing tours and luxury transfers in Spain\",\"publisher\":{\"@id\":\"https:\/\/tourtravelandmore.com\/es\/#organization\"},\"potentialAction\":[{\"@type\":\"SearchAction\",\"target\":{\"@type\":\"EntryPoint\",\"urlTemplate\":\"https:\/\/tourtravelandmore.com\/es\/?s={search_term_string}\"},\"query-input\":{\"@type\":\"PropertyValueSpecification\",\"valueRequired\":true,\"valueName\":\"search_term_string\"}}],\"inLanguage\":\"es\"},{\"@type\":\"Organization\",\"@id\":\"https:\/\/tourtravelandmore.com\/es\/#organization\",\"name\":\"Tour Travel And More\",\"url\":\"https:\/\/tourtravelandmore.com\/es\/\",\"logo\":{\"@type\":\"ImageObject\",\"inLanguage\":\"es\",\"@id\":\"https:\/\/tourtravelandmore.com\/es\/#\/schema\/logo\/image\/\",\"url\":\"https:\/\/tourtravelandmore.com\/wp-content\/uploads\/2022\/12\/cropped-logo-cabecera-new.png\",\"contentUrl\":\"https:\/\/tourtravelandmore.com\/wp-content\/uploads\/2022\/12\/cropped-logo-cabecera-new.png\",\"width\":430,\"height\":61,\"caption\":\"Tour Travel And More\"},\"image\":{\"@id\":\"https:\/\/tourtravelandmore.com\/es\/#\/schema\/logo\/image\/\"},\"sameAs\":[\"https:\/\/www.facebook.com\/tourtravelandmore\/\",\"https:\/\/x.com\/TourTravel_More\"]}]}<\/script>\n<!-- \/ Yoast SEO Premium plugin. -->","yoast_head_json":{"title":"Explora el arte urbano y la cultura del vino de Buenos Aires con Tour Travel and More \u2705","description":"Descubra el vibrante arte callejero de Buenos Aires y disfrute de una experiencia premium de degustaci\u00f3n de vinos con nuestro tour privado de 3 horas. Involucre sus sentidos, \u00a1reserve ahora! \u2705","robots":{"index":"index","follow":"follow","max-snippet":"max-snippet:-1","max-image-preview":"max-image-preview:large","max-video-preview":"max-video-preview:-1"},"canonical":"https:\/\/tourtravelandmore.com\/es\/tours\/argentina-es\/buenos-aires-es\/todos-los-tours-privados-es\/tour-de-arte-urbano-y-vino-de-buenos-aires\/","og_locale":"es_ES","og_type":"article","og_title":"Tour de Arte Urbano y Vino de Buenos Aires","og_description":"Descubra el vibrante arte callejero de Buenos Aires y disfrute de una experiencia premium de degustaci\u00f3n de vinos con nuestro tour privado de 3 horas. Involucre sus sentidos, \u00a1reserve ahora! \u2705","og_url":"https:\/\/tourtravelandmore.com\/es\/tours\/argentina-es\/buenos-aires-es\/todos-los-tours-privados-es\/tour-de-arte-urbano-y-vino-de-buenos-aires\/","og_site_name":"Tour Travel And More","article_publisher":"https:\/\/www.facebook.com\/tourtravelandmore\/","article_modified_time":"2024-04-08T11:02:04+00:00","og_image":[{"width":950,"height":750,"url":"https:\/\/tourtravelandmore.com\/wp-content\/uploads\/2023\/06\/image2-3.jpg","type":"image\/jpeg"}],"twitter_card":"summary_large_image","twitter_site":"@TourTravel_More","twitter_misc":{"Tiempo de lectura":"3 minutos"},"schema":{"@context":"https:\/\/schema.org","@graph":[{"@type":"WebPage","@id":"https:\/\/tourtravelandmore.com\/es\/tours\/argentina-es\/buenos-aires-es\/todos-los-tours-privados-es\/tour-de-arte-urbano-y-vino-de-buenos-aires\/","url":"https:\/\/tourtravelandmore.com\/es\/tours\/argentina-es\/buenos-aires-es\/todos-los-tours-privados-es\/tour-de-arte-urbano-y-vino-de-buenos-aires\/","name":"Explora el arte urbano y la cultura del vino de Buenos Aires con Tour Travel and More \u2705","isPartOf":{"@id":"https:\/\/tourtravelandmore.com\/es\/#website"},"primaryImageOfPage":{"@id":"https:\/\/tourtravelandmore.com\/es\/tours\/argentina-es\/buenos-aires-es\/todos-los-tours-privados-es\/tour-de-arte-urbano-y-vino-de-buenos-aires\/#primaryimage"},"image":{"@id":"https:\/\/tourtravelandmore.com\/es\/tours\/argentina-es\/buenos-aires-es\/todos-los-tours-privados-es\/tour-de-arte-urbano-y-vino-de-buenos-aires\/#primaryimage"},"thumbnailUrl":"https:\/\/tourtravelandmore.com\/wp-content\/uploads\/2023\/06\/image2-3.jpg","datePublished":"2023-06-02T06:21:11+00:00","dateModified":"2024-04-08T11:02:04+00:00","description":"Descubra el vibrante arte callejero de Buenos Aires y disfrute de una experiencia premium de degustaci\u00f3n de vinos con nuestro tour privado de 3 horas. Involucre sus sentidos, \u00a1reserve ahora! \u2705","breadcrumb":{"@id":"https:\/\/tourtravelandmore.com\/es\/tours\/argentina-es\/buenos-aires-es\/todos-los-tours-privados-es\/tour-de-arte-urbano-y-vino-de-buenos-aires\/#breadcrumb"},"inLanguage":"es","potentialAction":[{"@type":"ReadAction","target":["https:\/\/tourtravelandmore.com\/es\/tours\/argentina-es\/buenos-aires-es\/todos-los-tours-privados-es\/tour-de-arte-urbano-y-vino-de-buenos-aires\/"]}]},{"@type":"ImageObject","inLanguage":"es","@id":"https:\/\/tourtravelandmore.com\/es\/tours\/argentina-es\/buenos-aires-es\/todos-los-tours-privados-es\/tour-de-arte-urbano-y-vino-de-buenos-aires\/#primaryimage","url":"https:\/\/tourtravelandmore.com\/wp-content\/uploads\/2023\/06\/image2-3.jpg","contentUrl":"https:\/\/tourtravelandmore.com\/wp-content\/uploads\/2023\/06\/image2-3.jpg","width":950,"height":750},{"@type":"BreadcrumbList","@id":"https:\/\/tourtravelandmore.com\/es\/tours\/argentina-es\/buenos-aires-es\/todos-los-tours-privados-es\/tour-de-arte-urbano-y-vino-de-buenos-aires\/#breadcrumb","itemListElement":[{"@type":"ListItem","position":1,"name":"Home","item":"https:\/\/tourtravelandmore.com\/es\/"},{"@type":"ListItem","position":2,"name":"Tours","item":"https:\/\/tourtravelandmore.com\/es\/tours\/"},{"@type":"ListItem","position":3,"name":"Tour de Arte Urbano y Vino de Buenos Aires"}]},{"@type":"WebSite","@id":"https:\/\/tourtravelandmore.com\/es\/#website","url":"https:\/\/tourtravelandmore.com\/es\/","name":"Tour Travel And More","description":"Private sightseeing tours and luxury transfers in Spain","publisher":{"@id":"https:\/\/tourtravelandmore.com\/es\/#organization"},"potentialAction":[{"@type":"SearchAction","target":{"@type":"EntryPoint","urlTemplate":"https:\/\/tourtravelandmore.com\/es\/?s={search_term_string}"},"query-input":{"@type":"PropertyValueSpecification","valueRequired":true,"valueName":"search_term_string"}}],"inLanguage":"es"},{"@type":"Organization","@id":"https:\/\/tourtravelandmore.com\/es\/#organization","name":"Tour Travel And More","url":"https:\/\/tourtravelandmore.com\/es\/","logo":{"@type":"ImageObject","inLanguage":"es","@id":"https:\/\/tourtravelandmore.com\/es\/#\/schema\/logo\/image\/","url":"https:\/\/tourtravelandmore.com\/wp-content\/uploads\/2022\/12\/cropped-logo-cabecera-new.png","contentUrl":"https:\/\/tourtravelandmore.com\/wp-content\/uploads\/2022\/12\/cropped-logo-cabecera-new.png","width":430,"height":61,"caption":"Tour Travel And More"},"image":{"@id":"https:\/\/tourtravelandmore.com\/es\/#\/schema\/logo\/image\/"},"sameAs":["https:\/\/www.facebook.com\/tourtravelandmore\/","https:\/\/x.com\/TourTravel_More"]}]}},"_links":{"self":[{"href":"https:\/\/tourtravelandmore.com\/es\/wp-json\/wp\/v2\/product\/168956","targetHints":{"allow":["GET"]}}],"collection":[{"href":"https:\/\/tourtravelandmore.com\/es\/wp-json\/wp\/v2\/product"}],"about":[{"href":"https:\/\/tourtravelandmore.com\/es\/wp-json\/wp\/v2\/types\/product"}],"replies":[{"embeddable":true,"href":"https:\/\/tourtravelandmore.com\/es\/wp-json\/wp\/v2\/comments?post=168956"}],"wp:featuredmedia":[{"embeddable":true,"href":"https:\/\/tourtravelandmore.com\/es\/wp-json\/wp\/v2\/media\/168949"}],"wp:attachment":[{"href":"https:\/\/tourtravelandmore.com\/es\/wp-json\/wp\/v2\/media?parent=168956"}],"wp:term":[{"taxonomy":"product_brand","embeddable":true,"href":"https:\/\/tourtravelandmore.com\/es\/wp-json\/wp\/v2\/product_brand?post=168956"},{"taxonomy":"product_cat","embeddable":true,"href":"https:\/\/tourtravelandmore.com\/es\/wp-json\/wp\/v2\/product_cat?post=168956"},{"taxonomy":"product_tag","embeddable":true,"href":"https:\/\/tourtravelandmore.com\/es\/wp-json\/wp\/v2\/product_tag?post=168956"}],"curies":[{"name":"wp","href":"https:\/\/api.w.org\/{rel}","templated":true}]}}