{"id":168940,"date":"2023-06-02T08:08:05","date_gmt":"2023-06-02T06:11:48","guid":{"rendered":"https:\/\/tourtravelandmore.com\/?post_type=product&#038;p=168940"},"modified":"2024-04-08T13:03:47","modified_gmt":"2024-04-08T11:03:47","slug":"traslado-privado-desde-hasta-aeroparquea-a-desde-capital-federal","status":"publish","type":"product","link":"https:\/\/tourtravelandmore.com\/es\/tours\/argentina-es\/buenos-aires-es\/todos-los-tours-privados-es\/traslado-privado-desde-hasta-aeroparquea-a-desde-capital-federal\/","title":{"rendered":"Traslado privado desde\/hasta Aeroparquea a\/desde Capital Federal"},"content":{"rendered":"<h2><b>Descripci\u00f3n del Traslado privado desde\/hasta Aeroparquea a\/desde Capital Federal\u00a0<\/b><\/h2>\n<p><span style=\"font-weight: 400;\">Experimente una comodidad y conveniencia inigualables con nuestro servicio de traslado privado entre Aeroparquea y Capital Federal. Olv\u00eddese de las preocupaciones de navegar por el transporte p\u00fablico o llamar a un taxi, mientras nuestro veh\u00edculo de lujo lo lleva a su destino. Este servicio est\u00e1 dise\u00f1ado para aquellos que valoran su tiempo, comodidad y privacidad. Nuestros conductores profesionales y experimentados garantizan un viaje tranquilo y puntual, permiti\u00e9ndole disfrutar de las vistas de los alrededores o prepararse para su pr\u00f3xima cita en paz. Con nuestro servicio de traslado privado, su viaje entre Aeroparquea y Capital Federal ser\u00e1 libre de estr\u00e9s, eficiente y c\u00f3modo.<\/span><\/p>\n<p><span style=\"font-weight: 400;\">En nuestros veh\u00edculos de lujo, impecablemente mantenidos, podr\u00e1 sentarse y relajarse o trabajar mientras se desplaza. No es s\u00f3lo un medio de transporte, este servicio de traslado es una experiencia en s\u00ed misma, estableciendo un alto nivel para sus pr\u00f3ximas aventuras en Argentina. Damos prioridad a su horario y conveniencia, asegurando que este traslado se alinea con sus necesidades, proporcionando un servicio personalizado y a medida. Disfrute de las vistas de Buenos Aires sin las molestias habituales de viaje, ya que nosotros nos encargamos de la log\u00edstica y aseguramos un viaje impecable desde Aeroparquea a Capital Federal.<\/span><\/p>\n<h2><b>Puntos de inter\u00e9s en este traslado<\/b><\/h2>\n<p><span style=\"font-weight: 400;\">Si bien este servicio proporciona principalmente un traslado sin problemas entre puntos, la ruta tambi\u00e9n ofrece un vistazo a los vibrantes lugares de inter\u00e9s de Aeroparquea y Capital Federal. Aeroparquea es conocida por sus amplios espacios verdes, como el Parque Natural Cultural Estancia Santa Catalina y la Feria Franca de El Jag\u00fcel, donde lugare\u00f1os y visitantes disfrutan de tardes de ocio. Por otro lado, Capital Federal, el coraz\u00f3n de Buenos Aires, cuenta con impresionantes hitos arquitect\u00f3nicos, bulliciosos mercados y animados barrios.<\/span><\/p>\n<p><span style=\"font-weight: 400;\">El viaje ofrece una visi\u00f3n fugaz pero fascinante de los contrastes de la Buenos Aires suburbana y urbana. Al pasar de la exuberante tranquilidad de Aeroparquea a las din\u00e1micas calles de Capital Federal, podr\u00e1 apreciar la diversidad y amplitud de experiencias que ofrece Buenos Aires. Con este traslado no \u00fanicamente llegar\u00e1 a su destino, sino que conocer\u00e1 el esp\u00edritu y el encanto de estos extraordinarios lugares.<\/span><\/p>\n<p><a href=\"https:\/\/tourtravelandmore.com\/es\/ciudad\/argentina-es\/buenos-aires-es\/\"><span style=\"font-weight: 400;\">Mejore su experiencia en Buenos Aires con la variada oferta de excursiones de Tour Travel and More.<\/span><\/a><span style=\"font-weight: 400;\"> Desde explorar maravillas arquitect\u00f3nicas hasta sumergirse en la cultura local, satisfacemos los intereses de cada viajero. Visite nuestro sitio web y reserve ya su visita privada.<\/span><\/p>\n","protected":false},"excerpt":{"rendered":"<p><span style=\"font-weight: 400;\">Experimente la mezcla perfecta de confort, eficiencia y lujo con nuestro servicio de traslado privado desde\/hacia Aeroparquea desde\/hacia Capital Federal. Visite los vibrantes lugares mientras viaja con estilo y comodidad.<\/span><\/p>\n","protected":false},"featured_media":168932,"comment_status":"open","ping_status":"closed","template":"","meta":{"_acf_changed":false},"product_brand":[],"product_cat":[4409,4412,4415],"product_tag":[],"class_list":{"0":"post-168940","1":"product","2":"type-product","3":"status-publish","4":"has-post-thumbnail","6":"product_cat-argentina-es","7":"product_cat-buenos-aires-es","8":"product_cat-todos-los-tours-privados-es","10":"first","11":"instock","12":"shipping-taxable","13":"purchasable","14":"product-type-simple"},"acf":[],"yoast_head":"<!-- This site is optimized with the Yoast SEO Premium plugin v25.3.1 (Yoast SEO v25.3.1) - https:\/\/yoast.com\/wordpress\/plugins\/seo\/ -->\n<title>\u27a1\ufe0f Traslado Privado de Lujo: Aeroparquea a Capital Federal | Tour Travel and More<\/title>\n<meta name=\"description\" content=\"Experimente un traslado privado de lujo entre Aeroparquea y Capital Federal con Tour Travel and More. \u00a1Reserve ahora para un viaje sin estr\u00e9s! \u2705\" \/>\n<meta name=\"robots\" content=\"index, follow, max-snippet:-1, max-image-preview:large, max-video-preview:-1\" \/>\n<link rel=\"canonical\" href=\"https:\/\/tourtravelandmore.com\/es\/tours\/argentina-es\/buenos-aires-es\/todos-los-tours-privados-es\/traslado-privado-desde-hasta-aeroparquea-a-desde-capital-federal\/\" \/>\n<meta property=\"og:locale\" content=\"es_ES\" \/>\n<meta property=\"og:type\" content=\"article\" \/>\n<meta property=\"og:title\" content=\"Traslado privado desde\/hasta Aeroparquea a\/desde Capital Federal\" \/>\n<meta property=\"og:description\" content=\"Experimente un traslado privado de lujo entre Aeroparquea y Capital Federal con Tour Travel and More. \u00a1Reserve ahora para un viaje sin estr\u00e9s! \u2705\" \/>\n<meta property=\"og:url\" content=\"https:\/\/tourtravelandmore.com\/es\/tours\/argentina-es\/buenos-aires-es\/todos-los-tours-privados-es\/traslado-privado-desde-hasta-aeroparquea-a-desde-capital-federal\/\" \/>\n<meta property=\"og:site_name\" content=\"Tour Travel And More\" \/>\n<meta property=\"article:publisher\" content=\"https:\/\/www.facebook.com\/tourtravelandmore\/\" \/>\n<meta property=\"article:modified_time\" content=\"2024-04-08T11:03:47+00:00\" \/>\n<meta property=\"og:image\" content=\"https:\/\/tourtravelandmore.com\/wp-content\/uploads\/2023\/06\/image2-2.jpg\" \/>\n\t<meta property=\"og:image:width\" content=\"950\" \/>\n\t<meta property=\"og:image:height\" content=\"750\" \/>\n\t<meta property=\"og:image:type\" content=\"image\/jpeg\" \/>\n<meta name=\"twitter:card\" content=\"summary_large_image\" \/>\n<meta name=\"twitter:site\" content=\"@TourTravel_More\" \/>\n<meta name=\"twitter:label1\" content=\"Tiempo de lectura\" \/>\n\t<meta name=\"twitter:data1\" content=\"2 minutos\" \/>\n<script type=\"application\/ld+json\" class=\"yoast-schema-graph\">{\"@context\":\"https:\/\/schema.org\",\"@graph\":[{\"@type\":\"WebPage\",\"@id\":\"https:\/\/tourtravelandmore.com\/es\/tours\/argentina-es\/buenos-aires-es\/todos-los-tours-privados-es\/traslado-privado-desde-hasta-aeroparquea-a-desde-capital-federal\/\",\"url\":\"https:\/\/tourtravelandmore.com\/es\/tours\/argentina-es\/buenos-aires-es\/todos-los-tours-privados-es\/traslado-privado-desde-hasta-aeroparquea-a-desde-capital-federal\/\",\"name\":\"\u27a1\ufe0f Traslado Privado de Lujo: Aeroparquea a Capital Federal | Tour Travel and More\",\"isPartOf\":{\"@id\":\"https:\/\/tourtravelandmore.com\/es\/#website\"},\"primaryImageOfPage\":{\"@id\":\"https:\/\/tourtravelandmore.com\/es\/tours\/argentina-es\/buenos-aires-es\/todos-los-tours-privados-es\/traslado-privado-desde-hasta-aeroparquea-a-desde-capital-federal\/#primaryimage\"},\"image\":{\"@id\":\"https:\/\/tourtravelandmore.com\/es\/tours\/argentina-es\/buenos-aires-es\/todos-los-tours-privados-es\/traslado-privado-desde-hasta-aeroparquea-a-desde-capital-federal\/#primaryimage\"},\"thumbnailUrl\":\"https:\/\/tourtravelandmore.com\/wp-content\/uploads\/2023\/06\/image2-2.jpg\",\"datePublished\":\"2023-06-02T06:11:48+00:00\",\"dateModified\":\"2024-04-08T11:03:47+00:00\",\"description\":\"Experimente un traslado privado de lujo entre Aeroparquea y Capital Federal con Tour Travel and More. \u00a1Reserve ahora para un viaje sin estr\u00e9s! \u2705\",\"breadcrumb\":{\"@id\":\"https:\/\/tourtravelandmore.com\/es\/tours\/argentina-es\/buenos-aires-es\/todos-los-tours-privados-es\/traslado-privado-desde-hasta-aeroparquea-a-desde-capital-federal\/#breadcrumb\"},\"inLanguage\":\"es\",\"potentialAction\":[{\"@type\":\"ReadAction\",\"target\":[\"https:\/\/tourtravelandmore.com\/es\/tours\/argentina-es\/buenos-aires-es\/todos-los-tours-privados-es\/traslado-privado-desde-hasta-aeroparquea-a-desde-capital-federal\/\"]}]},{\"@type\":\"ImageObject\",\"inLanguage\":\"es\",\"@id\":\"https:\/\/tourtravelandmore.com\/es\/tours\/argentina-es\/buenos-aires-es\/todos-los-tours-privados-es\/traslado-privado-desde-hasta-aeroparquea-a-desde-capital-federal\/#primaryimage\",\"url\":\"https:\/\/tourtravelandmore.com\/wp-content\/uploads\/2023\/06\/image2-2.jpg\",\"contentUrl\":\"https:\/\/tourtravelandmore.com\/wp-content\/uploads\/2023\/06\/image2-2.jpg\",\"width\":950,\"height\":750},{\"@type\":\"BreadcrumbList\",\"@id\":\"https:\/\/tourtravelandmore.com\/es\/tours\/argentina-es\/buenos-aires-es\/todos-los-tours-privados-es\/traslado-privado-desde-hasta-aeroparquea-a-desde-capital-federal\/#breadcrumb\",\"itemListElement\":[{\"@type\":\"ListItem\",\"position\":1,\"name\":\"Home\",\"item\":\"https:\/\/tourtravelandmore.com\/es\/\"},{\"@type\":\"ListItem\",\"position\":2,\"name\":\"Tours\",\"item\":\"https:\/\/tourtravelandmore.com\/es\/tours\/\"},{\"@type\":\"ListItem\",\"position\":3,\"name\":\"Traslado privado desde\/hasta Aeroparquea a\/desde Capital Federal\"}]},{\"@type\":\"WebSite\",\"@id\":\"https:\/\/tourtravelandmore.com\/es\/#website\",\"url\":\"https:\/\/tourtravelandmore.com\/es\/\",\"name\":\"Tour Travel And More\",\"description\":\"Private sightseeing tours and luxury transfers in Spain\",\"publisher\":{\"@id\":\"https:\/\/tourtravelandmore.com\/es\/#organization\"},\"potentialAction\":[{\"@type\":\"SearchAction\",\"target\":{\"@type\":\"EntryPoint\",\"urlTemplate\":\"https:\/\/tourtravelandmore.com\/es\/?s={search_term_string}\"},\"query-input\":{\"@type\":\"PropertyValueSpecification\",\"valueRequired\":true,\"valueName\":\"search_term_string\"}}],\"inLanguage\":\"es\"},{\"@type\":\"Organization\",\"@id\":\"https:\/\/tourtravelandmore.com\/es\/#organization\",\"name\":\"Tour Travel And More\",\"url\":\"https:\/\/tourtravelandmore.com\/es\/\",\"logo\":{\"@type\":\"ImageObject\",\"inLanguage\":\"es\",\"@id\":\"https:\/\/tourtravelandmore.com\/es\/#\/schema\/logo\/image\/\",\"url\":\"https:\/\/tourtravelandmore.com\/wp-content\/uploads\/2022\/12\/cropped-logo-cabecera-new.png\",\"contentUrl\":\"https:\/\/tourtravelandmore.com\/wp-content\/uploads\/2022\/12\/cropped-logo-cabecera-new.png\",\"width\":430,\"height\":61,\"caption\":\"Tour Travel And More\"},\"image\":{\"@id\":\"https:\/\/tourtravelandmore.com\/es\/#\/schema\/logo\/image\/\"},\"sameAs\":[\"https:\/\/www.facebook.com\/tourtravelandmore\/\",\"https:\/\/x.com\/TourTravel_More\"]}]}<\/script>\n<!-- \/ Yoast SEO Premium plugin. -->","yoast_head_json":{"title":"\u27a1\ufe0f Traslado Privado de Lujo: Aeroparquea a Capital Federal | Tour Travel and More","description":"Experimente un traslado privado de lujo entre Aeroparquea y Capital Federal con Tour Travel and More. \u00a1Reserve ahora para un viaje sin estr\u00e9s! \u2705","robots":{"index":"index","follow":"follow","max-snippet":"max-snippet:-1","max-image-preview":"max-image-preview:large","max-video-preview":"max-video-preview:-1"},"canonical":"https:\/\/tourtravelandmore.com\/es\/tours\/argentina-es\/buenos-aires-es\/todos-los-tours-privados-es\/traslado-privado-desde-hasta-aeroparquea-a-desde-capital-federal\/","og_locale":"es_ES","og_type":"article","og_title":"Traslado privado desde\/hasta Aeroparquea a\/desde Capital Federal","og_description":"Experimente un traslado privado de lujo entre Aeroparquea y Capital Federal con Tour Travel and More. \u00a1Reserve ahora para un viaje sin estr\u00e9s! \u2705","og_url":"https:\/\/tourtravelandmore.com\/es\/tours\/argentina-es\/buenos-aires-es\/todos-los-tours-privados-es\/traslado-privado-desde-hasta-aeroparquea-a-desde-capital-federal\/","og_site_name":"Tour Travel And More","article_publisher":"https:\/\/www.facebook.com\/tourtravelandmore\/","article_modified_time":"2024-04-08T11:03:47+00:00","og_image":[{"width":950,"height":750,"url":"https:\/\/tourtravelandmore.com\/wp-content\/uploads\/2023\/06\/image2-2.jpg","type":"image\/jpeg"}],"twitter_card":"summary_large_image","twitter_site":"@TourTravel_More","twitter_misc":{"Tiempo de lectura":"2 minutos"},"schema":{"@context":"https:\/\/schema.org","@graph":[{"@type":"WebPage","@id":"https:\/\/tourtravelandmore.com\/es\/tours\/argentina-es\/buenos-aires-es\/todos-los-tours-privados-es\/traslado-privado-desde-hasta-aeroparquea-a-desde-capital-federal\/","url":"https:\/\/tourtravelandmore.com\/es\/tours\/argentina-es\/buenos-aires-es\/todos-los-tours-privados-es\/traslado-privado-desde-hasta-aeroparquea-a-desde-capital-federal\/","name":"\u27a1\ufe0f Traslado Privado de Lujo: Aeroparquea a Capital Federal | Tour Travel and More","isPartOf":{"@id":"https:\/\/tourtravelandmore.com\/es\/#website"},"primaryImageOfPage":{"@id":"https:\/\/tourtravelandmore.com\/es\/tours\/argentina-es\/buenos-aires-es\/todos-los-tours-privados-es\/traslado-privado-desde-hasta-aeroparquea-a-desde-capital-federal\/#primaryimage"},"image":{"@id":"https:\/\/tourtravelandmore.com\/es\/tours\/argentina-es\/buenos-aires-es\/todos-los-tours-privados-es\/traslado-privado-desde-hasta-aeroparquea-a-desde-capital-federal\/#primaryimage"},"thumbnailUrl":"https:\/\/tourtravelandmore.com\/wp-content\/uploads\/2023\/06\/image2-2.jpg","datePublished":"2023-06-02T06:11:48+00:00","dateModified":"2024-04-08T11:03:47+00:00","description":"Experimente un traslado privado de lujo entre Aeroparquea y Capital Federal con Tour Travel and More. \u00a1Reserve ahora para un viaje sin estr\u00e9s! \u2705","breadcrumb":{"@id":"https:\/\/tourtravelandmore.com\/es\/tours\/argentina-es\/buenos-aires-es\/todos-los-tours-privados-es\/traslado-privado-desde-hasta-aeroparquea-a-desde-capital-federal\/#breadcrumb"},"inLanguage":"es","potentialAction":[{"@type":"ReadAction","target":["https:\/\/tourtravelandmore.com\/es\/tours\/argentina-es\/buenos-aires-es\/todos-los-tours-privados-es\/traslado-privado-desde-hasta-aeroparquea-a-desde-capital-federal\/"]}]},{"@type":"ImageObject","inLanguage":"es","@id":"https:\/\/tourtravelandmore.com\/es\/tours\/argentina-es\/buenos-aires-es\/todos-los-tours-privados-es\/traslado-privado-desde-hasta-aeroparquea-a-desde-capital-federal\/#primaryimage","url":"https:\/\/tourtravelandmore.com\/wp-content\/uploads\/2023\/06\/image2-2.jpg","contentUrl":"https:\/\/tourtravelandmore.com\/wp-content\/uploads\/2023\/06\/image2-2.jpg","width":950,"height":750},{"@type":"BreadcrumbList","@id":"https:\/\/tourtravelandmore.com\/es\/tours\/argentina-es\/buenos-aires-es\/todos-los-tours-privados-es\/traslado-privado-desde-hasta-aeroparquea-a-desde-capital-federal\/#breadcrumb","itemListElement":[{"@type":"ListItem","position":1,"name":"Home","item":"https:\/\/tourtravelandmore.com\/es\/"},{"@type":"ListItem","position":2,"name":"Tours","item":"https:\/\/tourtravelandmore.com\/es\/tours\/"},{"@type":"ListItem","position":3,"name":"Traslado privado desde\/hasta Aeroparquea a\/desde Capital Federal"}]},{"@type":"WebSite","@id":"https:\/\/tourtravelandmore.com\/es\/#website","url":"https:\/\/tourtravelandmore.com\/es\/","name":"Tour Travel And More","description":"Private sightseeing tours and luxury transfers in Spain","publisher":{"@id":"https:\/\/tourtravelandmore.com\/es\/#organization"},"potentialAction":[{"@type":"SearchAction","target":{"@type":"EntryPoint","urlTemplate":"https:\/\/tourtravelandmore.com\/es\/?s={search_term_string}"},"query-input":{"@type":"PropertyValueSpecification","valueRequired":true,"valueName":"search_term_string"}}],"inLanguage":"es"},{"@type":"Organization","@id":"https:\/\/tourtravelandmore.com\/es\/#organization","name":"Tour Travel And More","url":"https:\/\/tourtravelandmore.com\/es\/","logo":{"@type":"ImageObject","inLanguage":"es","@id":"https:\/\/tourtravelandmore.com\/es\/#\/schema\/logo\/image\/","url":"https:\/\/tourtravelandmore.com\/wp-content\/uploads\/2022\/12\/cropped-logo-cabecera-new.png","contentUrl":"https:\/\/tourtravelandmore.com\/wp-content\/uploads\/2022\/12\/cropped-logo-cabecera-new.png","width":430,"height":61,"caption":"Tour Travel And More"},"image":{"@id":"https:\/\/tourtravelandmore.com\/es\/#\/schema\/logo\/image\/"},"sameAs":["https:\/\/www.facebook.com\/tourtravelandmore\/","https:\/\/x.com\/TourTravel_More"]}]}},"_links":{"self":[{"href":"https:\/\/tourtravelandmore.com\/es\/wp-json\/wp\/v2\/product\/168940","targetHints":{"allow":["GET"]}}],"collection":[{"href":"https:\/\/tourtravelandmore.com\/es\/wp-json\/wp\/v2\/product"}],"about":[{"href":"https:\/\/tourtravelandmore.com\/es\/wp-json\/wp\/v2\/types\/product"}],"replies":[{"embeddable":true,"href":"https:\/\/tourtravelandmore.com\/es\/wp-json\/wp\/v2\/comments?post=168940"}],"wp:featuredmedia":[{"embeddable":true,"href":"https:\/\/tourtravelandmore.com\/es\/wp-json\/wp\/v2\/media\/168932"}],"wp:attachment":[{"href":"https:\/\/tourtravelandmore.com\/es\/wp-json\/wp\/v2\/media?parent=168940"}],"wp:term":[{"taxonomy":"product_brand","embeddable":true,"href":"https:\/\/tourtravelandmore.com\/es\/wp-json\/wp\/v2\/product_brand?post=168940"},{"taxonomy":"product_cat","embeddable":true,"href":"https:\/\/tourtravelandmore.com\/es\/wp-json\/wp\/v2\/product_cat?post=168940"},{"taxonomy":"product_tag","embeddable":true,"href":"https:\/\/tourtravelandmore.com\/es\/wp-json\/wp\/v2\/product_tag?post=168940"}],"curies":[{"name":"wp","href":"https:\/\/api.w.org\/{rel}","templated":true}]}}