{"id":168911,"date":"2023-06-02T07:53:57","date_gmt":"2023-06-02T05:57:23","guid":{"rendered":"https:\/\/tourtravelandmore.com\/?post_type=product&#038;p=168911"},"modified":"2024-04-08T12:58:56","modified_gmt":"2024-04-08T10:58:56","slug":"tour-privado-bs-as-teatro-colon-y-museo-malba","status":"publish","type":"product","link":"https:\/\/tourtravelandmore.com\/es\/tours\/argentina-es\/buenos-aires-es\/todos-los-tours-privados-es\/tour-privado-bs-as-teatro-colon-y-museo-malba\/","title":{"rendered":"Tour Privado Bs As, Teatro Colon y Museo Malba"},"content":{"rendered":"<h2><b>Descripci\u00f3n <\/b><b>Tour Privado Bs As, Teatro Col\u00f3n y Museo Malba\u00a0<\/b><\/h2>\n<p><span style=\"font-weight: 400;\">Emb\u00e1rquese en una exploraci\u00f3n \u00fanica de los aspectos culturales m\u00e1s destacados de Buenos Aires con nuestro &#8220;Bs As, Teatro Col\u00f3n y Museo Malba Tour Privado&#8221;. Esta exclusiva experiencia de 5 horas, completa con un gu\u00eda profesional, un veh\u00edculo con chofer y entradas al Teatro Col\u00f3n y al Museo Malba, ofrece una visi\u00f3n completa de los esplendores art\u00edsticos y arquitect\u00f3nicos de la ciudad. El tour es grupal (el teatro Colon no permite visitas privadas) pero su gu\u00eda ingresar\u00e1 con el grupo. El resto del tour es privado. El recorrido comienza con una visita al Teatro Col\u00f3n, un lugar emblem\u00e1tico c\u00e9lebre por su impresionante ac\u00fastica y su opulento dise\u00f1o. A continuaci\u00f3n, nos dirigiremos al Museo Malba, que alberga una de las colecciones de arte moderno y contempor\u00e1neo m\u00e1s destacadas de Latinoam\u00e9rica. Este recorrido, que combina a la perfecci\u00f3n, grandeza arquitect\u00f3nica y brillantez art\u00edstica, ofrece una inmersi\u00f3n profunda en el vibrante paisaje cultural de Buenos Aires, que encantar\u00e1 tanto a los amantes del arte como a los aficionados a la historia.<\/span><\/p>\n<p><span style=\"font-weight: 400;\">Tras una esclarecedora exploraci\u00f3n del Teatro Col\u00f3n, nos dirigiremos al renombrado Museo Malba. El museo, una maravilla arquitect\u00f3nica por derecho propio, exhibe una variada colecci\u00f3n que refleja el esp\u00edritu creativo de Latinoam\u00e9rica. El conjunto de obras maestras del museo, que datan de principios del siglo XX hasta la actualidad, muestra los periodos cr\u00edticos y los movimientos est\u00e9ticos que han dado forma al arte latinoamericano. Nuestro gu\u00eda experto dar\u00e1 vida a estas piezas, ofreci\u00e9ndole el contexto y las ideas que enriquecer\u00e1n su comprensi\u00f3n de las obras de arte y sus creadores. Este recorrido, cuidadosamente dise\u00f1ado para sumergirle en el rico tejido cultural de Buenos Aires, culmina con una apreciaci\u00f3n \u00fanica del patrimonio art\u00edstico y arquitect\u00f3nico de la ciudad. Experimente la esencia cultural de Buenos Aires a trav\u00e9s de sus impresionantes monumentos y sus inolvidables historias, comisariadas por Tour Travel and More.<\/span><\/p>\n<h2><b> Puntos de Inter\u00e9s de <\/b><b>Bs As, Teatro Col\u00f3n y Museo Malba Tour Privado\u00a0<\/b><\/h2>\n<p><strong>Teatro Col\u00f3n:<\/strong>\u00a0no es s\u00f3lo un teatro de \u00f3pera; es un monumento a las artes, un testimonio de grandeza arquitect\u00f3nica y una maravilla ac\u00fastica. Empiece por su impresionante fachada, una mezcla de estilos arquitect\u00f3nicos que deja entrever la elegancia de su interior. En el interior, el fastuoso Gran Vest\u00edbulo y el Sal\u00f3n Dorado asombran por sus detalles ornamentales y su opulencia. La visita se realizar\u00e1 junto a su gu\u00eda tur\u00edstico y un grupo.<\/p>\n<p><b>Museo Malba:<\/b><span style=\"font-weight: 400;\"> Piedra angular de la escena art\u00edstica de la ciudad, el Museo de Arte Latinoamericano de Buenos Aires (Malba) alberga una extensa colecci\u00f3n de arte latinoamericano moderno y contempor\u00e1neo. Con piezas que abarcan desde principios del siglo XX hasta la actualidad, las exposiciones del Malba cubren periodos cruciales y movimientos est\u00e9ticos que han influido en el arte latinoamericano. El museo exhibe obras de artistas notables como Frida Kahlo, Diego Rivera y Tarsila do Amaral, lo que permite a los visitantes sumergirse en la narrativa art\u00edstica de la regi\u00f3n. Junto a sus exposiciones de arte, la innovadora arquitectura del Malba -una combinaci\u00f3n de hormig\u00f3n y cristal- se convierte en una exposici\u00f3n en s\u00ed misma, reflejando el compromiso del museo con la innovaci\u00f3n y la creatividad. Las exposiciones interactivas y los programas educativos mejoran a\u00fan m\u00e1s la experiencia del visitante, haciendo del Malba una visita obligada para los entusiastas del arte.<\/span><\/p>\n<p><span style=\"font-weight: 400;\">Nuestro tour de Bs As, Teatro Colon y Museo Malba es solo un vistazo de lo que Buenos Aires tiene para ofrecer. Con Tour Travel and More, descubra una gran variedad de tours privados meticulosamente seleccionados que profundizan en la rica historia de la ciudad, su vibrante cultura y sus impresionantes monumentos. <\/span><a href=\"https:\/\/tourtravelandmore.com\/es\/ciudad\/argentina-es\/buenos-aires-es\/\"><span style=\"font-weight: 400;\">Navegue por nuestra variada selecci\u00f3n en nuestro sitio web y descubra una inolvidable exploraci\u00f3n de Buenos Aires.<\/span><\/a><\/p>\n","protected":false},"excerpt":{"rendered":"<p><span style=\"font-weight: 400;\">Sum\u00e9rjase en las maravillas culturales de Buenos Aires con una visita privada al Teatro Col\u00f3n y al Museo Malba. Descubra la brillantez arquitect\u00f3nica, del\u00e9itese con las obras maestras art\u00edsticas y experimente el rico tapiz cultural de la ciudad con Tour Travel and More.<\/span><\/p>\n<p>&nbsp;<\/p>\n","protected":false},"featured_media":168903,"comment_status":"open","ping_status":"closed","template":"","meta":{"_acf_changed":false},"product_brand":[],"product_cat":[4409,4412,4415,4418],"product_tag":[],"class_list":{"0":"post-168911","1":"product","2":"type-product","3":"status-publish","4":"has-post-thumbnail","6":"product_cat-argentina-es","7":"product_cat-buenos-aires-es","8":"product_cat-todos-los-tours-privados-es","9":"product_cat-visitas-turisticas-privadas-es-4","11":"first","12":"instock","13":"shipping-taxable","14":"purchasable","15":"product-type-simple"},"acf":[],"yoast_head":"<!-- This site is optimized with the Yoast SEO Premium plugin v25.3.1 (Yoast SEO v25.3.1) - https:\/\/yoast.com\/wordpress\/plugins\/seo\/ -->\n<title>\u27a1\ufe0f Descubra Buenos Aires: Tour Privado Teatro Colon y Museo Malba | Tour Travel and More<\/title>\n<meta name=\"description\" content=\"Experimente los aspectos m\u00e1s destacados de la cultura de Buenos Aires con un recorrido privado por el Teatro Col\u00f3n y el Museo Malba. Descubra las joyas art\u00edsticas y arquitect\u00f3nicas de la ciudad con Tour Travel and More. \u00a1Reserve su viaje hoy mismo! \u2705\" \/>\n<meta name=\"robots\" content=\"index, follow, max-snippet:-1, max-image-preview:large, max-video-preview:-1\" \/>\n<link rel=\"canonical\" href=\"https:\/\/tourtravelandmore.com\/es\/tours\/argentina-es\/buenos-aires-es\/todos-los-tours-privados-es\/tour-privado-bs-as-teatro-colon-y-museo-malba\/\" \/>\n<meta property=\"og:locale\" content=\"es_ES\" \/>\n<meta property=\"og:type\" content=\"article\" \/>\n<meta property=\"og:title\" content=\"Tour Privado Bs As, Teatro Colon y Museo Malba\" \/>\n<meta property=\"og:description\" content=\"Experimente los aspectos m\u00e1s destacados de la cultura de Buenos Aires con un recorrido privado por el Teatro Col\u00f3n y el Museo Malba. Descubra las joyas art\u00edsticas y arquitect\u00f3nicas de la ciudad con Tour Travel and More. \u00a1Reserve su viaje hoy mismo! \u2705\" \/>\n<meta property=\"og:url\" content=\"https:\/\/tourtravelandmore.com\/es\/tours\/argentina-es\/buenos-aires-es\/todos-los-tours-privados-es\/tour-privado-bs-as-teatro-colon-y-museo-malba\/\" \/>\n<meta property=\"og:site_name\" content=\"Tour Travel And More\" \/>\n<meta property=\"article:publisher\" content=\"https:\/\/www.facebook.com\/tourtravelandmore\/\" \/>\n<meta property=\"article:modified_time\" content=\"2024-04-08T10:58:56+00:00\" \/>\n<meta property=\"og:image\" content=\"https:\/\/tourtravelandmore.com\/wp-content\/uploads\/2023\/06\/image2.jpg\" \/>\n\t<meta property=\"og:image:width\" content=\"1250\" \/>\n\t<meta property=\"og:image:height\" content=\"750\" \/>\n\t<meta property=\"og:image:type\" content=\"image\/jpeg\" \/>\n<meta name=\"twitter:card\" content=\"summary_large_image\" \/>\n<meta name=\"twitter:site\" content=\"@TourTravel_More\" \/>\n<meta name=\"twitter:label1\" content=\"Tiempo de lectura\" \/>\n\t<meta name=\"twitter:data1\" content=\"3 minutos\" \/>\n<script type=\"application\/ld+json\" class=\"yoast-schema-graph\">{\"@context\":\"https:\/\/schema.org\",\"@graph\":[{\"@type\":\"WebPage\",\"@id\":\"https:\/\/tourtravelandmore.com\/es\/tours\/argentina-es\/buenos-aires-es\/todos-los-tours-privados-es\/tour-privado-bs-as-teatro-colon-y-museo-malba\/\",\"url\":\"https:\/\/tourtravelandmore.com\/es\/tours\/argentina-es\/buenos-aires-es\/todos-los-tours-privados-es\/tour-privado-bs-as-teatro-colon-y-museo-malba\/\",\"name\":\"\u27a1\ufe0f Descubra Buenos Aires: Tour Privado Teatro Colon y Museo Malba | Tour Travel and More\",\"isPartOf\":{\"@id\":\"https:\/\/tourtravelandmore.com\/es\/#website\"},\"primaryImageOfPage\":{\"@id\":\"https:\/\/tourtravelandmore.com\/es\/tours\/argentina-es\/buenos-aires-es\/todos-los-tours-privados-es\/tour-privado-bs-as-teatro-colon-y-museo-malba\/#primaryimage\"},\"image\":{\"@id\":\"https:\/\/tourtravelandmore.com\/es\/tours\/argentina-es\/buenos-aires-es\/todos-los-tours-privados-es\/tour-privado-bs-as-teatro-colon-y-museo-malba\/#primaryimage\"},\"thumbnailUrl\":\"https:\/\/tourtravelandmore.com\/wp-content\/uploads\/2023\/06\/image2.jpg\",\"datePublished\":\"2023-06-02T05:57:23+00:00\",\"dateModified\":\"2024-04-08T10:58:56+00:00\",\"description\":\"Experimente los aspectos m\u00e1s destacados de la cultura de Buenos Aires con un recorrido privado por el Teatro Col\u00f3n y el Museo Malba. Descubra las joyas art\u00edsticas y arquitect\u00f3nicas de la ciudad con Tour Travel and More. \u00a1Reserve su viaje hoy mismo! \u2705\",\"breadcrumb\":{\"@id\":\"https:\/\/tourtravelandmore.com\/es\/tours\/argentina-es\/buenos-aires-es\/todos-los-tours-privados-es\/tour-privado-bs-as-teatro-colon-y-museo-malba\/#breadcrumb\"},\"inLanguage\":\"es\",\"potentialAction\":[{\"@type\":\"ReadAction\",\"target\":[\"https:\/\/tourtravelandmore.com\/es\/tours\/argentina-es\/buenos-aires-es\/todos-los-tours-privados-es\/tour-privado-bs-as-teatro-colon-y-museo-malba\/\"]}]},{\"@type\":\"ImageObject\",\"inLanguage\":\"es\",\"@id\":\"https:\/\/tourtravelandmore.com\/es\/tours\/argentina-es\/buenos-aires-es\/todos-los-tours-privados-es\/tour-privado-bs-as-teatro-colon-y-museo-malba\/#primaryimage\",\"url\":\"https:\/\/tourtravelandmore.com\/wp-content\/uploads\/2023\/06\/image2.jpg\",\"contentUrl\":\"https:\/\/tourtravelandmore.com\/wp-content\/uploads\/2023\/06\/image2.jpg\",\"width\":1250,\"height\":750},{\"@type\":\"BreadcrumbList\",\"@id\":\"https:\/\/tourtravelandmore.com\/es\/tours\/argentina-es\/buenos-aires-es\/todos-los-tours-privados-es\/tour-privado-bs-as-teatro-colon-y-museo-malba\/#breadcrumb\",\"itemListElement\":[{\"@type\":\"ListItem\",\"position\":1,\"name\":\"Home\",\"item\":\"https:\/\/tourtravelandmore.com\/es\/\"},{\"@type\":\"ListItem\",\"position\":2,\"name\":\"Tours\",\"item\":\"https:\/\/tourtravelandmore.com\/es\/tours\/\"},{\"@type\":\"ListItem\",\"position\":3,\"name\":\"Tour Privado Bs As, Teatro Colon y Museo Malba\"}]},{\"@type\":\"WebSite\",\"@id\":\"https:\/\/tourtravelandmore.com\/es\/#website\",\"url\":\"https:\/\/tourtravelandmore.com\/es\/\",\"name\":\"Tour Travel And More\",\"description\":\"Private sightseeing tours and luxury transfers in Spain\",\"publisher\":{\"@id\":\"https:\/\/tourtravelandmore.com\/es\/#organization\"},\"potentialAction\":[{\"@type\":\"SearchAction\",\"target\":{\"@type\":\"EntryPoint\",\"urlTemplate\":\"https:\/\/tourtravelandmore.com\/es\/?s={search_term_string}\"},\"query-input\":{\"@type\":\"PropertyValueSpecification\",\"valueRequired\":true,\"valueName\":\"search_term_string\"}}],\"inLanguage\":\"es\"},{\"@type\":\"Organization\",\"@id\":\"https:\/\/tourtravelandmore.com\/es\/#organization\",\"name\":\"Tour Travel And More\",\"url\":\"https:\/\/tourtravelandmore.com\/es\/\",\"logo\":{\"@type\":\"ImageObject\",\"inLanguage\":\"es\",\"@id\":\"https:\/\/tourtravelandmore.com\/es\/#\/schema\/logo\/image\/\",\"url\":\"https:\/\/tourtravelandmore.com\/wp-content\/uploads\/2022\/12\/cropped-logo-cabecera-new.png\",\"contentUrl\":\"https:\/\/tourtravelandmore.com\/wp-content\/uploads\/2022\/12\/cropped-logo-cabecera-new.png\",\"width\":430,\"height\":61,\"caption\":\"Tour Travel And More\"},\"image\":{\"@id\":\"https:\/\/tourtravelandmore.com\/es\/#\/schema\/logo\/image\/\"},\"sameAs\":[\"https:\/\/www.facebook.com\/tourtravelandmore\/\",\"https:\/\/x.com\/TourTravel_More\"]}]}<\/script>\n<!-- \/ Yoast SEO Premium plugin. -->","yoast_head_json":{"title":"\u27a1\ufe0f Descubra Buenos Aires: Tour Privado Teatro Colon y Museo Malba | Tour Travel and More","description":"Experimente los aspectos m\u00e1s destacados de la cultura de Buenos Aires con un recorrido privado por el Teatro Col\u00f3n y el Museo Malba. Descubra las joyas art\u00edsticas y arquitect\u00f3nicas de la ciudad con Tour Travel and More. \u00a1Reserve su viaje hoy mismo! \u2705","robots":{"index":"index","follow":"follow","max-snippet":"max-snippet:-1","max-image-preview":"max-image-preview:large","max-video-preview":"max-video-preview:-1"},"canonical":"https:\/\/tourtravelandmore.com\/es\/tours\/argentina-es\/buenos-aires-es\/todos-los-tours-privados-es\/tour-privado-bs-as-teatro-colon-y-museo-malba\/","og_locale":"es_ES","og_type":"article","og_title":"Tour Privado Bs As, Teatro Colon y Museo Malba","og_description":"Experimente los aspectos m\u00e1s destacados de la cultura de Buenos Aires con un recorrido privado por el Teatro Col\u00f3n y el Museo Malba. Descubra las joyas art\u00edsticas y arquitect\u00f3nicas de la ciudad con Tour Travel and More. \u00a1Reserve su viaje hoy mismo! \u2705","og_url":"https:\/\/tourtravelandmore.com\/es\/tours\/argentina-es\/buenos-aires-es\/todos-los-tours-privados-es\/tour-privado-bs-as-teatro-colon-y-museo-malba\/","og_site_name":"Tour Travel And More","article_publisher":"https:\/\/www.facebook.com\/tourtravelandmore\/","article_modified_time":"2024-04-08T10:58:56+00:00","og_image":[{"width":1250,"height":750,"url":"https:\/\/tourtravelandmore.com\/wp-content\/uploads\/2023\/06\/image2.jpg","type":"image\/jpeg"}],"twitter_card":"summary_large_image","twitter_site":"@TourTravel_More","twitter_misc":{"Tiempo de lectura":"3 minutos"},"schema":{"@context":"https:\/\/schema.org","@graph":[{"@type":"WebPage","@id":"https:\/\/tourtravelandmore.com\/es\/tours\/argentina-es\/buenos-aires-es\/todos-los-tours-privados-es\/tour-privado-bs-as-teatro-colon-y-museo-malba\/","url":"https:\/\/tourtravelandmore.com\/es\/tours\/argentina-es\/buenos-aires-es\/todos-los-tours-privados-es\/tour-privado-bs-as-teatro-colon-y-museo-malba\/","name":"\u27a1\ufe0f Descubra Buenos Aires: Tour Privado Teatro Colon y Museo Malba | Tour Travel and More","isPartOf":{"@id":"https:\/\/tourtravelandmore.com\/es\/#website"},"primaryImageOfPage":{"@id":"https:\/\/tourtravelandmore.com\/es\/tours\/argentina-es\/buenos-aires-es\/todos-los-tours-privados-es\/tour-privado-bs-as-teatro-colon-y-museo-malba\/#primaryimage"},"image":{"@id":"https:\/\/tourtravelandmore.com\/es\/tours\/argentina-es\/buenos-aires-es\/todos-los-tours-privados-es\/tour-privado-bs-as-teatro-colon-y-museo-malba\/#primaryimage"},"thumbnailUrl":"https:\/\/tourtravelandmore.com\/wp-content\/uploads\/2023\/06\/image2.jpg","datePublished":"2023-06-02T05:57:23+00:00","dateModified":"2024-04-08T10:58:56+00:00","description":"Experimente los aspectos m\u00e1s destacados de la cultura de Buenos Aires con un recorrido privado por el Teatro Col\u00f3n y el Museo Malba. Descubra las joyas art\u00edsticas y arquitect\u00f3nicas de la ciudad con Tour Travel and More. \u00a1Reserve su viaje hoy mismo! \u2705","breadcrumb":{"@id":"https:\/\/tourtravelandmore.com\/es\/tours\/argentina-es\/buenos-aires-es\/todos-los-tours-privados-es\/tour-privado-bs-as-teatro-colon-y-museo-malba\/#breadcrumb"},"inLanguage":"es","potentialAction":[{"@type":"ReadAction","target":["https:\/\/tourtravelandmore.com\/es\/tours\/argentina-es\/buenos-aires-es\/todos-los-tours-privados-es\/tour-privado-bs-as-teatro-colon-y-museo-malba\/"]}]},{"@type":"ImageObject","inLanguage":"es","@id":"https:\/\/tourtravelandmore.com\/es\/tours\/argentina-es\/buenos-aires-es\/todos-los-tours-privados-es\/tour-privado-bs-as-teatro-colon-y-museo-malba\/#primaryimage","url":"https:\/\/tourtravelandmore.com\/wp-content\/uploads\/2023\/06\/image2.jpg","contentUrl":"https:\/\/tourtravelandmore.com\/wp-content\/uploads\/2023\/06\/image2.jpg","width":1250,"height":750},{"@type":"BreadcrumbList","@id":"https:\/\/tourtravelandmore.com\/es\/tours\/argentina-es\/buenos-aires-es\/todos-los-tours-privados-es\/tour-privado-bs-as-teatro-colon-y-museo-malba\/#breadcrumb","itemListElement":[{"@type":"ListItem","position":1,"name":"Home","item":"https:\/\/tourtravelandmore.com\/es\/"},{"@type":"ListItem","position":2,"name":"Tours","item":"https:\/\/tourtravelandmore.com\/es\/tours\/"},{"@type":"ListItem","position":3,"name":"Tour Privado Bs As, Teatro Colon y Museo Malba"}]},{"@type":"WebSite","@id":"https:\/\/tourtravelandmore.com\/es\/#website","url":"https:\/\/tourtravelandmore.com\/es\/","name":"Tour Travel And More","description":"Private sightseeing tours and luxury transfers in Spain","publisher":{"@id":"https:\/\/tourtravelandmore.com\/es\/#organization"},"potentialAction":[{"@type":"SearchAction","target":{"@type":"EntryPoint","urlTemplate":"https:\/\/tourtravelandmore.com\/es\/?s={search_term_string}"},"query-input":{"@type":"PropertyValueSpecification","valueRequired":true,"valueName":"search_term_string"}}],"inLanguage":"es"},{"@type":"Organization","@id":"https:\/\/tourtravelandmore.com\/es\/#organization","name":"Tour Travel And More","url":"https:\/\/tourtravelandmore.com\/es\/","logo":{"@type":"ImageObject","inLanguage":"es","@id":"https:\/\/tourtravelandmore.com\/es\/#\/schema\/logo\/image\/","url":"https:\/\/tourtravelandmore.com\/wp-content\/uploads\/2022\/12\/cropped-logo-cabecera-new.png","contentUrl":"https:\/\/tourtravelandmore.com\/wp-content\/uploads\/2022\/12\/cropped-logo-cabecera-new.png","width":430,"height":61,"caption":"Tour Travel And More"},"image":{"@id":"https:\/\/tourtravelandmore.com\/es\/#\/schema\/logo\/image\/"},"sameAs":["https:\/\/www.facebook.com\/tourtravelandmore\/","https:\/\/x.com\/TourTravel_More"]}]}},"_links":{"self":[{"href":"https:\/\/tourtravelandmore.com\/es\/wp-json\/wp\/v2\/product\/168911","targetHints":{"allow":["GET"]}}],"collection":[{"href":"https:\/\/tourtravelandmore.com\/es\/wp-json\/wp\/v2\/product"}],"about":[{"href":"https:\/\/tourtravelandmore.com\/es\/wp-json\/wp\/v2\/types\/product"}],"replies":[{"embeddable":true,"href":"https:\/\/tourtravelandmore.com\/es\/wp-json\/wp\/v2\/comments?post=168911"}],"wp:featuredmedia":[{"embeddable":true,"href":"https:\/\/tourtravelandmore.com\/es\/wp-json\/wp\/v2\/media\/168903"}],"wp:attachment":[{"href":"https:\/\/tourtravelandmore.com\/es\/wp-json\/wp\/v2\/media?parent=168911"}],"wp:term":[{"taxonomy":"product_brand","embeddable":true,"href":"https:\/\/tourtravelandmore.com\/es\/wp-json\/wp\/v2\/product_brand?post=168911"},{"taxonomy":"product_cat","embeddable":true,"href":"https:\/\/tourtravelandmore.com\/es\/wp-json\/wp\/v2\/product_cat?post=168911"},{"taxonomy":"product_tag","embeddable":true,"href":"https:\/\/tourtravelandmore.com\/es\/wp-json\/wp\/v2\/product_tag?post=168911"}],"curies":[{"name":"wp","href":"https:\/\/api.w.org\/{rel}","templated":true}]}}