{"id":168882,"date":"2023-05-31T07:31:09","date_gmt":"2023-05-31T05:34:00","guid":{"rendered":"https:\/\/tourtravelandmore.com\/?post_type=product&#038;p=168882"},"modified":"2024-04-08T13:02:49","modified_gmt":"2024-04-08T11:02:49","slug":"excursion-privada-a-san-isidro-y-delta","status":"publish","type":"product","link":"https:\/\/tourtravelandmore.com\/es\/tours\/argentina-es\/buenos-aires-es\/todos-los-tours-privados-es\/excursion-privada-a-san-isidro-y-delta\/","title":{"rendered":"Excursi\u00f3n Privada a San Isidro y Delta"},"content":{"rendered":"<h2><b>Descripci\u00f3n\u00a0<\/b><b>Excursi\u00f3n Privada a San Isidro y Delta<\/b><\/h2>\n<p><span style=\"font-weight: 400;\">Experimente la verde tranquilidad de los alrededores de Buenos Aires con nuestra Excursi\u00f3n Privada a San Isidro y el Delta. Esta aventura de d\u00eda completo, con una duraci\u00f3n aproximada de 5,5 horas, ofrece una agradable escapada de la bulliciosa ciudad a los serenos paisajes de San Isidro y el Delta del Paran\u00e1. La excursi\u00f3n incluye transporte de ida y vuelta y un gu\u00eda experto que enriquecer\u00e1 su viaje. Primero exploraremos San Isidro, un distrito acomodado conocido por sus exuberantes espacios verdes, su arquitectura de estilo colonial y sus pintorescas calles adoquinadas. A continuaci\u00f3n, nos adentraremos en el Delta, una asombrosa red de r\u00edos e islas. Realizaremos un tour p\u00fablico en bote por los 5 r\u00edos que componen el delta: Luj\u00e1n, Carapachay, Angostura, Espera y Sarmiento. Esta excursi\u00f3n es una excelente oportunidad para conocer un aspecto \u00fanico de la vida argentina, que contrasta con el ambiente cosmopolita de Buenos Aires.<\/span><\/p>\n<p><span style=\"font-weight: 400;\">Nuestra excursi\u00f3n comienza con un c\u00f3modo viaje a San Isidro, donde la bulliciosa energ\u00eda de la ciudad da paso a una encantadora tranquilidad. Mientras navegamos por las pintorescas rutas, su gu\u00eda le introducir\u00e1 en la rica historia de este distrito, marcado por la grandeza colonial y la elegancia aristocr\u00e1tica. Un paseo por las calles del distrito es un viaje en el tiempo, con edificios bellamente conservados que cuentan historias de una \u00e9poca pasada.<\/span><\/p>\n<p><span style=\"font-weight: 400;\">Tras la visita a San Isidro, nos embarcaremos en un emocionante paseo en barco hacia el delta del Paran\u00e1, uno de los mayores deltas fluviales del mundo. Sus caracter\u00edsticas geogr\u00e1ficas \u00fanicas crean un paisaje encantador de innumerables r\u00edos, arroyos e islas, hogar de una biodiversidad distintiva. Mientras navegamos por las tranquilas v\u00edas fluviales, conocer\u00e1 el singular estilo de vida de los habitantes de las islas, que ofrece una perspectiva que rara vez se encuentra en los recorridos urbanos habituales. Esta armoniosa coexistencia de naturaleza y humanidad es un espect\u00e1culo digno de contemplar, por lo que esta excursi\u00f3n es un punto culminante de cualquier visita a Buenos Aires.<\/span><\/p>\n<h2><b>Puntos de inter\u00e9s en la <\/b><b>Excursi\u00f3n privada a San Isidro y Delta\u00a0<\/b><\/h2>\n<p><b>San Isidro:<\/b><span style=\"font-weight: 400;\"> San Isidro, un barrio hist\u00f3ricamente significativo de Buenos Aires, presenta un escape sereno de la din\u00e1mica bulliciosa de la ciudad. Este distrito, repleto de sitios patrimoniales, exuberantes parques y calles empedradas, ofrece una mezcla distintiva de sofisticaci\u00f3n urbana y encanto tranquilo. Exploraremos la grandeza de la Catedral de San Isidro, una obra maestra neog\u00f3tica cuyas imponentes agujas dominan el paisaje urbano. Cerca de all\u00ed, tambi\u00e9n visitaremos Villa Ocampo, un centro cultural que fue residencia de Victoria Ocampo, destacada escritora e intelectual argentina. Caminando por estas hist\u00f3ricas calles, nuestro gu\u00eda arrojar\u00e1 luz sobre el intrincado pasado de San Isidro, revelando la confluencia de influencias coloniales espa\u00f1olas y brit\u00e1nicas que han dado forma a su arquitectura, cultura y car\u00e1cter.<\/span><\/p>\n<p><b>Excursi\u00f3n por el Delta:<\/b><span style=\"font-weight: 400;\"> Es un paisaje acu\u00e1tico \u00fanico que se extiende por el exuberante terreno verde de Argentina, presenta una fascinante exploraci\u00f3n de la vida en el r\u00edo. Una red de innumerables islas y v\u00edas fluviales, esta zona fomenta una comunidad que prospera en medio de la abundancia natural. Mientras navegamos por las tranquilas aguas, observaremos los palafitos encaramados sobre el r\u00edo, testimonio de la ingeniosa adaptaci\u00f3n de los habitantes locales. Nuestro gu\u00eda se\u00f1alar\u00e1 la rica diversidad de la fauna y flora del delta, destacando su importancia como santuario de la vida salvaje. A medida que nos adentremos en el coraz\u00f3n del delta, conocer\u00e1 las pr\u00e1cticas sostenibles que sustentan el estilo de vida de estas comunidades ribere\u00f1as, demostrando un profundo respeto por la naturaleza y una armoniosa coexistencia con su entorno. Realizaremos un tour p\u00fablico en bote por los 5 r\u00edos que componen el delta.\u00a0<\/span><\/p>\n<p><span style=\"font-weight: 400;\">Su exploraci\u00f3n de Buenos Aires no termina aqu\u00ed. Tour Travel and More le ofrece una gran variedad de visitas privadas adaptadas a sus intereses.<\/span><a href=\"https:\/\/tourtravelandmore.com\/es\/ciudad\/argentina-es\/buenos-aires-es\/\"><span style=\"font-weight: 400;\"> Descubra el arte, la historia y la cultura de Buenos Aires con nuestras visitas guiadas por expertos. <\/span><\/a><span style=\"font-weight: 400;\">Visite nuestro sitio web para ver la lista completa de tours que ofrecemos.<\/span><\/p>\n","protected":false},"excerpt":{"rendered":"<p><span style=\"font-weight: 400;\">Explore el encantador distrito de San Isidro y el intrigante Delta del Paran\u00e1 con nuestra Excursi\u00f3n Privada. Experimente la tranquilidad de estos paisajes \u00fanicos mientras se adentra en la historia y la cultura local.<\/span><\/p>\n","protected":false},"featured_media":168881,"comment_status":"open","ping_status":"closed","template":"","meta":{"_acf_changed":false},"product_brand":[],"product_cat":[4409,4412,4415,4418],"product_tag":[],"class_list":{"0":"post-168882","1":"product","2":"type-product","3":"status-publish","4":"has-post-thumbnail","6":"product_cat-argentina-es","7":"product_cat-buenos-aires-es","8":"product_cat-todos-los-tours-privados-es","9":"product_cat-visitas-turisticas-privadas-es-4","11":"first","12":"instock","13":"shipping-taxable","14":"purchasable","15":"product-type-simple"},"acf":[],"yoast_head":"<!-- This site is optimized with the Yoast SEO Premium plugin v25.3.1 (Yoast SEO v25.3.1) - https:\/\/yoast.com\/wordpress\/plugins\/seo\/ -->\n<title>\u27a1\ufe0f Excursi\u00f3n Privada a San Isidro y Delta con Tour Travel and More<\/title>\n<meta name=\"description\" content=\"Descubra las serenas afueras de Buenos Aires con nuestra excursi\u00f3n guiada a San Isidro y el Delta del Paran\u00e1. Experimente la historia, la cultura y la belleza natural en un d\u00eda inolvidable \u2705.\" \/>\n<meta name=\"robots\" content=\"index, follow, max-snippet:-1, max-image-preview:large, max-video-preview:-1\" \/>\n<link rel=\"canonical\" href=\"https:\/\/tourtravelandmore.com\/es\/tours\/argentina-es\/buenos-aires-es\/todos-los-tours-privados-es\/excursion-privada-a-san-isidro-y-delta\/\" \/>\n<meta property=\"og:locale\" content=\"es_ES\" \/>\n<meta property=\"og:type\" content=\"article\" \/>\n<meta property=\"og:title\" content=\"Excursi\u00f3n Privada a San Isidro y Delta\" \/>\n<meta property=\"og:description\" content=\"Descubra las serenas afueras de Buenos Aires con nuestra excursi\u00f3n guiada a San Isidro y el Delta del Paran\u00e1. Experimente la historia, la cultura y la belleza natural en un d\u00eda inolvidable \u2705.\" \/>\n<meta property=\"og:url\" content=\"https:\/\/tourtravelandmore.com\/es\/tours\/argentina-es\/buenos-aires-es\/todos-los-tours-privados-es\/excursion-privada-a-san-isidro-y-delta\/\" \/>\n<meta property=\"og:site_name\" content=\"Tour Travel And More\" \/>\n<meta property=\"article:publisher\" content=\"https:\/\/www.facebook.com\/tourtravelandmore\/\" \/>\n<meta property=\"article:modified_time\" content=\"2024-04-08T11:02:49+00:00\" \/>\n<meta property=\"og:image\" content=\"https:\/\/tourtravelandmore.com\/wp-content\/uploads\/2023\/05\/image4-10.jpg\" \/>\n\t<meta property=\"og:image:width\" content=\"1250\" \/>\n\t<meta property=\"og:image:height\" content=\"750\" \/>\n\t<meta property=\"og:image:type\" content=\"image\/jpeg\" \/>\n<meta name=\"twitter:card\" content=\"summary_large_image\" \/>\n<meta name=\"twitter:site\" content=\"@TourTravel_More\" \/>\n<meta name=\"twitter:label1\" content=\"Tiempo de lectura\" \/>\n\t<meta name=\"twitter:data1\" content=\"4 minutos\" \/>\n<script type=\"application\/ld+json\" class=\"yoast-schema-graph\">{\"@context\":\"https:\/\/schema.org\",\"@graph\":[{\"@type\":\"WebPage\",\"@id\":\"https:\/\/tourtravelandmore.com\/es\/tours\/argentina-es\/buenos-aires-es\/todos-los-tours-privados-es\/excursion-privada-a-san-isidro-y-delta\/\",\"url\":\"https:\/\/tourtravelandmore.com\/es\/tours\/argentina-es\/buenos-aires-es\/todos-los-tours-privados-es\/excursion-privada-a-san-isidro-y-delta\/\",\"name\":\"\u27a1\ufe0f Excursi\u00f3n Privada a San Isidro y Delta con Tour Travel and More\",\"isPartOf\":{\"@id\":\"https:\/\/tourtravelandmore.com\/es\/#website\"},\"primaryImageOfPage\":{\"@id\":\"https:\/\/tourtravelandmore.com\/es\/tours\/argentina-es\/buenos-aires-es\/todos-los-tours-privados-es\/excursion-privada-a-san-isidro-y-delta\/#primaryimage\"},\"image\":{\"@id\":\"https:\/\/tourtravelandmore.com\/es\/tours\/argentina-es\/buenos-aires-es\/todos-los-tours-privados-es\/excursion-privada-a-san-isidro-y-delta\/#primaryimage\"},\"thumbnailUrl\":\"https:\/\/tourtravelandmore.com\/wp-content\/uploads\/2023\/05\/image4-10.jpg\",\"datePublished\":\"2023-05-31T05:34:00+00:00\",\"dateModified\":\"2024-04-08T11:02:49+00:00\",\"description\":\"Descubra las serenas afueras de Buenos Aires con nuestra excursi\u00f3n guiada a San Isidro y el Delta del Paran\u00e1. Experimente la historia, la cultura y la belleza natural en un d\u00eda inolvidable \u2705.\",\"breadcrumb\":{\"@id\":\"https:\/\/tourtravelandmore.com\/es\/tours\/argentina-es\/buenos-aires-es\/todos-los-tours-privados-es\/excursion-privada-a-san-isidro-y-delta\/#breadcrumb\"},\"inLanguage\":\"es\",\"potentialAction\":[{\"@type\":\"ReadAction\",\"target\":[\"https:\/\/tourtravelandmore.com\/es\/tours\/argentina-es\/buenos-aires-es\/todos-los-tours-privados-es\/excursion-privada-a-san-isidro-y-delta\/\"]}]},{\"@type\":\"ImageObject\",\"inLanguage\":\"es\",\"@id\":\"https:\/\/tourtravelandmore.com\/es\/tours\/argentina-es\/buenos-aires-es\/todos-los-tours-privados-es\/excursion-privada-a-san-isidro-y-delta\/#primaryimage\",\"url\":\"https:\/\/tourtravelandmore.com\/wp-content\/uploads\/2023\/05\/image4-10.jpg\",\"contentUrl\":\"https:\/\/tourtravelandmore.com\/wp-content\/uploads\/2023\/05\/image4-10.jpg\",\"width\":1250,\"height\":750},{\"@type\":\"BreadcrumbList\",\"@id\":\"https:\/\/tourtravelandmore.com\/es\/tours\/argentina-es\/buenos-aires-es\/todos-los-tours-privados-es\/excursion-privada-a-san-isidro-y-delta\/#breadcrumb\",\"itemListElement\":[{\"@type\":\"ListItem\",\"position\":1,\"name\":\"Home\",\"item\":\"https:\/\/tourtravelandmore.com\/es\/\"},{\"@type\":\"ListItem\",\"position\":2,\"name\":\"Tours\",\"item\":\"https:\/\/tourtravelandmore.com\/es\/tours\/\"},{\"@type\":\"ListItem\",\"position\":3,\"name\":\"Excursi\u00f3n Privada a San Isidro y Delta\"}]},{\"@type\":\"WebSite\",\"@id\":\"https:\/\/tourtravelandmore.com\/es\/#website\",\"url\":\"https:\/\/tourtravelandmore.com\/es\/\",\"name\":\"Tour Travel And More\",\"description\":\"Private sightseeing tours and luxury transfers in Spain\",\"publisher\":{\"@id\":\"https:\/\/tourtravelandmore.com\/es\/#organization\"},\"potentialAction\":[{\"@type\":\"SearchAction\",\"target\":{\"@type\":\"EntryPoint\",\"urlTemplate\":\"https:\/\/tourtravelandmore.com\/es\/?s={search_term_string}\"},\"query-input\":{\"@type\":\"PropertyValueSpecification\",\"valueRequired\":true,\"valueName\":\"search_term_string\"}}],\"inLanguage\":\"es\"},{\"@type\":\"Organization\",\"@id\":\"https:\/\/tourtravelandmore.com\/es\/#organization\",\"name\":\"Tour Travel And More\",\"url\":\"https:\/\/tourtravelandmore.com\/es\/\",\"logo\":{\"@type\":\"ImageObject\",\"inLanguage\":\"es\",\"@id\":\"https:\/\/tourtravelandmore.com\/es\/#\/schema\/logo\/image\/\",\"url\":\"https:\/\/tourtravelandmore.com\/wp-content\/uploads\/2022\/12\/cropped-logo-cabecera-new.png\",\"contentUrl\":\"https:\/\/tourtravelandmore.com\/wp-content\/uploads\/2022\/12\/cropped-logo-cabecera-new.png\",\"width\":430,\"height\":61,\"caption\":\"Tour Travel And More\"},\"image\":{\"@id\":\"https:\/\/tourtravelandmore.com\/es\/#\/schema\/logo\/image\/\"},\"sameAs\":[\"https:\/\/www.facebook.com\/tourtravelandmore\/\",\"https:\/\/x.com\/TourTravel_More\"]}]}<\/script>\n<!-- \/ Yoast SEO Premium plugin. -->","yoast_head_json":{"title":"\u27a1\ufe0f Excursi\u00f3n Privada a San Isidro y Delta con Tour Travel and More","description":"Descubra las serenas afueras de Buenos Aires con nuestra excursi\u00f3n guiada a San Isidro y el Delta del Paran\u00e1. Experimente la historia, la cultura y la belleza natural en un d\u00eda inolvidable \u2705.","robots":{"index":"index","follow":"follow","max-snippet":"max-snippet:-1","max-image-preview":"max-image-preview:large","max-video-preview":"max-video-preview:-1"},"canonical":"https:\/\/tourtravelandmore.com\/es\/tours\/argentina-es\/buenos-aires-es\/todos-los-tours-privados-es\/excursion-privada-a-san-isidro-y-delta\/","og_locale":"es_ES","og_type":"article","og_title":"Excursi\u00f3n Privada a San Isidro y Delta","og_description":"Descubra las serenas afueras de Buenos Aires con nuestra excursi\u00f3n guiada a San Isidro y el Delta del Paran\u00e1. Experimente la historia, la cultura y la belleza natural en un d\u00eda inolvidable \u2705.","og_url":"https:\/\/tourtravelandmore.com\/es\/tours\/argentina-es\/buenos-aires-es\/todos-los-tours-privados-es\/excursion-privada-a-san-isidro-y-delta\/","og_site_name":"Tour Travel And More","article_publisher":"https:\/\/www.facebook.com\/tourtravelandmore\/","article_modified_time":"2024-04-08T11:02:49+00:00","og_image":[{"width":1250,"height":750,"url":"https:\/\/tourtravelandmore.com\/wp-content\/uploads\/2023\/05\/image4-10.jpg","type":"image\/jpeg"}],"twitter_card":"summary_large_image","twitter_site":"@TourTravel_More","twitter_misc":{"Tiempo de lectura":"4 minutos"},"schema":{"@context":"https:\/\/schema.org","@graph":[{"@type":"WebPage","@id":"https:\/\/tourtravelandmore.com\/es\/tours\/argentina-es\/buenos-aires-es\/todos-los-tours-privados-es\/excursion-privada-a-san-isidro-y-delta\/","url":"https:\/\/tourtravelandmore.com\/es\/tours\/argentina-es\/buenos-aires-es\/todos-los-tours-privados-es\/excursion-privada-a-san-isidro-y-delta\/","name":"\u27a1\ufe0f Excursi\u00f3n Privada a San Isidro y Delta con Tour Travel and More","isPartOf":{"@id":"https:\/\/tourtravelandmore.com\/es\/#website"},"primaryImageOfPage":{"@id":"https:\/\/tourtravelandmore.com\/es\/tours\/argentina-es\/buenos-aires-es\/todos-los-tours-privados-es\/excursion-privada-a-san-isidro-y-delta\/#primaryimage"},"image":{"@id":"https:\/\/tourtravelandmore.com\/es\/tours\/argentina-es\/buenos-aires-es\/todos-los-tours-privados-es\/excursion-privada-a-san-isidro-y-delta\/#primaryimage"},"thumbnailUrl":"https:\/\/tourtravelandmore.com\/wp-content\/uploads\/2023\/05\/image4-10.jpg","datePublished":"2023-05-31T05:34:00+00:00","dateModified":"2024-04-08T11:02:49+00:00","description":"Descubra las serenas afueras de Buenos Aires con nuestra excursi\u00f3n guiada a San Isidro y el Delta del Paran\u00e1. Experimente la historia, la cultura y la belleza natural en un d\u00eda inolvidable \u2705.","breadcrumb":{"@id":"https:\/\/tourtravelandmore.com\/es\/tours\/argentina-es\/buenos-aires-es\/todos-los-tours-privados-es\/excursion-privada-a-san-isidro-y-delta\/#breadcrumb"},"inLanguage":"es","potentialAction":[{"@type":"ReadAction","target":["https:\/\/tourtravelandmore.com\/es\/tours\/argentina-es\/buenos-aires-es\/todos-los-tours-privados-es\/excursion-privada-a-san-isidro-y-delta\/"]}]},{"@type":"ImageObject","inLanguage":"es","@id":"https:\/\/tourtravelandmore.com\/es\/tours\/argentina-es\/buenos-aires-es\/todos-los-tours-privados-es\/excursion-privada-a-san-isidro-y-delta\/#primaryimage","url":"https:\/\/tourtravelandmore.com\/wp-content\/uploads\/2023\/05\/image4-10.jpg","contentUrl":"https:\/\/tourtravelandmore.com\/wp-content\/uploads\/2023\/05\/image4-10.jpg","width":1250,"height":750},{"@type":"BreadcrumbList","@id":"https:\/\/tourtravelandmore.com\/es\/tours\/argentina-es\/buenos-aires-es\/todos-los-tours-privados-es\/excursion-privada-a-san-isidro-y-delta\/#breadcrumb","itemListElement":[{"@type":"ListItem","position":1,"name":"Home","item":"https:\/\/tourtravelandmore.com\/es\/"},{"@type":"ListItem","position":2,"name":"Tours","item":"https:\/\/tourtravelandmore.com\/es\/tours\/"},{"@type":"ListItem","position":3,"name":"Excursi\u00f3n Privada a San Isidro y Delta"}]},{"@type":"WebSite","@id":"https:\/\/tourtravelandmore.com\/es\/#website","url":"https:\/\/tourtravelandmore.com\/es\/","name":"Tour Travel And More","description":"Private sightseeing tours and luxury transfers in Spain","publisher":{"@id":"https:\/\/tourtravelandmore.com\/es\/#organization"},"potentialAction":[{"@type":"SearchAction","target":{"@type":"EntryPoint","urlTemplate":"https:\/\/tourtravelandmore.com\/es\/?s={search_term_string}"},"query-input":{"@type":"PropertyValueSpecification","valueRequired":true,"valueName":"search_term_string"}}],"inLanguage":"es"},{"@type":"Organization","@id":"https:\/\/tourtravelandmore.com\/es\/#organization","name":"Tour Travel And More","url":"https:\/\/tourtravelandmore.com\/es\/","logo":{"@type":"ImageObject","inLanguage":"es","@id":"https:\/\/tourtravelandmore.com\/es\/#\/schema\/logo\/image\/","url":"https:\/\/tourtravelandmore.com\/wp-content\/uploads\/2022\/12\/cropped-logo-cabecera-new.png","contentUrl":"https:\/\/tourtravelandmore.com\/wp-content\/uploads\/2022\/12\/cropped-logo-cabecera-new.png","width":430,"height":61,"caption":"Tour Travel And More"},"image":{"@id":"https:\/\/tourtravelandmore.com\/es\/#\/schema\/logo\/image\/"},"sameAs":["https:\/\/www.facebook.com\/tourtravelandmore\/","https:\/\/x.com\/TourTravel_More"]}]}},"_links":{"self":[{"href":"https:\/\/tourtravelandmore.com\/es\/wp-json\/wp\/v2\/product\/168882","targetHints":{"allow":["GET"]}}],"collection":[{"href":"https:\/\/tourtravelandmore.com\/es\/wp-json\/wp\/v2\/product"}],"about":[{"href":"https:\/\/tourtravelandmore.com\/es\/wp-json\/wp\/v2\/types\/product"}],"replies":[{"embeddable":true,"href":"https:\/\/tourtravelandmore.com\/es\/wp-json\/wp\/v2\/comments?post=168882"}],"wp:featuredmedia":[{"embeddable":true,"href":"https:\/\/tourtravelandmore.com\/es\/wp-json\/wp\/v2\/media\/168881"}],"wp:attachment":[{"href":"https:\/\/tourtravelandmore.com\/es\/wp-json\/wp\/v2\/media?parent=168882"}],"wp:term":[{"taxonomy":"product_brand","embeddable":true,"href":"https:\/\/tourtravelandmore.com\/es\/wp-json\/wp\/v2\/product_brand?post=168882"},{"taxonomy":"product_cat","embeddable":true,"href":"https:\/\/tourtravelandmore.com\/es\/wp-json\/wp\/v2\/product_cat?post=168882"},{"taxonomy":"product_tag","embeddable":true,"href":"https:\/\/tourtravelandmore.com\/es\/wp-json\/wp\/v2\/product_tag?post=168882"}],"curies":[{"name":"wp","href":"https:\/\/api.w.org\/{rel}","templated":true}]}}