{"id":168866,"date":"2023-05-31T07:02:59","date_gmt":"2023-05-31T05:16:33","guid":{"rendered":"https:\/\/tourtravelandmore.com\/?post_type=product&#038;p=168866"},"modified":"2024-04-08T12:52:30","modified_gmt":"2024-04-08T10:52:30","slug":"tour-privado-a-pie-por-los-palacios-y-el-teatro-colon","status":"publish","type":"product","link":"https:\/\/tourtravelandmore.com\/es\/tours\/argentina-es\/buenos-aires-es\/todos-los-tours-privados-es\/tour-privado-a-pie-por-los-palacios-y-el-teatro-colon\/","title":{"rendered":"Tour privado a pie por los Palacios y el Teatro Col\u00f3n"},"content":{"rendered":"<h2>Descripci\u00f3n del Tour privado a pie por los Palacios y el Teatro Col\u00f3n<\/h2>\n<p>Sum\u00e9rjase en el mundo de la m\u00fasica y la \u00f3pera con nuestra Visita privada a pie de los Palacios y el Teatro Col\u00f3n. Este recorrido de 3 horas ofrece una rica exploraci\u00f3n de uno de los teatros de \u00f3pera m\u00e1s prestigiosos del mundo. Con nuestro experto gu\u00eda al frente, recorrer\u00e1 las opulentas salas y salones del teatro. El tour es grupal (el teatro Colon no permite visitas privadas) pero su gu\u00eda ingresar\u00e1 con el grupo. El resto del tour es privado. Se sumergir\u00e1 en su fascinante historia, grandeza arquitect\u00f3nica e importancia cultural. El Teatro Col\u00f3n ha sido escenario de numerosas representaciones notables desde su inauguraci\u00f3n en 1908. Esta visita incluye no solamente una visi\u00f3n, sino tambi\u00e9n entradas para este impresionante s\u00edmbolo de la vida cultural de Buenos Aires.<\/p>\n<p>Cada rinc\u00f3n del Teatro Col\u00f3n es una fiesta para los ojos y el esp\u00edritu. En este viaje, nuestro gu\u00eda le contar\u00e1 historias cautivadoras de actuaciones legendarias, maestros de renombre mundial y famosas producciones que han tenido lugar en este venerado escenario. Tambi\u00e9n comprender\u00e1 el meticuloso proceso de restauraci\u00f3n emprendido para preservar el esplendor original del teatro, incorporando al mismo tiempo tecnolog\u00eda moderna para mejorar la ac\u00fastica y la escenograf\u00eda. En cada paso, en cada mirada a la fascinante c\u00fapula, estar\u00e1 recorriendo m\u00e1s de un siglo de pasi\u00f3n, dedicaci\u00f3n y creatividad. Nuestro Tour Privado a Pie del Teatro Col\u00f3n es m\u00e1s que una excursi\u00f3n, es un paso al coraz\u00f3n del prodigioso legado cultural argentino.<\/p>\n<h2><b>Tour privado a pie por los Palacios y el Teatro Col\u00f3n Puntos de inter\u00e9s<\/b><\/h2>\n<p><strong>Teatro Col\u00f3n:<\/strong> no es solamente un teatro de \u00f3pera; es un monumento a las artes, un testimonio de grandeza arquitect\u00f3nica y una maravilla ac\u00fastica. Empiece por su impresionante fachada, una mezcla de estilos arquitect\u00f3nicos que deja entrever la elegancia de su interior. En el interior, el fastuoso Gran Vest\u00edbulo y el Sal\u00f3n Dorado asombran por sus detalles ornamentales y su opulencia. La visita se realizar\u00e1 junto a su gu\u00eda tur\u00edstico y un grupo.<\/p>\n<p><strong>Residencia Maguire:<\/strong> Es una antigua mansi\u00f3n ubicada en la avenida Alvear 1683, en la ciudad de Buenos Aires. Es una de las pocas supervivientes de un corredor de mansiones aristocr\u00e1ticas que fueron demolidas en su mayor\u00eda despu\u00e9s de 1930.<\/p>\n<p><strong>Nunciatura de la Santa Sede:<\/strong> La nunciatura apost\u00f3lica o simplemente nunciatura es la m\u00e1s alta misi\u00f3n diplom\u00e1tica de la Santa Sede ante los Estados con los que mantiene relaciones diplom\u00e1ticas. Podr\u00e1 ver este bello e hist\u00f3rico lugar desde el exterior.<\/p>\n<p><strong>El Palacio Paz:<\/strong> Fue la mayor y una de las m\u00e1s lujosas residencias de la ciudad de Buenos Aires, Argentina, propiedad de Jos\u00e9 C. Paz y fiel reflejo de la arquitectura Beaux-Arts de principios del siglo XX, reflejo de los c\u00e1nones est\u00e9ticos de la Escuela de Bellas Artes de Par\u00eds. Su entrada principal est\u00e1 ubicada en la Avenida Santa Fe 750, frente a la Plaza San Mart\u00edn. Desde 1938 es sede del C\u00edrculo Militar.<\/p>\n<p><span style=\"font-weight: 400;\">No pierda la oportunidad de <\/span><a href=\"https:\/\/tourtravelandmore.com\/es\/ciudad\/argentina-es\/buenos-aires-es\/\"><span style=\"font-weight: 400;\">explorar la vibrante vida cultural de Buenos Aires con Tour Travel and More.<\/span><\/a><span style=\"font-weight: 400;\"> Ofrecemos una variedad de tours privados adaptados a sus intereses. Explore nuestra lista de tours en Buenos Aires y encuentre el que m\u00e1s le convenga.<\/span><\/p>\n","protected":false},"excerpt":{"rendered":"<p><span style=\"font-weight: 400;\">Viva la elegancia y la grandeza de uno de los teatros de \u00f3pera m\u00e1s importantes del mundo con una visita privada al Teatro Col\u00f3n. Descubra su historia, su arquitectura y la magia que se esconde detr\u00e1s de cada representaci\u00f3n en esta visita inolvidable.<\/span><\/p>\n","protected":false},"featured_media":168859,"comment_status":"open","ping_status":"closed","template":"","meta":{"_acf_changed":false},"product_brand":[],"product_cat":[4409,4412,4415,4421],"product_tag":[],"class_list":{"0":"post-168866","1":"product","2":"type-product","3":"status-publish","4":"has-post-thumbnail","6":"product_cat-argentina-es","7":"product_cat-buenos-aires-es","8":"product_cat-todos-los-tours-privados-es","9":"product_cat-tours-privados-a-pie-es-2","11":"first","12":"instock","13":"shipping-taxable","14":"purchasable","15":"product-type-simple"},"acf":[],"yoast_head":"<!-- This site is optimized with the Yoast SEO Premium plugin v25.3.1 (Yoast SEO v25.3.1) - https:\/\/yoast.com\/wordpress\/plugins\/seo\/ -->\n<title>\u27a1\ufe0f Tour privado a pie por los Palacios y el Teatro Col\u00f3n | Tour Travel &amp; More<\/title>\n<meta name=\"description\" content=\"Explore el mundialmente conocido Teatro Col\u00f3n de Buenos Aires con un tour privado a pie. Descubra su rica historia y brillantez arquitect\u00f3nica. \u00a1Reserve ahora! \u2705\" \/>\n<meta name=\"robots\" content=\"index, follow, max-snippet:-1, max-image-preview:large, max-video-preview:-1\" \/>\n<link rel=\"canonical\" href=\"https:\/\/tourtravelandmore.com\/es\/tours\/argentina-es\/buenos-aires-es\/todos-los-tours-privados-es\/tour-privado-a-pie-por-los-palacios-y-el-teatro-colon\/\" \/>\n<meta property=\"og:locale\" content=\"es_ES\" \/>\n<meta property=\"og:type\" content=\"article\" \/>\n<meta property=\"og:title\" content=\"Tour privado a pie por los Palacios y el Teatro Col\u00f3n\" \/>\n<meta property=\"og:description\" content=\"Explore el mundialmente conocido Teatro Col\u00f3n de Buenos Aires con un tour privado a pie. Descubra su rica historia y brillantez arquitect\u00f3nica. \u00a1Reserve ahora! \u2705\" \/>\n<meta property=\"og:url\" content=\"https:\/\/tourtravelandmore.com\/es\/tours\/argentina-es\/buenos-aires-es\/todos-los-tours-privados-es\/tour-privado-a-pie-por-los-palacios-y-el-teatro-colon\/\" \/>\n<meta property=\"og:site_name\" content=\"Tour Travel And More\" \/>\n<meta property=\"article:publisher\" content=\"https:\/\/www.facebook.com\/tourtravelandmore\/\" \/>\n<meta property=\"article:modified_time\" content=\"2024-04-08T10:52:30+00:00\" \/>\n<meta property=\"og:image\" content=\"https:\/\/tourtravelandmore.com\/wp-content\/uploads\/2023\/05\/image2-9.jpg\" \/>\n\t<meta property=\"og:image:width\" content=\"1250\" \/>\n\t<meta property=\"og:image:height\" content=\"750\" \/>\n\t<meta property=\"og:image:type\" content=\"image\/jpeg\" \/>\n<meta name=\"twitter:card\" content=\"summary_large_image\" \/>\n<meta name=\"twitter:site\" content=\"@TourTravel_More\" \/>\n<meta name=\"twitter:label1\" content=\"Tiempo de lectura\" \/>\n\t<meta name=\"twitter:data1\" content=\"3 minutos\" \/>\n<script type=\"application\/ld+json\" class=\"yoast-schema-graph\">{\"@context\":\"https:\/\/schema.org\",\"@graph\":[{\"@type\":\"WebPage\",\"@id\":\"https:\/\/tourtravelandmore.com\/es\/tours\/argentina-es\/buenos-aires-es\/todos-los-tours-privados-es\/tour-privado-a-pie-por-los-palacios-y-el-teatro-colon\/\",\"url\":\"https:\/\/tourtravelandmore.com\/es\/tours\/argentina-es\/buenos-aires-es\/todos-los-tours-privados-es\/tour-privado-a-pie-por-los-palacios-y-el-teatro-colon\/\",\"name\":\"\u27a1\ufe0f Tour privado a pie por los Palacios y el Teatro Col\u00f3n | Tour Travel & More\",\"isPartOf\":{\"@id\":\"https:\/\/tourtravelandmore.com\/es\/#website\"},\"primaryImageOfPage\":{\"@id\":\"https:\/\/tourtravelandmore.com\/es\/tours\/argentina-es\/buenos-aires-es\/todos-los-tours-privados-es\/tour-privado-a-pie-por-los-palacios-y-el-teatro-colon\/#primaryimage\"},\"image\":{\"@id\":\"https:\/\/tourtravelandmore.com\/es\/tours\/argentina-es\/buenos-aires-es\/todos-los-tours-privados-es\/tour-privado-a-pie-por-los-palacios-y-el-teatro-colon\/#primaryimage\"},\"thumbnailUrl\":\"https:\/\/tourtravelandmore.com\/wp-content\/uploads\/2023\/05\/image2-9.jpg\",\"datePublished\":\"2023-05-31T05:16:33+00:00\",\"dateModified\":\"2024-04-08T10:52:30+00:00\",\"description\":\"Explore el mundialmente conocido Teatro Col\u00f3n de Buenos Aires con un tour privado a pie. Descubra su rica historia y brillantez arquitect\u00f3nica. \u00a1Reserve ahora! \u2705\",\"breadcrumb\":{\"@id\":\"https:\/\/tourtravelandmore.com\/es\/tours\/argentina-es\/buenos-aires-es\/todos-los-tours-privados-es\/tour-privado-a-pie-por-los-palacios-y-el-teatro-colon\/#breadcrumb\"},\"inLanguage\":\"es\",\"potentialAction\":[{\"@type\":\"ReadAction\",\"target\":[\"https:\/\/tourtravelandmore.com\/es\/tours\/argentina-es\/buenos-aires-es\/todos-los-tours-privados-es\/tour-privado-a-pie-por-los-palacios-y-el-teatro-colon\/\"]}]},{\"@type\":\"ImageObject\",\"inLanguage\":\"es\",\"@id\":\"https:\/\/tourtravelandmore.com\/es\/tours\/argentina-es\/buenos-aires-es\/todos-los-tours-privados-es\/tour-privado-a-pie-por-los-palacios-y-el-teatro-colon\/#primaryimage\",\"url\":\"https:\/\/tourtravelandmore.com\/wp-content\/uploads\/2023\/05\/image2-9.jpg\",\"contentUrl\":\"https:\/\/tourtravelandmore.com\/wp-content\/uploads\/2023\/05\/image2-9.jpg\",\"width\":1250,\"height\":750},{\"@type\":\"BreadcrumbList\",\"@id\":\"https:\/\/tourtravelandmore.com\/es\/tours\/argentina-es\/buenos-aires-es\/todos-los-tours-privados-es\/tour-privado-a-pie-por-los-palacios-y-el-teatro-colon\/#breadcrumb\",\"itemListElement\":[{\"@type\":\"ListItem\",\"position\":1,\"name\":\"Home\",\"item\":\"https:\/\/tourtravelandmore.com\/es\/\"},{\"@type\":\"ListItem\",\"position\":2,\"name\":\"Tours\",\"item\":\"https:\/\/tourtravelandmore.com\/es\/tours\/\"},{\"@type\":\"ListItem\",\"position\":3,\"name\":\"Tour privado a pie por los Palacios y el Teatro Col\u00f3n\"}]},{\"@type\":\"WebSite\",\"@id\":\"https:\/\/tourtravelandmore.com\/es\/#website\",\"url\":\"https:\/\/tourtravelandmore.com\/es\/\",\"name\":\"Tour Travel And More\",\"description\":\"Private sightseeing tours and luxury transfers in Spain\",\"publisher\":{\"@id\":\"https:\/\/tourtravelandmore.com\/es\/#organization\"},\"potentialAction\":[{\"@type\":\"SearchAction\",\"target\":{\"@type\":\"EntryPoint\",\"urlTemplate\":\"https:\/\/tourtravelandmore.com\/es\/?s={search_term_string}\"},\"query-input\":{\"@type\":\"PropertyValueSpecification\",\"valueRequired\":true,\"valueName\":\"search_term_string\"}}],\"inLanguage\":\"es\"},{\"@type\":\"Organization\",\"@id\":\"https:\/\/tourtravelandmore.com\/es\/#organization\",\"name\":\"Tour Travel And More\",\"url\":\"https:\/\/tourtravelandmore.com\/es\/\",\"logo\":{\"@type\":\"ImageObject\",\"inLanguage\":\"es\",\"@id\":\"https:\/\/tourtravelandmore.com\/es\/#\/schema\/logo\/image\/\",\"url\":\"https:\/\/tourtravelandmore.com\/wp-content\/uploads\/2022\/12\/cropped-logo-cabecera-new.png\",\"contentUrl\":\"https:\/\/tourtravelandmore.com\/wp-content\/uploads\/2022\/12\/cropped-logo-cabecera-new.png\",\"width\":430,\"height\":61,\"caption\":\"Tour Travel And More\"},\"image\":{\"@id\":\"https:\/\/tourtravelandmore.com\/es\/#\/schema\/logo\/image\/\"},\"sameAs\":[\"https:\/\/www.facebook.com\/tourtravelandmore\/\",\"https:\/\/x.com\/TourTravel_More\"]}]}<\/script>\n<!-- \/ Yoast SEO Premium plugin. -->","yoast_head_json":{"title":"\u27a1\ufe0f Tour privado a pie por los Palacios y el Teatro Col\u00f3n | Tour Travel & More","description":"Explore el mundialmente conocido Teatro Col\u00f3n de Buenos Aires con un tour privado a pie. Descubra su rica historia y brillantez arquitect\u00f3nica. \u00a1Reserve ahora! \u2705","robots":{"index":"index","follow":"follow","max-snippet":"max-snippet:-1","max-image-preview":"max-image-preview:large","max-video-preview":"max-video-preview:-1"},"canonical":"https:\/\/tourtravelandmore.com\/es\/tours\/argentina-es\/buenos-aires-es\/todos-los-tours-privados-es\/tour-privado-a-pie-por-los-palacios-y-el-teatro-colon\/","og_locale":"es_ES","og_type":"article","og_title":"Tour privado a pie por los Palacios y el Teatro Col\u00f3n","og_description":"Explore el mundialmente conocido Teatro Col\u00f3n de Buenos Aires con un tour privado a pie. Descubra su rica historia y brillantez arquitect\u00f3nica. \u00a1Reserve ahora! \u2705","og_url":"https:\/\/tourtravelandmore.com\/es\/tours\/argentina-es\/buenos-aires-es\/todos-los-tours-privados-es\/tour-privado-a-pie-por-los-palacios-y-el-teatro-colon\/","og_site_name":"Tour Travel And More","article_publisher":"https:\/\/www.facebook.com\/tourtravelandmore\/","article_modified_time":"2024-04-08T10:52:30+00:00","og_image":[{"width":1250,"height":750,"url":"https:\/\/tourtravelandmore.com\/wp-content\/uploads\/2023\/05\/image2-9.jpg","type":"image\/jpeg"}],"twitter_card":"summary_large_image","twitter_site":"@TourTravel_More","twitter_misc":{"Tiempo de lectura":"3 minutos"},"schema":{"@context":"https:\/\/schema.org","@graph":[{"@type":"WebPage","@id":"https:\/\/tourtravelandmore.com\/es\/tours\/argentina-es\/buenos-aires-es\/todos-los-tours-privados-es\/tour-privado-a-pie-por-los-palacios-y-el-teatro-colon\/","url":"https:\/\/tourtravelandmore.com\/es\/tours\/argentina-es\/buenos-aires-es\/todos-los-tours-privados-es\/tour-privado-a-pie-por-los-palacios-y-el-teatro-colon\/","name":"\u27a1\ufe0f Tour privado a pie por los Palacios y el Teatro Col\u00f3n | Tour Travel & More","isPartOf":{"@id":"https:\/\/tourtravelandmore.com\/es\/#website"},"primaryImageOfPage":{"@id":"https:\/\/tourtravelandmore.com\/es\/tours\/argentina-es\/buenos-aires-es\/todos-los-tours-privados-es\/tour-privado-a-pie-por-los-palacios-y-el-teatro-colon\/#primaryimage"},"image":{"@id":"https:\/\/tourtravelandmore.com\/es\/tours\/argentina-es\/buenos-aires-es\/todos-los-tours-privados-es\/tour-privado-a-pie-por-los-palacios-y-el-teatro-colon\/#primaryimage"},"thumbnailUrl":"https:\/\/tourtravelandmore.com\/wp-content\/uploads\/2023\/05\/image2-9.jpg","datePublished":"2023-05-31T05:16:33+00:00","dateModified":"2024-04-08T10:52:30+00:00","description":"Explore el mundialmente conocido Teatro Col\u00f3n de Buenos Aires con un tour privado a pie. Descubra su rica historia y brillantez arquitect\u00f3nica. \u00a1Reserve ahora! \u2705","breadcrumb":{"@id":"https:\/\/tourtravelandmore.com\/es\/tours\/argentina-es\/buenos-aires-es\/todos-los-tours-privados-es\/tour-privado-a-pie-por-los-palacios-y-el-teatro-colon\/#breadcrumb"},"inLanguage":"es","potentialAction":[{"@type":"ReadAction","target":["https:\/\/tourtravelandmore.com\/es\/tours\/argentina-es\/buenos-aires-es\/todos-los-tours-privados-es\/tour-privado-a-pie-por-los-palacios-y-el-teatro-colon\/"]}]},{"@type":"ImageObject","inLanguage":"es","@id":"https:\/\/tourtravelandmore.com\/es\/tours\/argentina-es\/buenos-aires-es\/todos-los-tours-privados-es\/tour-privado-a-pie-por-los-palacios-y-el-teatro-colon\/#primaryimage","url":"https:\/\/tourtravelandmore.com\/wp-content\/uploads\/2023\/05\/image2-9.jpg","contentUrl":"https:\/\/tourtravelandmore.com\/wp-content\/uploads\/2023\/05\/image2-9.jpg","width":1250,"height":750},{"@type":"BreadcrumbList","@id":"https:\/\/tourtravelandmore.com\/es\/tours\/argentina-es\/buenos-aires-es\/todos-los-tours-privados-es\/tour-privado-a-pie-por-los-palacios-y-el-teatro-colon\/#breadcrumb","itemListElement":[{"@type":"ListItem","position":1,"name":"Home","item":"https:\/\/tourtravelandmore.com\/es\/"},{"@type":"ListItem","position":2,"name":"Tours","item":"https:\/\/tourtravelandmore.com\/es\/tours\/"},{"@type":"ListItem","position":3,"name":"Tour privado a pie por los Palacios y el Teatro Col\u00f3n"}]},{"@type":"WebSite","@id":"https:\/\/tourtravelandmore.com\/es\/#website","url":"https:\/\/tourtravelandmore.com\/es\/","name":"Tour Travel And More","description":"Private sightseeing tours and luxury transfers in Spain","publisher":{"@id":"https:\/\/tourtravelandmore.com\/es\/#organization"},"potentialAction":[{"@type":"SearchAction","target":{"@type":"EntryPoint","urlTemplate":"https:\/\/tourtravelandmore.com\/es\/?s={search_term_string}"},"query-input":{"@type":"PropertyValueSpecification","valueRequired":true,"valueName":"search_term_string"}}],"inLanguage":"es"},{"@type":"Organization","@id":"https:\/\/tourtravelandmore.com\/es\/#organization","name":"Tour Travel And More","url":"https:\/\/tourtravelandmore.com\/es\/","logo":{"@type":"ImageObject","inLanguage":"es","@id":"https:\/\/tourtravelandmore.com\/es\/#\/schema\/logo\/image\/","url":"https:\/\/tourtravelandmore.com\/wp-content\/uploads\/2022\/12\/cropped-logo-cabecera-new.png","contentUrl":"https:\/\/tourtravelandmore.com\/wp-content\/uploads\/2022\/12\/cropped-logo-cabecera-new.png","width":430,"height":61,"caption":"Tour Travel And More"},"image":{"@id":"https:\/\/tourtravelandmore.com\/es\/#\/schema\/logo\/image\/"},"sameAs":["https:\/\/www.facebook.com\/tourtravelandmore\/","https:\/\/x.com\/TourTravel_More"]}]}},"_links":{"self":[{"href":"https:\/\/tourtravelandmore.com\/es\/wp-json\/wp\/v2\/product\/168866","targetHints":{"allow":["GET"]}}],"collection":[{"href":"https:\/\/tourtravelandmore.com\/es\/wp-json\/wp\/v2\/product"}],"about":[{"href":"https:\/\/tourtravelandmore.com\/es\/wp-json\/wp\/v2\/types\/product"}],"replies":[{"embeddable":true,"href":"https:\/\/tourtravelandmore.com\/es\/wp-json\/wp\/v2\/comments?post=168866"}],"wp:featuredmedia":[{"embeddable":true,"href":"https:\/\/tourtravelandmore.com\/es\/wp-json\/wp\/v2\/media\/168859"}],"wp:attachment":[{"href":"https:\/\/tourtravelandmore.com\/es\/wp-json\/wp\/v2\/media?parent=168866"}],"wp:term":[{"taxonomy":"product_brand","embeddable":true,"href":"https:\/\/tourtravelandmore.com\/es\/wp-json\/wp\/v2\/product_brand?post=168866"},{"taxonomy":"product_cat","embeddable":true,"href":"https:\/\/tourtravelandmore.com\/es\/wp-json\/wp\/v2\/product_cat?post=168866"},{"taxonomy":"product_tag","embeddable":true,"href":"https:\/\/tourtravelandmore.com\/es\/wp-json\/wp\/v2\/product_tag?post=168866"}],"curies":[{"name":"wp","href":"https:\/\/api.w.org\/{rel}","templated":true}]}}