{"id":168850,"date":"2023-05-31T06:51:21","date_gmt":"2023-05-31T04:53:41","guid":{"rendered":"https:\/\/tourtravelandmore.com\/?post_type=product&#038;p=168850"},"modified":"2024-04-08T13:00:30","modified_gmt":"2024-04-08T11:00:30","slug":"tour-privado-de-puerto-madero-y-san-telmo","status":"publish","type":"product","link":"https:\/\/tourtravelandmore.com\/es\/tours\/argentina-es\/buenos-aires-es\/todos-los-tours-privados-es\/tour-privado-de-puerto-madero-y-san-telmo\/","title":{"rendered":"Tour Privado de Puerto Madero y San Telmo"},"content":{"rendered":"<h2><b>Descripci\u00f3n <\/b><b>Tour Privado de Puerto Madero y San Telmo\u00a0<\/b><\/h2>\n<p><span style=\"font-weight: 400;\">Ad\u00e9ntrese en la rica historia y la vibrante cultura de Buenos Aires con nuestro Tour Privado de Puerto Madero y San Telmo. Este tour de 4 a 5 horas, conducido por un gu\u00eda experto y acompa\u00f1ado por un veh\u00edculo con chofer, ofrece una exploraci\u00f3n de lujo de dos de los barrios m\u00e1s atractivos de Buenos Aires. Su viaje comienza en Puerto Madero, el barrio m\u00e1s joven de Buenos Aires, conocido por su impresionante arquitectura moderna, su animado paseo mar\u00edtimo y su pr\u00f3spera escena gastron\u00f3mica. A continuaci\u00f3n, nos adentraremos en San Telmo, uno de los barrios m\u00e1s antiguos de la ciudad, repleto de calles adoquinadas, tiendas de antig\u00fcedades y coloridos edificios coloniales. Los perspicaces comentarios de nuestro gu\u00eda enriquecer\u00e1n su comprensi\u00f3n de estos barrios, revelando su importancia hist\u00f3rica y su encanto cultural.<\/span><\/p>\n<p><span style=\"font-weight: 400;\">Mientras recorre los senderos de Puerto Madero, sus sentidos se ver\u00e1n cautivados por el sofisticado ambiente del distrito. Este astillero abandonado se ha transformado en una vibrante zona costera, con maravillas arquitect\u00f3nicas contempor\u00e1neas que se reflejan en las aguas del R\u00edo de la Plata. El aroma de la deliciosa cocina flota en el aire desde sus numerosos restaurantes de lujo, convirti\u00e9ndolo en un para\u00edso para los amantes de la gastronom\u00eda.<\/span><\/p>\n<p><span style=\"font-weight: 400;\">Dejando atr\u00e1s la modernidad de Puerto Madero, el recorrido le llevar\u00e1 a las calles tradicionales de San Telmo. Este barrio, con su arraigada historia, es un testimonio vivo del pasado de Buenos Aires. Sus anticuadas calles adoquinadas, adornadas por edificios coloniales de intrincadas fachadas, cuentan historias de una \u00e9poca pasada. La zona es rica en cultura, con bailarines de tango adornando las calles y melod\u00edas de m\u00fasicos callejeros resonando en el aire. El recorrido por San Telmo no es s\u00f3lo una experiencia tur\u00edstica, sino un paso atr\u00e1s en el tiempo, que le ofrece una muestra del Buenos Aires tradicional en todos los sentidos.<\/span><\/p>\n<h2><b>Puntos de Inter\u00e9s en el <\/b><b>Tour Privado de Puerto Madero y San Telmo\u00a0<\/b><\/h2>\n<p><b>Puerto Madero:<\/b><span style=\"font-weight: 400;\"> Puerto Madero es el testimonio de la transformaci\u00f3n de Buenos Aires de puerto hist\u00f3rico a ciudad pr\u00f3spera y cosmopolita. Anta\u00f1o un astillero abandonado, este barrio ha experimentado una impresionante metamorfosis y se ha convertido en una de las zonas m\u00e1s pr\u00f3speras de la ciudad, con un horizonte salpicado de elegantes rascacielos, hoteles de lujo y modernos edificios de oficinas. El distrito yuxtapone con elegancia lo antiguo y lo nuevo, con almacenes de ladrillo rehabilitados junto a maravillas arquitect\u00f3nicas contempor\u00e1neas. Entre ellas, el Puente de la Mujer, una ic\u00f3nica pasarela giratoria, capta la atenci\u00f3n con su dise\u00f1o \u00fanico que simboliza a una pareja bailando el tango. Adem\u00e1s, visitar\u00e1 la Reserva Ecol\u00f3gica, un tranquilo espacio verde que ofrece un refrescante respiro del ajetreo de la ciudad. Este vasto santuario natural, repleto de flora y fauna diversas, pone de relieve el compromiso de Buenos Aires con la sostenibilidad urbana.<\/span><\/p>\n<p><b>San Telmo<\/b><span style=\"font-weight: 400;\">: entrar en San Telmo es entrar en una c\u00e1psula del tiempo que conserva el encanto del viejo Buenos Aires. Las estrechas calles adoquinadas del barrio y los edificios de estilo colonial son un recuerdo perdurable de la rica historia de la ciudad. Aqu\u00ed, las tiendas de antig\u00fcedades ofrecen un tesoro de hallazgos vintage, mientras que los tradicionales salones de tango resuenan con los apasionados ritmos del baile m\u00e1s querido de Argentina. Entre los muchos lugares destacados de San Telmo, podr\u00e1 explorar el vibrante Mercado de San Telmo, una atracci\u00f3n irresistible para los cazadores de antig\u00fcedades, los entusiastas de la comida y los buscadores de recuerdos. Los coloridos puestos del mercado ofrecen de todo, desde baratijas \u00fanicas y art\u00edculos vintage hasta deliciosos manjares locales. Otro lugar de visita obligada es la Plaza Dorrego, una de las plazas p\u00fablicas m\u00e1s antiguas de Buenos Aires. Conocida por su animado ambiente, esta plaza es el epicentro de la escena tanguera del barrio, donde talentosos bailarines act\u00faan al hipnotizante ritmo de la m\u00fasica, creando un espect\u00e1culo inolvidable.<\/span><\/p>\n<p><span style=\"font-weight: 400;\">Descubra m\u00e1s sobre Buenos Aires con Tour Travel and More. Explore nuestra amplia gama de tours privados adaptados a sus intereses y preferencias. Visite nuestro sitio web y encuentre <\/span><a href=\"https:\/\/tourtravelandmore.com\/es\/ciudad\/argentina-es\/buenos-aires-es\/\"><span style=\"font-weight: 400;\">hoy mismo su experiencia perfecta en Buenos Aires.<\/span><\/a><\/p>\n","protected":false},"excerpt":{"rendered":"<p><span style=\"font-weight: 400;\">Viva Buenos Aires como nunca antes con nuestro tour privado de Puerto Madero y San Telmo. Descubra la moderna sofisticaci\u00f3n de Puerto Madero y la encantadora antig\u00fcedad de San Telmo en esta visita guiada de 4 a 5 horas.<\/span><\/p>\n","protected":false},"featured_media":168840,"comment_status":"open","ping_status":"closed","template":"","meta":{"_acf_changed":false},"product_brand":[],"product_cat":[4409,4412,4415,4418],"product_tag":[],"class_list":{"0":"post-168850","1":"product","2":"type-product","3":"status-publish","4":"has-post-thumbnail","6":"product_cat-argentina-es","7":"product_cat-buenos-aires-es","8":"product_cat-todos-los-tours-privados-es","9":"product_cat-visitas-turisticas-privadas-es-4","11":"first","12":"instock","13":"shipping-taxable","14":"purchasable","15":"product-type-simple"},"acf":[],"yoast_head":"<!-- This site is optimized with the Yoast SEO Premium plugin v25.3.1 (Yoast SEO v25.3.1) - https:\/\/yoast.com\/wordpress\/plugins\/seo\/ -->\n<title>\u27a1\ufe0f Descubra Puerto Madero y San Telmo: Tour Privado | Tour Travel and More<\/title>\n<meta name=\"description\" content=\"Explore la rica historia y vibrante cultura de Buenos Aires con un tour privado de Puerto Madero y San Telmo. \u00a1Reserve su experiencia con Tour Travel and More hoy mismo! \u2705\" \/>\n<meta name=\"robots\" content=\"index, follow, max-snippet:-1, max-image-preview:large, max-video-preview:-1\" \/>\n<link rel=\"canonical\" href=\"https:\/\/tourtravelandmore.com\/es\/tours\/argentina-es\/buenos-aires-es\/todos-los-tours-privados-es\/tour-privado-de-puerto-madero-y-san-telmo\/\" \/>\n<meta property=\"og:locale\" content=\"es_ES\" \/>\n<meta property=\"og:type\" content=\"article\" \/>\n<meta property=\"og:title\" content=\"Tour Privado de Puerto Madero y San Telmo\" \/>\n<meta property=\"og:description\" content=\"Explore la rica historia y vibrante cultura de Buenos Aires con un tour privado de Puerto Madero y San Telmo. \u00a1Reserve su experiencia con Tour Travel and More hoy mismo! \u2705\" \/>\n<meta property=\"og:url\" content=\"https:\/\/tourtravelandmore.com\/es\/tours\/argentina-es\/buenos-aires-es\/todos-los-tours-privados-es\/tour-privado-de-puerto-madero-y-san-telmo\/\" \/>\n<meta property=\"og:site_name\" content=\"Tour Travel And More\" \/>\n<meta property=\"article:publisher\" content=\"https:\/\/www.facebook.com\/tourtravelandmore\/\" \/>\n<meta property=\"article:modified_time\" content=\"2024-04-08T11:00:30+00:00\" \/>\n<meta property=\"og:image\" content=\"https:\/\/tourtravelandmore.com\/wp-content\/uploads\/2023\/05\/image1-8.jpg\" \/>\n\t<meta property=\"og:image:width\" content=\"950\" \/>\n\t<meta property=\"og:image:height\" content=\"750\" \/>\n\t<meta property=\"og:image:type\" content=\"image\/jpeg\" \/>\n<meta name=\"twitter:card\" content=\"summary_large_image\" \/>\n<meta name=\"twitter:site\" content=\"@TourTravel_More\" \/>\n<meta name=\"twitter:label1\" content=\"Tiempo de lectura\" \/>\n\t<meta name=\"twitter:data1\" content=\"4 minutos\" \/>\n<script type=\"application\/ld+json\" class=\"yoast-schema-graph\">{\"@context\":\"https:\/\/schema.org\",\"@graph\":[{\"@type\":\"WebPage\",\"@id\":\"https:\/\/tourtravelandmore.com\/es\/tours\/argentina-es\/buenos-aires-es\/todos-los-tours-privados-es\/tour-privado-de-puerto-madero-y-san-telmo\/\",\"url\":\"https:\/\/tourtravelandmore.com\/es\/tours\/argentina-es\/buenos-aires-es\/todos-los-tours-privados-es\/tour-privado-de-puerto-madero-y-san-telmo\/\",\"name\":\"\u27a1\ufe0f Descubra Puerto Madero y San Telmo: Tour Privado | Tour Travel and More\",\"isPartOf\":{\"@id\":\"https:\/\/tourtravelandmore.com\/es\/#website\"},\"primaryImageOfPage\":{\"@id\":\"https:\/\/tourtravelandmore.com\/es\/tours\/argentina-es\/buenos-aires-es\/todos-los-tours-privados-es\/tour-privado-de-puerto-madero-y-san-telmo\/#primaryimage\"},\"image\":{\"@id\":\"https:\/\/tourtravelandmore.com\/es\/tours\/argentina-es\/buenos-aires-es\/todos-los-tours-privados-es\/tour-privado-de-puerto-madero-y-san-telmo\/#primaryimage\"},\"thumbnailUrl\":\"https:\/\/tourtravelandmore.com\/wp-content\/uploads\/2023\/05\/image1-8.jpg\",\"datePublished\":\"2023-05-31T04:53:41+00:00\",\"dateModified\":\"2024-04-08T11:00:30+00:00\",\"description\":\"Explore la rica historia y vibrante cultura de Buenos Aires con un tour privado de Puerto Madero y San Telmo. \u00a1Reserve su experiencia con Tour Travel and More hoy mismo! \u2705\",\"breadcrumb\":{\"@id\":\"https:\/\/tourtravelandmore.com\/es\/tours\/argentina-es\/buenos-aires-es\/todos-los-tours-privados-es\/tour-privado-de-puerto-madero-y-san-telmo\/#breadcrumb\"},\"inLanguage\":\"es\",\"potentialAction\":[{\"@type\":\"ReadAction\",\"target\":[\"https:\/\/tourtravelandmore.com\/es\/tours\/argentina-es\/buenos-aires-es\/todos-los-tours-privados-es\/tour-privado-de-puerto-madero-y-san-telmo\/\"]}]},{\"@type\":\"ImageObject\",\"inLanguage\":\"es\",\"@id\":\"https:\/\/tourtravelandmore.com\/es\/tours\/argentina-es\/buenos-aires-es\/todos-los-tours-privados-es\/tour-privado-de-puerto-madero-y-san-telmo\/#primaryimage\",\"url\":\"https:\/\/tourtravelandmore.com\/wp-content\/uploads\/2023\/05\/image1-8.jpg\",\"contentUrl\":\"https:\/\/tourtravelandmore.com\/wp-content\/uploads\/2023\/05\/image1-8.jpg\",\"width\":950,\"height\":750},{\"@type\":\"BreadcrumbList\",\"@id\":\"https:\/\/tourtravelandmore.com\/es\/tours\/argentina-es\/buenos-aires-es\/todos-los-tours-privados-es\/tour-privado-de-puerto-madero-y-san-telmo\/#breadcrumb\",\"itemListElement\":[{\"@type\":\"ListItem\",\"position\":1,\"name\":\"Home\",\"item\":\"https:\/\/tourtravelandmore.com\/es\/\"},{\"@type\":\"ListItem\",\"position\":2,\"name\":\"Tours\",\"item\":\"https:\/\/tourtravelandmore.com\/es\/tours\/\"},{\"@type\":\"ListItem\",\"position\":3,\"name\":\"Tour Privado de Puerto Madero y San Telmo\"}]},{\"@type\":\"WebSite\",\"@id\":\"https:\/\/tourtravelandmore.com\/es\/#website\",\"url\":\"https:\/\/tourtravelandmore.com\/es\/\",\"name\":\"Tour Travel And More\",\"description\":\"Private sightseeing tours and luxury transfers in Spain\",\"publisher\":{\"@id\":\"https:\/\/tourtravelandmore.com\/es\/#organization\"},\"potentialAction\":[{\"@type\":\"SearchAction\",\"target\":{\"@type\":\"EntryPoint\",\"urlTemplate\":\"https:\/\/tourtravelandmore.com\/es\/?s={search_term_string}\"},\"query-input\":{\"@type\":\"PropertyValueSpecification\",\"valueRequired\":true,\"valueName\":\"search_term_string\"}}],\"inLanguage\":\"es\"},{\"@type\":\"Organization\",\"@id\":\"https:\/\/tourtravelandmore.com\/es\/#organization\",\"name\":\"Tour Travel And More\",\"url\":\"https:\/\/tourtravelandmore.com\/es\/\",\"logo\":{\"@type\":\"ImageObject\",\"inLanguage\":\"es\",\"@id\":\"https:\/\/tourtravelandmore.com\/es\/#\/schema\/logo\/image\/\",\"url\":\"https:\/\/tourtravelandmore.com\/wp-content\/uploads\/2022\/12\/cropped-logo-cabecera-new.png\",\"contentUrl\":\"https:\/\/tourtravelandmore.com\/wp-content\/uploads\/2022\/12\/cropped-logo-cabecera-new.png\",\"width\":430,\"height\":61,\"caption\":\"Tour Travel And More\"},\"image\":{\"@id\":\"https:\/\/tourtravelandmore.com\/es\/#\/schema\/logo\/image\/\"},\"sameAs\":[\"https:\/\/www.facebook.com\/tourtravelandmore\/\",\"https:\/\/x.com\/TourTravel_More\"]}]}<\/script>\n<!-- \/ Yoast SEO Premium plugin. -->","yoast_head_json":{"title":"\u27a1\ufe0f Descubra Puerto Madero y San Telmo: Tour Privado | Tour Travel and More","description":"Explore la rica historia y vibrante cultura de Buenos Aires con un tour privado de Puerto Madero y San Telmo. \u00a1Reserve su experiencia con Tour Travel and More hoy mismo! \u2705","robots":{"index":"index","follow":"follow","max-snippet":"max-snippet:-1","max-image-preview":"max-image-preview:large","max-video-preview":"max-video-preview:-1"},"canonical":"https:\/\/tourtravelandmore.com\/es\/tours\/argentina-es\/buenos-aires-es\/todos-los-tours-privados-es\/tour-privado-de-puerto-madero-y-san-telmo\/","og_locale":"es_ES","og_type":"article","og_title":"Tour Privado de Puerto Madero y San Telmo","og_description":"Explore la rica historia y vibrante cultura de Buenos Aires con un tour privado de Puerto Madero y San Telmo. \u00a1Reserve su experiencia con Tour Travel and More hoy mismo! \u2705","og_url":"https:\/\/tourtravelandmore.com\/es\/tours\/argentina-es\/buenos-aires-es\/todos-los-tours-privados-es\/tour-privado-de-puerto-madero-y-san-telmo\/","og_site_name":"Tour Travel And More","article_publisher":"https:\/\/www.facebook.com\/tourtravelandmore\/","article_modified_time":"2024-04-08T11:00:30+00:00","og_image":[{"width":950,"height":750,"url":"https:\/\/tourtravelandmore.com\/wp-content\/uploads\/2023\/05\/image1-8.jpg","type":"image\/jpeg"}],"twitter_card":"summary_large_image","twitter_site":"@TourTravel_More","twitter_misc":{"Tiempo de lectura":"4 minutos"},"schema":{"@context":"https:\/\/schema.org","@graph":[{"@type":"WebPage","@id":"https:\/\/tourtravelandmore.com\/es\/tours\/argentina-es\/buenos-aires-es\/todos-los-tours-privados-es\/tour-privado-de-puerto-madero-y-san-telmo\/","url":"https:\/\/tourtravelandmore.com\/es\/tours\/argentina-es\/buenos-aires-es\/todos-los-tours-privados-es\/tour-privado-de-puerto-madero-y-san-telmo\/","name":"\u27a1\ufe0f Descubra Puerto Madero y San Telmo: Tour Privado | Tour Travel and More","isPartOf":{"@id":"https:\/\/tourtravelandmore.com\/es\/#website"},"primaryImageOfPage":{"@id":"https:\/\/tourtravelandmore.com\/es\/tours\/argentina-es\/buenos-aires-es\/todos-los-tours-privados-es\/tour-privado-de-puerto-madero-y-san-telmo\/#primaryimage"},"image":{"@id":"https:\/\/tourtravelandmore.com\/es\/tours\/argentina-es\/buenos-aires-es\/todos-los-tours-privados-es\/tour-privado-de-puerto-madero-y-san-telmo\/#primaryimage"},"thumbnailUrl":"https:\/\/tourtravelandmore.com\/wp-content\/uploads\/2023\/05\/image1-8.jpg","datePublished":"2023-05-31T04:53:41+00:00","dateModified":"2024-04-08T11:00:30+00:00","description":"Explore la rica historia y vibrante cultura de Buenos Aires con un tour privado de Puerto Madero y San Telmo. \u00a1Reserve su experiencia con Tour Travel and More hoy mismo! \u2705","breadcrumb":{"@id":"https:\/\/tourtravelandmore.com\/es\/tours\/argentina-es\/buenos-aires-es\/todos-los-tours-privados-es\/tour-privado-de-puerto-madero-y-san-telmo\/#breadcrumb"},"inLanguage":"es","potentialAction":[{"@type":"ReadAction","target":["https:\/\/tourtravelandmore.com\/es\/tours\/argentina-es\/buenos-aires-es\/todos-los-tours-privados-es\/tour-privado-de-puerto-madero-y-san-telmo\/"]}]},{"@type":"ImageObject","inLanguage":"es","@id":"https:\/\/tourtravelandmore.com\/es\/tours\/argentina-es\/buenos-aires-es\/todos-los-tours-privados-es\/tour-privado-de-puerto-madero-y-san-telmo\/#primaryimage","url":"https:\/\/tourtravelandmore.com\/wp-content\/uploads\/2023\/05\/image1-8.jpg","contentUrl":"https:\/\/tourtravelandmore.com\/wp-content\/uploads\/2023\/05\/image1-8.jpg","width":950,"height":750},{"@type":"BreadcrumbList","@id":"https:\/\/tourtravelandmore.com\/es\/tours\/argentina-es\/buenos-aires-es\/todos-los-tours-privados-es\/tour-privado-de-puerto-madero-y-san-telmo\/#breadcrumb","itemListElement":[{"@type":"ListItem","position":1,"name":"Home","item":"https:\/\/tourtravelandmore.com\/es\/"},{"@type":"ListItem","position":2,"name":"Tours","item":"https:\/\/tourtravelandmore.com\/es\/tours\/"},{"@type":"ListItem","position":3,"name":"Tour Privado de Puerto Madero y San Telmo"}]},{"@type":"WebSite","@id":"https:\/\/tourtravelandmore.com\/es\/#website","url":"https:\/\/tourtravelandmore.com\/es\/","name":"Tour Travel And More","description":"Private sightseeing tours and luxury transfers in Spain","publisher":{"@id":"https:\/\/tourtravelandmore.com\/es\/#organization"},"potentialAction":[{"@type":"SearchAction","target":{"@type":"EntryPoint","urlTemplate":"https:\/\/tourtravelandmore.com\/es\/?s={search_term_string}"},"query-input":{"@type":"PropertyValueSpecification","valueRequired":true,"valueName":"search_term_string"}}],"inLanguage":"es"},{"@type":"Organization","@id":"https:\/\/tourtravelandmore.com\/es\/#organization","name":"Tour Travel And More","url":"https:\/\/tourtravelandmore.com\/es\/","logo":{"@type":"ImageObject","inLanguage":"es","@id":"https:\/\/tourtravelandmore.com\/es\/#\/schema\/logo\/image\/","url":"https:\/\/tourtravelandmore.com\/wp-content\/uploads\/2022\/12\/cropped-logo-cabecera-new.png","contentUrl":"https:\/\/tourtravelandmore.com\/wp-content\/uploads\/2022\/12\/cropped-logo-cabecera-new.png","width":430,"height":61,"caption":"Tour Travel And More"},"image":{"@id":"https:\/\/tourtravelandmore.com\/es\/#\/schema\/logo\/image\/"},"sameAs":["https:\/\/www.facebook.com\/tourtravelandmore\/","https:\/\/x.com\/TourTravel_More"]}]}},"_links":{"self":[{"href":"https:\/\/tourtravelandmore.com\/es\/wp-json\/wp\/v2\/product\/168850","targetHints":{"allow":["GET"]}}],"collection":[{"href":"https:\/\/tourtravelandmore.com\/es\/wp-json\/wp\/v2\/product"}],"about":[{"href":"https:\/\/tourtravelandmore.com\/es\/wp-json\/wp\/v2\/types\/product"}],"replies":[{"embeddable":true,"href":"https:\/\/tourtravelandmore.com\/es\/wp-json\/wp\/v2\/comments?post=168850"}],"wp:featuredmedia":[{"embeddable":true,"href":"https:\/\/tourtravelandmore.com\/es\/wp-json\/wp\/v2\/media\/168840"}],"wp:attachment":[{"href":"https:\/\/tourtravelandmore.com\/es\/wp-json\/wp\/v2\/media?parent=168850"}],"wp:term":[{"taxonomy":"product_brand","embeddable":true,"href":"https:\/\/tourtravelandmore.com\/es\/wp-json\/wp\/v2\/product_brand?post=168850"},{"taxonomy":"product_cat","embeddable":true,"href":"https:\/\/tourtravelandmore.com\/es\/wp-json\/wp\/v2\/product_cat?post=168850"},{"taxonomy":"product_tag","embeddable":true,"href":"https:\/\/tourtravelandmore.com\/es\/wp-json\/wp\/v2\/product_tag?post=168850"}],"curies":[{"name":"wp","href":"https:\/\/api.w.org\/{rel}","templated":true}]}}