{"id":168834,"date":"2023-05-30T01:42:08","date_gmt":"2023-05-29T23:52:33","guid":{"rendered":"https:\/\/tourtravelandmore.com\/?post_type=product&#038;p=168834"},"modified":"2024-04-08T12:54:00","modified_gmt":"2024-04-08T10:54:00","slug":"visita-privada-a-pie-al-museo-malba","status":"publish","type":"product","link":"https:\/\/tourtravelandmore.com\/es\/tours\/argentina-es\/buenos-aires-es\/todos-los-tours-privados-es\/visita-privada-a-pie-al-museo-malba\/","title":{"rendered":"Visita privada a pie al museo MALBA"},"content":{"rendered":"<h2><b>Descripci\u00f3n <\/b><b>Visita privada a pie al museo MALBA\u00a0<\/b><\/h2>\n<p><span style=\"font-weight: 400;\">Sum\u00e9rjase en el rico patrimonio art\u00edstico de Am\u00e9rica Latina con nuestra visita privada a pie del museo MALBA. La visita, de 2 horas de duraci\u00f3n, incluye los servicios de un gu\u00eda privado y las entradas al museo. Nuestro experto gu\u00eda le conducir\u00e1 a trav\u00e9s del museo y le ofrecer\u00e1 interesantes comentarios sobre las impresionantes obras de arte. Desde obras de principios del siglo XX hasta obras contempor\u00e1neas, el museo MALBA alberga una notable colecci\u00f3n que refleja la diversa identidad cultural de Latinoam\u00e9rica. Tanto si es un experto en arte como un observador ocasional, esta visita le ofrece una experiencia cautivadora en el \u00e1mbito del arte latinoamericano.<\/span><\/p>\n<p><span style=\"font-weight: 400;\">Con esta exclusiva visita privada, comprender\u00e1 en profundidad los movimientos culturales, los contextos hist\u00f3ricos y las implicaciones sociales que han dado forma al arte latinoamericano a lo largo de las d\u00e9cadas. Nuestro experimentado gu\u00eda dar\u00e1 vida a las obras de arte, permiti\u00e9ndole conectar con la visi\u00f3n y perspectiva de los artistas. Esta visita no es \u00fanicamente una exploraci\u00f3n del arte, sino tambi\u00e9n un viaje al coraz\u00f3n de la cultura y la sociedad latinoamericanas, presentando una experiencia enriquecedora y esclarecedora.<\/span><\/p>\n<h2><b>Visita privada a pie por los puntos de inter\u00e9s del museo MALBA<\/b><\/h2>\n<p><span style=\"font-weight: 400;\">Su recorrido privado por el museo MALBA incluye varios puntos de inter\u00e9s, como por ejemplo<\/span><\/p>\n<p><b>Colecci\u00f3n permanente:<\/b><span style=\"font-weight: 400;\"> El coraz\u00f3n del museo MALBA reside en su extensa Colecci\u00f3n Permanente, un impresionante conjunto de obras de arte latinoamericanas. Esta colecci\u00f3n alberga obras maestras de artistas de renombre internacional como Frida Kahlo, Diego Rivera y Antonio Berni, cada una de las cuales encierra la esencia de la cultura y la historia latinoamericanas. Durante su visita privada, nuestro experto gu\u00eda se adentrar\u00e1 en las cautivadoras narrativas que se esconden tras estas obras ic\u00f3nicas, iluminando sus significados m\u00e1s profundos y las profundas influencias de los artistas en el arte latinoamericano.<\/span><\/p>\n<p><b>Exposiciones temporales:<\/b><span style=\"font-weight: 400;\"> Adem\u00e1s de su Colecci\u00f3n Permanente, el museo MALBA organiza con frecuencia Exposiciones Temporales. Estas exposiciones proporcionan una plataforma din\u00e1mica tanto para artistas emergentes como consagrados, mostrando el panorama en constante evoluci\u00f3n del arte latinoamericano contempor\u00e1neo. Su gu\u00eda le presentar\u00e1 estas innovadoras exposiciones, proporcion\u00e1ndole un contexto cr\u00edtico y una interpretaci\u00f3n perspicaz, que le permitir\u00e1n apreciar plenamente la importancia de estas obras contempor\u00e1neas dentro del \u00e1mbito m\u00e1s amplio del arte latinoamericano.<\/span><\/p>\n<p><b>Colecci\u00f3n de cine y v\u00eddeo:<\/b><span style=\"font-weight: 400;\"> El museo MALBA tambi\u00e9n cuenta con una interesante Colecci\u00f3n de Cine y V\u00eddeo. Esta secci\u00f3n \u00fanica ofrece una ventana al mundo del cine y el videoarte de vanguardia, con obras que desaf\u00edan los l\u00edmites tradicionales y las convenciones del medio. Mientras explora esta colecci\u00f3n, su gu\u00eda le har\u00e1 comprender las intenciones art\u00edsticas de estas obras, destacando su papel en la redefinici\u00f3n de la expresi\u00f3n cinematogr\u00e1fica en Am\u00e9rica Latina.<\/span><\/p>\n<p><b>Descubra m\u00e1s con Tour Travel and More<\/b><\/p>\n<p><span style=\"font-weight: 400;\">Despu\u00e9s de su esclarecedora visita al museo MALBA, \u00bfpor qu\u00e9 no explorar m\u00e1s de Buenos Aires? Tour Travel and More ofrece una amplia gama de tours privados adaptados a sus intereses. Desde los barrios hist\u00f3ricos de Palermo y Recoleta a otros lugares de inter\u00e9s cultural, le aseguramos una experiencia de viaje inolvidable. Visite nuestro sitio web para <\/span><a href=\"https:\/\/tourtravelandmore.com\/es\/ciudad\/argentina-es\/buenos-aires-es\/\"><span style=\"font-weight: 400;\">descubrir m\u00e1s tours en Buenos Aires.<\/span><\/a><\/p>\n","protected":false},"excerpt":{"rendered":"<p><span style=\"font-weight: 400;\">Emb\u00e1rquese en un recorrido privado a pie por el museo MALBA de Buenos Aires, explorando el rico patrimonio art\u00edstico de Am\u00e9rica Latina. Con un gu\u00eda experto, entradas incluidas y una duraci\u00f3n de 2 horas, experimente la diversa identidad cultural de Am\u00e9rica Latina a trav\u00e9s de su notable colecci\u00f3n de arte.<\/span><\/p>\n","protected":false},"featured_media":168833,"comment_status":"open","ping_status":"closed","template":"","meta":{"_acf_changed":false},"product_brand":[],"product_cat":[4409,4412,4415,4421],"product_tag":[],"class_list":{"0":"post-168834","1":"product","2":"type-product","3":"status-publish","4":"has-post-thumbnail","6":"product_cat-argentina-es","7":"product_cat-buenos-aires-es","8":"product_cat-todos-los-tours-privados-es","9":"product_cat-tours-privados-a-pie-es-2","11":"first","12":"instock","13":"shipping-taxable","14":"purchasable","15":"product-type-simple"},"acf":[],"yoast_head":"<!-- This site is optimized with the Yoast SEO Premium plugin v25.3.1 (Yoast SEO v25.3.1) - https:\/\/yoast.com\/wordpress\/plugins\/seo\/ -->\n<title>\u27a1\ufe0f Tour Privado a Pie del Museo MALBA con Tour Travel and More<\/title>\n<meta name=\"description\" content=\"Experimente el arte latinoamericano como nunca antes en un recorrido privado a pie de 2 horas por el museo MALBA. Reserve ahora para un viaje cultural inolvidable \u2705.\" \/>\n<meta name=\"robots\" content=\"index, follow, max-snippet:-1, max-image-preview:large, max-video-preview:-1\" \/>\n<link rel=\"canonical\" href=\"https:\/\/tourtravelandmore.com\/es\/tours\/argentina-es\/buenos-aires-es\/todos-los-tours-privados-es\/visita-privada-a-pie-al-museo-malba\/\" \/>\n<meta property=\"og:locale\" content=\"es_ES\" \/>\n<meta property=\"og:type\" content=\"article\" \/>\n<meta property=\"og:title\" content=\"Visita privada a pie al museo MALBA\" \/>\n<meta property=\"og:description\" content=\"Experimente el arte latinoamericano como nunca antes en un recorrido privado a pie de 2 horas por el museo MALBA. Reserve ahora para un viaje cultural inolvidable \u2705.\" \/>\n<meta property=\"og:url\" content=\"https:\/\/tourtravelandmore.com\/es\/tours\/argentina-es\/buenos-aires-es\/todos-los-tours-privados-es\/visita-privada-a-pie-al-museo-malba\/\" \/>\n<meta property=\"og:site_name\" content=\"Tour Travel And More\" \/>\n<meta property=\"article:publisher\" content=\"https:\/\/www.facebook.com\/tourtravelandmore\/\" \/>\n<meta property=\"article:modified_time\" content=\"2024-04-08T10:54:00+00:00\" \/>\n<meta property=\"og:image\" content=\"https:\/\/tourtravelandmore.com\/wp-content\/uploads\/2023\/05\/image4-7.jpg\" \/>\n\t<meta property=\"og:image:width\" content=\"950\" \/>\n\t<meta property=\"og:image:height\" content=\"750\" \/>\n\t<meta property=\"og:image:type\" content=\"image\/jpeg\" \/>\n<meta name=\"twitter:card\" content=\"summary_large_image\" \/>\n<meta name=\"twitter:site\" content=\"@TourTravel_More\" \/>\n<meta name=\"twitter:label1\" content=\"Tiempo de lectura\" \/>\n\t<meta name=\"twitter:data1\" content=\"3 minutos\" \/>\n<script type=\"application\/ld+json\" class=\"yoast-schema-graph\">{\"@context\":\"https:\/\/schema.org\",\"@graph\":[{\"@type\":\"WebPage\",\"@id\":\"https:\/\/tourtravelandmore.com\/es\/tours\/argentina-es\/buenos-aires-es\/todos-los-tours-privados-es\/visita-privada-a-pie-al-museo-malba\/\",\"url\":\"https:\/\/tourtravelandmore.com\/es\/tours\/argentina-es\/buenos-aires-es\/todos-los-tours-privados-es\/visita-privada-a-pie-al-museo-malba\/\",\"name\":\"\u27a1\ufe0f Tour Privado a Pie del Museo MALBA con Tour Travel and More\",\"isPartOf\":{\"@id\":\"https:\/\/tourtravelandmore.com\/es\/#website\"},\"primaryImageOfPage\":{\"@id\":\"https:\/\/tourtravelandmore.com\/es\/tours\/argentina-es\/buenos-aires-es\/todos-los-tours-privados-es\/visita-privada-a-pie-al-museo-malba\/#primaryimage\"},\"image\":{\"@id\":\"https:\/\/tourtravelandmore.com\/es\/tours\/argentina-es\/buenos-aires-es\/todos-los-tours-privados-es\/visita-privada-a-pie-al-museo-malba\/#primaryimage\"},\"thumbnailUrl\":\"https:\/\/tourtravelandmore.com\/wp-content\/uploads\/2023\/05\/image4-7.jpg\",\"datePublished\":\"2023-05-29T23:52:33+00:00\",\"dateModified\":\"2024-04-08T10:54:00+00:00\",\"description\":\"Experimente el arte latinoamericano como nunca antes en un recorrido privado a pie de 2 horas por el museo MALBA. Reserve ahora para un viaje cultural inolvidable \u2705.\",\"breadcrumb\":{\"@id\":\"https:\/\/tourtravelandmore.com\/es\/tours\/argentina-es\/buenos-aires-es\/todos-los-tours-privados-es\/visita-privada-a-pie-al-museo-malba\/#breadcrumb\"},\"inLanguage\":\"es\",\"potentialAction\":[{\"@type\":\"ReadAction\",\"target\":[\"https:\/\/tourtravelandmore.com\/es\/tours\/argentina-es\/buenos-aires-es\/todos-los-tours-privados-es\/visita-privada-a-pie-al-museo-malba\/\"]}]},{\"@type\":\"ImageObject\",\"inLanguage\":\"es\",\"@id\":\"https:\/\/tourtravelandmore.com\/es\/tours\/argentina-es\/buenos-aires-es\/todos-los-tours-privados-es\/visita-privada-a-pie-al-museo-malba\/#primaryimage\",\"url\":\"https:\/\/tourtravelandmore.com\/wp-content\/uploads\/2023\/05\/image4-7.jpg\",\"contentUrl\":\"https:\/\/tourtravelandmore.com\/wp-content\/uploads\/2023\/05\/image4-7.jpg\",\"width\":950,\"height\":750},{\"@type\":\"BreadcrumbList\",\"@id\":\"https:\/\/tourtravelandmore.com\/es\/tours\/argentina-es\/buenos-aires-es\/todos-los-tours-privados-es\/visita-privada-a-pie-al-museo-malba\/#breadcrumb\",\"itemListElement\":[{\"@type\":\"ListItem\",\"position\":1,\"name\":\"Home\",\"item\":\"https:\/\/tourtravelandmore.com\/es\/\"},{\"@type\":\"ListItem\",\"position\":2,\"name\":\"Tours\",\"item\":\"https:\/\/tourtravelandmore.com\/es\/tours\/\"},{\"@type\":\"ListItem\",\"position\":3,\"name\":\"Visita privada a pie al museo MALBA\"}]},{\"@type\":\"WebSite\",\"@id\":\"https:\/\/tourtravelandmore.com\/es\/#website\",\"url\":\"https:\/\/tourtravelandmore.com\/es\/\",\"name\":\"Tour Travel And More\",\"description\":\"Private sightseeing tours and luxury transfers in Spain\",\"publisher\":{\"@id\":\"https:\/\/tourtravelandmore.com\/es\/#organization\"},\"potentialAction\":[{\"@type\":\"SearchAction\",\"target\":{\"@type\":\"EntryPoint\",\"urlTemplate\":\"https:\/\/tourtravelandmore.com\/es\/?s={search_term_string}\"},\"query-input\":{\"@type\":\"PropertyValueSpecification\",\"valueRequired\":true,\"valueName\":\"search_term_string\"}}],\"inLanguage\":\"es\"},{\"@type\":\"Organization\",\"@id\":\"https:\/\/tourtravelandmore.com\/es\/#organization\",\"name\":\"Tour Travel And More\",\"url\":\"https:\/\/tourtravelandmore.com\/es\/\",\"logo\":{\"@type\":\"ImageObject\",\"inLanguage\":\"es\",\"@id\":\"https:\/\/tourtravelandmore.com\/es\/#\/schema\/logo\/image\/\",\"url\":\"https:\/\/tourtravelandmore.com\/wp-content\/uploads\/2022\/12\/cropped-logo-cabecera-new.png\",\"contentUrl\":\"https:\/\/tourtravelandmore.com\/wp-content\/uploads\/2022\/12\/cropped-logo-cabecera-new.png\",\"width\":430,\"height\":61,\"caption\":\"Tour Travel And More\"},\"image\":{\"@id\":\"https:\/\/tourtravelandmore.com\/es\/#\/schema\/logo\/image\/\"},\"sameAs\":[\"https:\/\/www.facebook.com\/tourtravelandmore\/\",\"https:\/\/x.com\/TourTravel_More\"]}]}<\/script>\n<!-- \/ Yoast SEO Premium plugin. -->","yoast_head_json":{"title":"\u27a1\ufe0f Tour Privado a Pie del Museo MALBA con Tour Travel and More","description":"Experimente el arte latinoamericano como nunca antes en un recorrido privado a pie de 2 horas por el museo MALBA. Reserve ahora para un viaje cultural inolvidable \u2705.","robots":{"index":"index","follow":"follow","max-snippet":"max-snippet:-1","max-image-preview":"max-image-preview:large","max-video-preview":"max-video-preview:-1"},"canonical":"https:\/\/tourtravelandmore.com\/es\/tours\/argentina-es\/buenos-aires-es\/todos-los-tours-privados-es\/visita-privada-a-pie-al-museo-malba\/","og_locale":"es_ES","og_type":"article","og_title":"Visita privada a pie al museo MALBA","og_description":"Experimente el arte latinoamericano como nunca antes en un recorrido privado a pie de 2 horas por el museo MALBA. Reserve ahora para un viaje cultural inolvidable \u2705.","og_url":"https:\/\/tourtravelandmore.com\/es\/tours\/argentina-es\/buenos-aires-es\/todos-los-tours-privados-es\/visita-privada-a-pie-al-museo-malba\/","og_site_name":"Tour Travel And More","article_publisher":"https:\/\/www.facebook.com\/tourtravelandmore\/","article_modified_time":"2024-04-08T10:54:00+00:00","og_image":[{"width":950,"height":750,"url":"https:\/\/tourtravelandmore.com\/wp-content\/uploads\/2023\/05\/image4-7.jpg","type":"image\/jpeg"}],"twitter_card":"summary_large_image","twitter_site":"@TourTravel_More","twitter_misc":{"Tiempo de lectura":"3 minutos"},"schema":{"@context":"https:\/\/schema.org","@graph":[{"@type":"WebPage","@id":"https:\/\/tourtravelandmore.com\/es\/tours\/argentina-es\/buenos-aires-es\/todos-los-tours-privados-es\/visita-privada-a-pie-al-museo-malba\/","url":"https:\/\/tourtravelandmore.com\/es\/tours\/argentina-es\/buenos-aires-es\/todos-los-tours-privados-es\/visita-privada-a-pie-al-museo-malba\/","name":"\u27a1\ufe0f Tour Privado a Pie del Museo MALBA con Tour Travel and More","isPartOf":{"@id":"https:\/\/tourtravelandmore.com\/es\/#website"},"primaryImageOfPage":{"@id":"https:\/\/tourtravelandmore.com\/es\/tours\/argentina-es\/buenos-aires-es\/todos-los-tours-privados-es\/visita-privada-a-pie-al-museo-malba\/#primaryimage"},"image":{"@id":"https:\/\/tourtravelandmore.com\/es\/tours\/argentina-es\/buenos-aires-es\/todos-los-tours-privados-es\/visita-privada-a-pie-al-museo-malba\/#primaryimage"},"thumbnailUrl":"https:\/\/tourtravelandmore.com\/wp-content\/uploads\/2023\/05\/image4-7.jpg","datePublished":"2023-05-29T23:52:33+00:00","dateModified":"2024-04-08T10:54:00+00:00","description":"Experimente el arte latinoamericano como nunca antes en un recorrido privado a pie de 2 horas por el museo MALBA. Reserve ahora para un viaje cultural inolvidable \u2705.","breadcrumb":{"@id":"https:\/\/tourtravelandmore.com\/es\/tours\/argentina-es\/buenos-aires-es\/todos-los-tours-privados-es\/visita-privada-a-pie-al-museo-malba\/#breadcrumb"},"inLanguage":"es","potentialAction":[{"@type":"ReadAction","target":["https:\/\/tourtravelandmore.com\/es\/tours\/argentina-es\/buenos-aires-es\/todos-los-tours-privados-es\/visita-privada-a-pie-al-museo-malba\/"]}]},{"@type":"ImageObject","inLanguage":"es","@id":"https:\/\/tourtravelandmore.com\/es\/tours\/argentina-es\/buenos-aires-es\/todos-los-tours-privados-es\/visita-privada-a-pie-al-museo-malba\/#primaryimage","url":"https:\/\/tourtravelandmore.com\/wp-content\/uploads\/2023\/05\/image4-7.jpg","contentUrl":"https:\/\/tourtravelandmore.com\/wp-content\/uploads\/2023\/05\/image4-7.jpg","width":950,"height":750},{"@type":"BreadcrumbList","@id":"https:\/\/tourtravelandmore.com\/es\/tours\/argentina-es\/buenos-aires-es\/todos-los-tours-privados-es\/visita-privada-a-pie-al-museo-malba\/#breadcrumb","itemListElement":[{"@type":"ListItem","position":1,"name":"Home","item":"https:\/\/tourtravelandmore.com\/es\/"},{"@type":"ListItem","position":2,"name":"Tours","item":"https:\/\/tourtravelandmore.com\/es\/tours\/"},{"@type":"ListItem","position":3,"name":"Visita privada a pie al museo MALBA"}]},{"@type":"WebSite","@id":"https:\/\/tourtravelandmore.com\/es\/#website","url":"https:\/\/tourtravelandmore.com\/es\/","name":"Tour Travel And More","description":"Private sightseeing tours and luxury transfers in Spain","publisher":{"@id":"https:\/\/tourtravelandmore.com\/es\/#organization"},"potentialAction":[{"@type":"SearchAction","target":{"@type":"EntryPoint","urlTemplate":"https:\/\/tourtravelandmore.com\/es\/?s={search_term_string}"},"query-input":{"@type":"PropertyValueSpecification","valueRequired":true,"valueName":"search_term_string"}}],"inLanguage":"es"},{"@type":"Organization","@id":"https:\/\/tourtravelandmore.com\/es\/#organization","name":"Tour Travel And More","url":"https:\/\/tourtravelandmore.com\/es\/","logo":{"@type":"ImageObject","inLanguage":"es","@id":"https:\/\/tourtravelandmore.com\/es\/#\/schema\/logo\/image\/","url":"https:\/\/tourtravelandmore.com\/wp-content\/uploads\/2022\/12\/cropped-logo-cabecera-new.png","contentUrl":"https:\/\/tourtravelandmore.com\/wp-content\/uploads\/2022\/12\/cropped-logo-cabecera-new.png","width":430,"height":61,"caption":"Tour Travel And More"},"image":{"@id":"https:\/\/tourtravelandmore.com\/es\/#\/schema\/logo\/image\/"},"sameAs":["https:\/\/www.facebook.com\/tourtravelandmore\/","https:\/\/x.com\/TourTravel_More"]}]}},"_links":{"self":[{"href":"https:\/\/tourtravelandmore.com\/es\/wp-json\/wp\/v2\/product\/168834","targetHints":{"allow":["GET"]}}],"collection":[{"href":"https:\/\/tourtravelandmore.com\/es\/wp-json\/wp\/v2\/product"}],"about":[{"href":"https:\/\/tourtravelandmore.com\/es\/wp-json\/wp\/v2\/types\/product"}],"replies":[{"embeddable":true,"href":"https:\/\/tourtravelandmore.com\/es\/wp-json\/wp\/v2\/comments?post=168834"}],"wp:featuredmedia":[{"embeddable":true,"href":"https:\/\/tourtravelandmore.com\/es\/wp-json\/wp\/v2\/media\/168833"}],"wp:attachment":[{"href":"https:\/\/tourtravelandmore.com\/es\/wp-json\/wp\/v2\/media?parent=168834"}],"wp:term":[{"taxonomy":"product_brand","embeddable":true,"href":"https:\/\/tourtravelandmore.com\/es\/wp-json\/wp\/v2\/product_brand?post=168834"},{"taxonomy":"product_cat","embeddable":true,"href":"https:\/\/tourtravelandmore.com\/es\/wp-json\/wp\/v2\/product_cat?post=168834"},{"taxonomy":"product_tag","embeddable":true,"href":"https:\/\/tourtravelandmore.com\/es\/wp-json\/wp\/v2\/product_tag?post=168834"}],"curies":[{"name":"wp","href":"https:\/\/api.w.org\/{rel}","templated":true}]}}