{"id":168818,"date":"2023-05-30T01:31:00","date_gmt":"2023-05-29T23:33:05","guid":{"rendered":"https:\/\/tourtravelandmore.com\/?post_type=product&#038;p=168818"},"modified":"2024-04-08T12:57:30","modified_gmt":"2024-04-08T10:57:30","slug":"tour-privado-de-palermo-y-recoleta","status":"publish","type":"product","link":"https:\/\/tourtravelandmore.com\/es\/tours\/argentina-es\/buenos-aires-es\/todos-los-tours-privados-es\/tour-privado-de-palermo-y-recoleta\/","title":{"rendered":"Tour Privado de Palermo y Recoleta"},"content":{"rendered":"<h2><b> Descripci\u00f3n <\/b><b>Tour Privado de Palermo y Recoleta<\/b><\/h2>\n<p><span style=\"font-weight: 400;\">Disfrute de lo mejor de Buenos Aires de una forma lujosa con nuestro tour privado de Palermo y Recoleta. El tour, que dura entre 4 y 5 horas, est\u00e1 dirigido por un gu\u00eda experimentado e incluye un veh\u00edculo con chofer para su comodidad. El recorrido comienza en el vibrante barrio de Palermo, famoso por su rica historia, su impresionante arquitectura y sus amplios parques. A continuaci\u00f3n, nos dirigimos a Recoleta, una zona sin\u00f3nimo de elegancia, con exquisitas mansiones de estilo franc\u00e9s, boutiques de lujo y el famoso Cementerio de la Recoleta. A lo largo del recorrido, nuestro gu\u00eda compartir\u00e1 con usted informaci\u00f3n fascinante sobre la historia y la cultura de los barrios, haciendo que su viaje sea a la vez educativo y entretenido.<\/span><\/p>\n<p><span style=\"font-weight: 400;\">Experimente la vida local mientras pasea por las vibrantes calles llenas de caf\u00e9s de moda, boutiques de moda y mercados de artesan\u00eda local en Palermo. Podr\u00e1 explorar los murales art\u00edsticos que son testimonio de la floreciente escena art\u00edstica del barrio. Avanzando hacia Recoleta, quedar\u00e1 cautivado por su grandeza y encanto. Marav\u00edllese ante los hermosos parques y plazas, donde los lugare\u00f1os se relajan y socializan. El recorrido finaliza con una visita al Cementerio de la Recoleta, un lugar que personifica a la perfecci\u00f3n la riqueza hist\u00f3rica y patrimonial de Argentina. Este completo recorrido est\u00e1 cuidadosamente dise\u00f1ado para ofrecer una experiencia atractiva y enriquecedora que trasciende el itinerario tur\u00edstico convencional.<\/span><\/p>\n<h2><b>Recorrido privado por los puntos de inter\u00e9s de Palermo y Recoleta<\/b><\/h2>\n<p><i><span style=\"font-weight: 400;\">El recorrido abarca varios puntos de inter\u00e9s clave, cada uno con su encanto y significado \u00fanicos.<\/span><\/i><\/p>\n<p><b>Palermo:<\/b><span style=\"font-weight: 400;\"> Famoso por su ecl\u00e9ctica mezcla de lo antiguo y lo nuevo, Palermo prospera como el coraz\u00f3n cultural de Buenos Aires. Su recorrido por este din\u00e1mico barrio comienza con una visita al verde Jard\u00edn Bot\u00e1nico, un para\u00edso de biodiversidad que alberga miles de especies vegetales \u00fanicas. Cerca de all\u00ed, le espera la rosaleda del Rosedal, un tranquilo refugio adornado con m\u00e1s de mil rosales. Los amantes del arte disfrutar\u00e1n en el MALBA, donde una rica colecci\u00f3n de arte latinoamericano muestra la evoluci\u00f3n creativa de la regi\u00f3n a lo largo de los siglos.<\/span><\/p>\n<p><b>Recoleta:<\/b><span style=\"font-weight: 400;\"> Saliendo de las vibrantes calles de Palermo, el recorrido contin\u00faa en el refinado barrio de Recoleta, conocido por su elegante arquitectura y su importancia hist\u00f3rica. El punto culminante del recorrido es el Cementerio de la Recoleta, un museo al aire libre que exhibe ornamentados mausoleos que guardan las historias de ilustres personalidades argentinas, entre ellas Eva Per\u00f3n. A continuaci\u00f3n, visitar\u00e1 el Museo Nacional de Bellas Artes, un tesoro de obras maestras argentinas e internacionales.<\/span><\/p>\n<p><span style=\"font-weight: 400;\">Una nueva incorporaci\u00f3n al recorrido es El Ateneo<\/span><b> Grand Splendid<\/b><span style=\"font-weight: 400;\">, una de las librer\u00edas m\u00e1s bellas del mundo. Este espacio transformado, que en su d\u00eda fue un gran teatro, conserva sus frescos originales y tallas ornamentales, ofreciendo un marco verdaderamente \u00fanico tanto para los amantes de los libros como para los entusiastas de la arquitectura. Este destino a\u00f1ade otra capa de riqueza cultural a su visita, consolidando el estatus de Buenos Aires como Ciudad de la Literatura de la UNESCO.<\/span><\/p>\n<p><span style=\"font-weight: 400;\">Este tour es uno de los muchos tours privados en Buenos Aires ofrecidos por Tour Travel and More. Explore nuestra gama de tours a medida en nuestra p\u00e1gina web Tour Travel and More y <\/span><a href=\"https:\/\/tourtravelandmore.com\/es\/ciudad\/argentina-es\/buenos-aires-es\/\"><span style=\"font-weight: 400;\">descubra lo mejor que Buenos Aires tiene para ofrecer.<\/span><\/a><\/p>\n","protected":false},"excerpt":{"rendered":"<p><span style=\"font-weight: 400;\">Acomp\u00e1\u00f1enos en un tour privado por Palermo y Recoleta, dos de los barrios m\u00e1s encantadores de Buenos Aires. Descubra la riqueza cultural de Palermo y la elegancia de Recoleta, todo ello con la comodidad de un gu\u00eda y un veh\u00edculo privados.<\/span><\/p>\n","protected":false},"featured_media":168808,"comment_status":"open","ping_status":"closed","template":"","meta":{"_acf_changed":false},"product_brand":[],"product_cat":[4409,4412,4415,4418],"product_tag":[],"class_list":{"0":"post-168818","1":"product","2":"type-product","3":"status-publish","4":"has-post-thumbnail","6":"product_cat-argentina-es","7":"product_cat-buenos-aires-es","8":"product_cat-todos-los-tours-privados-es","9":"product_cat-visitas-turisticas-privadas-es-4","11":"first","12":"instock","13":"shipping-taxable","14":"purchasable","15":"product-type-simple"},"acf":[],"yoast_head":"<!-- This site is optimized with the Yoast SEO Premium plugin v25.3.1 (Yoast SEO v25.3.1) - https:\/\/yoast.com\/wordpress\/plugins\/seo\/ -->\n<title>\u27a1\ufe0f Tour Privado de Palermo y Recoleta | Tour Travel and More<\/title>\n<meta name=\"description\" content=\"Emb\u00e1rquese en un tour privado por Palermo y Recoleta, explorando la rica cultura e historia de Buenos Aires con un gu\u00eda y un veh\u00edculo con chofer.\u2705\" \/>\n<meta name=\"robots\" content=\"index, follow, max-snippet:-1, max-image-preview:large, max-video-preview:-1\" \/>\n<link rel=\"canonical\" href=\"https:\/\/tourtravelandmore.com\/es\/tours\/argentina-es\/buenos-aires-es\/todos-los-tours-privados-es\/tour-privado-de-palermo-y-recoleta\/\" \/>\n<meta property=\"og:locale\" content=\"es_ES\" \/>\n<meta property=\"og:type\" content=\"article\" \/>\n<meta property=\"og:title\" content=\"Tour Privado de Palermo y Recoleta\" \/>\n<meta property=\"og:description\" content=\"Emb\u00e1rquese en un tour privado por Palermo y Recoleta, explorando la rica cultura e historia de Buenos Aires con un gu\u00eda y un veh\u00edculo con chofer.\u2705\" \/>\n<meta property=\"og:url\" content=\"https:\/\/tourtravelandmore.com\/es\/tours\/argentina-es\/buenos-aires-es\/todos-los-tours-privados-es\/tour-privado-de-palermo-y-recoleta\/\" \/>\n<meta property=\"og:site_name\" content=\"Tour Travel And More\" \/>\n<meta property=\"article:publisher\" content=\"https:\/\/www.facebook.com\/tourtravelandmore\/\" \/>\n<meta property=\"article:modified_time\" content=\"2024-04-08T10:57:30+00:00\" \/>\n<meta property=\"og:image\" content=\"https:\/\/tourtravelandmore.com\/wp-content\/uploads\/2023\/05\/image1-6.jpg\" \/>\n\t<meta property=\"og:image:width\" content=\"950\" \/>\n\t<meta property=\"og:image:height\" content=\"750\" \/>\n\t<meta property=\"og:image:type\" content=\"image\/jpeg\" \/>\n<meta name=\"twitter:card\" content=\"summary_large_image\" \/>\n<meta name=\"twitter:site\" content=\"@TourTravel_More\" \/>\n<meta name=\"twitter:label1\" content=\"Tiempo de lectura\" \/>\n\t<meta name=\"twitter:data1\" content=\"3 minutos\" \/>\n<script type=\"application\/ld+json\" class=\"yoast-schema-graph\">{\"@context\":\"https:\/\/schema.org\",\"@graph\":[{\"@type\":\"WebPage\",\"@id\":\"https:\/\/tourtravelandmore.com\/es\/tours\/argentina-es\/buenos-aires-es\/todos-los-tours-privados-es\/tour-privado-de-palermo-y-recoleta\/\",\"url\":\"https:\/\/tourtravelandmore.com\/es\/tours\/argentina-es\/buenos-aires-es\/todos-los-tours-privados-es\/tour-privado-de-palermo-y-recoleta\/\",\"name\":\"\u27a1\ufe0f Tour Privado de Palermo y Recoleta | Tour Travel and More\",\"isPartOf\":{\"@id\":\"https:\/\/tourtravelandmore.com\/es\/#website\"},\"primaryImageOfPage\":{\"@id\":\"https:\/\/tourtravelandmore.com\/es\/tours\/argentina-es\/buenos-aires-es\/todos-los-tours-privados-es\/tour-privado-de-palermo-y-recoleta\/#primaryimage\"},\"image\":{\"@id\":\"https:\/\/tourtravelandmore.com\/es\/tours\/argentina-es\/buenos-aires-es\/todos-los-tours-privados-es\/tour-privado-de-palermo-y-recoleta\/#primaryimage\"},\"thumbnailUrl\":\"https:\/\/tourtravelandmore.com\/wp-content\/uploads\/2023\/05\/image1-6.jpg\",\"datePublished\":\"2023-05-29T23:33:05+00:00\",\"dateModified\":\"2024-04-08T10:57:30+00:00\",\"description\":\"Emb\u00e1rquese en un tour privado por Palermo y Recoleta, explorando la rica cultura e historia de Buenos Aires con un gu\u00eda y un veh\u00edculo con chofer.\u2705\",\"breadcrumb\":{\"@id\":\"https:\/\/tourtravelandmore.com\/es\/tours\/argentina-es\/buenos-aires-es\/todos-los-tours-privados-es\/tour-privado-de-palermo-y-recoleta\/#breadcrumb\"},\"inLanguage\":\"es\",\"potentialAction\":[{\"@type\":\"ReadAction\",\"target\":[\"https:\/\/tourtravelandmore.com\/es\/tours\/argentina-es\/buenos-aires-es\/todos-los-tours-privados-es\/tour-privado-de-palermo-y-recoleta\/\"]}]},{\"@type\":\"ImageObject\",\"inLanguage\":\"es\",\"@id\":\"https:\/\/tourtravelandmore.com\/es\/tours\/argentina-es\/buenos-aires-es\/todos-los-tours-privados-es\/tour-privado-de-palermo-y-recoleta\/#primaryimage\",\"url\":\"https:\/\/tourtravelandmore.com\/wp-content\/uploads\/2023\/05\/image1-6.jpg\",\"contentUrl\":\"https:\/\/tourtravelandmore.com\/wp-content\/uploads\/2023\/05\/image1-6.jpg\",\"width\":950,\"height\":750},{\"@type\":\"BreadcrumbList\",\"@id\":\"https:\/\/tourtravelandmore.com\/es\/tours\/argentina-es\/buenos-aires-es\/todos-los-tours-privados-es\/tour-privado-de-palermo-y-recoleta\/#breadcrumb\",\"itemListElement\":[{\"@type\":\"ListItem\",\"position\":1,\"name\":\"Home\",\"item\":\"https:\/\/tourtravelandmore.com\/es\/\"},{\"@type\":\"ListItem\",\"position\":2,\"name\":\"Tours\",\"item\":\"https:\/\/tourtravelandmore.com\/es\/tours\/\"},{\"@type\":\"ListItem\",\"position\":3,\"name\":\"Tour Privado de Palermo y Recoleta\"}]},{\"@type\":\"WebSite\",\"@id\":\"https:\/\/tourtravelandmore.com\/es\/#website\",\"url\":\"https:\/\/tourtravelandmore.com\/es\/\",\"name\":\"Tour Travel And More\",\"description\":\"Private sightseeing tours and luxury transfers in Spain\",\"publisher\":{\"@id\":\"https:\/\/tourtravelandmore.com\/es\/#organization\"},\"potentialAction\":[{\"@type\":\"SearchAction\",\"target\":{\"@type\":\"EntryPoint\",\"urlTemplate\":\"https:\/\/tourtravelandmore.com\/es\/?s={search_term_string}\"},\"query-input\":{\"@type\":\"PropertyValueSpecification\",\"valueRequired\":true,\"valueName\":\"search_term_string\"}}],\"inLanguage\":\"es\"},{\"@type\":\"Organization\",\"@id\":\"https:\/\/tourtravelandmore.com\/es\/#organization\",\"name\":\"Tour Travel And More\",\"url\":\"https:\/\/tourtravelandmore.com\/es\/\",\"logo\":{\"@type\":\"ImageObject\",\"inLanguage\":\"es\",\"@id\":\"https:\/\/tourtravelandmore.com\/es\/#\/schema\/logo\/image\/\",\"url\":\"https:\/\/tourtravelandmore.com\/wp-content\/uploads\/2022\/12\/cropped-logo-cabecera-new.png\",\"contentUrl\":\"https:\/\/tourtravelandmore.com\/wp-content\/uploads\/2022\/12\/cropped-logo-cabecera-new.png\",\"width\":430,\"height\":61,\"caption\":\"Tour Travel And More\"},\"image\":{\"@id\":\"https:\/\/tourtravelandmore.com\/es\/#\/schema\/logo\/image\/\"},\"sameAs\":[\"https:\/\/www.facebook.com\/tourtravelandmore\/\",\"https:\/\/x.com\/TourTravel_More\"]}]}<\/script>\n<!-- \/ Yoast SEO Premium plugin. -->","yoast_head_json":{"title":"\u27a1\ufe0f Tour Privado de Palermo y Recoleta | Tour Travel and More","description":"Emb\u00e1rquese en un tour privado por Palermo y Recoleta, explorando la rica cultura e historia de Buenos Aires con un gu\u00eda y un veh\u00edculo con chofer.\u2705","robots":{"index":"index","follow":"follow","max-snippet":"max-snippet:-1","max-image-preview":"max-image-preview:large","max-video-preview":"max-video-preview:-1"},"canonical":"https:\/\/tourtravelandmore.com\/es\/tours\/argentina-es\/buenos-aires-es\/todos-los-tours-privados-es\/tour-privado-de-palermo-y-recoleta\/","og_locale":"es_ES","og_type":"article","og_title":"Tour Privado de Palermo y Recoleta","og_description":"Emb\u00e1rquese en un tour privado por Palermo y Recoleta, explorando la rica cultura e historia de Buenos Aires con un gu\u00eda y un veh\u00edculo con chofer.\u2705","og_url":"https:\/\/tourtravelandmore.com\/es\/tours\/argentina-es\/buenos-aires-es\/todos-los-tours-privados-es\/tour-privado-de-palermo-y-recoleta\/","og_site_name":"Tour Travel And More","article_publisher":"https:\/\/www.facebook.com\/tourtravelandmore\/","article_modified_time":"2024-04-08T10:57:30+00:00","og_image":[{"width":950,"height":750,"url":"https:\/\/tourtravelandmore.com\/wp-content\/uploads\/2023\/05\/image1-6.jpg","type":"image\/jpeg"}],"twitter_card":"summary_large_image","twitter_site":"@TourTravel_More","twitter_misc":{"Tiempo de lectura":"3 minutos"},"schema":{"@context":"https:\/\/schema.org","@graph":[{"@type":"WebPage","@id":"https:\/\/tourtravelandmore.com\/es\/tours\/argentina-es\/buenos-aires-es\/todos-los-tours-privados-es\/tour-privado-de-palermo-y-recoleta\/","url":"https:\/\/tourtravelandmore.com\/es\/tours\/argentina-es\/buenos-aires-es\/todos-los-tours-privados-es\/tour-privado-de-palermo-y-recoleta\/","name":"\u27a1\ufe0f Tour Privado de Palermo y Recoleta | Tour Travel and More","isPartOf":{"@id":"https:\/\/tourtravelandmore.com\/es\/#website"},"primaryImageOfPage":{"@id":"https:\/\/tourtravelandmore.com\/es\/tours\/argentina-es\/buenos-aires-es\/todos-los-tours-privados-es\/tour-privado-de-palermo-y-recoleta\/#primaryimage"},"image":{"@id":"https:\/\/tourtravelandmore.com\/es\/tours\/argentina-es\/buenos-aires-es\/todos-los-tours-privados-es\/tour-privado-de-palermo-y-recoleta\/#primaryimage"},"thumbnailUrl":"https:\/\/tourtravelandmore.com\/wp-content\/uploads\/2023\/05\/image1-6.jpg","datePublished":"2023-05-29T23:33:05+00:00","dateModified":"2024-04-08T10:57:30+00:00","description":"Emb\u00e1rquese en un tour privado por Palermo y Recoleta, explorando la rica cultura e historia de Buenos Aires con un gu\u00eda y un veh\u00edculo con chofer.\u2705","breadcrumb":{"@id":"https:\/\/tourtravelandmore.com\/es\/tours\/argentina-es\/buenos-aires-es\/todos-los-tours-privados-es\/tour-privado-de-palermo-y-recoleta\/#breadcrumb"},"inLanguage":"es","potentialAction":[{"@type":"ReadAction","target":["https:\/\/tourtravelandmore.com\/es\/tours\/argentina-es\/buenos-aires-es\/todos-los-tours-privados-es\/tour-privado-de-palermo-y-recoleta\/"]}]},{"@type":"ImageObject","inLanguage":"es","@id":"https:\/\/tourtravelandmore.com\/es\/tours\/argentina-es\/buenos-aires-es\/todos-los-tours-privados-es\/tour-privado-de-palermo-y-recoleta\/#primaryimage","url":"https:\/\/tourtravelandmore.com\/wp-content\/uploads\/2023\/05\/image1-6.jpg","contentUrl":"https:\/\/tourtravelandmore.com\/wp-content\/uploads\/2023\/05\/image1-6.jpg","width":950,"height":750},{"@type":"BreadcrumbList","@id":"https:\/\/tourtravelandmore.com\/es\/tours\/argentina-es\/buenos-aires-es\/todos-los-tours-privados-es\/tour-privado-de-palermo-y-recoleta\/#breadcrumb","itemListElement":[{"@type":"ListItem","position":1,"name":"Home","item":"https:\/\/tourtravelandmore.com\/es\/"},{"@type":"ListItem","position":2,"name":"Tours","item":"https:\/\/tourtravelandmore.com\/es\/tours\/"},{"@type":"ListItem","position":3,"name":"Tour Privado de Palermo y Recoleta"}]},{"@type":"WebSite","@id":"https:\/\/tourtravelandmore.com\/es\/#website","url":"https:\/\/tourtravelandmore.com\/es\/","name":"Tour Travel And More","description":"Private sightseeing tours and luxury transfers in Spain","publisher":{"@id":"https:\/\/tourtravelandmore.com\/es\/#organization"},"potentialAction":[{"@type":"SearchAction","target":{"@type":"EntryPoint","urlTemplate":"https:\/\/tourtravelandmore.com\/es\/?s={search_term_string}"},"query-input":{"@type":"PropertyValueSpecification","valueRequired":true,"valueName":"search_term_string"}}],"inLanguage":"es"},{"@type":"Organization","@id":"https:\/\/tourtravelandmore.com\/es\/#organization","name":"Tour Travel And More","url":"https:\/\/tourtravelandmore.com\/es\/","logo":{"@type":"ImageObject","inLanguage":"es","@id":"https:\/\/tourtravelandmore.com\/es\/#\/schema\/logo\/image\/","url":"https:\/\/tourtravelandmore.com\/wp-content\/uploads\/2022\/12\/cropped-logo-cabecera-new.png","contentUrl":"https:\/\/tourtravelandmore.com\/wp-content\/uploads\/2022\/12\/cropped-logo-cabecera-new.png","width":430,"height":61,"caption":"Tour Travel And More"},"image":{"@id":"https:\/\/tourtravelandmore.com\/es\/#\/schema\/logo\/image\/"},"sameAs":["https:\/\/www.facebook.com\/tourtravelandmore\/","https:\/\/x.com\/TourTravel_More"]}]}},"_links":{"self":[{"href":"https:\/\/tourtravelandmore.com\/es\/wp-json\/wp\/v2\/product\/168818","targetHints":{"allow":["GET"]}}],"collection":[{"href":"https:\/\/tourtravelandmore.com\/es\/wp-json\/wp\/v2\/product"}],"about":[{"href":"https:\/\/tourtravelandmore.com\/es\/wp-json\/wp\/v2\/types\/product"}],"replies":[{"embeddable":true,"href":"https:\/\/tourtravelandmore.com\/es\/wp-json\/wp\/v2\/comments?post=168818"}],"wp:featuredmedia":[{"embeddable":true,"href":"https:\/\/tourtravelandmore.com\/es\/wp-json\/wp\/v2\/media\/168808"}],"wp:attachment":[{"href":"https:\/\/tourtravelandmore.com\/es\/wp-json\/wp\/v2\/media?parent=168818"}],"wp:term":[{"taxonomy":"product_brand","embeddable":true,"href":"https:\/\/tourtravelandmore.com\/es\/wp-json\/wp\/v2\/product_brand?post=168818"},{"taxonomy":"product_cat","embeddable":true,"href":"https:\/\/tourtravelandmore.com\/es\/wp-json\/wp\/v2\/product_cat?post=168818"},{"taxonomy":"product_tag","embeddable":true,"href":"https:\/\/tourtravelandmore.com\/es\/wp-json\/wp\/v2\/product_tag?post=168818"}],"curies":[{"name":"wp","href":"https:\/\/api.w.org\/{rel}","templated":true}]}}