{"id":168802,"date":"2023-05-30T01:18:54","date_gmt":"2023-05-29T23:20:24","guid":{"rendered":"https:\/\/tourtravelandmore.com\/?post_type=product&#038;p=168802"},"modified":"2024-04-08T12:57:57","modified_gmt":"2024-04-08T10:57:57","slug":"tour-privado-de-san-telmo-y-la-boca","status":"publish","type":"product","link":"https:\/\/tourtravelandmore.com\/es\/tours\/argentina-es\/buenos-aires-es\/todos-los-tours-privados-es\/tour-privado-de-san-telmo-y-la-boca\/","title":{"rendered":"Tour Privado de San Telmo y La Boca"},"content":{"rendered":"<h2><b>Descripci\u00f3n <\/b><b>Tour Privado de San Telmo y La Boca<\/b><\/h2>\n<p><span style=\"font-weight: 400;\">Emb\u00e1rquese en un apasionante viaje por los cautivadores barrios de San Telmo y La Boca de Buenos Aires con Tour Travel and More. Este tour privado de 4 a 5 horas, facilitado por nuestro gu\u00eda experto, le sumergir\u00e1 en el rico tapiz de arte, cultura e historia de la ciudad. Con la comodidad a\u00f1adida de un veh\u00edculo de lujo, explore las vibrantes calles y las maravillas arquitect\u00f3nicas que hacen que estos barrios sean \u00fanicos. Descubra la verdadera esencia de Buenos Aires, desde las tiendas de antig\u00fcedades y los edificios coloniales de San Telmo hasta la colorida calle Caminito y las salas de tango llenas de pasi\u00f3n de La Boca. Esta excursi\u00f3n promete no s\u00f3lo una experiencia tur\u00edstica, sino un encuentro \u00edntimo con el alma de la ciudad, que le dejar\u00e1 recuerdos imborrables.<\/span><\/p>\n<h2><b>Recorrido privado por los puntos de inter\u00e9s de San Telmo y La Boca<\/b><\/h2>\n<p><span style=\"font-weight: 400;\">Descubra el encanto \u00fanico de San Telmo y La Boca con nuestro perspicaz gu\u00eda, mientras recorre los principales puntos de inter\u00e9s que ofrecen estos barrios. D\u00e9jese cautivar por el animado baile de colores y culturas, desde la arquitectura colonial de San Telmo, ricamente conservada, y los bulliciosos mercados, que bullen con la energ\u00eda de anticuarios y artesanos, hasta la vibrante calle Caminito de La Boca, viva al ritmo del tango. Su viaje se enriquecer\u00e1 con las narraciones y an\u00e9cdotas de su gu\u00eda privado, que arrojar\u00e1 luz sobre la historia y la vida local, dando profundidad al espect\u00e1culo visual que le rodea. Con cada parada meticulosamente seleccionada para ofrecer una experiencia integral, este recorrido es m\u00e1s que una mera visita; es una exploraci\u00f3n del alma vibrante de Buenos Aires.<\/span><\/p>\n<p><b>San Telmo:<\/b><span style=\"font-weight: 400;\"> Emb\u00e1rquese en un viaje al pasado de Buenos Aires mientras pasea por las pintorescas calles adoquinadas de San Telmo. Este barrio, famoso por su bien conservada arquitectura colonial, es un testimonio vivo de la rica historia de la ciudad. Visite el bullicioso Mercado de San Telmo, un tesoro de antig\u00fcedades, artesan\u00eda y productos locales. Avent\u00farese en la animada Plaza Dorrego, el centro neur\u00e1lgico del barrio, repleta de artistas callejeros y aceras repletas de caf\u00e9s. Su gu\u00eda le contar\u00e1 historias sobre el pasado bohemio de San Telmo, su evoluci\u00f3n como refugio de artistas y su duradera conexi\u00f3n con el apasionado baile del tango.<\/span><\/p>\n<p><b>La Boca: <\/b><span style=\"font-weight: 400;\">Sum\u00e9rjase en el colorido y la energ\u00eda palpitante de La Boca. El coraz\u00f3n del barrio late a lo largo de la calle Caminito, vibrante testimonio del esp\u00edritu art\u00edstico de la zona, sus casas adornadas con un caleidoscopio de colores y el aire impregnado del ritmo del tango. Marav\u00edllese ante el legendario estadio de La Bombonera, sede del mundialmente famoso club de f\u00fatbol Boca Juniors. Mientras explora el barrio, su gu\u00eda le desentra\u00f1ar\u00e1 el rico entramado de su patrimonio cultural, los or\u00edgenes de su caracter\u00edstica arquitectura y la ferviente cultura futbol\u00edstica que constituye la base de la identidad \u00fanica de La Boca.<\/span><\/p>\n<p><span style=\"font-weight: 400;\">Para aquellos que deseen profundizar en el rico tapiz de Buenos Aires, Tour Travel and More ofrece una gama de tours privados que exploran otros barrios fascinantes de la ciudad. Con nuestros gu\u00edas expertos, podr\u00e1 <\/span><a href=\"https:\/\/tourtravelandmore.com\/es\/ciudad\/argentina-es\/buenos-aires-es\/\"><span style=\"font-weight: 400;\">descubrir m\u00e1s sobre la historia, la cultura y la arquitectura de Buenos Aires<\/span><\/a><span style=\"font-weight: 400;\">. Visite nuestro sitio web, para explorar la gama de tours que ofrecemos y reservar su pr\u00f3xima experiencia de tour privado.<\/span><\/p>\n","protected":false},"excerpt":{"rendered":"<p><span style=\"font-weight: 400;\">Emb\u00e1rquese en un viaje privado por el coraz\u00f3n hist\u00f3rico de Buenos Aires, explorando los vibrantes barrios de San Telmo y La Boca. Descubra su encanto \u00fanico, su patrimonio cultural y sus cautivadores monumentos con Tour Travel and More.<\/span><\/p>\n","protected":false},"featured_media":168795,"comment_status":"open","ping_status":"closed","template":"","meta":{"_acf_changed":false},"product_brand":[],"product_cat":[4409,4412,4415,4418],"product_tag":[],"class_list":{"0":"post-168802","1":"product","2":"type-product","3":"status-publish","4":"has-post-thumbnail","6":"product_cat-argentina-es","7":"product_cat-buenos-aires-es","8":"product_cat-todos-los-tours-privados-es","9":"product_cat-visitas-turisticas-privadas-es-4","11":"first","12":"instock","13":"shipping-taxable","14":"purchasable","15":"product-type-simple"},"acf":[],"yoast_head":"<!-- This site is optimized with the Yoast SEO Premium plugin v25.3.1 (Yoast SEO v25.3.1) - https:\/\/yoast.com\/wordpress\/plugins\/seo\/ -->\n<title>\u27a1\ufe0f Tour Privado de San Telmo y La Boca con Tour Travel and More<\/title>\n<meta name=\"description\" content=\"Explore los vibrantes barrios de San Telmo y La Boca en un tour privado con Tour Travel and More. Descubra el patrimonio cultural y el encanto \u00fanico de Buenos Aires \u2705.\" \/>\n<meta name=\"robots\" content=\"index, follow, max-snippet:-1, max-image-preview:large, max-video-preview:-1\" \/>\n<link rel=\"canonical\" href=\"https:\/\/tourtravelandmore.com\/es\/tours\/argentina-es\/buenos-aires-es\/todos-los-tours-privados-es\/tour-privado-de-san-telmo-y-la-boca\/\" \/>\n<meta property=\"og:locale\" content=\"es_ES\" \/>\n<meta property=\"og:type\" content=\"article\" \/>\n<meta property=\"og:title\" content=\"Tour Privado de San Telmo y La Boca\" \/>\n<meta property=\"og:description\" content=\"Explore los vibrantes barrios de San Telmo y La Boca en un tour privado con Tour Travel and More. Descubra el patrimonio cultural y el encanto \u00fanico de Buenos Aires \u2705.\" \/>\n<meta property=\"og:url\" content=\"https:\/\/tourtravelandmore.com\/es\/tours\/argentina-es\/buenos-aires-es\/todos-los-tours-privados-es\/tour-privado-de-san-telmo-y-la-boca\/\" \/>\n<meta property=\"og:site_name\" content=\"Tour Travel And More\" \/>\n<meta property=\"article:publisher\" content=\"https:\/\/www.facebook.com\/tourtravelandmore\/\" \/>\n<meta property=\"article:modified_time\" content=\"2024-04-08T10:57:57+00:00\" \/>\n<meta property=\"og:image\" content=\"https:\/\/tourtravelandmore.com\/wp-content\/uploads\/2023\/05\/image2-5.jpg\" \/>\n\t<meta property=\"og:image:width\" content=\"950\" \/>\n\t<meta property=\"og:image:height\" content=\"750\" \/>\n\t<meta property=\"og:image:type\" content=\"image\/jpeg\" \/>\n<meta name=\"twitter:card\" content=\"summary_large_image\" \/>\n<meta name=\"twitter:site\" content=\"@TourTravel_More\" \/>\n<meta name=\"twitter:label1\" content=\"Tiempo de lectura\" \/>\n\t<meta name=\"twitter:data1\" content=\"3 minutos\" \/>\n<script type=\"application\/ld+json\" class=\"yoast-schema-graph\">{\"@context\":\"https:\/\/schema.org\",\"@graph\":[{\"@type\":\"WebPage\",\"@id\":\"https:\/\/tourtravelandmore.com\/es\/tours\/argentina-es\/buenos-aires-es\/todos-los-tours-privados-es\/tour-privado-de-san-telmo-y-la-boca\/\",\"url\":\"https:\/\/tourtravelandmore.com\/es\/tours\/argentina-es\/buenos-aires-es\/todos-los-tours-privados-es\/tour-privado-de-san-telmo-y-la-boca\/\",\"name\":\"\u27a1\ufe0f Tour Privado de San Telmo y La Boca con Tour Travel and More\",\"isPartOf\":{\"@id\":\"https:\/\/tourtravelandmore.com\/es\/#website\"},\"primaryImageOfPage\":{\"@id\":\"https:\/\/tourtravelandmore.com\/es\/tours\/argentina-es\/buenos-aires-es\/todos-los-tours-privados-es\/tour-privado-de-san-telmo-y-la-boca\/#primaryimage\"},\"image\":{\"@id\":\"https:\/\/tourtravelandmore.com\/es\/tours\/argentina-es\/buenos-aires-es\/todos-los-tours-privados-es\/tour-privado-de-san-telmo-y-la-boca\/#primaryimage\"},\"thumbnailUrl\":\"https:\/\/tourtravelandmore.com\/wp-content\/uploads\/2023\/05\/image2-5.jpg\",\"datePublished\":\"2023-05-29T23:20:24+00:00\",\"dateModified\":\"2024-04-08T10:57:57+00:00\",\"description\":\"Explore los vibrantes barrios de San Telmo y La Boca en un tour privado con Tour Travel and More. Descubra el patrimonio cultural y el encanto \u00fanico de Buenos Aires \u2705.\",\"breadcrumb\":{\"@id\":\"https:\/\/tourtravelandmore.com\/es\/tours\/argentina-es\/buenos-aires-es\/todos-los-tours-privados-es\/tour-privado-de-san-telmo-y-la-boca\/#breadcrumb\"},\"inLanguage\":\"es\",\"potentialAction\":[{\"@type\":\"ReadAction\",\"target\":[\"https:\/\/tourtravelandmore.com\/es\/tours\/argentina-es\/buenos-aires-es\/todos-los-tours-privados-es\/tour-privado-de-san-telmo-y-la-boca\/\"]}]},{\"@type\":\"ImageObject\",\"inLanguage\":\"es\",\"@id\":\"https:\/\/tourtravelandmore.com\/es\/tours\/argentina-es\/buenos-aires-es\/todos-los-tours-privados-es\/tour-privado-de-san-telmo-y-la-boca\/#primaryimage\",\"url\":\"https:\/\/tourtravelandmore.com\/wp-content\/uploads\/2023\/05\/image2-5.jpg\",\"contentUrl\":\"https:\/\/tourtravelandmore.com\/wp-content\/uploads\/2023\/05\/image2-5.jpg\",\"width\":950,\"height\":750},{\"@type\":\"BreadcrumbList\",\"@id\":\"https:\/\/tourtravelandmore.com\/es\/tours\/argentina-es\/buenos-aires-es\/todos-los-tours-privados-es\/tour-privado-de-san-telmo-y-la-boca\/#breadcrumb\",\"itemListElement\":[{\"@type\":\"ListItem\",\"position\":1,\"name\":\"Home\",\"item\":\"https:\/\/tourtravelandmore.com\/es\/\"},{\"@type\":\"ListItem\",\"position\":2,\"name\":\"Tours\",\"item\":\"https:\/\/tourtravelandmore.com\/es\/tours\/\"},{\"@type\":\"ListItem\",\"position\":3,\"name\":\"Tour Privado de San Telmo y La Boca\"}]},{\"@type\":\"WebSite\",\"@id\":\"https:\/\/tourtravelandmore.com\/es\/#website\",\"url\":\"https:\/\/tourtravelandmore.com\/es\/\",\"name\":\"Tour Travel And More\",\"description\":\"Private sightseeing tours and luxury transfers in Spain\",\"publisher\":{\"@id\":\"https:\/\/tourtravelandmore.com\/es\/#organization\"},\"potentialAction\":[{\"@type\":\"SearchAction\",\"target\":{\"@type\":\"EntryPoint\",\"urlTemplate\":\"https:\/\/tourtravelandmore.com\/es\/?s={search_term_string}\"},\"query-input\":{\"@type\":\"PropertyValueSpecification\",\"valueRequired\":true,\"valueName\":\"search_term_string\"}}],\"inLanguage\":\"es\"},{\"@type\":\"Organization\",\"@id\":\"https:\/\/tourtravelandmore.com\/es\/#organization\",\"name\":\"Tour Travel And More\",\"url\":\"https:\/\/tourtravelandmore.com\/es\/\",\"logo\":{\"@type\":\"ImageObject\",\"inLanguage\":\"es\",\"@id\":\"https:\/\/tourtravelandmore.com\/es\/#\/schema\/logo\/image\/\",\"url\":\"https:\/\/tourtravelandmore.com\/wp-content\/uploads\/2022\/12\/cropped-logo-cabecera-new.png\",\"contentUrl\":\"https:\/\/tourtravelandmore.com\/wp-content\/uploads\/2022\/12\/cropped-logo-cabecera-new.png\",\"width\":430,\"height\":61,\"caption\":\"Tour Travel And More\"},\"image\":{\"@id\":\"https:\/\/tourtravelandmore.com\/es\/#\/schema\/logo\/image\/\"},\"sameAs\":[\"https:\/\/www.facebook.com\/tourtravelandmore\/\",\"https:\/\/x.com\/TourTravel_More\"]}]}<\/script>\n<!-- \/ Yoast SEO Premium plugin. -->","yoast_head_json":{"title":"\u27a1\ufe0f Tour Privado de San Telmo y La Boca con Tour Travel and More","description":"Explore los vibrantes barrios de San Telmo y La Boca en un tour privado con Tour Travel and More. Descubra el patrimonio cultural y el encanto \u00fanico de Buenos Aires \u2705.","robots":{"index":"index","follow":"follow","max-snippet":"max-snippet:-1","max-image-preview":"max-image-preview:large","max-video-preview":"max-video-preview:-1"},"canonical":"https:\/\/tourtravelandmore.com\/es\/tours\/argentina-es\/buenos-aires-es\/todos-los-tours-privados-es\/tour-privado-de-san-telmo-y-la-boca\/","og_locale":"es_ES","og_type":"article","og_title":"Tour Privado de San Telmo y La Boca","og_description":"Explore los vibrantes barrios de San Telmo y La Boca en un tour privado con Tour Travel and More. Descubra el patrimonio cultural y el encanto \u00fanico de Buenos Aires \u2705.","og_url":"https:\/\/tourtravelandmore.com\/es\/tours\/argentina-es\/buenos-aires-es\/todos-los-tours-privados-es\/tour-privado-de-san-telmo-y-la-boca\/","og_site_name":"Tour Travel And More","article_publisher":"https:\/\/www.facebook.com\/tourtravelandmore\/","article_modified_time":"2024-04-08T10:57:57+00:00","og_image":[{"width":950,"height":750,"url":"https:\/\/tourtravelandmore.com\/wp-content\/uploads\/2023\/05\/image2-5.jpg","type":"image\/jpeg"}],"twitter_card":"summary_large_image","twitter_site":"@TourTravel_More","twitter_misc":{"Tiempo de lectura":"3 minutos"},"schema":{"@context":"https:\/\/schema.org","@graph":[{"@type":"WebPage","@id":"https:\/\/tourtravelandmore.com\/es\/tours\/argentina-es\/buenos-aires-es\/todos-los-tours-privados-es\/tour-privado-de-san-telmo-y-la-boca\/","url":"https:\/\/tourtravelandmore.com\/es\/tours\/argentina-es\/buenos-aires-es\/todos-los-tours-privados-es\/tour-privado-de-san-telmo-y-la-boca\/","name":"\u27a1\ufe0f Tour Privado de San Telmo y La Boca con Tour Travel and More","isPartOf":{"@id":"https:\/\/tourtravelandmore.com\/es\/#website"},"primaryImageOfPage":{"@id":"https:\/\/tourtravelandmore.com\/es\/tours\/argentina-es\/buenos-aires-es\/todos-los-tours-privados-es\/tour-privado-de-san-telmo-y-la-boca\/#primaryimage"},"image":{"@id":"https:\/\/tourtravelandmore.com\/es\/tours\/argentina-es\/buenos-aires-es\/todos-los-tours-privados-es\/tour-privado-de-san-telmo-y-la-boca\/#primaryimage"},"thumbnailUrl":"https:\/\/tourtravelandmore.com\/wp-content\/uploads\/2023\/05\/image2-5.jpg","datePublished":"2023-05-29T23:20:24+00:00","dateModified":"2024-04-08T10:57:57+00:00","description":"Explore los vibrantes barrios de San Telmo y La Boca en un tour privado con Tour Travel and More. Descubra el patrimonio cultural y el encanto \u00fanico de Buenos Aires \u2705.","breadcrumb":{"@id":"https:\/\/tourtravelandmore.com\/es\/tours\/argentina-es\/buenos-aires-es\/todos-los-tours-privados-es\/tour-privado-de-san-telmo-y-la-boca\/#breadcrumb"},"inLanguage":"es","potentialAction":[{"@type":"ReadAction","target":["https:\/\/tourtravelandmore.com\/es\/tours\/argentina-es\/buenos-aires-es\/todos-los-tours-privados-es\/tour-privado-de-san-telmo-y-la-boca\/"]}]},{"@type":"ImageObject","inLanguage":"es","@id":"https:\/\/tourtravelandmore.com\/es\/tours\/argentina-es\/buenos-aires-es\/todos-los-tours-privados-es\/tour-privado-de-san-telmo-y-la-boca\/#primaryimage","url":"https:\/\/tourtravelandmore.com\/wp-content\/uploads\/2023\/05\/image2-5.jpg","contentUrl":"https:\/\/tourtravelandmore.com\/wp-content\/uploads\/2023\/05\/image2-5.jpg","width":950,"height":750},{"@type":"BreadcrumbList","@id":"https:\/\/tourtravelandmore.com\/es\/tours\/argentina-es\/buenos-aires-es\/todos-los-tours-privados-es\/tour-privado-de-san-telmo-y-la-boca\/#breadcrumb","itemListElement":[{"@type":"ListItem","position":1,"name":"Home","item":"https:\/\/tourtravelandmore.com\/es\/"},{"@type":"ListItem","position":2,"name":"Tours","item":"https:\/\/tourtravelandmore.com\/es\/tours\/"},{"@type":"ListItem","position":3,"name":"Tour Privado de San Telmo y La Boca"}]},{"@type":"WebSite","@id":"https:\/\/tourtravelandmore.com\/es\/#website","url":"https:\/\/tourtravelandmore.com\/es\/","name":"Tour Travel And More","description":"Private sightseeing tours and luxury transfers in Spain","publisher":{"@id":"https:\/\/tourtravelandmore.com\/es\/#organization"},"potentialAction":[{"@type":"SearchAction","target":{"@type":"EntryPoint","urlTemplate":"https:\/\/tourtravelandmore.com\/es\/?s={search_term_string}"},"query-input":{"@type":"PropertyValueSpecification","valueRequired":true,"valueName":"search_term_string"}}],"inLanguage":"es"},{"@type":"Organization","@id":"https:\/\/tourtravelandmore.com\/es\/#organization","name":"Tour Travel And More","url":"https:\/\/tourtravelandmore.com\/es\/","logo":{"@type":"ImageObject","inLanguage":"es","@id":"https:\/\/tourtravelandmore.com\/es\/#\/schema\/logo\/image\/","url":"https:\/\/tourtravelandmore.com\/wp-content\/uploads\/2022\/12\/cropped-logo-cabecera-new.png","contentUrl":"https:\/\/tourtravelandmore.com\/wp-content\/uploads\/2022\/12\/cropped-logo-cabecera-new.png","width":430,"height":61,"caption":"Tour Travel And More"},"image":{"@id":"https:\/\/tourtravelandmore.com\/es\/#\/schema\/logo\/image\/"},"sameAs":["https:\/\/www.facebook.com\/tourtravelandmore\/","https:\/\/x.com\/TourTravel_More"]}]}},"_links":{"self":[{"href":"https:\/\/tourtravelandmore.com\/es\/wp-json\/wp\/v2\/product\/168802","targetHints":{"allow":["GET"]}}],"collection":[{"href":"https:\/\/tourtravelandmore.com\/es\/wp-json\/wp\/v2\/product"}],"about":[{"href":"https:\/\/tourtravelandmore.com\/es\/wp-json\/wp\/v2\/types\/product"}],"replies":[{"embeddable":true,"href":"https:\/\/tourtravelandmore.com\/es\/wp-json\/wp\/v2\/comments?post=168802"}],"wp:featuredmedia":[{"embeddable":true,"href":"https:\/\/tourtravelandmore.com\/es\/wp-json\/wp\/v2\/media\/168795"}],"wp:attachment":[{"href":"https:\/\/tourtravelandmore.com\/es\/wp-json\/wp\/v2\/media?parent=168802"}],"wp:term":[{"taxonomy":"product_brand","embeddable":true,"href":"https:\/\/tourtravelandmore.com\/es\/wp-json\/wp\/v2\/product_brand?post=168802"},{"taxonomy":"product_cat","embeddable":true,"href":"https:\/\/tourtravelandmore.com\/es\/wp-json\/wp\/v2\/product_cat?post=168802"},{"taxonomy":"product_tag","embeddable":true,"href":"https:\/\/tourtravelandmore.com\/es\/wp-json\/wp\/v2\/product_tag?post=168802"}],"curies":[{"name":"wp","href":"https:\/\/api.w.org\/{rel}","templated":true}]}}