{"id":168786,"date":"2023-05-30T01:08:36","date_gmt":"2023-05-29T23:10:55","guid":{"rendered":"https:\/\/tourtravelandmore.com\/?post_type=product&#038;p=168786"},"modified":"2024-04-08T13:01:05","modified_gmt":"2024-04-08T11:01:05","slug":"paseo-privado-por-la-boca","status":"publish","type":"product","link":"https:\/\/tourtravelandmore.com\/es\/tours\/argentina-es\/buenos-aires-es\/todos-los-tours-privados-es\/paseo-privado-por-la-boca\/","title":{"rendered":"Paseo privado por La Boca"},"content":{"rendered":"<h2><b>Descripci\u00f3n del Tour a pie por La Boca:<\/b><\/h2>\n<p><span style=\"font-weight: 400;\">Absolutamente. A cada paso por las calles adoquinadas, sentir\u00e1 el pulso de La Boca, un barrio que ha inspirado a innumerables artistas, m\u00fasicos y poetas a lo largo de los siglos. Desde la vibrante calle Caminito, con su ambiente de museo al aire libre, hasta los animados bailarines de tango que act\u00faan en espacios p\u00fablicos, este recorrido promete una experiencia rica y envolvente. A medida que se adentre en los callejones, su gu\u00eda le desvelar\u00e1 historias de sue\u00f1os y tenacidad de inmigrantes que dieron forma a La Boca, convirti\u00e9ndola en un s\u00edmbolo de resistencia y diversidad cultural. No se trata s\u00f3lo de una visita guiada, sino de un viaje al alma misma de Buenos Aires.<\/span><\/p>\n<h2><b>Recorrido privado a pie por los puntos de inter\u00e9s de La Boca:<\/b><\/h2>\n<p><span style=\"font-weight: 400;\">El vibrante esp\u00edritu de La Boca no solamente est\u00e1 encapsulado en sus atracciones ic\u00f3nicas, sino que impregna cada rinc\u00f3n de este encantador barrio. Uno de los elementos m\u00e1s cautivadores de La Boca es su floreciente escena art\u00edstica callejera. El barrio es un extenso lienzo al aire libre, con murales y graffitis que transforman muros ordinarios en din\u00e1micas expresiones de la cultura y la historia locales. Cada obra de arte cuenta una historia \u00fanica, a\u00f1adiendo otra capa al rico tapiz del barrio.<\/span><\/p>\n<p><b>Calle Caminito: <\/b><span style=\"font-weight: 400;\">Esta emblem\u00e1tica calle peatonal es el coraz\u00f3n y el alma de La Boca. Famosa por sus casas pintadas de vivos colores, sus bulliciosos mercados artesanales y sus animadas actuaciones de tango, la calle Caminito captura la esencia del esp\u00edritu bohemio de Buenos Aires. Mientras serpentea por este museo viviente, su gu\u00eda le iluminar\u00e1 su pasado, destacando sus humildes comienzos como v\u00eda f\u00e9rrea y su evoluci\u00f3n hasta convertirse en un s\u00edmbolo cultural de la ciudad. Cada rinc\u00f3n de esta calle rebosa arte, historia y tradiciones locales, lo que la convierte en un lugar de visita obligada.<\/span><\/p>\n<p><b>Estadio de La Bombonera: <\/b><span style=\"font-weight: 400;\">El estadio Alberto J. Armando, cari\u00f1osamente conocido como La Bombonera, es algo m\u00e1s que un estadio de f\u00fatbol: es un testimonio de la eterna pasi\u00f3n de los argentinos por el f\u00fatbol. Como venerado campo del club de f\u00fatbol Boca Juniors, este estadio resuena con la energ\u00eda y el esp\u00edritu de los apasionados &#8220;bosteros&#8221;. Durante su visita, su gu\u00eda profundizar\u00e1 en las cautivadoras historias de este legendario estadio, sus ilustres jugadores y c\u00f3mo lleg\u00f3 a convertirse en un s\u00edmbolo definitorio del car\u00e1cter de La Boca.<\/span><\/p>\n<p><span style=\"font-weight: 400;\">Mientras explora las calles de La Boca, su gu\u00eda le llamar\u00e1 la atenci\u00f3n sobre las joyas hist\u00f3ricas y arquitect\u00f3nicas del barrio, que a menudo pasan desapercibidas. Desde el encanto intemporal de las tabernas centenarias, donde los lugare\u00f1os comparten historias con una copa de Malbec, hasta los ritmos palpitantes que resuenan en los tradicionales salones de tango, La Boca es un testimonio vivo del vibrante patrimonio cultural argentino.<\/span><\/p>\n<p><span style=\"font-weight: 400;\">M\u00e1s all\u00e1 de las fachadas pintadas y los bailarines de tango, La Boca tambi\u00e9n alberga talleres de artesanos, mercados locales y parrillas tradicionales que sirven deliciosa cocina argentina. Su gu\u00eda le presentar\u00e1 estos tesoros ocultos, sumergi\u00e9ndole en la aut\u00e9ntica vida cotidiana de los habitantes de La Boca.<\/span><\/p>\n<p><span style=\"font-weight: 400;\">Este recorrido es m\u00e1s que un simple paseo; es un viaje sensorial por el coraz\u00f3n de La Boca. A cada paso, se adentrar\u00e1 en el fascinante relato de la cultura, la historia y la vida argentinas, haciendo de su exploraci\u00f3n de La Boca una experiencia inolvidable.<\/span><\/p>\n<p><span style=\"font-weight: 400;\">Ampl\u00ede su exploraci\u00f3n de Buenos Aires con Tour Travel and More. Ofrecemos una amplia gama de visitas privadas que se adentran en el coraz\u00f3n de los barrios m\u00e1s cautivadores de la ciudad. Cada tour est\u00e1 dise\u00f1ado para sumergirle en el rico tapiz cultural de Buenos Aires, descubriendo su historia, tradiciones y belleza arquitect\u00f3nica a trav\u00e9s de los ojos de nuestros expertos gu\u00edas. <\/span><a href=\"https:\/\/tourtravelandmore.com\/es\/ciudad\/argentina-es\/buenos-aires-es\/\"><span style=\"font-weight: 400;\">Para descubrir m\u00e1s sobre nuestras ofertas y reservar su pr\u00f3ximo viaje inolvidable.<\/span><\/a><\/p>\n","protected":false},"excerpt":{"rendered":"<p><span style=\"font-weight: 400;\">Descubra los vibrantes colores, la rica historia y el encanto cultural de La Boca en un recorrido privado a pie. Explore la calle Caminito, el estadio de La Bombonera y otros lugares destacados de este emblem\u00e1tico barrio de Buenos Aires con un gu\u00eda experto.<\/span><\/p>\n","protected":false},"featured_media":168785,"comment_status":"open","ping_status":"closed","template":"","meta":{"_acf_changed":false},"product_brand":[],"product_cat":[4409,4412,4415,4421],"product_tag":[],"class_list":{"0":"post-168786","1":"product","2":"type-product","3":"status-publish","4":"has-post-thumbnail","6":"product_cat-argentina-es","7":"product_cat-buenos-aires-es","8":"product_cat-todos-los-tours-privados-es","9":"product_cat-tours-privados-a-pie-es-2","11":"first","12":"instock","13":"shipping-taxable","14":"purchasable","15":"product-type-simple"},"acf":[],"yoast_head":"<!-- This site is optimized with the Yoast SEO Premium plugin v25.3.1 (Yoast SEO v25.3.1) - https:\/\/yoast.com\/wordpress\/plugins\/seo\/ -->\n<title>\u27a1\ufe0f Experimente La Boca: Tour Privado a Pie con Tour Travel and More<\/title>\n<meta name=\"description\" content=\"Explore las vibrantes calles de La Boca en un tour privado a pie. Descubra la calle Caminito, el Estadio La Bombonera y mucho m\u00e1s con un gu\u00eda experto. \u00a1Reserve ahora con Tour Travel and More! \u2705\" \/>\n<meta name=\"robots\" content=\"index, follow, max-snippet:-1, max-image-preview:large, max-video-preview:-1\" \/>\n<link rel=\"canonical\" href=\"https:\/\/tourtravelandmore.com\/es\/tours\/argentina-es\/buenos-aires-es\/todos-los-tours-privados-es\/paseo-privado-por-la-boca\/\" \/>\n<meta property=\"og:locale\" content=\"es_ES\" \/>\n<meta property=\"og:type\" content=\"article\" \/>\n<meta property=\"og:title\" content=\"Paseo privado por La Boca\" \/>\n<meta property=\"og:description\" content=\"Explore las vibrantes calles de La Boca en un tour privado a pie. Descubra la calle Caminito, el Estadio La Bombonera y mucho m\u00e1s con un gu\u00eda experto. \u00a1Reserve ahora con Tour Travel and More! \u2705\" \/>\n<meta property=\"og:url\" content=\"https:\/\/tourtravelandmore.com\/es\/tours\/argentina-es\/buenos-aires-es\/todos-los-tours-privados-es\/paseo-privado-por-la-boca\/\" \/>\n<meta property=\"og:site_name\" content=\"Tour Travel And More\" \/>\n<meta property=\"article:publisher\" content=\"https:\/\/www.facebook.com\/tourtravelandmore\/\" \/>\n<meta property=\"article:modified_time\" content=\"2024-04-08T11:01:05+00:00\" \/>\n<meta property=\"og:image\" content=\"https:\/\/tourtravelandmore.com\/wp-content\/uploads\/2023\/05\/image4-4.jpg\" \/>\n\t<meta property=\"og:image:width\" content=\"950\" \/>\n\t<meta property=\"og:image:height\" content=\"750\" \/>\n\t<meta property=\"og:image:type\" content=\"image\/jpeg\" \/>\n<meta name=\"twitter:card\" content=\"summary_large_image\" \/>\n<meta name=\"twitter:site\" content=\"@TourTravel_More\" \/>\n<meta name=\"twitter:label1\" content=\"Tiempo de lectura\" \/>\n\t<meta name=\"twitter:data1\" content=\"3 minutos\" \/>\n<script type=\"application\/ld+json\" class=\"yoast-schema-graph\">{\"@context\":\"https:\/\/schema.org\",\"@graph\":[{\"@type\":\"WebPage\",\"@id\":\"https:\/\/tourtravelandmore.com\/es\/tours\/argentina-es\/buenos-aires-es\/todos-los-tours-privados-es\/paseo-privado-por-la-boca\/\",\"url\":\"https:\/\/tourtravelandmore.com\/es\/tours\/argentina-es\/buenos-aires-es\/todos-los-tours-privados-es\/paseo-privado-por-la-boca\/\",\"name\":\"\u27a1\ufe0f Experimente La Boca: Tour Privado a Pie con Tour Travel and More\",\"isPartOf\":{\"@id\":\"https:\/\/tourtravelandmore.com\/es\/#website\"},\"primaryImageOfPage\":{\"@id\":\"https:\/\/tourtravelandmore.com\/es\/tours\/argentina-es\/buenos-aires-es\/todos-los-tours-privados-es\/paseo-privado-por-la-boca\/#primaryimage\"},\"image\":{\"@id\":\"https:\/\/tourtravelandmore.com\/es\/tours\/argentina-es\/buenos-aires-es\/todos-los-tours-privados-es\/paseo-privado-por-la-boca\/#primaryimage\"},\"thumbnailUrl\":\"https:\/\/tourtravelandmore.com\/wp-content\/uploads\/2023\/05\/image4-4.jpg\",\"datePublished\":\"2023-05-29T23:10:55+00:00\",\"dateModified\":\"2024-04-08T11:01:05+00:00\",\"description\":\"Explore las vibrantes calles de La Boca en un tour privado a pie. Descubra la calle Caminito, el Estadio La Bombonera y mucho m\u00e1s con un gu\u00eda experto. \u00a1Reserve ahora con Tour Travel and More! \u2705\",\"breadcrumb\":{\"@id\":\"https:\/\/tourtravelandmore.com\/es\/tours\/argentina-es\/buenos-aires-es\/todos-los-tours-privados-es\/paseo-privado-por-la-boca\/#breadcrumb\"},\"inLanguage\":\"es\",\"potentialAction\":[{\"@type\":\"ReadAction\",\"target\":[\"https:\/\/tourtravelandmore.com\/es\/tours\/argentina-es\/buenos-aires-es\/todos-los-tours-privados-es\/paseo-privado-por-la-boca\/\"]}]},{\"@type\":\"ImageObject\",\"inLanguage\":\"es\",\"@id\":\"https:\/\/tourtravelandmore.com\/es\/tours\/argentina-es\/buenos-aires-es\/todos-los-tours-privados-es\/paseo-privado-por-la-boca\/#primaryimage\",\"url\":\"https:\/\/tourtravelandmore.com\/wp-content\/uploads\/2023\/05\/image4-4.jpg\",\"contentUrl\":\"https:\/\/tourtravelandmore.com\/wp-content\/uploads\/2023\/05\/image4-4.jpg\",\"width\":950,\"height\":750},{\"@type\":\"BreadcrumbList\",\"@id\":\"https:\/\/tourtravelandmore.com\/es\/tours\/argentina-es\/buenos-aires-es\/todos-los-tours-privados-es\/paseo-privado-por-la-boca\/#breadcrumb\",\"itemListElement\":[{\"@type\":\"ListItem\",\"position\":1,\"name\":\"Home\",\"item\":\"https:\/\/tourtravelandmore.com\/es\/\"},{\"@type\":\"ListItem\",\"position\":2,\"name\":\"Tours\",\"item\":\"https:\/\/tourtravelandmore.com\/es\/tours\/\"},{\"@type\":\"ListItem\",\"position\":3,\"name\":\"Paseo privado por La Boca\"}]},{\"@type\":\"WebSite\",\"@id\":\"https:\/\/tourtravelandmore.com\/es\/#website\",\"url\":\"https:\/\/tourtravelandmore.com\/es\/\",\"name\":\"Tour Travel And More\",\"description\":\"Private sightseeing tours and luxury transfers in Spain\",\"publisher\":{\"@id\":\"https:\/\/tourtravelandmore.com\/es\/#organization\"},\"potentialAction\":[{\"@type\":\"SearchAction\",\"target\":{\"@type\":\"EntryPoint\",\"urlTemplate\":\"https:\/\/tourtravelandmore.com\/es\/?s={search_term_string}\"},\"query-input\":{\"@type\":\"PropertyValueSpecification\",\"valueRequired\":true,\"valueName\":\"search_term_string\"}}],\"inLanguage\":\"es\"},{\"@type\":\"Organization\",\"@id\":\"https:\/\/tourtravelandmore.com\/es\/#organization\",\"name\":\"Tour Travel And More\",\"url\":\"https:\/\/tourtravelandmore.com\/es\/\",\"logo\":{\"@type\":\"ImageObject\",\"inLanguage\":\"es\",\"@id\":\"https:\/\/tourtravelandmore.com\/es\/#\/schema\/logo\/image\/\",\"url\":\"https:\/\/tourtravelandmore.com\/wp-content\/uploads\/2022\/12\/cropped-logo-cabecera-new.png\",\"contentUrl\":\"https:\/\/tourtravelandmore.com\/wp-content\/uploads\/2022\/12\/cropped-logo-cabecera-new.png\",\"width\":430,\"height\":61,\"caption\":\"Tour Travel And More\"},\"image\":{\"@id\":\"https:\/\/tourtravelandmore.com\/es\/#\/schema\/logo\/image\/\"},\"sameAs\":[\"https:\/\/www.facebook.com\/tourtravelandmore\/\",\"https:\/\/x.com\/TourTravel_More\"]}]}<\/script>\n<!-- \/ Yoast SEO Premium plugin. -->","yoast_head_json":{"title":"\u27a1\ufe0f Experimente La Boca: Tour Privado a Pie con Tour Travel and More","description":"Explore las vibrantes calles de La Boca en un tour privado a pie. Descubra la calle Caminito, el Estadio La Bombonera y mucho m\u00e1s con un gu\u00eda experto. \u00a1Reserve ahora con Tour Travel and More! \u2705","robots":{"index":"index","follow":"follow","max-snippet":"max-snippet:-1","max-image-preview":"max-image-preview:large","max-video-preview":"max-video-preview:-1"},"canonical":"https:\/\/tourtravelandmore.com\/es\/tours\/argentina-es\/buenos-aires-es\/todos-los-tours-privados-es\/paseo-privado-por-la-boca\/","og_locale":"es_ES","og_type":"article","og_title":"Paseo privado por La Boca","og_description":"Explore las vibrantes calles de La Boca en un tour privado a pie. Descubra la calle Caminito, el Estadio La Bombonera y mucho m\u00e1s con un gu\u00eda experto. \u00a1Reserve ahora con Tour Travel and More! \u2705","og_url":"https:\/\/tourtravelandmore.com\/es\/tours\/argentina-es\/buenos-aires-es\/todos-los-tours-privados-es\/paseo-privado-por-la-boca\/","og_site_name":"Tour Travel And More","article_publisher":"https:\/\/www.facebook.com\/tourtravelandmore\/","article_modified_time":"2024-04-08T11:01:05+00:00","og_image":[{"width":950,"height":750,"url":"https:\/\/tourtravelandmore.com\/wp-content\/uploads\/2023\/05\/image4-4.jpg","type":"image\/jpeg"}],"twitter_card":"summary_large_image","twitter_site":"@TourTravel_More","twitter_misc":{"Tiempo de lectura":"3 minutos"},"schema":{"@context":"https:\/\/schema.org","@graph":[{"@type":"WebPage","@id":"https:\/\/tourtravelandmore.com\/es\/tours\/argentina-es\/buenos-aires-es\/todos-los-tours-privados-es\/paseo-privado-por-la-boca\/","url":"https:\/\/tourtravelandmore.com\/es\/tours\/argentina-es\/buenos-aires-es\/todos-los-tours-privados-es\/paseo-privado-por-la-boca\/","name":"\u27a1\ufe0f Experimente La Boca: Tour Privado a Pie con Tour Travel and More","isPartOf":{"@id":"https:\/\/tourtravelandmore.com\/es\/#website"},"primaryImageOfPage":{"@id":"https:\/\/tourtravelandmore.com\/es\/tours\/argentina-es\/buenos-aires-es\/todos-los-tours-privados-es\/paseo-privado-por-la-boca\/#primaryimage"},"image":{"@id":"https:\/\/tourtravelandmore.com\/es\/tours\/argentina-es\/buenos-aires-es\/todos-los-tours-privados-es\/paseo-privado-por-la-boca\/#primaryimage"},"thumbnailUrl":"https:\/\/tourtravelandmore.com\/wp-content\/uploads\/2023\/05\/image4-4.jpg","datePublished":"2023-05-29T23:10:55+00:00","dateModified":"2024-04-08T11:01:05+00:00","description":"Explore las vibrantes calles de La Boca en un tour privado a pie. Descubra la calle Caminito, el Estadio La Bombonera y mucho m\u00e1s con un gu\u00eda experto. \u00a1Reserve ahora con Tour Travel and More! \u2705","breadcrumb":{"@id":"https:\/\/tourtravelandmore.com\/es\/tours\/argentina-es\/buenos-aires-es\/todos-los-tours-privados-es\/paseo-privado-por-la-boca\/#breadcrumb"},"inLanguage":"es","potentialAction":[{"@type":"ReadAction","target":["https:\/\/tourtravelandmore.com\/es\/tours\/argentina-es\/buenos-aires-es\/todos-los-tours-privados-es\/paseo-privado-por-la-boca\/"]}]},{"@type":"ImageObject","inLanguage":"es","@id":"https:\/\/tourtravelandmore.com\/es\/tours\/argentina-es\/buenos-aires-es\/todos-los-tours-privados-es\/paseo-privado-por-la-boca\/#primaryimage","url":"https:\/\/tourtravelandmore.com\/wp-content\/uploads\/2023\/05\/image4-4.jpg","contentUrl":"https:\/\/tourtravelandmore.com\/wp-content\/uploads\/2023\/05\/image4-4.jpg","width":950,"height":750},{"@type":"BreadcrumbList","@id":"https:\/\/tourtravelandmore.com\/es\/tours\/argentina-es\/buenos-aires-es\/todos-los-tours-privados-es\/paseo-privado-por-la-boca\/#breadcrumb","itemListElement":[{"@type":"ListItem","position":1,"name":"Home","item":"https:\/\/tourtravelandmore.com\/es\/"},{"@type":"ListItem","position":2,"name":"Tours","item":"https:\/\/tourtravelandmore.com\/es\/tours\/"},{"@type":"ListItem","position":3,"name":"Paseo privado por La Boca"}]},{"@type":"WebSite","@id":"https:\/\/tourtravelandmore.com\/es\/#website","url":"https:\/\/tourtravelandmore.com\/es\/","name":"Tour Travel And More","description":"Private sightseeing tours and luxury transfers in Spain","publisher":{"@id":"https:\/\/tourtravelandmore.com\/es\/#organization"},"potentialAction":[{"@type":"SearchAction","target":{"@type":"EntryPoint","urlTemplate":"https:\/\/tourtravelandmore.com\/es\/?s={search_term_string}"},"query-input":{"@type":"PropertyValueSpecification","valueRequired":true,"valueName":"search_term_string"}}],"inLanguage":"es"},{"@type":"Organization","@id":"https:\/\/tourtravelandmore.com\/es\/#organization","name":"Tour Travel And More","url":"https:\/\/tourtravelandmore.com\/es\/","logo":{"@type":"ImageObject","inLanguage":"es","@id":"https:\/\/tourtravelandmore.com\/es\/#\/schema\/logo\/image\/","url":"https:\/\/tourtravelandmore.com\/wp-content\/uploads\/2022\/12\/cropped-logo-cabecera-new.png","contentUrl":"https:\/\/tourtravelandmore.com\/wp-content\/uploads\/2022\/12\/cropped-logo-cabecera-new.png","width":430,"height":61,"caption":"Tour Travel And More"},"image":{"@id":"https:\/\/tourtravelandmore.com\/es\/#\/schema\/logo\/image\/"},"sameAs":["https:\/\/www.facebook.com\/tourtravelandmore\/","https:\/\/x.com\/TourTravel_More"]}]}},"_links":{"self":[{"href":"https:\/\/tourtravelandmore.com\/es\/wp-json\/wp\/v2\/product\/168786","targetHints":{"allow":["GET"]}}],"collection":[{"href":"https:\/\/tourtravelandmore.com\/es\/wp-json\/wp\/v2\/product"}],"about":[{"href":"https:\/\/tourtravelandmore.com\/es\/wp-json\/wp\/v2\/types\/product"}],"replies":[{"embeddable":true,"href":"https:\/\/tourtravelandmore.com\/es\/wp-json\/wp\/v2\/comments?post=168786"}],"wp:featuredmedia":[{"embeddable":true,"href":"https:\/\/tourtravelandmore.com\/es\/wp-json\/wp\/v2\/media\/168785"}],"wp:attachment":[{"href":"https:\/\/tourtravelandmore.com\/es\/wp-json\/wp\/v2\/media?parent=168786"}],"wp:term":[{"taxonomy":"product_brand","embeddable":true,"href":"https:\/\/tourtravelandmore.com\/es\/wp-json\/wp\/v2\/product_brand?post=168786"},{"taxonomy":"product_cat","embeddable":true,"href":"https:\/\/tourtravelandmore.com\/es\/wp-json\/wp\/v2\/product_cat?post=168786"},{"taxonomy":"product_tag","embeddable":true,"href":"https:\/\/tourtravelandmore.com\/es\/wp-json\/wp\/v2\/product_tag?post=168786"}],"curies":[{"name":"wp","href":"https:\/\/api.w.org\/{rel}","templated":true}]}}