{"id":168770,"date":"2023-05-30T00:45:19","date_gmt":"2023-05-29T22:59:41","guid":{"rendered":"https:\/\/tourtravelandmore.com\/?post_type=product&#038;p=168770"},"modified":"2024-04-08T13:04:36","modified_gmt":"2024-04-08T11:04:36","slug":"traslado-privado-desde-hasta-ezeiza-a-desde-capital-federal","status":"publish","type":"product","link":"https:\/\/tourtravelandmore.com\/es\/tours\/argentina-es\/buenos-aires-es\/todos-los-tours-privados-es\/traslado-privado-desde-hasta-ezeiza-a-desde-capital-federal\/","title":{"rendered":"Traslado Privado desde\/hasta Ezeiza a\/desde Capital Federal"},"content":{"rendered":"<h2><b>Descripci\u00f3n <\/b><b>Traslado Privado desde\/hacia Ezeiza a\/desde Capital Federal\u00a0<\/b><\/h2>\n<p><span style=\"font-weight: 400;\">Experimente la comodidad y el lujo de un traslado privado desde Ezeiza a Capital Federal o viceversa con Tour Travel and More. Con nuestro servicio, puede evitar la molestia de navegar por el transporte p\u00fablico o negociar con los taxistas. Nuestros veh\u00edculos de alta gama ofrecen un viaje c\u00f3modo y libre de estr\u00e9s, lo que le permite relajarse y disfrutar de las vistas mientras atraviesa la ciudad. Nuestros veh\u00edculos se mantienen con los m\u00e1s altos est\u00e1ndares de limpieza y seguridad, garantizando un viaje placentero. Tanto si viaja por negocios como por placer, nuestros conductores profesionales y amables le garantizan un traslado puntual y sin problemas, dando prioridad a su comodidad y satisfacci\u00f3n. Deje la log\u00edstica en nuestras manos y disfrute del viaje, ya que nos ocupamos de sus necesidades de viaje con la m\u00e1xima profesionalidad y dedicaci\u00f3n.<\/span><\/p>\n<h2><b>Puntos de inter\u00e9s en los traslados\u00a0<\/b><\/h2>\n<p><span style=\"font-weight: 400;\">Si bien este servicio se centra principalmente en su traslado, el viaje entre Ezeiza y Capital Federal ofrece intrigantes vistas de Buenos Aires. Mientras se desliza por la ciudad en nuestro veh\u00edculo de lujo, pasar\u00e1 por varios lugares y barrios emblem\u00e1ticos, lo que le dar\u00e1 una instant\u00e1nea de la vibrante cultura de la ciudad y su notable arquitectura. Aproveche al m\u00e1ximo su traslado disfrutando de estas fascinantes vistas a lo largo del camino. Ser\u00e1 testigo de la din\u00e1mica mezcla de lo antiguo y lo moderno, con impresionantes estructuras modernas junto a edificios hist\u00f3ricos. La ruta tambi\u00e9n le permitir\u00e1 echar un vistazo a la bulliciosa vida callejera de la ciudad, desde los animados mercados hasta los tranquilos parques, ofreci\u00e9ndole un anticipo de lo que le espera en esta incre\u00edble ciudad.<\/span><\/p>\n<p><span style=\"font-weight: 400;\">Su viaje de traslado le llevar\u00e1 por una variedad de lugares interesantes. En Ezeiza, podr\u00e1 ver el verde Parque Ezeiza, un lugar popular entre los lugare\u00f1os para disfrutar de actividades al aire libre. A medida que se acerque a Capital Federal, ver\u00e1 el ajetreo y el bullicio de la zona central de Buenos Aires, con puntos de referencia como el Obelisco, la emblem\u00e1tica Avenida 9 de Julio y el hist\u00f3rico Teatro Col\u00f3n. Estos monumentos ofrecen una visi\u00f3n del rico patrimonio cultural y arquitect\u00f3nico de la ciudad. La grandeza de estos monumentos subraya la vibrante historia y la importancia cultural de Buenos Aires, convirtiendo incluso un simple traslado en una experiencia visual emocionante. Este fugaz anticipo podr\u00eda inspirarle para explorar m\u00e1s a fondo estos lugares durante su estancia en la ciudad.<\/span><\/p>\n<p><span style=\"font-weight: 400;\">Si est\u00e1 interesado en explorar Buenos Aires m\u00e1s all\u00e1 de su traslado, Tour Travel and More ofrece una amplia gama de visitas privadas adaptadas a diversos intereses. Descubra la rica historia de la ciudad, su vibrante cultura y su impresionante arquitectura con nuestras visitas guiadas por expertos. Visite nuestro sitio web para explorar nuestras ofertas y <\/span><a href=\"https:\/\/tourtravelandmore.com\/es\/ciudad\/argentina-es\/buenos-aires-es\/\"><span style=\"font-weight: 400;\">reservar su pr\u00f3xima experiencia inolvidable en Buenos Aires.<\/span><\/a><\/p>\n","protected":false},"excerpt":{"rendered":"<p><span style=\"font-weight: 400;\">Disfrute de un traslado de lujo desde Ezeiza a Capital Federal, o viceversa, con Tour Travel and More. Experimente la comodidad de nuestros veh\u00edculos de alta gama y la profesionalidad de nuestros conductores mientras disfruta de las vistas de Buenos Aires.<\/span><\/p>\n","protected":false},"featured_media":168768,"comment_status":"open","ping_status":"closed","template":"","meta":{"_acf_changed":false},"product_brand":[],"product_cat":[4409,4412,4415],"product_tag":[],"class_list":{"0":"post-168770","1":"product","2":"type-product","3":"status-publish","4":"has-post-thumbnail","6":"product_cat-argentina-es","7":"product_cat-buenos-aires-es","8":"product_cat-todos-los-tours-privados-es","10":"first","11":"instock","12":"shipping-taxable","13":"purchasable","14":"product-type-simple"},"acf":[],"yoast_head":"<!-- This site is optimized with the Yoast SEO Premium plugin v25.3.1 (Yoast SEO v25.3.1) - https:\/\/yoast.com\/wordpress\/plugins\/seo\/ -->\n<title>\u27a1\ufe0f Traslado Privado de Lujo desde\/hacia Ezeiza a\/desde Capital Federal | Tour Travel and More<\/title>\n<meta name=\"description\" content=\"Reserve un c\u00f3modo y conveniente traslado privado desde Ezeiza a Capital Federal con Tour Travel and More. Experimente viajes de lujo en Buenos Aires. \u2705\" \/>\n<meta name=\"robots\" content=\"index, follow, max-snippet:-1, max-image-preview:large, max-video-preview:-1\" \/>\n<link rel=\"canonical\" href=\"https:\/\/tourtravelandmore.com\/es\/tours\/argentina-es\/buenos-aires-es\/todos-los-tours-privados-es\/traslado-privado-desde-hasta-ezeiza-a-desde-capital-federal\/\" \/>\n<meta property=\"og:locale\" content=\"es_ES\" \/>\n<meta property=\"og:type\" content=\"article\" \/>\n<meta property=\"og:title\" content=\"Traslado Privado desde\/hasta Ezeiza a\/desde Capital Federal\" \/>\n<meta property=\"og:description\" content=\"Reserve un c\u00f3modo y conveniente traslado privado desde Ezeiza a Capital Federal con Tour Travel and More. Experimente viajes de lujo en Buenos Aires. \u2705\" \/>\n<meta property=\"og:url\" content=\"https:\/\/tourtravelandmore.com\/es\/tours\/argentina-es\/buenos-aires-es\/todos-los-tours-privados-es\/traslado-privado-desde-hasta-ezeiza-a-desde-capital-federal\/\" \/>\n<meta property=\"og:site_name\" content=\"Tour Travel And More\" \/>\n<meta property=\"article:publisher\" content=\"https:\/\/www.facebook.com\/tourtravelandmore\/\" \/>\n<meta property=\"article:modified_time\" content=\"2024-04-08T11:04:36+00:00\" \/>\n<meta property=\"og:image\" content=\"https:\/\/tourtravelandmore.com\/wp-content\/uploads\/2023\/05\/image4-3.jpg\" \/>\n\t<meta property=\"og:image:width\" content=\"950\" \/>\n\t<meta property=\"og:image:height\" content=\"750\" \/>\n\t<meta property=\"og:image:type\" content=\"image\/jpeg\" \/>\n<meta name=\"twitter:card\" content=\"summary_large_image\" \/>\n<meta name=\"twitter:site\" content=\"@TourTravel_More\" \/>\n<meta name=\"twitter:label1\" content=\"Tiempo de lectura\" \/>\n\t<meta name=\"twitter:data1\" content=\"3 minutos\" \/>\n<script type=\"application\/ld+json\" class=\"yoast-schema-graph\">{\"@context\":\"https:\/\/schema.org\",\"@graph\":[{\"@type\":\"WebPage\",\"@id\":\"https:\/\/tourtravelandmore.com\/es\/tours\/argentina-es\/buenos-aires-es\/todos-los-tours-privados-es\/traslado-privado-desde-hasta-ezeiza-a-desde-capital-federal\/\",\"url\":\"https:\/\/tourtravelandmore.com\/es\/tours\/argentina-es\/buenos-aires-es\/todos-los-tours-privados-es\/traslado-privado-desde-hasta-ezeiza-a-desde-capital-federal\/\",\"name\":\"\u27a1\ufe0f Traslado Privado de Lujo desde\/hacia Ezeiza a\/desde Capital Federal | Tour Travel and More\",\"isPartOf\":{\"@id\":\"https:\/\/tourtravelandmore.com\/es\/#website\"},\"primaryImageOfPage\":{\"@id\":\"https:\/\/tourtravelandmore.com\/es\/tours\/argentina-es\/buenos-aires-es\/todos-los-tours-privados-es\/traslado-privado-desde-hasta-ezeiza-a-desde-capital-federal\/#primaryimage\"},\"image\":{\"@id\":\"https:\/\/tourtravelandmore.com\/es\/tours\/argentina-es\/buenos-aires-es\/todos-los-tours-privados-es\/traslado-privado-desde-hasta-ezeiza-a-desde-capital-federal\/#primaryimage\"},\"thumbnailUrl\":\"https:\/\/tourtravelandmore.com\/wp-content\/uploads\/2023\/05\/image4-3.jpg\",\"datePublished\":\"2023-05-29T22:59:41+00:00\",\"dateModified\":\"2024-04-08T11:04:36+00:00\",\"description\":\"Reserve un c\u00f3modo y conveniente traslado privado desde Ezeiza a Capital Federal con Tour Travel and More. Experimente viajes de lujo en Buenos Aires. \u2705\",\"breadcrumb\":{\"@id\":\"https:\/\/tourtravelandmore.com\/es\/tours\/argentina-es\/buenos-aires-es\/todos-los-tours-privados-es\/traslado-privado-desde-hasta-ezeiza-a-desde-capital-federal\/#breadcrumb\"},\"inLanguage\":\"es\",\"potentialAction\":[{\"@type\":\"ReadAction\",\"target\":[\"https:\/\/tourtravelandmore.com\/es\/tours\/argentina-es\/buenos-aires-es\/todos-los-tours-privados-es\/traslado-privado-desde-hasta-ezeiza-a-desde-capital-federal\/\"]}]},{\"@type\":\"ImageObject\",\"inLanguage\":\"es\",\"@id\":\"https:\/\/tourtravelandmore.com\/es\/tours\/argentina-es\/buenos-aires-es\/todos-los-tours-privados-es\/traslado-privado-desde-hasta-ezeiza-a-desde-capital-federal\/#primaryimage\",\"url\":\"https:\/\/tourtravelandmore.com\/wp-content\/uploads\/2023\/05\/image4-3.jpg\",\"contentUrl\":\"https:\/\/tourtravelandmore.com\/wp-content\/uploads\/2023\/05\/image4-3.jpg\",\"width\":950,\"height\":750},{\"@type\":\"BreadcrumbList\",\"@id\":\"https:\/\/tourtravelandmore.com\/es\/tours\/argentina-es\/buenos-aires-es\/todos-los-tours-privados-es\/traslado-privado-desde-hasta-ezeiza-a-desde-capital-federal\/#breadcrumb\",\"itemListElement\":[{\"@type\":\"ListItem\",\"position\":1,\"name\":\"Home\",\"item\":\"https:\/\/tourtravelandmore.com\/es\/\"},{\"@type\":\"ListItem\",\"position\":2,\"name\":\"Tours\",\"item\":\"https:\/\/tourtravelandmore.com\/es\/tours\/\"},{\"@type\":\"ListItem\",\"position\":3,\"name\":\"Traslado Privado desde\/hasta Ezeiza a\/desde Capital Federal\"}]},{\"@type\":\"WebSite\",\"@id\":\"https:\/\/tourtravelandmore.com\/es\/#website\",\"url\":\"https:\/\/tourtravelandmore.com\/es\/\",\"name\":\"Tour Travel And More\",\"description\":\"Private sightseeing tours and luxury transfers in Spain\",\"publisher\":{\"@id\":\"https:\/\/tourtravelandmore.com\/es\/#organization\"},\"potentialAction\":[{\"@type\":\"SearchAction\",\"target\":{\"@type\":\"EntryPoint\",\"urlTemplate\":\"https:\/\/tourtravelandmore.com\/es\/?s={search_term_string}\"},\"query-input\":{\"@type\":\"PropertyValueSpecification\",\"valueRequired\":true,\"valueName\":\"search_term_string\"}}],\"inLanguage\":\"es\"},{\"@type\":\"Organization\",\"@id\":\"https:\/\/tourtravelandmore.com\/es\/#organization\",\"name\":\"Tour Travel And More\",\"url\":\"https:\/\/tourtravelandmore.com\/es\/\",\"logo\":{\"@type\":\"ImageObject\",\"inLanguage\":\"es\",\"@id\":\"https:\/\/tourtravelandmore.com\/es\/#\/schema\/logo\/image\/\",\"url\":\"https:\/\/tourtravelandmore.com\/wp-content\/uploads\/2022\/12\/cropped-logo-cabecera-new.png\",\"contentUrl\":\"https:\/\/tourtravelandmore.com\/wp-content\/uploads\/2022\/12\/cropped-logo-cabecera-new.png\",\"width\":430,\"height\":61,\"caption\":\"Tour Travel And More\"},\"image\":{\"@id\":\"https:\/\/tourtravelandmore.com\/es\/#\/schema\/logo\/image\/\"},\"sameAs\":[\"https:\/\/www.facebook.com\/tourtravelandmore\/\",\"https:\/\/x.com\/TourTravel_More\"]}]}<\/script>\n<!-- \/ Yoast SEO Premium plugin. -->","yoast_head_json":{"title":"\u27a1\ufe0f Traslado Privado de Lujo desde\/hacia Ezeiza a\/desde Capital Federal | Tour Travel and More","description":"Reserve un c\u00f3modo y conveniente traslado privado desde Ezeiza a Capital Federal con Tour Travel and More. Experimente viajes de lujo en Buenos Aires. \u2705","robots":{"index":"index","follow":"follow","max-snippet":"max-snippet:-1","max-image-preview":"max-image-preview:large","max-video-preview":"max-video-preview:-1"},"canonical":"https:\/\/tourtravelandmore.com\/es\/tours\/argentina-es\/buenos-aires-es\/todos-los-tours-privados-es\/traslado-privado-desde-hasta-ezeiza-a-desde-capital-federal\/","og_locale":"es_ES","og_type":"article","og_title":"Traslado Privado desde\/hasta Ezeiza a\/desde Capital Federal","og_description":"Reserve un c\u00f3modo y conveniente traslado privado desde Ezeiza a Capital Federal con Tour Travel and More. Experimente viajes de lujo en Buenos Aires. \u2705","og_url":"https:\/\/tourtravelandmore.com\/es\/tours\/argentina-es\/buenos-aires-es\/todos-los-tours-privados-es\/traslado-privado-desde-hasta-ezeiza-a-desde-capital-federal\/","og_site_name":"Tour Travel And More","article_publisher":"https:\/\/www.facebook.com\/tourtravelandmore\/","article_modified_time":"2024-04-08T11:04:36+00:00","og_image":[{"width":950,"height":750,"url":"https:\/\/tourtravelandmore.com\/wp-content\/uploads\/2023\/05\/image4-3.jpg","type":"image\/jpeg"}],"twitter_card":"summary_large_image","twitter_site":"@TourTravel_More","twitter_misc":{"Tiempo de lectura":"3 minutos"},"schema":{"@context":"https:\/\/schema.org","@graph":[{"@type":"WebPage","@id":"https:\/\/tourtravelandmore.com\/es\/tours\/argentina-es\/buenos-aires-es\/todos-los-tours-privados-es\/traslado-privado-desde-hasta-ezeiza-a-desde-capital-federal\/","url":"https:\/\/tourtravelandmore.com\/es\/tours\/argentina-es\/buenos-aires-es\/todos-los-tours-privados-es\/traslado-privado-desde-hasta-ezeiza-a-desde-capital-federal\/","name":"\u27a1\ufe0f Traslado Privado de Lujo desde\/hacia Ezeiza a\/desde Capital Federal | Tour Travel and More","isPartOf":{"@id":"https:\/\/tourtravelandmore.com\/es\/#website"},"primaryImageOfPage":{"@id":"https:\/\/tourtravelandmore.com\/es\/tours\/argentina-es\/buenos-aires-es\/todos-los-tours-privados-es\/traslado-privado-desde-hasta-ezeiza-a-desde-capital-federal\/#primaryimage"},"image":{"@id":"https:\/\/tourtravelandmore.com\/es\/tours\/argentina-es\/buenos-aires-es\/todos-los-tours-privados-es\/traslado-privado-desde-hasta-ezeiza-a-desde-capital-federal\/#primaryimage"},"thumbnailUrl":"https:\/\/tourtravelandmore.com\/wp-content\/uploads\/2023\/05\/image4-3.jpg","datePublished":"2023-05-29T22:59:41+00:00","dateModified":"2024-04-08T11:04:36+00:00","description":"Reserve un c\u00f3modo y conveniente traslado privado desde Ezeiza a Capital Federal con Tour Travel and More. Experimente viajes de lujo en Buenos Aires. \u2705","breadcrumb":{"@id":"https:\/\/tourtravelandmore.com\/es\/tours\/argentina-es\/buenos-aires-es\/todos-los-tours-privados-es\/traslado-privado-desde-hasta-ezeiza-a-desde-capital-federal\/#breadcrumb"},"inLanguage":"es","potentialAction":[{"@type":"ReadAction","target":["https:\/\/tourtravelandmore.com\/es\/tours\/argentina-es\/buenos-aires-es\/todos-los-tours-privados-es\/traslado-privado-desde-hasta-ezeiza-a-desde-capital-federal\/"]}]},{"@type":"ImageObject","inLanguage":"es","@id":"https:\/\/tourtravelandmore.com\/es\/tours\/argentina-es\/buenos-aires-es\/todos-los-tours-privados-es\/traslado-privado-desde-hasta-ezeiza-a-desde-capital-federal\/#primaryimage","url":"https:\/\/tourtravelandmore.com\/wp-content\/uploads\/2023\/05\/image4-3.jpg","contentUrl":"https:\/\/tourtravelandmore.com\/wp-content\/uploads\/2023\/05\/image4-3.jpg","width":950,"height":750},{"@type":"BreadcrumbList","@id":"https:\/\/tourtravelandmore.com\/es\/tours\/argentina-es\/buenos-aires-es\/todos-los-tours-privados-es\/traslado-privado-desde-hasta-ezeiza-a-desde-capital-federal\/#breadcrumb","itemListElement":[{"@type":"ListItem","position":1,"name":"Home","item":"https:\/\/tourtravelandmore.com\/es\/"},{"@type":"ListItem","position":2,"name":"Tours","item":"https:\/\/tourtravelandmore.com\/es\/tours\/"},{"@type":"ListItem","position":3,"name":"Traslado Privado desde\/hasta Ezeiza a\/desde Capital Federal"}]},{"@type":"WebSite","@id":"https:\/\/tourtravelandmore.com\/es\/#website","url":"https:\/\/tourtravelandmore.com\/es\/","name":"Tour Travel And More","description":"Private sightseeing tours and luxury transfers in Spain","publisher":{"@id":"https:\/\/tourtravelandmore.com\/es\/#organization"},"potentialAction":[{"@type":"SearchAction","target":{"@type":"EntryPoint","urlTemplate":"https:\/\/tourtravelandmore.com\/es\/?s={search_term_string}"},"query-input":{"@type":"PropertyValueSpecification","valueRequired":true,"valueName":"search_term_string"}}],"inLanguage":"es"},{"@type":"Organization","@id":"https:\/\/tourtravelandmore.com\/es\/#organization","name":"Tour Travel And More","url":"https:\/\/tourtravelandmore.com\/es\/","logo":{"@type":"ImageObject","inLanguage":"es","@id":"https:\/\/tourtravelandmore.com\/es\/#\/schema\/logo\/image\/","url":"https:\/\/tourtravelandmore.com\/wp-content\/uploads\/2022\/12\/cropped-logo-cabecera-new.png","contentUrl":"https:\/\/tourtravelandmore.com\/wp-content\/uploads\/2022\/12\/cropped-logo-cabecera-new.png","width":430,"height":61,"caption":"Tour Travel And More"},"image":{"@id":"https:\/\/tourtravelandmore.com\/es\/#\/schema\/logo\/image\/"},"sameAs":["https:\/\/www.facebook.com\/tourtravelandmore\/","https:\/\/x.com\/TourTravel_More"]}]}},"_links":{"self":[{"href":"https:\/\/tourtravelandmore.com\/es\/wp-json\/wp\/v2\/product\/168770","targetHints":{"allow":["GET"]}}],"collection":[{"href":"https:\/\/tourtravelandmore.com\/es\/wp-json\/wp\/v2\/product"}],"about":[{"href":"https:\/\/tourtravelandmore.com\/es\/wp-json\/wp\/v2\/types\/product"}],"replies":[{"embeddable":true,"href":"https:\/\/tourtravelandmore.com\/es\/wp-json\/wp\/v2\/comments?post=168770"}],"wp:featuredmedia":[{"embeddable":true,"href":"https:\/\/tourtravelandmore.com\/es\/wp-json\/wp\/v2\/media\/168768"}],"wp:attachment":[{"href":"https:\/\/tourtravelandmore.com\/es\/wp-json\/wp\/v2\/media?parent=168770"}],"wp:term":[{"taxonomy":"product_brand","embeddable":true,"href":"https:\/\/tourtravelandmore.com\/es\/wp-json\/wp\/v2\/product_brand?post=168770"},{"taxonomy":"product_cat","embeddable":true,"href":"https:\/\/tourtravelandmore.com\/es\/wp-json\/wp\/v2\/product_cat?post=168770"},{"taxonomy":"product_tag","embeddable":true,"href":"https:\/\/tourtravelandmore.com\/es\/wp-json\/wp\/v2\/product_tag?post=168770"}],"curies":[{"name":"wp","href":"https:\/\/api.w.org\/{rel}","templated":true}]}}