{"id":168718,"date":"2023-05-27T03:57:39","date_gmt":"2023-05-27T01:59:30","guid":{"rendered":"https:\/\/tourtravelandmore.com\/?post_type=product&#038;p=168718"},"modified":"2024-04-08T12:53:09","modified_gmt":"2024-04-08T10:53:09","slug":"visita-privada-a-pie-de-san-telmo","status":"publish","type":"product","link":"https:\/\/tourtravelandmore.com\/es\/tours\/argentina-es\/buenos-aires-es\/todos-los-tours-privados-es\/visita-privada-a-pie-de-san-telmo\/","title":{"rendered":"Visita privada a pie de San Telmo"},"content":{"rendered":"<h2><b>Descripci\u00f3n del Tour privado a pie de San Telmo<\/b><\/h2>\n<p><span style=\"font-weight: 400;\">Descubra la rica historia y la vibrante atm\u00f3sfera de San Telmo en un recorrido privado a pie de 2 horas con Tour Travel and More. Mientras pasea por las calles empedradas del barrio, su gu\u00eda experto le har\u00e1 revivir las historias y leyendas que hacen de San Telmo uno de los barrios m\u00e1s cautivadores de Buenos Aires. Experimente la mezcla \u00fanica de tradici\u00f3n, arte y cultura que define a este barrio bohemio en este atractivo recorrido personalizado. Profundice en el variado pasado de la zona, desde sus or\u00edgenes como asentamiento ribere\u00f1o hasta su transformaci\u00f3n en un pr\u00f3spero centro cultural, mientras explora los numerosos tesoros ocultos de San Telmo.<\/span><\/p>\n<h2><b>Recorrido privado a pie por los puntos de inter\u00e9s de San Telmo:<\/b><\/h2>\n<p><span style=\"font-weight: 400;\">Explore los lugares de inter\u00e9s esenciales de San Telmo, desde sus monumentos hist\u00f3ricos y su arquitectura bellamente conservada hasta sus bulliciosos mercados y animadas calles. Sum\u00e9rjase en el encanto intemporal y el esp\u00edritu art\u00edstico del barrio mientras su gu\u00eda le muestra lo mejor que San Telmo tiene para ofrecer, creando una experiencia inolvidable que captura la esencia de este emblem\u00e1tico destino de Buenos Aires. Visite renombradas galer\u00edas de arte, presencie improvisadas actuaciones de tango y pruebe las delicias culinarias locales mientras recorre el coraz\u00f3n de este fascinante barrio.<\/span><\/p>\n<p><b>Mercado de San Telmo:<\/b><\/p>\n<p><span style=\"font-weight: 400;\">El Mercado de San Telmo es un bullicioso centro de actividad que ofrece a los visitantes una aut\u00e9ntica muestra de la cultura local de Buenos Aires. Con su ambiente vibrante y su ecl\u00e9ctica mezcla de antig\u00fcedades, artesan\u00eda y delicias culinarias, el mercado es un destino de visita obligada en San Telmo. Su gu\u00eda le llevar\u00e1 a trav\u00e9s de los animados puestos del mercado, compartiendo historias y conocimientos sobre la historia y el significado del mercado. Experimente la energ\u00eda del mercado y sum\u00e9rjase en el estilo de vida local durante su visita.<\/span><\/p>\n<p><b>Plaza Dorrego:<\/b><\/p>\n<p><span style=\"font-weight: 400;\">La Plaza Dorrego es el coraz\u00f3n de San Telmo y una de las plazas p\u00fablicas m\u00e1s antiguas de Buenos Aires. Rodeada de edificios hist\u00f3ricos y encantadores caf\u00e9s al aire libre, la plaza es un lugar de encuentro popular tanto para los lugare\u00f1os como para los visitantes. Los domingos, la plaza se transforma en una animada feria al aire libre, con actuaciones de tango, m\u00fasica en directo y vendedores ambulantes que ofrecen una gran variedad de art\u00edculos. Disfrute de este ambiente vibrante y \u00fanase a la fiesta durante su visita.<\/span><\/p>\n<p><b>Iglesia de San Pedro Telmo:<\/b><\/p>\n<p><span style=\"font-weight: 400;\">La Iglesia de San Pedro Telmo es una hermosa e hist\u00f3rica iglesia situada en el coraz\u00f3n del barrio de San Telmo. Su llamativa fachada barroca y su impresionante interior, repleto de altares ornamentados y obras de arte religioso, la convierten en una atracci\u00f3n de visita obligada. Durante la visita, su gu\u00eda le explicar\u00e1 la historia de la iglesia y su importancia para la comunidad de San Telmo. Comprender\u00e1 mejor el significado espiritual de la iglesia y su lugar en el paisaje cultural de Buenos Aires.<\/span><\/p>\n<p><b>La calle Defensa:<\/b><\/p>\n<p><span style=\"font-weight: 400;\">La calle Defensa es una de las m\u00e1s vibrantes e hist\u00f3ricas de San Telmo, repleta de encantadores edificios coloniales, galer\u00edas de arte y tiendas de antig\u00fcedades. Mientras camina por la calle, su gu\u00eda le contar\u00e1 historias fascinantes sobre la historia de la zona y su transformaci\u00f3n en un destino popular para los amantes del arte y los coleccionistas de antig\u00fcedades. No pierda la oportunidad de visitar algunas de las exclusivas tiendas y galer\u00edas durante su recorrido. Absorba la atm\u00f3sfera creativa que impregna la calle e inspira a su pr\u00f3spera comunidad art\u00edstica.<\/span><\/p>\n<p><b>Pasaje de la Defensa:<\/b><\/p>\n<p><span style=\"font-weight: 400;\">El Pasaje de la Defensa es una joya escondida dentro de San Telmo, que muestra la belleza arquitect\u00f3nica de Buenos Aires en un entorno pintoresco. Esta mansi\u00f3n restaurada del siglo XIX alberga ahora una colecci\u00f3n de tiendas boutique y caf\u00e9s, ofreciendo a los visitantes una experiencia \u00fanica de compras y gastronom\u00eda. Su gu\u00eda compartir\u00e1 con usted la cautivadora historia de la mansi\u00f3n y de sus antiguos residentes, ofreci\u00e9ndole una visi\u00f3n de la vida de la \u00e9lite de Buenos Aires durante la \u00e9poca dorada de la ciudad. Disfrute del encantador ambiente y de la sensaci\u00f3n de retroceder en el tiempo mientras explora este encantador lugar.<\/span><\/p>\n<p><a href=\"https:\/\/tourtravelandmore.com\/es\/ciudad\/argentina-es\/buenos-aires-es\/\"><span style=\"font-weight: 400;\">Explore los numerosos tours privados disponibles en Buenos Aires con Tour Travel and More.<\/span><\/a><span style=\"font-weight: 400;\"> Descubra las joyas ocultas de la ciudad, los tesoros culturales y los monumentos hist\u00f3ricos con nuestros gu\u00edas expertos. Visite nuestro sitio web para navegar por nuestra extensa lista de tours y experiencias, y reserve hoy mismo su aventura perfecta en Buenos Aires.<\/span><\/p>\n","protected":false},"excerpt":{"rendered":"<p><span style=\"font-weight: 400;\">Experimente el encanto y la historia de San Telmo en un tour privado a pie de 2 horas con Tour Travel and More. Explore los lugares de inter\u00e9s del barrio con un gu\u00eda experto.<\/span><\/p>\n","protected":false},"featured_media":168717,"comment_status":"open","ping_status":"closed","template":"","meta":{"_acf_changed":false},"product_brand":[],"product_cat":[4409,4412,4415,4421],"product_tag":[],"class_list":{"0":"post-168718","1":"product","2":"type-product","3":"status-publish","4":"has-post-thumbnail","6":"product_cat-argentina-es","7":"product_cat-buenos-aires-es","8":"product_cat-todos-los-tours-privados-es","9":"product_cat-tours-privados-a-pie-es-2","11":"first","12":"instock","13":"shipping-taxable","14":"purchasable","15":"product-type-simple"},"acf":[],"yoast_head":"<!-- This site is optimized with the Yoast SEO Premium plugin v25.3.1 (Yoast SEO v25.3.1) - https:\/\/yoast.com\/wordpress\/plugins\/seo\/ -->\n<title>\u27a1\ufe0f Tour Privado a Pie de San Telmo con Tour Travel and More<\/title>\n<meta name=\"description\" content=\"Descubra el vibrante barrio de San Telmo en un tour privado a pie de 2 horas. Explore monumentos hist\u00f3ricos, mercados y mucho m\u00e1s con un gu\u00eda experto \u2705.\" \/>\n<meta name=\"robots\" content=\"index, follow, max-snippet:-1, max-image-preview:large, max-video-preview:-1\" \/>\n<link rel=\"canonical\" href=\"https:\/\/tourtravelandmore.com\/es\/tours\/argentina-es\/buenos-aires-es\/todos-los-tours-privados-es\/visita-privada-a-pie-de-san-telmo\/\" \/>\n<meta property=\"og:locale\" content=\"es_ES\" \/>\n<meta property=\"og:type\" content=\"article\" \/>\n<meta property=\"og:title\" content=\"Visita privada a pie de San Telmo\" \/>\n<meta property=\"og:description\" content=\"Descubra el vibrante barrio de San Telmo en un tour privado a pie de 2 horas. Explore monumentos hist\u00f3ricos, mercados y mucho m\u00e1s con un gu\u00eda experto \u2705.\" \/>\n<meta property=\"og:url\" content=\"https:\/\/tourtravelandmore.com\/es\/tours\/argentina-es\/buenos-aires-es\/todos-los-tours-privados-es\/visita-privada-a-pie-de-san-telmo\/\" \/>\n<meta property=\"og:site_name\" content=\"Tour Travel And More\" \/>\n<meta property=\"article:publisher\" content=\"https:\/\/www.facebook.com\/tourtravelandmore\/\" \/>\n<meta property=\"article:modified_time\" content=\"2024-04-08T10:53:09+00:00\" \/>\n<meta property=\"og:image\" content=\"https:\/\/tourtravelandmore.com\/wp-content\/uploads\/2023\/05\/image4-2.jpg\" \/>\n\t<meta property=\"og:image:width\" content=\"950\" \/>\n\t<meta property=\"og:image:height\" content=\"750\" \/>\n\t<meta property=\"og:image:type\" content=\"image\/jpeg\" \/>\n<meta name=\"twitter:card\" content=\"summary_large_image\" \/>\n<meta name=\"twitter:site\" content=\"@TourTravel_More\" \/>\n<meta name=\"twitter:label1\" content=\"Tiempo de lectura\" \/>\n\t<meta name=\"twitter:data1\" content=\"4 minutos\" \/>\n<script type=\"application\/ld+json\" class=\"yoast-schema-graph\">{\"@context\":\"https:\/\/schema.org\",\"@graph\":[{\"@type\":\"WebPage\",\"@id\":\"https:\/\/tourtravelandmore.com\/es\/tours\/argentina-es\/buenos-aires-es\/todos-los-tours-privados-es\/visita-privada-a-pie-de-san-telmo\/\",\"url\":\"https:\/\/tourtravelandmore.com\/es\/tours\/argentina-es\/buenos-aires-es\/todos-los-tours-privados-es\/visita-privada-a-pie-de-san-telmo\/\",\"name\":\"\u27a1\ufe0f Tour Privado a Pie de San Telmo con Tour Travel and More\",\"isPartOf\":{\"@id\":\"https:\/\/tourtravelandmore.com\/es\/#website\"},\"primaryImageOfPage\":{\"@id\":\"https:\/\/tourtravelandmore.com\/es\/tours\/argentina-es\/buenos-aires-es\/todos-los-tours-privados-es\/visita-privada-a-pie-de-san-telmo\/#primaryimage\"},\"image\":{\"@id\":\"https:\/\/tourtravelandmore.com\/es\/tours\/argentina-es\/buenos-aires-es\/todos-los-tours-privados-es\/visita-privada-a-pie-de-san-telmo\/#primaryimage\"},\"thumbnailUrl\":\"https:\/\/tourtravelandmore.com\/wp-content\/uploads\/2023\/05\/image4-2.jpg\",\"datePublished\":\"2023-05-27T01:59:30+00:00\",\"dateModified\":\"2024-04-08T10:53:09+00:00\",\"description\":\"Descubra el vibrante barrio de San Telmo en un tour privado a pie de 2 horas. Explore monumentos hist\u00f3ricos, mercados y mucho m\u00e1s con un gu\u00eda experto \u2705.\",\"breadcrumb\":{\"@id\":\"https:\/\/tourtravelandmore.com\/es\/tours\/argentina-es\/buenos-aires-es\/todos-los-tours-privados-es\/visita-privada-a-pie-de-san-telmo\/#breadcrumb\"},\"inLanguage\":\"es\",\"potentialAction\":[{\"@type\":\"ReadAction\",\"target\":[\"https:\/\/tourtravelandmore.com\/es\/tours\/argentina-es\/buenos-aires-es\/todos-los-tours-privados-es\/visita-privada-a-pie-de-san-telmo\/\"]}]},{\"@type\":\"ImageObject\",\"inLanguage\":\"es\",\"@id\":\"https:\/\/tourtravelandmore.com\/es\/tours\/argentina-es\/buenos-aires-es\/todos-los-tours-privados-es\/visita-privada-a-pie-de-san-telmo\/#primaryimage\",\"url\":\"https:\/\/tourtravelandmore.com\/wp-content\/uploads\/2023\/05\/image4-2.jpg\",\"contentUrl\":\"https:\/\/tourtravelandmore.com\/wp-content\/uploads\/2023\/05\/image4-2.jpg\",\"width\":950,\"height\":750},{\"@type\":\"BreadcrumbList\",\"@id\":\"https:\/\/tourtravelandmore.com\/es\/tours\/argentina-es\/buenos-aires-es\/todos-los-tours-privados-es\/visita-privada-a-pie-de-san-telmo\/#breadcrumb\",\"itemListElement\":[{\"@type\":\"ListItem\",\"position\":1,\"name\":\"Home\",\"item\":\"https:\/\/tourtravelandmore.com\/es\/\"},{\"@type\":\"ListItem\",\"position\":2,\"name\":\"Tours\",\"item\":\"https:\/\/tourtravelandmore.com\/es\/tours\/\"},{\"@type\":\"ListItem\",\"position\":3,\"name\":\"Visita privada a pie de San Telmo\"}]},{\"@type\":\"WebSite\",\"@id\":\"https:\/\/tourtravelandmore.com\/es\/#website\",\"url\":\"https:\/\/tourtravelandmore.com\/es\/\",\"name\":\"Tour Travel And More\",\"description\":\"Private sightseeing tours and luxury transfers in Spain\",\"publisher\":{\"@id\":\"https:\/\/tourtravelandmore.com\/es\/#organization\"},\"potentialAction\":[{\"@type\":\"SearchAction\",\"target\":{\"@type\":\"EntryPoint\",\"urlTemplate\":\"https:\/\/tourtravelandmore.com\/es\/?s={search_term_string}\"},\"query-input\":{\"@type\":\"PropertyValueSpecification\",\"valueRequired\":true,\"valueName\":\"search_term_string\"}}],\"inLanguage\":\"es\"},{\"@type\":\"Organization\",\"@id\":\"https:\/\/tourtravelandmore.com\/es\/#organization\",\"name\":\"Tour Travel And More\",\"url\":\"https:\/\/tourtravelandmore.com\/es\/\",\"logo\":{\"@type\":\"ImageObject\",\"inLanguage\":\"es\",\"@id\":\"https:\/\/tourtravelandmore.com\/es\/#\/schema\/logo\/image\/\",\"url\":\"https:\/\/tourtravelandmore.com\/wp-content\/uploads\/2022\/12\/cropped-logo-cabecera-new.png\",\"contentUrl\":\"https:\/\/tourtravelandmore.com\/wp-content\/uploads\/2022\/12\/cropped-logo-cabecera-new.png\",\"width\":430,\"height\":61,\"caption\":\"Tour Travel And More\"},\"image\":{\"@id\":\"https:\/\/tourtravelandmore.com\/es\/#\/schema\/logo\/image\/\"},\"sameAs\":[\"https:\/\/www.facebook.com\/tourtravelandmore\/\",\"https:\/\/x.com\/TourTravel_More\"]}]}<\/script>\n<!-- \/ Yoast SEO Premium plugin. -->","yoast_head_json":{"title":"\u27a1\ufe0f Tour Privado a Pie de San Telmo con Tour Travel and More","description":"Descubra el vibrante barrio de San Telmo en un tour privado a pie de 2 horas. Explore monumentos hist\u00f3ricos, mercados y mucho m\u00e1s con un gu\u00eda experto \u2705.","robots":{"index":"index","follow":"follow","max-snippet":"max-snippet:-1","max-image-preview":"max-image-preview:large","max-video-preview":"max-video-preview:-1"},"canonical":"https:\/\/tourtravelandmore.com\/es\/tours\/argentina-es\/buenos-aires-es\/todos-los-tours-privados-es\/visita-privada-a-pie-de-san-telmo\/","og_locale":"es_ES","og_type":"article","og_title":"Visita privada a pie de San Telmo","og_description":"Descubra el vibrante barrio de San Telmo en un tour privado a pie de 2 horas. Explore monumentos hist\u00f3ricos, mercados y mucho m\u00e1s con un gu\u00eda experto \u2705.","og_url":"https:\/\/tourtravelandmore.com\/es\/tours\/argentina-es\/buenos-aires-es\/todos-los-tours-privados-es\/visita-privada-a-pie-de-san-telmo\/","og_site_name":"Tour Travel And More","article_publisher":"https:\/\/www.facebook.com\/tourtravelandmore\/","article_modified_time":"2024-04-08T10:53:09+00:00","og_image":[{"width":950,"height":750,"url":"https:\/\/tourtravelandmore.com\/wp-content\/uploads\/2023\/05\/image4-2.jpg","type":"image\/jpeg"}],"twitter_card":"summary_large_image","twitter_site":"@TourTravel_More","twitter_misc":{"Tiempo de lectura":"4 minutos"},"schema":{"@context":"https:\/\/schema.org","@graph":[{"@type":"WebPage","@id":"https:\/\/tourtravelandmore.com\/es\/tours\/argentina-es\/buenos-aires-es\/todos-los-tours-privados-es\/visita-privada-a-pie-de-san-telmo\/","url":"https:\/\/tourtravelandmore.com\/es\/tours\/argentina-es\/buenos-aires-es\/todos-los-tours-privados-es\/visita-privada-a-pie-de-san-telmo\/","name":"\u27a1\ufe0f Tour Privado a Pie de San Telmo con Tour Travel and More","isPartOf":{"@id":"https:\/\/tourtravelandmore.com\/es\/#website"},"primaryImageOfPage":{"@id":"https:\/\/tourtravelandmore.com\/es\/tours\/argentina-es\/buenos-aires-es\/todos-los-tours-privados-es\/visita-privada-a-pie-de-san-telmo\/#primaryimage"},"image":{"@id":"https:\/\/tourtravelandmore.com\/es\/tours\/argentina-es\/buenos-aires-es\/todos-los-tours-privados-es\/visita-privada-a-pie-de-san-telmo\/#primaryimage"},"thumbnailUrl":"https:\/\/tourtravelandmore.com\/wp-content\/uploads\/2023\/05\/image4-2.jpg","datePublished":"2023-05-27T01:59:30+00:00","dateModified":"2024-04-08T10:53:09+00:00","description":"Descubra el vibrante barrio de San Telmo en un tour privado a pie de 2 horas. Explore monumentos hist\u00f3ricos, mercados y mucho m\u00e1s con un gu\u00eda experto \u2705.","breadcrumb":{"@id":"https:\/\/tourtravelandmore.com\/es\/tours\/argentina-es\/buenos-aires-es\/todos-los-tours-privados-es\/visita-privada-a-pie-de-san-telmo\/#breadcrumb"},"inLanguage":"es","potentialAction":[{"@type":"ReadAction","target":["https:\/\/tourtravelandmore.com\/es\/tours\/argentina-es\/buenos-aires-es\/todos-los-tours-privados-es\/visita-privada-a-pie-de-san-telmo\/"]}]},{"@type":"ImageObject","inLanguage":"es","@id":"https:\/\/tourtravelandmore.com\/es\/tours\/argentina-es\/buenos-aires-es\/todos-los-tours-privados-es\/visita-privada-a-pie-de-san-telmo\/#primaryimage","url":"https:\/\/tourtravelandmore.com\/wp-content\/uploads\/2023\/05\/image4-2.jpg","contentUrl":"https:\/\/tourtravelandmore.com\/wp-content\/uploads\/2023\/05\/image4-2.jpg","width":950,"height":750},{"@type":"BreadcrumbList","@id":"https:\/\/tourtravelandmore.com\/es\/tours\/argentina-es\/buenos-aires-es\/todos-los-tours-privados-es\/visita-privada-a-pie-de-san-telmo\/#breadcrumb","itemListElement":[{"@type":"ListItem","position":1,"name":"Home","item":"https:\/\/tourtravelandmore.com\/es\/"},{"@type":"ListItem","position":2,"name":"Tours","item":"https:\/\/tourtravelandmore.com\/es\/tours\/"},{"@type":"ListItem","position":3,"name":"Visita privada a pie de San Telmo"}]},{"@type":"WebSite","@id":"https:\/\/tourtravelandmore.com\/es\/#website","url":"https:\/\/tourtravelandmore.com\/es\/","name":"Tour Travel And More","description":"Private sightseeing tours and luxury transfers in Spain","publisher":{"@id":"https:\/\/tourtravelandmore.com\/es\/#organization"},"potentialAction":[{"@type":"SearchAction","target":{"@type":"EntryPoint","urlTemplate":"https:\/\/tourtravelandmore.com\/es\/?s={search_term_string}"},"query-input":{"@type":"PropertyValueSpecification","valueRequired":true,"valueName":"search_term_string"}}],"inLanguage":"es"},{"@type":"Organization","@id":"https:\/\/tourtravelandmore.com\/es\/#organization","name":"Tour Travel And More","url":"https:\/\/tourtravelandmore.com\/es\/","logo":{"@type":"ImageObject","inLanguage":"es","@id":"https:\/\/tourtravelandmore.com\/es\/#\/schema\/logo\/image\/","url":"https:\/\/tourtravelandmore.com\/wp-content\/uploads\/2022\/12\/cropped-logo-cabecera-new.png","contentUrl":"https:\/\/tourtravelandmore.com\/wp-content\/uploads\/2022\/12\/cropped-logo-cabecera-new.png","width":430,"height":61,"caption":"Tour Travel And More"},"image":{"@id":"https:\/\/tourtravelandmore.com\/es\/#\/schema\/logo\/image\/"},"sameAs":["https:\/\/www.facebook.com\/tourtravelandmore\/","https:\/\/x.com\/TourTravel_More"]}]}},"_links":{"self":[{"href":"https:\/\/tourtravelandmore.com\/es\/wp-json\/wp\/v2\/product\/168718","targetHints":{"allow":["GET"]}}],"collection":[{"href":"https:\/\/tourtravelandmore.com\/es\/wp-json\/wp\/v2\/product"}],"about":[{"href":"https:\/\/tourtravelandmore.com\/es\/wp-json\/wp\/v2\/types\/product"}],"replies":[{"embeddable":true,"href":"https:\/\/tourtravelandmore.com\/es\/wp-json\/wp\/v2\/comments?post=168718"}],"wp:featuredmedia":[{"embeddable":true,"href":"https:\/\/tourtravelandmore.com\/es\/wp-json\/wp\/v2\/media\/168717"}],"wp:attachment":[{"href":"https:\/\/tourtravelandmore.com\/es\/wp-json\/wp\/v2\/media?parent=168718"}],"wp:term":[{"taxonomy":"product_brand","embeddable":true,"href":"https:\/\/tourtravelandmore.com\/es\/wp-json\/wp\/v2\/product_brand?post=168718"},{"taxonomy":"product_cat","embeddable":true,"href":"https:\/\/tourtravelandmore.com\/es\/wp-json\/wp\/v2\/product_cat?post=168718"},{"taxonomy":"product_tag","embeddable":true,"href":"https:\/\/tourtravelandmore.com\/es\/wp-json\/wp\/v2\/product_tag?post=168718"}],"curies":[{"name":"wp","href":"https:\/\/api.w.org\/{rel}","templated":true}]}}