{"id":168702,"date":"2023-05-27T03:44:36","date_gmt":"2023-05-27T01:50:02","guid":{"rendered":"https:\/\/tourtravelandmore.com\/?post_type=product&#038;p=168702"},"modified":"2024-04-08T12:48:57","modified_gmt":"2024-04-08T10:48:57","slug":"paseo-privado-por-el-centro-historico-de-buenos-aires","status":"publish","type":"product","link":"https:\/\/tourtravelandmore.com\/es\/tours\/argentina-es\/buenos-aires-es\/todos-los-tours-privados-es\/paseo-privado-por-el-centro-historico-de-buenos-aires\/","title":{"rendered":"Paseo privado por el Centro Hist\u00f3rico de Buenos Aires"},"content":{"rendered":"<h2><b>Descripci\u00f3n del Tour privado a pie por el Casco Hist\u00f3rico de Buenos Aires\u00a0<\/b><\/h2>\n<p><span style=\"font-weight: 400;\">Emb\u00e1rquese en un cautivador recorrido privado a pie de 2 horas por el centro hist\u00f3rico de Buenos Aires con Tour Travel and More. Acompa\u00f1ado por un gu\u00eda experto, profundizar\u00e1 en la rica historia de la ciudad y se maravillar\u00e1 con su impresionante arquitectura mientras la explora a pie. Esta inmersiva visita ofrece una visi\u00f3n \u00edntima y cercana de los monumentos y joyas ocultas que definen el coraz\u00f3n de la capital argentina. Conozca a fondo el patrimonio cultural de la ciudad y sienta la vibrante energ\u00eda que hace de Buenos Aires un destino inolvidable.<\/span><\/p>\n<h2><b>Recorrido privado a pie por los puntos de inter\u00e9s del centro hist\u00f3rico de Buenos Aires<\/b><\/h2>\n<p><span style=\"font-weight: 400;\">Descubra los principales lugares de inter\u00e9s que conforman el centro hist\u00f3rico de Buenos Aires. Desde majestuosos monumentos y grandes plazas hasta pintorescas calles adoquinadas y vibrante arte callejero, este recorrido ofrece una experiencia completa e inolvidable de los destinos m\u00e1s emblem\u00e1ticos y apreciados de la ciudad. Su gu\u00eda compartir\u00e1 con usted historias reveladoras y datos fascinantes sobre los lugares que visite, asegur\u00e1ndose de que se vaya con una apreciaci\u00f3n duradera de la historia y la cultura que dan forma a Buenos Aires.<\/span><\/p>\n<p><b>Casa Rosada:<\/b><\/p>\n<p><span style=\"font-weight: 400;\">La Casa Rosada es la mansi\u00f3n ejecutiva y el despacho del Presidente de Argentina. Este llamativo edificio de color rosa es un s\u00edmbolo emblem\u00e1tico de la pol\u00edtica y la historia argentinas. Su ornamentado estilo arquitect\u00f3nico y el famoso balc\u00f3n desde el que Eva Per\u00f3n se dirig\u00eda a las multitudes la convierten en un lugar de visita obligada en cualquier recorrido por Buenos Aires. Mientras explora la zona, su gu\u00eda le contar\u00e1 historias cautivadoras sobre la historia del edificio, su papel en la configuraci\u00f3n de la pol\u00edtica argentina y las figuras famosas que se han asomado a su emblem\u00e1tico balc\u00f3n.<\/span><\/p>\n<p><b>Catedral Metropolitana:<\/b><\/p>\n<p><span style=\"font-weight: 400;\">La Catedral Metropolitana es la principal iglesia cat\u00f3lica de Buenos Aires y la sede del arzobispado. Este magn\u00edfico edificio presenta una mezcla \u00fanica de estilos arquitect\u00f3nicos, como el neocl\u00e1sico, el barroco y el rococ\u00f3. En su interior encontrar\u00e1 impresionantes altares, obras de arte y la tumba del General Jos\u00e9 de San Mart\u00edn, h\u00e9roe nacional. Mientras se maravilla ante la belleza de la catedral, su gu\u00eda le ofrecer\u00e1 explicaciones detalladas sobre la importancia hist\u00f3rica de este hito religioso y su papel en la cultura argentina.<\/span><\/p>\n<p><b>Plaza de Mayo:<\/b><\/p>\n<p><span style=\"font-weight: 400;\">La Plaza de Mayo es el coraz\u00f3n pol\u00edtico e hist\u00f3rico de Buenos Aires. Esta emblem\u00e1tica plaza ha sido escenario de numerosos acontecimientos importantes de la historia argentina, como protestas, celebraciones y discursos pol\u00edticos. Rodeada de edificios gubernamentales y monumentos clave, la Plaza de Mayo es una parada esencial en cualquier recorrido hist\u00f3rico a pie por la ciudad. Pasee por la plaza con su gu\u00eda, que le proporcionar\u00e1 informaci\u00f3n fascinante sobre los acontecimientos que han tenido lugar aqu\u00ed y la importancia de este lugar en la rica historia de Buenos Aires.<\/span><\/p>\n<p><b>Caf\u00e9 Tortoni:<\/b><\/p>\n<p><span style=\"font-weight: 400;\">El Caf\u00e9 Tortoni es un caf\u00e9 hist\u00f3rico y emblem\u00e1tico situado en el coraz\u00f3n de Buenos Aires, que data de 1858. Como uno de los caf\u00e9s m\u00e1s antiguos de la ciudad, ha sido un lugar de encuentro popular para artistas, intelectuales y pol\u00edticos a lo largo de los a\u00f1os. Su elegante interior, adornado con vidrieras Tiffany, l\u00e1mparas de ara\u00f1a y mesas de m\u00e1rmol, le transportar\u00e1 a una \u00e9poca pasada. Durante la visita, su gu\u00eda le contar\u00e1 la historia del caf\u00e9 y de los famosos clientes que han frecuentado sus salones.<\/span><\/p>\n<p><a href=\"https:\/\/tourtravelandmore.com\/es\/ciudad\/argentina-es\/buenos-aires-es\/\"><span style=\"font-weight: 400;\">Para descubrir m\u00e1s sobre Buenos Aires y la amplia gama de tours privados ofrecidos por Tour Travel and More.<\/span><\/a><span style=\"font-weight: 400;\"> Encontrar\u00e1 una amplia selecci\u00f3n de tours dise\u00f1ados por expertos para adaptarse a sus intereses y preferencias, proporcionando experiencias inolvidables en esta vibrante ciudad.<\/span><\/p>\n","protected":false},"excerpt":{"rendered":"<p><span style=\"font-weight: 400;\">Explore el centro hist\u00f3rico de Buenos Aires en un recorrido privado a pie de 2 horas con un gu\u00eda experto. Descubra los lugares emblem\u00e1ticos de la ciudad, su rica historia y su cautivadora arquitectura.<\/span><\/p>\n","protected":false},"featured_media":168695,"comment_status":"open","ping_status":"closed","template":"","meta":{"_acf_changed":false},"product_brand":[],"product_cat":[4409,4412,4415,4421],"product_tag":[],"class_list":{"0":"post-168702","1":"product","2":"type-product","3":"status-publish","4":"has-post-thumbnail","6":"product_cat-argentina-es","7":"product_cat-buenos-aires-es","8":"product_cat-todos-los-tours-privados-es","9":"product_cat-tours-privados-a-pie-es-2","11":"first","12":"instock","13":"shipping-taxable","14":"purchasable","15":"product-type-simple"},"acf":[],"yoast_head":"<!-- This site is optimized with the Yoast SEO Premium plugin v25.3.1 (Yoast SEO v25.3.1) - https:\/\/yoast.com\/wordpress\/plugins\/seo\/ -->\n<title>\u27a1\ufe0f Tour privado a pie: Centro Hist\u00f3rico de Buenos Aires | Tour Travel &amp; More<\/title>\n<meta name=\"description\" content=\"Conozca el centro hist\u00f3rico de Buenos Aires en un tour privado a pie de 2 horas. Descubra lugares emblem\u00e1ticos con un gu\u00eda experto. \u00a1Reserve ahora! \u2705\" \/>\n<meta name=\"robots\" content=\"index, follow, max-snippet:-1, max-image-preview:large, max-video-preview:-1\" \/>\n<link rel=\"canonical\" href=\"https:\/\/tourtravelandmore.com\/es\/tours\/argentina-es\/buenos-aires-es\/todos-los-tours-privados-es\/paseo-privado-por-el-centro-historico-de-buenos-aires\/\" \/>\n<meta property=\"og:locale\" content=\"es_ES\" \/>\n<meta property=\"og:type\" content=\"article\" \/>\n<meta property=\"og:title\" content=\"Paseo privado por el Centro Hist\u00f3rico de Buenos Aires\" \/>\n<meta property=\"og:description\" content=\"Conozca el centro hist\u00f3rico de Buenos Aires en un tour privado a pie de 2 horas. Descubra lugares emblem\u00e1ticos con un gu\u00eda experto. \u00a1Reserve ahora! \u2705\" \/>\n<meta property=\"og:url\" content=\"https:\/\/tourtravelandmore.com\/es\/tours\/argentina-es\/buenos-aires-es\/todos-los-tours-privados-es\/paseo-privado-por-el-centro-historico-de-buenos-aires\/\" \/>\n<meta property=\"og:site_name\" content=\"Tour Travel And More\" \/>\n<meta property=\"article:publisher\" content=\"https:\/\/www.facebook.com\/tourtravelandmore\/\" \/>\n<meta property=\"article:modified_time\" content=\"2024-04-08T10:48:57+00:00\" \/>\n<meta property=\"og:image\" content=\"https:\/\/tourtravelandmore.com\/wp-content\/uploads\/2023\/05\/image2-1.jpg\" \/>\n\t<meta property=\"og:image:width\" content=\"950\" \/>\n\t<meta property=\"og:image:height\" content=\"750\" \/>\n\t<meta property=\"og:image:type\" content=\"image\/jpeg\" \/>\n<meta name=\"twitter:card\" content=\"summary_large_image\" \/>\n<meta name=\"twitter:site\" content=\"@TourTravel_More\" \/>\n<meta name=\"twitter:label1\" content=\"Tiempo de lectura\" \/>\n\t<meta name=\"twitter:data1\" content=\"3 minutos\" \/>\n<script type=\"application\/ld+json\" class=\"yoast-schema-graph\">{\"@context\":\"https:\/\/schema.org\",\"@graph\":[{\"@type\":\"WebPage\",\"@id\":\"https:\/\/tourtravelandmore.com\/es\/tours\/argentina-es\/buenos-aires-es\/todos-los-tours-privados-es\/paseo-privado-por-el-centro-historico-de-buenos-aires\/\",\"url\":\"https:\/\/tourtravelandmore.com\/es\/tours\/argentina-es\/buenos-aires-es\/todos-los-tours-privados-es\/paseo-privado-por-el-centro-historico-de-buenos-aires\/\",\"name\":\"\u27a1\ufe0f Tour privado a pie: Centro Hist\u00f3rico de Buenos Aires | Tour Travel & More\",\"isPartOf\":{\"@id\":\"https:\/\/tourtravelandmore.com\/es\/#website\"},\"primaryImageOfPage\":{\"@id\":\"https:\/\/tourtravelandmore.com\/es\/tours\/argentina-es\/buenos-aires-es\/todos-los-tours-privados-es\/paseo-privado-por-el-centro-historico-de-buenos-aires\/#primaryimage\"},\"image\":{\"@id\":\"https:\/\/tourtravelandmore.com\/es\/tours\/argentina-es\/buenos-aires-es\/todos-los-tours-privados-es\/paseo-privado-por-el-centro-historico-de-buenos-aires\/#primaryimage\"},\"thumbnailUrl\":\"https:\/\/tourtravelandmore.com\/wp-content\/uploads\/2023\/05\/image2-1.jpg\",\"datePublished\":\"2023-05-27T01:50:02+00:00\",\"dateModified\":\"2024-04-08T10:48:57+00:00\",\"description\":\"Conozca el centro hist\u00f3rico de Buenos Aires en un tour privado a pie de 2 horas. Descubra lugares emblem\u00e1ticos con un gu\u00eda experto. \u00a1Reserve ahora! \u2705\",\"breadcrumb\":{\"@id\":\"https:\/\/tourtravelandmore.com\/es\/tours\/argentina-es\/buenos-aires-es\/todos-los-tours-privados-es\/paseo-privado-por-el-centro-historico-de-buenos-aires\/#breadcrumb\"},\"inLanguage\":\"es\",\"potentialAction\":[{\"@type\":\"ReadAction\",\"target\":[\"https:\/\/tourtravelandmore.com\/es\/tours\/argentina-es\/buenos-aires-es\/todos-los-tours-privados-es\/paseo-privado-por-el-centro-historico-de-buenos-aires\/\"]}]},{\"@type\":\"ImageObject\",\"inLanguage\":\"es\",\"@id\":\"https:\/\/tourtravelandmore.com\/es\/tours\/argentina-es\/buenos-aires-es\/todos-los-tours-privados-es\/paseo-privado-por-el-centro-historico-de-buenos-aires\/#primaryimage\",\"url\":\"https:\/\/tourtravelandmore.com\/wp-content\/uploads\/2023\/05\/image2-1.jpg\",\"contentUrl\":\"https:\/\/tourtravelandmore.com\/wp-content\/uploads\/2023\/05\/image2-1.jpg\",\"width\":950,\"height\":750},{\"@type\":\"BreadcrumbList\",\"@id\":\"https:\/\/tourtravelandmore.com\/es\/tours\/argentina-es\/buenos-aires-es\/todos-los-tours-privados-es\/paseo-privado-por-el-centro-historico-de-buenos-aires\/#breadcrumb\",\"itemListElement\":[{\"@type\":\"ListItem\",\"position\":1,\"name\":\"Home\",\"item\":\"https:\/\/tourtravelandmore.com\/es\/\"},{\"@type\":\"ListItem\",\"position\":2,\"name\":\"Tours\",\"item\":\"https:\/\/tourtravelandmore.com\/es\/tours\/\"},{\"@type\":\"ListItem\",\"position\":3,\"name\":\"Paseo privado por el Centro Hist\u00f3rico de Buenos Aires\"}]},{\"@type\":\"WebSite\",\"@id\":\"https:\/\/tourtravelandmore.com\/es\/#website\",\"url\":\"https:\/\/tourtravelandmore.com\/es\/\",\"name\":\"Tour Travel And More\",\"description\":\"Private sightseeing tours and luxury transfers in Spain\",\"publisher\":{\"@id\":\"https:\/\/tourtravelandmore.com\/es\/#organization\"},\"potentialAction\":[{\"@type\":\"SearchAction\",\"target\":{\"@type\":\"EntryPoint\",\"urlTemplate\":\"https:\/\/tourtravelandmore.com\/es\/?s={search_term_string}\"},\"query-input\":{\"@type\":\"PropertyValueSpecification\",\"valueRequired\":true,\"valueName\":\"search_term_string\"}}],\"inLanguage\":\"es\"},{\"@type\":\"Organization\",\"@id\":\"https:\/\/tourtravelandmore.com\/es\/#organization\",\"name\":\"Tour Travel And More\",\"url\":\"https:\/\/tourtravelandmore.com\/es\/\",\"logo\":{\"@type\":\"ImageObject\",\"inLanguage\":\"es\",\"@id\":\"https:\/\/tourtravelandmore.com\/es\/#\/schema\/logo\/image\/\",\"url\":\"https:\/\/tourtravelandmore.com\/wp-content\/uploads\/2022\/12\/cropped-logo-cabecera-new.png\",\"contentUrl\":\"https:\/\/tourtravelandmore.com\/wp-content\/uploads\/2022\/12\/cropped-logo-cabecera-new.png\",\"width\":430,\"height\":61,\"caption\":\"Tour Travel And More\"},\"image\":{\"@id\":\"https:\/\/tourtravelandmore.com\/es\/#\/schema\/logo\/image\/\"},\"sameAs\":[\"https:\/\/www.facebook.com\/tourtravelandmore\/\",\"https:\/\/x.com\/TourTravel_More\"]}]}<\/script>\n<!-- \/ Yoast SEO Premium plugin. -->","yoast_head_json":{"title":"\u27a1\ufe0f Tour privado a pie: Centro Hist\u00f3rico de Buenos Aires | Tour Travel & More","description":"Conozca el centro hist\u00f3rico de Buenos Aires en un tour privado a pie de 2 horas. Descubra lugares emblem\u00e1ticos con un gu\u00eda experto. \u00a1Reserve ahora! \u2705","robots":{"index":"index","follow":"follow","max-snippet":"max-snippet:-1","max-image-preview":"max-image-preview:large","max-video-preview":"max-video-preview:-1"},"canonical":"https:\/\/tourtravelandmore.com\/es\/tours\/argentina-es\/buenos-aires-es\/todos-los-tours-privados-es\/paseo-privado-por-el-centro-historico-de-buenos-aires\/","og_locale":"es_ES","og_type":"article","og_title":"Paseo privado por el Centro Hist\u00f3rico de Buenos Aires","og_description":"Conozca el centro hist\u00f3rico de Buenos Aires en un tour privado a pie de 2 horas. Descubra lugares emblem\u00e1ticos con un gu\u00eda experto. \u00a1Reserve ahora! \u2705","og_url":"https:\/\/tourtravelandmore.com\/es\/tours\/argentina-es\/buenos-aires-es\/todos-los-tours-privados-es\/paseo-privado-por-el-centro-historico-de-buenos-aires\/","og_site_name":"Tour Travel And More","article_publisher":"https:\/\/www.facebook.com\/tourtravelandmore\/","article_modified_time":"2024-04-08T10:48:57+00:00","og_image":[{"width":950,"height":750,"url":"https:\/\/tourtravelandmore.com\/wp-content\/uploads\/2023\/05\/image2-1.jpg","type":"image\/jpeg"}],"twitter_card":"summary_large_image","twitter_site":"@TourTravel_More","twitter_misc":{"Tiempo de lectura":"3 minutos"},"schema":{"@context":"https:\/\/schema.org","@graph":[{"@type":"WebPage","@id":"https:\/\/tourtravelandmore.com\/es\/tours\/argentina-es\/buenos-aires-es\/todos-los-tours-privados-es\/paseo-privado-por-el-centro-historico-de-buenos-aires\/","url":"https:\/\/tourtravelandmore.com\/es\/tours\/argentina-es\/buenos-aires-es\/todos-los-tours-privados-es\/paseo-privado-por-el-centro-historico-de-buenos-aires\/","name":"\u27a1\ufe0f Tour privado a pie: Centro Hist\u00f3rico de Buenos Aires | Tour Travel & More","isPartOf":{"@id":"https:\/\/tourtravelandmore.com\/es\/#website"},"primaryImageOfPage":{"@id":"https:\/\/tourtravelandmore.com\/es\/tours\/argentina-es\/buenos-aires-es\/todos-los-tours-privados-es\/paseo-privado-por-el-centro-historico-de-buenos-aires\/#primaryimage"},"image":{"@id":"https:\/\/tourtravelandmore.com\/es\/tours\/argentina-es\/buenos-aires-es\/todos-los-tours-privados-es\/paseo-privado-por-el-centro-historico-de-buenos-aires\/#primaryimage"},"thumbnailUrl":"https:\/\/tourtravelandmore.com\/wp-content\/uploads\/2023\/05\/image2-1.jpg","datePublished":"2023-05-27T01:50:02+00:00","dateModified":"2024-04-08T10:48:57+00:00","description":"Conozca el centro hist\u00f3rico de Buenos Aires en un tour privado a pie de 2 horas. Descubra lugares emblem\u00e1ticos con un gu\u00eda experto. \u00a1Reserve ahora! \u2705","breadcrumb":{"@id":"https:\/\/tourtravelandmore.com\/es\/tours\/argentina-es\/buenos-aires-es\/todos-los-tours-privados-es\/paseo-privado-por-el-centro-historico-de-buenos-aires\/#breadcrumb"},"inLanguage":"es","potentialAction":[{"@type":"ReadAction","target":["https:\/\/tourtravelandmore.com\/es\/tours\/argentina-es\/buenos-aires-es\/todos-los-tours-privados-es\/paseo-privado-por-el-centro-historico-de-buenos-aires\/"]}]},{"@type":"ImageObject","inLanguage":"es","@id":"https:\/\/tourtravelandmore.com\/es\/tours\/argentina-es\/buenos-aires-es\/todos-los-tours-privados-es\/paseo-privado-por-el-centro-historico-de-buenos-aires\/#primaryimage","url":"https:\/\/tourtravelandmore.com\/wp-content\/uploads\/2023\/05\/image2-1.jpg","contentUrl":"https:\/\/tourtravelandmore.com\/wp-content\/uploads\/2023\/05\/image2-1.jpg","width":950,"height":750},{"@type":"BreadcrumbList","@id":"https:\/\/tourtravelandmore.com\/es\/tours\/argentina-es\/buenos-aires-es\/todos-los-tours-privados-es\/paseo-privado-por-el-centro-historico-de-buenos-aires\/#breadcrumb","itemListElement":[{"@type":"ListItem","position":1,"name":"Home","item":"https:\/\/tourtravelandmore.com\/es\/"},{"@type":"ListItem","position":2,"name":"Tours","item":"https:\/\/tourtravelandmore.com\/es\/tours\/"},{"@type":"ListItem","position":3,"name":"Paseo privado por el Centro Hist\u00f3rico de Buenos Aires"}]},{"@type":"WebSite","@id":"https:\/\/tourtravelandmore.com\/es\/#website","url":"https:\/\/tourtravelandmore.com\/es\/","name":"Tour Travel And More","description":"Private sightseeing tours and luxury transfers in Spain","publisher":{"@id":"https:\/\/tourtravelandmore.com\/es\/#organization"},"potentialAction":[{"@type":"SearchAction","target":{"@type":"EntryPoint","urlTemplate":"https:\/\/tourtravelandmore.com\/es\/?s={search_term_string}"},"query-input":{"@type":"PropertyValueSpecification","valueRequired":true,"valueName":"search_term_string"}}],"inLanguage":"es"},{"@type":"Organization","@id":"https:\/\/tourtravelandmore.com\/es\/#organization","name":"Tour Travel And More","url":"https:\/\/tourtravelandmore.com\/es\/","logo":{"@type":"ImageObject","inLanguage":"es","@id":"https:\/\/tourtravelandmore.com\/es\/#\/schema\/logo\/image\/","url":"https:\/\/tourtravelandmore.com\/wp-content\/uploads\/2022\/12\/cropped-logo-cabecera-new.png","contentUrl":"https:\/\/tourtravelandmore.com\/wp-content\/uploads\/2022\/12\/cropped-logo-cabecera-new.png","width":430,"height":61,"caption":"Tour Travel And More"},"image":{"@id":"https:\/\/tourtravelandmore.com\/es\/#\/schema\/logo\/image\/"},"sameAs":["https:\/\/www.facebook.com\/tourtravelandmore\/","https:\/\/x.com\/TourTravel_More"]}]}},"_links":{"self":[{"href":"https:\/\/tourtravelandmore.com\/es\/wp-json\/wp\/v2\/product\/168702","targetHints":{"allow":["GET"]}}],"collection":[{"href":"https:\/\/tourtravelandmore.com\/es\/wp-json\/wp\/v2\/product"}],"about":[{"href":"https:\/\/tourtravelandmore.com\/es\/wp-json\/wp\/v2\/types\/product"}],"replies":[{"embeddable":true,"href":"https:\/\/tourtravelandmore.com\/es\/wp-json\/wp\/v2\/comments?post=168702"}],"wp:featuredmedia":[{"embeddable":true,"href":"https:\/\/tourtravelandmore.com\/es\/wp-json\/wp\/v2\/media\/168695"}],"wp:attachment":[{"href":"https:\/\/tourtravelandmore.com\/es\/wp-json\/wp\/v2\/media?parent=168702"}],"wp:term":[{"taxonomy":"product_brand","embeddable":true,"href":"https:\/\/tourtravelandmore.com\/es\/wp-json\/wp\/v2\/product_brand?post=168702"},{"taxonomy":"product_cat","embeddable":true,"href":"https:\/\/tourtravelandmore.com\/es\/wp-json\/wp\/v2\/product_cat?post=168702"},{"taxonomy":"product_tag","embeddable":true,"href":"https:\/\/tourtravelandmore.com\/es\/wp-json\/wp\/v2\/product_tag?post=168702"}],"curies":[{"name":"wp","href":"https:\/\/api.w.org\/{rel}","templated":true}]}}