{"id":168686,"date":"2023-05-27T03:07:02","date_gmt":"2023-05-27T01:07:02","guid":{"rendered":"https:\/\/tourtravelandmore.com\/tours\/sin%20categor\u00eda\/excursion-privada-de-un-dia-con-lo-mas-destacado-de-buenos-aires\/"},"modified":"2024-04-08T12:54:37","modified_gmt":"2024-04-08T10:54:37","slug":"excursion-privada-de-un-dia-con-lo-mas-destacado-de-buenos-aires","status":"publish","type":"product","link":"https:\/\/tourtravelandmore.com\/es\/tours\/argentina-es\/buenos-aires-es\/todos-los-tours-privados-es\/excursion-privada-de-un-dia-con-lo-mas-destacado-de-buenos-aires\/","title":{"rendered":"Excursi\u00f3n privada de un d\u00eda con lo m\u00e1s destacado de Buenos Aires"},"content":{"rendered":"<h2><b>Descripci\u00f3n del Tour privado de d\u00eda completo con lo m\u00e1s destacado de Buenos Aires\u00a0<\/b><\/h2>\n<p><span style=\"font-weight: 400;\">Descubra la vibrante ciudad de Buenos Aires en un tour privado de d\u00eda completo con Tour Travel and More. Este tour de 8 horas ofrece una experiencia personalizada con un gu\u00eda profesional y un veh\u00edculo privado con conductor, garantizando una exploraci\u00f3n c\u00f3moda y enriquecedora de los lugares m\u00e1s emblem\u00e1ticos de la ciudad. Sum\u00e9rjase en la rica historia, arquitectura y cultura de la capital argentina mientras visita las atracciones imprescindibles y las joyas ocultas que hacen que esta ciudad sea verdaderamente \u00fanica. A lo largo del d\u00eda, su gu\u00eda compartir\u00e1 con usted historias cautivadoras y detalles reveladores sobre cada lugar, dando vida al pasado y al presente de Buenos Aires. Este inolvidable viaje es la manera perfecta de experimentar el encanto y la belleza de la ciudad, dej\u00e1ndole una impresi\u00f3n duradera de su vibrante esp\u00edritu.<\/span><\/p>\n<p><span style=\"font-weight: 400;\">Excursi\u00f3n privada de d\u00eda completo con los puntos de inter\u00e9s m\u00e1s destacados de Buenos Aires:<\/span><\/p>\n<p><span style=\"font-weight: 400;\">Experimente lo mejor de Buenos Aires con una cuidada selecci\u00f3n de puntos de inter\u00e9s que muestran la diversa oferta de la ciudad. Desde monumentos hist\u00f3ricos y coloridos barrios hasta impresionantes parques y animados mercados, este tour le llevar\u00e1 en un viaje a trav\u00e9s del rico tapiz de cultura, arte e historia de la ciudad, proporcion\u00e1ndole recuerdos inolvidables y una comprensi\u00f3n m\u00e1s profunda de Buenos Aires. Tendr\u00e1 la oportunidad de interactuar con los lugare\u00f1os, degustar la deliciosa cocina argentina y ser testigo directo de la energ\u00eda de la ciudad, lo que convierte a esta excursi\u00f3n en una experiencia aut\u00e9ntica y envolvente que va m\u00e1s all\u00e1 de la superficie.<\/span><\/p>\n<h2><b>Lugares de inter\u00e9s m\u00e1s populares de Buenos Aires:<\/b><\/h2>\n<p><b>Cementerio de la Recoleta:<\/b><\/p>\n<p><span style=\"font-weight: 400;\">El Cementerio de la Recoleta es un museo al aire libre con impresionantes mausoleos y estatuas, lo que lo convierte en un destino de visita obligada en Buenos Aires. En \u00e9l descansan los restos mortales de muchos argentinos famosos, como Eva Per\u00f3n, presidentes y premios Nobel. La intrincada arquitectura del cementerio y su rica historia lo convierten en un lugar fascinante para explorar. Al pasear por las estrechas calles de esta notable necr\u00f3polis, quedar\u00e1 cautivado por las art\u00edsticas tumbas, las elaboradas esculturas y las fascinantes historias de las personas que descansan aqu\u00ed. La serena atm\u00f3sfera del Cementerio de la Recoleta ofrece una perspectiva \u00fanica de la historia y la cultura argentinas, dejando una impresi\u00f3n duradera en los visitantes.<\/span><\/p>\n<p><b>Calle Caminito en La Boca:<\/b><\/p>\n<p><span style=\"font-weight: 400;\">La calle Caminito es una calle colorida y animada del hist\u00f3rico barrio de La Boca, famosa por sus edificios pintados de vivos colores, su arte callejero y sus espect\u00e1culos de tango. Esta zona emblem\u00e1tica muestra el rico patrimonio cultural y el esp\u00edritu art\u00edstico de Buenos Aires, proporcionando una experiencia verdaderamente \u00fanica a los visitantes. Al pasear por Caminito, descubrir\u00e1 un vibrante museo al aire libre lleno de artistas locales, artesanos y artistas callejeros. El ambiente animado, combinado con la arquitectura distintiva de la zona y su cautivadora historia, hacen de la calle Caminito una parada inolvidable en su recorrido por Buenos Aires.<\/span><\/p>\n<p><b>Mercado de San Telmo:<\/b><\/p>\n<p><span style=\"font-weight: 400;\">El Mercado de San Telmo es un bullicioso mercado hist\u00f3rico situado en uno de los barrios m\u00e1s antiguos de Buenos Aires. Conocido por su vibrante ambiente, el mercado es un tesoro de antig\u00fcedades, art\u00edculos vintage, artesan\u00eda y deliciosa comida callejera. Mientras explora los estrechos pasadizos y los animados puestos, podr\u00e1 saborear la mezcla \u00fanica de culturas y tradiciones de la ciudad. El Mercado de San Telmo es una visita obligada para todo aquel que quiera experimentar el aut\u00e9ntico esp\u00edritu bohemio de Buenos Aires.<\/span><\/p>\n<p><b>Costanera de Puerto Madero:<\/b><\/p>\n<p><span style=\"font-weight: 400;\">La costanera de Puerto Madero es un distrito portuario revitalizado que se ha convertido en uno de los barrios m\u00e1s modernos y exclusivos de Buenos Aires. Con sus elegantes rascacielos, lujosos hoteles y establecimientos gastron\u00f3micos, Puerto Madero ofrece un llamativo contraste con las zonas hist\u00f3ricas de la ciudad. Pasee por el pintoresco paseo mar\u00edtimo, admire el impresionante Puente de la Mujer y disfrute de vistas panor\u00e1micas del perfil de la ciudad. Esta zona contempor\u00e1nea ofrece una visi\u00f3n de la continua transformaci\u00f3n y crecimiento de Buenos Aires, lo que la convierte en una parte esencial de cualquier visita a la ciudad.<\/span><\/p>\n<p><span style=\"font-weight: 400;\">No pierda la oportunidad de explorar Buenos Aires con los mejores tours privados ofrecidos por Tour Travel and More. <\/span><a href=\"https:\/\/tourtravelandmore.com\/es\/ciudad\/argentina-es\/buenos-aires-es\/\"><span style=\"font-weight: 400;\">Navegue por nuestra extensa lista de tours de Buenos Aires en nuestra p\u00e1gina web<\/span><\/a><span style=\"font-weight: 400;\"> y reserve hoy mismo su experiencia inolvidable.<\/span><\/p>\n","protected":false},"excerpt":{"rendered":"<p><span style=\"font-weight: 400;\">Explore lo mejor de Buenos Aires con un tour privado de d\u00eda completo, visitando lugares emblem\u00e1ticos y joyas ocultas con un gu\u00eda profesional y un veh\u00edculo privado con conductor.<\/span><\/p>\n","protected":false},"featured_media":168680,"comment_status":"open","ping_status":"closed","template":"","meta":{"_acf_changed":false},"product_brand":[],"product_cat":[4409,4412,4415,4418],"product_tag":[],"class_list":{"0":"post-168686","1":"product","2":"type-product","3":"status-publish","4":"has-post-thumbnail","6":"product_cat-argentina-es","7":"product_cat-buenos-aires-es","8":"product_cat-todos-los-tours-privados-es","9":"product_cat-visitas-turisticas-privadas-es-4","11":"first","12":"instock","13":"shipping-taxable","14":"purchasable","15":"product-type-simple"},"acf":[],"yoast_head":"<!-- This site is optimized with the Yoast SEO Premium plugin v25.3.1 (Yoast SEO v25.3.1) - https:\/\/yoast.com\/wordpress\/plugins\/seo\/ -->\n<title>\u27a1\ufe0f Tour Privado de D\u00eda Completo por Buenos Aires | Tour Travel and More<\/title>\n<meta name=\"description\" content=\"Descubra la vibrante ciudad de Buenos Aires en un tour privado de d\u00eda completo con un gu\u00eda profesional y un veh\u00edculo privado. Visite lugares emblem\u00e1ticos y joyas ocultas. \u00a1Reserve ahora! \u2705\" \/>\n<meta name=\"robots\" content=\"index, follow, max-snippet:-1, max-image-preview:large, max-video-preview:-1\" \/>\n<link rel=\"canonical\" href=\"https:\/\/tourtravelandmore.com\/es\/tours\/argentina-es\/buenos-aires-es\/todos-los-tours-privados-es\/excursion-privada-de-un-dia-con-lo-mas-destacado-de-buenos-aires\/\" \/>\n<meta property=\"og:locale\" content=\"es_ES\" \/>\n<meta property=\"og:type\" content=\"article\" \/>\n<meta property=\"og:title\" content=\"Excursi\u00f3n privada de un d\u00eda con lo m\u00e1s destacado de Buenos Aires\" \/>\n<meta property=\"og:description\" content=\"Descubra la vibrante ciudad de Buenos Aires en un tour privado de d\u00eda completo con un gu\u00eda profesional y un veh\u00edculo privado. Visite lugares emblem\u00e1ticos y joyas ocultas. \u00a1Reserve ahora! \u2705\" \/>\n<meta property=\"og:url\" content=\"https:\/\/tourtravelandmore.com\/es\/tours\/argentina-es\/buenos-aires-es\/todos-los-tours-privados-es\/excursion-privada-de-un-dia-con-lo-mas-destacado-de-buenos-aires\/\" \/>\n<meta property=\"og:site_name\" content=\"Tour Travel And More\" \/>\n<meta property=\"article:publisher\" content=\"https:\/\/www.facebook.com\/tourtravelandmore\/\" \/>\n<meta property=\"article:modified_time\" content=\"2024-04-08T10:54:37+00:00\" \/>\n<meta property=\"og:image\" content=\"https:\/\/tourtravelandmore.com\/wp-content\/uploads\/2023\/05\/image3.jpg\" \/>\n\t<meta property=\"og:image:width\" content=\"950\" \/>\n\t<meta property=\"og:image:height\" content=\"750\" \/>\n\t<meta property=\"og:image:type\" content=\"image\/jpeg\" \/>\n<meta name=\"twitter:card\" content=\"summary_large_image\" \/>\n<meta name=\"twitter:site\" content=\"@TourTravel_More\" \/>\n<meta name=\"twitter:label1\" content=\"Tiempo de lectura\" \/>\n\t<meta name=\"twitter:data1\" content=\"4 minutos\" \/>\n<script type=\"application\/ld+json\" class=\"yoast-schema-graph\">{\"@context\":\"https:\/\/schema.org\",\"@graph\":[{\"@type\":\"WebPage\",\"@id\":\"https:\/\/tourtravelandmore.com\/es\/tours\/argentina-es\/buenos-aires-es\/todos-los-tours-privados-es\/excursion-privada-de-un-dia-con-lo-mas-destacado-de-buenos-aires\/\",\"url\":\"https:\/\/tourtravelandmore.com\/es\/tours\/argentina-es\/buenos-aires-es\/todos-los-tours-privados-es\/excursion-privada-de-un-dia-con-lo-mas-destacado-de-buenos-aires\/\",\"name\":\"\u27a1\ufe0f Tour Privado de D\u00eda Completo por Buenos Aires | Tour Travel and More\",\"isPartOf\":{\"@id\":\"https:\/\/tourtravelandmore.com\/es\/#website\"},\"primaryImageOfPage\":{\"@id\":\"https:\/\/tourtravelandmore.com\/es\/tours\/argentina-es\/buenos-aires-es\/todos-los-tours-privados-es\/excursion-privada-de-un-dia-con-lo-mas-destacado-de-buenos-aires\/#primaryimage\"},\"image\":{\"@id\":\"https:\/\/tourtravelandmore.com\/es\/tours\/argentina-es\/buenos-aires-es\/todos-los-tours-privados-es\/excursion-privada-de-un-dia-con-lo-mas-destacado-de-buenos-aires\/#primaryimage\"},\"thumbnailUrl\":\"https:\/\/tourtravelandmore.com\/wp-content\/uploads\/2023\/05\/image3.jpg\",\"datePublished\":\"2023-05-27T01:07:02+00:00\",\"dateModified\":\"2024-04-08T10:54:37+00:00\",\"description\":\"Descubra la vibrante ciudad de Buenos Aires en un tour privado de d\u00eda completo con un gu\u00eda profesional y un veh\u00edculo privado. Visite lugares emblem\u00e1ticos y joyas ocultas. \u00a1Reserve ahora! \u2705\",\"breadcrumb\":{\"@id\":\"https:\/\/tourtravelandmore.com\/es\/tours\/argentina-es\/buenos-aires-es\/todos-los-tours-privados-es\/excursion-privada-de-un-dia-con-lo-mas-destacado-de-buenos-aires\/#breadcrumb\"},\"inLanguage\":\"es\",\"potentialAction\":[{\"@type\":\"ReadAction\",\"target\":[\"https:\/\/tourtravelandmore.com\/es\/tours\/argentina-es\/buenos-aires-es\/todos-los-tours-privados-es\/excursion-privada-de-un-dia-con-lo-mas-destacado-de-buenos-aires\/\"]}]},{\"@type\":\"ImageObject\",\"inLanguage\":\"es\",\"@id\":\"https:\/\/tourtravelandmore.com\/es\/tours\/argentina-es\/buenos-aires-es\/todos-los-tours-privados-es\/excursion-privada-de-un-dia-con-lo-mas-destacado-de-buenos-aires\/#primaryimage\",\"url\":\"https:\/\/tourtravelandmore.com\/wp-content\/uploads\/2023\/05\/image3.jpg\",\"contentUrl\":\"https:\/\/tourtravelandmore.com\/wp-content\/uploads\/2023\/05\/image3.jpg\",\"width\":950,\"height\":750},{\"@type\":\"BreadcrumbList\",\"@id\":\"https:\/\/tourtravelandmore.com\/es\/tours\/argentina-es\/buenos-aires-es\/todos-los-tours-privados-es\/excursion-privada-de-un-dia-con-lo-mas-destacado-de-buenos-aires\/#breadcrumb\",\"itemListElement\":[{\"@type\":\"ListItem\",\"position\":1,\"name\":\"Home\",\"item\":\"https:\/\/tourtravelandmore.com\/es\/\"},{\"@type\":\"ListItem\",\"position\":2,\"name\":\"Tours\",\"item\":\"https:\/\/tourtravelandmore.com\/es\/tours\/\"},{\"@type\":\"ListItem\",\"position\":3,\"name\":\"Excursi\u00f3n privada de un d\u00eda con lo m\u00e1s destacado de Buenos Aires\"}]},{\"@type\":\"WebSite\",\"@id\":\"https:\/\/tourtravelandmore.com\/es\/#website\",\"url\":\"https:\/\/tourtravelandmore.com\/es\/\",\"name\":\"Tour Travel And More\",\"description\":\"Private sightseeing tours and luxury transfers in Spain\",\"publisher\":{\"@id\":\"https:\/\/tourtravelandmore.com\/es\/#organization\"},\"potentialAction\":[{\"@type\":\"SearchAction\",\"target\":{\"@type\":\"EntryPoint\",\"urlTemplate\":\"https:\/\/tourtravelandmore.com\/es\/?s={search_term_string}\"},\"query-input\":{\"@type\":\"PropertyValueSpecification\",\"valueRequired\":true,\"valueName\":\"search_term_string\"}}],\"inLanguage\":\"es\"},{\"@type\":\"Organization\",\"@id\":\"https:\/\/tourtravelandmore.com\/es\/#organization\",\"name\":\"Tour Travel And More\",\"url\":\"https:\/\/tourtravelandmore.com\/es\/\",\"logo\":{\"@type\":\"ImageObject\",\"inLanguage\":\"es\",\"@id\":\"https:\/\/tourtravelandmore.com\/es\/#\/schema\/logo\/image\/\",\"url\":\"https:\/\/tourtravelandmore.com\/wp-content\/uploads\/2022\/12\/cropped-logo-cabecera-new.png\",\"contentUrl\":\"https:\/\/tourtravelandmore.com\/wp-content\/uploads\/2022\/12\/cropped-logo-cabecera-new.png\",\"width\":430,\"height\":61,\"caption\":\"Tour Travel And More\"},\"image\":{\"@id\":\"https:\/\/tourtravelandmore.com\/es\/#\/schema\/logo\/image\/\"},\"sameAs\":[\"https:\/\/www.facebook.com\/tourtravelandmore\/\",\"https:\/\/x.com\/TourTravel_More\"]}]}<\/script>\n<!-- \/ Yoast SEO Premium plugin. -->","yoast_head_json":{"title":"\u27a1\ufe0f Tour Privado de D\u00eda Completo por Buenos Aires | Tour Travel and More","description":"Descubra la vibrante ciudad de Buenos Aires en un tour privado de d\u00eda completo con un gu\u00eda profesional y un veh\u00edculo privado. Visite lugares emblem\u00e1ticos y joyas ocultas. \u00a1Reserve ahora! \u2705","robots":{"index":"index","follow":"follow","max-snippet":"max-snippet:-1","max-image-preview":"max-image-preview:large","max-video-preview":"max-video-preview:-1"},"canonical":"https:\/\/tourtravelandmore.com\/es\/tours\/argentina-es\/buenos-aires-es\/todos-los-tours-privados-es\/excursion-privada-de-un-dia-con-lo-mas-destacado-de-buenos-aires\/","og_locale":"es_ES","og_type":"article","og_title":"Excursi\u00f3n privada de un d\u00eda con lo m\u00e1s destacado de Buenos Aires","og_description":"Descubra la vibrante ciudad de Buenos Aires en un tour privado de d\u00eda completo con un gu\u00eda profesional y un veh\u00edculo privado. Visite lugares emblem\u00e1ticos y joyas ocultas. \u00a1Reserve ahora! \u2705","og_url":"https:\/\/tourtravelandmore.com\/es\/tours\/argentina-es\/buenos-aires-es\/todos-los-tours-privados-es\/excursion-privada-de-un-dia-con-lo-mas-destacado-de-buenos-aires\/","og_site_name":"Tour Travel And More","article_publisher":"https:\/\/www.facebook.com\/tourtravelandmore\/","article_modified_time":"2024-04-08T10:54:37+00:00","og_image":[{"width":950,"height":750,"url":"https:\/\/tourtravelandmore.com\/wp-content\/uploads\/2023\/05\/image3.jpg","type":"image\/jpeg"}],"twitter_card":"summary_large_image","twitter_site":"@TourTravel_More","twitter_misc":{"Tiempo de lectura":"4 minutos"},"schema":{"@context":"https:\/\/schema.org","@graph":[{"@type":"WebPage","@id":"https:\/\/tourtravelandmore.com\/es\/tours\/argentina-es\/buenos-aires-es\/todos-los-tours-privados-es\/excursion-privada-de-un-dia-con-lo-mas-destacado-de-buenos-aires\/","url":"https:\/\/tourtravelandmore.com\/es\/tours\/argentina-es\/buenos-aires-es\/todos-los-tours-privados-es\/excursion-privada-de-un-dia-con-lo-mas-destacado-de-buenos-aires\/","name":"\u27a1\ufe0f Tour Privado de D\u00eda Completo por Buenos Aires | Tour Travel and More","isPartOf":{"@id":"https:\/\/tourtravelandmore.com\/es\/#website"},"primaryImageOfPage":{"@id":"https:\/\/tourtravelandmore.com\/es\/tours\/argentina-es\/buenos-aires-es\/todos-los-tours-privados-es\/excursion-privada-de-un-dia-con-lo-mas-destacado-de-buenos-aires\/#primaryimage"},"image":{"@id":"https:\/\/tourtravelandmore.com\/es\/tours\/argentina-es\/buenos-aires-es\/todos-los-tours-privados-es\/excursion-privada-de-un-dia-con-lo-mas-destacado-de-buenos-aires\/#primaryimage"},"thumbnailUrl":"https:\/\/tourtravelandmore.com\/wp-content\/uploads\/2023\/05\/image3.jpg","datePublished":"2023-05-27T01:07:02+00:00","dateModified":"2024-04-08T10:54:37+00:00","description":"Descubra la vibrante ciudad de Buenos Aires en un tour privado de d\u00eda completo con un gu\u00eda profesional y un veh\u00edculo privado. Visite lugares emblem\u00e1ticos y joyas ocultas. \u00a1Reserve ahora! \u2705","breadcrumb":{"@id":"https:\/\/tourtravelandmore.com\/es\/tours\/argentina-es\/buenos-aires-es\/todos-los-tours-privados-es\/excursion-privada-de-un-dia-con-lo-mas-destacado-de-buenos-aires\/#breadcrumb"},"inLanguage":"es","potentialAction":[{"@type":"ReadAction","target":["https:\/\/tourtravelandmore.com\/es\/tours\/argentina-es\/buenos-aires-es\/todos-los-tours-privados-es\/excursion-privada-de-un-dia-con-lo-mas-destacado-de-buenos-aires\/"]}]},{"@type":"ImageObject","inLanguage":"es","@id":"https:\/\/tourtravelandmore.com\/es\/tours\/argentina-es\/buenos-aires-es\/todos-los-tours-privados-es\/excursion-privada-de-un-dia-con-lo-mas-destacado-de-buenos-aires\/#primaryimage","url":"https:\/\/tourtravelandmore.com\/wp-content\/uploads\/2023\/05\/image3.jpg","contentUrl":"https:\/\/tourtravelandmore.com\/wp-content\/uploads\/2023\/05\/image3.jpg","width":950,"height":750},{"@type":"BreadcrumbList","@id":"https:\/\/tourtravelandmore.com\/es\/tours\/argentina-es\/buenos-aires-es\/todos-los-tours-privados-es\/excursion-privada-de-un-dia-con-lo-mas-destacado-de-buenos-aires\/#breadcrumb","itemListElement":[{"@type":"ListItem","position":1,"name":"Home","item":"https:\/\/tourtravelandmore.com\/es\/"},{"@type":"ListItem","position":2,"name":"Tours","item":"https:\/\/tourtravelandmore.com\/es\/tours\/"},{"@type":"ListItem","position":3,"name":"Excursi\u00f3n privada de un d\u00eda con lo m\u00e1s destacado de Buenos Aires"}]},{"@type":"WebSite","@id":"https:\/\/tourtravelandmore.com\/es\/#website","url":"https:\/\/tourtravelandmore.com\/es\/","name":"Tour Travel And More","description":"Private sightseeing tours and luxury transfers in Spain","publisher":{"@id":"https:\/\/tourtravelandmore.com\/es\/#organization"},"potentialAction":[{"@type":"SearchAction","target":{"@type":"EntryPoint","urlTemplate":"https:\/\/tourtravelandmore.com\/es\/?s={search_term_string}"},"query-input":{"@type":"PropertyValueSpecification","valueRequired":true,"valueName":"search_term_string"}}],"inLanguage":"es"},{"@type":"Organization","@id":"https:\/\/tourtravelandmore.com\/es\/#organization","name":"Tour Travel And More","url":"https:\/\/tourtravelandmore.com\/es\/","logo":{"@type":"ImageObject","inLanguage":"es","@id":"https:\/\/tourtravelandmore.com\/es\/#\/schema\/logo\/image\/","url":"https:\/\/tourtravelandmore.com\/wp-content\/uploads\/2022\/12\/cropped-logo-cabecera-new.png","contentUrl":"https:\/\/tourtravelandmore.com\/wp-content\/uploads\/2022\/12\/cropped-logo-cabecera-new.png","width":430,"height":61,"caption":"Tour Travel And More"},"image":{"@id":"https:\/\/tourtravelandmore.com\/es\/#\/schema\/logo\/image\/"},"sameAs":["https:\/\/www.facebook.com\/tourtravelandmore\/","https:\/\/x.com\/TourTravel_More"]}]}},"_links":{"self":[{"href":"https:\/\/tourtravelandmore.com\/es\/wp-json\/wp\/v2\/product\/168686","targetHints":{"allow":["GET"]}}],"collection":[{"href":"https:\/\/tourtravelandmore.com\/es\/wp-json\/wp\/v2\/product"}],"about":[{"href":"https:\/\/tourtravelandmore.com\/es\/wp-json\/wp\/v2\/types\/product"}],"replies":[{"embeddable":true,"href":"https:\/\/tourtravelandmore.com\/es\/wp-json\/wp\/v2\/comments?post=168686"}],"wp:featuredmedia":[{"embeddable":true,"href":"https:\/\/tourtravelandmore.com\/es\/wp-json\/wp\/v2\/media\/168680"}],"wp:attachment":[{"href":"https:\/\/tourtravelandmore.com\/es\/wp-json\/wp\/v2\/media?parent=168686"}],"wp:term":[{"taxonomy":"product_brand","embeddable":true,"href":"https:\/\/tourtravelandmore.com\/es\/wp-json\/wp\/v2\/product_brand?post=168686"},{"taxonomy":"product_cat","embeddable":true,"href":"https:\/\/tourtravelandmore.com\/es\/wp-json\/wp\/v2\/product_cat?post=168686"},{"taxonomy":"product_tag","embeddable":true,"href":"https:\/\/tourtravelandmore.com\/es\/wp-json\/wp\/v2\/product_tag?post=168686"}],"curies":[{"name":"wp","href":"https:\/\/api.w.org\/{rel}","templated":true}]}}