{"id":16644,"date":"2017-12-20T12:50:08","date_gmt":"2017-12-20T12:04:21","guid":{"rendered":"http:\/\/tourtravelandmore.com\/es\/?post_type=product&#038;p=16644"},"modified":"2023-01-21T02:03:26","modified_gmt":"2023-01-21T01:03:26","slug":"tapas-tour-granada-tour-privado-con-guia-oficial-y-tapas-incluido","status":"publish","type":"product","link":"https:\/\/tourtravelandmore.com\/es\/tours\/espana-es\/granada-es\/tapas-tour-granada-tour-privado-con-guia-oficial-y-tapas-incluido\/","title":{"rendered":"Tapas Tour Privado a pie en Granada"},"content":{"rendered":"<h2><strong>Descripci\u00f3n de las Tapas\u00a0Tour Privado a pie en Granada<\/strong><\/h2>\n<p>Descubre el centro hist\u00f3rico de Granada a pie gracias a este Tapas tour Granada. Vivir\u00e1s una experiencia Gastron\u00f3mica y a la vez conocer\u00e1s las principales calles de la ciudad de Granada.<\/p>\n<p>Nuestro gu\u00eda oficial no solo os recomendar\u00e1 bares t\u00edpicos de la ciudad, sino que a medida vayamos cambiando de bar, recorremos las principales calles de la ciudad y podr\u00e1s descubrir las historias y leyendas.<\/p>\n<p>El lugar de recogida ser\u00e1 en el centro de la <strong>ciudad de Granada,<\/strong> si su hotel se encuentra en el centro de la ciudad es posible organizar la recogida desde su hotel.<\/p>\n<p>La duraci\u00f3n de las Tapas tour Granada son 3 horas.<\/p>\n<p>Este tour es completamente personalizable y pod\u00e9is organizarlo como quer\u00e1is. Puede personalizar vuestro tour solo contactando con nosotros. Aqu\u00ed os dejamos un ejemplo de itinerario, el tour ser\u00e1 personalizado para que ve\u00e1is y conozc\u00e1is exactamente lo que quer\u00e9is ver en Granada.<\/p>\n<h2>Puntos de inter\u00e9s en las Tapas\u00a0Tour Privado a pie en Granada<\/h2>\n<p>Granada ha sido el hogar para distintas civilizaciones durante su larga historia, siendo hoy d\u00eda una de las ciudades m\u00e1s visitadas de Espa\u00f1a.<\/p>\n<p>Rodeada por 4 r\u00edos, la ciudad ofrece una muy amplia variedad de monumentos y sitios emblem\u00e1ticos que reflejan la historia hispanico-musulmana de la ciudad.<\/p>\n<p>A su vez, con el paso de los a\u00f1os, Granada fue estableci\u00e9ndose como una de las mejores ciudades en Espa\u00f1a para ir de tapas.<\/p>\n<p>Durante vuestro tour privado, podr\u00e9is ver entre otros monumentos, los siguientes:<\/p>\n<ul>\n<li><strong>Visitar\u00e1n 3 bares de la ciudad, donde tienen incluido una tapa y una bebida en cada uno de ellos. Los 3 bares incluidos estar\u00e1n ubicados en el centro hist\u00f3rico de la ciudad.<\/strong><\/li>\n<li><strong>Catedral<\/strong><\/li>\n<li><strong>Capilla Real<\/strong><\/li>\n<li><strong>\u00a1Mucho m\u00e1s del centro hist\u00f3rico!<\/strong><\/li>\n<\/ul>\n<p>Podr\u00e1n conocer la vida nocturna de la ciudad a su gu\u00eda oficial privado, quien os llevar\u00e1 a los mejores sitios de la ciudad para comer tapas.<\/p>\n<p>Podr\u00e9is disfrutar de Granada en todo su esplendor y conocer\u00e9is lo m\u00e1s emblem\u00e1tico de la ciudad.<\/p>\n<p>El tour terminar\u00e1 en el mismo sitio donde comenz\u00f3 o en un lugar c\u00e9ntrico a pie. Si est\u00e1is interesados en visitar alg\u00fan sitio puntual de Granada, no dud\u00e9is en consultarnos. Puedes consultar <a href=\"https:\/\/tourtravelandmore.com\/es\/ciudad\/espana-es\/cordoba-es\/\"><strong>aqu\u00ed<\/strong><\/a>, nuestro listado de tours privados de Granada.<\/p>\n","protected":false},"excerpt":{"rendered":"<p>Descubre la ciudad de Granada y recorre sus calles, gracias a este tour privado de Tapas. Vives una experiencia Gastronomica \u00fanica, a la vez que recorremos las principales calles del centro historico de la ciudad de Granana.<\/p>\n","protected":false},"featured_media":16650,"comment_status":"open","ping_status":"closed","template":"","meta":{"_acf_changed":false},"product_brand":[],"product_cat":[82,83,86],"product_tag":[],"class_list":{"0":"post-16644","1":"product","2":"type-product","3":"status-publish","4":"has-post-thumbnail","6":"product_cat-granada-es","7":"product_cat-granada-actividades-es","8":"product_cat-granada-tours-privados-pie-es","10":"first","11":"instock","12":"shipping-taxable","13":"purchasable","14":"product-type-simple"},"acf":[],"yoast_head":"<!-- This site is optimized with the Yoast SEO Premium plugin v25.3.1 (Yoast SEO v25.3.1) - https:\/\/yoast.com\/wordpress\/plugins\/seo\/ -->\n<title>\u27a1\ufe0f Tapas tour Granada | Tour Travel &amp; More<\/title>\n<meta name=\"description\" content=\"Descubre la ciudad, gracias a este Tapas tour Granada, d\u00f3nde podr\u00e1s recorrer a pie las principales calles de la ciudad y los bares tipicos de tapas \u2705\" \/>\n<meta name=\"robots\" content=\"index, follow, max-snippet:-1, max-image-preview:large, max-video-preview:-1\" \/>\n<link rel=\"canonical\" href=\"https:\/\/tourtravelandmore.com\/es\/tours\/espana-es\/granada-es\/tapas-tour-granada-tour-privado-con-guia-oficial-y-tapas-incluido\/\" \/>\n<meta property=\"og:locale\" content=\"es_ES\" \/>\n<meta property=\"og:type\" content=\"article\" \/>\n<meta property=\"og:title\" content=\"Tapas Tour Privado a pie en Granada\" \/>\n<meta property=\"og:description\" content=\"Descubre la ciudad, gracias a este Tapas tour Granada, d\u00f3nde podr\u00e1s recorrer a pie las principales calles de la ciudad y los bares tipicos de tapas \u2705\" \/>\n<meta property=\"og:url\" content=\"https:\/\/tourtravelandmore.com\/es\/tours\/espana-es\/granada-es\/tapas-tour-granada-tour-privado-con-guia-oficial-y-tapas-incluido\/\" \/>\n<meta property=\"og:site_name\" content=\"Tour Travel And More\" \/>\n<meta property=\"article:publisher\" content=\"https:\/\/www.facebook.com\/tourtravelandmore\/\" \/>\n<meta property=\"article:modified_time\" content=\"2023-01-21T01:03:26+00:00\" \/>\n<meta property=\"og:image\" content=\"https:\/\/tourtravelandmore.com\/wp-content\/uploads\/2017\/12\/granada-noche.jpg\" \/>\n\t<meta property=\"og:image:width\" content=\"1024\" \/>\n\t<meta property=\"og:image:height\" content=\"683\" \/>\n\t<meta property=\"og:image:type\" content=\"image\/jpeg\" \/>\n<meta name=\"twitter:card\" content=\"summary_large_image\" \/>\n<meta name=\"twitter:site\" content=\"@TourTravel_More\" \/>\n<meta name=\"twitter:label1\" content=\"Tiempo de lectura\" \/>\n\t<meta name=\"twitter:data1\" content=\"2 minutos\" \/>\n<script type=\"application\/ld+json\" class=\"yoast-schema-graph\">{\"@context\":\"https:\/\/schema.org\",\"@graph\":[{\"@type\":\"WebPage\",\"@id\":\"https:\/\/tourtravelandmore.com\/es\/tours\/espana-es\/granada-es\/tapas-tour-granada-tour-privado-con-guia-oficial-y-tapas-incluido\/\",\"url\":\"https:\/\/tourtravelandmore.com\/es\/tours\/espana-es\/granada-es\/tapas-tour-granada-tour-privado-con-guia-oficial-y-tapas-incluido\/\",\"name\":\"\u27a1\ufe0f Tapas tour Granada | Tour Travel & More\",\"isPartOf\":{\"@id\":\"https:\/\/tourtravelandmore.com\/es\/#website\"},\"primaryImageOfPage\":{\"@id\":\"https:\/\/tourtravelandmore.com\/es\/tours\/espana-es\/granada-es\/tapas-tour-granada-tour-privado-con-guia-oficial-y-tapas-incluido\/#primaryimage\"},\"image\":{\"@id\":\"https:\/\/tourtravelandmore.com\/es\/tours\/espana-es\/granada-es\/tapas-tour-granada-tour-privado-con-guia-oficial-y-tapas-incluido\/#primaryimage\"},\"thumbnailUrl\":\"https:\/\/tourtravelandmore.com\/wp-content\/uploads\/2017\/12\/granada-noche.jpg\",\"datePublished\":\"2017-12-20T12:04:21+00:00\",\"dateModified\":\"2023-01-21T01:03:26+00:00\",\"description\":\"Descubre la ciudad, gracias a este Tapas tour Granada, d\u00f3nde podr\u00e1s recorrer a pie las principales calles de la ciudad y los bares tipicos de tapas \u2705\",\"breadcrumb\":{\"@id\":\"https:\/\/tourtravelandmore.com\/es\/tours\/espana-es\/granada-es\/tapas-tour-granada-tour-privado-con-guia-oficial-y-tapas-incluido\/#breadcrumb\"},\"inLanguage\":\"es\",\"potentialAction\":[{\"@type\":\"ReadAction\",\"target\":[\"https:\/\/tourtravelandmore.com\/es\/tours\/espana-es\/granada-es\/tapas-tour-granada-tour-privado-con-guia-oficial-y-tapas-incluido\/\"]}]},{\"@type\":\"ImageObject\",\"inLanguage\":\"es\",\"@id\":\"https:\/\/tourtravelandmore.com\/es\/tours\/espana-es\/granada-es\/tapas-tour-granada-tour-privado-con-guia-oficial-y-tapas-incluido\/#primaryimage\",\"url\":\"https:\/\/tourtravelandmore.com\/wp-content\/uploads\/2017\/12\/granada-noche.jpg\",\"contentUrl\":\"https:\/\/tourtravelandmore.com\/wp-content\/uploads\/2017\/12\/granada-noche.jpg\",\"width\":1024,\"height\":683},{\"@type\":\"BreadcrumbList\",\"@id\":\"https:\/\/tourtravelandmore.com\/es\/tours\/espana-es\/granada-es\/tapas-tour-granada-tour-privado-con-guia-oficial-y-tapas-incluido\/#breadcrumb\",\"itemListElement\":[{\"@type\":\"ListItem\",\"position\":1,\"name\":\"Home\",\"item\":\"https:\/\/tourtravelandmore.com\/es\/\"},{\"@type\":\"ListItem\",\"position\":2,\"name\":\"Tours\",\"item\":\"https:\/\/tourtravelandmore.com\/es\/tours\/\"},{\"@type\":\"ListItem\",\"position\":3,\"name\":\"Tapas Tour Privado a pie en Granada\"}]},{\"@type\":\"WebSite\",\"@id\":\"https:\/\/tourtravelandmore.com\/es\/#website\",\"url\":\"https:\/\/tourtravelandmore.com\/es\/\",\"name\":\"Tour Travel And More\",\"description\":\"Private sightseeing tours and luxury transfers in Spain\",\"publisher\":{\"@id\":\"https:\/\/tourtravelandmore.com\/es\/#organization\"},\"potentialAction\":[{\"@type\":\"SearchAction\",\"target\":{\"@type\":\"EntryPoint\",\"urlTemplate\":\"https:\/\/tourtravelandmore.com\/es\/?s={search_term_string}\"},\"query-input\":{\"@type\":\"PropertyValueSpecification\",\"valueRequired\":true,\"valueName\":\"search_term_string\"}}],\"inLanguage\":\"es\"},{\"@type\":\"Organization\",\"@id\":\"https:\/\/tourtravelandmore.com\/es\/#organization\",\"name\":\"Tour Travel And More\",\"url\":\"https:\/\/tourtravelandmore.com\/es\/\",\"logo\":{\"@type\":\"ImageObject\",\"inLanguage\":\"es\",\"@id\":\"https:\/\/tourtravelandmore.com\/es\/#\/schema\/logo\/image\/\",\"url\":\"https:\/\/tourtravelandmore.com\/wp-content\/uploads\/2022\/12\/cropped-logo-cabecera-new.png\",\"contentUrl\":\"https:\/\/tourtravelandmore.com\/wp-content\/uploads\/2022\/12\/cropped-logo-cabecera-new.png\",\"width\":430,\"height\":61,\"caption\":\"Tour Travel And More\"},\"image\":{\"@id\":\"https:\/\/tourtravelandmore.com\/es\/#\/schema\/logo\/image\/\"},\"sameAs\":[\"https:\/\/www.facebook.com\/tourtravelandmore\/\",\"https:\/\/x.com\/TourTravel_More\"]}]}<\/script>\n<!-- \/ Yoast SEO Premium plugin. -->","yoast_head_json":{"title":"\u27a1\ufe0f Tapas tour Granada | Tour Travel & More","description":"Descubre la ciudad, gracias a este Tapas tour Granada, d\u00f3nde podr\u00e1s recorrer a pie las principales calles de la ciudad y los bares tipicos de tapas \u2705","robots":{"index":"index","follow":"follow","max-snippet":"max-snippet:-1","max-image-preview":"max-image-preview:large","max-video-preview":"max-video-preview:-1"},"canonical":"https:\/\/tourtravelandmore.com\/es\/tours\/espana-es\/granada-es\/tapas-tour-granada-tour-privado-con-guia-oficial-y-tapas-incluido\/","og_locale":"es_ES","og_type":"article","og_title":"Tapas Tour Privado a pie en Granada","og_description":"Descubre la ciudad, gracias a este Tapas tour Granada, d\u00f3nde podr\u00e1s recorrer a pie las principales calles de la ciudad y los bares tipicos de tapas \u2705","og_url":"https:\/\/tourtravelandmore.com\/es\/tours\/espana-es\/granada-es\/tapas-tour-granada-tour-privado-con-guia-oficial-y-tapas-incluido\/","og_site_name":"Tour Travel And More","article_publisher":"https:\/\/www.facebook.com\/tourtravelandmore\/","article_modified_time":"2023-01-21T01:03:26+00:00","og_image":[{"width":1024,"height":683,"url":"https:\/\/tourtravelandmore.com\/wp-content\/uploads\/2017\/12\/granada-noche.jpg","type":"image\/jpeg"}],"twitter_card":"summary_large_image","twitter_site":"@TourTravel_More","twitter_misc":{"Tiempo de lectura":"2 minutos"},"schema":{"@context":"https:\/\/schema.org","@graph":[{"@type":"WebPage","@id":"https:\/\/tourtravelandmore.com\/es\/tours\/espana-es\/granada-es\/tapas-tour-granada-tour-privado-con-guia-oficial-y-tapas-incluido\/","url":"https:\/\/tourtravelandmore.com\/es\/tours\/espana-es\/granada-es\/tapas-tour-granada-tour-privado-con-guia-oficial-y-tapas-incluido\/","name":"\u27a1\ufe0f Tapas tour Granada | Tour Travel & More","isPartOf":{"@id":"https:\/\/tourtravelandmore.com\/es\/#website"},"primaryImageOfPage":{"@id":"https:\/\/tourtravelandmore.com\/es\/tours\/espana-es\/granada-es\/tapas-tour-granada-tour-privado-con-guia-oficial-y-tapas-incluido\/#primaryimage"},"image":{"@id":"https:\/\/tourtravelandmore.com\/es\/tours\/espana-es\/granada-es\/tapas-tour-granada-tour-privado-con-guia-oficial-y-tapas-incluido\/#primaryimage"},"thumbnailUrl":"https:\/\/tourtravelandmore.com\/wp-content\/uploads\/2017\/12\/granada-noche.jpg","datePublished":"2017-12-20T12:04:21+00:00","dateModified":"2023-01-21T01:03:26+00:00","description":"Descubre la ciudad, gracias a este Tapas tour Granada, d\u00f3nde podr\u00e1s recorrer a pie las principales calles de la ciudad y los bares tipicos de tapas \u2705","breadcrumb":{"@id":"https:\/\/tourtravelandmore.com\/es\/tours\/espana-es\/granada-es\/tapas-tour-granada-tour-privado-con-guia-oficial-y-tapas-incluido\/#breadcrumb"},"inLanguage":"es","potentialAction":[{"@type":"ReadAction","target":["https:\/\/tourtravelandmore.com\/es\/tours\/espana-es\/granada-es\/tapas-tour-granada-tour-privado-con-guia-oficial-y-tapas-incluido\/"]}]},{"@type":"ImageObject","inLanguage":"es","@id":"https:\/\/tourtravelandmore.com\/es\/tours\/espana-es\/granada-es\/tapas-tour-granada-tour-privado-con-guia-oficial-y-tapas-incluido\/#primaryimage","url":"https:\/\/tourtravelandmore.com\/wp-content\/uploads\/2017\/12\/granada-noche.jpg","contentUrl":"https:\/\/tourtravelandmore.com\/wp-content\/uploads\/2017\/12\/granada-noche.jpg","width":1024,"height":683},{"@type":"BreadcrumbList","@id":"https:\/\/tourtravelandmore.com\/es\/tours\/espana-es\/granada-es\/tapas-tour-granada-tour-privado-con-guia-oficial-y-tapas-incluido\/#breadcrumb","itemListElement":[{"@type":"ListItem","position":1,"name":"Home","item":"https:\/\/tourtravelandmore.com\/es\/"},{"@type":"ListItem","position":2,"name":"Tours","item":"https:\/\/tourtravelandmore.com\/es\/tours\/"},{"@type":"ListItem","position":3,"name":"Tapas Tour Privado a pie en Granada"}]},{"@type":"WebSite","@id":"https:\/\/tourtravelandmore.com\/es\/#website","url":"https:\/\/tourtravelandmore.com\/es\/","name":"Tour Travel And More","description":"Private sightseeing tours and luxury transfers in Spain","publisher":{"@id":"https:\/\/tourtravelandmore.com\/es\/#organization"},"potentialAction":[{"@type":"SearchAction","target":{"@type":"EntryPoint","urlTemplate":"https:\/\/tourtravelandmore.com\/es\/?s={search_term_string}"},"query-input":{"@type":"PropertyValueSpecification","valueRequired":true,"valueName":"search_term_string"}}],"inLanguage":"es"},{"@type":"Organization","@id":"https:\/\/tourtravelandmore.com\/es\/#organization","name":"Tour Travel And More","url":"https:\/\/tourtravelandmore.com\/es\/","logo":{"@type":"ImageObject","inLanguage":"es","@id":"https:\/\/tourtravelandmore.com\/es\/#\/schema\/logo\/image\/","url":"https:\/\/tourtravelandmore.com\/wp-content\/uploads\/2022\/12\/cropped-logo-cabecera-new.png","contentUrl":"https:\/\/tourtravelandmore.com\/wp-content\/uploads\/2022\/12\/cropped-logo-cabecera-new.png","width":430,"height":61,"caption":"Tour Travel And More"},"image":{"@id":"https:\/\/tourtravelandmore.com\/es\/#\/schema\/logo\/image\/"},"sameAs":["https:\/\/www.facebook.com\/tourtravelandmore\/","https:\/\/x.com\/TourTravel_More"]}]}},"_links":{"self":[{"href":"https:\/\/tourtravelandmore.com\/es\/wp-json\/wp\/v2\/product\/16644","targetHints":{"allow":["GET"]}}],"collection":[{"href":"https:\/\/tourtravelandmore.com\/es\/wp-json\/wp\/v2\/product"}],"about":[{"href":"https:\/\/tourtravelandmore.com\/es\/wp-json\/wp\/v2\/types\/product"}],"replies":[{"embeddable":true,"href":"https:\/\/tourtravelandmore.com\/es\/wp-json\/wp\/v2\/comments?post=16644"}],"wp:featuredmedia":[{"embeddable":true,"href":"https:\/\/tourtravelandmore.com\/es\/wp-json\/wp\/v2\/media\/16650"}],"wp:attachment":[{"href":"https:\/\/tourtravelandmore.com\/es\/wp-json\/wp\/v2\/media?parent=16644"}],"wp:term":[{"taxonomy":"product_brand","embeddable":true,"href":"https:\/\/tourtravelandmore.com\/es\/wp-json\/wp\/v2\/product_brand?post=16644"},{"taxonomy":"product_cat","embeddable":true,"href":"https:\/\/tourtravelandmore.com\/es\/wp-json\/wp\/v2\/product_cat?post=16644"},{"taxonomy":"product_tag","embeddable":true,"href":"https:\/\/tourtravelandmore.com\/es\/wp-json\/wp\/v2\/product_tag?post=16644"}],"curies":[{"name":"wp","href":"https:\/\/api.w.org\/{rel}","templated":true}]}}