{"id":164956,"date":"2023-04-29T10:01:10","date_gmt":"2023-04-29T08:01:10","guid":{"rendered":"https:\/\/tourtravelandmore.com\/tours\/sin%20categor\u00eda\/tour-privado-a-andorra-desde-barcelona\/"},"modified":"2024-04-01T09:57:13","modified_gmt":"2024-04-01T07:57:13","slug":"tour-privado-a-andorra-desde-barcelona","status":"publish","type":"product","link":"https:\/\/tourtravelandmore.com\/es\/tours\/andorra\/andorra-la-vella\/todos-los-tours-privados\/tour-privado-a-andorra-desde-barcelona\/","title":{"rendered":"Tour Privado a Andorra desde Barcelona"},"content":{"rendered":"<h2><b>Descripci\u00f3n del Tour Privado a Andorra desde Barcelona\u00a0<\/b><\/h2>\n<p><span style=\"font-weight: 400;\">Emb\u00e1rquese en una inolvidable excursi\u00f3n privada de 12 horas desde Barcelona al pintoresco pa\u00eds de Andorra, enclavado en el coraz\u00f3n de los Pirineos. Con un c\u00f3modo veh\u00edculo para todo el trayecto y un gu\u00eda experto durante 4 horas en Andorra, explorar\u00e1 la capital, Andorra la Vella, y la encantadora zona de Engolasters. Descubra los impresionantes paisajes de la regi\u00f3n, su rica historia y su encantadora cultura en esta aventura hecha a medida. Experimente la tranquilidad y el encanto de los Pirineos, creando recuerdos imborrables mientras explora los lugares m\u00e1s cautivadores de Andorra.<\/span><\/p>\n<h2><b>Puntos de inter\u00e9s en la Excursi\u00f3n privada a Andorra desde Barcelona<\/b><\/h2>\n<p><span style=\"font-weight: 400;\">Esta cautivadora excursi\u00f3n le llevar\u00e1 a trav\u00e9s de los Pirineos hasta la encantadora ciudad de Andorra la Vella y la serena zona de Engolasters. Explore lugares emblem\u00e1ticos, pintorescas vistas de lagos y una iglesia hist\u00f3rica mientras aprende sobre el patrimonio \u00fanico de Andorra. Cada parada ofrece una visi\u00f3n fascinante de la belleza y la historia de este cautivador pa\u00eds. Su gu\u00eda experto le har\u00e1 part\u00edcipe de interesantes an\u00e9cdotas y reflexiones, garantiz\u00e1ndole una experiencia inolvidable y enriquecedora en el coraz\u00f3n de los Pirineos.<\/span><\/p>\n<p><b>Andorra la Vella:<\/b><\/p>\n<p><span style=\"font-weight: 400;\">Descubra la capital de Andorra, Andorra la Vella, con su ambiente vibrante, su rica historia y su animado ambiente comercial. Explore las encantadoras calles y plazas de la ciudad y conozca su mezcla \u00fanica de influencias catalanas, francesas y espa\u00f1olas. Visite lugares emblem\u00e1ticos y sum\u00e9rjase en la cultura local mientras pasea por esta cautivadora capital de monta\u00f1a.<\/span><\/p>\n<p><b>Lago de Engolasters:<\/b><\/p>\n<p><span style=\"font-weight: 400;\">Enclavado en las monta\u00f1as de los Pirineos, el lago de Engolasters ofrece impresionantes vistas panor\u00e1micas y un entorno sereno. Destino popular para los amantes de la naturaleza y los excursionistas, el lago ofrece una escapada tranquila del ajetreo de la ciudad. Contemple la majestuosa belleza de los Pirineos mientras disfruta de un tranquilo paseo por las orillas del lago o de un pintoresco picnic en el id\u00edlico paisaje.<\/span><\/p>\n<p><b>Iglesia de Egolasters:<\/b><\/p>\n<p><span style=\"font-weight: 400;\">Visite la hist\u00f3rica iglesia rom\u00e1nica de Sant Miquel d&#8217;Engolasters, que data del siglo XII. Admire su arquitectura \u00fanica y su pintoresco entorno, y conozca el importante papel que ha desempe\u00f1ado en la historia de Andorra. Mientras explora la iglesia y sus alrededores, podr\u00e1 apreciar mejor el rico patrimonio cultural y la belleza intemporal de la regi\u00f3n.<\/span><\/p>\n<p><b>Casa de la Vall:<\/b><\/p>\n<p><span style=\"font-weight: 400;\">Descubra la hist\u00f3rica Casa de la Vall, el antiguo edificio del Parlamento de Andorra, situado en Andorra la Vella. Construida en el siglo XVI, esta impresionante estructura es una atracci\u00f3n de visita obligada por su sorprendente arquitectura y su importante papel en la historia de Andorra. Realice una visita guiada para profundizar en el pasado del edificio y conocer los acontecimientos pol\u00edticos y sociales que han dado forma a esta peque\u00f1a naci\u00f3n a lo largo de los siglos.<\/span><\/p>\n<p><span style=\"font-weight: 400;\">Descubra m\u00e1s fascinantes tours y experiencias en Andorra ofrecidos por Tour Travel and More. <\/span><a href=\"https:\/\/tourtravelandmore.com\/es\/ciudad\/andorra\/\"><span style=\"font-weight: 400;\">Encuentre el tour privado perfecto para que su viaje a Andorra sea realmente inolvidable.<\/span><\/a><\/p>\n","protected":false},"excerpt":{"rendered":"<p><span style=\"font-weight: 400;\">Explore la belleza y la historia de Andorra en una excursi\u00f3n privada de 12 horas desde Barcelona, con Andorra la Vella, el lago de Engolasters y la iglesia de Engolasters.<\/span><\/p>\n","protected":false},"featured_media":164950,"comment_status":"open","ping_status":"closed","template":"","meta":{"_acf_changed":false},"product_brand":[],"product_cat":[4373,4390,4395,4397,69,283,266,267],"product_tag":[],"class_list":{"0":"post-164956","1":"product","2":"type-product","3":"status-publish","4":"has-post-thumbnail","6":"product_cat-andorra","7":"product_cat-andorra-la-vella","8":"product_cat-todos-los-tours-privados","9":"product_cat-visitas-turisticas-privadas-es-3","10":"product_cat-barcelona-es","11":"product_cat-barcelona-top-ventas-es","12":"product_cat-barcelona-actividades-es","13":"product_cat-barcelona-excursiones-es","15":"first","16":"instock","17":"shipping-taxable","18":"purchasable","19":"product-type-simple"},"acf":[],"yoast_head":"<!-- This site is optimized with the Yoast SEO Premium plugin v25.3.1 (Yoast SEO v25.3.1) - https:\/\/yoast.com\/wordpress\/plugins\/seo\/ -->\n<title>\u27a1\ufe0f Tour Privado a Andorra desde Barcelona | Tour Travel and More<\/title>\n<meta name=\"description\" content=\"Experimente la cautivadora belleza de Andorra en un tour privado de 12 horas desde Barcelona. Explore Andorra la Vella, el lago de Engolasters y la iglesia de Engolasters \u2705.\" \/>\n<meta name=\"robots\" content=\"index, follow, max-snippet:-1, max-image-preview:large, max-video-preview:-1\" \/>\n<link rel=\"canonical\" href=\"https:\/\/tourtravelandmore.com\/es\/tours\/andorra\/andorra-la-vella\/todos-los-tours-privados\/tour-privado-a-andorra-desde-barcelona\/\" \/>\n<meta property=\"og:locale\" content=\"es_ES\" \/>\n<meta property=\"og:type\" content=\"article\" \/>\n<meta property=\"og:title\" content=\"Tour Privado a Andorra desde Barcelona\" \/>\n<meta property=\"og:description\" content=\"Experimente la cautivadora belleza de Andorra en un tour privado de 12 horas desde Barcelona. Explore Andorra la Vella, el lago de Engolasters y la iglesia de Engolasters \u2705.\" \/>\n<meta property=\"og:url\" content=\"https:\/\/tourtravelandmore.com\/es\/tours\/andorra\/andorra-la-vella\/todos-los-tours-privados\/tour-privado-a-andorra-desde-barcelona\/\" \/>\n<meta property=\"og:site_name\" content=\"Tour Travel And More\" \/>\n<meta property=\"article:publisher\" content=\"https:\/\/www.facebook.com\/tourtravelandmore\/\" \/>\n<meta property=\"article:modified_time\" content=\"2024-04-01T07:57:13+00:00\" \/>\n<meta property=\"og:image\" content=\"https:\/\/tourtravelandmore.com\/wp-content\/uploads\/2023\/04\/image4-17.jpg\" \/>\n\t<meta property=\"og:image:width\" content=\"950\" \/>\n\t<meta property=\"og:image:height\" content=\"750\" \/>\n\t<meta property=\"og:image:type\" content=\"image\/jpeg\" \/>\n<meta name=\"twitter:card\" content=\"summary_large_image\" \/>\n<meta name=\"twitter:site\" content=\"@TourTravel_More\" \/>\n<meta name=\"twitter:label1\" content=\"Tiempo de lectura\" \/>\n\t<meta name=\"twitter:data1\" content=\"3 minutos\" \/>\n<script type=\"application\/ld+json\" class=\"yoast-schema-graph\">{\"@context\":\"https:\/\/schema.org\",\"@graph\":[{\"@type\":\"WebPage\",\"@id\":\"https:\/\/tourtravelandmore.com\/es\/tours\/andorra\/andorra-la-vella\/todos-los-tours-privados\/tour-privado-a-andorra-desde-barcelona\/\",\"url\":\"https:\/\/tourtravelandmore.com\/es\/tours\/andorra\/andorra-la-vella\/todos-los-tours-privados\/tour-privado-a-andorra-desde-barcelona\/\",\"name\":\"\u27a1\ufe0f Tour Privado a Andorra desde Barcelona | Tour Travel and More\",\"isPartOf\":{\"@id\":\"https:\/\/tourtravelandmore.com\/es\/#website\"},\"primaryImageOfPage\":{\"@id\":\"https:\/\/tourtravelandmore.com\/es\/tours\/andorra\/andorra-la-vella\/todos-los-tours-privados\/tour-privado-a-andorra-desde-barcelona\/#primaryimage\"},\"image\":{\"@id\":\"https:\/\/tourtravelandmore.com\/es\/tours\/andorra\/andorra-la-vella\/todos-los-tours-privados\/tour-privado-a-andorra-desde-barcelona\/#primaryimage\"},\"thumbnailUrl\":\"https:\/\/tourtravelandmore.com\/wp-content\/uploads\/2023\/04\/image4-17.jpg\",\"datePublished\":\"2023-04-29T08:01:10+00:00\",\"dateModified\":\"2024-04-01T07:57:13+00:00\",\"description\":\"Experimente la cautivadora belleza de Andorra en un tour privado de 12 horas desde Barcelona. Explore Andorra la Vella, el lago de Engolasters y la iglesia de Engolasters \u2705.\",\"breadcrumb\":{\"@id\":\"https:\/\/tourtravelandmore.com\/es\/tours\/andorra\/andorra-la-vella\/todos-los-tours-privados\/tour-privado-a-andorra-desde-barcelona\/#breadcrumb\"},\"inLanguage\":\"es\",\"potentialAction\":[{\"@type\":\"ReadAction\",\"target\":[\"https:\/\/tourtravelandmore.com\/es\/tours\/andorra\/andorra-la-vella\/todos-los-tours-privados\/tour-privado-a-andorra-desde-barcelona\/\"]}]},{\"@type\":\"ImageObject\",\"inLanguage\":\"es\",\"@id\":\"https:\/\/tourtravelandmore.com\/es\/tours\/andorra\/andorra-la-vella\/todos-los-tours-privados\/tour-privado-a-andorra-desde-barcelona\/#primaryimage\",\"url\":\"https:\/\/tourtravelandmore.com\/wp-content\/uploads\/2023\/04\/image4-17.jpg\",\"contentUrl\":\"https:\/\/tourtravelandmore.com\/wp-content\/uploads\/2023\/04\/image4-17.jpg\",\"width\":950,\"height\":750},{\"@type\":\"BreadcrumbList\",\"@id\":\"https:\/\/tourtravelandmore.com\/es\/tours\/andorra\/andorra-la-vella\/todos-los-tours-privados\/tour-privado-a-andorra-desde-barcelona\/#breadcrumb\",\"itemListElement\":[{\"@type\":\"ListItem\",\"position\":1,\"name\":\"Home\",\"item\":\"https:\/\/tourtravelandmore.com\/es\/\"},{\"@type\":\"ListItem\",\"position\":2,\"name\":\"Tours\",\"item\":\"https:\/\/tourtravelandmore.com\/es\/tours\/\"},{\"@type\":\"ListItem\",\"position\":3,\"name\":\"Tour Privado a Andorra desde Barcelona\"}]},{\"@type\":\"WebSite\",\"@id\":\"https:\/\/tourtravelandmore.com\/es\/#website\",\"url\":\"https:\/\/tourtravelandmore.com\/es\/\",\"name\":\"Tour Travel And More\",\"description\":\"Private sightseeing tours and luxury transfers in Spain\",\"publisher\":{\"@id\":\"https:\/\/tourtravelandmore.com\/es\/#organization\"},\"potentialAction\":[{\"@type\":\"SearchAction\",\"target\":{\"@type\":\"EntryPoint\",\"urlTemplate\":\"https:\/\/tourtravelandmore.com\/es\/?s={search_term_string}\"},\"query-input\":{\"@type\":\"PropertyValueSpecification\",\"valueRequired\":true,\"valueName\":\"search_term_string\"}}],\"inLanguage\":\"es\"},{\"@type\":\"Organization\",\"@id\":\"https:\/\/tourtravelandmore.com\/es\/#organization\",\"name\":\"Tour Travel And More\",\"url\":\"https:\/\/tourtravelandmore.com\/es\/\",\"logo\":{\"@type\":\"ImageObject\",\"inLanguage\":\"es\",\"@id\":\"https:\/\/tourtravelandmore.com\/es\/#\/schema\/logo\/image\/\",\"url\":\"https:\/\/tourtravelandmore.com\/wp-content\/uploads\/2022\/12\/cropped-logo-cabecera-new.png\",\"contentUrl\":\"https:\/\/tourtravelandmore.com\/wp-content\/uploads\/2022\/12\/cropped-logo-cabecera-new.png\",\"width\":430,\"height\":61,\"caption\":\"Tour Travel And More\"},\"image\":{\"@id\":\"https:\/\/tourtravelandmore.com\/es\/#\/schema\/logo\/image\/\"},\"sameAs\":[\"https:\/\/www.facebook.com\/tourtravelandmore\/\",\"https:\/\/x.com\/TourTravel_More\"]}]}<\/script>\n<!-- \/ Yoast SEO Premium plugin. -->","yoast_head_json":{"title":"\u27a1\ufe0f Tour Privado a Andorra desde Barcelona | Tour Travel and More","description":"Experimente la cautivadora belleza de Andorra en un tour privado de 12 horas desde Barcelona. Explore Andorra la Vella, el lago de Engolasters y la iglesia de Engolasters \u2705.","robots":{"index":"index","follow":"follow","max-snippet":"max-snippet:-1","max-image-preview":"max-image-preview:large","max-video-preview":"max-video-preview:-1"},"canonical":"https:\/\/tourtravelandmore.com\/es\/tours\/andorra\/andorra-la-vella\/todos-los-tours-privados\/tour-privado-a-andorra-desde-barcelona\/","og_locale":"es_ES","og_type":"article","og_title":"Tour Privado a Andorra desde Barcelona","og_description":"Experimente la cautivadora belleza de Andorra en un tour privado de 12 horas desde Barcelona. Explore Andorra la Vella, el lago de Engolasters y la iglesia de Engolasters \u2705.","og_url":"https:\/\/tourtravelandmore.com\/es\/tours\/andorra\/andorra-la-vella\/todos-los-tours-privados\/tour-privado-a-andorra-desde-barcelona\/","og_site_name":"Tour Travel And More","article_publisher":"https:\/\/www.facebook.com\/tourtravelandmore\/","article_modified_time":"2024-04-01T07:57:13+00:00","og_image":[{"width":950,"height":750,"url":"https:\/\/tourtravelandmore.com\/wp-content\/uploads\/2023\/04\/image4-17.jpg","type":"image\/jpeg"}],"twitter_card":"summary_large_image","twitter_site":"@TourTravel_More","twitter_misc":{"Tiempo de lectura":"3 minutos"},"schema":{"@context":"https:\/\/schema.org","@graph":[{"@type":"WebPage","@id":"https:\/\/tourtravelandmore.com\/es\/tours\/andorra\/andorra-la-vella\/todos-los-tours-privados\/tour-privado-a-andorra-desde-barcelona\/","url":"https:\/\/tourtravelandmore.com\/es\/tours\/andorra\/andorra-la-vella\/todos-los-tours-privados\/tour-privado-a-andorra-desde-barcelona\/","name":"\u27a1\ufe0f Tour Privado a Andorra desde Barcelona | Tour Travel and More","isPartOf":{"@id":"https:\/\/tourtravelandmore.com\/es\/#website"},"primaryImageOfPage":{"@id":"https:\/\/tourtravelandmore.com\/es\/tours\/andorra\/andorra-la-vella\/todos-los-tours-privados\/tour-privado-a-andorra-desde-barcelona\/#primaryimage"},"image":{"@id":"https:\/\/tourtravelandmore.com\/es\/tours\/andorra\/andorra-la-vella\/todos-los-tours-privados\/tour-privado-a-andorra-desde-barcelona\/#primaryimage"},"thumbnailUrl":"https:\/\/tourtravelandmore.com\/wp-content\/uploads\/2023\/04\/image4-17.jpg","datePublished":"2023-04-29T08:01:10+00:00","dateModified":"2024-04-01T07:57:13+00:00","description":"Experimente la cautivadora belleza de Andorra en un tour privado de 12 horas desde Barcelona. Explore Andorra la Vella, el lago de Engolasters y la iglesia de Engolasters \u2705.","breadcrumb":{"@id":"https:\/\/tourtravelandmore.com\/es\/tours\/andorra\/andorra-la-vella\/todos-los-tours-privados\/tour-privado-a-andorra-desde-barcelona\/#breadcrumb"},"inLanguage":"es","potentialAction":[{"@type":"ReadAction","target":["https:\/\/tourtravelandmore.com\/es\/tours\/andorra\/andorra-la-vella\/todos-los-tours-privados\/tour-privado-a-andorra-desde-barcelona\/"]}]},{"@type":"ImageObject","inLanguage":"es","@id":"https:\/\/tourtravelandmore.com\/es\/tours\/andorra\/andorra-la-vella\/todos-los-tours-privados\/tour-privado-a-andorra-desde-barcelona\/#primaryimage","url":"https:\/\/tourtravelandmore.com\/wp-content\/uploads\/2023\/04\/image4-17.jpg","contentUrl":"https:\/\/tourtravelandmore.com\/wp-content\/uploads\/2023\/04\/image4-17.jpg","width":950,"height":750},{"@type":"BreadcrumbList","@id":"https:\/\/tourtravelandmore.com\/es\/tours\/andorra\/andorra-la-vella\/todos-los-tours-privados\/tour-privado-a-andorra-desde-barcelona\/#breadcrumb","itemListElement":[{"@type":"ListItem","position":1,"name":"Home","item":"https:\/\/tourtravelandmore.com\/es\/"},{"@type":"ListItem","position":2,"name":"Tours","item":"https:\/\/tourtravelandmore.com\/es\/tours\/"},{"@type":"ListItem","position":3,"name":"Tour Privado a Andorra desde Barcelona"}]},{"@type":"WebSite","@id":"https:\/\/tourtravelandmore.com\/es\/#website","url":"https:\/\/tourtravelandmore.com\/es\/","name":"Tour Travel And More","description":"Private sightseeing tours and luxury transfers in Spain","publisher":{"@id":"https:\/\/tourtravelandmore.com\/es\/#organization"},"potentialAction":[{"@type":"SearchAction","target":{"@type":"EntryPoint","urlTemplate":"https:\/\/tourtravelandmore.com\/es\/?s={search_term_string}"},"query-input":{"@type":"PropertyValueSpecification","valueRequired":true,"valueName":"search_term_string"}}],"inLanguage":"es"},{"@type":"Organization","@id":"https:\/\/tourtravelandmore.com\/es\/#organization","name":"Tour Travel And More","url":"https:\/\/tourtravelandmore.com\/es\/","logo":{"@type":"ImageObject","inLanguage":"es","@id":"https:\/\/tourtravelandmore.com\/es\/#\/schema\/logo\/image\/","url":"https:\/\/tourtravelandmore.com\/wp-content\/uploads\/2022\/12\/cropped-logo-cabecera-new.png","contentUrl":"https:\/\/tourtravelandmore.com\/wp-content\/uploads\/2022\/12\/cropped-logo-cabecera-new.png","width":430,"height":61,"caption":"Tour Travel And More"},"image":{"@id":"https:\/\/tourtravelandmore.com\/es\/#\/schema\/logo\/image\/"},"sameAs":["https:\/\/www.facebook.com\/tourtravelandmore\/","https:\/\/x.com\/TourTravel_More"]}]}},"_links":{"self":[{"href":"https:\/\/tourtravelandmore.com\/es\/wp-json\/wp\/v2\/product\/164956","targetHints":{"allow":["GET"]}}],"collection":[{"href":"https:\/\/tourtravelandmore.com\/es\/wp-json\/wp\/v2\/product"}],"about":[{"href":"https:\/\/tourtravelandmore.com\/es\/wp-json\/wp\/v2\/types\/product"}],"replies":[{"embeddable":true,"href":"https:\/\/tourtravelandmore.com\/es\/wp-json\/wp\/v2\/comments?post=164956"}],"wp:featuredmedia":[{"embeddable":true,"href":"https:\/\/tourtravelandmore.com\/es\/wp-json\/wp\/v2\/media\/164950"}],"wp:attachment":[{"href":"https:\/\/tourtravelandmore.com\/es\/wp-json\/wp\/v2\/media?parent=164956"}],"wp:term":[{"taxonomy":"product_brand","embeddable":true,"href":"https:\/\/tourtravelandmore.com\/es\/wp-json\/wp\/v2\/product_brand?post=164956"},{"taxonomy":"product_cat","embeddable":true,"href":"https:\/\/tourtravelandmore.com\/es\/wp-json\/wp\/v2\/product_cat?post=164956"},{"taxonomy":"product_tag","embeddable":true,"href":"https:\/\/tourtravelandmore.com\/es\/wp-json\/wp\/v2\/product_tag?post=164956"}],"curies":[{"name":"wp","href":"https:\/\/api.w.org\/{rel}","templated":true}]}}