{"id":164923,"date":"2023-04-29T09:18:17","date_gmt":"2023-04-29T07:18:17","guid":{"rendered":"https:\/\/tourtravelandmore.com\/tours\/sin%20categor\u00eda\/tour-privado-a-pie-andorra\/"},"modified":"2024-04-01T09:55:59","modified_gmt":"2024-04-01T07:55:59","slug":"tour-privado-a-pie-andorra","status":"publish","type":"product","link":"https:\/\/tourtravelandmore.com\/es\/tours\/andorra\/andorra-la-vella\/todos-los-tours-privados\/tour-privado-a-pie-andorra\/","title":{"rendered":"Tour Privado a Pie Andorra"},"content":{"rendered":"<h2><b>Descripci\u00f3n del Tour privado a pie por Andorra\u00a0<\/b><\/h2>\n<p><span style=\"font-weight: 400;\">Experimente el encanto y la belleza de Andorra la Vella en este recorrido privado a pie de 2 horas. De la mano de un gu\u00eda local experto, explorar\u00e1 los lugares m\u00e1s destacados de la ciudad, como la Plaza de la Rotonda, el Parc Central, el hist\u00f3rico Barrio Antiguo, la Casa de la Vall y la Iglesia de Sant Esteve. Descubra la rica historia, la cultura \u00fanica y el pintoresco paisaje de la capital de Andorra en este inolvidable paseo guiado. Este recorrido hecho a medida es perfecto para aquellos que buscan profundizar en el coraz\u00f3n de esta cautivadora ciudad. Tanto si es un aficionado a la historia, un entusiasta de la arquitectura o simplemente busca una experiencia memorable, esta visita privada a pie le ofrece una exploraci\u00f3n personalizada e \u00edntima de las mejores atracciones de Andorra la Vella.<\/span><\/p>\n<h2><b>Puntos de inter\u00e9s en el Tour privado a pie por Andorra<\/b><\/h2>\n<p><span style=\"font-weight: 400;\">En este cautivador recorrido, descubra las joyas ocultas y los lugares emblem\u00e1ticos de Andorra la Vella. Pasee por bulliciosas plazas, tranquilos parques y encantadores barrios hist\u00f3ricos mientras aprende sobre el fascinante pasado y la vibrante cultura de la ciudad. Cada parada de su viaje ofrece una visi\u00f3n \u00fanica de la esencia de Andorra la Vella. Su gu\u00eda experto le contar\u00e1 an\u00e9cdotas e historias que dar\u00e1n vida a la historia de la ciudad, convirtiendo su visita privada a pie en una experiencia atractiva, educativa y envolvente. Mientras explora el rico patrimonio y la impresionante arquitectura de la ciudad, comprender\u00e1 y apreciar\u00e1 mejor el car\u00e1cter \u00fanico de Andorra la Vella.<\/span><\/p>\n<p><b>Plaza de la Rotonda:<\/b><\/p>\n<p><span style=\"font-weight: 400;\">Como coraz\u00f3n de Andorra la Vella, la Plaza de la Rotonda es una bulliciosa plaza rodeada de tiendas y restaurantes. La escultura Noblesse du Temps, creada por Salvador Dal\u00ed, a\u00f1ade un toque art\u00edstico a la plaza. Sum\u00e9rjase en el vibrante ambiente de la ciudad en este popular punto de encuentro y observe la vida cotidiana de lugare\u00f1os y visitantes. Disfrute de un caf\u00e9 o una comida en una de las cafeter\u00edas cercanas, o simplemente observe el mundo pasar mientras se empapa de la energ\u00eda de esta animada zona.<\/span><\/p>\n<p><b>Parque Central:<\/b><\/p>\n<p><span style=\"font-weight: 400;\">Esc\u00e1pese del ajetreo y el bullicio de la ciudad en el sereno Parc Central. Este espacio verde, bellamente ajardinado, ofrece senderos para pasear, parques infantiles, pintorescos estanques y ocasionales eventos culturales. El Parc Central es un lugar ideal para relajarse, disfrutar de la belleza natural de Andorra la Vella y empaparse del tranquilo ambiente. Pasee tranquilamente, traiga un picnic o si\u00e9ntese en uno de los bancos del parque para observar a los vecinos disfrutar de este oasis urbano.<\/span><\/p>\n<p><b>Barrio Antiguo:<\/b><\/p>\n<p><span style=\"font-weight: 400;\">Pasee por las estrechas calles adoquinadas del Barrio Antiguo, el barrio hist\u00f3rico de la ciudad. Admire la arquitectura tradicional, visite pintorescas plazas y descubra las tiendas y cafeter\u00edas locales que confieren a esta zona un encanto \u00fanico. Este barrio antiguo ofrece una visi\u00f3n del pasado de Andorra y la oportunidad de conectar con su patrimonio. Descubra tesoros ocultos mientras explora esta pintoresca zona y profundice en las historias que se esconden tras los edificios bien conservados.<\/span><\/p>\n<p><b>Casa de la Vall:<\/b><\/p>\n<p><span style=\"font-weight: 400;\">Construida en el siglo XVI, la Casa de la Vall es el edificio hist\u00f3rico del Parlamento de Andorra. Su impresionante arquitectura, sus intrincados detalles interiores y su importancia hist\u00f3rica la convierten en una atracci\u00f3n de visita obligada. Conozca la historia, la pol\u00edtica y el gobierno de Andorra durante su visita a este importante monumento. Hay visitas guiadas que le permitir\u00e1n conocer mejor el papel del edificio en la formaci\u00f3n de la identidad nacional y su funci\u00f3n como s\u00edmbolo de la unidad andorrana.<\/span><\/p>\n<p><b>Iglesia de Sant Esteve:<\/b><\/p>\n<p><span style=\"font-weight: 400;\">Datada en el siglo XII, la Iglesia de Sant Esteve es un bello ejemplo de arquitectura rom\u00e1nica con a\u00f1adidos g\u00f3ticos. El ambiente tranquilo de la iglesia, sus impresionantes obras de arte y su importancia hist\u00f3rica la convierten en un punto culminante de su recorrido a pie por Andorra la Vella. T\u00f3mese un momento para apreciar el ornamentado interior de la iglesia, maravillarse con sus impresionantes frescos y conocer las diversas restauraciones que ha sufrido a lo largo de los siglos.<\/span><\/p>\n<p><a href=\"https:\/\/tourtravelandmore.com\/es\/ciudad\/andorra\/\"><span style=\"font-weight: 400;\">Descubra a\u00fan m\u00e1s del encanto de Andorra con nuestra gama de tours privados ofrecidos por Tour Travel and More<\/span><\/a><span style=\"font-weight: 400;\">. Visite nuestro sitio web para explorar la variedad de opciones de tours disponibles, todos dise\u00f1ados para crear experiencias inolvidables en este encantador pa\u00eds.<\/span><\/p>\n","protected":false},"excerpt":{"rendered":"<p><span style=\"font-weight: 400;\">Explore el encanto y la historia de Andorra la Vella en un recorrido privado a pie de 2 horas, visitando lugares emblem\u00e1ticos y pintorescos con un gu\u00eda local experto.<\/span><\/p>\n","protected":false},"featured_media":164905,"comment_status":"open","ping_status":"closed","template":"","meta":{"_acf_changed":false},"product_brand":[],"product_cat":[4373,4390,4395,4399,4397],"product_tag":[],"class_list":{"0":"post-164923","1":"product","2":"type-product","3":"status-publish","4":"has-post-thumbnail","6":"product_cat-andorra","7":"product_cat-andorra-la-vella","8":"product_cat-todos-los-tours-privados","9":"product_cat-visitas-privadas-a-pie-es-2","10":"product_cat-visitas-turisticas-privadas-es-3","12":"first","13":"instock","14":"shipping-taxable","15":"purchasable","16":"product-type-simple"},"acf":[],"yoast_head":"<!-- This site is optimized with the Yoast SEO Premium plugin v25.3.1 (Yoast SEO v25.3.1) - https:\/\/yoast.com\/wordpress\/plugins\/seo\/ -->\n<title>\u27a1\ufe0f Tour privado a pie por Andorra: Explore lo m\u00e1s destacado de Andorra la Vella<\/title>\n<meta name=\"description\" content=\"Descubra el encanto de Andorra la Vella en un tour privado a pie de 2 horas, visitando lugares emblem\u00e1ticos y pintorescos con un gu\u00eda local experto. \u00a1Reserva ya tu experiencia inolvidable! \u2705\" \/>\n<meta name=\"robots\" content=\"index, follow, max-snippet:-1, max-image-preview:large, max-video-preview:-1\" \/>\n<link rel=\"canonical\" href=\"https:\/\/tourtravelandmore.com\/es\/tours\/andorra\/andorra-la-vella\/todos-los-tours-privados\/tour-privado-a-pie-andorra\/\" \/>\n<meta property=\"og:locale\" content=\"es_ES\" \/>\n<meta property=\"og:type\" content=\"article\" \/>\n<meta property=\"og:title\" content=\"Tour Privado a Pie Andorra\" \/>\n<meta property=\"og:description\" content=\"Descubra el encanto de Andorra la Vella en un tour privado a pie de 2 horas, visitando lugares emblem\u00e1ticos y pintorescos con un gu\u00eda local experto. \u00a1Reserva ya tu experiencia inolvidable! \u2705\" \/>\n<meta property=\"og:url\" content=\"https:\/\/tourtravelandmore.com\/es\/tours\/andorra\/andorra-la-vella\/todos-los-tours-privados\/tour-privado-a-pie-andorra\/\" \/>\n<meta property=\"og:site_name\" content=\"Tour Travel And More\" \/>\n<meta property=\"article:publisher\" content=\"https:\/\/www.facebook.com\/tourtravelandmore\/\" \/>\n<meta property=\"article:modified_time\" content=\"2024-04-01T07:55:59+00:00\" \/>\n<meta property=\"og:image\" content=\"https:\/\/tourtravelandmore.com\/wp-content\/uploads\/2023\/04\/image1-16.jpg\" \/>\n\t<meta property=\"og:image:width\" content=\"950\" \/>\n\t<meta property=\"og:image:height\" content=\"750\" \/>\n\t<meta property=\"og:image:type\" content=\"image\/jpeg\" \/>\n<meta name=\"twitter:card\" content=\"summary_large_image\" \/>\n<meta name=\"twitter:site\" content=\"@TourTravel_More\" \/>\n<meta name=\"twitter:label1\" content=\"Tiempo de lectura\" \/>\n\t<meta name=\"twitter:data1\" content=\"4 minutos\" \/>\n<script type=\"application\/ld+json\" class=\"yoast-schema-graph\">{\"@context\":\"https:\/\/schema.org\",\"@graph\":[{\"@type\":\"WebPage\",\"@id\":\"https:\/\/tourtravelandmore.com\/es\/tours\/andorra\/andorra-la-vella\/todos-los-tours-privados\/tour-privado-a-pie-andorra\/\",\"url\":\"https:\/\/tourtravelandmore.com\/es\/tours\/andorra\/andorra-la-vella\/todos-los-tours-privados\/tour-privado-a-pie-andorra\/\",\"name\":\"\u27a1\ufe0f Tour privado a pie por Andorra: Explore lo m\u00e1s destacado de Andorra la Vella\",\"isPartOf\":{\"@id\":\"https:\/\/tourtravelandmore.com\/es\/#website\"},\"primaryImageOfPage\":{\"@id\":\"https:\/\/tourtravelandmore.com\/es\/tours\/andorra\/andorra-la-vella\/todos-los-tours-privados\/tour-privado-a-pie-andorra\/#primaryimage\"},\"image\":{\"@id\":\"https:\/\/tourtravelandmore.com\/es\/tours\/andorra\/andorra-la-vella\/todos-los-tours-privados\/tour-privado-a-pie-andorra\/#primaryimage\"},\"thumbnailUrl\":\"https:\/\/tourtravelandmore.com\/wp-content\/uploads\/2023\/04\/image1-16.jpg\",\"datePublished\":\"2023-04-29T07:18:17+00:00\",\"dateModified\":\"2024-04-01T07:55:59+00:00\",\"description\":\"Descubra el encanto de Andorra la Vella en un tour privado a pie de 2 horas, visitando lugares emblem\u00e1ticos y pintorescos con un gu\u00eda local experto. \u00a1Reserva ya tu experiencia inolvidable! \u2705\",\"breadcrumb\":{\"@id\":\"https:\/\/tourtravelandmore.com\/es\/tours\/andorra\/andorra-la-vella\/todos-los-tours-privados\/tour-privado-a-pie-andorra\/#breadcrumb\"},\"inLanguage\":\"es\",\"potentialAction\":[{\"@type\":\"ReadAction\",\"target\":[\"https:\/\/tourtravelandmore.com\/es\/tours\/andorra\/andorra-la-vella\/todos-los-tours-privados\/tour-privado-a-pie-andorra\/\"]}]},{\"@type\":\"ImageObject\",\"inLanguage\":\"es\",\"@id\":\"https:\/\/tourtravelandmore.com\/es\/tours\/andorra\/andorra-la-vella\/todos-los-tours-privados\/tour-privado-a-pie-andorra\/#primaryimage\",\"url\":\"https:\/\/tourtravelandmore.com\/wp-content\/uploads\/2023\/04\/image1-16.jpg\",\"contentUrl\":\"https:\/\/tourtravelandmore.com\/wp-content\/uploads\/2023\/04\/image1-16.jpg\",\"width\":950,\"height\":750},{\"@type\":\"BreadcrumbList\",\"@id\":\"https:\/\/tourtravelandmore.com\/es\/tours\/andorra\/andorra-la-vella\/todos-los-tours-privados\/tour-privado-a-pie-andorra\/#breadcrumb\",\"itemListElement\":[{\"@type\":\"ListItem\",\"position\":1,\"name\":\"Home\",\"item\":\"https:\/\/tourtravelandmore.com\/es\/\"},{\"@type\":\"ListItem\",\"position\":2,\"name\":\"Tours\",\"item\":\"https:\/\/tourtravelandmore.com\/es\/tours\/\"},{\"@type\":\"ListItem\",\"position\":3,\"name\":\"Tour Privado a Pie Andorra\"}]},{\"@type\":\"WebSite\",\"@id\":\"https:\/\/tourtravelandmore.com\/es\/#website\",\"url\":\"https:\/\/tourtravelandmore.com\/es\/\",\"name\":\"Tour Travel And More\",\"description\":\"Private sightseeing tours and luxury transfers in Spain\",\"publisher\":{\"@id\":\"https:\/\/tourtravelandmore.com\/es\/#organization\"},\"potentialAction\":[{\"@type\":\"SearchAction\",\"target\":{\"@type\":\"EntryPoint\",\"urlTemplate\":\"https:\/\/tourtravelandmore.com\/es\/?s={search_term_string}\"},\"query-input\":{\"@type\":\"PropertyValueSpecification\",\"valueRequired\":true,\"valueName\":\"search_term_string\"}}],\"inLanguage\":\"es\"},{\"@type\":\"Organization\",\"@id\":\"https:\/\/tourtravelandmore.com\/es\/#organization\",\"name\":\"Tour Travel And More\",\"url\":\"https:\/\/tourtravelandmore.com\/es\/\",\"logo\":{\"@type\":\"ImageObject\",\"inLanguage\":\"es\",\"@id\":\"https:\/\/tourtravelandmore.com\/es\/#\/schema\/logo\/image\/\",\"url\":\"https:\/\/tourtravelandmore.com\/wp-content\/uploads\/2022\/12\/cropped-logo-cabecera-new.png\",\"contentUrl\":\"https:\/\/tourtravelandmore.com\/wp-content\/uploads\/2022\/12\/cropped-logo-cabecera-new.png\",\"width\":430,\"height\":61,\"caption\":\"Tour Travel And More\"},\"image\":{\"@id\":\"https:\/\/tourtravelandmore.com\/es\/#\/schema\/logo\/image\/\"},\"sameAs\":[\"https:\/\/www.facebook.com\/tourtravelandmore\/\",\"https:\/\/x.com\/TourTravel_More\"]}]}<\/script>\n<!-- \/ Yoast SEO Premium plugin. -->","yoast_head_json":{"title":"\u27a1\ufe0f Tour privado a pie por Andorra: Explore lo m\u00e1s destacado de Andorra la Vella","description":"Descubra el encanto de Andorra la Vella en un tour privado a pie de 2 horas, visitando lugares emblem\u00e1ticos y pintorescos con un gu\u00eda local experto. \u00a1Reserva ya tu experiencia inolvidable! \u2705","robots":{"index":"index","follow":"follow","max-snippet":"max-snippet:-1","max-image-preview":"max-image-preview:large","max-video-preview":"max-video-preview:-1"},"canonical":"https:\/\/tourtravelandmore.com\/es\/tours\/andorra\/andorra-la-vella\/todos-los-tours-privados\/tour-privado-a-pie-andorra\/","og_locale":"es_ES","og_type":"article","og_title":"Tour Privado a Pie Andorra","og_description":"Descubra el encanto de Andorra la Vella en un tour privado a pie de 2 horas, visitando lugares emblem\u00e1ticos y pintorescos con un gu\u00eda local experto. \u00a1Reserva ya tu experiencia inolvidable! \u2705","og_url":"https:\/\/tourtravelandmore.com\/es\/tours\/andorra\/andorra-la-vella\/todos-los-tours-privados\/tour-privado-a-pie-andorra\/","og_site_name":"Tour Travel And More","article_publisher":"https:\/\/www.facebook.com\/tourtravelandmore\/","article_modified_time":"2024-04-01T07:55:59+00:00","og_image":[{"width":950,"height":750,"url":"https:\/\/tourtravelandmore.com\/wp-content\/uploads\/2023\/04\/image1-16.jpg","type":"image\/jpeg"}],"twitter_card":"summary_large_image","twitter_site":"@TourTravel_More","twitter_misc":{"Tiempo de lectura":"4 minutos"},"schema":{"@context":"https:\/\/schema.org","@graph":[{"@type":"WebPage","@id":"https:\/\/tourtravelandmore.com\/es\/tours\/andorra\/andorra-la-vella\/todos-los-tours-privados\/tour-privado-a-pie-andorra\/","url":"https:\/\/tourtravelandmore.com\/es\/tours\/andorra\/andorra-la-vella\/todos-los-tours-privados\/tour-privado-a-pie-andorra\/","name":"\u27a1\ufe0f Tour privado a pie por Andorra: Explore lo m\u00e1s destacado de Andorra la Vella","isPartOf":{"@id":"https:\/\/tourtravelandmore.com\/es\/#website"},"primaryImageOfPage":{"@id":"https:\/\/tourtravelandmore.com\/es\/tours\/andorra\/andorra-la-vella\/todos-los-tours-privados\/tour-privado-a-pie-andorra\/#primaryimage"},"image":{"@id":"https:\/\/tourtravelandmore.com\/es\/tours\/andorra\/andorra-la-vella\/todos-los-tours-privados\/tour-privado-a-pie-andorra\/#primaryimage"},"thumbnailUrl":"https:\/\/tourtravelandmore.com\/wp-content\/uploads\/2023\/04\/image1-16.jpg","datePublished":"2023-04-29T07:18:17+00:00","dateModified":"2024-04-01T07:55:59+00:00","description":"Descubra el encanto de Andorra la Vella en un tour privado a pie de 2 horas, visitando lugares emblem\u00e1ticos y pintorescos con un gu\u00eda local experto. \u00a1Reserva ya tu experiencia inolvidable! \u2705","breadcrumb":{"@id":"https:\/\/tourtravelandmore.com\/es\/tours\/andorra\/andorra-la-vella\/todos-los-tours-privados\/tour-privado-a-pie-andorra\/#breadcrumb"},"inLanguage":"es","potentialAction":[{"@type":"ReadAction","target":["https:\/\/tourtravelandmore.com\/es\/tours\/andorra\/andorra-la-vella\/todos-los-tours-privados\/tour-privado-a-pie-andorra\/"]}]},{"@type":"ImageObject","inLanguage":"es","@id":"https:\/\/tourtravelandmore.com\/es\/tours\/andorra\/andorra-la-vella\/todos-los-tours-privados\/tour-privado-a-pie-andorra\/#primaryimage","url":"https:\/\/tourtravelandmore.com\/wp-content\/uploads\/2023\/04\/image1-16.jpg","contentUrl":"https:\/\/tourtravelandmore.com\/wp-content\/uploads\/2023\/04\/image1-16.jpg","width":950,"height":750},{"@type":"BreadcrumbList","@id":"https:\/\/tourtravelandmore.com\/es\/tours\/andorra\/andorra-la-vella\/todos-los-tours-privados\/tour-privado-a-pie-andorra\/#breadcrumb","itemListElement":[{"@type":"ListItem","position":1,"name":"Home","item":"https:\/\/tourtravelandmore.com\/es\/"},{"@type":"ListItem","position":2,"name":"Tours","item":"https:\/\/tourtravelandmore.com\/es\/tours\/"},{"@type":"ListItem","position":3,"name":"Tour Privado a Pie Andorra"}]},{"@type":"WebSite","@id":"https:\/\/tourtravelandmore.com\/es\/#website","url":"https:\/\/tourtravelandmore.com\/es\/","name":"Tour Travel And More","description":"Private sightseeing tours and luxury transfers in Spain","publisher":{"@id":"https:\/\/tourtravelandmore.com\/es\/#organization"},"potentialAction":[{"@type":"SearchAction","target":{"@type":"EntryPoint","urlTemplate":"https:\/\/tourtravelandmore.com\/es\/?s={search_term_string}"},"query-input":{"@type":"PropertyValueSpecification","valueRequired":true,"valueName":"search_term_string"}}],"inLanguage":"es"},{"@type":"Organization","@id":"https:\/\/tourtravelandmore.com\/es\/#organization","name":"Tour Travel And More","url":"https:\/\/tourtravelandmore.com\/es\/","logo":{"@type":"ImageObject","inLanguage":"es","@id":"https:\/\/tourtravelandmore.com\/es\/#\/schema\/logo\/image\/","url":"https:\/\/tourtravelandmore.com\/wp-content\/uploads\/2022\/12\/cropped-logo-cabecera-new.png","contentUrl":"https:\/\/tourtravelandmore.com\/wp-content\/uploads\/2022\/12\/cropped-logo-cabecera-new.png","width":430,"height":61,"caption":"Tour Travel And More"},"image":{"@id":"https:\/\/tourtravelandmore.com\/es\/#\/schema\/logo\/image\/"},"sameAs":["https:\/\/www.facebook.com\/tourtravelandmore\/","https:\/\/x.com\/TourTravel_More"]}]}},"_links":{"self":[{"href":"https:\/\/tourtravelandmore.com\/es\/wp-json\/wp\/v2\/product\/164923","targetHints":{"allow":["GET"]}}],"collection":[{"href":"https:\/\/tourtravelandmore.com\/es\/wp-json\/wp\/v2\/product"}],"about":[{"href":"https:\/\/tourtravelandmore.com\/es\/wp-json\/wp\/v2\/types\/product"}],"replies":[{"embeddable":true,"href":"https:\/\/tourtravelandmore.com\/es\/wp-json\/wp\/v2\/comments?post=164923"}],"wp:featuredmedia":[{"embeddable":true,"href":"https:\/\/tourtravelandmore.com\/es\/wp-json\/wp\/v2\/media\/164905"}],"wp:attachment":[{"href":"https:\/\/tourtravelandmore.com\/es\/wp-json\/wp\/v2\/media?parent=164923"}],"wp:term":[{"taxonomy":"product_brand","embeddable":true,"href":"https:\/\/tourtravelandmore.com\/es\/wp-json\/wp\/v2\/product_brand?post=164923"},{"taxonomy":"product_cat","embeddable":true,"href":"https:\/\/tourtravelandmore.com\/es\/wp-json\/wp\/v2\/product_cat?post=164923"},{"taxonomy":"product_tag","embeddable":true,"href":"https:\/\/tourtravelandmore.com\/es\/wp-json\/wp\/v2\/product_tag?post=164923"}],"curies":[{"name":"wp","href":"https:\/\/api.w.org\/{rel}","templated":true}]}}