{"id":164853,"date":"2023-04-29T07:57:02","date_gmt":"2023-04-29T05:57:02","guid":{"rendered":"https:\/\/tourtravelandmore.com\/tours\/sin%20categor\u00eda\/tour-privado-tres-naciones-en-un-dia\/"},"modified":"2024-04-01T10:12:59","modified_gmt":"2024-04-01T08:12:59","slug":"tour-privado-tres-naciones-en-un-dia","status":"publish","type":"product","link":"https:\/\/tourtravelandmore.com\/es\/tours\/andorra\/andorra-la-vella\/todos-los-tours-privados\/tour-privado-tres-naciones-en-un-dia\/","title":{"rendered":"Tour Privado Tres Naciones en un D\u00eda"},"content":{"rendered":"<h2><b>Descripci\u00f3n <\/b><b>Tour Privado Tres Naciones en un D\u00eda<\/b><\/h2>\n<p><span style=\"font-weight: 400;\">Descubra la belleza y la historia de tres pa\u00edses diferentes en un solo d\u00eda con esta exclusiva excursi\u00f3n privada. Saliendo desde Barcelona, viajar\u00e1 por los impresionantes paisajes de Catalu\u00f1a, Andorra y Francia, visitando por el camino pintorescos pueblos, puertos de monta\u00f1a y lugares de inter\u00e9s hist\u00f3rico. Esta exclusiva excursi\u00f3n de 12 horas incluye un c\u00f3modo veh\u00edculo y un gu\u00eda experto, lo que garantiza una experiencia inolvidable. Con una atenci\u00f3n personalizada y un itinerario personalizable, tendr\u00e1 la flexibilidad de explorar cada destino a su propio ritmo y seg\u00fan sus intereses, haciendo que esta aventura \u00fanica en la vida sea realmente memorable.<\/span><\/p>\n<h2><b>Puntos de inter\u00e9s del Tour Privado Tres Naciones en un D\u00eda\u00a0<\/b><\/h2>\n<p><span style=\"font-weight: 400;\">Emb\u00e1rquese en una incre\u00edble aventura a trav\u00e9s de tres naciones, explorando lugares cautivadores como Puigcerd\u00e0, Coll de Puymorens, Port d&#8217;Envalira, Andorra la Vella, Engolasters, La Seu d&#8217;Urgell, y mucho m\u00e1s. Contemple impresionantes panor\u00e1micas, profundice en la rica historia de cada lugar y sum\u00e9rjase en las diversas culturas de Catalu\u00f1a, Andorra y Francia. A lo largo del viaje, tendr\u00e1 la oportunidad de visitar una amplia gama de fascinantes monumentos, maravillas naturales y pueblos con encanto, haciendo de este viaje una experiencia inolvidable que destaca lo mejor de cada regi\u00f3n.<\/span><\/p>\n<h2><b>Lugares de inter\u00e9s m\u00e1s populares:<\/b><\/h2>\n<p><b>Puigcerd\u00e0:<\/b><\/p>\n<p><span style=\"font-weight: 400;\">Esta pintoresca ciudad de los Pirineos es conocida por su encantador centro hist\u00f3rico, el hermoso lago de Puigcerd\u00e0 y la naturaleza que la rodea, que ofrece excelentes oportunidades para practicar senderismo. Explore las estrechas calles y las tiendas locales, visite la iglesia rom\u00e1nica de Santa Mar\u00eda, del siglo XII, o disfrute de las impresionantes vistas de las monta\u00f1as circundantes. Puigcerd\u00e0 es una parada encantadora en este fascinante recorrido.<\/span><\/p>\n<p><b>Coll de Puymorens:<\/b><\/p>\n<p><span style=\"font-weight: 400;\">Un puerto de monta\u00f1a en los Pirineos franceses, Coll de Puymorens ofrece impresionantes vistas y una refrescante escapada de la bulliciosa vida de la ciudad. Rodeado de frondosos bosques e imponentes picos, este puerto es una visita obligada para los amantes de la naturaleza y los fot\u00f3grafos. En la zona tambi\u00e9n se practica el esqu\u00ed en invierno y el senderismo durante los meses m\u00e1s c\u00e1lidos, lo que la convierte en un destino para los amantes de las actividades al aire libre durante todo el a\u00f1o.<\/span><\/p>\n<p><b>Puerto de Envalira:<\/b><\/p>\n<p><span style=\"font-weight: 400;\">A 2407 metros sobre el nivel del mar, el Port d&#8217;Envalira es la carretera asfaltada m\u00e1s alta de los Pirineos y conecta Andorra con Francia. Disfrute de unas vistas impresionantes, del aire fresco de la monta\u00f1a e incluso de alguna nevada durante su visita a este extraordinario paso. El paisaje que rodea el Port d&#8217;Envalira es un testimonio de la belleza agreste de los Pirineos y ofrece una experiencia \u00fanica a quienes se aventuran a este destino de gran altitud.<\/span><\/p>\n<p><b>Andorra la Vella \/ Engolasters:<\/b><\/p>\n<p><span style=\"font-weight: 400;\">La capital de Andorra, Andorra la Vella, cuenta con un cautivador casco antiguo, tiendas libres de impuestos y un impresionante tel\u00f3n de fondo de los Pirineos. La cercana Engolasters, con su hermoso lago y la iglesia rom\u00e1nica de Sant Miquel d&#8217;Engolasters, ofrece un apacible retiro de la ciudad. Rodeado de frondosos bosques, Engolasters ofrece a los visitantes la oportunidad de conectar con la naturaleza y experimentar la tranquilidad del campo andorrano.<\/span><\/p>\n<p><b>La Seu d&#8217;Urgell:<\/b><\/p>\n<p><span style=\"font-weight: 400;\">Esta hist\u00f3rica ciudad de Catalu\u00f1a alberga la magn\u00edfica catedral de Santa Mar\u00eda d&#8217;Urgell, uno de los mejores ejemplos de arquitectura rom\u00e1nica de la regi\u00f3n. Pasee por sus pintorescas calles, visite el animado mercado semanal y descubra la rica historia y el patrimonio cultural de la ciudad. La Seu d&#8217;Urgell es una parada encantadora que muestra la belleza arquitect\u00f3nica y la vibrante cultura de Catalu\u00f1a.<\/span><\/p>\n<p><span style=\"font-weight: 400;\">Regrese a Puigcerd\u00e0 para una \u00faltima exploraci\u00f3n de esta encantadora ciudad antes de regresar a Barcelona, completando su inolvidable viaje de tres naciones. T\u00f3mese su tiempo para seguir explorando el centro hist\u00f3rico de la ciudad, deleitarse con la gastronom\u00eda local o simplemente relajarse y empaparse del id\u00edlico ambiente de este pintoresco destino pirenaico.<\/span><\/p>\n<p><span style=\"font-weight: 400;\">Para conocer m\u00e1s <\/span><a href=\"https:\/\/tourtravelandmore.com\/es\/ciudad\/andorra\/\"><span style=\"font-weight: 400;\">tours incre\u00edbles en Andorra y sus alrededores, consulte la extensa lista de experiencias de tours privados<\/span><\/a><span style=\"font-weight: 400;\"> que ofrece Tour Travel and More en su p\u00e1gina web.<\/span><\/p>\n","protected":false},"excerpt":{"rendered":"<p><span style=\"font-weight: 400;\">Explore tres pa\u00edses en un d\u00eda en este inolvidable tour privado, visitando cautivadores lugares en Catalu\u00f1a, Andorra y Francia, con gu\u00eda experto y un c\u00f3modo veh\u00edculo.<\/span><\/p>\n","protected":false},"featured_media":164835,"comment_status":"open","ping_status":"closed","template":"","meta":{"_acf_changed":false},"product_brand":[],"product_cat":[4373,4390,4395],"product_tag":[],"class_list":{"0":"post-164853","1":"product","2":"type-product","3":"status-publish","4":"has-post-thumbnail","6":"product_cat-andorra","7":"product_cat-andorra-la-vella","8":"product_cat-todos-los-tours-privados","10":"first","11":"instock","12":"shipping-taxable","13":"purchasable","14":"product-type-simple"},"acf":[],"yoast_head":"<!-- This site is optimized with the Yoast SEO Premium plugin v25.3.1 (Yoast SEO v25.3.1) - https:\/\/yoast.com\/wordpress\/plugins\/seo\/ -->\n<title>\u27a1\ufe0f Tour Privado Tres Naciones en un D\u00eda: Catalu\u00f1a, Andorra y Francia<\/title>\n<meta name=\"description\" content=\"Emb\u00e1rcate en un incre\u00edble tour privado por Catalu\u00f1a, Andorra y Francia, visitando pintorescos pueblos, pintorescos puertos de monta\u00f1a y lugares de inter\u00e9s hist\u00f3rico en un solo d\u00eda \u2705.\" \/>\n<meta name=\"robots\" content=\"index, follow, max-snippet:-1, max-image-preview:large, max-video-preview:-1\" \/>\n<link rel=\"canonical\" href=\"https:\/\/tourtravelandmore.com\/es\/tours\/andorra\/andorra-la-vella\/todos-los-tours-privados\/tour-privado-tres-naciones-en-un-dia\/\" \/>\n<meta property=\"og:locale\" content=\"es_ES\" \/>\n<meta property=\"og:type\" content=\"article\" \/>\n<meta property=\"og:title\" content=\"Tour Privado Tres Naciones en un D\u00eda\" \/>\n<meta property=\"og:description\" content=\"Emb\u00e1rcate en un incre\u00edble tour privado por Catalu\u00f1a, Andorra y Francia, visitando pintorescos pueblos, pintorescos puertos de monta\u00f1a y lugares de inter\u00e9s hist\u00f3rico en un solo d\u00eda \u2705.\" \/>\n<meta property=\"og:url\" content=\"https:\/\/tourtravelandmore.com\/es\/tours\/andorra\/andorra-la-vella\/todos-los-tours-privados\/tour-privado-tres-naciones-en-un-dia\/\" \/>\n<meta property=\"og:site_name\" content=\"Tour Travel And More\" \/>\n<meta property=\"article:publisher\" content=\"https:\/\/www.facebook.com\/tourtravelandmore\/\" \/>\n<meta property=\"article:modified_time\" content=\"2024-04-01T08:12:59+00:00\" \/>\n<meta property=\"og:image\" content=\"https:\/\/tourtravelandmore.com\/wp-content\/uploads\/2023\/04\/image1-14.jpg\" \/>\n\t<meta property=\"og:image:width\" content=\"950\" \/>\n\t<meta property=\"og:image:height\" content=\"750\" \/>\n\t<meta property=\"og:image:type\" content=\"image\/jpeg\" \/>\n<meta name=\"twitter:card\" content=\"summary_large_image\" \/>\n<meta name=\"twitter:site\" content=\"@TourTravel_More\" \/>\n<meta name=\"twitter:label1\" content=\"Tiempo de lectura\" \/>\n\t<meta name=\"twitter:data1\" content=\"4 minutos\" \/>\n<script type=\"application\/ld+json\" class=\"yoast-schema-graph\">{\"@context\":\"https:\/\/schema.org\",\"@graph\":[{\"@type\":\"WebPage\",\"@id\":\"https:\/\/tourtravelandmore.com\/es\/tours\/andorra\/andorra-la-vella\/todos-los-tours-privados\/tour-privado-tres-naciones-en-un-dia\/\",\"url\":\"https:\/\/tourtravelandmore.com\/es\/tours\/andorra\/andorra-la-vella\/todos-los-tours-privados\/tour-privado-tres-naciones-en-un-dia\/\",\"name\":\"\u27a1\ufe0f Tour Privado Tres Naciones en un D\u00eda: Catalu\u00f1a, Andorra y Francia\",\"isPartOf\":{\"@id\":\"https:\/\/tourtravelandmore.com\/es\/#website\"},\"primaryImageOfPage\":{\"@id\":\"https:\/\/tourtravelandmore.com\/es\/tours\/andorra\/andorra-la-vella\/todos-los-tours-privados\/tour-privado-tres-naciones-en-un-dia\/#primaryimage\"},\"image\":{\"@id\":\"https:\/\/tourtravelandmore.com\/es\/tours\/andorra\/andorra-la-vella\/todos-los-tours-privados\/tour-privado-tres-naciones-en-un-dia\/#primaryimage\"},\"thumbnailUrl\":\"https:\/\/tourtravelandmore.com\/wp-content\/uploads\/2023\/04\/image1-14.jpg\",\"datePublished\":\"2023-04-29T05:57:02+00:00\",\"dateModified\":\"2024-04-01T08:12:59+00:00\",\"description\":\"Emb\u00e1rcate en un incre\u00edble tour privado por Catalu\u00f1a, Andorra y Francia, visitando pintorescos pueblos, pintorescos puertos de monta\u00f1a y lugares de inter\u00e9s hist\u00f3rico en un solo d\u00eda \u2705.\",\"breadcrumb\":{\"@id\":\"https:\/\/tourtravelandmore.com\/es\/tours\/andorra\/andorra-la-vella\/todos-los-tours-privados\/tour-privado-tres-naciones-en-un-dia\/#breadcrumb\"},\"inLanguage\":\"es\",\"potentialAction\":[{\"@type\":\"ReadAction\",\"target\":[\"https:\/\/tourtravelandmore.com\/es\/tours\/andorra\/andorra-la-vella\/todos-los-tours-privados\/tour-privado-tres-naciones-en-un-dia\/\"]}]},{\"@type\":\"ImageObject\",\"inLanguage\":\"es\",\"@id\":\"https:\/\/tourtravelandmore.com\/es\/tours\/andorra\/andorra-la-vella\/todos-los-tours-privados\/tour-privado-tres-naciones-en-un-dia\/#primaryimage\",\"url\":\"https:\/\/tourtravelandmore.com\/wp-content\/uploads\/2023\/04\/image1-14.jpg\",\"contentUrl\":\"https:\/\/tourtravelandmore.com\/wp-content\/uploads\/2023\/04\/image1-14.jpg\",\"width\":950,\"height\":750},{\"@type\":\"BreadcrumbList\",\"@id\":\"https:\/\/tourtravelandmore.com\/es\/tours\/andorra\/andorra-la-vella\/todos-los-tours-privados\/tour-privado-tres-naciones-en-un-dia\/#breadcrumb\",\"itemListElement\":[{\"@type\":\"ListItem\",\"position\":1,\"name\":\"Home\",\"item\":\"https:\/\/tourtravelandmore.com\/es\/\"},{\"@type\":\"ListItem\",\"position\":2,\"name\":\"Tours\",\"item\":\"https:\/\/tourtravelandmore.com\/es\/tours\/\"},{\"@type\":\"ListItem\",\"position\":3,\"name\":\"Tour Privado Tres Naciones en un D\u00eda\"}]},{\"@type\":\"WebSite\",\"@id\":\"https:\/\/tourtravelandmore.com\/es\/#website\",\"url\":\"https:\/\/tourtravelandmore.com\/es\/\",\"name\":\"Tour Travel And More\",\"description\":\"Private sightseeing tours and luxury transfers in Spain\",\"publisher\":{\"@id\":\"https:\/\/tourtravelandmore.com\/es\/#organization\"},\"potentialAction\":[{\"@type\":\"SearchAction\",\"target\":{\"@type\":\"EntryPoint\",\"urlTemplate\":\"https:\/\/tourtravelandmore.com\/es\/?s={search_term_string}\"},\"query-input\":{\"@type\":\"PropertyValueSpecification\",\"valueRequired\":true,\"valueName\":\"search_term_string\"}}],\"inLanguage\":\"es\"},{\"@type\":\"Organization\",\"@id\":\"https:\/\/tourtravelandmore.com\/es\/#organization\",\"name\":\"Tour Travel And More\",\"url\":\"https:\/\/tourtravelandmore.com\/es\/\",\"logo\":{\"@type\":\"ImageObject\",\"inLanguage\":\"es\",\"@id\":\"https:\/\/tourtravelandmore.com\/es\/#\/schema\/logo\/image\/\",\"url\":\"https:\/\/tourtravelandmore.com\/wp-content\/uploads\/2022\/12\/cropped-logo-cabecera-new.png\",\"contentUrl\":\"https:\/\/tourtravelandmore.com\/wp-content\/uploads\/2022\/12\/cropped-logo-cabecera-new.png\",\"width\":430,\"height\":61,\"caption\":\"Tour Travel And More\"},\"image\":{\"@id\":\"https:\/\/tourtravelandmore.com\/es\/#\/schema\/logo\/image\/\"},\"sameAs\":[\"https:\/\/www.facebook.com\/tourtravelandmore\/\",\"https:\/\/x.com\/TourTravel_More\"]}]}<\/script>\n<!-- \/ Yoast SEO Premium plugin. -->","yoast_head_json":{"title":"\u27a1\ufe0f Tour Privado Tres Naciones en un D\u00eda: Catalu\u00f1a, Andorra y Francia","description":"Emb\u00e1rcate en un incre\u00edble tour privado por Catalu\u00f1a, Andorra y Francia, visitando pintorescos pueblos, pintorescos puertos de monta\u00f1a y lugares de inter\u00e9s hist\u00f3rico en un solo d\u00eda \u2705.","robots":{"index":"index","follow":"follow","max-snippet":"max-snippet:-1","max-image-preview":"max-image-preview:large","max-video-preview":"max-video-preview:-1"},"canonical":"https:\/\/tourtravelandmore.com\/es\/tours\/andorra\/andorra-la-vella\/todos-los-tours-privados\/tour-privado-tres-naciones-en-un-dia\/","og_locale":"es_ES","og_type":"article","og_title":"Tour Privado Tres Naciones en un D\u00eda","og_description":"Emb\u00e1rcate en un incre\u00edble tour privado por Catalu\u00f1a, Andorra y Francia, visitando pintorescos pueblos, pintorescos puertos de monta\u00f1a y lugares de inter\u00e9s hist\u00f3rico en un solo d\u00eda \u2705.","og_url":"https:\/\/tourtravelandmore.com\/es\/tours\/andorra\/andorra-la-vella\/todos-los-tours-privados\/tour-privado-tres-naciones-en-un-dia\/","og_site_name":"Tour Travel And More","article_publisher":"https:\/\/www.facebook.com\/tourtravelandmore\/","article_modified_time":"2024-04-01T08:12:59+00:00","og_image":[{"width":950,"height":750,"url":"https:\/\/tourtravelandmore.com\/wp-content\/uploads\/2023\/04\/image1-14.jpg","type":"image\/jpeg"}],"twitter_card":"summary_large_image","twitter_site":"@TourTravel_More","twitter_misc":{"Tiempo de lectura":"4 minutos"},"schema":{"@context":"https:\/\/schema.org","@graph":[{"@type":"WebPage","@id":"https:\/\/tourtravelandmore.com\/es\/tours\/andorra\/andorra-la-vella\/todos-los-tours-privados\/tour-privado-tres-naciones-en-un-dia\/","url":"https:\/\/tourtravelandmore.com\/es\/tours\/andorra\/andorra-la-vella\/todos-los-tours-privados\/tour-privado-tres-naciones-en-un-dia\/","name":"\u27a1\ufe0f Tour Privado Tres Naciones en un D\u00eda: Catalu\u00f1a, Andorra y Francia","isPartOf":{"@id":"https:\/\/tourtravelandmore.com\/es\/#website"},"primaryImageOfPage":{"@id":"https:\/\/tourtravelandmore.com\/es\/tours\/andorra\/andorra-la-vella\/todos-los-tours-privados\/tour-privado-tres-naciones-en-un-dia\/#primaryimage"},"image":{"@id":"https:\/\/tourtravelandmore.com\/es\/tours\/andorra\/andorra-la-vella\/todos-los-tours-privados\/tour-privado-tres-naciones-en-un-dia\/#primaryimage"},"thumbnailUrl":"https:\/\/tourtravelandmore.com\/wp-content\/uploads\/2023\/04\/image1-14.jpg","datePublished":"2023-04-29T05:57:02+00:00","dateModified":"2024-04-01T08:12:59+00:00","description":"Emb\u00e1rcate en un incre\u00edble tour privado por Catalu\u00f1a, Andorra y Francia, visitando pintorescos pueblos, pintorescos puertos de monta\u00f1a y lugares de inter\u00e9s hist\u00f3rico en un solo d\u00eda \u2705.","breadcrumb":{"@id":"https:\/\/tourtravelandmore.com\/es\/tours\/andorra\/andorra-la-vella\/todos-los-tours-privados\/tour-privado-tres-naciones-en-un-dia\/#breadcrumb"},"inLanguage":"es","potentialAction":[{"@type":"ReadAction","target":["https:\/\/tourtravelandmore.com\/es\/tours\/andorra\/andorra-la-vella\/todos-los-tours-privados\/tour-privado-tres-naciones-en-un-dia\/"]}]},{"@type":"ImageObject","inLanguage":"es","@id":"https:\/\/tourtravelandmore.com\/es\/tours\/andorra\/andorra-la-vella\/todos-los-tours-privados\/tour-privado-tres-naciones-en-un-dia\/#primaryimage","url":"https:\/\/tourtravelandmore.com\/wp-content\/uploads\/2023\/04\/image1-14.jpg","contentUrl":"https:\/\/tourtravelandmore.com\/wp-content\/uploads\/2023\/04\/image1-14.jpg","width":950,"height":750},{"@type":"BreadcrumbList","@id":"https:\/\/tourtravelandmore.com\/es\/tours\/andorra\/andorra-la-vella\/todos-los-tours-privados\/tour-privado-tres-naciones-en-un-dia\/#breadcrumb","itemListElement":[{"@type":"ListItem","position":1,"name":"Home","item":"https:\/\/tourtravelandmore.com\/es\/"},{"@type":"ListItem","position":2,"name":"Tours","item":"https:\/\/tourtravelandmore.com\/es\/tours\/"},{"@type":"ListItem","position":3,"name":"Tour Privado Tres Naciones en un D\u00eda"}]},{"@type":"WebSite","@id":"https:\/\/tourtravelandmore.com\/es\/#website","url":"https:\/\/tourtravelandmore.com\/es\/","name":"Tour Travel And More","description":"Private sightseeing tours and luxury transfers in Spain","publisher":{"@id":"https:\/\/tourtravelandmore.com\/es\/#organization"},"potentialAction":[{"@type":"SearchAction","target":{"@type":"EntryPoint","urlTemplate":"https:\/\/tourtravelandmore.com\/es\/?s={search_term_string}"},"query-input":{"@type":"PropertyValueSpecification","valueRequired":true,"valueName":"search_term_string"}}],"inLanguage":"es"},{"@type":"Organization","@id":"https:\/\/tourtravelandmore.com\/es\/#organization","name":"Tour Travel And More","url":"https:\/\/tourtravelandmore.com\/es\/","logo":{"@type":"ImageObject","inLanguage":"es","@id":"https:\/\/tourtravelandmore.com\/es\/#\/schema\/logo\/image\/","url":"https:\/\/tourtravelandmore.com\/wp-content\/uploads\/2022\/12\/cropped-logo-cabecera-new.png","contentUrl":"https:\/\/tourtravelandmore.com\/wp-content\/uploads\/2022\/12\/cropped-logo-cabecera-new.png","width":430,"height":61,"caption":"Tour Travel And More"},"image":{"@id":"https:\/\/tourtravelandmore.com\/es\/#\/schema\/logo\/image\/"},"sameAs":["https:\/\/www.facebook.com\/tourtravelandmore\/","https:\/\/x.com\/TourTravel_More"]}]}},"_links":{"self":[{"href":"https:\/\/tourtravelandmore.com\/es\/wp-json\/wp\/v2\/product\/164853","targetHints":{"allow":["GET"]}}],"collection":[{"href":"https:\/\/tourtravelandmore.com\/es\/wp-json\/wp\/v2\/product"}],"about":[{"href":"https:\/\/tourtravelandmore.com\/es\/wp-json\/wp\/v2\/types\/product"}],"replies":[{"embeddable":true,"href":"https:\/\/tourtravelandmore.com\/es\/wp-json\/wp\/v2\/comments?post=164853"}],"wp:featuredmedia":[{"embeddable":true,"href":"https:\/\/tourtravelandmore.com\/es\/wp-json\/wp\/v2\/media\/164835"}],"wp:attachment":[{"href":"https:\/\/tourtravelandmore.com\/es\/wp-json\/wp\/v2\/media?parent=164853"}],"wp:term":[{"taxonomy":"product_brand","embeddable":true,"href":"https:\/\/tourtravelandmore.com\/es\/wp-json\/wp\/v2\/product_brand?post=164853"},{"taxonomy":"product_cat","embeddable":true,"href":"https:\/\/tourtravelandmore.com\/es\/wp-json\/wp\/v2\/product_cat?post=164853"},{"taxonomy":"product_tag","embeddable":true,"href":"https:\/\/tourtravelandmore.com\/es\/wp-json\/wp\/v2\/product_tag?post=164853"}],"curies":[{"name":"wp","href":"https:\/\/api.w.org\/{rel}","templated":true}]}}