{"id":164459,"date":"2023-04-27T15:20:20","date_gmt":"2023-04-27T13:20:23","guid":{"rendered":"https:\/\/tourtravelandmore.com\/?post_type=product&#038;p=164459"},"modified":"2023-05-31T17:03:00","modified_gmt":"2023-05-31T15:03:00","slug":"tour-privado-a-pie-de-venecia-con-un-recorrido-gastronomico-por-el-mercado","status":"publish","type":"product","link":"https:\/\/tourtravelandmore.com\/es\/tours\/italia-es\/venecia-es\/tour-privado-a-pie-de-venecia-con-un-recorrido-gastronomico-por-el-mercado\/","title":{"rendered":"Tour privado a pie de Venecia con un recorrido gastron\u00f3mico por el mercado"},"content":{"rendered":"<h2><strong>Descripci\u00f3n\u00a0<\/strong><\/h2>\n<p>Bienvenido a Tour Travel &amp; More, donde le ofrecemos un recorrido privado a pie por Venecia con una deliciosa comida en el mercado. Este tour es perfecto para aquellos que quieran explorar la ciudad a pie y sumergirse en la cultura gastron\u00f3mica local.<\/p>\n<p>Su gu\u00eda tur\u00edstico le recoger\u00e1 en su hotel o en un punto de encuentro designado. El recorrido durar\u00e1 un total de 3 horas. Las primeras 2 horas se dedicar\u00e1n a explorar la hermosa ciudad de Venecia a pie, mientras que la \u00faltima hora se pasar\u00e1 en el mercado de alimentos, donde podr\u00e1 degustar algunos de los platos de la cocina local.<\/p>\n<p>La visita comenzar\u00e1 en el centro hist\u00f3rico de Venecia, donde podr\u00e1 ver algunos de los monumentos m\u00e1s famosos de la ciudad, como la Bas\u00edlica de San Marcos, el Palacio Ducal y el Puente de Rialto. Su gu\u00eda le ofrecer\u00e1 una breve historia de cada monumento y le contar\u00e1 interesantes an\u00e9cdotas sobre la ciudad.<\/p>\n<h2>Puntos de inter\u00e9s | Tour privado a pie por Venecia con visita gastron\u00f3mica en el mercado<\/h2>\n<p>Despu\u00e9s de explorar los lugares emblem\u00e1ticos, pasear\u00e1 por las estrechas calles de Venecia y conocer\u00e1 la vida local. Su gu\u00eda le llevar\u00e1 a algunas joyas ocultas que no suelen visitar los turistas. Ver\u00e1 tiendas, caf\u00e9s y restaurantes locales, y conocer\u00e1 la vida cotidiana de los venecianos.<\/p>\n<p>A continuaci\u00f3n, se dirigir\u00e1 al mercado de abastos, donde podr\u00e1 degustar la cocina local. Su gu\u00eda le llevar\u00e1 a algunos de los mejores puestos del mercado y le presentar\u00e1 a los vendedores. Podr\u00e1 degustar una gran variedad de alimentos, como marisco fresco, verduras, frutas y queso. Su gu\u00eda le explicar\u00e1 los ingredientes y la preparaci\u00f3n de cada plato. Tendr\u00e1 la oportunidad de hacer preguntas.<\/p>\n<p>Bas\u00edlica de San Marcos: La iglesia m\u00e1s famosa de Venecia, con hermosos mosaicos y obras de arte.<\/p>\n<p>El Palacio Ducal: La antigua residencia del Doge, el gobernante de Venecia, con una arquitectura y arte impresionantes.<\/p>\n<p>El Puente de Rialto: El puente m\u00e1s antiguo de Venecia, con hermosas vistas del Gran Canal.<\/p>\n<p>Tiendas, caf\u00e9s y restaurantes locales: Ver\u00e1 el modo de vida local y conocer\u00e1 a los venecianos.<\/p>\n<p>El mercado de alimentos: Probar\u00e1 algunos platos de la cocina local y aprender\u00e1 sobre los ingredientes y la preparaci\u00f3n de cada plato.<\/p>\n<p>En conclusi\u00f3n, nuestro recorrido privado a pie por Venecia con una visita gastron\u00f3mica al mercado es la forma perfecta de explorar la ciudad a pie y degustar la cocina local. Nuestro experto y amable gu\u00eda le proporcionar\u00e1 una experiencia \u00fanica e inolvidable. Reserve su visita hoy mismo y descubra la belleza y el sabor de Venecia.<\/p>\n<p><strong>Otra opci\u00f3n de un tour de d\u00eda completo desde Venecia es <a href=\"https:\/\/tourtravelandmore.com\/es\/tours\/italia-es\/venecia-es\/tour-privado-de-venecia-a-verona-y-lago-de-garda-sirmione\/\">nuestro tour privado a Verona y Valpolicella<\/a>, \u00a1\u00e9chale un vistazo!.<\/strong><\/p>\n","protected":false},"excerpt":{"rendered":"<p>Bienvenido a Tour Travel &amp; More, donde le ofrecemos un recorrido privado a pie por Venecia con una deliciosa comida en el mercado. Este tour es perfecto para aquellos que quieran explorar la ciudad a pie y sumergirse en la cultura gastron\u00f3mica local.<\/p>\n","protected":false},"featured_media":165359,"comment_status":"open","ping_status":"closed","template":"","meta":{"_acf_changed":false},"product_brand":[],"product_cat":[701,707,719,713],"product_tag":[],"class_list":{"0":"post-164459","1":"product","2":"type-product","3":"status-publish","4":"has-post-thumbnail","6":"product_cat-venecia-es","7":"product_cat-venecia-actividades-es","8":"product_cat-venecia-rutas-turisticas-privadas-es","9":"product_cat-venecia-excursiones-es","11":"first","12":"instock","13":"shipping-taxable","14":"purchasable","15":"product-type-simple"},"acf":[],"yoast_head":"<!-- This site is optimized with the Yoast SEO Premium plugin v25.3.1 (Yoast SEO v25.3.1) - https:\/\/yoast.com\/wordpress\/plugins\/seo\/ -->\n<title>Tour privado a pie de Venecia con un recorrido gastron\u00f3mico por el mercado | TTM<\/title>\n<meta name=\"description\" content=\"Visita privada a pie de Venecia con un tour gastron\u00f3mico en el mercado. Disfrute visitando una de las regiones m\u00e1s bellas de Europa\u2705.\" \/>\n<meta name=\"robots\" content=\"index, follow, max-snippet:-1, max-image-preview:large, max-video-preview:-1\" \/>\n<link rel=\"canonical\" href=\"https:\/\/tourtravelandmore.com\/es\/tours\/italia-es\/venecia-es\/tour-privado-a-pie-de-venecia-con-un-recorrido-gastronomico-por-el-mercado\/\" \/>\n<meta property=\"og:locale\" content=\"es_ES\" \/>\n<meta property=\"og:type\" content=\"article\" \/>\n<meta property=\"og:title\" content=\"Tour privado a pie de Venecia con un recorrido gastron\u00f3mico por el mercado\" \/>\n<meta property=\"og:description\" content=\"Visita privada a pie de Venecia con un tour gastron\u00f3mico en el mercado. Disfrute visitando una de las regiones m\u00e1s bellas de Europa\u2705.\" \/>\n<meta property=\"og:url\" content=\"https:\/\/tourtravelandmore.com\/es\/tours\/italia-es\/venecia-es\/tour-privado-a-pie-de-venecia-con-un-recorrido-gastronomico-por-el-mercado\/\" \/>\n<meta property=\"og:site_name\" content=\"Tour Travel And More\" \/>\n<meta property=\"article:publisher\" content=\"https:\/\/www.facebook.com\/tourtravelandmore\/\" \/>\n<meta property=\"article:modified_time\" content=\"2023-05-31T15:03:00+00:00\" \/>\n<meta property=\"og:image\" content=\"https:\/\/tourtravelandmore.com\/wp-content\/uploads\/2023\/04\/river-g8b5015b71_1280-2.jpg\" \/>\n\t<meta property=\"og:image:width\" content=\"1280\" \/>\n\t<meta property=\"og:image:height\" content=\"852\" \/>\n\t<meta property=\"og:image:type\" content=\"image\/jpeg\" \/>\n<meta name=\"twitter:card\" content=\"summary_large_image\" \/>\n<meta name=\"twitter:site\" content=\"@TourTravel_More\" \/>\n<meta name=\"twitter:label1\" content=\"Tiempo de lectura\" \/>\n\t<meta name=\"twitter:data1\" content=\"2 minutos\" \/>\n<script type=\"application\/ld+json\" class=\"yoast-schema-graph\">{\"@context\":\"https:\/\/schema.org\",\"@graph\":[{\"@type\":\"WebPage\",\"@id\":\"https:\/\/tourtravelandmore.com\/es\/tours\/italia-es\/venecia-es\/tour-privado-a-pie-de-venecia-con-un-recorrido-gastronomico-por-el-mercado\/\",\"url\":\"https:\/\/tourtravelandmore.com\/es\/tours\/italia-es\/venecia-es\/tour-privado-a-pie-de-venecia-con-un-recorrido-gastronomico-por-el-mercado\/\",\"name\":\"Tour privado a pie de Venecia con un recorrido gastron\u00f3mico por el mercado | TTM\",\"isPartOf\":{\"@id\":\"https:\/\/tourtravelandmore.com\/es\/#website\"},\"primaryImageOfPage\":{\"@id\":\"https:\/\/tourtravelandmore.com\/es\/tours\/italia-es\/venecia-es\/tour-privado-a-pie-de-venecia-con-un-recorrido-gastronomico-por-el-mercado\/#primaryimage\"},\"image\":{\"@id\":\"https:\/\/tourtravelandmore.com\/es\/tours\/italia-es\/venecia-es\/tour-privado-a-pie-de-venecia-con-un-recorrido-gastronomico-por-el-mercado\/#primaryimage\"},\"thumbnailUrl\":\"https:\/\/tourtravelandmore.com\/wp-content\/uploads\/2023\/04\/river-g8b5015b71_1280-2.jpg\",\"datePublished\":\"2023-04-27T13:20:23+00:00\",\"dateModified\":\"2023-05-31T15:03:00+00:00\",\"description\":\"Visita privada a pie de Venecia con un tour gastron\u00f3mico en el mercado. Disfrute visitando una de las regiones m\u00e1s bellas de Europa\u2705.\",\"breadcrumb\":{\"@id\":\"https:\/\/tourtravelandmore.com\/es\/tours\/italia-es\/venecia-es\/tour-privado-a-pie-de-venecia-con-un-recorrido-gastronomico-por-el-mercado\/#breadcrumb\"},\"inLanguage\":\"es\",\"potentialAction\":[{\"@type\":\"ReadAction\",\"target\":[\"https:\/\/tourtravelandmore.com\/es\/tours\/italia-es\/venecia-es\/tour-privado-a-pie-de-venecia-con-un-recorrido-gastronomico-por-el-mercado\/\"]}]},{\"@type\":\"ImageObject\",\"inLanguage\":\"es\",\"@id\":\"https:\/\/tourtravelandmore.com\/es\/tours\/italia-es\/venecia-es\/tour-privado-a-pie-de-venecia-con-un-recorrido-gastronomico-por-el-mercado\/#primaryimage\",\"url\":\"https:\/\/tourtravelandmore.com\/wp-content\/uploads\/2023\/04\/river-g8b5015b71_1280-2.jpg\",\"contentUrl\":\"https:\/\/tourtravelandmore.com\/wp-content\/uploads\/2023\/04\/river-g8b5015b71_1280-2.jpg\",\"width\":1280,\"height\":852},{\"@type\":\"BreadcrumbList\",\"@id\":\"https:\/\/tourtravelandmore.com\/es\/tours\/italia-es\/venecia-es\/tour-privado-a-pie-de-venecia-con-un-recorrido-gastronomico-por-el-mercado\/#breadcrumb\",\"itemListElement\":[{\"@type\":\"ListItem\",\"position\":1,\"name\":\"Home\",\"item\":\"https:\/\/tourtravelandmore.com\/es\/\"},{\"@type\":\"ListItem\",\"position\":2,\"name\":\"Tours\",\"item\":\"https:\/\/tourtravelandmore.com\/es\/tours\/\"},{\"@type\":\"ListItem\",\"position\":3,\"name\":\"Tour privado a pie de Venecia con un recorrido gastron\u00f3mico por el mercado\"}]},{\"@type\":\"WebSite\",\"@id\":\"https:\/\/tourtravelandmore.com\/es\/#website\",\"url\":\"https:\/\/tourtravelandmore.com\/es\/\",\"name\":\"Tour Travel And More\",\"description\":\"Private sightseeing tours and luxury transfers in Spain\",\"publisher\":{\"@id\":\"https:\/\/tourtravelandmore.com\/es\/#organization\"},\"potentialAction\":[{\"@type\":\"SearchAction\",\"target\":{\"@type\":\"EntryPoint\",\"urlTemplate\":\"https:\/\/tourtravelandmore.com\/es\/?s={search_term_string}\"},\"query-input\":{\"@type\":\"PropertyValueSpecification\",\"valueRequired\":true,\"valueName\":\"search_term_string\"}}],\"inLanguage\":\"es\"},{\"@type\":\"Organization\",\"@id\":\"https:\/\/tourtravelandmore.com\/es\/#organization\",\"name\":\"Tour Travel And More\",\"url\":\"https:\/\/tourtravelandmore.com\/es\/\",\"logo\":{\"@type\":\"ImageObject\",\"inLanguage\":\"es\",\"@id\":\"https:\/\/tourtravelandmore.com\/es\/#\/schema\/logo\/image\/\",\"url\":\"https:\/\/tourtravelandmore.com\/wp-content\/uploads\/2022\/12\/cropped-logo-cabecera-new.png\",\"contentUrl\":\"https:\/\/tourtravelandmore.com\/wp-content\/uploads\/2022\/12\/cropped-logo-cabecera-new.png\",\"width\":430,\"height\":61,\"caption\":\"Tour Travel And More\"},\"image\":{\"@id\":\"https:\/\/tourtravelandmore.com\/es\/#\/schema\/logo\/image\/\"},\"sameAs\":[\"https:\/\/www.facebook.com\/tourtravelandmore\/\",\"https:\/\/x.com\/TourTravel_More\"]}]}<\/script>\n<!-- \/ Yoast SEO Premium plugin. -->","yoast_head_json":{"title":"Tour privado a pie de Venecia con un recorrido gastron\u00f3mico por el mercado | TTM","description":"Visita privada a pie de Venecia con un tour gastron\u00f3mico en el mercado. Disfrute visitando una de las regiones m\u00e1s bellas de Europa\u2705.","robots":{"index":"index","follow":"follow","max-snippet":"max-snippet:-1","max-image-preview":"max-image-preview:large","max-video-preview":"max-video-preview:-1"},"canonical":"https:\/\/tourtravelandmore.com\/es\/tours\/italia-es\/venecia-es\/tour-privado-a-pie-de-venecia-con-un-recorrido-gastronomico-por-el-mercado\/","og_locale":"es_ES","og_type":"article","og_title":"Tour privado a pie de Venecia con un recorrido gastron\u00f3mico por el mercado","og_description":"Visita privada a pie de Venecia con un tour gastron\u00f3mico en el mercado. Disfrute visitando una de las regiones m\u00e1s bellas de Europa\u2705.","og_url":"https:\/\/tourtravelandmore.com\/es\/tours\/italia-es\/venecia-es\/tour-privado-a-pie-de-venecia-con-un-recorrido-gastronomico-por-el-mercado\/","og_site_name":"Tour Travel And More","article_publisher":"https:\/\/www.facebook.com\/tourtravelandmore\/","article_modified_time":"2023-05-31T15:03:00+00:00","og_image":[{"width":1280,"height":852,"url":"https:\/\/tourtravelandmore.com\/wp-content\/uploads\/2023\/04\/river-g8b5015b71_1280-2.jpg","type":"image\/jpeg"}],"twitter_card":"summary_large_image","twitter_site":"@TourTravel_More","twitter_misc":{"Tiempo de lectura":"2 minutos"},"schema":{"@context":"https:\/\/schema.org","@graph":[{"@type":"WebPage","@id":"https:\/\/tourtravelandmore.com\/es\/tours\/italia-es\/venecia-es\/tour-privado-a-pie-de-venecia-con-un-recorrido-gastronomico-por-el-mercado\/","url":"https:\/\/tourtravelandmore.com\/es\/tours\/italia-es\/venecia-es\/tour-privado-a-pie-de-venecia-con-un-recorrido-gastronomico-por-el-mercado\/","name":"Tour privado a pie de Venecia con un recorrido gastron\u00f3mico por el mercado | TTM","isPartOf":{"@id":"https:\/\/tourtravelandmore.com\/es\/#website"},"primaryImageOfPage":{"@id":"https:\/\/tourtravelandmore.com\/es\/tours\/italia-es\/venecia-es\/tour-privado-a-pie-de-venecia-con-un-recorrido-gastronomico-por-el-mercado\/#primaryimage"},"image":{"@id":"https:\/\/tourtravelandmore.com\/es\/tours\/italia-es\/venecia-es\/tour-privado-a-pie-de-venecia-con-un-recorrido-gastronomico-por-el-mercado\/#primaryimage"},"thumbnailUrl":"https:\/\/tourtravelandmore.com\/wp-content\/uploads\/2023\/04\/river-g8b5015b71_1280-2.jpg","datePublished":"2023-04-27T13:20:23+00:00","dateModified":"2023-05-31T15:03:00+00:00","description":"Visita privada a pie de Venecia con un tour gastron\u00f3mico en el mercado. Disfrute visitando una de las regiones m\u00e1s bellas de Europa\u2705.","breadcrumb":{"@id":"https:\/\/tourtravelandmore.com\/es\/tours\/italia-es\/venecia-es\/tour-privado-a-pie-de-venecia-con-un-recorrido-gastronomico-por-el-mercado\/#breadcrumb"},"inLanguage":"es","potentialAction":[{"@type":"ReadAction","target":["https:\/\/tourtravelandmore.com\/es\/tours\/italia-es\/venecia-es\/tour-privado-a-pie-de-venecia-con-un-recorrido-gastronomico-por-el-mercado\/"]}]},{"@type":"ImageObject","inLanguage":"es","@id":"https:\/\/tourtravelandmore.com\/es\/tours\/italia-es\/venecia-es\/tour-privado-a-pie-de-venecia-con-un-recorrido-gastronomico-por-el-mercado\/#primaryimage","url":"https:\/\/tourtravelandmore.com\/wp-content\/uploads\/2023\/04\/river-g8b5015b71_1280-2.jpg","contentUrl":"https:\/\/tourtravelandmore.com\/wp-content\/uploads\/2023\/04\/river-g8b5015b71_1280-2.jpg","width":1280,"height":852},{"@type":"BreadcrumbList","@id":"https:\/\/tourtravelandmore.com\/es\/tours\/italia-es\/venecia-es\/tour-privado-a-pie-de-venecia-con-un-recorrido-gastronomico-por-el-mercado\/#breadcrumb","itemListElement":[{"@type":"ListItem","position":1,"name":"Home","item":"https:\/\/tourtravelandmore.com\/es\/"},{"@type":"ListItem","position":2,"name":"Tours","item":"https:\/\/tourtravelandmore.com\/es\/tours\/"},{"@type":"ListItem","position":3,"name":"Tour privado a pie de Venecia con un recorrido gastron\u00f3mico por el mercado"}]},{"@type":"WebSite","@id":"https:\/\/tourtravelandmore.com\/es\/#website","url":"https:\/\/tourtravelandmore.com\/es\/","name":"Tour Travel And More","description":"Private sightseeing tours and luxury transfers in Spain","publisher":{"@id":"https:\/\/tourtravelandmore.com\/es\/#organization"},"potentialAction":[{"@type":"SearchAction","target":{"@type":"EntryPoint","urlTemplate":"https:\/\/tourtravelandmore.com\/es\/?s={search_term_string}"},"query-input":{"@type":"PropertyValueSpecification","valueRequired":true,"valueName":"search_term_string"}}],"inLanguage":"es"},{"@type":"Organization","@id":"https:\/\/tourtravelandmore.com\/es\/#organization","name":"Tour Travel And More","url":"https:\/\/tourtravelandmore.com\/es\/","logo":{"@type":"ImageObject","inLanguage":"es","@id":"https:\/\/tourtravelandmore.com\/es\/#\/schema\/logo\/image\/","url":"https:\/\/tourtravelandmore.com\/wp-content\/uploads\/2022\/12\/cropped-logo-cabecera-new.png","contentUrl":"https:\/\/tourtravelandmore.com\/wp-content\/uploads\/2022\/12\/cropped-logo-cabecera-new.png","width":430,"height":61,"caption":"Tour Travel And More"},"image":{"@id":"https:\/\/tourtravelandmore.com\/es\/#\/schema\/logo\/image\/"},"sameAs":["https:\/\/www.facebook.com\/tourtravelandmore\/","https:\/\/x.com\/TourTravel_More"]}]}},"_links":{"self":[{"href":"https:\/\/tourtravelandmore.com\/es\/wp-json\/wp\/v2\/product\/164459","targetHints":{"allow":["GET"]}}],"collection":[{"href":"https:\/\/tourtravelandmore.com\/es\/wp-json\/wp\/v2\/product"}],"about":[{"href":"https:\/\/tourtravelandmore.com\/es\/wp-json\/wp\/v2\/types\/product"}],"replies":[{"embeddable":true,"href":"https:\/\/tourtravelandmore.com\/es\/wp-json\/wp\/v2\/comments?post=164459"}],"wp:featuredmedia":[{"embeddable":true,"href":"https:\/\/tourtravelandmore.com\/es\/wp-json\/wp\/v2\/media\/165359"}],"wp:attachment":[{"href":"https:\/\/tourtravelandmore.com\/es\/wp-json\/wp\/v2\/media?parent=164459"}],"wp:term":[{"taxonomy":"product_brand","embeddable":true,"href":"https:\/\/tourtravelandmore.com\/es\/wp-json\/wp\/v2\/product_brand?post=164459"},{"taxonomy":"product_cat","embeddable":true,"href":"https:\/\/tourtravelandmore.com\/es\/wp-json\/wp\/v2\/product_cat?post=164459"},{"taxonomy":"product_tag","embeddable":true,"href":"https:\/\/tourtravelandmore.com\/es\/wp-json\/wp\/v2\/product_tag?post=164459"}],"curies":[{"name":"wp","href":"https:\/\/api.w.org\/{rel}","templated":true}]}}