{"id":164335,"date":"2023-04-26T18:00:00","date_gmt":"2023-04-26T16:00:01","guid":{"rendered":"https:\/\/tourtravelandmore.com\/?post_type=product&#038;p=164335"},"modified":"2023-08-18T17:46:17","modified_gmt":"2023-08-18T15:46:17","slug":"tour-privado-de-rialto-y-el-barrio-judio","status":"publish","type":"product","link":"https:\/\/tourtravelandmore.com\/es\/tours\/italia-es\/venecia-es\/tour-privado-de-rialto-y-el-barrio-judio\/","title":{"rendered":"Tour privado de Rialto y el Barrio Jud\u00edo"},"content":{"rendered":"<h2><strong>Descripci\u00f3n\u00a0<\/strong><\/h2>\n<p>Bienvenido al <strong>tour privado<\/strong> de <strong>Rialto<\/strong> y el <strong>Barrio Jud\u00edo<\/strong> de Tour Travel &amp; More. Esta visita guiada de 2 horas le llevar\u00e1 por el coraz\u00f3n de Venecia, mostrando la rica historia y la vibrante cultura de la ciudad. Su gu\u00eda, amable y experto, le guiar\u00e1 por las calles y le permitir\u00e1 conocer el pasado y el presente de la ciudad.<\/p>\n<p>En primer lugar, nuestro recorrido comienza en la animada zona de Rialto, donde podr\u00e1 ver el famoso Puente de Rialto. Construido en el siglo XVI, este puente atraviesa el Gran Canal y es uno de los monumentos m\u00e1s emblem\u00e1ticos de Venecia. Su gu\u00eda le explicar\u00e1 brevemente la historia del puente y su importancia para la ciudad.<\/p>\n<p>El <strong>tour privado de Rialto y el Barrio Jud\u00edo<\/strong> de <strong>Tour Travel &amp; More<\/strong> es la forma perfecta de explorar la rica historia y la vibrante cultura de Venecia. Con un gu\u00eda experto y un itinerario cuidadosamente seleccionado. Experimentar\u00e1 lo mejor de esta incre\u00edble ciudad en s\u00f3lo dos horas. Esperamos que nos acompa\u00f1e en este inolvidable recorrido.<\/p>\n<h2>Tour privado de Rialto y el Barrio Jud\u00edo | Puntos de Inter\u00e9s y Lugares de Inter\u00e9s<\/h2>\n<p>A continuaci\u00f3n, nos dirigiremos al Barrio Jud\u00edo, una zona cargada de historia y tradici\u00f3n. La comunidad jud\u00eda de Venecia se remonta al siglo XVI. El barrio alberga varias sinagogas hist\u00f3ricas y el Museo Jud\u00edo de Venecia. Su gu\u00eda le acompa\u00f1ar\u00e1 en un recorrido a pie por la zona, se\u00f1al\u00e1ndole los principales puntos de inter\u00e9s y ofreci\u00e9ndole una visi\u00f3n general de la historia jud\u00eda de Venecia.<\/p>\n<p>Mientras exploramos el Barrio Jud\u00edo, podr\u00e1 ver varios puntos de referencia notables. Uno de los m\u00e1s destacados es el Campo del Ghetto Nuovo. Se trata de una plaza hist\u00f3rica en la que viv\u00eda la poblaci\u00f3n jud\u00eda de Venecia.<\/p>\n<p>Tambi\u00e9n visitaremos el Museo Jud\u00edo de Venecia. Podr\u00e1 ver una colecci\u00f3n de artefactos que documentan la historia de la comunidad jud\u00eda de Venecia.<\/p>\n<p>Otro punto de referencia del barrio jud\u00edo es la Scuola Grande Tedesca, un edificio hist\u00f3rico que se utilizaba como lugar de reuni\u00f3n de la comunidad jud\u00eda alemana de Venecia. El edificio est\u00e1 decorado con obras de arte y cuenta con un impresionante sal\u00f3n de baile.<\/p>\n<p>Mientras volvemos hacia la zona de Rialto, su gu\u00eda le indicar\u00e1 otros puntos de inter\u00e9s y le ofrecer\u00e1 interesantes explicaciones sobre la historia y la cultura de la ciudad. Esta excursi\u00f3n privada es una excelente manera de conocer lo mejor de Venecia, y estamos seguros de que se marchar\u00e1 con un nuevo aprecio por esta incre\u00edble ciudad.<\/p>\n<p><strong>Otra opci\u00f3n de un tour de d\u00eda completo desde Venecia es <a href=\"https:\/\/tourtravelandmore.com\/es\/tours\/italia-es\/venecia-es\/tour-privado-de-venecia-a-verona-y-lago-de-garda-sirmione\/\">nuestro tour privado a Verona y Valpolicella<\/a>, \u00a1\u00e9chale un vistazo!.<\/strong><\/p>\n","protected":false},"excerpt":{"rendered":"<p>Bienvenido al <strong>tour privado<\/strong> de <strong>Rialto<\/strong> y el <strong>Barrio Jud\u00edo<\/strong> de Tour Travel &amp; More. Esta visita guiada de 2 horas le llevar\u00e1 por el coraz\u00f3n de Venecia, mostrando la rica historia y la vibrante cultura de la ciudad. Su gu\u00eda, amable y experto, le guiar\u00e1 por las calles y le permitir\u00e1 conocer el pasado y el presente de la ciudad.<\/p>\n","protected":false},"featured_media":164354,"comment_status":"open","ping_status":"closed","template":"","meta":{"_acf_changed":false},"product_brand":[],"product_cat":[701,707,719,713],"product_tag":[],"class_list":{"0":"post-164335","1":"product","2":"type-product","3":"status-publish","4":"has-post-thumbnail","6":"product_cat-venecia-es","7":"product_cat-venecia-actividades-es","8":"product_cat-venecia-rutas-turisticas-privadas-es","9":"product_cat-venecia-excursiones-es","11":"first","12":"instock","13":"shipping-taxable","14":"purchasable","15":"product-type-simple"},"acf":[],"yoast_head":"<!-- This site is optimized with the Yoast SEO Premium plugin v25.3.1 (Yoast SEO v25.3.1) - https:\/\/yoast.com\/wordpress\/plugins\/seo\/ -->\n<title>Tour privado de Rialto y el Barrio Jud\u00edo | TourTravel&amp;More<\/title>\n<meta name=\"description\" content=\"Tour privado de Rialto y el Barrio Jud\u00edo. Disfrute visitando, en su barco privado una de las regiones m\u00e1s bellas de Europa\u2705.\" \/>\n<meta name=\"robots\" content=\"index, follow, max-snippet:-1, max-image-preview:large, max-video-preview:-1\" \/>\n<link rel=\"canonical\" href=\"https:\/\/tourtravelandmore.com\/es\/tours\/italia-es\/venecia-es\/tour-privado-de-rialto-y-el-barrio-judio\/\" \/>\n<meta property=\"og:locale\" content=\"es_ES\" \/>\n<meta property=\"og:type\" content=\"article\" \/>\n<meta property=\"og:title\" content=\"Tour privado de Rialto y el Barrio Jud\u00edo\" \/>\n<meta property=\"og:description\" content=\"Tour privado de Rialto y el Barrio Jud\u00edo. Disfrute visitando, en su barco privado una de las regiones m\u00e1s bellas de Europa\u2705.\" \/>\n<meta property=\"og:url\" content=\"https:\/\/tourtravelandmore.com\/es\/tours\/italia-es\/venecia-es\/tour-privado-de-rialto-y-el-barrio-judio\/\" \/>\n<meta property=\"og:site_name\" content=\"Tour Travel And More\" \/>\n<meta property=\"article:publisher\" content=\"https:\/\/www.facebook.com\/tourtravelandmore\/\" \/>\n<meta property=\"article:modified_time\" content=\"2023-08-18T15:46:17+00:00\" \/>\n<meta property=\"og:image\" content=\"https:\/\/tourtravelandmore.com\/wp-content\/uploads\/2023\/04\/pexels-helena-jankovicova-kovacova-13224211-scaled.jpg\" \/>\n\t<meta property=\"og:image:width\" content=\"2560\" \/>\n\t<meta property=\"og:image:height\" content=\"1707\" \/>\n\t<meta property=\"og:image:type\" content=\"image\/jpeg\" \/>\n<meta name=\"twitter:card\" content=\"summary_large_image\" \/>\n<meta name=\"twitter:site\" content=\"@TourTravel_More\" \/>\n<meta name=\"twitter:label1\" content=\"Tiempo de lectura\" \/>\n\t<meta name=\"twitter:data1\" content=\"2 minutos\" \/>\n<script type=\"application\/ld+json\" class=\"yoast-schema-graph\">{\"@context\":\"https:\/\/schema.org\",\"@graph\":[{\"@type\":\"WebPage\",\"@id\":\"https:\/\/tourtravelandmore.com\/es\/tours\/italia-es\/venecia-es\/tour-privado-de-rialto-y-el-barrio-judio\/\",\"url\":\"https:\/\/tourtravelandmore.com\/es\/tours\/italia-es\/venecia-es\/tour-privado-de-rialto-y-el-barrio-judio\/\",\"name\":\"Tour privado de Rialto y el Barrio Jud\u00edo | TourTravel&More\",\"isPartOf\":{\"@id\":\"https:\/\/tourtravelandmore.com\/es\/#website\"},\"primaryImageOfPage\":{\"@id\":\"https:\/\/tourtravelandmore.com\/es\/tours\/italia-es\/venecia-es\/tour-privado-de-rialto-y-el-barrio-judio\/#primaryimage\"},\"image\":{\"@id\":\"https:\/\/tourtravelandmore.com\/es\/tours\/italia-es\/venecia-es\/tour-privado-de-rialto-y-el-barrio-judio\/#primaryimage\"},\"thumbnailUrl\":\"https:\/\/tourtravelandmore.com\/wp-content\/uploads\/2023\/04\/pexels-helena-jankovicova-kovacova-13224211-scaled.jpg\",\"datePublished\":\"2023-04-26T16:00:01+00:00\",\"dateModified\":\"2023-08-18T15:46:17+00:00\",\"description\":\"Tour privado de Rialto y el Barrio Jud\u00edo. Disfrute visitando, en su barco privado una de las regiones m\u00e1s bellas de Europa\u2705.\",\"breadcrumb\":{\"@id\":\"https:\/\/tourtravelandmore.com\/es\/tours\/italia-es\/venecia-es\/tour-privado-de-rialto-y-el-barrio-judio\/#breadcrumb\"},\"inLanguage\":\"es\",\"potentialAction\":[{\"@type\":\"ReadAction\",\"target\":[\"https:\/\/tourtravelandmore.com\/es\/tours\/italia-es\/venecia-es\/tour-privado-de-rialto-y-el-barrio-judio\/\"]}]},{\"@type\":\"ImageObject\",\"inLanguage\":\"es\",\"@id\":\"https:\/\/tourtravelandmore.com\/es\/tours\/italia-es\/venecia-es\/tour-privado-de-rialto-y-el-barrio-judio\/#primaryimage\",\"url\":\"https:\/\/tourtravelandmore.com\/wp-content\/uploads\/2023\/04\/pexels-helena-jankovicova-kovacova-13224211-scaled.jpg\",\"contentUrl\":\"https:\/\/tourtravelandmore.com\/wp-content\/uploads\/2023\/04\/pexels-helena-jankovicova-kovacova-13224211-scaled.jpg\",\"width\":2560,\"height\":1707},{\"@type\":\"BreadcrumbList\",\"@id\":\"https:\/\/tourtravelandmore.com\/es\/tours\/italia-es\/venecia-es\/tour-privado-de-rialto-y-el-barrio-judio\/#breadcrumb\",\"itemListElement\":[{\"@type\":\"ListItem\",\"position\":1,\"name\":\"Home\",\"item\":\"https:\/\/tourtravelandmore.com\/es\/\"},{\"@type\":\"ListItem\",\"position\":2,\"name\":\"Tours\",\"item\":\"https:\/\/tourtravelandmore.com\/es\/tours\/\"},{\"@type\":\"ListItem\",\"position\":3,\"name\":\"Tour privado de Rialto y el Barrio Jud\u00edo\"}]},{\"@type\":\"WebSite\",\"@id\":\"https:\/\/tourtravelandmore.com\/es\/#website\",\"url\":\"https:\/\/tourtravelandmore.com\/es\/\",\"name\":\"Tour Travel And More\",\"description\":\"Private sightseeing tours and luxury transfers in Spain\",\"publisher\":{\"@id\":\"https:\/\/tourtravelandmore.com\/es\/#organization\"},\"potentialAction\":[{\"@type\":\"SearchAction\",\"target\":{\"@type\":\"EntryPoint\",\"urlTemplate\":\"https:\/\/tourtravelandmore.com\/es\/?s={search_term_string}\"},\"query-input\":{\"@type\":\"PropertyValueSpecification\",\"valueRequired\":true,\"valueName\":\"search_term_string\"}}],\"inLanguage\":\"es\"},{\"@type\":\"Organization\",\"@id\":\"https:\/\/tourtravelandmore.com\/es\/#organization\",\"name\":\"Tour Travel And More\",\"url\":\"https:\/\/tourtravelandmore.com\/es\/\",\"logo\":{\"@type\":\"ImageObject\",\"inLanguage\":\"es\",\"@id\":\"https:\/\/tourtravelandmore.com\/es\/#\/schema\/logo\/image\/\",\"url\":\"https:\/\/tourtravelandmore.com\/wp-content\/uploads\/2022\/12\/cropped-logo-cabecera-new.png\",\"contentUrl\":\"https:\/\/tourtravelandmore.com\/wp-content\/uploads\/2022\/12\/cropped-logo-cabecera-new.png\",\"width\":430,\"height\":61,\"caption\":\"Tour Travel And More\"},\"image\":{\"@id\":\"https:\/\/tourtravelandmore.com\/es\/#\/schema\/logo\/image\/\"},\"sameAs\":[\"https:\/\/www.facebook.com\/tourtravelandmore\/\",\"https:\/\/x.com\/TourTravel_More\"]}]}<\/script>\n<!-- \/ Yoast SEO Premium plugin. -->","yoast_head_json":{"title":"Tour privado de Rialto y el Barrio Jud\u00edo | TourTravel&More","description":"Tour privado de Rialto y el Barrio Jud\u00edo. Disfrute visitando, en su barco privado una de las regiones m\u00e1s bellas de Europa\u2705.","robots":{"index":"index","follow":"follow","max-snippet":"max-snippet:-1","max-image-preview":"max-image-preview:large","max-video-preview":"max-video-preview:-1"},"canonical":"https:\/\/tourtravelandmore.com\/es\/tours\/italia-es\/venecia-es\/tour-privado-de-rialto-y-el-barrio-judio\/","og_locale":"es_ES","og_type":"article","og_title":"Tour privado de Rialto y el Barrio Jud\u00edo","og_description":"Tour privado de Rialto y el Barrio Jud\u00edo. Disfrute visitando, en su barco privado una de las regiones m\u00e1s bellas de Europa\u2705.","og_url":"https:\/\/tourtravelandmore.com\/es\/tours\/italia-es\/venecia-es\/tour-privado-de-rialto-y-el-barrio-judio\/","og_site_name":"Tour Travel And More","article_publisher":"https:\/\/www.facebook.com\/tourtravelandmore\/","article_modified_time":"2023-08-18T15:46:17+00:00","og_image":[{"width":2560,"height":1707,"url":"https:\/\/tourtravelandmore.com\/wp-content\/uploads\/2023\/04\/pexels-helena-jankovicova-kovacova-13224211-scaled.jpg","type":"image\/jpeg"}],"twitter_card":"summary_large_image","twitter_site":"@TourTravel_More","twitter_misc":{"Tiempo de lectura":"2 minutos"},"schema":{"@context":"https:\/\/schema.org","@graph":[{"@type":"WebPage","@id":"https:\/\/tourtravelandmore.com\/es\/tours\/italia-es\/venecia-es\/tour-privado-de-rialto-y-el-barrio-judio\/","url":"https:\/\/tourtravelandmore.com\/es\/tours\/italia-es\/venecia-es\/tour-privado-de-rialto-y-el-barrio-judio\/","name":"Tour privado de Rialto y el Barrio Jud\u00edo | TourTravel&More","isPartOf":{"@id":"https:\/\/tourtravelandmore.com\/es\/#website"},"primaryImageOfPage":{"@id":"https:\/\/tourtravelandmore.com\/es\/tours\/italia-es\/venecia-es\/tour-privado-de-rialto-y-el-barrio-judio\/#primaryimage"},"image":{"@id":"https:\/\/tourtravelandmore.com\/es\/tours\/italia-es\/venecia-es\/tour-privado-de-rialto-y-el-barrio-judio\/#primaryimage"},"thumbnailUrl":"https:\/\/tourtravelandmore.com\/wp-content\/uploads\/2023\/04\/pexels-helena-jankovicova-kovacova-13224211-scaled.jpg","datePublished":"2023-04-26T16:00:01+00:00","dateModified":"2023-08-18T15:46:17+00:00","description":"Tour privado de Rialto y el Barrio Jud\u00edo. Disfrute visitando, en su barco privado una de las regiones m\u00e1s bellas de Europa\u2705.","breadcrumb":{"@id":"https:\/\/tourtravelandmore.com\/es\/tours\/italia-es\/venecia-es\/tour-privado-de-rialto-y-el-barrio-judio\/#breadcrumb"},"inLanguage":"es","potentialAction":[{"@type":"ReadAction","target":["https:\/\/tourtravelandmore.com\/es\/tours\/italia-es\/venecia-es\/tour-privado-de-rialto-y-el-barrio-judio\/"]}]},{"@type":"ImageObject","inLanguage":"es","@id":"https:\/\/tourtravelandmore.com\/es\/tours\/italia-es\/venecia-es\/tour-privado-de-rialto-y-el-barrio-judio\/#primaryimage","url":"https:\/\/tourtravelandmore.com\/wp-content\/uploads\/2023\/04\/pexels-helena-jankovicova-kovacova-13224211-scaled.jpg","contentUrl":"https:\/\/tourtravelandmore.com\/wp-content\/uploads\/2023\/04\/pexels-helena-jankovicova-kovacova-13224211-scaled.jpg","width":2560,"height":1707},{"@type":"BreadcrumbList","@id":"https:\/\/tourtravelandmore.com\/es\/tours\/italia-es\/venecia-es\/tour-privado-de-rialto-y-el-barrio-judio\/#breadcrumb","itemListElement":[{"@type":"ListItem","position":1,"name":"Home","item":"https:\/\/tourtravelandmore.com\/es\/"},{"@type":"ListItem","position":2,"name":"Tours","item":"https:\/\/tourtravelandmore.com\/es\/tours\/"},{"@type":"ListItem","position":3,"name":"Tour privado de Rialto y el Barrio Jud\u00edo"}]},{"@type":"WebSite","@id":"https:\/\/tourtravelandmore.com\/es\/#website","url":"https:\/\/tourtravelandmore.com\/es\/","name":"Tour Travel And More","description":"Private sightseeing tours and luxury transfers in Spain","publisher":{"@id":"https:\/\/tourtravelandmore.com\/es\/#organization"},"potentialAction":[{"@type":"SearchAction","target":{"@type":"EntryPoint","urlTemplate":"https:\/\/tourtravelandmore.com\/es\/?s={search_term_string}"},"query-input":{"@type":"PropertyValueSpecification","valueRequired":true,"valueName":"search_term_string"}}],"inLanguage":"es"},{"@type":"Organization","@id":"https:\/\/tourtravelandmore.com\/es\/#organization","name":"Tour Travel And More","url":"https:\/\/tourtravelandmore.com\/es\/","logo":{"@type":"ImageObject","inLanguage":"es","@id":"https:\/\/tourtravelandmore.com\/es\/#\/schema\/logo\/image\/","url":"https:\/\/tourtravelandmore.com\/wp-content\/uploads\/2022\/12\/cropped-logo-cabecera-new.png","contentUrl":"https:\/\/tourtravelandmore.com\/wp-content\/uploads\/2022\/12\/cropped-logo-cabecera-new.png","width":430,"height":61,"caption":"Tour Travel And More"},"image":{"@id":"https:\/\/tourtravelandmore.com\/es\/#\/schema\/logo\/image\/"},"sameAs":["https:\/\/www.facebook.com\/tourtravelandmore\/","https:\/\/x.com\/TourTravel_More"]}]}},"_links":{"self":[{"href":"https:\/\/tourtravelandmore.com\/es\/wp-json\/wp\/v2\/product\/164335","targetHints":{"allow":["GET"]}}],"collection":[{"href":"https:\/\/tourtravelandmore.com\/es\/wp-json\/wp\/v2\/product"}],"about":[{"href":"https:\/\/tourtravelandmore.com\/es\/wp-json\/wp\/v2\/types\/product"}],"replies":[{"embeddable":true,"href":"https:\/\/tourtravelandmore.com\/es\/wp-json\/wp\/v2\/comments?post=164335"}],"wp:featuredmedia":[{"embeddable":true,"href":"https:\/\/tourtravelandmore.com\/es\/wp-json\/wp\/v2\/media\/164354"}],"wp:attachment":[{"href":"https:\/\/tourtravelandmore.com\/es\/wp-json\/wp\/v2\/media?parent=164335"}],"wp:term":[{"taxonomy":"product_brand","embeddable":true,"href":"https:\/\/tourtravelandmore.com\/es\/wp-json\/wp\/v2\/product_brand?post=164335"},{"taxonomy":"product_cat","embeddable":true,"href":"https:\/\/tourtravelandmore.com\/es\/wp-json\/wp\/v2\/product_cat?post=164335"},{"taxonomy":"product_tag","embeddable":true,"href":"https:\/\/tourtravelandmore.com\/es\/wp-json\/wp\/v2\/product_tag?post=164335"}],"curies":[{"name":"wp","href":"https:\/\/api.w.org\/{rel}","templated":true}]}}