{"id":164299,"date":"2023-04-26T17:06:07","date_gmt":"2023-04-26T15:06:07","guid":{"rendered":"https:\/\/tourtravelandmore.com\/?post_type=product&#038;p=164299"},"modified":"2023-05-09T20:38:16","modified_gmt":"2023-05-09T18:38:16","slug":"tour-privado-de-la-basilica-de-san-marcos-y-del-palacio-ducal","status":"publish","type":"product","link":"https:\/\/tourtravelandmore.com\/es\/tours\/italia-es\/venecia-es\/tour-privado-de-la-basilica-de-san-marcos-y-del-palacio-ducal\/","title":{"rendered":"Tour privado de la Bas\u00edlica de San Marcos y del Palacio Ducal"},"content":{"rendered":"<h2><strong>Descripci\u00f3n\u00a0<\/strong><\/h2>\n<p><strong>Tour Travel &amp; More<\/strong> se complace en ofrecerle una visita privada a la <strong>Bas\u00edlica<\/strong> de <strong>San Marcos<\/strong> y al <strong>Palacio Ducal.<\/strong> Durante este tour, usted tendr\u00e1 la oportunidad de explorar estos lugares impresionantes con un gu\u00eda experto. Quien le proporcionar\u00e1 informaci\u00f3n sobre la rica historia y el arte de Venecia.<\/p>\n<p>Su visita comenzar\u00e1 en el centro de <strong>Venecia<\/strong> o <strong>Bas\u00edlica<\/strong> de <strong>San Marcos,<\/strong> donde ser\u00e1 recibido por su gu\u00eda. Le acompa\u00f1ar\u00e1 en un corto paseo hasta la primera parada de su tour, la <strong>Bas\u00edlica<\/strong> de <strong>San Marcos.<\/strong> Su tour incluir\u00e1 la entrada a la bas\u00edlica, que es uno de los monumentos m\u00e1s famosos de <strong>Venecia.<\/strong><\/p>\n<p>En total, su visita privada de la <strong>Bas\u00edlica<\/strong> de <strong>San Marcos<\/strong> y del <strong>Palacio Ducal<\/strong> durar\u00e1 unas tres horas. Su gu\u00eda estar\u00e1 a su disposici\u00f3n para responder a cualquier pregunta que pueda tener y proporcionarle m\u00e1s informaci\u00f3n sobre estos impresionantes lugares.<\/p>\n<p>En conclusi\u00f3n, si busca una experiencia inolvidable en <strong>Venecia,<\/strong> un tour privado de la <strong>Bas\u00edlica<\/strong> de <strong>San Marcos<\/strong> y el <strong>Palacio Ducal<\/strong> es la elecci\u00f3n perfecta. Con la entrada a ambos lugares incluida. As\u00ed como un gu\u00eda experto para mostrarle los alrededores. Esta visita ser\u00e1 sin duda el punto culminante de su estancia en esta hermosa ciudad.<\/p>\n<h2>Puntos de Inter\u00e9s<\/h2>\n<p>Al entrar en la <strong>bas\u00edlica,<\/strong> le sorprender\u00e1 la opulencia de su interior. Las paredes y los techos est\u00e1n adornados con intrincados mosaicos. El suelo est\u00e1 formado por impresionantes baldosas de m\u00e1rmol. Su gu\u00eda le har\u00e1 un recorrido por la historia de la bas\u00edlica. Desde sus or\u00edgenes como simple capilla hasta su grandeza actual.<\/p>\n<p>Entre los elementos m\u00e1s destacados de su visita a la <strong>Bas\u00edlica<\/strong> de <strong>San Marcos<\/strong> se encuentra la <strong>Pala d&#8217;Oro.<\/strong> Un magn\u00edfico retablo de oro y piedras preciosas. Y los impresionantes caballos de bronce que una vez estuvieron en la fachada de la bas\u00edlica.<\/p>\n<p>Tras su visita a la bas\u00edlica, su visita continuar\u00e1 hacia el <strong>Palacio Ducal,<\/strong> situado a poca distancia. La entrada al <strong>Palacio Ducal<\/strong> tambi\u00e9n est\u00e1 incluida en la visita. Tendr\u00e1 la oportunidad de explorar la rica historia del palacio y sus opulentos interiores.<\/p>\n<p>Una vez en el interior del <strong>Palacio Ducal,<\/strong> su gu\u00eda le conducir\u00e1 a trav\u00e9s de las numerosas salas y salones del palacio. Le mostrar\u00e1 algunas de las obras de arte y elementos arquitect\u00f3nicos m\u00e1s significativos. Tendr\u00e1 la oportunidad de admirar la famosa <strong>Escalera<\/strong> de <strong>Oro,<\/strong> as\u00ed como los impresionantes frescos que adornan las paredes del palacio.<\/p>\n<p>A lo largo de la visita, su gu\u00eda le explicar\u00e1 la rica historia del palacio. Desde el Palacio Ducal hasta el Consejo de los Diez, no faltan historias fascinantes que contar sobre este emblem\u00e1tico edificio.<\/p>\n<p><strong>Otra opci\u00f3n de un tour de d\u00eda completo desde Venecia es <a href=\"https:\/\/tourtravelandmore.com\/es\/tours\/italia-es\/venecia-es\/tour-privado-de-venecia-a-verona-y-lago-de-garda-sirmione\/\">nuestro tour privado a Verona y Valpolicella<\/a>, \u00a1\u00e9chale un vistazo!.<\/strong><\/p>\n","protected":false},"excerpt":{"rendered":"<p><strong>Tour Travel &amp; More<\/strong> se complace en ofrecerle una visita privada a la <strong>Bas\u00edlica<\/strong> de <strong>San Marcos<\/strong> y al <strong>Palacio Ducal.<\/strong> Durante este tour, usted tendr\u00e1 la oportunidad de explorar estos lugares impresionantes con un gu\u00eda experto. Quien le proporcionar\u00e1 informaci\u00f3n sobre la rica historia y el arte de Venecia.<\/p>\n","protected":false},"featured_media":164315,"comment_status":"open","ping_status":"closed","template":"","meta":{"_acf_changed":false},"product_brand":[],"product_cat":[701,707,719,713],"product_tag":[],"class_list":{"0":"post-164299","1":"product","2":"type-product","3":"status-publish","4":"has-post-thumbnail","6":"product_cat-venecia-es","7":"product_cat-venecia-actividades-es","8":"product_cat-venecia-rutas-turisticas-privadas-es","9":"product_cat-venecia-excursiones-es","11":"first","12":"instock","13":"shipping-taxable","14":"purchasable","15":"product-type-simple"},"acf":[],"yoast_head":"<!-- This site is optimized with the Yoast SEO Premium plugin v25.3.1 (Yoast SEO v25.3.1) - https:\/\/yoast.com\/wordpress\/plugins\/seo\/ -->\n<title>Tour privado de la Bas\u00edlica de San Marcos y del Palacio Ducal | TourTravel&amp;More<\/title>\n<meta name=\"description\" content=\"Visita privada de la Bas\u00edlica de San Marcos y el Palacio Ducal. Disfrute visitando una de las regiones m\u00e1s bellas de Europa\u2705.\" \/>\n<meta name=\"robots\" content=\"index, follow, max-snippet:-1, max-image-preview:large, max-video-preview:-1\" \/>\n<link rel=\"canonical\" href=\"https:\/\/tourtravelandmore.com\/es\/tours\/italia-es\/venecia-es\/tour-privado-de-la-basilica-de-san-marcos-y-del-palacio-ducal\/\" \/>\n<meta property=\"og:locale\" content=\"es_ES\" \/>\n<meta property=\"og:type\" content=\"article\" \/>\n<meta property=\"og:title\" content=\"Tour privado de la Bas\u00edlica de San Marcos y del Palacio Ducal\" \/>\n<meta property=\"og:description\" content=\"Visita privada de la Bas\u00edlica de San Marcos y el Palacio Ducal. Disfrute visitando una de las regiones m\u00e1s bellas de Europa\u2705.\" \/>\n<meta property=\"og:url\" content=\"https:\/\/tourtravelandmore.com\/es\/tours\/italia-es\/venecia-es\/tour-privado-de-la-basilica-de-san-marcos-y-del-palacio-ducal\/\" \/>\n<meta property=\"og:site_name\" content=\"Tour Travel And More\" \/>\n<meta property=\"article:publisher\" content=\"https:\/\/www.facebook.com\/tourtravelandmore\/\" \/>\n<meta property=\"article:modified_time\" content=\"2023-05-09T18:38:16+00:00\" \/>\n<meta property=\"og:image\" content=\"https:\/\/tourtravelandmore.com\/wp-content\/uploads\/2023\/04\/20220505151134-basilica-di-san-marco-riflessa-nellacqua-alta-di-piazza-san-marco-vene-fiskI8n49K.webp\" \/>\n\t<meta property=\"og:image:width\" content=\"751\" \/>\n\t<meta property=\"og:image:height\" content=\"500\" \/>\n\t<meta property=\"og:image:type\" content=\"image\/webp\" \/>\n<meta name=\"twitter:card\" content=\"summary_large_image\" \/>\n<meta name=\"twitter:site\" content=\"@TourTravel_More\" \/>\n<meta name=\"twitter:label1\" content=\"Tiempo de lectura\" \/>\n\t<meta name=\"twitter:data1\" content=\"2 minutos\" \/>\n<script type=\"application\/ld+json\" class=\"yoast-schema-graph\">{\"@context\":\"https:\/\/schema.org\",\"@graph\":[{\"@type\":\"WebPage\",\"@id\":\"https:\/\/tourtravelandmore.com\/es\/tours\/italia-es\/venecia-es\/tour-privado-de-la-basilica-de-san-marcos-y-del-palacio-ducal\/\",\"url\":\"https:\/\/tourtravelandmore.com\/es\/tours\/italia-es\/venecia-es\/tour-privado-de-la-basilica-de-san-marcos-y-del-palacio-ducal\/\",\"name\":\"Tour privado de la Bas\u00edlica de San Marcos y del Palacio Ducal | TourTravel&More\",\"isPartOf\":{\"@id\":\"https:\/\/tourtravelandmore.com\/es\/#website\"},\"primaryImageOfPage\":{\"@id\":\"https:\/\/tourtravelandmore.com\/es\/tours\/italia-es\/venecia-es\/tour-privado-de-la-basilica-de-san-marcos-y-del-palacio-ducal\/#primaryimage\"},\"image\":{\"@id\":\"https:\/\/tourtravelandmore.com\/es\/tours\/italia-es\/venecia-es\/tour-privado-de-la-basilica-de-san-marcos-y-del-palacio-ducal\/#primaryimage\"},\"thumbnailUrl\":\"https:\/\/tourtravelandmore.com\/wp-content\/uploads\/2023\/04\/20220505151134-basilica-di-san-marco-riflessa-nellacqua-alta-di-piazza-san-marco-vene-fiskI8n49K.webp\",\"datePublished\":\"2023-04-26T15:06:07+00:00\",\"dateModified\":\"2023-05-09T18:38:16+00:00\",\"description\":\"Visita privada de la Bas\u00edlica de San Marcos y el Palacio Ducal. Disfrute visitando una de las regiones m\u00e1s bellas de Europa\u2705.\",\"breadcrumb\":{\"@id\":\"https:\/\/tourtravelandmore.com\/es\/tours\/italia-es\/venecia-es\/tour-privado-de-la-basilica-de-san-marcos-y-del-palacio-ducal\/#breadcrumb\"},\"inLanguage\":\"es\",\"potentialAction\":[{\"@type\":\"ReadAction\",\"target\":[\"https:\/\/tourtravelandmore.com\/es\/tours\/italia-es\/venecia-es\/tour-privado-de-la-basilica-de-san-marcos-y-del-palacio-ducal\/\"]}]},{\"@type\":\"ImageObject\",\"inLanguage\":\"es\",\"@id\":\"https:\/\/tourtravelandmore.com\/es\/tours\/italia-es\/venecia-es\/tour-privado-de-la-basilica-de-san-marcos-y-del-palacio-ducal\/#primaryimage\",\"url\":\"https:\/\/tourtravelandmore.com\/wp-content\/uploads\/2023\/04\/20220505151134-basilica-di-san-marco-riflessa-nellacqua-alta-di-piazza-san-marco-vene-fiskI8n49K.webp\",\"contentUrl\":\"https:\/\/tourtravelandmore.com\/wp-content\/uploads\/2023\/04\/20220505151134-basilica-di-san-marco-riflessa-nellacqua-alta-di-piazza-san-marco-vene-fiskI8n49K.webp\",\"width\":751,\"height\":500},{\"@type\":\"BreadcrumbList\",\"@id\":\"https:\/\/tourtravelandmore.com\/es\/tours\/italia-es\/venecia-es\/tour-privado-de-la-basilica-de-san-marcos-y-del-palacio-ducal\/#breadcrumb\",\"itemListElement\":[{\"@type\":\"ListItem\",\"position\":1,\"name\":\"Home\",\"item\":\"https:\/\/tourtravelandmore.com\/es\/\"},{\"@type\":\"ListItem\",\"position\":2,\"name\":\"Tours\",\"item\":\"https:\/\/tourtravelandmore.com\/es\/tours\/\"},{\"@type\":\"ListItem\",\"position\":3,\"name\":\"Tour privado de la Bas\u00edlica de San Marcos y del Palacio Ducal\"}]},{\"@type\":\"WebSite\",\"@id\":\"https:\/\/tourtravelandmore.com\/es\/#website\",\"url\":\"https:\/\/tourtravelandmore.com\/es\/\",\"name\":\"Tour Travel And More\",\"description\":\"Private sightseeing tours and luxury transfers in Spain\",\"publisher\":{\"@id\":\"https:\/\/tourtravelandmore.com\/es\/#organization\"},\"potentialAction\":[{\"@type\":\"SearchAction\",\"target\":{\"@type\":\"EntryPoint\",\"urlTemplate\":\"https:\/\/tourtravelandmore.com\/es\/?s={search_term_string}\"},\"query-input\":{\"@type\":\"PropertyValueSpecification\",\"valueRequired\":true,\"valueName\":\"search_term_string\"}}],\"inLanguage\":\"es\"},{\"@type\":\"Organization\",\"@id\":\"https:\/\/tourtravelandmore.com\/es\/#organization\",\"name\":\"Tour Travel And More\",\"url\":\"https:\/\/tourtravelandmore.com\/es\/\",\"logo\":{\"@type\":\"ImageObject\",\"inLanguage\":\"es\",\"@id\":\"https:\/\/tourtravelandmore.com\/es\/#\/schema\/logo\/image\/\",\"url\":\"https:\/\/tourtravelandmore.com\/wp-content\/uploads\/2022\/12\/cropped-logo-cabecera-new.png\",\"contentUrl\":\"https:\/\/tourtravelandmore.com\/wp-content\/uploads\/2022\/12\/cropped-logo-cabecera-new.png\",\"width\":430,\"height\":61,\"caption\":\"Tour Travel And More\"},\"image\":{\"@id\":\"https:\/\/tourtravelandmore.com\/es\/#\/schema\/logo\/image\/\"},\"sameAs\":[\"https:\/\/www.facebook.com\/tourtravelandmore\/\",\"https:\/\/x.com\/TourTravel_More\"]}]}<\/script>\n<!-- \/ Yoast SEO Premium plugin. -->","yoast_head_json":{"title":"Tour privado de la Bas\u00edlica de San Marcos y del Palacio Ducal | TourTravel&More","description":"Visita privada de la Bas\u00edlica de San Marcos y el Palacio Ducal. Disfrute visitando una de las regiones m\u00e1s bellas de Europa\u2705.","robots":{"index":"index","follow":"follow","max-snippet":"max-snippet:-1","max-image-preview":"max-image-preview:large","max-video-preview":"max-video-preview:-1"},"canonical":"https:\/\/tourtravelandmore.com\/es\/tours\/italia-es\/venecia-es\/tour-privado-de-la-basilica-de-san-marcos-y-del-palacio-ducal\/","og_locale":"es_ES","og_type":"article","og_title":"Tour privado de la Bas\u00edlica de San Marcos y del Palacio Ducal","og_description":"Visita privada de la Bas\u00edlica de San Marcos y el Palacio Ducal. Disfrute visitando una de las regiones m\u00e1s bellas de Europa\u2705.","og_url":"https:\/\/tourtravelandmore.com\/es\/tours\/italia-es\/venecia-es\/tour-privado-de-la-basilica-de-san-marcos-y-del-palacio-ducal\/","og_site_name":"Tour Travel And More","article_publisher":"https:\/\/www.facebook.com\/tourtravelandmore\/","article_modified_time":"2023-05-09T18:38:16+00:00","og_image":[{"width":751,"height":500,"url":"https:\/\/tourtravelandmore.com\/wp-content\/uploads\/2023\/04\/20220505151134-basilica-di-san-marco-riflessa-nellacqua-alta-di-piazza-san-marco-vene-fiskI8n49K.webp","type":"image\/webp"}],"twitter_card":"summary_large_image","twitter_site":"@TourTravel_More","twitter_misc":{"Tiempo de lectura":"2 minutos"},"schema":{"@context":"https:\/\/schema.org","@graph":[{"@type":"WebPage","@id":"https:\/\/tourtravelandmore.com\/es\/tours\/italia-es\/venecia-es\/tour-privado-de-la-basilica-de-san-marcos-y-del-palacio-ducal\/","url":"https:\/\/tourtravelandmore.com\/es\/tours\/italia-es\/venecia-es\/tour-privado-de-la-basilica-de-san-marcos-y-del-palacio-ducal\/","name":"Tour privado de la Bas\u00edlica de San Marcos y del Palacio Ducal | TourTravel&More","isPartOf":{"@id":"https:\/\/tourtravelandmore.com\/es\/#website"},"primaryImageOfPage":{"@id":"https:\/\/tourtravelandmore.com\/es\/tours\/italia-es\/venecia-es\/tour-privado-de-la-basilica-de-san-marcos-y-del-palacio-ducal\/#primaryimage"},"image":{"@id":"https:\/\/tourtravelandmore.com\/es\/tours\/italia-es\/venecia-es\/tour-privado-de-la-basilica-de-san-marcos-y-del-palacio-ducal\/#primaryimage"},"thumbnailUrl":"https:\/\/tourtravelandmore.com\/wp-content\/uploads\/2023\/04\/20220505151134-basilica-di-san-marco-riflessa-nellacqua-alta-di-piazza-san-marco-vene-fiskI8n49K.webp","datePublished":"2023-04-26T15:06:07+00:00","dateModified":"2023-05-09T18:38:16+00:00","description":"Visita privada de la Bas\u00edlica de San Marcos y el Palacio Ducal. Disfrute visitando una de las regiones m\u00e1s bellas de Europa\u2705.","breadcrumb":{"@id":"https:\/\/tourtravelandmore.com\/es\/tours\/italia-es\/venecia-es\/tour-privado-de-la-basilica-de-san-marcos-y-del-palacio-ducal\/#breadcrumb"},"inLanguage":"es","potentialAction":[{"@type":"ReadAction","target":["https:\/\/tourtravelandmore.com\/es\/tours\/italia-es\/venecia-es\/tour-privado-de-la-basilica-de-san-marcos-y-del-palacio-ducal\/"]}]},{"@type":"ImageObject","inLanguage":"es","@id":"https:\/\/tourtravelandmore.com\/es\/tours\/italia-es\/venecia-es\/tour-privado-de-la-basilica-de-san-marcos-y-del-palacio-ducal\/#primaryimage","url":"https:\/\/tourtravelandmore.com\/wp-content\/uploads\/2023\/04\/20220505151134-basilica-di-san-marco-riflessa-nellacqua-alta-di-piazza-san-marco-vene-fiskI8n49K.webp","contentUrl":"https:\/\/tourtravelandmore.com\/wp-content\/uploads\/2023\/04\/20220505151134-basilica-di-san-marco-riflessa-nellacqua-alta-di-piazza-san-marco-vene-fiskI8n49K.webp","width":751,"height":500},{"@type":"BreadcrumbList","@id":"https:\/\/tourtravelandmore.com\/es\/tours\/italia-es\/venecia-es\/tour-privado-de-la-basilica-de-san-marcos-y-del-palacio-ducal\/#breadcrumb","itemListElement":[{"@type":"ListItem","position":1,"name":"Home","item":"https:\/\/tourtravelandmore.com\/es\/"},{"@type":"ListItem","position":2,"name":"Tours","item":"https:\/\/tourtravelandmore.com\/es\/tours\/"},{"@type":"ListItem","position":3,"name":"Tour privado de la Bas\u00edlica de San Marcos y del Palacio Ducal"}]},{"@type":"WebSite","@id":"https:\/\/tourtravelandmore.com\/es\/#website","url":"https:\/\/tourtravelandmore.com\/es\/","name":"Tour Travel And More","description":"Private sightseeing tours and luxury transfers in Spain","publisher":{"@id":"https:\/\/tourtravelandmore.com\/es\/#organization"},"potentialAction":[{"@type":"SearchAction","target":{"@type":"EntryPoint","urlTemplate":"https:\/\/tourtravelandmore.com\/es\/?s={search_term_string}"},"query-input":{"@type":"PropertyValueSpecification","valueRequired":true,"valueName":"search_term_string"}}],"inLanguage":"es"},{"@type":"Organization","@id":"https:\/\/tourtravelandmore.com\/es\/#organization","name":"Tour Travel And More","url":"https:\/\/tourtravelandmore.com\/es\/","logo":{"@type":"ImageObject","inLanguage":"es","@id":"https:\/\/tourtravelandmore.com\/es\/#\/schema\/logo\/image\/","url":"https:\/\/tourtravelandmore.com\/wp-content\/uploads\/2022\/12\/cropped-logo-cabecera-new.png","contentUrl":"https:\/\/tourtravelandmore.com\/wp-content\/uploads\/2022\/12\/cropped-logo-cabecera-new.png","width":430,"height":61,"caption":"Tour Travel And More"},"image":{"@id":"https:\/\/tourtravelandmore.com\/es\/#\/schema\/logo\/image\/"},"sameAs":["https:\/\/www.facebook.com\/tourtravelandmore\/","https:\/\/x.com\/TourTravel_More"]}]}},"_links":{"self":[{"href":"https:\/\/tourtravelandmore.com\/es\/wp-json\/wp\/v2\/product\/164299","targetHints":{"allow":["GET"]}}],"collection":[{"href":"https:\/\/tourtravelandmore.com\/es\/wp-json\/wp\/v2\/product"}],"about":[{"href":"https:\/\/tourtravelandmore.com\/es\/wp-json\/wp\/v2\/types\/product"}],"replies":[{"embeddable":true,"href":"https:\/\/tourtravelandmore.com\/es\/wp-json\/wp\/v2\/comments?post=164299"}],"wp:featuredmedia":[{"embeddable":true,"href":"https:\/\/tourtravelandmore.com\/es\/wp-json\/wp\/v2\/media\/164315"}],"wp:attachment":[{"href":"https:\/\/tourtravelandmore.com\/es\/wp-json\/wp\/v2\/media?parent=164299"}],"wp:term":[{"taxonomy":"product_brand","embeddable":true,"href":"https:\/\/tourtravelandmore.com\/es\/wp-json\/wp\/v2\/product_brand?post=164299"},{"taxonomy":"product_cat","embeddable":true,"href":"https:\/\/tourtravelandmore.com\/es\/wp-json\/wp\/v2\/product_cat?post=164299"},{"taxonomy":"product_tag","embeddable":true,"href":"https:\/\/tourtravelandmore.com\/es\/wp-json\/wp\/v2\/product_tag?post=164299"}],"curies":[{"name":"wp","href":"https:\/\/api.w.org\/{rel}","templated":true}]}}