{"id":164221,"date":"2023-04-26T16:01:03","date_gmt":"2023-04-26T14:01:04","guid":{"rendered":"https:\/\/tourtravelandmore.com\/?post_type=product&#038;p=164221"},"modified":"2023-08-15T20:07:11","modified_gmt":"2023-08-15T18:07:11","slug":"tour-privado-a-florencia-desde-venecia-en-tren","status":"publish","type":"product","link":"https:\/\/tourtravelandmore.com\/es\/tours\/italia-es\/venecia-es\/tour-privado-a-florencia-desde-venecia-en-tren\/","title":{"rendered":"Tour privado a Florencia desde Venecia en tren"},"content":{"rendered":"<h2><strong>Descripci\u00f3n\u00a0<\/strong><\/h2>\n<p>\u00a1Bienvenido al <strong>tour privado<\/strong> de<strong> Tour Travel &amp; More<\/strong> a <strong>Florencia<\/strong> desde <strong>Venecia<\/strong> en tren! Este tour es una oportunidad para que usted pueda experimentar la hermosa ciudad de <strong>Florencia<\/strong> y su rica historia, arte y cultura con un gu\u00eda privado en la comodidad de un tren.<\/p>\n<p>En primer lugar, su viaje comienza en la estaci\u00f3n de tren de <strong>Venecia,<\/strong> donde subir\u00e1 al tren para un viaje panor\u00e1mico a <strong>Florencia.<\/strong> El viaje dura unas dos horas, durante las cuales podr\u00e1 sentarse, relajarse y disfrutar de las pintorescas vistas de la campi\u00f1a toscana. A su llegada a la estaci\u00f3n de <strong>Florencia,<\/strong> su gu\u00eda privado le estar\u00e1 esperando para comenzar el tour.<\/p>\n<p>El punto de encuentro para este tour es <strong>Piazzale Roma,<\/strong> donde su gu\u00eda le dar\u00e1 la bienvenida y le llevar\u00e1 en un recorrido a pie por la ciudad. La visita tendr\u00e1 una duraci\u00f3n aproximada de cuatro horas. Su gu\u00eda le llevar\u00e1 a las principales atracciones de <strong>Florencia<\/strong> y compartir\u00e1 con usted sus conocimientos sobre la historia, la cultura y el arte de la ciudad.<\/p>\n<p>Este <strong>tour privado a Florencia desde Venecia en tren<\/strong> incluye billetes de tren de ida y vuelta, una visita guiada a pie de 4 horas por <strong>Florencia,<\/strong> un gu\u00eda de habla inglesa y visitas a algunos de los lugares m\u00e1s emblem\u00e1ticos de la ciudad, como el Duomo, la Galer\u00eda Uffizi, la Piazza della Signoria, el Ponte Vecchio y el Piazzale Michelangelo. Esta es una oportunidad \u00fanica de experimentar la belleza y la historia de <strong>Florencia<\/strong> en compa\u00f1\u00eda de un gu\u00eda experto. \u00a1Reserve ahora y cree recuerdos inolvidables!<\/p>\n<h2>Tour privado a Florencia desde Venecia en tren | Puntos de Inter\u00e9s<\/h2>\n<p>Durante el recorrido, visitar\u00e1 algunos de los lugares m\u00e1s famosos de <strong>Florencia.<\/strong> El primero de la lista es la impresionante <strong>Catedral<\/strong> de <strong>Florencia,<\/strong> tambi\u00e9n conocida como el <strong>Duomo.<\/strong> Esta catedral g\u00f3tica es famosa por su c\u00fapula dise\u00f1ada por Brunelleschi y el hermoso campanario dise\u00f1ado por <strong>Giotto.<\/strong> Su gu\u00eda le explicar\u00e1 la historia y el significado de esta emblem\u00e1tica catedral y su arquitectura.<\/p>\n<p>El siguiente punto del itinerario es la famosa <strong>Galer\u00eda Uffizi.<\/strong> Este museo alberga una extensa colecci\u00f3n de arte del Renacimiento italiano. Incluye obras de <strong>Miguel \u00c1ngel, Leonardo<\/strong> da <strong>Vinci<\/strong> y <strong>Botticelli.<\/strong> Su gu\u00eda le ofrecer\u00e1 una visi\u00f3n general de lo m\u00e1s destacado del museo y compartir\u00e1 sus conocimientos sobre el arte y los artistas.<\/p>\n<p>Despu\u00e9s de visitar la <strong>Galer\u00eda<\/strong> de los <strong>Uffizi,<\/strong> pasear\u00e1 por la hermosa <strong>Piazza della Signoria.<\/strong> Esta es la plaza principal de <strong>Florencia<\/strong> y alberga el <strong>Palazzo Vecchio,<\/strong> el ayuntamiento de <strong>Florencia.<\/strong> Su gu\u00eda le explicar\u00e1 el significado de la plaza y su historia.<\/p>\n<p>El tour tambi\u00e9n le llevar\u00e1 al <strong>Ponte Vecchio,<\/strong> un famoso puente que cruza el r\u00edo <strong>Arno.<\/strong> Este puente es conocido por sus tiendas de joyas y recuerdos, as\u00ed como por su historia y arquitectura.<\/p>\n<p>Por \u00faltimo, el tour terminar\u00e1 con una visita a la <strong>Piazzale Michelangelo,<\/strong> donde podr\u00e1 disfrutar de vistas panor\u00e1micas de <strong>Florencia<\/strong> y de los alrededores. Esta plaza ofrece unas vistas impresionantes de la ciudad y es un lugar muy frecuentado tanto por turistas como por lugare\u00f1os.<\/p>\n<p>Tras la visita, su gu\u00eda le acompa\u00f1ar\u00e1 de vuelta a la estaci\u00f3n de tren para emprender el viaje de regreso a <strong>Venecia.<\/strong> Se quedar\u00e1 con el recuerdo de un maravilloso d\u00eda explorando la hermosa ciudad de <strong>Florencia.<\/strong><\/p>\n<p><strong>Otra opci\u00f3n de un tour de d\u00eda completo desde Venecia es <a href=\"https:\/\/tourtravelandmore.com\/es\/tours\/italia-es\/venecia-es\/tour-privado-de-venecia-a-verona-y-lago-de-garda-sirmione\/\">nuestro tour privado a Verona<\/a>, \u00a1\u00e9chale un vistazo!.<\/strong><\/p>\n","protected":false},"excerpt":{"rendered":"<p>Bienvenido al tour privado de Tour Travel &amp; More a Florencia desde Venecia en tren. Este tour es una oportunidad para que usted pueda experimentar la hermosa ciudad de Florencia y su rica historia, arte y cultura con un gu\u00eda privado en la comodidad de un tren.<\/p>\n","protected":false},"featured_media":164240,"comment_status":"open","ping_status":"closed","template":"","meta":{"_acf_changed":false},"product_brand":[],"product_cat":[701,707,719,713],"product_tag":[],"class_list":{"0":"post-164221","1":"product","2":"type-product","3":"status-publish","4":"has-post-thumbnail","6":"product_cat-venecia-es","7":"product_cat-venecia-actividades-es","8":"product_cat-venecia-rutas-turisticas-privadas-es","9":"product_cat-venecia-excursiones-es","11":"first","12":"instock","13":"shipping-taxable","14":"purchasable","15":"product-type-simple"},"acf":[],"yoast_head":"<!-- This site is optimized with the Yoast SEO Premium plugin v25.3.1 (Yoast SEO v25.3.1) - https:\/\/yoast.com\/wordpress\/plugins\/seo\/ -->\n<title>Tour privado a Florencia desde Venecia en tren | TourTravel&amp;More<\/title>\n<meta name=\"description\" content=\"Tour privado a Florencia desde Venecia en tren. Disfrute visitando, en su barco privado una de las regiones m\u00e1s bellas de Europa\u2705.\" \/>\n<meta name=\"robots\" content=\"index, follow, max-snippet:-1, max-image-preview:large, max-video-preview:-1\" \/>\n<link rel=\"canonical\" href=\"https:\/\/tourtravelandmore.com\/es\/tours\/italia-es\/venecia-es\/tour-privado-a-florencia-desde-venecia-en-tren\/\" \/>\n<meta property=\"og:locale\" content=\"es_ES\" \/>\n<meta property=\"og:type\" content=\"article\" \/>\n<meta property=\"og:title\" content=\"Tour privado a Florencia desde Venecia en tren\" \/>\n<meta property=\"og:description\" content=\"Tour privado a Florencia desde Venecia en tren. Disfrute visitando, en su barco privado una de las regiones m\u00e1s bellas de Europa\u2705.\" \/>\n<meta property=\"og:url\" content=\"https:\/\/tourtravelandmore.com\/es\/tours\/italia-es\/venecia-es\/tour-privado-a-florencia-desde-venecia-en-tren\/\" \/>\n<meta property=\"og:site_name\" content=\"Tour Travel And More\" \/>\n<meta property=\"article:publisher\" content=\"https:\/\/www.facebook.com\/tourtravelandmore\/\" \/>\n<meta property=\"article:modified_time\" content=\"2023-08-15T18:07:11+00:00\" \/>\n<meta property=\"og:image\" content=\"https:\/\/tourtravelandmore.com\/wp-content\/uploads\/2023\/04\/pexels-josh-hild-2422461-scaled.jpg\" \/>\n\t<meta property=\"og:image:width\" content=\"2560\" \/>\n\t<meta property=\"og:image:height\" content=\"1707\" \/>\n\t<meta property=\"og:image:type\" content=\"image\/jpeg\" \/>\n<meta name=\"twitter:card\" content=\"summary_large_image\" \/>\n<meta name=\"twitter:site\" content=\"@TourTravel_More\" \/>\n<meta name=\"twitter:label1\" content=\"Tiempo de lectura\" \/>\n\t<meta name=\"twitter:data1\" content=\"3 minutos\" \/>\n<script type=\"application\/ld+json\" class=\"yoast-schema-graph\">{\"@context\":\"https:\/\/schema.org\",\"@graph\":[{\"@type\":\"WebPage\",\"@id\":\"https:\/\/tourtravelandmore.com\/es\/tours\/italia-es\/venecia-es\/tour-privado-a-florencia-desde-venecia-en-tren\/\",\"url\":\"https:\/\/tourtravelandmore.com\/es\/tours\/italia-es\/venecia-es\/tour-privado-a-florencia-desde-venecia-en-tren\/\",\"name\":\"Tour privado a Florencia desde Venecia en tren | TourTravel&More\",\"isPartOf\":{\"@id\":\"https:\/\/tourtravelandmore.com\/es\/#website\"},\"primaryImageOfPage\":{\"@id\":\"https:\/\/tourtravelandmore.com\/es\/tours\/italia-es\/venecia-es\/tour-privado-a-florencia-desde-venecia-en-tren\/#primaryimage\"},\"image\":{\"@id\":\"https:\/\/tourtravelandmore.com\/es\/tours\/italia-es\/venecia-es\/tour-privado-a-florencia-desde-venecia-en-tren\/#primaryimage\"},\"thumbnailUrl\":\"https:\/\/tourtravelandmore.com\/wp-content\/uploads\/2023\/04\/pexels-josh-hild-2422461-scaled.jpg\",\"datePublished\":\"2023-04-26T14:01:04+00:00\",\"dateModified\":\"2023-08-15T18:07:11+00:00\",\"description\":\"Tour privado a Florencia desde Venecia en tren. Disfrute visitando, en su barco privado una de las regiones m\u00e1s bellas de Europa\u2705.\",\"breadcrumb\":{\"@id\":\"https:\/\/tourtravelandmore.com\/es\/tours\/italia-es\/venecia-es\/tour-privado-a-florencia-desde-venecia-en-tren\/#breadcrumb\"},\"inLanguage\":\"es\",\"potentialAction\":[{\"@type\":\"ReadAction\",\"target\":[\"https:\/\/tourtravelandmore.com\/es\/tours\/italia-es\/venecia-es\/tour-privado-a-florencia-desde-venecia-en-tren\/\"]}]},{\"@type\":\"ImageObject\",\"inLanguage\":\"es\",\"@id\":\"https:\/\/tourtravelandmore.com\/es\/tours\/italia-es\/venecia-es\/tour-privado-a-florencia-desde-venecia-en-tren\/#primaryimage\",\"url\":\"https:\/\/tourtravelandmore.com\/wp-content\/uploads\/2023\/04\/pexels-josh-hild-2422461-scaled.jpg\",\"contentUrl\":\"https:\/\/tourtravelandmore.com\/wp-content\/uploads\/2023\/04\/pexels-josh-hild-2422461-scaled.jpg\",\"width\":2560,\"height\":1707},{\"@type\":\"BreadcrumbList\",\"@id\":\"https:\/\/tourtravelandmore.com\/es\/tours\/italia-es\/venecia-es\/tour-privado-a-florencia-desde-venecia-en-tren\/#breadcrumb\",\"itemListElement\":[{\"@type\":\"ListItem\",\"position\":1,\"name\":\"Home\",\"item\":\"https:\/\/tourtravelandmore.com\/es\/\"},{\"@type\":\"ListItem\",\"position\":2,\"name\":\"Tours\",\"item\":\"https:\/\/tourtravelandmore.com\/es\/tours\/\"},{\"@type\":\"ListItem\",\"position\":3,\"name\":\"Tour privado a Florencia desde Venecia en tren\"}]},{\"@type\":\"WebSite\",\"@id\":\"https:\/\/tourtravelandmore.com\/es\/#website\",\"url\":\"https:\/\/tourtravelandmore.com\/es\/\",\"name\":\"Tour Travel And More\",\"description\":\"Private sightseeing tours and luxury transfers in Spain\",\"publisher\":{\"@id\":\"https:\/\/tourtravelandmore.com\/es\/#organization\"},\"potentialAction\":[{\"@type\":\"SearchAction\",\"target\":{\"@type\":\"EntryPoint\",\"urlTemplate\":\"https:\/\/tourtravelandmore.com\/es\/?s={search_term_string}\"},\"query-input\":{\"@type\":\"PropertyValueSpecification\",\"valueRequired\":true,\"valueName\":\"search_term_string\"}}],\"inLanguage\":\"es\"},{\"@type\":\"Organization\",\"@id\":\"https:\/\/tourtravelandmore.com\/es\/#organization\",\"name\":\"Tour Travel And More\",\"url\":\"https:\/\/tourtravelandmore.com\/es\/\",\"logo\":{\"@type\":\"ImageObject\",\"inLanguage\":\"es\",\"@id\":\"https:\/\/tourtravelandmore.com\/es\/#\/schema\/logo\/image\/\",\"url\":\"https:\/\/tourtravelandmore.com\/wp-content\/uploads\/2022\/12\/cropped-logo-cabecera-new.png\",\"contentUrl\":\"https:\/\/tourtravelandmore.com\/wp-content\/uploads\/2022\/12\/cropped-logo-cabecera-new.png\",\"width\":430,\"height\":61,\"caption\":\"Tour Travel And More\"},\"image\":{\"@id\":\"https:\/\/tourtravelandmore.com\/es\/#\/schema\/logo\/image\/\"},\"sameAs\":[\"https:\/\/www.facebook.com\/tourtravelandmore\/\",\"https:\/\/x.com\/TourTravel_More\"]}]}<\/script>\n<!-- \/ Yoast SEO Premium plugin. -->","yoast_head_json":{"title":"Tour privado a Florencia desde Venecia en tren | TourTravel&More","description":"Tour privado a Florencia desde Venecia en tren. Disfrute visitando, en su barco privado una de las regiones m\u00e1s bellas de Europa\u2705.","robots":{"index":"index","follow":"follow","max-snippet":"max-snippet:-1","max-image-preview":"max-image-preview:large","max-video-preview":"max-video-preview:-1"},"canonical":"https:\/\/tourtravelandmore.com\/es\/tours\/italia-es\/venecia-es\/tour-privado-a-florencia-desde-venecia-en-tren\/","og_locale":"es_ES","og_type":"article","og_title":"Tour privado a Florencia desde Venecia en tren","og_description":"Tour privado a Florencia desde Venecia en tren. Disfrute visitando, en su barco privado una de las regiones m\u00e1s bellas de Europa\u2705.","og_url":"https:\/\/tourtravelandmore.com\/es\/tours\/italia-es\/venecia-es\/tour-privado-a-florencia-desde-venecia-en-tren\/","og_site_name":"Tour Travel And More","article_publisher":"https:\/\/www.facebook.com\/tourtravelandmore\/","article_modified_time":"2023-08-15T18:07:11+00:00","og_image":[{"width":2560,"height":1707,"url":"https:\/\/tourtravelandmore.com\/wp-content\/uploads\/2023\/04\/pexels-josh-hild-2422461-scaled.jpg","type":"image\/jpeg"}],"twitter_card":"summary_large_image","twitter_site":"@TourTravel_More","twitter_misc":{"Tiempo de lectura":"3 minutos"},"schema":{"@context":"https:\/\/schema.org","@graph":[{"@type":"WebPage","@id":"https:\/\/tourtravelandmore.com\/es\/tours\/italia-es\/venecia-es\/tour-privado-a-florencia-desde-venecia-en-tren\/","url":"https:\/\/tourtravelandmore.com\/es\/tours\/italia-es\/venecia-es\/tour-privado-a-florencia-desde-venecia-en-tren\/","name":"Tour privado a Florencia desde Venecia en tren | TourTravel&More","isPartOf":{"@id":"https:\/\/tourtravelandmore.com\/es\/#website"},"primaryImageOfPage":{"@id":"https:\/\/tourtravelandmore.com\/es\/tours\/italia-es\/venecia-es\/tour-privado-a-florencia-desde-venecia-en-tren\/#primaryimage"},"image":{"@id":"https:\/\/tourtravelandmore.com\/es\/tours\/italia-es\/venecia-es\/tour-privado-a-florencia-desde-venecia-en-tren\/#primaryimage"},"thumbnailUrl":"https:\/\/tourtravelandmore.com\/wp-content\/uploads\/2023\/04\/pexels-josh-hild-2422461-scaled.jpg","datePublished":"2023-04-26T14:01:04+00:00","dateModified":"2023-08-15T18:07:11+00:00","description":"Tour privado a Florencia desde Venecia en tren. Disfrute visitando, en su barco privado una de las regiones m\u00e1s bellas de Europa\u2705.","breadcrumb":{"@id":"https:\/\/tourtravelandmore.com\/es\/tours\/italia-es\/venecia-es\/tour-privado-a-florencia-desde-venecia-en-tren\/#breadcrumb"},"inLanguage":"es","potentialAction":[{"@type":"ReadAction","target":["https:\/\/tourtravelandmore.com\/es\/tours\/italia-es\/venecia-es\/tour-privado-a-florencia-desde-venecia-en-tren\/"]}]},{"@type":"ImageObject","inLanguage":"es","@id":"https:\/\/tourtravelandmore.com\/es\/tours\/italia-es\/venecia-es\/tour-privado-a-florencia-desde-venecia-en-tren\/#primaryimage","url":"https:\/\/tourtravelandmore.com\/wp-content\/uploads\/2023\/04\/pexels-josh-hild-2422461-scaled.jpg","contentUrl":"https:\/\/tourtravelandmore.com\/wp-content\/uploads\/2023\/04\/pexels-josh-hild-2422461-scaled.jpg","width":2560,"height":1707},{"@type":"BreadcrumbList","@id":"https:\/\/tourtravelandmore.com\/es\/tours\/italia-es\/venecia-es\/tour-privado-a-florencia-desde-venecia-en-tren\/#breadcrumb","itemListElement":[{"@type":"ListItem","position":1,"name":"Home","item":"https:\/\/tourtravelandmore.com\/es\/"},{"@type":"ListItem","position":2,"name":"Tours","item":"https:\/\/tourtravelandmore.com\/es\/tours\/"},{"@type":"ListItem","position":3,"name":"Tour privado a Florencia desde Venecia en tren"}]},{"@type":"WebSite","@id":"https:\/\/tourtravelandmore.com\/es\/#website","url":"https:\/\/tourtravelandmore.com\/es\/","name":"Tour Travel And More","description":"Private sightseeing tours and luxury transfers in Spain","publisher":{"@id":"https:\/\/tourtravelandmore.com\/es\/#organization"},"potentialAction":[{"@type":"SearchAction","target":{"@type":"EntryPoint","urlTemplate":"https:\/\/tourtravelandmore.com\/es\/?s={search_term_string}"},"query-input":{"@type":"PropertyValueSpecification","valueRequired":true,"valueName":"search_term_string"}}],"inLanguage":"es"},{"@type":"Organization","@id":"https:\/\/tourtravelandmore.com\/es\/#organization","name":"Tour Travel And More","url":"https:\/\/tourtravelandmore.com\/es\/","logo":{"@type":"ImageObject","inLanguage":"es","@id":"https:\/\/tourtravelandmore.com\/es\/#\/schema\/logo\/image\/","url":"https:\/\/tourtravelandmore.com\/wp-content\/uploads\/2022\/12\/cropped-logo-cabecera-new.png","contentUrl":"https:\/\/tourtravelandmore.com\/wp-content\/uploads\/2022\/12\/cropped-logo-cabecera-new.png","width":430,"height":61,"caption":"Tour Travel And More"},"image":{"@id":"https:\/\/tourtravelandmore.com\/es\/#\/schema\/logo\/image\/"},"sameAs":["https:\/\/www.facebook.com\/tourtravelandmore\/","https:\/\/x.com\/TourTravel_More"]}]}},"_links":{"self":[{"href":"https:\/\/tourtravelandmore.com\/es\/wp-json\/wp\/v2\/product\/164221","targetHints":{"allow":["GET"]}}],"collection":[{"href":"https:\/\/tourtravelandmore.com\/es\/wp-json\/wp\/v2\/product"}],"about":[{"href":"https:\/\/tourtravelandmore.com\/es\/wp-json\/wp\/v2\/types\/product"}],"replies":[{"embeddable":true,"href":"https:\/\/tourtravelandmore.com\/es\/wp-json\/wp\/v2\/comments?post=164221"}],"wp:featuredmedia":[{"embeddable":true,"href":"https:\/\/tourtravelandmore.com\/es\/wp-json\/wp\/v2\/media\/164240"}],"wp:attachment":[{"href":"https:\/\/tourtravelandmore.com\/es\/wp-json\/wp\/v2\/media?parent=164221"}],"wp:term":[{"taxonomy":"product_brand","embeddable":true,"href":"https:\/\/tourtravelandmore.com\/es\/wp-json\/wp\/v2\/product_brand?post=164221"},{"taxonomy":"product_cat","embeddable":true,"href":"https:\/\/tourtravelandmore.com\/es\/wp-json\/wp\/v2\/product_cat?post=164221"},{"taxonomy":"product_tag","embeddable":true,"href":"https:\/\/tourtravelandmore.com\/es\/wp-json\/wp\/v2\/product_tag?post=164221"}],"curies":[{"name":"wp","href":"https:\/\/api.w.org\/{rel}","templated":true}]}}