{"id":164170,"date":"2023-04-26T15:03:52","date_gmt":"2023-04-26T13:03:56","guid":{"rendered":"https:\/\/tourtravelandmore.com\/?post_type=product&#038;p=164170"},"modified":"2023-08-18T18:20:39","modified_gmt":"2023-08-18T16:20:39","slug":"tour-privado-del-lago-braies-desde-venecia","status":"publish","type":"product","link":"https:\/\/tourtravelandmore.com\/es\/tours\/italia-es\/venecia-es\/tour-privado-del-lago-braies-desde-venecia\/","title":{"rendered":"Tour privado del lago Braies desde Venecia"},"content":{"rendered":"<h2><strong>Descripci\u00f3n\u00a0<\/strong><\/h2>\n<p>Nos complace ofrecerle nuestro Tour Privado del Lago Braies desde Venecia. Nuestra excursi\u00f3n de ocho horas es una experiencia inolvidable que le llevar\u00e1 en un viaje panor\u00e1mico a uno de los lagos m\u00e1s bellos de Italia. Su experto conductor\/gu\u00eda le ofrecer\u00e1 comentarios en ingl\u00e9s mientras disfruta de las impresionantes vistas y de los singulares lugares de inter\u00e9s cultural que encontrar\u00e1 por el camino.<\/p>\n<p>En primer lugar, nuestro tour comienza en Piazzale Roma, donde se encontrar\u00e1 con su conductor\/gu\u00eda y comenzar\u00e1 su viaje hacia el Lago Braies. Este pintoresco recorrido le llevar\u00e1 a trav\u00e9s de algunos de los paisajes m\u00e1s bellos de Italia, incluidas las impresionantes monta\u00f1as Dolomitas. Su gu\u00eda le indicar\u00e1 los puntos de referencia m\u00e1s importantes y compartir\u00e1 con usted datos interesantes sobre la regi\u00f3n.<\/p>\n<p>Cuando lleguemos al lago Braies, ser\u00e1 recibido por una impresionante vista de las aguas turquesas y las monta\u00f1as circundantes. Nuestro conductor\/gu\u00eda le proporcionar\u00e1 informaci\u00f3n sobre la historia y la geolog\u00eda del lago, as\u00ed como sobre su importancia para la comunidad local.<\/p>\n<p>Tambi\u00e9n podemos ofrecer otra opci\u00f3n de <strong>tour privado de d\u00eda completo desde Venecia,<\/strong> eche un vistazo a <a href=\"https:\/\/tourtravelandmore.com\/es\/tours\/italia-es\/venecia-es\/tour-privado-8-horas-a-las-dolomitas-desde-venecia\/\">nuestro tour privado a Dolomitas desde Venecia<\/a>.<\/p>\n<h2><strong>Puntos de inter\u00e9s en el Tour privado del lago Braies desde Venecia<\/strong><\/h2>\n<p>Durante la excursi\u00f3n, tendr\u00e1 la oportunidad de explorar los alrededores del lago a pie o en barco. Un tranquilo paseo por las orillas del lago le llevar\u00e1 a algunas de las vistas m\u00e1s pintorescas. Un paseo en barco le permitir\u00e1 contemplar la belleza del lago desde una perspectiva diferente.<\/p>\n<p>Los Dolomitas: Esta cadena monta\u00f1osa est\u00e1 declarada Patrimonio de la Humanidad por la UNESCO. Es famosa por su geolog\u00eda \u00fanica y sus impresionantes paisajes. Nuestro conductor\/gu\u00eda le proporcionar\u00e1 informaci\u00f3n sobre la historia, la cultura y las caracter\u00edsticas naturales de la regi\u00f3n.<\/p>\n<p>Lago Braies: Este impresionante lago est\u00e1 situado en el coraz\u00f3n de las monta\u00f1as Dolomitas y es conocido por sus aguas turquesas y su pintoresco entorno. Nuestro conductor\/gu\u00eda le proporcionar\u00e1 informaci\u00f3n sobre la historia, geolog\u00eda e importancia cultural del lago.<\/p>\n<p>Los pueblos de los alrededores: Nuestra excursi\u00f3n le llevar\u00e1 por varios pueblos pintorescos a lo largo del camino. Cada uno con un encanto y una historia \u00fanicos. Su gu\u00eda le indicar\u00e1 los puntos de referencia m\u00e1s importantes y le proporcionar\u00e1 informaci\u00f3n sobre la cultura y el estilo de vida de la comunidad local.<\/p>\n<p>Por \u00faltimo, nuestro Tour Privado del Lago Braies desde Venecia es una experiencia \u00fanica que nunca olvidar\u00e1. Con nuestro experto conductor\/gu\u00eda, impresionantes paisajes y lugares culturales \u00fanicos, esta excursi\u00f3n es perfecta para cualquiera que desee explorar la belleza y la historia de la campi\u00f1a italiana. Reserve hoy mismo su excursi\u00f3n y experimente la magia del Lago Braies.<\/p>\n<p>Como hemos dicho antes, podemos organizar la duraci\u00f3n exacta de la excursi\u00f3n para adaptarla a sus necesidades personales. Podemos ofrecerle horas extra o incluso incluir entradas a cualquier monumento que desee visitar.<\/p>\n","protected":false},"excerpt":{"rendered":"<p>Nos complace ofrecerle nuestro Tour Privado del Lago Braies desde Venecia. Nuestra excursi\u00f3n de ocho horas es una experiencia inolvidable que le llevar\u00e1 en un viaje panor\u00e1mico a uno de los lagos m\u00e1s bellos de Italia. Su experto conductor\/gu\u00eda le ofrecer\u00e1 comentarios en ingl\u00e9s mientras disfruta de las impresionantes vistas y de los singulares lugares de inter\u00e9s cultural que encontrar\u00e1 por el camino.<\/p>\n<p>&nbsp;<\/p>\n","protected":false},"featured_media":164192,"comment_status":"open","ping_status":"closed","template":"","meta":{"_acf_changed":false},"product_brand":[],"product_cat":[701,707,719,713],"product_tag":[],"class_list":{"0":"post-164170","1":"product","2":"type-product","3":"status-publish","4":"has-post-thumbnail","6":"product_cat-venecia-es","7":"product_cat-venecia-actividades-es","8":"product_cat-venecia-rutas-turisticas-privadas-es","9":"product_cat-venecia-excursiones-es","11":"first","12":"instock","13":"shipping-taxable","14":"purchasable","15":"product-type-simple"},"acf":[],"yoast_head":"<!-- This site is optimized with the Yoast SEO Premium plugin v25.3.1 (Yoast SEO v25.3.1) - https:\/\/yoast.com\/wordpress\/plugins\/seo\/ -->\n<title>Tour privado del lago Braies desde Venecia | TourTravel&amp;More<\/title>\n<meta name=\"description\" content=\"Aproveche su tiempo en Venecia y disfrute de este Tour privado del lago Braies desde Venecia. Su gu\u00eda local privado lo estar\u00e1 esperando\u2705\" \/>\n<meta name=\"robots\" content=\"index, follow, max-snippet:-1, max-image-preview:large, max-video-preview:-1\" \/>\n<link rel=\"canonical\" href=\"https:\/\/tourtravelandmore.com\/es\/tours\/italia-es\/venecia-es\/tour-privado-del-lago-braies-desde-venecia\/\" \/>\n<meta property=\"og:locale\" content=\"es_ES\" \/>\n<meta property=\"og:type\" content=\"article\" \/>\n<meta property=\"og:title\" content=\"Tour privado del lago Braies desde Venecia\" \/>\n<meta property=\"og:description\" content=\"Aproveche su tiempo en Venecia y disfrute de este Tour privado del lago Braies desde Venecia. Su gu\u00eda local privado lo estar\u00e1 esperando\u2705\" \/>\n<meta property=\"og:url\" content=\"https:\/\/tourtravelandmore.com\/es\/tours\/italia-es\/venecia-es\/tour-privado-del-lago-braies-desde-venecia\/\" \/>\n<meta property=\"og:site_name\" content=\"Tour Travel And More\" \/>\n<meta property=\"article:publisher\" content=\"https:\/\/www.facebook.com\/tourtravelandmore\/\" \/>\n<meta property=\"article:modified_time\" content=\"2023-08-18T16:20:39+00:00\" \/>\n<meta property=\"og:image\" content=\"https:\/\/tourtravelandmore.com\/wp-content\/uploads\/2023\/04\/Pragser-Wildsee-Italy-blue-mountain-lake-clear-water-wooden-house-on-pillars-rocky-mountains-pine-forest-boating-with-boat-summer-Wallpaper-HD-2560x1440-1.jpg\" \/>\n\t<meta property=\"og:image:width\" content=\"2560\" \/>\n\t<meta property=\"og:image:height\" content=\"1440\" \/>\n\t<meta property=\"og:image:type\" content=\"image\/jpeg\" \/>\n<meta name=\"twitter:card\" content=\"summary_large_image\" \/>\n<meta name=\"twitter:site\" content=\"@TourTravel_More\" \/>\n<meta name=\"twitter:label1\" content=\"Tiempo de lectura\" \/>\n\t<meta name=\"twitter:data1\" content=\"3 minutos\" \/>\n<script type=\"application\/ld+json\" class=\"yoast-schema-graph\">{\"@context\":\"https:\/\/schema.org\",\"@graph\":[{\"@type\":\"WebPage\",\"@id\":\"https:\/\/tourtravelandmore.com\/es\/tours\/italia-es\/venecia-es\/tour-privado-del-lago-braies-desde-venecia\/\",\"url\":\"https:\/\/tourtravelandmore.com\/es\/tours\/italia-es\/venecia-es\/tour-privado-del-lago-braies-desde-venecia\/\",\"name\":\"Tour privado del lago Braies desde Venecia | TourTravel&More\",\"isPartOf\":{\"@id\":\"https:\/\/tourtravelandmore.com\/es\/#website\"},\"primaryImageOfPage\":{\"@id\":\"https:\/\/tourtravelandmore.com\/es\/tours\/italia-es\/venecia-es\/tour-privado-del-lago-braies-desde-venecia\/#primaryimage\"},\"image\":{\"@id\":\"https:\/\/tourtravelandmore.com\/es\/tours\/italia-es\/venecia-es\/tour-privado-del-lago-braies-desde-venecia\/#primaryimage\"},\"thumbnailUrl\":\"https:\/\/tourtravelandmore.com\/wp-content\/uploads\/2023\/04\/Pragser-Wildsee-Italy-blue-mountain-lake-clear-water-wooden-house-on-pillars-rocky-mountains-pine-forest-boating-with-boat-summer-Wallpaper-HD-2560x1440-1.jpg\",\"datePublished\":\"2023-04-26T13:03:56+00:00\",\"dateModified\":\"2023-08-18T16:20:39+00:00\",\"description\":\"Aproveche su tiempo en Venecia y disfrute de este Tour privado del lago Braies desde Venecia. Su gu\u00eda local privado lo estar\u00e1 esperando\u2705\",\"breadcrumb\":{\"@id\":\"https:\/\/tourtravelandmore.com\/es\/tours\/italia-es\/venecia-es\/tour-privado-del-lago-braies-desde-venecia\/#breadcrumb\"},\"inLanguage\":\"es\",\"potentialAction\":[{\"@type\":\"ReadAction\",\"target\":[\"https:\/\/tourtravelandmore.com\/es\/tours\/italia-es\/venecia-es\/tour-privado-del-lago-braies-desde-venecia\/\"]}]},{\"@type\":\"ImageObject\",\"inLanguage\":\"es\",\"@id\":\"https:\/\/tourtravelandmore.com\/es\/tours\/italia-es\/venecia-es\/tour-privado-del-lago-braies-desde-venecia\/#primaryimage\",\"url\":\"https:\/\/tourtravelandmore.com\/wp-content\/uploads\/2023\/04\/Pragser-Wildsee-Italy-blue-mountain-lake-clear-water-wooden-house-on-pillars-rocky-mountains-pine-forest-boating-with-boat-summer-Wallpaper-HD-2560x1440-1.jpg\",\"contentUrl\":\"https:\/\/tourtravelandmore.com\/wp-content\/uploads\/2023\/04\/Pragser-Wildsee-Italy-blue-mountain-lake-clear-water-wooden-house-on-pillars-rocky-mountains-pine-forest-boating-with-boat-summer-Wallpaper-HD-2560x1440-1.jpg\",\"width\":2560,\"height\":1440},{\"@type\":\"BreadcrumbList\",\"@id\":\"https:\/\/tourtravelandmore.com\/es\/tours\/italia-es\/venecia-es\/tour-privado-del-lago-braies-desde-venecia\/#breadcrumb\",\"itemListElement\":[{\"@type\":\"ListItem\",\"position\":1,\"name\":\"Home\",\"item\":\"https:\/\/tourtravelandmore.com\/es\/\"},{\"@type\":\"ListItem\",\"position\":2,\"name\":\"Tours\",\"item\":\"https:\/\/tourtravelandmore.com\/es\/tours\/\"},{\"@type\":\"ListItem\",\"position\":3,\"name\":\"Tour privado del lago Braies desde Venecia\"}]},{\"@type\":\"WebSite\",\"@id\":\"https:\/\/tourtravelandmore.com\/es\/#website\",\"url\":\"https:\/\/tourtravelandmore.com\/es\/\",\"name\":\"Tour Travel And More\",\"description\":\"Private sightseeing tours and luxury transfers in Spain\",\"publisher\":{\"@id\":\"https:\/\/tourtravelandmore.com\/es\/#organization\"},\"potentialAction\":[{\"@type\":\"SearchAction\",\"target\":{\"@type\":\"EntryPoint\",\"urlTemplate\":\"https:\/\/tourtravelandmore.com\/es\/?s={search_term_string}\"},\"query-input\":{\"@type\":\"PropertyValueSpecification\",\"valueRequired\":true,\"valueName\":\"search_term_string\"}}],\"inLanguage\":\"es\"},{\"@type\":\"Organization\",\"@id\":\"https:\/\/tourtravelandmore.com\/es\/#organization\",\"name\":\"Tour Travel And More\",\"url\":\"https:\/\/tourtravelandmore.com\/es\/\",\"logo\":{\"@type\":\"ImageObject\",\"inLanguage\":\"es\",\"@id\":\"https:\/\/tourtravelandmore.com\/es\/#\/schema\/logo\/image\/\",\"url\":\"https:\/\/tourtravelandmore.com\/wp-content\/uploads\/2022\/12\/cropped-logo-cabecera-new.png\",\"contentUrl\":\"https:\/\/tourtravelandmore.com\/wp-content\/uploads\/2022\/12\/cropped-logo-cabecera-new.png\",\"width\":430,\"height\":61,\"caption\":\"Tour Travel And More\"},\"image\":{\"@id\":\"https:\/\/tourtravelandmore.com\/es\/#\/schema\/logo\/image\/\"},\"sameAs\":[\"https:\/\/www.facebook.com\/tourtravelandmore\/\",\"https:\/\/x.com\/TourTravel_More\"]}]}<\/script>\n<!-- \/ Yoast SEO Premium plugin. -->","yoast_head_json":{"title":"Tour privado del lago Braies desde Venecia | TourTravel&More","description":"Aproveche su tiempo en Venecia y disfrute de este Tour privado del lago Braies desde Venecia. Su gu\u00eda local privado lo estar\u00e1 esperando\u2705","robots":{"index":"index","follow":"follow","max-snippet":"max-snippet:-1","max-image-preview":"max-image-preview:large","max-video-preview":"max-video-preview:-1"},"canonical":"https:\/\/tourtravelandmore.com\/es\/tours\/italia-es\/venecia-es\/tour-privado-del-lago-braies-desde-venecia\/","og_locale":"es_ES","og_type":"article","og_title":"Tour privado del lago Braies desde Venecia","og_description":"Aproveche su tiempo en Venecia y disfrute de este Tour privado del lago Braies desde Venecia. Su gu\u00eda local privado lo estar\u00e1 esperando\u2705","og_url":"https:\/\/tourtravelandmore.com\/es\/tours\/italia-es\/venecia-es\/tour-privado-del-lago-braies-desde-venecia\/","og_site_name":"Tour Travel And More","article_publisher":"https:\/\/www.facebook.com\/tourtravelandmore\/","article_modified_time":"2023-08-18T16:20:39+00:00","og_image":[{"width":2560,"height":1440,"url":"https:\/\/tourtravelandmore.com\/wp-content\/uploads\/2023\/04\/Pragser-Wildsee-Italy-blue-mountain-lake-clear-water-wooden-house-on-pillars-rocky-mountains-pine-forest-boating-with-boat-summer-Wallpaper-HD-2560x1440-1.jpg","type":"image\/jpeg"}],"twitter_card":"summary_large_image","twitter_site":"@TourTravel_More","twitter_misc":{"Tiempo de lectura":"3 minutos"},"schema":{"@context":"https:\/\/schema.org","@graph":[{"@type":"WebPage","@id":"https:\/\/tourtravelandmore.com\/es\/tours\/italia-es\/venecia-es\/tour-privado-del-lago-braies-desde-venecia\/","url":"https:\/\/tourtravelandmore.com\/es\/tours\/italia-es\/venecia-es\/tour-privado-del-lago-braies-desde-venecia\/","name":"Tour privado del lago Braies desde Venecia | TourTravel&More","isPartOf":{"@id":"https:\/\/tourtravelandmore.com\/es\/#website"},"primaryImageOfPage":{"@id":"https:\/\/tourtravelandmore.com\/es\/tours\/italia-es\/venecia-es\/tour-privado-del-lago-braies-desde-venecia\/#primaryimage"},"image":{"@id":"https:\/\/tourtravelandmore.com\/es\/tours\/italia-es\/venecia-es\/tour-privado-del-lago-braies-desde-venecia\/#primaryimage"},"thumbnailUrl":"https:\/\/tourtravelandmore.com\/wp-content\/uploads\/2023\/04\/Pragser-Wildsee-Italy-blue-mountain-lake-clear-water-wooden-house-on-pillars-rocky-mountains-pine-forest-boating-with-boat-summer-Wallpaper-HD-2560x1440-1.jpg","datePublished":"2023-04-26T13:03:56+00:00","dateModified":"2023-08-18T16:20:39+00:00","description":"Aproveche su tiempo en Venecia y disfrute de este Tour privado del lago Braies desde Venecia. Su gu\u00eda local privado lo estar\u00e1 esperando\u2705","breadcrumb":{"@id":"https:\/\/tourtravelandmore.com\/es\/tours\/italia-es\/venecia-es\/tour-privado-del-lago-braies-desde-venecia\/#breadcrumb"},"inLanguage":"es","potentialAction":[{"@type":"ReadAction","target":["https:\/\/tourtravelandmore.com\/es\/tours\/italia-es\/venecia-es\/tour-privado-del-lago-braies-desde-venecia\/"]}]},{"@type":"ImageObject","inLanguage":"es","@id":"https:\/\/tourtravelandmore.com\/es\/tours\/italia-es\/venecia-es\/tour-privado-del-lago-braies-desde-venecia\/#primaryimage","url":"https:\/\/tourtravelandmore.com\/wp-content\/uploads\/2023\/04\/Pragser-Wildsee-Italy-blue-mountain-lake-clear-water-wooden-house-on-pillars-rocky-mountains-pine-forest-boating-with-boat-summer-Wallpaper-HD-2560x1440-1.jpg","contentUrl":"https:\/\/tourtravelandmore.com\/wp-content\/uploads\/2023\/04\/Pragser-Wildsee-Italy-blue-mountain-lake-clear-water-wooden-house-on-pillars-rocky-mountains-pine-forest-boating-with-boat-summer-Wallpaper-HD-2560x1440-1.jpg","width":2560,"height":1440},{"@type":"BreadcrumbList","@id":"https:\/\/tourtravelandmore.com\/es\/tours\/italia-es\/venecia-es\/tour-privado-del-lago-braies-desde-venecia\/#breadcrumb","itemListElement":[{"@type":"ListItem","position":1,"name":"Home","item":"https:\/\/tourtravelandmore.com\/es\/"},{"@type":"ListItem","position":2,"name":"Tours","item":"https:\/\/tourtravelandmore.com\/es\/tours\/"},{"@type":"ListItem","position":3,"name":"Tour privado del lago Braies desde Venecia"}]},{"@type":"WebSite","@id":"https:\/\/tourtravelandmore.com\/es\/#website","url":"https:\/\/tourtravelandmore.com\/es\/","name":"Tour Travel And More","description":"Private sightseeing tours and luxury transfers in Spain","publisher":{"@id":"https:\/\/tourtravelandmore.com\/es\/#organization"},"potentialAction":[{"@type":"SearchAction","target":{"@type":"EntryPoint","urlTemplate":"https:\/\/tourtravelandmore.com\/es\/?s={search_term_string}"},"query-input":{"@type":"PropertyValueSpecification","valueRequired":true,"valueName":"search_term_string"}}],"inLanguage":"es"},{"@type":"Organization","@id":"https:\/\/tourtravelandmore.com\/es\/#organization","name":"Tour Travel And More","url":"https:\/\/tourtravelandmore.com\/es\/","logo":{"@type":"ImageObject","inLanguage":"es","@id":"https:\/\/tourtravelandmore.com\/es\/#\/schema\/logo\/image\/","url":"https:\/\/tourtravelandmore.com\/wp-content\/uploads\/2022\/12\/cropped-logo-cabecera-new.png","contentUrl":"https:\/\/tourtravelandmore.com\/wp-content\/uploads\/2022\/12\/cropped-logo-cabecera-new.png","width":430,"height":61,"caption":"Tour Travel And More"},"image":{"@id":"https:\/\/tourtravelandmore.com\/es\/#\/schema\/logo\/image\/"},"sameAs":["https:\/\/www.facebook.com\/tourtravelandmore\/","https:\/\/x.com\/TourTravel_More"]}]}},"_links":{"self":[{"href":"https:\/\/tourtravelandmore.com\/es\/wp-json\/wp\/v2\/product\/164170","targetHints":{"allow":["GET"]}}],"collection":[{"href":"https:\/\/tourtravelandmore.com\/es\/wp-json\/wp\/v2\/product"}],"about":[{"href":"https:\/\/tourtravelandmore.com\/es\/wp-json\/wp\/v2\/types\/product"}],"replies":[{"embeddable":true,"href":"https:\/\/tourtravelandmore.com\/es\/wp-json\/wp\/v2\/comments?post=164170"}],"wp:featuredmedia":[{"embeddable":true,"href":"https:\/\/tourtravelandmore.com\/es\/wp-json\/wp\/v2\/media\/164192"}],"wp:attachment":[{"href":"https:\/\/tourtravelandmore.com\/es\/wp-json\/wp\/v2\/media?parent=164170"}],"wp:term":[{"taxonomy":"product_brand","embeddable":true,"href":"https:\/\/tourtravelandmore.com\/es\/wp-json\/wp\/v2\/product_brand?post=164170"},{"taxonomy":"product_cat","embeddable":true,"href":"https:\/\/tourtravelandmore.com\/es\/wp-json\/wp\/v2\/product_cat?post=164170"},{"taxonomy":"product_tag","embeddable":true,"href":"https:\/\/tourtravelandmore.com\/es\/wp-json\/wp\/v2\/product_tag?post=164170"}],"curies":[{"name":"wp","href":"https:\/\/api.w.org\/{rel}","templated":true}]}}