{"id":163494,"date":"2023-04-22T04:41:43","date_gmt":"2023-04-22T02:41:43","guid":{"rendered":"https:\/\/tourtravelandmore.com\/tours\/sin%20categor\u00eda\/excursion-privada-a-gruyere-desde-ginebra\/"},"modified":"2024-03-08T12:37:16","modified_gmt":"2024-03-08T11:37:16","slug":"excursion-privada-a-gruyere-desde-ginebra","status":"publish","type":"product","link":"https:\/\/tourtravelandmore.com\/es\/tours\/suiza-es\/ginebra\/todos-los-tours-y-actividades-privadas-es-3\/excursion-privada-a-gruyere-desde-ginebra\/","title":{"rendered":"Excursi\u00f3n privada a Gruyere desde Ginebra"},"content":{"rendered":"<h2><b>Excursi\u00f3n privada a Gruyere desde Ginebra Descripci\u00f3n<\/b><\/h2>\n<p><span style=\"font-weight: 400;\">Emb\u00e1rquese en una deliciosa excursi\u00f3n privada de 10 horas desde Ginebra al encantador pueblo de Gruyere. Con la comodidad de un coche privado y la experiencia de un gu\u00eda profesional, descubra la rica historia de la regi\u00f3n y saboree sus delicias culinarias mundialmente famosas. La excursi\u00f3n incluye la entrada a la F\u00e1brica de Queso y Chocolate, donde podr\u00e1 deleitarse con los aut\u00e9nticos sabores de la gastronom\u00eda suiza y conocer sus procesos de producci\u00f3n. Disfrute del pintoresco paisaje y del encantador ambiente de Gruyere, un destino perfecto para una excursi\u00f3n memorable de un d\u00eda.<\/span><\/p>\n<h2><b>Excursi\u00f3n privada a Gruyere desde Ginebra Puntos de inter\u00e9s<\/b><\/h2>\n<p><span style=\"font-weight: 400;\">Explore el pintoresco pueblo de Gruyere y sus cautivadoras atracciones durante esta excursi\u00f3n privada hecha a medida. Descubra el patrimonio \u00fanico de la regi\u00f3n, marav\u00edllese ante sus impresionantes paisajes y sum\u00e9rjase en sus delicias culinarias, todo ello acompa\u00f1ado por un gu\u00eda experto que le proporcionar\u00e1 informaci\u00f3n sobre el fascinante pasado y presente de Gruyere. Desde su castillo medieval hasta sus calles empedradas, Gruyere ofrece un sinf\u00edn de experiencias culturales e hist\u00f3ricas que le dejar\u00e1n una huella imborrable.<\/span><\/p>\n<h3><b>Castillo de Gruyere<\/b><\/h3>\n<p><span style=\"font-weight: 400;\">Visite el hist\u00f3rico castillo de Gruyere, una fortaleza medieval situada en lo alto de una colina que domina el pueblo. Explore sus salas magn\u00edficamente conservadas, admire la impresionante colecci\u00f3n de obras de arte y disfrute de las vistas panor\u00e1micas del paisaje alpino circundante. La rica historia del castillo y su belleza arquitect\u00f3nica lo convierten en una atracci\u00f3n de visita obligada en Gruyere. Desentra\u00f1e las historias de su pasado y aprecie sus impresionantes jardines, que capturan realmente la esencia de la historia y la cultura suizas.<\/span><\/p>\n<h3><b>Queser\u00eda La Maison du Gruy\u00e8re<\/b><\/h3>\n<p><span style=\"font-weight: 400;\">Del\u00e9itese con una visita a la f\u00e1brica de queso La Maison du Gruy\u00e8re, donde conocer\u00e1 los m\u00e9todos tradicionales utilizados para producir el famoso queso Gruyere de la regi\u00f3n. Sea testigo del proceso de elaboraci\u00f3n del queso, pruebe el delicioso producto final y conozca mejor este emblem\u00e1tico producto culinario suizo. Participe en una experiencia pr\u00e1ctica y descubra los secretos de los sabores y texturas que hacen del queso Gruyere un manjar apreciado en todo el mundo.<\/span><\/p>\n<h3><b>F\u00e1brica de chocolate Cailler<\/b><\/h3>\n<p><span style=\"font-weight: 400;\">D\u00e9se un capricho en la F\u00e1brica de Chocolate Cailler, sede de la marca de chocolate m\u00e1s antigua de Suiza. Emb\u00e1rquese en un viaje sensorial por el mundo del chocolate, desde sus or\u00edgenes hasta nuestros d\u00edas. Disfrute de exposiciones interactivas, conozca el proceso de elaboraci\u00f3n del chocolate y, por supuesto, saboree el exquisito sabor del chocolate Cailler. Mientras explora la f\u00e1brica, descubra la rica historia de Cailler y la pasi\u00f3n que impulsa su dedicaci\u00f3n a la elaboraci\u00f3n de chocolates de alta calidad que hacen la boca agua.<\/span><\/p>\n<h3><b>Pueblo de Gruy\u00e8res<\/b><\/h3>\n<p><span style=\"font-weight: 400;\">Pasee por las encantadoras calles empedradas del pueblo de Gruy\u00e8res, una ciudad medieval de ensue\u00f1o repleta de edificios con encanto y una rica historia. Admire la arquitectura bien conservada y visite las tiendas de los artesanos locales, donde podr\u00e1 encontrar recuerdos \u00fanicos y artesan\u00eda tradicional suiza. Sum\u00e9rjase en la cautivadora atm\u00f3sfera de este pueblo de cuento de hadas y disfrute de sus pintorescas vistas, convirti\u00e9ndolo en una parte inolvidable de su visita privada.<\/span><\/p>\n<h3><b>Museo de la Vida Extraterrestre y la Ciencia Ficci\u00f3n de Gruy\u00e8re (Museo H.R. Giger)<\/b><\/h3>\n<p><span style=\"font-weight: 400;\">Descubra el fascinante mundo de H.R. Giger, el famoso artista surrealista suizo y creador de las ic\u00f3nicas criaturas de las pel\u00edculas de &#8220;Alien&#8221;. El Museo Gruy\u00e8re de la Vida Extraterrestre y la Ciencia Ficci\u00f3n expone las incre\u00edbles obras de arte, esculturas y recuerdos de pel\u00edculas de Giger en un entorno envolvente y cautivador. Este museo \u00fanico ofrece una visi\u00f3n de la mente creativa de un artista visionario, lo que lo convierte en un destino de visita obligada para los entusiastas del arte y la ciencia ficci\u00f3n por igual.<\/span><\/p>\n<p><a href=\"https:\/\/tourtravelandmore.com\/es\/ciudad\/suiza-es\/ginebra\/\"><span style=\"font-weight: 400;\">Descubra m\u00e1s experiencias incre\u00edbles en Ginebra y sus alrededores con Tour Travel and More. <\/span><\/a><span style=\"font-weight: 400;\">Explore nuestra amplia selecci\u00f3n de visitas privadas, adaptadas a sus intereses y preferencias particulares. Visite nuestro sitio web para explorar la amplia gama de tours que ofrecemos y crear recuerdos inolvidables durante su estancia en Suiza.<\/span><\/p>\n","protected":false},"excerpt":{"rendered":"<p><span style=\"font-weight: 400;\">Sum\u00e9rjase en el encanto de Gruyere, un pintoresco pueblo suizo famoso por su queso y su chocolate. Esta excursi\u00f3n privada de 10 horas desde Ginebra ofrece una oportunidad \u00fanica para explorar el patrimonio culinario y los impresionantes paisajes de la regi\u00f3n.<\/span><\/p>\n","protected":false},"featured_media":163482,"comment_status":"open","ping_status":"closed","template":"","meta":{"_acf_changed":false},"product_brand":[],"product_cat":[4342,4381],"product_tag":[],"class_list":{"0":"post-163494","1":"product","2":"type-product","3":"status-publish","4":"has-post-thumbnail","6":"product_cat-ginebra","7":"product_cat-todos-los-tours-y-actividades-privadas-es-3","9":"first","10":"instock","11":"shipping-taxable","12":"purchasable","13":"product-type-simple"},"acf":[],"yoast_head":"<!-- This site is optimized with the Yoast SEO Premium plugin v25.3.1 (Yoast SEO v25.3.1) - https:\/\/yoast.com\/wordpress\/plugins\/seo\/ -->\n<title>\u27a1\ufe0f Excursi\u00f3n privada a Gruyere desde Ginebra: Queso, chocolate y belleza paisaj\u00edstica<\/title>\n<meta name=\"description\" content=\"Descubra el pintoresco pueblo de Gruyere en esta excursi\u00f3n privada de 10 horas desde Ginebra. Explore el castillo, la queser\u00eda y la f\u00e1brica de chocolate con un gu\u00eda experto \u2705.\" \/>\n<meta name=\"robots\" content=\"index, follow, max-snippet:-1, max-image-preview:large, max-video-preview:-1\" \/>\n<link rel=\"canonical\" href=\"https:\/\/tourtravelandmore.com\/es\/tours\/suiza-es\/ginebra\/todos-los-tours-y-actividades-privadas-es-3\/excursion-privada-a-gruyere-desde-ginebra\/\" \/>\n<meta property=\"og:locale\" content=\"es_ES\" \/>\n<meta property=\"og:type\" content=\"article\" \/>\n<meta property=\"og:title\" content=\"Excursi\u00f3n privada a Gruyere desde Ginebra\" \/>\n<meta property=\"og:description\" content=\"Descubra el pintoresco pueblo de Gruyere en esta excursi\u00f3n privada de 10 horas desde Ginebra. Explore el castillo, la queser\u00eda y la f\u00e1brica de chocolate con un gu\u00eda experto \u2705.\" \/>\n<meta property=\"og:url\" content=\"https:\/\/tourtravelandmore.com\/es\/tours\/suiza-es\/ginebra\/todos-los-tours-y-actividades-privadas-es-3\/excursion-privada-a-gruyere-desde-ginebra\/\" \/>\n<meta property=\"og:site_name\" content=\"Tour Travel And More\" \/>\n<meta property=\"article:publisher\" content=\"https:\/\/www.facebook.com\/tourtravelandmore\/\" \/>\n<meta property=\"article:modified_time\" content=\"2024-03-08T11:37:16+00:00\" \/>\n<meta property=\"og:image\" content=\"https:\/\/tourtravelandmore.com\/wp-content\/uploads\/2023\/04\/image2-13.jpg\" \/>\n\t<meta property=\"og:image:width\" content=\"950\" \/>\n\t<meta property=\"og:image:height\" content=\"750\" \/>\n\t<meta property=\"og:image:type\" content=\"image\/jpeg\" \/>\n<meta name=\"twitter:card\" content=\"summary_large_image\" \/>\n<meta name=\"twitter:site\" content=\"@TourTravel_More\" \/>\n<meta name=\"twitter:label1\" content=\"Tiempo de lectura\" \/>\n\t<meta name=\"twitter:data1\" content=\"4 minutos\" \/>\n<script type=\"application\/ld+json\" class=\"yoast-schema-graph\">{\"@context\":\"https:\/\/schema.org\",\"@graph\":[{\"@type\":\"WebPage\",\"@id\":\"https:\/\/tourtravelandmore.com\/es\/tours\/suiza-es\/ginebra\/todos-los-tours-y-actividades-privadas-es-3\/excursion-privada-a-gruyere-desde-ginebra\/\",\"url\":\"https:\/\/tourtravelandmore.com\/es\/tours\/suiza-es\/ginebra\/todos-los-tours-y-actividades-privadas-es-3\/excursion-privada-a-gruyere-desde-ginebra\/\",\"name\":\"\u27a1\ufe0f Excursi\u00f3n privada a Gruyere desde Ginebra: Queso, chocolate y belleza paisaj\u00edstica\",\"isPartOf\":{\"@id\":\"https:\/\/tourtravelandmore.com\/es\/#website\"},\"primaryImageOfPage\":{\"@id\":\"https:\/\/tourtravelandmore.com\/es\/tours\/suiza-es\/ginebra\/todos-los-tours-y-actividades-privadas-es-3\/excursion-privada-a-gruyere-desde-ginebra\/#primaryimage\"},\"image\":{\"@id\":\"https:\/\/tourtravelandmore.com\/es\/tours\/suiza-es\/ginebra\/todos-los-tours-y-actividades-privadas-es-3\/excursion-privada-a-gruyere-desde-ginebra\/#primaryimage\"},\"thumbnailUrl\":\"https:\/\/tourtravelandmore.com\/wp-content\/uploads\/2023\/04\/image2-13.jpg\",\"datePublished\":\"2023-04-22T02:41:43+00:00\",\"dateModified\":\"2024-03-08T11:37:16+00:00\",\"description\":\"Descubra el pintoresco pueblo de Gruyere en esta excursi\u00f3n privada de 10 horas desde Ginebra. Explore el castillo, la queser\u00eda y la f\u00e1brica de chocolate con un gu\u00eda experto \u2705.\",\"breadcrumb\":{\"@id\":\"https:\/\/tourtravelandmore.com\/es\/tours\/suiza-es\/ginebra\/todos-los-tours-y-actividades-privadas-es-3\/excursion-privada-a-gruyere-desde-ginebra\/#breadcrumb\"},\"inLanguage\":\"es\",\"potentialAction\":[{\"@type\":\"ReadAction\",\"target\":[\"https:\/\/tourtravelandmore.com\/es\/tours\/suiza-es\/ginebra\/todos-los-tours-y-actividades-privadas-es-3\/excursion-privada-a-gruyere-desde-ginebra\/\"]}]},{\"@type\":\"ImageObject\",\"inLanguage\":\"es\",\"@id\":\"https:\/\/tourtravelandmore.com\/es\/tours\/suiza-es\/ginebra\/todos-los-tours-y-actividades-privadas-es-3\/excursion-privada-a-gruyere-desde-ginebra\/#primaryimage\",\"url\":\"https:\/\/tourtravelandmore.com\/wp-content\/uploads\/2023\/04\/image2-13.jpg\",\"contentUrl\":\"https:\/\/tourtravelandmore.com\/wp-content\/uploads\/2023\/04\/image2-13.jpg\",\"width\":950,\"height\":750},{\"@type\":\"BreadcrumbList\",\"@id\":\"https:\/\/tourtravelandmore.com\/es\/tours\/suiza-es\/ginebra\/todos-los-tours-y-actividades-privadas-es-3\/excursion-privada-a-gruyere-desde-ginebra\/#breadcrumb\",\"itemListElement\":[{\"@type\":\"ListItem\",\"position\":1,\"name\":\"Home\",\"item\":\"https:\/\/tourtravelandmore.com\/es\/\"},{\"@type\":\"ListItem\",\"position\":2,\"name\":\"Tours\",\"item\":\"https:\/\/tourtravelandmore.com\/es\/tours\/\"},{\"@type\":\"ListItem\",\"position\":3,\"name\":\"Excursi\u00f3n privada a Gruyere desde Ginebra\"}]},{\"@type\":\"WebSite\",\"@id\":\"https:\/\/tourtravelandmore.com\/es\/#website\",\"url\":\"https:\/\/tourtravelandmore.com\/es\/\",\"name\":\"Tour Travel And More\",\"description\":\"Private sightseeing tours and luxury transfers in Spain\",\"publisher\":{\"@id\":\"https:\/\/tourtravelandmore.com\/es\/#organization\"},\"potentialAction\":[{\"@type\":\"SearchAction\",\"target\":{\"@type\":\"EntryPoint\",\"urlTemplate\":\"https:\/\/tourtravelandmore.com\/es\/?s={search_term_string}\"},\"query-input\":{\"@type\":\"PropertyValueSpecification\",\"valueRequired\":true,\"valueName\":\"search_term_string\"}}],\"inLanguage\":\"es\"},{\"@type\":\"Organization\",\"@id\":\"https:\/\/tourtravelandmore.com\/es\/#organization\",\"name\":\"Tour Travel And More\",\"url\":\"https:\/\/tourtravelandmore.com\/es\/\",\"logo\":{\"@type\":\"ImageObject\",\"inLanguage\":\"es\",\"@id\":\"https:\/\/tourtravelandmore.com\/es\/#\/schema\/logo\/image\/\",\"url\":\"https:\/\/tourtravelandmore.com\/wp-content\/uploads\/2022\/12\/cropped-logo-cabecera-new.png\",\"contentUrl\":\"https:\/\/tourtravelandmore.com\/wp-content\/uploads\/2022\/12\/cropped-logo-cabecera-new.png\",\"width\":430,\"height\":61,\"caption\":\"Tour Travel And More\"},\"image\":{\"@id\":\"https:\/\/tourtravelandmore.com\/es\/#\/schema\/logo\/image\/\"},\"sameAs\":[\"https:\/\/www.facebook.com\/tourtravelandmore\/\",\"https:\/\/x.com\/TourTravel_More\"]}]}<\/script>\n<!-- \/ Yoast SEO Premium plugin. -->","yoast_head_json":{"title":"\u27a1\ufe0f Excursi\u00f3n privada a Gruyere desde Ginebra: Queso, chocolate y belleza paisaj\u00edstica","description":"Descubra el pintoresco pueblo de Gruyere en esta excursi\u00f3n privada de 10 horas desde Ginebra. Explore el castillo, la queser\u00eda y la f\u00e1brica de chocolate con un gu\u00eda experto \u2705.","robots":{"index":"index","follow":"follow","max-snippet":"max-snippet:-1","max-image-preview":"max-image-preview:large","max-video-preview":"max-video-preview:-1"},"canonical":"https:\/\/tourtravelandmore.com\/es\/tours\/suiza-es\/ginebra\/todos-los-tours-y-actividades-privadas-es-3\/excursion-privada-a-gruyere-desde-ginebra\/","og_locale":"es_ES","og_type":"article","og_title":"Excursi\u00f3n privada a Gruyere desde Ginebra","og_description":"Descubra el pintoresco pueblo de Gruyere en esta excursi\u00f3n privada de 10 horas desde Ginebra. Explore el castillo, la queser\u00eda y la f\u00e1brica de chocolate con un gu\u00eda experto \u2705.","og_url":"https:\/\/tourtravelandmore.com\/es\/tours\/suiza-es\/ginebra\/todos-los-tours-y-actividades-privadas-es-3\/excursion-privada-a-gruyere-desde-ginebra\/","og_site_name":"Tour Travel And More","article_publisher":"https:\/\/www.facebook.com\/tourtravelandmore\/","article_modified_time":"2024-03-08T11:37:16+00:00","og_image":[{"width":950,"height":750,"url":"https:\/\/tourtravelandmore.com\/wp-content\/uploads\/2023\/04\/image2-13.jpg","type":"image\/jpeg"}],"twitter_card":"summary_large_image","twitter_site":"@TourTravel_More","twitter_misc":{"Tiempo de lectura":"4 minutos"},"schema":{"@context":"https:\/\/schema.org","@graph":[{"@type":"WebPage","@id":"https:\/\/tourtravelandmore.com\/es\/tours\/suiza-es\/ginebra\/todos-los-tours-y-actividades-privadas-es-3\/excursion-privada-a-gruyere-desde-ginebra\/","url":"https:\/\/tourtravelandmore.com\/es\/tours\/suiza-es\/ginebra\/todos-los-tours-y-actividades-privadas-es-3\/excursion-privada-a-gruyere-desde-ginebra\/","name":"\u27a1\ufe0f Excursi\u00f3n privada a Gruyere desde Ginebra: Queso, chocolate y belleza paisaj\u00edstica","isPartOf":{"@id":"https:\/\/tourtravelandmore.com\/es\/#website"},"primaryImageOfPage":{"@id":"https:\/\/tourtravelandmore.com\/es\/tours\/suiza-es\/ginebra\/todos-los-tours-y-actividades-privadas-es-3\/excursion-privada-a-gruyere-desde-ginebra\/#primaryimage"},"image":{"@id":"https:\/\/tourtravelandmore.com\/es\/tours\/suiza-es\/ginebra\/todos-los-tours-y-actividades-privadas-es-3\/excursion-privada-a-gruyere-desde-ginebra\/#primaryimage"},"thumbnailUrl":"https:\/\/tourtravelandmore.com\/wp-content\/uploads\/2023\/04\/image2-13.jpg","datePublished":"2023-04-22T02:41:43+00:00","dateModified":"2024-03-08T11:37:16+00:00","description":"Descubra el pintoresco pueblo de Gruyere en esta excursi\u00f3n privada de 10 horas desde Ginebra. Explore el castillo, la queser\u00eda y la f\u00e1brica de chocolate con un gu\u00eda experto \u2705.","breadcrumb":{"@id":"https:\/\/tourtravelandmore.com\/es\/tours\/suiza-es\/ginebra\/todos-los-tours-y-actividades-privadas-es-3\/excursion-privada-a-gruyere-desde-ginebra\/#breadcrumb"},"inLanguage":"es","potentialAction":[{"@type":"ReadAction","target":["https:\/\/tourtravelandmore.com\/es\/tours\/suiza-es\/ginebra\/todos-los-tours-y-actividades-privadas-es-3\/excursion-privada-a-gruyere-desde-ginebra\/"]}]},{"@type":"ImageObject","inLanguage":"es","@id":"https:\/\/tourtravelandmore.com\/es\/tours\/suiza-es\/ginebra\/todos-los-tours-y-actividades-privadas-es-3\/excursion-privada-a-gruyere-desde-ginebra\/#primaryimage","url":"https:\/\/tourtravelandmore.com\/wp-content\/uploads\/2023\/04\/image2-13.jpg","contentUrl":"https:\/\/tourtravelandmore.com\/wp-content\/uploads\/2023\/04\/image2-13.jpg","width":950,"height":750},{"@type":"BreadcrumbList","@id":"https:\/\/tourtravelandmore.com\/es\/tours\/suiza-es\/ginebra\/todos-los-tours-y-actividades-privadas-es-3\/excursion-privada-a-gruyere-desde-ginebra\/#breadcrumb","itemListElement":[{"@type":"ListItem","position":1,"name":"Home","item":"https:\/\/tourtravelandmore.com\/es\/"},{"@type":"ListItem","position":2,"name":"Tours","item":"https:\/\/tourtravelandmore.com\/es\/tours\/"},{"@type":"ListItem","position":3,"name":"Excursi\u00f3n privada a Gruyere desde Ginebra"}]},{"@type":"WebSite","@id":"https:\/\/tourtravelandmore.com\/es\/#website","url":"https:\/\/tourtravelandmore.com\/es\/","name":"Tour Travel And More","description":"Private sightseeing tours and luxury transfers in Spain","publisher":{"@id":"https:\/\/tourtravelandmore.com\/es\/#organization"},"potentialAction":[{"@type":"SearchAction","target":{"@type":"EntryPoint","urlTemplate":"https:\/\/tourtravelandmore.com\/es\/?s={search_term_string}"},"query-input":{"@type":"PropertyValueSpecification","valueRequired":true,"valueName":"search_term_string"}}],"inLanguage":"es"},{"@type":"Organization","@id":"https:\/\/tourtravelandmore.com\/es\/#organization","name":"Tour Travel And More","url":"https:\/\/tourtravelandmore.com\/es\/","logo":{"@type":"ImageObject","inLanguage":"es","@id":"https:\/\/tourtravelandmore.com\/es\/#\/schema\/logo\/image\/","url":"https:\/\/tourtravelandmore.com\/wp-content\/uploads\/2022\/12\/cropped-logo-cabecera-new.png","contentUrl":"https:\/\/tourtravelandmore.com\/wp-content\/uploads\/2022\/12\/cropped-logo-cabecera-new.png","width":430,"height":61,"caption":"Tour Travel And More"},"image":{"@id":"https:\/\/tourtravelandmore.com\/es\/#\/schema\/logo\/image\/"},"sameAs":["https:\/\/www.facebook.com\/tourtravelandmore\/","https:\/\/x.com\/TourTravel_More"]}]}},"_links":{"self":[{"href":"https:\/\/tourtravelandmore.com\/es\/wp-json\/wp\/v2\/product\/163494","targetHints":{"allow":["GET"]}}],"collection":[{"href":"https:\/\/tourtravelandmore.com\/es\/wp-json\/wp\/v2\/product"}],"about":[{"href":"https:\/\/tourtravelandmore.com\/es\/wp-json\/wp\/v2\/types\/product"}],"replies":[{"embeddable":true,"href":"https:\/\/tourtravelandmore.com\/es\/wp-json\/wp\/v2\/comments?post=163494"}],"wp:featuredmedia":[{"embeddable":true,"href":"https:\/\/tourtravelandmore.com\/es\/wp-json\/wp\/v2\/media\/163482"}],"wp:attachment":[{"href":"https:\/\/tourtravelandmore.com\/es\/wp-json\/wp\/v2\/media?parent=163494"}],"wp:term":[{"taxonomy":"product_brand","embeddable":true,"href":"https:\/\/tourtravelandmore.com\/es\/wp-json\/wp\/v2\/product_brand?post=163494"},{"taxonomy":"product_cat","embeddable":true,"href":"https:\/\/tourtravelandmore.com\/es\/wp-json\/wp\/v2\/product_cat?post=163494"},{"taxonomy":"product_tag","embeddable":true,"href":"https:\/\/tourtravelandmore.com\/es\/wp-json\/wp\/v2\/product_tag?post=163494"}],"curies":[{"name":"wp","href":"https:\/\/api.w.org\/{rel}","templated":true}]}}