{"id":163463,"date":"2023-04-22T04:18:46","date_gmt":"2023-04-22T02:18:46","guid":{"rendered":"https:\/\/tourtravelandmore.com\/tours\/sin%20categor\u00eda\/excursion-privada-a-chamonix\/"},"modified":"2023-11-21T20:32:37","modified_gmt":"2023-11-21T19:32:37","slug":"excursion-privada-a-chamonix","status":"publish","type":"product","link":"https:\/\/tourtravelandmore.com\/es\/tours\/suiza-es\/ginebra\/todos-los-tours-y-actividades-privadas-es-3\/excursion-privada-a-chamonix\/","title":{"rendered":"Excursi\u00f3n privada a Chamonix"},"content":{"rendered":"<h2><b>Excursi\u00f3n privada a Chamonix Descripci\u00f3n<\/b><\/h2>\n<p><span style=\"font-weight: 400;\">Emb\u00e1rquese en una cautivadora excursi\u00f3n privada de 10 horas a la encantadora ciudad de Chamonix, enclavada en el coraz\u00f3n de los Alpes franceses. Con la comodidad de un veh\u00edculo privado y los conocimientos de un gu\u00eda experto, explore la impresionante belleza natural y el encantador ambiente de este renombrado destino alpino. Mejore su experiencia con un billete para el telef\u00e9rico de Aiguille du Midi, que ofrece impresionantes vistas panor\u00e1micas del Mont Blanc y las monta\u00f1as circundantes. Del\u00e9itese con el pr\u00edstino aire alpino mientras explora este entorno id\u00edlico y crea recuerdos imborrables en este viaje inolvidable.<\/span><\/p>\n<h2><b>Excursi\u00f3n a los puntos de inter\u00e9s de Chamonix<\/b><\/h2>\n<p><span style=\"font-weight: 400;\">Descubra el encanto de Chamonix mientras se aventura por sus pintorescas calles, visita atracciones emblem\u00e1ticas y se sumerge en su rica cultura alpina. Esta excursi\u00f3n a medida destaca lo mejor de Chamonix, desde su centro hist\u00f3rico y sus bulliciosas calles hasta sus magn\u00edficas vistas y emocionantes actividades al aire libre. Disfrute de la vibrante vida local, del\u00e9itese con la deliciosa cocina y d\u00e9jese cautivar por el majestuoso tel\u00f3n de fondo del macizo del Mont Blanc. Deje que nuestro experimentado gu\u00eda le lleve en un viaje a trav\u00e9s del extraordinario paisaje de Chamonix, creando una experiencia \u00fanica en la vida hecha a su medida.<\/span><\/p>\n<h3><b>Aiguille du Midi:<\/b><\/h3>\n<p><span style=\"font-weight: 400;\">Suba a la cima de la Aiguille du Midi en el emblem\u00e1tico telef\u00e9rico, donde disfrutar\u00e1 de unas impresionantes vistas del Mont Blanc y los Alpes circundantes. Esta experiencia inolvidable ofrece una oportunidad \u00fanica de contemplar de cerca la grandeza del pico m\u00e1s alto de Europa y explorar los diversos miradores y exposiciones de la cima. Disfrute de la estimulante atm\u00f3sfera y capture impresionantes fotograf\u00edas que le servir\u00e1n como recuerdos imborrables de su extraordinaria aventura.<\/span><\/p>\n<h3><b>Centro de Chamonix:<\/b><\/h3>\n<p><span style=\"font-weight: 400;\">Pasee por las encantadoras calles del centro de Chamonix, donde encontrar\u00e1 una gran variedad de tiendas, pintorescos caf\u00e9s y edificios hist\u00f3ricos. Admire la arquitectura tradicional, emp\u00e1pese de la vibrante atm\u00f3sfera y conozca la rica historia de esta famosa ciudad alpina de la mano de su gu\u00eda experto. Sum\u00e9rjase en la cultura local mientras degusta las delicias regionales y se relaciona con los c\u00e1lidos y acogedores habitantes de Chamonix.<\/span><\/p>\n<h3><b>Mer de Glace:<\/b><\/h3>\n<p><span style=\"font-weight: 400;\">Visite el espectacular Mer de Glace, el mayor glaciar de Francia y una maravilla natural de visita obligada. Descubra la fascinante Cueva de Hielo, viaje en el ferrocarril de Montenvers y marav\u00edllese con el impresionante paisaje alpino que rodea esta impresionante maravilla glaciar. Aprecie m\u00e1s profundamente el poder y la belleza de la naturaleza mientras explora el paisaje siempre cambiante de esta incre\u00edble atracci\u00f3n glaciar.<\/span><\/p>\n<h3><b>Ferrocarril de Montenvers:<\/b><\/h3>\n<p><span style=\"font-weight: 400;\">Disfrute de un viaje panor\u00e1mico en el hist\u00f3rico Montenvers Railway, un encantador tren de cremallera que transporta a los visitantes desde Chamonix hasta la Mer de Glace. Disfrute de las vistas panor\u00e1micas del valle, los dram\u00e1ticos picos del Drus y los Grands Jorasses, y los impresionantes paisajes que definen la regi\u00f3n. Este nost\u00e1lgico viaje es una parte esencial de cualquier itinerario por Chamonix y ofrece una perspectiva \u00fanica de la belleza natural de la zona.<\/span><\/p>\n<h3><b>Parc de Loisirs des Planards:<\/b><\/h3>\n<p><span style=\"font-weight: 400;\">Rel\u00e1jese con una visita al Parc de Loisirs des Planards, un popular parque de atracciones familiar situado a pocos minutos del centro de Chamonix. Con una gran variedad de atracciones, como una monta\u00f1a rusa alpina, toboganes, camas el\u00e1sticas y un parque infantil, este parque promete una experiencia llena de diversi\u00f3n para todas las edades. T\u00f3mese un respiro de la bulliciosa ciudad y pase una tarde de ocio disfrutando del aire fresco de la monta\u00f1a y de las atractivas actividades de este encantador espacio recreativo.<\/span><\/p>\n<p><a href=\"https:\/\/tourtravelandmore.com\/es\/ciudad\/suiza-es\/ginebra\/\"><span style=\"font-weight: 400;\">Para descubrir m\u00e1s excursiones incre\u00edbles por Ginebra y sus alrededores, no deje de visitar el sitio web de Tour Travel and More.<\/span><\/a><span style=\"font-weight: 400;\"> Descubra una amplia gama de excursiones privadas adaptadas a sus preferencias y cree experiencias de viaje inolvidables.<\/span><\/p>\n","protected":false},"excerpt":{"rendered":"<p><span style=\"font-weight: 400;\">Experimente la magia de Chamonix en esta excursi\u00f3n privada de 10 horas, con gu\u00eda experto, veh\u00edculo privado y billete opcional para el telef\u00e9rico de Aiguille du Midi.<\/span><\/p>\n","protected":false},"featured_media":163448,"comment_status":"open","ping_status":"closed","template":"","meta":{"_acf_changed":false},"product_brand":[],"product_cat":[4342,4381],"product_tag":[],"class_list":{"0":"post-163463","1":"product","2":"type-product","3":"status-publish","4":"has-post-thumbnail","6":"product_cat-ginebra","7":"product_cat-todos-los-tours-y-actividades-privadas-es-3","9":"first","10":"instock","11":"shipping-taxable","12":"purchasable","13":"product-type-simple"},"acf":[],"yoast_head":"<!-- This site is optimized with the Yoast SEO Premium plugin v25.3.1 (Yoast SEO v25.3.1) - https:\/\/yoast.com\/wordpress\/plugins\/seo\/ -->\n<title>\u27a1\ufe0f Excursi\u00f3n privada a Chamonix: Descubra la belleza alpina y las vistas del Mont Blanc<\/title>\n<meta name=\"description\" content=\"Explore la encantadora ciudad de Chamonix en una excursi\u00f3n privada de 10 horas con un gu\u00eda profesional. Visite atracciones ic\u00f3nicas y experimente impresionantes paisajes alpinos. \u2705\" \/>\n<meta name=\"robots\" content=\"index, follow, max-snippet:-1, max-image-preview:large, max-video-preview:-1\" \/>\n<link rel=\"canonical\" href=\"https:\/\/tourtravelandmore.com\/es\/tours\/suiza-es\/ginebra\/todos-los-tours-y-actividades-privadas-es-3\/excursion-privada-a-chamonix\/\" \/>\n<meta property=\"og:locale\" content=\"es_ES\" \/>\n<meta property=\"og:type\" content=\"article\" \/>\n<meta property=\"og:title\" content=\"Excursi\u00f3n privada a Chamonix\" \/>\n<meta property=\"og:description\" content=\"Explore la encantadora ciudad de Chamonix en una excursi\u00f3n privada de 10 horas con un gu\u00eda profesional. Visite atracciones ic\u00f3nicas y experimente impresionantes paisajes alpinos. \u2705\" \/>\n<meta property=\"og:url\" content=\"https:\/\/tourtravelandmore.com\/es\/tours\/suiza-es\/ginebra\/todos-los-tours-y-actividades-privadas-es-3\/excursion-privada-a-chamonix\/\" \/>\n<meta property=\"og:site_name\" content=\"Tour Travel And More\" \/>\n<meta property=\"article:publisher\" content=\"https:\/\/www.facebook.com\/tourtravelandmore\/\" \/>\n<meta property=\"article:modified_time\" content=\"2023-11-21T19:32:37+00:00\" \/>\n<meta property=\"og:image\" content=\"https:\/\/tourtravelandmore.com\/wp-content\/uploads\/2023\/04\/image1-12.jpg\" \/>\n\t<meta property=\"og:image:width\" content=\"950\" \/>\n\t<meta property=\"og:image:height\" content=\"750\" \/>\n\t<meta property=\"og:image:type\" content=\"image\/jpeg\" \/>\n<meta name=\"twitter:card\" content=\"summary_large_image\" \/>\n<meta name=\"twitter:site\" content=\"@TourTravel_More\" \/>\n<meta name=\"twitter:label1\" content=\"Tiempo de lectura\" \/>\n\t<meta name=\"twitter:data1\" content=\"3 minutos\" \/>\n<script type=\"application\/ld+json\" class=\"yoast-schema-graph\">{\"@context\":\"https:\/\/schema.org\",\"@graph\":[{\"@type\":\"WebPage\",\"@id\":\"https:\/\/tourtravelandmore.com\/es\/tours\/suiza-es\/ginebra\/todos-los-tours-y-actividades-privadas-es-3\/excursion-privada-a-chamonix\/\",\"url\":\"https:\/\/tourtravelandmore.com\/es\/tours\/suiza-es\/ginebra\/todos-los-tours-y-actividades-privadas-es-3\/excursion-privada-a-chamonix\/\",\"name\":\"\u27a1\ufe0f Excursi\u00f3n privada a Chamonix: Descubra la belleza alpina y las vistas del Mont Blanc\",\"isPartOf\":{\"@id\":\"https:\/\/tourtravelandmore.com\/es\/#website\"},\"primaryImageOfPage\":{\"@id\":\"https:\/\/tourtravelandmore.com\/es\/tours\/suiza-es\/ginebra\/todos-los-tours-y-actividades-privadas-es-3\/excursion-privada-a-chamonix\/#primaryimage\"},\"image\":{\"@id\":\"https:\/\/tourtravelandmore.com\/es\/tours\/suiza-es\/ginebra\/todos-los-tours-y-actividades-privadas-es-3\/excursion-privada-a-chamonix\/#primaryimage\"},\"thumbnailUrl\":\"https:\/\/tourtravelandmore.com\/wp-content\/uploads\/2023\/04\/image1-12.jpg\",\"datePublished\":\"2023-04-22T02:18:46+00:00\",\"dateModified\":\"2023-11-21T19:32:37+00:00\",\"description\":\"Explore la encantadora ciudad de Chamonix en una excursi\u00f3n privada de 10 horas con un gu\u00eda profesional. Visite atracciones ic\u00f3nicas y experimente impresionantes paisajes alpinos. \u2705\",\"breadcrumb\":{\"@id\":\"https:\/\/tourtravelandmore.com\/es\/tours\/suiza-es\/ginebra\/todos-los-tours-y-actividades-privadas-es-3\/excursion-privada-a-chamonix\/#breadcrumb\"},\"inLanguage\":\"es\",\"potentialAction\":[{\"@type\":\"ReadAction\",\"target\":[\"https:\/\/tourtravelandmore.com\/es\/tours\/suiza-es\/ginebra\/todos-los-tours-y-actividades-privadas-es-3\/excursion-privada-a-chamonix\/\"]}]},{\"@type\":\"ImageObject\",\"inLanguage\":\"es\",\"@id\":\"https:\/\/tourtravelandmore.com\/es\/tours\/suiza-es\/ginebra\/todos-los-tours-y-actividades-privadas-es-3\/excursion-privada-a-chamonix\/#primaryimage\",\"url\":\"https:\/\/tourtravelandmore.com\/wp-content\/uploads\/2023\/04\/image1-12.jpg\",\"contentUrl\":\"https:\/\/tourtravelandmore.com\/wp-content\/uploads\/2023\/04\/image1-12.jpg\",\"width\":950,\"height\":750},{\"@type\":\"BreadcrumbList\",\"@id\":\"https:\/\/tourtravelandmore.com\/es\/tours\/suiza-es\/ginebra\/todos-los-tours-y-actividades-privadas-es-3\/excursion-privada-a-chamonix\/#breadcrumb\",\"itemListElement\":[{\"@type\":\"ListItem\",\"position\":1,\"name\":\"Home\",\"item\":\"https:\/\/tourtravelandmore.com\/es\/\"},{\"@type\":\"ListItem\",\"position\":2,\"name\":\"Tours\",\"item\":\"https:\/\/tourtravelandmore.com\/es\/tours\/\"},{\"@type\":\"ListItem\",\"position\":3,\"name\":\"Excursi\u00f3n privada a Chamonix\"}]},{\"@type\":\"WebSite\",\"@id\":\"https:\/\/tourtravelandmore.com\/es\/#website\",\"url\":\"https:\/\/tourtravelandmore.com\/es\/\",\"name\":\"Tour Travel And More\",\"description\":\"Private sightseeing tours and luxury transfers in Spain\",\"publisher\":{\"@id\":\"https:\/\/tourtravelandmore.com\/es\/#organization\"},\"potentialAction\":[{\"@type\":\"SearchAction\",\"target\":{\"@type\":\"EntryPoint\",\"urlTemplate\":\"https:\/\/tourtravelandmore.com\/es\/?s={search_term_string}\"},\"query-input\":{\"@type\":\"PropertyValueSpecification\",\"valueRequired\":true,\"valueName\":\"search_term_string\"}}],\"inLanguage\":\"es\"},{\"@type\":\"Organization\",\"@id\":\"https:\/\/tourtravelandmore.com\/es\/#organization\",\"name\":\"Tour Travel And More\",\"url\":\"https:\/\/tourtravelandmore.com\/es\/\",\"logo\":{\"@type\":\"ImageObject\",\"inLanguage\":\"es\",\"@id\":\"https:\/\/tourtravelandmore.com\/es\/#\/schema\/logo\/image\/\",\"url\":\"https:\/\/tourtravelandmore.com\/wp-content\/uploads\/2022\/12\/cropped-logo-cabecera-new.png\",\"contentUrl\":\"https:\/\/tourtravelandmore.com\/wp-content\/uploads\/2022\/12\/cropped-logo-cabecera-new.png\",\"width\":430,\"height\":61,\"caption\":\"Tour Travel And More\"},\"image\":{\"@id\":\"https:\/\/tourtravelandmore.com\/es\/#\/schema\/logo\/image\/\"},\"sameAs\":[\"https:\/\/www.facebook.com\/tourtravelandmore\/\",\"https:\/\/x.com\/TourTravel_More\"]}]}<\/script>\n<!-- \/ Yoast SEO Premium plugin. -->","yoast_head_json":{"title":"\u27a1\ufe0f Excursi\u00f3n privada a Chamonix: Descubra la belleza alpina y las vistas del Mont Blanc","description":"Explore la encantadora ciudad de Chamonix en una excursi\u00f3n privada de 10 horas con un gu\u00eda profesional. Visite atracciones ic\u00f3nicas y experimente impresionantes paisajes alpinos. \u2705","robots":{"index":"index","follow":"follow","max-snippet":"max-snippet:-1","max-image-preview":"max-image-preview:large","max-video-preview":"max-video-preview:-1"},"canonical":"https:\/\/tourtravelandmore.com\/es\/tours\/suiza-es\/ginebra\/todos-los-tours-y-actividades-privadas-es-3\/excursion-privada-a-chamonix\/","og_locale":"es_ES","og_type":"article","og_title":"Excursi\u00f3n privada a Chamonix","og_description":"Explore la encantadora ciudad de Chamonix en una excursi\u00f3n privada de 10 horas con un gu\u00eda profesional. Visite atracciones ic\u00f3nicas y experimente impresionantes paisajes alpinos. \u2705","og_url":"https:\/\/tourtravelandmore.com\/es\/tours\/suiza-es\/ginebra\/todos-los-tours-y-actividades-privadas-es-3\/excursion-privada-a-chamonix\/","og_site_name":"Tour Travel And More","article_publisher":"https:\/\/www.facebook.com\/tourtravelandmore\/","article_modified_time":"2023-11-21T19:32:37+00:00","og_image":[{"width":950,"height":750,"url":"https:\/\/tourtravelandmore.com\/wp-content\/uploads\/2023\/04\/image1-12.jpg","type":"image\/jpeg"}],"twitter_card":"summary_large_image","twitter_site":"@TourTravel_More","twitter_misc":{"Tiempo de lectura":"3 minutos"},"schema":{"@context":"https:\/\/schema.org","@graph":[{"@type":"WebPage","@id":"https:\/\/tourtravelandmore.com\/es\/tours\/suiza-es\/ginebra\/todos-los-tours-y-actividades-privadas-es-3\/excursion-privada-a-chamonix\/","url":"https:\/\/tourtravelandmore.com\/es\/tours\/suiza-es\/ginebra\/todos-los-tours-y-actividades-privadas-es-3\/excursion-privada-a-chamonix\/","name":"\u27a1\ufe0f Excursi\u00f3n privada a Chamonix: Descubra la belleza alpina y las vistas del Mont Blanc","isPartOf":{"@id":"https:\/\/tourtravelandmore.com\/es\/#website"},"primaryImageOfPage":{"@id":"https:\/\/tourtravelandmore.com\/es\/tours\/suiza-es\/ginebra\/todos-los-tours-y-actividades-privadas-es-3\/excursion-privada-a-chamonix\/#primaryimage"},"image":{"@id":"https:\/\/tourtravelandmore.com\/es\/tours\/suiza-es\/ginebra\/todos-los-tours-y-actividades-privadas-es-3\/excursion-privada-a-chamonix\/#primaryimage"},"thumbnailUrl":"https:\/\/tourtravelandmore.com\/wp-content\/uploads\/2023\/04\/image1-12.jpg","datePublished":"2023-04-22T02:18:46+00:00","dateModified":"2023-11-21T19:32:37+00:00","description":"Explore la encantadora ciudad de Chamonix en una excursi\u00f3n privada de 10 horas con un gu\u00eda profesional. Visite atracciones ic\u00f3nicas y experimente impresionantes paisajes alpinos. \u2705","breadcrumb":{"@id":"https:\/\/tourtravelandmore.com\/es\/tours\/suiza-es\/ginebra\/todos-los-tours-y-actividades-privadas-es-3\/excursion-privada-a-chamonix\/#breadcrumb"},"inLanguage":"es","potentialAction":[{"@type":"ReadAction","target":["https:\/\/tourtravelandmore.com\/es\/tours\/suiza-es\/ginebra\/todos-los-tours-y-actividades-privadas-es-3\/excursion-privada-a-chamonix\/"]}]},{"@type":"ImageObject","inLanguage":"es","@id":"https:\/\/tourtravelandmore.com\/es\/tours\/suiza-es\/ginebra\/todos-los-tours-y-actividades-privadas-es-3\/excursion-privada-a-chamonix\/#primaryimage","url":"https:\/\/tourtravelandmore.com\/wp-content\/uploads\/2023\/04\/image1-12.jpg","contentUrl":"https:\/\/tourtravelandmore.com\/wp-content\/uploads\/2023\/04\/image1-12.jpg","width":950,"height":750},{"@type":"BreadcrumbList","@id":"https:\/\/tourtravelandmore.com\/es\/tours\/suiza-es\/ginebra\/todos-los-tours-y-actividades-privadas-es-3\/excursion-privada-a-chamonix\/#breadcrumb","itemListElement":[{"@type":"ListItem","position":1,"name":"Home","item":"https:\/\/tourtravelandmore.com\/es\/"},{"@type":"ListItem","position":2,"name":"Tours","item":"https:\/\/tourtravelandmore.com\/es\/tours\/"},{"@type":"ListItem","position":3,"name":"Excursi\u00f3n privada a Chamonix"}]},{"@type":"WebSite","@id":"https:\/\/tourtravelandmore.com\/es\/#website","url":"https:\/\/tourtravelandmore.com\/es\/","name":"Tour Travel And More","description":"Private sightseeing tours and luxury transfers in Spain","publisher":{"@id":"https:\/\/tourtravelandmore.com\/es\/#organization"},"potentialAction":[{"@type":"SearchAction","target":{"@type":"EntryPoint","urlTemplate":"https:\/\/tourtravelandmore.com\/es\/?s={search_term_string}"},"query-input":{"@type":"PropertyValueSpecification","valueRequired":true,"valueName":"search_term_string"}}],"inLanguage":"es"},{"@type":"Organization","@id":"https:\/\/tourtravelandmore.com\/es\/#organization","name":"Tour Travel And More","url":"https:\/\/tourtravelandmore.com\/es\/","logo":{"@type":"ImageObject","inLanguage":"es","@id":"https:\/\/tourtravelandmore.com\/es\/#\/schema\/logo\/image\/","url":"https:\/\/tourtravelandmore.com\/wp-content\/uploads\/2022\/12\/cropped-logo-cabecera-new.png","contentUrl":"https:\/\/tourtravelandmore.com\/wp-content\/uploads\/2022\/12\/cropped-logo-cabecera-new.png","width":430,"height":61,"caption":"Tour Travel And More"},"image":{"@id":"https:\/\/tourtravelandmore.com\/es\/#\/schema\/logo\/image\/"},"sameAs":["https:\/\/www.facebook.com\/tourtravelandmore\/","https:\/\/x.com\/TourTravel_More"]}]}},"_links":{"self":[{"href":"https:\/\/tourtravelandmore.com\/es\/wp-json\/wp\/v2\/product\/163463","targetHints":{"allow":["GET"]}}],"collection":[{"href":"https:\/\/tourtravelandmore.com\/es\/wp-json\/wp\/v2\/product"}],"about":[{"href":"https:\/\/tourtravelandmore.com\/es\/wp-json\/wp\/v2\/types\/product"}],"replies":[{"embeddable":true,"href":"https:\/\/tourtravelandmore.com\/es\/wp-json\/wp\/v2\/comments?post=163463"}],"wp:featuredmedia":[{"embeddable":true,"href":"https:\/\/tourtravelandmore.com\/es\/wp-json\/wp\/v2\/media\/163448"}],"wp:attachment":[{"href":"https:\/\/tourtravelandmore.com\/es\/wp-json\/wp\/v2\/media?parent=163463"}],"wp:term":[{"taxonomy":"product_brand","embeddable":true,"href":"https:\/\/tourtravelandmore.com\/es\/wp-json\/wp\/v2\/product_brand?post=163463"},{"taxonomy":"product_cat","embeddable":true,"href":"https:\/\/tourtravelandmore.com\/es\/wp-json\/wp\/v2\/product_cat?post=163463"},{"taxonomy":"product_tag","embeddable":true,"href":"https:\/\/tourtravelandmore.com\/es\/wp-json\/wp\/v2\/product_tag?post=163463"}],"curies":[{"name":"wp","href":"https:\/\/api.w.org\/{rel}","templated":true}]}}