{"id":163432,"date":"2023-04-22T03:52:58","date_gmt":"2023-04-22T01:52:58","guid":{"rendered":"https:\/\/tourtravelandmore.com\/tours\/sin%20categor\u00eda\/excursion-privada-a-les-diablerets-y-montreux\/"},"modified":"2023-04-22T05:37:20","modified_gmt":"2023-04-22T03:37:20","slug":"excursion-privada-a-les-diablerets-y-montreux","status":"publish","type":"product","link":"https:\/\/tourtravelandmore.com\/es\/tours\/suiza-es\/ginebra\/todos-los-tours-y-actividades-privadas-es-3\/excursion-privada-a-les-diablerets-y-montreux\/","title":{"rendered":"Excursi\u00f3n privada a Les Diablerets y Montreux"},"content":{"rendered":"<h2><b>Excursi\u00f3n privada a Les Diablerets y Montreux Descripci\u00f3n<\/b><\/h2>\n<p><span style=\"font-weight: 400;\">Emb\u00e1rquese en un viaje inolvidable de 10 horas, explorando los impresionantes paisajes y los pintorescos pueblos de Les Diablerets y Montreux. Con el lujo de un veh\u00edculo privado y la experiencia de un gu\u00eda profesional, experimente el encantador ambiente de estas joyas suizas. Del\u00e9itese con la belleza del paisaje alpino, visite atracciones de renombre y profundice en las culturas \u00fanicas de estos encantadores destinos. Personalice su excursi\u00f3n a\u00f1adiendo un billete de telef\u00e9rico al Glaciar 3000 y acceso a la pasarela Peak Walk para disfrutar de unas vistas incomparables de los Alpes suizos y vivir una experiencia realmente inolvidable.<\/span><\/p>\n<h2><b>Excursi\u00f3n privada a Les Diablerets y los puntos de inter\u00e9s de Montreux<\/b><\/h2>\n<p><span style=\"font-weight: 400;\">Esta excursi\u00f3n a medida muestra lo mejor de Les Diablerets y Montreux, destacando su rica historia, su sorprendente arquitectura y su cautivadora belleza natural. Descubra el encanto de estos renombrados destinos mientras se aventura por sus encantadoras calles, explora cautivadoras atracciones y se sumerge en los impresionantes panoramas de los Alpes suizos. Desde castillos hist\u00f3ricos y encantadoras ciudades antiguas hasta vibrantes escenas culturales y tranquilos paseos junto a lagos, estas joyas suizas ofrecen una diversa gama de experiencias, creando recuerdos duraderos para cada viajero.<\/span><\/p>\n<h3><b>Les Diablerets:<\/b><\/h3>\n<p><span style=\"font-weight: 400;\">Explore este id\u00edlico pueblo alpino, rodeado de impresionantes monta\u00f1as y frondosos bosques. Les Diablerets es un para\u00edso tanto para los amantes de la naturaleza como para los entusiastas de la aventura, ya que ofrece actividades durante todo el a\u00f1o, como esqu\u00ed, senderismo y ciclismo de monta\u00f1a. Pasee por las pintorescas calles del pueblo, repletas de chal\u00e9s tradicionales y tiendas con encanto, mientras admira el impresionante tel\u00f3n de fondo de los Alpes suizos. Rel\u00e1jese en un ambiente tranquilo y conecte con los acogedores lugare\u00f1os mientras se sumerge en este encantador para\u00edso de monta\u00f1a.<\/span><\/p>\n<h3><b>Glaciar 3000 (opcional):<\/b><\/h3>\n<p><span style=\"font-weight: 400;\">Tome un emocionante telef\u00e9rico hasta el Glaciar 3000, donde le recibir\u00e1n unas vistas impresionantes de los Alpes suizos. Este destino inolvidable ofrece una mezcla \u00fanica de belleza natural y actividades estimulantes, incluida la pasarela opcional Peak Walk. Experimente la emoci\u00f3n de caminar sobre el hielo mientras explora el glaciar y contempla las impresionantes vistas alpinas. Para un subid\u00f3n de adrenalina adicional, pruebe el Alpine Coaster o las actividades de nieve, haciendo de su visita a Glacier 3000 una aventura que no olvidar\u00e1.<\/span><\/p>\n<h3><b>Montreux:<\/b><\/h3>\n<p><span style=\"font-weight: 400;\">Pasee por las pintorescas orillas del lago Lem\u00e1n en Montreux, una vibrante ciudad famosa por su Festival de Jazz anual y su impresionante arquitectura Belle \u00c9poque. Visite el famoso Ch\u00e2teau de Chillon y admire la inspiradora escena art\u00edstica y cultural de la ciudad. Rel\u00e1jese en el hermoso paseo junto al lago, flanqueado por exuberantes jardines, esculturas y elegantes hoteles. Mientras explora Montreux, d\u00e9jese cautivar por el relajado ambiente de la ciudad, combinado con su rica historia y su vibrante oferta cultural.<\/span><\/p>\n<h3><b>Castillo de Chillon:<\/b><\/h3>\n<p><span style=\"font-weight: 400;\">Descubra el encantador Ch\u00e2teau de Chillon, un emblem\u00e1tico castillo medieval situado a orillas del lago Lem\u00e1n. Ad\u00e9ntrese en su fascinante historia, admire su belleza arquitect\u00f3nica y disfrute de las vistas panor\u00e1micas del lago que han inspirado a innumerables artistas y escritores. Pasee por las bien conservadas c\u00e1maras, mazmorras y patios del castillo, mientras aprende sobre su importancia estrat\u00e9gica y la vida de sus antiguos habitantes. Con su escenario de cuento de hadas y su cautivador pasado, el castillo de Chillon es una atracci\u00f3n de visita obligada para todos.<\/span><\/p>\n<h3><b>Puente colgante de Les Diablerets:<\/b><\/h3>\n<p><span style=\"font-weight: 400;\">Avent\u00farese hasta el puente colgante de Les Diablerets, una emocionante y pintoresca atracci\u00f3n que conecta dos picos de los Alpes suizos. Este puente de 107 metros de largo ofrece una experiencia estimulante al caminar 80 metros por encima del suelo, rodeado de vistas panor\u00e1micas de las majestuosas monta\u00f1as y valles. Sienta la adrenalina al conquistar esta impresionante obra de ingenier\u00eda y cree recuerdos imborrables en medio del impresionante paisaje alpino.<\/span><\/p>\n<h3><b>Estatua de Freddie Mercury, Montreux:<\/b><\/h3>\n<p><span style=\"font-weight: 400;\">Rinde homenaje al legendario icono del rock, Freddie Mercury, con una visita a su estatua de bronce de tama\u00f1o natural situada a orillas del lago Lem\u00e1n, en Montreux. El vocalista de la famosa banda Queen pas\u00f3 gran parte de su tiempo en esta ciudad, donde encontr\u00f3 inspiraci\u00f3n para su m\u00fasica. T\u00f3mese una foto con la estatua y dedique un momento a reflexionar sobre el incre\u00edble legado de Freddie Mercury y el impacto duradero que tuvo en el mundo de la m\u00fasica.<\/span><\/p>\n<p><span style=\"font-weight: 400;\">Tour Travel and More ofrece una amplia gama de tours privados en Ginebra y m\u00e1s all\u00e1, proporcionando experiencias inolvidables adaptadas a sus intereses. <\/span><a href=\"https:\/\/tourtravelandmore.com\/es\/ciudad\/suiza-es\/ginebra\/\"><span style=\"font-weight: 400;\">Explore nuestra amplia lista de tours en nuestro sitio web.<\/span><\/a><\/p>\n","protected":false},"excerpt":{"rendered":"<p><span style=\"font-weight: 400;\">Sum\u00e9rjase en la cautivadora belleza de Les Diablerets y Montreux en una excursi\u00f3n privada de 10 horas, con gu\u00eda profesional y opciones personalizables para vivir una inolvidable aventura suiza.<\/span><\/p>\n","protected":false},"featured_media":163426,"comment_status":"open","ping_status":"closed","template":"","meta":{"_acf_changed":false},"product_brand":[],"product_cat":[4342,4381],"product_tag":[],"class_list":{"0":"post-163432","1":"product","2":"type-product","3":"status-publish","4":"has-post-thumbnail","6":"product_cat-ginebra","7":"product_cat-todos-los-tours-y-actividades-privadas-es-3","9":"first","10":"instock","11":"shipping-taxable","12":"purchasable","13":"product-type-simple"},"acf":[],"yoast_head":"<!-- This site is optimized with the Yoast SEO Premium plugin v25.3.1 (Yoast SEO v25.3.1) - https:\/\/yoast.com\/wordpress\/plugins\/seo\/ -->\n<title>\u27a1\ufe0f Tour privado a Les Diablerets y Montreux con Tour Travel and More<\/title>\n<meta name=\"description\" content=\"Descubra las joyas suizas de Les Diablerets y Montreux en un tour privado de 10 horas, adaptado a sus intereses. \u00a1Visite id\u00edlicos pueblos alpinos y el Glaciar 3000 opcional! \u2705\" \/>\n<meta name=\"robots\" content=\"index, follow, max-snippet:-1, max-image-preview:large, max-video-preview:-1\" \/>\n<link rel=\"canonical\" href=\"https:\/\/tourtravelandmore.com\/es\/tours\/suiza-es\/ginebra\/todos-los-tours-y-actividades-privadas-es-3\/excursion-privada-a-les-diablerets-y-montreux\/\" \/>\n<meta property=\"og:locale\" content=\"es_ES\" \/>\n<meta property=\"og:type\" content=\"article\" \/>\n<meta property=\"og:title\" content=\"Excursi\u00f3n privada a Les Diablerets y Montreux\" \/>\n<meta property=\"og:description\" content=\"Descubra las joyas suizas de Les Diablerets y Montreux en un tour privado de 10 horas, adaptado a sus intereses. \u00a1Visite id\u00edlicos pueblos alpinos y el Glaciar 3000 opcional! \u2705\" \/>\n<meta property=\"og:url\" content=\"https:\/\/tourtravelandmore.com\/es\/tours\/suiza-es\/ginebra\/todos-los-tours-y-actividades-privadas-es-3\/excursion-privada-a-les-diablerets-y-montreux\/\" \/>\n<meta property=\"og:site_name\" content=\"Tour Travel And More\" \/>\n<meta property=\"article:publisher\" content=\"https:\/\/www.facebook.com\/tourtravelandmore\/\" \/>\n<meta property=\"article:modified_time\" content=\"2023-04-22T03:37:20+00:00\" \/>\n<meta property=\"og:image\" content=\"https:\/\/tourtravelandmore.com\/wp-content\/uploads\/2023\/04\/image4-11.jpg\" \/>\n\t<meta property=\"og:image:width\" content=\"950\" \/>\n\t<meta property=\"og:image:height\" content=\"750\" \/>\n\t<meta property=\"og:image:type\" content=\"image\/jpeg\" \/>\n<meta name=\"twitter:card\" content=\"summary_large_image\" \/>\n<meta name=\"twitter:site\" content=\"@TourTravel_More\" \/>\n<meta name=\"twitter:label1\" content=\"Tiempo de lectura\" \/>\n\t<meta name=\"twitter:data1\" content=\"4 minutos\" \/>\n<script type=\"application\/ld+json\" class=\"yoast-schema-graph\">{\"@context\":\"https:\/\/schema.org\",\"@graph\":[{\"@type\":\"WebPage\",\"@id\":\"https:\/\/tourtravelandmore.com\/es\/tours\/suiza-es\/ginebra\/todos-los-tours-y-actividades-privadas-es-3\/excursion-privada-a-les-diablerets-y-montreux\/\",\"url\":\"https:\/\/tourtravelandmore.com\/es\/tours\/suiza-es\/ginebra\/todos-los-tours-y-actividades-privadas-es-3\/excursion-privada-a-les-diablerets-y-montreux\/\",\"name\":\"\u27a1\ufe0f Tour privado a Les Diablerets y Montreux con Tour Travel and More\",\"isPartOf\":{\"@id\":\"https:\/\/tourtravelandmore.com\/es\/#website\"},\"primaryImageOfPage\":{\"@id\":\"https:\/\/tourtravelandmore.com\/es\/tours\/suiza-es\/ginebra\/todos-los-tours-y-actividades-privadas-es-3\/excursion-privada-a-les-diablerets-y-montreux\/#primaryimage\"},\"image\":{\"@id\":\"https:\/\/tourtravelandmore.com\/es\/tours\/suiza-es\/ginebra\/todos-los-tours-y-actividades-privadas-es-3\/excursion-privada-a-les-diablerets-y-montreux\/#primaryimage\"},\"thumbnailUrl\":\"https:\/\/tourtravelandmore.com\/wp-content\/uploads\/2023\/04\/image4-11.jpg\",\"datePublished\":\"2023-04-22T01:52:58+00:00\",\"dateModified\":\"2023-04-22T03:37:20+00:00\",\"description\":\"Descubra las joyas suizas de Les Diablerets y Montreux en un tour privado de 10 horas, adaptado a sus intereses. \u00a1Visite id\u00edlicos pueblos alpinos y el Glaciar 3000 opcional! \u2705\",\"breadcrumb\":{\"@id\":\"https:\/\/tourtravelandmore.com\/es\/tours\/suiza-es\/ginebra\/todos-los-tours-y-actividades-privadas-es-3\/excursion-privada-a-les-diablerets-y-montreux\/#breadcrumb\"},\"inLanguage\":\"es\",\"potentialAction\":[{\"@type\":\"ReadAction\",\"target\":[\"https:\/\/tourtravelandmore.com\/es\/tours\/suiza-es\/ginebra\/todos-los-tours-y-actividades-privadas-es-3\/excursion-privada-a-les-diablerets-y-montreux\/\"]}]},{\"@type\":\"ImageObject\",\"inLanguage\":\"es\",\"@id\":\"https:\/\/tourtravelandmore.com\/es\/tours\/suiza-es\/ginebra\/todos-los-tours-y-actividades-privadas-es-3\/excursion-privada-a-les-diablerets-y-montreux\/#primaryimage\",\"url\":\"https:\/\/tourtravelandmore.com\/wp-content\/uploads\/2023\/04\/image4-11.jpg\",\"contentUrl\":\"https:\/\/tourtravelandmore.com\/wp-content\/uploads\/2023\/04\/image4-11.jpg\",\"width\":950,\"height\":750},{\"@type\":\"BreadcrumbList\",\"@id\":\"https:\/\/tourtravelandmore.com\/es\/tours\/suiza-es\/ginebra\/todos-los-tours-y-actividades-privadas-es-3\/excursion-privada-a-les-diablerets-y-montreux\/#breadcrumb\",\"itemListElement\":[{\"@type\":\"ListItem\",\"position\":1,\"name\":\"Home\",\"item\":\"https:\/\/tourtravelandmore.com\/es\/\"},{\"@type\":\"ListItem\",\"position\":2,\"name\":\"Tours\",\"item\":\"https:\/\/tourtravelandmore.com\/es\/tours\/\"},{\"@type\":\"ListItem\",\"position\":3,\"name\":\"Excursi\u00f3n privada a Les Diablerets y Montreux\"}]},{\"@type\":\"WebSite\",\"@id\":\"https:\/\/tourtravelandmore.com\/es\/#website\",\"url\":\"https:\/\/tourtravelandmore.com\/es\/\",\"name\":\"Tour Travel And More\",\"description\":\"Private sightseeing tours and luxury transfers in Spain\",\"publisher\":{\"@id\":\"https:\/\/tourtravelandmore.com\/es\/#organization\"},\"potentialAction\":[{\"@type\":\"SearchAction\",\"target\":{\"@type\":\"EntryPoint\",\"urlTemplate\":\"https:\/\/tourtravelandmore.com\/es\/?s={search_term_string}\"},\"query-input\":{\"@type\":\"PropertyValueSpecification\",\"valueRequired\":true,\"valueName\":\"search_term_string\"}}],\"inLanguage\":\"es\"},{\"@type\":\"Organization\",\"@id\":\"https:\/\/tourtravelandmore.com\/es\/#organization\",\"name\":\"Tour Travel And More\",\"url\":\"https:\/\/tourtravelandmore.com\/es\/\",\"logo\":{\"@type\":\"ImageObject\",\"inLanguage\":\"es\",\"@id\":\"https:\/\/tourtravelandmore.com\/es\/#\/schema\/logo\/image\/\",\"url\":\"https:\/\/tourtravelandmore.com\/wp-content\/uploads\/2022\/12\/cropped-logo-cabecera-new.png\",\"contentUrl\":\"https:\/\/tourtravelandmore.com\/wp-content\/uploads\/2022\/12\/cropped-logo-cabecera-new.png\",\"width\":430,\"height\":61,\"caption\":\"Tour Travel And More\"},\"image\":{\"@id\":\"https:\/\/tourtravelandmore.com\/es\/#\/schema\/logo\/image\/\"},\"sameAs\":[\"https:\/\/www.facebook.com\/tourtravelandmore\/\",\"https:\/\/x.com\/TourTravel_More\"]}]}<\/script>\n<!-- \/ Yoast SEO Premium plugin. -->","yoast_head_json":{"title":"\u27a1\ufe0f Tour privado a Les Diablerets y Montreux con Tour Travel and More","description":"Descubra las joyas suizas de Les Diablerets y Montreux en un tour privado de 10 horas, adaptado a sus intereses. \u00a1Visite id\u00edlicos pueblos alpinos y el Glaciar 3000 opcional! \u2705","robots":{"index":"index","follow":"follow","max-snippet":"max-snippet:-1","max-image-preview":"max-image-preview:large","max-video-preview":"max-video-preview:-1"},"canonical":"https:\/\/tourtravelandmore.com\/es\/tours\/suiza-es\/ginebra\/todos-los-tours-y-actividades-privadas-es-3\/excursion-privada-a-les-diablerets-y-montreux\/","og_locale":"es_ES","og_type":"article","og_title":"Excursi\u00f3n privada a Les Diablerets y Montreux","og_description":"Descubra las joyas suizas de Les Diablerets y Montreux en un tour privado de 10 horas, adaptado a sus intereses. \u00a1Visite id\u00edlicos pueblos alpinos y el Glaciar 3000 opcional! \u2705","og_url":"https:\/\/tourtravelandmore.com\/es\/tours\/suiza-es\/ginebra\/todos-los-tours-y-actividades-privadas-es-3\/excursion-privada-a-les-diablerets-y-montreux\/","og_site_name":"Tour Travel And More","article_publisher":"https:\/\/www.facebook.com\/tourtravelandmore\/","article_modified_time":"2023-04-22T03:37:20+00:00","og_image":[{"width":950,"height":750,"url":"https:\/\/tourtravelandmore.com\/wp-content\/uploads\/2023\/04\/image4-11.jpg","type":"image\/jpeg"}],"twitter_card":"summary_large_image","twitter_site":"@TourTravel_More","twitter_misc":{"Tiempo de lectura":"4 minutos"},"schema":{"@context":"https:\/\/schema.org","@graph":[{"@type":"WebPage","@id":"https:\/\/tourtravelandmore.com\/es\/tours\/suiza-es\/ginebra\/todos-los-tours-y-actividades-privadas-es-3\/excursion-privada-a-les-diablerets-y-montreux\/","url":"https:\/\/tourtravelandmore.com\/es\/tours\/suiza-es\/ginebra\/todos-los-tours-y-actividades-privadas-es-3\/excursion-privada-a-les-diablerets-y-montreux\/","name":"\u27a1\ufe0f Tour privado a Les Diablerets y Montreux con Tour Travel and More","isPartOf":{"@id":"https:\/\/tourtravelandmore.com\/es\/#website"},"primaryImageOfPage":{"@id":"https:\/\/tourtravelandmore.com\/es\/tours\/suiza-es\/ginebra\/todos-los-tours-y-actividades-privadas-es-3\/excursion-privada-a-les-diablerets-y-montreux\/#primaryimage"},"image":{"@id":"https:\/\/tourtravelandmore.com\/es\/tours\/suiza-es\/ginebra\/todos-los-tours-y-actividades-privadas-es-3\/excursion-privada-a-les-diablerets-y-montreux\/#primaryimage"},"thumbnailUrl":"https:\/\/tourtravelandmore.com\/wp-content\/uploads\/2023\/04\/image4-11.jpg","datePublished":"2023-04-22T01:52:58+00:00","dateModified":"2023-04-22T03:37:20+00:00","description":"Descubra las joyas suizas de Les Diablerets y Montreux en un tour privado de 10 horas, adaptado a sus intereses. \u00a1Visite id\u00edlicos pueblos alpinos y el Glaciar 3000 opcional! \u2705","breadcrumb":{"@id":"https:\/\/tourtravelandmore.com\/es\/tours\/suiza-es\/ginebra\/todos-los-tours-y-actividades-privadas-es-3\/excursion-privada-a-les-diablerets-y-montreux\/#breadcrumb"},"inLanguage":"es","potentialAction":[{"@type":"ReadAction","target":["https:\/\/tourtravelandmore.com\/es\/tours\/suiza-es\/ginebra\/todos-los-tours-y-actividades-privadas-es-3\/excursion-privada-a-les-diablerets-y-montreux\/"]}]},{"@type":"ImageObject","inLanguage":"es","@id":"https:\/\/tourtravelandmore.com\/es\/tours\/suiza-es\/ginebra\/todos-los-tours-y-actividades-privadas-es-3\/excursion-privada-a-les-diablerets-y-montreux\/#primaryimage","url":"https:\/\/tourtravelandmore.com\/wp-content\/uploads\/2023\/04\/image4-11.jpg","contentUrl":"https:\/\/tourtravelandmore.com\/wp-content\/uploads\/2023\/04\/image4-11.jpg","width":950,"height":750},{"@type":"BreadcrumbList","@id":"https:\/\/tourtravelandmore.com\/es\/tours\/suiza-es\/ginebra\/todos-los-tours-y-actividades-privadas-es-3\/excursion-privada-a-les-diablerets-y-montreux\/#breadcrumb","itemListElement":[{"@type":"ListItem","position":1,"name":"Home","item":"https:\/\/tourtravelandmore.com\/es\/"},{"@type":"ListItem","position":2,"name":"Tours","item":"https:\/\/tourtravelandmore.com\/es\/tours\/"},{"@type":"ListItem","position":3,"name":"Excursi\u00f3n privada a Les Diablerets y Montreux"}]},{"@type":"WebSite","@id":"https:\/\/tourtravelandmore.com\/es\/#website","url":"https:\/\/tourtravelandmore.com\/es\/","name":"Tour Travel And More","description":"Private sightseeing tours and luxury transfers in Spain","publisher":{"@id":"https:\/\/tourtravelandmore.com\/es\/#organization"},"potentialAction":[{"@type":"SearchAction","target":{"@type":"EntryPoint","urlTemplate":"https:\/\/tourtravelandmore.com\/es\/?s={search_term_string}"},"query-input":{"@type":"PropertyValueSpecification","valueRequired":true,"valueName":"search_term_string"}}],"inLanguage":"es"},{"@type":"Organization","@id":"https:\/\/tourtravelandmore.com\/es\/#organization","name":"Tour Travel And More","url":"https:\/\/tourtravelandmore.com\/es\/","logo":{"@type":"ImageObject","inLanguage":"es","@id":"https:\/\/tourtravelandmore.com\/es\/#\/schema\/logo\/image\/","url":"https:\/\/tourtravelandmore.com\/wp-content\/uploads\/2022\/12\/cropped-logo-cabecera-new.png","contentUrl":"https:\/\/tourtravelandmore.com\/wp-content\/uploads\/2022\/12\/cropped-logo-cabecera-new.png","width":430,"height":61,"caption":"Tour Travel And More"},"image":{"@id":"https:\/\/tourtravelandmore.com\/es\/#\/schema\/logo\/image\/"},"sameAs":["https:\/\/www.facebook.com\/tourtravelandmore\/","https:\/\/x.com\/TourTravel_More"]}]}},"_links":{"self":[{"href":"https:\/\/tourtravelandmore.com\/es\/wp-json\/wp\/v2\/product\/163432","targetHints":{"allow":["GET"]}}],"collection":[{"href":"https:\/\/tourtravelandmore.com\/es\/wp-json\/wp\/v2\/product"}],"about":[{"href":"https:\/\/tourtravelandmore.com\/es\/wp-json\/wp\/v2\/types\/product"}],"replies":[{"embeddable":true,"href":"https:\/\/tourtravelandmore.com\/es\/wp-json\/wp\/v2\/comments?post=163432"}],"wp:featuredmedia":[{"embeddable":true,"href":"https:\/\/tourtravelandmore.com\/es\/wp-json\/wp\/v2\/media\/163426"}],"wp:attachment":[{"href":"https:\/\/tourtravelandmore.com\/es\/wp-json\/wp\/v2\/media?parent=163432"}],"wp:term":[{"taxonomy":"product_brand","embeddable":true,"href":"https:\/\/tourtravelandmore.com\/es\/wp-json\/wp\/v2\/product_brand?post=163432"},{"taxonomy":"product_cat","embeddable":true,"href":"https:\/\/tourtravelandmore.com\/es\/wp-json\/wp\/v2\/product_cat?post=163432"},{"taxonomy":"product_tag","embeddable":true,"href":"https:\/\/tourtravelandmore.com\/es\/wp-json\/wp\/v2\/product_tag?post=163432"}],"curies":[{"name":"wp","href":"https:\/\/api.w.org\/{rel}","templated":true}]}}