{"id":163170,"date":"2023-04-21T07:16:35","date_gmt":"2023-04-21T05:16:35","guid":{"rendered":"https:\/\/tourtravelandmore.com\/tours\/sin%20categor\u00eda\/traslado-de-llegada-y-salida-de-ginebra\/"},"modified":"2023-04-22T05:38:11","modified_gmt":"2023-04-22T03:38:11","slug":"traslado-de-llegada-y-salida-de-ginebra","status":"publish","type":"product","link":"https:\/\/tourtravelandmore.com\/es\/tours\/suiza-es\/ginebra\/todos-los-tours-y-actividades-privadas-es-3\/traslado-de-llegada-y-salida-de-ginebra\/","title":{"rendered":"Traslado de Llegada y Salida de Ginebra"},"content":{"rendered":"<h2><b>Traslado de Llegada y Salida Descripci\u00f3n<\/b><\/h2>\n<p><span style=\"font-weight: 400;\">Aseg\u00farese una experiencia perfecta y sin estr\u00e9s al llegar o salir de Ginebra con el servicio de traslado de lujo de Tour Travel and More. Viaje con comodidad y estilo con nuestros veh\u00edculos de lujo, dise\u00f1ados para proporcionar un viaje relajante y agradable a su destino. Nuestros conductores experimentados y profesionales se asegurar\u00e1n de que su traslado sea puntual y eficiente, permiti\u00e9ndole centrarse en aprovechar al m\u00e1ximo su tiempo en esta hermosa ciudad.<\/span><\/p>\n<h2><b>Puntos de inter\u00e9s del traslado de llegada y salida<\/b><\/h2>\n<p><span style=\"font-weight: 400;\">Durante su traslado, tendr\u00e1 la oportunidad de ver algunos de los monumentos y atracciones m\u00e1s emblem\u00e1ticos de Ginebra. Nuestra ruta le llevar\u00e1 por varios lugares de inter\u00e9s populares, ofreci\u00e9ndole una muestra de lo que la ciudad tiene que ofrecer y abri\u00e9ndole el apetito para seguir explor\u00e1ndola.<\/span><\/p>\n<h2><b>Lugares de inter\u00e9s m\u00e1s populares de Ginebra<\/b><\/h2>\n<h3><b>Jet d&#8217;Eau:<\/b><\/h3>\n<p><span style=\"font-weight: 400;\">La ic\u00f3nica fuente de agua es uno de los monumentos m\u00e1s reconocibles de Ginebra. Dispara agua a 140 metros de altura, lo que la ha convertido en un s\u00edmbolo de la ciudad y una visita obligada para los turistas. Con el impresionante tel\u00f3n de fondo del lago Lem\u00e1n y las monta\u00f1as que lo rodean, el Jet d&#8217;Eau ofrece a los visitantes la oportunidad perfecta para capturar la esencia de esta magn\u00edfica ciudad.<\/span><\/p>\n<h3><b>Casco antiguo:<\/b><\/h3>\n<p><span style=\"font-weight: 400;\">El casco antiguo de Ginebra est\u00e1 repleto de encantadoras callejuelas, hermosas plazas e impresionante arquitectura. Explore su rica historia y su vibrante atm\u00f3sfera mientras pasea por este pintoresco distrito. Por el camino, encontrar\u00e1 pintorescas tiendas, acogedores caf\u00e9s y renombradas galer\u00edas de arte, todo ello ubicado en edificios centenarios bien conservados que muestran el diverso patrimonio de la ciudad.<\/span><\/p>\n<h3><b>Catedral de San Pedro:<\/b><\/h3>\n<p><span style=\"font-weight: 400;\">Este importante lugar religioso cuenta con una arquitectura impresionante y una historia fascinante. Suba a la torre para disfrutar de una impresionante vista panor\u00e1mica de Ginebra y sus alrededores. El interior de la catedral ofrece una mezcla \u00fanica de estilos arquitect\u00f3nicos, como el g\u00f3tico, el rom\u00e1nico y el neocl\u00e1sico, que reflejan las diversas influencias que han dado forma a la ciudad a lo largo de los siglos.<\/span><\/p>\n<h3><b>Palacio de las Naciones:<\/b><\/h3>\n<p><span style=\"font-weight: 400;\">Sede de la Oficina de las Naciones Unidas en Ginebra, el Palacio de las Naciones es un testimonio de la importancia internacional de la ciudad. Realice una visita guiada para conocer la labor de la ONU y la historia de este emblem\u00e1tico edificio. Pasee por el hermoso Parque Ariana, que rodea el Palacio de las Naciones, y marav\u00edllese ante las numerosas esculturas y monumentos que celebran la paz y la diplomacia.<\/span><\/p>\n<h3><b>Museo Patek Philippe:<\/b><\/h3>\n<p><span style=\"font-weight: 400;\">Descubra el arte de la relojer\u00eda suiza en este excepcional museo, que muestra la historia del cronometraje y la exquisita artesan\u00eda del relojero m\u00e1s renombrado de Ginebra. Las exposiciones del museo abarcan m\u00e1s de cinco siglos de innovaci\u00f3n relojera, ofreciendo a los visitantes una visi\u00f3n sin igual de la evoluci\u00f3n de la relojer\u00eda y el legado perdurable de las excepcionales creaciones de Patek Philippe.<\/span><\/p>\n<p><b>Descubra m\u00e1s visitas en Ginebr<\/b><span style=\"font-weight: 400;\">a<\/span><\/p>\n<p><span style=\"font-weight: 400;\">\u00bfDesea descubrir lo mejor de Ginebra durante su estancia? Tour Travel and More ofrece una amplia gama de visitas privadas adaptadas a sus intereses y preferencias. <\/span><a href=\"https:\/\/tourtravelandmore.com\/es\/ciudad\/suiza-es\/ginebra\/\"><span style=\"font-weight: 400;\">Visite nuestro sitio web para explorar nuestra amplia selecci\u00f3n de excursiones por Ginebra y encontrar la experiencia perfecta para su pr\u00f3xima aventura.<\/span><\/a><\/p>\n","protected":false},"excerpt":{"rendered":"<p><span style=\"font-weight: 400;\">Experimente el lujo y la comodidad con el servicio de traslado de llegada y salida de Ginebra de Tour Travel and More. Viaje con estilo mientras echa un vistazo a los lugares emblem\u00e1ticos de la ciudad.<\/span><\/p>\n","protected":false},"featured_media":163161,"comment_status":"open","ping_status":"closed","template":"","meta":{"_acf_changed":false},"product_brand":[],"product_cat":[4342,4381,4383],"product_tag":[],"class_list":{"0":"post-163170","1":"product","2":"type-product","3":"status-publish","4":"has-post-thumbnail","6":"product_cat-ginebra","7":"product_cat-todos-los-tours-y-actividades-privadas-es-3","8":"product_cat-traslados-privados-es-4","10":"first","11":"instock","12":"shipping-taxable","13":"purchasable","14":"product-type-simple"},"acf":[],"yoast_head":"<!-- This site is optimized with the Yoast SEO Premium plugin v25.3.1 (Yoast SEO v25.3.1) - https:\/\/yoast.com\/wordpress\/plugins\/seo\/ -->\n<title>\u27a1\ufe0f Traslado de lujo de llegada y salida de Ginebra | Tour Travel and More<\/title>\n<meta name=\"description\" content=\"Disfrute de una experiencia de traslado c\u00f3moda y sin estr\u00e9s en Ginebra con nuestro servicio de llegada y salida de lujo. \u00a1Reserve su traslado sin problemas hoy mismo! \u2705\" \/>\n<meta name=\"robots\" content=\"index, follow, max-snippet:-1, max-image-preview:large, max-video-preview:-1\" \/>\n<link rel=\"canonical\" href=\"https:\/\/tourtravelandmore.com\/es\/tours\/suiza-es\/ginebra\/todos-los-tours-y-actividades-privadas-es-3\/traslado-de-llegada-y-salida-de-ginebra\/\" \/>\n<meta property=\"og:locale\" content=\"es_ES\" \/>\n<meta property=\"og:type\" content=\"article\" \/>\n<meta property=\"og:title\" content=\"Traslado de Llegada y Salida de Ginebra\" \/>\n<meta property=\"og:description\" content=\"Disfrute de una experiencia de traslado c\u00f3moda y sin estr\u00e9s en Ginebra con nuestro servicio de llegada y salida de lujo. \u00a1Reserve su traslado sin problemas hoy mismo! \u2705\" \/>\n<meta property=\"og:url\" content=\"https:\/\/tourtravelandmore.com\/es\/tours\/suiza-es\/ginebra\/todos-los-tours-y-actividades-privadas-es-3\/traslado-de-llegada-y-salida-de-ginebra\/\" \/>\n<meta property=\"og:site_name\" content=\"Tour Travel And More\" \/>\n<meta property=\"article:publisher\" content=\"https:\/\/www.facebook.com\/tourtravelandmore\/\" \/>\n<meta property=\"article:modified_time\" content=\"2023-04-22T03:38:11+00:00\" \/>\n<meta property=\"og:image\" content=\"https:\/\/tourtravelandmore.com\/wp-content\/uploads\/2023\/04\/image3-10.jpg\" \/>\n\t<meta property=\"og:image:width\" content=\"950\" \/>\n\t<meta property=\"og:image:height\" content=\"750\" \/>\n\t<meta property=\"og:image:type\" content=\"image\/jpeg\" \/>\n<meta name=\"twitter:card\" content=\"summary_large_image\" \/>\n<meta name=\"twitter:site\" content=\"@TourTravel_More\" \/>\n<meta name=\"twitter:label1\" content=\"Tiempo de lectura\" \/>\n\t<meta name=\"twitter:data1\" content=\"3 minutos\" \/>\n<script type=\"application\/ld+json\" class=\"yoast-schema-graph\">{\"@context\":\"https:\/\/schema.org\",\"@graph\":[{\"@type\":\"WebPage\",\"@id\":\"https:\/\/tourtravelandmore.com\/es\/tours\/suiza-es\/ginebra\/todos-los-tours-y-actividades-privadas-es-3\/traslado-de-llegada-y-salida-de-ginebra\/\",\"url\":\"https:\/\/tourtravelandmore.com\/es\/tours\/suiza-es\/ginebra\/todos-los-tours-y-actividades-privadas-es-3\/traslado-de-llegada-y-salida-de-ginebra\/\",\"name\":\"\u27a1\ufe0f Traslado de lujo de llegada y salida de Ginebra | Tour Travel and More\",\"isPartOf\":{\"@id\":\"https:\/\/tourtravelandmore.com\/es\/#website\"},\"primaryImageOfPage\":{\"@id\":\"https:\/\/tourtravelandmore.com\/es\/tours\/suiza-es\/ginebra\/todos-los-tours-y-actividades-privadas-es-3\/traslado-de-llegada-y-salida-de-ginebra\/#primaryimage\"},\"image\":{\"@id\":\"https:\/\/tourtravelandmore.com\/es\/tours\/suiza-es\/ginebra\/todos-los-tours-y-actividades-privadas-es-3\/traslado-de-llegada-y-salida-de-ginebra\/#primaryimage\"},\"thumbnailUrl\":\"https:\/\/tourtravelandmore.com\/wp-content\/uploads\/2023\/04\/image3-10.jpg\",\"datePublished\":\"2023-04-21T05:16:35+00:00\",\"dateModified\":\"2023-04-22T03:38:11+00:00\",\"description\":\"Disfrute de una experiencia de traslado c\u00f3moda y sin estr\u00e9s en Ginebra con nuestro servicio de llegada y salida de lujo. \u00a1Reserve su traslado sin problemas hoy mismo! \u2705\",\"breadcrumb\":{\"@id\":\"https:\/\/tourtravelandmore.com\/es\/tours\/suiza-es\/ginebra\/todos-los-tours-y-actividades-privadas-es-3\/traslado-de-llegada-y-salida-de-ginebra\/#breadcrumb\"},\"inLanguage\":\"es\",\"potentialAction\":[{\"@type\":\"ReadAction\",\"target\":[\"https:\/\/tourtravelandmore.com\/es\/tours\/suiza-es\/ginebra\/todos-los-tours-y-actividades-privadas-es-3\/traslado-de-llegada-y-salida-de-ginebra\/\"]}]},{\"@type\":\"ImageObject\",\"inLanguage\":\"es\",\"@id\":\"https:\/\/tourtravelandmore.com\/es\/tours\/suiza-es\/ginebra\/todos-los-tours-y-actividades-privadas-es-3\/traslado-de-llegada-y-salida-de-ginebra\/#primaryimage\",\"url\":\"https:\/\/tourtravelandmore.com\/wp-content\/uploads\/2023\/04\/image3-10.jpg\",\"contentUrl\":\"https:\/\/tourtravelandmore.com\/wp-content\/uploads\/2023\/04\/image3-10.jpg\",\"width\":950,\"height\":750},{\"@type\":\"BreadcrumbList\",\"@id\":\"https:\/\/tourtravelandmore.com\/es\/tours\/suiza-es\/ginebra\/todos-los-tours-y-actividades-privadas-es-3\/traslado-de-llegada-y-salida-de-ginebra\/#breadcrumb\",\"itemListElement\":[{\"@type\":\"ListItem\",\"position\":1,\"name\":\"Home\",\"item\":\"https:\/\/tourtravelandmore.com\/es\/\"},{\"@type\":\"ListItem\",\"position\":2,\"name\":\"Tours\",\"item\":\"https:\/\/tourtravelandmore.com\/es\/tours\/\"},{\"@type\":\"ListItem\",\"position\":3,\"name\":\"Traslado de Llegada y Salida de Ginebra\"}]},{\"@type\":\"WebSite\",\"@id\":\"https:\/\/tourtravelandmore.com\/es\/#website\",\"url\":\"https:\/\/tourtravelandmore.com\/es\/\",\"name\":\"Tour Travel And More\",\"description\":\"Private sightseeing tours and luxury transfers in Spain\",\"publisher\":{\"@id\":\"https:\/\/tourtravelandmore.com\/es\/#organization\"},\"potentialAction\":[{\"@type\":\"SearchAction\",\"target\":{\"@type\":\"EntryPoint\",\"urlTemplate\":\"https:\/\/tourtravelandmore.com\/es\/?s={search_term_string}\"},\"query-input\":{\"@type\":\"PropertyValueSpecification\",\"valueRequired\":true,\"valueName\":\"search_term_string\"}}],\"inLanguage\":\"es\"},{\"@type\":\"Organization\",\"@id\":\"https:\/\/tourtravelandmore.com\/es\/#organization\",\"name\":\"Tour Travel And More\",\"url\":\"https:\/\/tourtravelandmore.com\/es\/\",\"logo\":{\"@type\":\"ImageObject\",\"inLanguage\":\"es\",\"@id\":\"https:\/\/tourtravelandmore.com\/es\/#\/schema\/logo\/image\/\",\"url\":\"https:\/\/tourtravelandmore.com\/wp-content\/uploads\/2022\/12\/cropped-logo-cabecera-new.png\",\"contentUrl\":\"https:\/\/tourtravelandmore.com\/wp-content\/uploads\/2022\/12\/cropped-logo-cabecera-new.png\",\"width\":430,\"height\":61,\"caption\":\"Tour Travel And More\"},\"image\":{\"@id\":\"https:\/\/tourtravelandmore.com\/es\/#\/schema\/logo\/image\/\"},\"sameAs\":[\"https:\/\/www.facebook.com\/tourtravelandmore\/\",\"https:\/\/x.com\/TourTravel_More\"]}]}<\/script>\n<!-- \/ Yoast SEO Premium plugin. -->","yoast_head_json":{"title":"\u27a1\ufe0f Traslado de lujo de llegada y salida de Ginebra | Tour Travel and More","description":"Disfrute de una experiencia de traslado c\u00f3moda y sin estr\u00e9s en Ginebra con nuestro servicio de llegada y salida de lujo. \u00a1Reserve su traslado sin problemas hoy mismo! \u2705","robots":{"index":"index","follow":"follow","max-snippet":"max-snippet:-1","max-image-preview":"max-image-preview:large","max-video-preview":"max-video-preview:-1"},"canonical":"https:\/\/tourtravelandmore.com\/es\/tours\/suiza-es\/ginebra\/todos-los-tours-y-actividades-privadas-es-3\/traslado-de-llegada-y-salida-de-ginebra\/","og_locale":"es_ES","og_type":"article","og_title":"Traslado de Llegada y Salida de Ginebra","og_description":"Disfrute de una experiencia de traslado c\u00f3moda y sin estr\u00e9s en Ginebra con nuestro servicio de llegada y salida de lujo. \u00a1Reserve su traslado sin problemas hoy mismo! \u2705","og_url":"https:\/\/tourtravelandmore.com\/es\/tours\/suiza-es\/ginebra\/todos-los-tours-y-actividades-privadas-es-3\/traslado-de-llegada-y-salida-de-ginebra\/","og_site_name":"Tour Travel And More","article_publisher":"https:\/\/www.facebook.com\/tourtravelandmore\/","article_modified_time":"2023-04-22T03:38:11+00:00","og_image":[{"width":950,"height":750,"url":"https:\/\/tourtravelandmore.com\/wp-content\/uploads\/2023\/04\/image3-10.jpg","type":"image\/jpeg"}],"twitter_card":"summary_large_image","twitter_site":"@TourTravel_More","twitter_misc":{"Tiempo de lectura":"3 minutos"},"schema":{"@context":"https:\/\/schema.org","@graph":[{"@type":"WebPage","@id":"https:\/\/tourtravelandmore.com\/es\/tours\/suiza-es\/ginebra\/todos-los-tours-y-actividades-privadas-es-3\/traslado-de-llegada-y-salida-de-ginebra\/","url":"https:\/\/tourtravelandmore.com\/es\/tours\/suiza-es\/ginebra\/todos-los-tours-y-actividades-privadas-es-3\/traslado-de-llegada-y-salida-de-ginebra\/","name":"\u27a1\ufe0f Traslado de lujo de llegada y salida de Ginebra | Tour Travel and More","isPartOf":{"@id":"https:\/\/tourtravelandmore.com\/es\/#website"},"primaryImageOfPage":{"@id":"https:\/\/tourtravelandmore.com\/es\/tours\/suiza-es\/ginebra\/todos-los-tours-y-actividades-privadas-es-3\/traslado-de-llegada-y-salida-de-ginebra\/#primaryimage"},"image":{"@id":"https:\/\/tourtravelandmore.com\/es\/tours\/suiza-es\/ginebra\/todos-los-tours-y-actividades-privadas-es-3\/traslado-de-llegada-y-salida-de-ginebra\/#primaryimage"},"thumbnailUrl":"https:\/\/tourtravelandmore.com\/wp-content\/uploads\/2023\/04\/image3-10.jpg","datePublished":"2023-04-21T05:16:35+00:00","dateModified":"2023-04-22T03:38:11+00:00","description":"Disfrute de una experiencia de traslado c\u00f3moda y sin estr\u00e9s en Ginebra con nuestro servicio de llegada y salida de lujo. \u00a1Reserve su traslado sin problemas hoy mismo! \u2705","breadcrumb":{"@id":"https:\/\/tourtravelandmore.com\/es\/tours\/suiza-es\/ginebra\/todos-los-tours-y-actividades-privadas-es-3\/traslado-de-llegada-y-salida-de-ginebra\/#breadcrumb"},"inLanguage":"es","potentialAction":[{"@type":"ReadAction","target":["https:\/\/tourtravelandmore.com\/es\/tours\/suiza-es\/ginebra\/todos-los-tours-y-actividades-privadas-es-3\/traslado-de-llegada-y-salida-de-ginebra\/"]}]},{"@type":"ImageObject","inLanguage":"es","@id":"https:\/\/tourtravelandmore.com\/es\/tours\/suiza-es\/ginebra\/todos-los-tours-y-actividades-privadas-es-3\/traslado-de-llegada-y-salida-de-ginebra\/#primaryimage","url":"https:\/\/tourtravelandmore.com\/wp-content\/uploads\/2023\/04\/image3-10.jpg","contentUrl":"https:\/\/tourtravelandmore.com\/wp-content\/uploads\/2023\/04\/image3-10.jpg","width":950,"height":750},{"@type":"BreadcrumbList","@id":"https:\/\/tourtravelandmore.com\/es\/tours\/suiza-es\/ginebra\/todos-los-tours-y-actividades-privadas-es-3\/traslado-de-llegada-y-salida-de-ginebra\/#breadcrumb","itemListElement":[{"@type":"ListItem","position":1,"name":"Home","item":"https:\/\/tourtravelandmore.com\/es\/"},{"@type":"ListItem","position":2,"name":"Tours","item":"https:\/\/tourtravelandmore.com\/es\/tours\/"},{"@type":"ListItem","position":3,"name":"Traslado de Llegada y Salida de Ginebra"}]},{"@type":"WebSite","@id":"https:\/\/tourtravelandmore.com\/es\/#website","url":"https:\/\/tourtravelandmore.com\/es\/","name":"Tour Travel And More","description":"Private sightseeing tours and luxury transfers in Spain","publisher":{"@id":"https:\/\/tourtravelandmore.com\/es\/#organization"},"potentialAction":[{"@type":"SearchAction","target":{"@type":"EntryPoint","urlTemplate":"https:\/\/tourtravelandmore.com\/es\/?s={search_term_string}"},"query-input":{"@type":"PropertyValueSpecification","valueRequired":true,"valueName":"search_term_string"}}],"inLanguage":"es"},{"@type":"Organization","@id":"https:\/\/tourtravelandmore.com\/es\/#organization","name":"Tour Travel And More","url":"https:\/\/tourtravelandmore.com\/es\/","logo":{"@type":"ImageObject","inLanguage":"es","@id":"https:\/\/tourtravelandmore.com\/es\/#\/schema\/logo\/image\/","url":"https:\/\/tourtravelandmore.com\/wp-content\/uploads\/2022\/12\/cropped-logo-cabecera-new.png","contentUrl":"https:\/\/tourtravelandmore.com\/wp-content\/uploads\/2022\/12\/cropped-logo-cabecera-new.png","width":430,"height":61,"caption":"Tour Travel And More"},"image":{"@id":"https:\/\/tourtravelandmore.com\/es\/#\/schema\/logo\/image\/"},"sameAs":["https:\/\/www.facebook.com\/tourtravelandmore\/","https:\/\/x.com\/TourTravel_More"]}]}},"_links":{"self":[{"href":"https:\/\/tourtravelandmore.com\/es\/wp-json\/wp\/v2\/product\/163170","targetHints":{"allow":["GET"]}}],"collection":[{"href":"https:\/\/tourtravelandmore.com\/es\/wp-json\/wp\/v2\/product"}],"about":[{"href":"https:\/\/tourtravelandmore.com\/es\/wp-json\/wp\/v2\/types\/product"}],"replies":[{"embeddable":true,"href":"https:\/\/tourtravelandmore.com\/es\/wp-json\/wp\/v2\/comments?post=163170"}],"wp:featuredmedia":[{"embeddable":true,"href":"https:\/\/tourtravelandmore.com\/es\/wp-json\/wp\/v2\/media\/163161"}],"wp:attachment":[{"href":"https:\/\/tourtravelandmore.com\/es\/wp-json\/wp\/v2\/media?parent=163170"}],"wp:term":[{"taxonomy":"product_brand","embeddable":true,"href":"https:\/\/tourtravelandmore.com\/es\/wp-json\/wp\/v2\/product_brand?post=163170"},{"taxonomy":"product_cat","embeddable":true,"href":"https:\/\/tourtravelandmore.com\/es\/wp-json\/wp\/v2\/product_cat?post=163170"},{"taxonomy":"product_tag","embeddable":true,"href":"https:\/\/tourtravelandmore.com\/es\/wp-json\/wp\/v2\/product_tag?post=163170"}],"curies":[{"name":"wp","href":"https:\/\/api.w.org\/{rel}","templated":true}]}}