{"id":163039,"date":"2023-04-20T18:50:46","date_gmt":"2023-04-20T16:50:49","guid":{"rendered":"https:\/\/tourtravelandmore.com\/?post_type=product&#038;p=163039"},"modified":"2024-08-21T17:24:35","modified_gmt":"2024-08-21T15:24:35","slug":"tour-privado-capri-sorrento-y-pompeya-desde-la-terminal-de-cruceros","status":"publish","type":"product","link":"https:\/\/tourtravelandmore.com\/es\/tours\/italia-es\/napoles-pompeya-es\/tour-privado-capri-sorrento-y-pompeya-desde-la-terminal-de-cruceros\/","title":{"rendered":"Tour privado Capri, Sorrento y Pompeya desde la Terminal de Cruceros"},"content":{"rendered":"<h2><b>Descripci\u00f3n del Tour Privado:<\/b><\/h2>\n<p>Emb\u00e1rquese en un impresionante viaje a trav\u00e9s de los hipnotizantes paisajes de Capri, Sorrento y Pompeya con nuestro <b><strong>Tour Privado Capri, Sorrento y Pompeya desde la Terminal de Cruceros<\/strong><\/b>. Esta excursi\u00f3n de 8 horas meticulosamente elaborada promete una exploraci\u00f3n inolvidable de estos ic\u00f3nicos destinos italianos.<\/p>\n<p>A lo largo de la excursi\u00f3n, benef\u00edciese de los conocimientos y experiencia de nuestro <b><strong>experimentado gu\u00eda<\/strong><\/b>, que le proporcionar\u00e1 fascinantes comentarios y an\u00e9cdotas, dando vida a cada destino con contexto hist\u00f3rico y significado cultural.<\/p>\n<p>Rel\u00e1jese y descanse mientras viaja c\u00f3modamente entre los destinos, con <b><strong>4 horas de transporte en veh\u00edculo<\/strong><\/b> privado incluidas para su comodidad. De <b><strong>Sorrento<\/strong><\/b> a <b><strong>Pompeya<\/strong><\/b> y de vuelta a <b><strong>N\u00e1poles,<\/strong><\/b> nuestro conductor profesional le garantiza un viaje tranquilo y sin complicaciones.<\/p>\n<p>Su paquete tur\u00edstico incluye todos los servicios esenciales, incluidos los <b><strong>billetes de<\/strong><\/b> ida y vuelta <b><strong>en ferry<\/strong><\/b> a <b><strong>Capri, la<\/strong><\/b> entrada a <b><strong>Pompeya<\/strong><\/b> y los traslados necesarios, dej\u00e1ndole libre para centrarse en empaparse de la belleza y el patrimonio de estos emblem\u00e1ticos lugares italianos.<\/p>\n<h2><b>Puntos de inter\u00e9s<\/b><\/h2>\n<p>Comience su aventura reuni\u00e9ndose con su gu\u00eda tur\u00edstico en el puerto de cruceros de N\u00e1poles. A continuaci\u00f3n, embarcar\u00e1 en un ferry desde la <b><strong>terminal de cruceros de N\u00e1poles<\/strong><\/b> hacia la encantadora isla de <b><strong>Capri.<\/strong><\/b> A su llegada, suba a la pintoresca ciudad utilizando el emblem\u00e1tico funicular, que ofrece vistas panor\u00e1micas de la impresionante costa.<\/p>\n<p>Tras su escapada <b><strong>a Capri<\/strong><\/b>, regrese a tierra firme en ferry y llegue a la encantadora ciudad portuaria de <b><strong>Sorrento.<\/strong><\/b> Disfrute de un tranquilo trayecto en taxi desde el puerto hasta el coraz\u00f3n de Sorrento <b><strong>,<\/strong><\/b> donde se embarcar\u00e1 en un cautivador recorrido a pie por sus sinuosas calles, adornadas con pintorescas tiendas y vibrantes caf\u00e9s.<\/p>\n<p>Tras sumergirse en la belleza de Sorrento, suba a bordo de un veh\u00edculo privado para realizar un pintoresco recorrido hasta las antiguas ruinas de <b><strong>Pompeya.<\/strong><\/b> Conducido por nuestro gu\u00eda experto, ad\u00e9ntrese en la rica historia de este lugar <b><strong>declarado Patrimonio de la Humanidad por la<\/strong><\/b> UNESCO mientras explora sus calles, villas y anfiteatros notablemente conservados y congelados en el tiempo por la erupci\u00f3n del <b><strong>Vesubio.<\/strong><\/b><\/p>\n<p>Al concluir la excursi\u00f3n, nuestros hu\u00e9spedes ser\u00e1n acompa\u00f1ados con seguridad de vuelta a la terminal de cruceros de N\u00e1poles, marcando el final de una enriquecedora y memorable exploraci\u00f3n de Capri, Sorrento y Pompeya.<\/p>\n<p>P\u00f3ngase en contacto con nosotros en Tour Travel &amp; More para reservar su plaza en esta inolvidable aventura. <a href=\"https:\/\/tourtravelandmore.com\/es\/ciudad\/italia-es\/napoles-pompeya-es\/\">\u00a1Su viaje por la costa italiana le espera!<\/a><\/p>\n<p><em>nota: El tour comienza a las 8:00 am en el puerto de N\u00e1poles, s\u00f3lo este horario est\u00e1 disponible.<\/em><\/p>\n","protected":false},"excerpt":{"rendered":"<p><span style=\"font-weight: 400;\">Descubra las encantadoras ciudades de Capri y Sorrento y las maravillas hist\u00f3ricas de Pompeya en nuestra completa excursi\u00f3n privada de 8 horas desde la Terminal de Cruceros. Con gu\u00edas profesionales, transporte incluido y almuerzo, este tour promete una mezcla de belleza esc\u00e9nica y exploraci\u00f3n hist\u00f3rica.<\/span><\/p>\n","protected":false},"featured_media":163068,"comment_status":"open","ping_status":"closed","template":"","meta":{"_acf_changed":false},"product_brand":[],"product_cat":[463,467,468,556],"product_tag":[],"class_list":{"0":"post-163039","1":"product","2":"type-product","3":"status-publish","4":"has-post-thumbnail","6":"product_cat-napoles-pompeya-es","7":"product_cat-napoles-pompeya-actividades-es","8":"product_cat-napoles-pompeya-rutas-turisticas-privadas-es","9":"product_cat-napoles-pompeya-excursiones-privadas-cruceros-es","11":"first","12":"instock","13":"shipping-taxable","14":"purchasable","15":"product-type-simple"},"acf":[],"yoast_head":"<!-- This site is optimized with the Yoast SEO Premium plugin v25.3.1 (Yoast SEO v25.3.1) - https:\/\/yoast.com\/wordpress\/plugins\/seo\/ -->\n<title>Tour Privado de Capri, Sorrento y Pompeya: Un d\u00eda de encanto costero y descubrimiento hist\u00f3rico<\/title>\n<meta name=\"description\" content=\"\u00danase a nuestro exclusivo tour privado de 8 horas desde la Terminal de Cruceros a Capri, Sorrento y Pompeya. Experimente la belleza de la costa italiana y las antiguas ruinas de Pompeya \u2705\" \/>\n<meta name=\"robots\" content=\"index, follow, max-snippet:-1, max-image-preview:large, max-video-preview:-1\" \/>\n<link rel=\"canonical\" href=\"https:\/\/tourtravelandmore.com\/es\/tours\/italia-es\/napoles-pompeya-es\/tour-privado-capri-sorrento-y-pompeya-desde-la-terminal-de-cruceros\/\" \/>\n<meta property=\"og:locale\" content=\"es_ES\" \/>\n<meta property=\"og:type\" content=\"article\" \/>\n<meta property=\"og:title\" content=\"Tour privado Capri, Sorrento y Pompeya desde la Terminal de Cruceros\" \/>\n<meta property=\"og:description\" content=\"\u00danase a nuestro exclusivo tour privado de 8 horas desde la Terminal de Cruceros a Capri, Sorrento y Pompeya. Experimente la belleza de la costa italiana y las antiguas ruinas de Pompeya \u2705\" \/>\n<meta property=\"og:url\" content=\"https:\/\/tourtravelandmore.com\/es\/tours\/italia-es\/napoles-pompeya-es\/tour-privado-capri-sorrento-y-pompeya-desde-la-terminal-de-cruceros\/\" \/>\n<meta property=\"og:site_name\" content=\"Tour Travel And More\" \/>\n<meta property=\"article:publisher\" content=\"https:\/\/www.facebook.com\/tourtravelandmore\/\" \/>\n<meta property=\"article:modified_time\" content=\"2024-08-21T15:24:35+00:00\" \/>\n<meta property=\"og:image\" content=\"https:\/\/tourtravelandmore.com\/wp-content\/uploads\/2023\/04\/pexels-cristian-salinas-cisternas-7535541-scaled.jpg\" \/>\n\t<meta property=\"og:image:width\" content=\"2560\" \/>\n\t<meta property=\"og:image:height\" content=\"1714\" \/>\n\t<meta property=\"og:image:type\" content=\"image\/jpeg\" \/>\n<meta name=\"twitter:card\" content=\"summary_large_image\" \/>\n<meta name=\"twitter:site\" content=\"@TourTravel_More\" \/>\n<meta name=\"twitter:label1\" content=\"Tiempo de lectura\" \/>\n\t<meta name=\"twitter:data1\" content=\"3 minutos\" \/>\n<script type=\"application\/ld+json\" class=\"yoast-schema-graph\">{\"@context\":\"https:\/\/schema.org\",\"@graph\":[{\"@type\":\"WebPage\",\"@id\":\"https:\/\/tourtravelandmore.com\/es\/tours\/italia-es\/napoles-pompeya-es\/tour-privado-capri-sorrento-y-pompeya-desde-la-terminal-de-cruceros\/\",\"url\":\"https:\/\/tourtravelandmore.com\/es\/tours\/italia-es\/napoles-pompeya-es\/tour-privado-capri-sorrento-y-pompeya-desde-la-terminal-de-cruceros\/\",\"name\":\"Tour Privado de Capri, Sorrento y Pompeya: Un d\u00eda de encanto costero y descubrimiento hist\u00f3rico\",\"isPartOf\":{\"@id\":\"https:\/\/tourtravelandmore.com\/es\/#website\"},\"primaryImageOfPage\":{\"@id\":\"https:\/\/tourtravelandmore.com\/es\/tours\/italia-es\/napoles-pompeya-es\/tour-privado-capri-sorrento-y-pompeya-desde-la-terminal-de-cruceros\/#primaryimage\"},\"image\":{\"@id\":\"https:\/\/tourtravelandmore.com\/es\/tours\/italia-es\/napoles-pompeya-es\/tour-privado-capri-sorrento-y-pompeya-desde-la-terminal-de-cruceros\/#primaryimage\"},\"thumbnailUrl\":\"https:\/\/tourtravelandmore.com\/wp-content\/uploads\/2023\/04\/pexels-cristian-salinas-cisternas-7535541-scaled.jpg\",\"datePublished\":\"2023-04-20T16:50:49+00:00\",\"dateModified\":\"2024-08-21T15:24:35+00:00\",\"description\":\"\u00danase a nuestro exclusivo tour privado de 8 horas desde la Terminal de Cruceros a Capri, Sorrento y Pompeya. Experimente la belleza de la costa italiana y las antiguas ruinas de Pompeya \u2705\",\"breadcrumb\":{\"@id\":\"https:\/\/tourtravelandmore.com\/es\/tours\/italia-es\/napoles-pompeya-es\/tour-privado-capri-sorrento-y-pompeya-desde-la-terminal-de-cruceros\/#breadcrumb\"},\"inLanguage\":\"es\",\"potentialAction\":[{\"@type\":\"ReadAction\",\"target\":[\"https:\/\/tourtravelandmore.com\/es\/tours\/italia-es\/napoles-pompeya-es\/tour-privado-capri-sorrento-y-pompeya-desde-la-terminal-de-cruceros\/\"]}]},{\"@type\":\"ImageObject\",\"inLanguage\":\"es\",\"@id\":\"https:\/\/tourtravelandmore.com\/es\/tours\/italia-es\/napoles-pompeya-es\/tour-privado-capri-sorrento-y-pompeya-desde-la-terminal-de-cruceros\/#primaryimage\",\"url\":\"https:\/\/tourtravelandmore.com\/wp-content\/uploads\/2023\/04\/pexels-cristian-salinas-cisternas-7535541-scaled.jpg\",\"contentUrl\":\"https:\/\/tourtravelandmore.com\/wp-content\/uploads\/2023\/04\/pexels-cristian-salinas-cisternas-7535541-scaled.jpg\",\"width\":2560,\"height\":1714},{\"@type\":\"BreadcrumbList\",\"@id\":\"https:\/\/tourtravelandmore.com\/es\/tours\/italia-es\/napoles-pompeya-es\/tour-privado-capri-sorrento-y-pompeya-desde-la-terminal-de-cruceros\/#breadcrumb\",\"itemListElement\":[{\"@type\":\"ListItem\",\"position\":1,\"name\":\"Home\",\"item\":\"https:\/\/tourtravelandmore.com\/es\/\"},{\"@type\":\"ListItem\",\"position\":2,\"name\":\"Tours\",\"item\":\"https:\/\/tourtravelandmore.com\/es\/tours\/\"},{\"@type\":\"ListItem\",\"position\":3,\"name\":\"Tour privado Capri, Sorrento y Pompeya desde la Terminal de Cruceros\"}]},{\"@type\":\"WebSite\",\"@id\":\"https:\/\/tourtravelandmore.com\/es\/#website\",\"url\":\"https:\/\/tourtravelandmore.com\/es\/\",\"name\":\"Tour Travel And More\",\"description\":\"Private sightseeing tours and luxury transfers in Spain\",\"publisher\":{\"@id\":\"https:\/\/tourtravelandmore.com\/es\/#organization\"},\"potentialAction\":[{\"@type\":\"SearchAction\",\"target\":{\"@type\":\"EntryPoint\",\"urlTemplate\":\"https:\/\/tourtravelandmore.com\/es\/?s={search_term_string}\"},\"query-input\":{\"@type\":\"PropertyValueSpecification\",\"valueRequired\":true,\"valueName\":\"search_term_string\"}}],\"inLanguage\":\"es\"},{\"@type\":\"Organization\",\"@id\":\"https:\/\/tourtravelandmore.com\/es\/#organization\",\"name\":\"Tour Travel And More\",\"url\":\"https:\/\/tourtravelandmore.com\/es\/\",\"logo\":{\"@type\":\"ImageObject\",\"inLanguage\":\"es\",\"@id\":\"https:\/\/tourtravelandmore.com\/es\/#\/schema\/logo\/image\/\",\"url\":\"https:\/\/tourtravelandmore.com\/wp-content\/uploads\/2022\/12\/cropped-logo-cabecera-new.png\",\"contentUrl\":\"https:\/\/tourtravelandmore.com\/wp-content\/uploads\/2022\/12\/cropped-logo-cabecera-new.png\",\"width\":430,\"height\":61,\"caption\":\"Tour Travel And More\"},\"image\":{\"@id\":\"https:\/\/tourtravelandmore.com\/es\/#\/schema\/logo\/image\/\"},\"sameAs\":[\"https:\/\/www.facebook.com\/tourtravelandmore\/\",\"https:\/\/x.com\/TourTravel_More\"]}]}<\/script>\n<!-- \/ Yoast SEO Premium plugin. -->","yoast_head_json":{"title":"Tour Privado de Capri, Sorrento y Pompeya: Un d\u00eda de encanto costero y descubrimiento hist\u00f3rico","description":"\u00danase a nuestro exclusivo tour privado de 8 horas desde la Terminal de Cruceros a Capri, Sorrento y Pompeya. Experimente la belleza de la costa italiana y las antiguas ruinas de Pompeya \u2705","robots":{"index":"index","follow":"follow","max-snippet":"max-snippet:-1","max-image-preview":"max-image-preview:large","max-video-preview":"max-video-preview:-1"},"canonical":"https:\/\/tourtravelandmore.com\/es\/tours\/italia-es\/napoles-pompeya-es\/tour-privado-capri-sorrento-y-pompeya-desde-la-terminal-de-cruceros\/","og_locale":"es_ES","og_type":"article","og_title":"Tour privado Capri, Sorrento y Pompeya desde la Terminal de Cruceros","og_description":"\u00danase a nuestro exclusivo tour privado de 8 horas desde la Terminal de Cruceros a Capri, Sorrento y Pompeya. Experimente la belleza de la costa italiana y las antiguas ruinas de Pompeya \u2705","og_url":"https:\/\/tourtravelandmore.com\/es\/tours\/italia-es\/napoles-pompeya-es\/tour-privado-capri-sorrento-y-pompeya-desde-la-terminal-de-cruceros\/","og_site_name":"Tour Travel And More","article_publisher":"https:\/\/www.facebook.com\/tourtravelandmore\/","article_modified_time":"2024-08-21T15:24:35+00:00","og_image":[{"width":2560,"height":1714,"url":"https:\/\/tourtravelandmore.com\/wp-content\/uploads\/2023\/04\/pexels-cristian-salinas-cisternas-7535541-scaled.jpg","type":"image\/jpeg"}],"twitter_card":"summary_large_image","twitter_site":"@TourTravel_More","twitter_misc":{"Tiempo de lectura":"3 minutos"},"schema":{"@context":"https:\/\/schema.org","@graph":[{"@type":"WebPage","@id":"https:\/\/tourtravelandmore.com\/es\/tours\/italia-es\/napoles-pompeya-es\/tour-privado-capri-sorrento-y-pompeya-desde-la-terminal-de-cruceros\/","url":"https:\/\/tourtravelandmore.com\/es\/tours\/italia-es\/napoles-pompeya-es\/tour-privado-capri-sorrento-y-pompeya-desde-la-terminal-de-cruceros\/","name":"Tour Privado de Capri, Sorrento y Pompeya: Un d\u00eda de encanto costero y descubrimiento hist\u00f3rico","isPartOf":{"@id":"https:\/\/tourtravelandmore.com\/es\/#website"},"primaryImageOfPage":{"@id":"https:\/\/tourtravelandmore.com\/es\/tours\/italia-es\/napoles-pompeya-es\/tour-privado-capri-sorrento-y-pompeya-desde-la-terminal-de-cruceros\/#primaryimage"},"image":{"@id":"https:\/\/tourtravelandmore.com\/es\/tours\/italia-es\/napoles-pompeya-es\/tour-privado-capri-sorrento-y-pompeya-desde-la-terminal-de-cruceros\/#primaryimage"},"thumbnailUrl":"https:\/\/tourtravelandmore.com\/wp-content\/uploads\/2023\/04\/pexels-cristian-salinas-cisternas-7535541-scaled.jpg","datePublished":"2023-04-20T16:50:49+00:00","dateModified":"2024-08-21T15:24:35+00:00","description":"\u00danase a nuestro exclusivo tour privado de 8 horas desde la Terminal de Cruceros a Capri, Sorrento y Pompeya. Experimente la belleza de la costa italiana y las antiguas ruinas de Pompeya \u2705","breadcrumb":{"@id":"https:\/\/tourtravelandmore.com\/es\/tours\/italia-es\/napoles-pompeya-es\/tour-privado-capri-sorrento-y-pompeya-desde-la-terminal-de-cruceros\/#breadcrumb"},"inLanguage":"es","potentialAction":[{"@type":"ReadAction","target":["https:\/\/tourtravelandmore.com\/es\/tours\/italia-es\/napoles-pompeya-es\/tour-privado-capri-sorrento-y-pompeya-desde-la-terminal-de-cruceros\/"]}]},{"@type":"ImageObject","inLanguage":"es","@id":"https:\/\/tourtravelandmore.com\/es\/tours\/italia-es\/napoles-pompeya-es\/tour-privado-capri-sorrento-y-pompeya-desde-la-terminal-de-cruceros\/#primaryimage","url":"https:\/\/tourtravelandmore.com\/wp-content\/uploads\/2023\/04\/pexels-cristian-salinas-cisternas-7535541-scaled.jpg","contentUrl":"https:\/\/tourtravelandmore.com\/wp-content\/uploads\/2023\/04\/pexels-cristian-salinas-cisternas-7535541-scaled.jpg","width":2560,"height":1714},{"@type":"BreadcrumbList","@id":"https:\/\/tourtravelandmore.com\/es\/tours\/italia-es\/napoles-pompeya-es\/tour-privado-capri-sorrento-y-pompeya-desde-la-terminal-de-cruceros\/#breadcrumb","itemListElement":[{"@type":"ListItem","position":1,"name":"Home","item":"https:\/\/tourtravelandmore.com\/es\/"},{"@type":"ListItem","position":2,"name":"Tours","item":"https:\/\/tourtravelandmore.com\/es\/tours\/"},{"@type":"ListItem","position":3,"name":"Tour privado Capri, Sorrento y Pompeya desde la Terminal de Cruceros"}]},{"@type":"WebSite","@id":"https:\/\/tourtravelandmore.com\/es\/#website","url":"https:\/\/tourtravelandmore.com\/es\/","name":"Tour Travel And More","description":"Private sightseeing tours and luxury transfers in Spain","publisher":{"@id":"https:\/\/tourtravelandmore.com\/es\/#organization"},"potentialAction":[{"@type":"SearchAction","target":{"@type":"EntryPoint","urlTemplate":"https:\/\/tourtravelandmore.com\/es\/?s={search_term_string}"},"query-input":{"@type":"PropertyValueSpecification","valueRequired":true,"valueName":"search_term_string"}}],"inLanguage":"es"},{"@type":"Organization","@id":"https:\/\/tourtravelandmore.com\/es\/#organization","name":"Tour Travel And More","url":"https:\/\/tourtravelandmore.com\/es\/","logo":{"@type":"ImageObject","inLanguage":"es","@id":"https:\/\/tourtravelandmore.com\/es\/#\/schema\/logo\/image\/","url":"https:\/\/tourtravelandmore.com\/wp-content\/uploads\/2022\/12\/cropped-logo-cabecera-new.png","contentUrl":"https:\/\/tourtravelandmore.com\/wp-content\/uploads\/2022\/12\/cropped-logo-cabecera-new.png","width":430,"height":61,"caption":"Tour Travel And More"},"image":{"@id":"https:\/\/tourtravelandmore.com\/es\/#\/schema\/logo\/image\/"},"sameAs":["https:\/\/www.facebook.com\/tourtravelandmore\/","https:\/\/x.com\/TourTravel_More"]}]}},"_links":{"self":[{"href":"https:\/\/tourtravelandmore.com\/es\/wp-json\/wp\/v2\/product\/163039","targetHints":{"allow":["GET"]}}],"collection":[{"href":"https:\/\/tourtravelandmore.com\/es\/wp-json\/wp\/v2\/product"}],"about":[{"href":"https:\/\/tourtravelandmore.com\/es\/wp-json\/wp\/v2\/types\/product"}],"replies":[{"embeddable":true,"href":"https:\/\/tourtravelandmore.com\/es\/wp-json\/wp\/v2\/comments?post=163039"}],"wp:featuredmedia":[{"embeddable":true,"href":"https:\/\/tourtravelandmore.com\/es\/wp-json\/wp\/v2\/media\/163068"}],"wp:attachment":[{"href":"https:\/\/tourtravelandmore.com\/es\/wp-json\/wp\/v2\/media?parent=163039"}],"wp:term":[{"taxonomy":"product_brand","embeddable":true,"href":"https:\/\/tourtravelandmore.com\/es\/wp-json\/wp\/v2\/product_brand?post=163039"},{"taxonomy":"product_cat","embeddable":true,"href":"https:\/\/tourtravelandmore.com\/es\/wp-json\/wp\/v2\/product_cat?post=163039"},{"taxonomy":"product_tag","embeddable":true,"href":"https:\/\/tourtravelandmore.com\/es\/wp-json\/wp\/v2\/product_tag?post=163039"}],"curies":[{"name":"wp","href":"https:\/\/api.w.org\/{rel}","templated":true}]}}