{"id":16297,"date":"2017-11-30T11:40:37","date_gmt":"2017-11-30T10:59:17","guid":{"rendered":"http:\/\/tourtravelandmore.com\/es\/?post_type=product&#038;p=16297"},"modified":"2025-05-26T10:46:55","modified_gmt":"2025-05-26T08:46:55","slug":"tour-de-italica-sevilla-tour-privado-con-guia-oficial-y-vehiculo","status":"publish","type":"product","link":"https:\/\/tourtravelandmore.com\/es\/tours\/espana-es\/sevilla-es\/tour-de-italica-sevilla-tour-privado-con-guia-oficial-y-vehiculo\/","title":{"rendered":"Tour Italica desde Sevilla"},"content":{"rendered":"<h2><strong>Descripci\u00f3n del Tour Privado a It\u00e1lica desde Sevilla<\/strong><\/h2>\n<p class=\"p1\"><span class=\"s1\">Disfrute de este <a href=\"https:\/\/tourtravelandmore.com\/es\/ciudad\/espana-es\/sevilla-es\/\">tour privado en Sevilla<\/a> a <\/span><b>It\u00e1lica<\/b><span class=\"s1\">, con <\/span><b>veh\u00edculo privado de lujo con ch\u00f3fer<\/b><span class=\"s1\"> y <\/span><b>gu\u00eda oficial privado<\/b><span class=\"s1\">.<\/span><\/p>\n<p class=\"p3\">It\u00e1lica se encuentra a unos <span class=\"s2\"><b>15\u201320 minutos<\/b><\/span> del centro de Sevilla. Nuestro conductor y gu\u00eda os recoger\u00e1n en vuestro hotel o en el lugar de vuestra elecci\u00f3n para emprender el traslado hacia It\u00e1lica.<\/p>\n<p class=\"p3\">El tour a <span class=\"s2\"><b>It\u00e1lica<\/b><\/span> es completamente privado, y podr\u00e9is escoger la hora y el lugar de comienzo. La duraci\u00f3n es de <span class=\"s2\"><b>5 horas<\/b><\/span>.<\/p>\n<p class=\"p3\">Las <span class=\"s2\"><b>entradas al monumento de It\u00e1lica<\/b><\/span> est\u00e1n incluidas en el tour.<\/p>\n<p class=\"p3\">Una vez en <span class=\"s2\"><b>It\u00e1lica<\/b><\/span>, recorreremos sus impresionantes ruinas y, al finalizar, volveremos a Sevilla para disfrutar de una panor\u00e1mica de la ciudad.<\/p>\n<h2>Puntos de inter\u00e9s del Tour Privado a It\u00e1lica desde Sevilla<\/h2>\n<p>It\u00e1lica fue la primera ciudad romana en Espa\u00f1a, de all\u00ed viene su nombre. Fue fundada en el a\u00f1o 206 AC, y fue el lugar de nacimiento de 3 emperadores romanos. Desde el siglo XVII se est\u00e1n haciendo trabajos arqueol\u00f3gicos y se descubren nuevas cosas de esta antigua ciudad romana.<\/p>\n<p>Hoy en d\u00eda es posible visitar el anfiteatro (25.000 espectadores), las termas, algunas casas con mosaicos de la \u00e9poca y el teatro. Las entradas a It\u00e1lica est\u00e1n incluidas en el precio de este tour privado.<\/p>\n<p>Luego de haber conocido, junto a su gu\u00eda oficial privado, la antigua ciudad romana, regresar\u00e1n hacia Sevilla, a recorrer la ciudad y sus sitios m\u00e1s emblem\u00e1ticos.<\/p>\n<h2>Durante vuestro tour privado, podr\u00e9is ver, entre otros monumentos, los siguientes:<\/h2>\n<ul>\n<li><strong>Barrio Judio<\/strong><\/li>\n<li><strong>Plaza Espa\u00f1a<\/strong><\/li>\n<li><strong>Sanchez Pijuan<\/strong><\/li>\n<li><strong>Plaza Nova<\/strong><\/li>\n<li><strong>Catedral<\/strong><\/li>\n<li><strong>La Giralda<\/strong><\/li>\n<li><strong>La Catedral<\/strong><\/li>\n<li><strong>Alcazar<\/strong><\/li>\n<li><strong>Torre del Oro<\/strong><\/li>\n<li><strong>\u00a1Mucho m\u00e1s!<\/strong><\/li>\n<\/ul>\n<p>Podr\u00e9is disfrutar de Sevilla en todo su esplendor y conocer\u00e9is lo m\u00e1s emblem\u00e1tico de la ciudad.<\/p>\n<p>Todos nuestros gu\u00edas son oficiales y especializados en la ciudad de Sevilla. Conocer\u00e1n la ciudad desde los ojos de un local, quien os ense\u00f1ar\u00e1 los sitios m\u00e1s emblem\u00e1ticos de la ciudad elegida como la mejor ciudad para visitar en 2018 por la reconocida revista Lonely Planet.<\/p>\n<p>Si os interesa entrar a alg\u00fan monumento en Sevilla, podemos gestionar sus entradas. No dude en consultarnos!<\/p>\n","protected":false},"excerpt":{"rendered":"<p>Aproveche al m\u00e1ximo su visita a Sevilla y conozca Italica, el primer asentamiento romano en Espa\u00f1a. Conocer\u00e1n esta hist\u00f3rica ciudad amurallada, fundada en el a\u00f1o 206 AC, donde se film\u00f3 la serie Game of Thrones durante el a\u00f1o 2016. Luego de visitar Italica, disfrutar\u00e1n de una visita guiada por los sitios m\u00e1s emblem\u00e1ticos de Sevilla.<\/p>\n<p>&nbsp;<\/p>\n","protected":false},"featured_media":16280,"comment_status":"open","ping_status":"closed","template":"","meta":{"_acf_changed":false},"product_brand":[],"product_cat":[105,107,106],"product_tag":[],"class_list":{"0":"post-16297","1":"product","2":"type-product","3":"status-publish","4":"has-post-thumbnail","6":"product_cat-sevilla-es","7":"product_cat-sevilla-rutas-turisticas-privadas-es","8":"product_cat-sevilla-excursiones-es","10":"first","11":"instock","12":"shipping-taxable","13":"purchasable","14":"product-type-simple"},"acf":[],"yoast_head":"<!-- This site is optimized with the Yoast SEO Premium plugin v25.3.1 (Yoast SEO v25.3.1) - https:\/\/yoast.com\/wordpress\/plugins\/seo\/ -->\n<title>\u27a1\ufe0f Tour de Italica Sevilla | Tour Travel &amp; More<\/title>\n<meta name=\"description\" content=\"Disfruta de este Tour de Italica Sevilla con gu\u00eda oficial y vehiculo privado. Descubrir\u00e1s la primera ciudad Romana fundada en Espa\u00f1a y la ciudad de Sevilla \u2705\" \/>\n<meta name=\"robots\" content=\"index, follow, max-snippet:-1, max-image-preview:large, max-video-preview:-1\" \/>\n<link rel=\"canonical\" href=\"https:\/\/tourtravelandmore.com\/es\/tours\/espana-es\/sevilla-es\/tour-de-italica-sevilla-tour-privado-con-guia-oficial-y-vehiculo\/\" \/>\n<meta property=\"og:locale\" content=\"es_ES\" \/>\n<meta property=\"og:type\" content=\"article\" \/>\n<meta property=\"og:title\" content=\"Tour Italica desde Sevilla\" \/>\n<meta property=\"og:description\" content=\"Disfruta de este Tour de Italica Sevilla con gu\u00eda oficial y vehiculo privado. Descubrir\u00e1s la primera ciudad Romana fundada en Espa\u00f1a y la ciudad de Sevilla \u2705\" \/>\n<meta property=\"og:url\" content=\"https:\/\/tourtravelandmore.com\/es\/tours\/espana-es\/sevilla-es\/tour-de-italica-sevilla-tour-privado-con-guia-oficial-y-vehiculo\/\" \/>\n<meta property=\"og:site_name\" content=\"Tour Travel And More\" \/>\n<meta property=\"article:publisher\" content=\"https:\/\/www.facebook.com\/tourtravelandmore\/\" \/>\n<meta property=\"article:modified_time\" content=\"2025-05-26T08:46:55+00:00\" \/>\n<meta property=\"og:image\" content=\"https:\/\/tourtravelandmore.com\/wp-content\/uploads\/2017\/11\/Anfiteatro_de_las_ruinas_romanas_de_Ita\u0301lica_Santiponce_Sevilla_Espan\u0303a_2015-12-06_DD_26-29_PAN-scaled.jpg\" \/>\n\t<meta property=\"og:image:width\" content=\"4170\" \/>\n\t<meta property=\"og:image:height\" content=\"2101\" \/>\n\t<meta property=\"og:image:type\" content=\"image\/jpeg\" \/>\n<meta name=\"twitter:card\" content=\"summary_large_image\" \/>\n<meta name=\"twitter:site\" content=\"@TourTravel_More\" \/>\n<meta name=\"twitter:label1\" content=\"Tiempo de lectura\" \/>\n\t<meta name=\"twitter:data1\" content=\"2 minutos\" \/>\n<script type=\"application\/ld+json\" class=\"yoast-schema-graph\">{\"@context\":\"https:\/\/schema.org\",\"@graph\":[{\"@type\":\"WebPage\",\"@id\":\"https:\/\/tourtravelandmore.com\/es\/tours\/espana-es\/sevilla-es\/tour-de-italica-sevilla-tour-privado-con-guia-oficial-y-vehiculo\/\",\"url\":\"https:\/\/tourtravelandmore.com\/es\/tours\/espana-es\/sevilla-es\/tour-de-italica-sevilla-tour-privado-con-guia-oficial-y-vehiculo\/\",\"name\":\"\u27a1\ufe0f Tour de Italica Sevilla | Tour Travel & More\",\"isPartOf\":{\"@id\":\"https:\/\/tourtravelandmore.com\/es\/#website\"},\"primaryImageOfPage\":{\"@id\":\"https:\/\/tourtravelandmore.com\/es\/tours\/espana-es\/sevilla-es\/tour-de-italica-sevilla-tour-privado-con-guia-oficial-y-vehiculo\/#primaryimage\"},\"image\":{\"@id\":\"https:\/\/tourtravelandmore.com\/es\/tours\/espana-es\/sevilla-es\/tour-de-italica-sevilla-tour-privado-con-guia-oficial-y-vehiculo\/#primaryimage\"},\"thumbnailUrl\":\"https:\/\/tourtravelandmore.com\/wp-content\/uploads\/2017\/11\/Anfiteatro_de_las_ruinas_romanas_de_Ita\u0301lica_Santiponce_Sevilla_Espan\u0303a_2015-12-06_DD_26-29_PAN-scaled.jpg\",\"datePublished\":\"2017-11-30T10:59:17+00:00\",\"dateModified\":\"2025-05-26T08:46:55+00:00\",\"description\":\"Disfruta de este Tour de Italica Sevilla con gu\u00eda oficial y vehiculo privado. Descubrir\u00e1s la primera ciudad Romana fundada en Espa\u00f1a y la ciudad de Sevilla \u2705\",\"breadcrumb\":{\"@id\":\"https:\/\/tourtravelandmore.com\/es\/tours\/espana-es\/sevilla-es\/tour-de-italica-sevilla-tour-privado-con-guia-oficial-y-vehiculo\/#breadcrumb\"},\"inLanguage\":\"es\",\"potentialAction\":[{\"@type\":\"ReadAction\",\"target\":[\"https:\/\/tourtravelandmore.com\/es\/tours\/espana-es\/sevilla-es\/tour-de-italica-sevilla-tour-privado-con-guia-oficial-y-vehiculo\/\"]}]},{\"@type\":\"ImageObject\",\"inLanguage\":\"es\",\"@id\":\"https:\/\/tourtravelandmore.com\/es\/tours\/espana-es\/sevilla-es\/tour-de-italica-sevilla-tour-privado-con-guia-oficial-y-vehiculo\/#primaryimage\",\"url\":\"https:\/\/tourtravelandmore.com\/wp-content\/uploads\/2017\/11\/Anfiteatro_de_las_ruinas_romanas_de_Ita\u0301lica_Santiponce_Sevilla_Espan\u0303a_2015-12-06_DD_26-29_PAN-scaled.jpg\",\"contentUrl\":\"https:\/\/tourtravelandmore.com\/wp-content\/uploads\/2017\/11\/Anfiteatro_de_las_ruinas_romanas_de_Ita\u0301lica_Santiponce_Sevilla_Espan\u0303a_2015-12-06_DD_26-29_PAN-scaled.jpg\",\"width\":4170,\"height\":2101},{\"@type\":\"BreadcrumbList\",\"@id\":\"https:\/\/tourtravelandmore.com\/es\/tours\/espana-es\/sevilla-es\/tour-de-italica-sevilla-tour-privado-con-guia-oficial-y-vehiculo\/#breadcrumb\",\"itemListElement\":[{\"@type\":\"ListItem\",\"position\":1,\"name\":\"Home\",\"item\":\"https:\/\/tourtravelandmore.com\/es\/\"},{\"@type\":\"ListItem\",\"position\":2,\"name\":\"Tours\",\"item\":\"https:\/\/tourtravelandmore.com\/es\/tours\/\"},{\"@type\":\"ListItem\",\"position\":3,\"name\":\"Tour Italica desde Sevilla\"}]},{\"@type\":\"WebSite\",\"@id\":\"https:\/\/tourtravelandmore.com\/es\/#website\",\"url\":\"https:\/\/tourtravelandmore.com\/es\/\",\"name\":\"Tour Travel And More\",\"description\":\"Private sightseeing tours and luxury transfers in Spain\",\"publisher\":{\"@id\":\"https:\/\/tourtravelandmore.com\/es\/#organization\"},\"potentialAction\":[{\"@type\":\"SearchAction\",\"target\":{\"@type\":\"EntryPoint\",\"urlTemplate\":\"https:\/\/tourtravelandmore.com\/es\/?s={search_term_string}\"},\"query-input\":{\"@type\":\"PropertyValueSpecification\",\"valueRequired\":true,\"valueName\":\"search_term_string\"}}],\"inLanguage\":\"es\"},{\"@type\":\"Organization\",\"@id\":\"https:\/\/tourtravelandmore.com\/es\/#organization\",\"name\":\"Tour Travel And More\",\"url\":\"https:\/\/tourtravelandmore.com\/es\/\",\"logo\":{\"@type\":\"ImageObject\",\"inLanguage\":\"es\",\"@id\":\"https:\/\/tourtravelandmore.com\/es\/#\/schema\/logo\/image\/\",\"url\":\"https:\/\/tourtravelandmore.com\/wp-content\/uploads\/2022\/12\/cropped-logo-cabecera-new.png\",\"contentUrl\":\"https:\/\/tourtravelandmore.com\/wp-content\/uploads\/2022\/12\/cropped-logo-cabecera-new.png\",\"width\":430,\"height\":61,\"caption\":\"Tour Travel And More\"},\"image\":{\"@id\":\"https:\/\/tourtravelandmore.com\/es\/#\/schema\/logo\/image\/\"},\"sameAs\":[\"https:\/\/www.facebook.com\/tourtravelandmore\/\",\"https:\/\/x.com\/TourTravel_More\"]}]}<\/script>\n<!-- \/ Yoast SEO Premium plugin. -->","yoast_head_json":{"title":"\u27a1\ufe0f Tour de Italica Sevilla | Tour Travel & More","description":"Disfruta de este Tour de Italica Sevilla con gu\u00eda oficial y vehiculo privado. Descubrir\u00e1s la primera ciudad Romana fundada en Espa\u00f1a y la ciudad de Sevilla \u2705","robots":{"index":"index","follow":"follow","max-snippet":"max-snippet:-1","max-image-preview":"max-image-preview:large","max-video-preview":"max-video-preview:-1"},"canonical":"https:\/\/tourtravelandmore.com\/es\/tours\/espana-es\/sevilla-es\/tour-de-italica-sevilla-tour-privado-con-guia-oficial-y-vehiculo\/","og_locale":"es_ES","og_type":"article","og_title":"Tour Italica desde Sevilla","og_description":"Disfruta de este Tour de Italica Sevilla con gu\u00eda oficial y vehiculo privado. Descubrir\u00e1s la primera ciudad Romana fundada en Espa\u00f1a y la ciudad de Sevilla \u2705","og_url":"https:\/\/tourtravelandmore.com\/es\/tours\/espana-es\/sevilla-es\/tour-de-italica-sevilla-tour-privado-con-guia-oficial-y-vehiculo\/","og_site_name":"Tour Travel And More","article_publisher":"https:\/\/www.facebook.com\/tourtravelandmore\/","article_modified_time":"2025-05-26T08:46:55+00:00","og_image":[{"width":4170,"height":2101,"url":"https:\/\/tourtravelandmore.com\/wp-content\/uploads\/2017\/11\/Anfiteatro_de_las_ruinas_romanas_de_Ita\u0301lica_Santiponce_Sevilla_Espan\u0303a_2015-12-06_DD_26-29_PAN-scaled.jpg","type":"image\/jpeg"}],"twitter_card":"summary_large_image","twitter_site":"@TourTravel_More","twitter_misc":{"Tiempo de lectura":"2 minutos"},"schema":{"@context":"https:\/\/schema.org","@graph":[{"@type":"WebPage","@id":"https:\/\/tourtravelandmore.com\/es\/tours\/espana-es\/sevilla-es\/tour-de-italica-sevilla-tour-privado-con-guia-oficial-y-vehiculo\/","url":"https:\/\/tourtravelandmore.com\/es\/tours\/espana-es\/sevilla-es\/tour-de-italica-sevilla-tour-privado-con-guia-oficial-y-vehiculo\/","name":"\u27a1\ufe0f Tour de Italica Sevilla | Tour Travel & More","isPartOf":{"@id":"https:\/\/tourtravelandmore.com\/es\/#website"},"primaryImageOfPage":{"@id":"https:\/\/tourtravelandmore.com\/es\/tours\/espana-es\/sevilla-es\/tour-de-italica-sevilla-tour-privado-con-guia-oficial-y-vehiculo\/#primaryimage"},"image":{"@id":"https:\/\/tourtravelandmore.com\/es\/tours\/espana-es\/sevilla-es\/tour-de-italica-sevilla-tour-privado-con-guia-oficial-y-vehiculo\/#primaryimage"},"thumbnailUrl":"https:\/\/tourtravelandmore.com\/wp-content\/uploads\/2017\/11\/Anfiteatro_de_las_ruinas_romanas_de_Ita\u0301lica_Santiponce_Sevilla_Espan\u0303a_2015-12-06_DD_26-29_PAN-scaled.jpg","datePublished":"2017-11-30T10:59:17+00:00","dateModified":"2025-05-26T08:46:55+00:00","description":"Disfruta de este Tour de Italica Sevilla con gu\u00eda oficial y vehiculo privado. Descubrir\u00e1s la primera ciudad Romana fundada en Espa\u00f1a y la ciudad de Sevilla \u2705","breadcrumb":{"@id":"https:\/\/tourtravelandmore.com\/es\/tours\/espana-es\/sevilla-es\/tour-de-italica-sevilla-tour-privado-con-guia-oficial-y-vehiculo\/#breadcrumb"},"inLanguage":"es","potentialAction":[{"@type":"ReadAction","target":["https:\/\/tourtravelandmore.com\/es\/tours\/espana-es\/sevilla-es\/tour-de-italica-sevilla-tour-privado-con-guia-oficial-y-vehiculo\/"]}]},{"@type":"ImageObject","inLanguage":"es","@id":"https:\/\/tourtravelandmore.com\/es\/tours\/espana-es\/sevilla-es\/tour-de-italica-sevilla-tour-privado-con-guia-oficial-y-vehiculo\/#primaryimage","url":"https:\/\/tourtravelandmore.com\/wp-content\/uploads\/2017\/11\/Anfiteatro_de_las_ruinas_romanas_de_Ita\u0301lica_Santiponce_Sevilla_Espan\u0303a_2015-12-06_DD_26-29_PAN-scaled.jpg","contentUrl":"https:\/\/tourtravelandmore.com\/wp-content\/uploads\/2017\/11\/Anfiteatro_de_las_ruinas_romanas_de_Ita\u0301lica_Santiponce_Sevilla_Espan\u0303a_2015-12-06_DD_26-29_PAN-scaled.jpg","width":4170,"height":2101},{"@type":"BreadcrumbList","@id":"https:\/\/tourtravelandmore.com\/es\/tours\/espana-es\/sevilla-es\/tour-de-italica-sevilla-tour-privado-con-guia-oficial-y-vehiculo\/#breadcrumb","itemListElement":[{"@type":"ListItem","position":1,"name":"Home","item":"https:\/\/tourtravelandmore.com\/es\/"},{"@type":"ListItem","position":2,"name":"Tours","item":"https:\/\/tourtravelandmore.com\/es\/tours\/"},{"@type":"ListItem","position":3,"name":"Tour Italica desde Sevilla"}]},{"@type":"WebSite","@id":"https:\/\/tourtravelandmore.com\/es\/#website","url":"https:\/\/tourtravelandmore.com\/es\/","name":"Tour Travel And More","description":"Private sightseeing tours and luxury transfers in Spain","publisher":{"@id":"https:\/\/tourtravelandmore.com\/es\/#organization"},"potentialAction":[{"@type":"SearchAction","target":{"@type":"EntryPoint","urlTemplate":"https:\/\/tourtravelandmore.com\/es\/?s={search_term_string}"},"query-input":{"@type":"PropertyValueSpecification","valueRequired":true,"valueName":"search_term_string"}}],"inLanguage":"es"},{"@type":"Organization","@id":"https:\/\/tourtravelandmore.com\/es\/#organization","name":"Tour Travel And More","url":"https:\/\/tourtravelandmore.com\/es\/","logo":{"@type":"ImageObject","inLanguage":"es","@id":"https:\/\/tourtravelandmore.com\/es\/#\/schema\/logo\/image\/","url":"https:\/\/tourtravelandmore.com\/wp-content\/uploads\/2022\/12\/cropped-logo-cabecera-new.png","contentUrl":"https:\/\/tourtravelandmore.com\/wp-content\/uploads\/2022\/12\/cropped-logo-cabecera-new.png","width":430,"height":61,"caption":"Tour Travel And More"},"image":{"@id":"https:\/\/tourtravelandmore.com\/es\/#\/schema\/logo\/image\/"},"sameAs":["https:\/\/www.facebook.com\/tourtravelandmore\/","https:\/\/x.com\/TourTravel_More"]}]}},"_links":{"self":[{"href":"https:\/\/tourtravelandmore.com\/es\/wp-json\/wp\/v2\/product\/16297","targetHints":{"allow":["GET"]}}],"collection":[{"href":"https:\/\/tourtravelandmore.com\/es\/wp-json\/wp\/v2\/product"}],"about":[{"href":"https:\/\/tourtravelandmore.com\/es\/wp-json\/wp\/v2\/types\/product"}],"replies":[{"embeddable":true,"href":"https:\/\/tourtravelandmore.com\/es\/wp-json\/wp\/v2\/comments?post=16297"}],"wp:featuredmedia":[{"embeddable":true,"href":"https:\/\/tourtravelandmore.com\/es\/wp-json\/wp\/v2\/media\/16280"}],"wp:attachment":[{"href":"https:\/\/tourtravelandmore.com\/es\/wp-json\/wp\/v2\/media?parent=16297"}],"wp:term":[{"taxonomy":"product_brand","embeddable":true,"href":"https:\/\/tourtravelandmore.com\/es\/wp-json\/wp\/v2\/product_brand?post=16297"},{"taxonomy":"product_cat","embeddable":true,"href":"https:\/\/tourtravelandmore.com\/es\/wp-json\/wp\/v2\/product_cat?post=16297"},{"taxonomy":"product_tag","embeddable":true,"href":"https:\/\/tourtravelandmore.com\/es\/wp-json\/wp\/v2\/product_tag?post=16297"}],"curies":[{"name":"wp","href":"https:\/\/api.w.org\/{rel}","templated":true}]}}