{"id":162952,"date":"2023-04-20T06:33:12","date_gmt":"2023-04-20T04:33:12","guid":{"rendered":"https:\/\/tourtravelandmore.com\/tours\/sin%20categor\u00eda\/tour-privado-de-annecy-y-ginebra\/"},"modified":"2023-04-22T05:37:40","modified_gmt":"2023-04-22T03:37:40","slug":"tour-privado-de-annecy-y-ginebra","status":"publish","type":"product","link":"https:\/\/tourtravelandmore.com\/es\/tours\/suiza-es\/ginebra\/todos-los-tours-y-actividades-privadas-es-3\/tour-privado-de-annecy-y-ginebra\/","title":{"rendered":"Tour privado de Annecy y Ginebra"},"content":{"rendered":"<h2><b>Tour de Annecy y Ginebra Descripci\u00f3n<\/b><\/h2>\n<p><span style=\"font-weight: 400;\">Sum\u00e9rjase en el cautivador encanto de Annecy y Ginebra con la exclusiva excursi\u00f3n privada de 8 horas de Tour Travel and More. Descubra los secretos de estas encantadoras ciudades mientras recorre sus calles hist\u00f3ricas y admira su esplendor arquitect\u00f3nico con la ayuda de nuestro gu\u00eda experto. Experimente el vibrante ambiente local, del\u00e9itese con las exquisiteces culinarias y cree recuerdos imborrables mientras recorre los pintorescos paisajes y los importantes monumentos de estos extraordinarios destinos. Nuestro recorrido, cuidadosamente seleccionado, garantiza una experiencia verdaderamente inolvidable, adaptada a sus intereses y deseos \u00fanicos, proporcion\u00e1ndole un viaje sin igual por el coraz\u00f3n de Annecy y Ginebra.<\/span><\/p>\n<h2><b>Recorrido por los puntos de inter\u00e9s de Annecy y Ginebra<\/b><\/h2>\n<p><span style=\"font-weight: 400;\">Emb\u00e1rquese en una aventura extraordinaria con nuestro tour privado, mientras le guiamos a trav\u00e9s de la fascinante historia y el din\u00e1mico presente de Annecy y Ginebra. Recorra una variedad de atracciones de renombre y tesoros poco conocidos, sumergi\u00e9ndose en el car\u00e1cter \u00fanico de estas dos ciudades. Marav\u00edllese ante las obras maestras de la arquitectura, los vibrantes escenarios art\u00edsticos y los exuberantes espacios verdes mientras nuestro experimentado gu\u00eda le deleita con apasionantes historias e intrigantes detalles sobre los lugares que visita. Sum\u00e9rjase en las costumbres y tradiciones locales y adquiera un conocimiento m\u00e1s profundo de la riqueza cultural que define a estas ciudades, garantiz\u00e1ndole una experiencia inolvidable en este recorrido meticulosamente dise\u00f1ado.<\/span><\/p>\n<h2><b>Lugares de inter\u00e9s en Annecy<\/b><\/h2>\n<p><span style=\"font-weight: 400;\">Annecy, cari\u00f1osamente conocida como la &#8220;Venecia de los Alpes&#8221;, cautiva a los visitantes con su armoniosa fusi\u00f3n de historia y esplendor natural. Deambule por las encantadoras calles adoquinadas del casco antiguo y marav\u00edllese con los vibrantes edificios de colores pastel que bordean los tranquilos canales. Absorba la rica historia del emblem\u00e1tico Palais de l&#8217;Isle, una fortaleza del siglo XII convertida en prisi\u00f3n que ahora funciona como un fascinante museo que muestra el patrimonio de la regi\u00f3n. Disfrute de la serena belleza del lago de Annecy, cuyas aguas azules contrastan con el majestuoso tel\u00f3n de fondo alpino. D\u00e9 un tranquilo paseo en barco o emprenda una excursi\u00f3n panor\u00e1mica alrededor del lago, y deje que el cautivador panorama se grabe en sus recuerdos, dej\u00e1ndole una impresi\u00f3n duradera de esta encantadora ciudad.<\/span><\/p>\n<h3><b>Castillo de Annecy en Annecy<\/b><\/h3>\n<p><span style=\"font-weight: 400;\">Descubra la cautivadora historia del Ch\u00e2teau d&#8217;Annecy, un magn\u00edfico castillo encaramado en una colina que domina la ciudad. Construido entre los siglos XII y XVI, esta joya arquitect\u00f3nica fue residencia de los condes de Ginebra y los duques de Genevois-Nemours. En la actualidad, el castillo, bellamente restaurado, alberga el Museo de Arte Regional Alpino, que exhibe una impresionante colecci\u00f3n de pinturas, esculturas y artefactos regionales. Pasee por las salas del castillo, magn\u00edficamente conservadas, y marav\u00edllese con las impresionantes vistas de Annecy y sus paisajes circundantes desde las terrazas del castillo. El castillo de Annecy es un testimonio de la rica historia y el patrimonio art\u00edstico de la regi\u00f3n, por lo que es una parada esencial en su visita a Annecy.<\/span><\/p>\n<h3><b>Museo Patek Philippe de Ginebra<\/b><\/h3>\n<p><span style=\"font-weight: 400;\">Ad\u00e9ntrese en el fascinante mundo de la relojer\u00eda en el Museo Patek Philippe, situado en el coraz\u00f3n de Ginebra. Este excepcional museo, dedicado al prestigioso fabricante de relojes suizo Patek Philippe, relata la historia del cronometraje y la horolog\u00eda a trav\u00e9s de una extensa colecci\u00f3n de relojes que se remonta al siglo XVI. Explore las cautivadoras exposiciones del museo, con intrincados relojes de bolsillo, elegantes relojes de pulsera y magistrales aut\u00f3matas que muestran el ingenio y la artesan\u00eda de la industria relojera ginebrina. El Museo Patek Philippe no s\u00f3lo ofrece una visi\u00f3n \u00fanica del mundo de la alta relojer\u00eda, sino que tambi\u00e9n celebra la innovaci\u00f3n y el arte que han hecho de Ginebra sin\u00f3nimo de relojer\u00eda de lujo.<\/span><\/p>\n<h2><b>Lugares de inter\u00e9s en Ginebra<\/b><\/h2>\n<p><span style=\"font-weight: 400;\">Ginebra, ilustre ciudad cosmopolita situada a orillas del pintoresco lago Lem\u00e1n, cuenta con una pl\u00e9tora de cautivadoras atracciones. Sum\u00e9rjase en la rica historia de la ciudad explorando las sinuosas calles del casco antiguo, donde se encuentra la impresionante Catedral de San Pedro, un importante monumento religioso con un notable pasado. Avent\u00farese hasta el Palacio de las Naciones, la emblem\u00e1tica sede de las Naciones Unidas, y comprenda mejor el papel vital que desempe\u00f1an las organizaciones internacionales en la configuraci\u00f3n de nuestra sociedad global. Aseg\u00farese de contemplar el majestuoso Jet d&#8217;Eau, una imponente fuente de agua que se ha convertido en emblema de Ginebra, ya que se eleva hacia el cielo y cautiva a los espectadores con su poder y gracia. Sum\u00e9rjase en la vibrante cultura de la ciudad y del\u00e9itese con su variada oferta culinaria, sus museos de categor\u00eda mundial y sus exuberantes parques, que hacen de Ginebra un destino inolvidable.<\/span><\/p>\n<p><span style=\"font-weight: 400;\">Descubra m\u00e1s excursiones en Ginebra<\/span><\/p>\n<p><span style=\"font-weight: 400;\">\u00bfEst\u00e1 interesado en explorar m\u00e1s Ginebra y sus alrededores? Tour Travel and More ofrece una amplia gama de excursiones privadas adaptadas a sus intereses y preferencias. <\/span><a href=\"https:\/\/tourtravelandmore.com\/es\/ciudad\/suiza-es\/ginebra\/\"><span style=\"font-weight: 400;\">Visite nuestro sitio web para echar un vistazo a nuestra amplia selecci\u00f3n de excursiones por Ginebra y encontrar la experiencia perfecta para su pr\u00f3xima aventura.<\/span><\/a><\/p>\n","protected":false},"excerpt":{"rendered":"<p><span style=\"font-weight: 400;\">Experimente el encanto de Annecy y Ginebra con una excursi\u00f3n privada de 8 horas, que incluye un veh\u00edculo de lujo y un gu\u00eda privado. Descubra paisajes pintorescos y lugares hist\u00f3ricos mientras explora estas encantadoras ciudades.<\/span><\/p>\n","protected":false},"featured_media":162940,"comment_status":"open","ping_status":"closed","template":"","meta":{"_acf_changed":false},"product_brand":[],"product_cat":[4342,4381],"product_tag":[],"class_list":{"0":"post-162952","1":"product","2":"type-product","3":"status-publish","4":"has-post-thumbnail","6":"product_cat-ginebra","7":"product_cat-todos-los-tours-y-actividades-privadas-es-3","9":"first","10":"instock","11":"shipping-taxable","12":"purchasable","13":"product-type-simple"},"acf":[],"yoast_head":"<!-- This site is optimized with the Yoast SEO Premium plugin v25.3.1 (Yoast SEO v25.3.1) - https:\/\/yoast.com\/wordpress\/plugins\/seo\/ -->\n<title>\u27a1\ufe0f Tour privado de 8 horas por Annecy y Ginebra | Tour Travel and More<\/title>\n<meta name=\"description\" content=\"Descubra la belleza de Annecy y Ginebra con nuestro exclusivo tour privado de 8 horas, con veh\u00edculo de lujo, gu\u00eda privado y visitas a lugares emblem\u00e1ticos. \u00a1Reserve hoy mismo su inolvidable experiencia! \u2705\" \/>\n<meta name=\"robots\" content=\"index, follow, max-snippet:-1, max-image-preview:large, max-video-preview:-1\" \/>\n<link rel=\"canonical\" href=\"https:\/\/tourtravelandmore.com\/es\/tours\/suiza-es\/ginebra\/todos-los-tours-y-actividades-privadas-es-3\/tour-privado-de-annecy-y-ginebra\/\" \/>\n<meta property=\"og:locale\" content=\"es_ES\" \/>\n<meta property=\"og:type\" content=\"article\" \/>\n<meta property=\"og:title\" content=\"Tour privado de Annecy y Ginebra\" \/>\n<meta property=\"og:description\" content=\"Descubra la belleza de Annecy y Ginebra con nuestro exclusivo tour privado de 8 horas, con veh\u00edculo de lujo, gu\u00eda privado y visitas a lugares emblem\u00e1ticos. \u00a1Reserve hoy mismo su inolvidable experiencia! \u2705\" \/>\n<meta property=\"og:url\" content=\"https:\/\/tourtravelandmore.com\/es\/tours\/suiza-es\/ginebra\/todos-los-tours-y-actividades-privadas-es-3\/tour-privado-de-annecy-y-ginebra\/\" \/>\n<meta property=\"og:site_name\" content=\"Tour Travel And More\" \/>\n<meta property=\"article:publisher\" content=\"https:\/\/www.facebook.com\/tourtravelandmore\/\" \/>\n<meta property=\"article:modified_time\" content=\"2023-04-22T03:37:40+00:00\" \/>\n<meta property=\"og:image\" content=\"https:\/\/tourtravelandmore.com\/wp-content\/uploads\/2023\/04\/image2-9.jpg\" \/>\n\t<meta property=\"og:image:width\" content=\"950\" \/>\n\t<meta property=\"og:image:height\" content=\"750\" \/>\n\t<meta property=\"og:image:type\" content=\"image\/jpeg\" \/>\n<meta name=\"twitter:card\" content=\"summary_large_image\" \/>\n<meta name=\"twitter:site\" content=\"@TourTravel_More\" \/>\n<meta name=\"twitter:label1\" content=\"Tiempo de lectura\" \/>\n\t<meta name=\"twitter:data1\" content=\"4 minutos\" \/>\n<script type=\"application\/ld+json\" class=\"yoast-schema-graph\">{\"@context\":\"https:\/\/schema.org\",\"@graph\":[{\"@type\":\"WebPage\",\"@id\":\"https:\/\/tourtravelandmore.com\/es\/tours\/suiza-es\/ginebra\/todos-los-tours-y-actividades-privadas-es-3\/tour-privado-de-annecy-y-ginebra\/\",\"url\":\"https:\/\/tourtravelandmore.com\/es\/tours\/suiza-es\/ginebra\/todos-los-tours-y-actividades-privadas-es-3\/tour-privado-de-annecy-y-ginebra\/\",\"name\":\"\u27a1\ufe0f Tour privado de 8 horas por Annecy y Ginebra | Tour Travel and More\",\"isPartOf\":{\"@id\":\"https:\/\/tourtravelandmore.com\/es\/#website\"},\"primaryImageOfPage\":{\"@id\":\"https:\/\/tourtravelandmore.com\/es\/tours\/suiza-es\/ginebra\/todos-los-tours-y-actividades-privadas-es-3\/tour-privado-de-annecy-y-ginebra\/#primaryimage\"},\"image\":{\"@id\":\"https:\/\/tourtravelandmore.com\/es\/tours\/suiza-es\/ginebra\/todos-los-tours-y-actividades-privadas-es-3\/tour-privado-de-annecy-y-ginebra\/#primaryimage\"},\"thumbnailUrl\":\"https:\/\/tourtravelandmore.com\/wp-content\/uploads\/2023\/04\/image2-9.jpg\",\"datePublished\":\"2023-04-20T04:33:12+00:00\",\"dateModified\":\"2023-04-22T03:37:40+00:00\",\"description\":\"Descubra la belleza de Annecy y Ginebra con nuestro exclusivo tour privado de 8 horas, con veh\u00edculo de lujo, gu\u00eda privado y visitas a lugares emblem\u00e1ticos. \u00a1Reserve hoy mismo su inolvidable experiencia! \u2705\",\"breadcrumb\":{\"@id\":\"https:\/\/tourtravelandmore.com\/es\/tours\/suiza-es\/ginebra\/todos-los-tours-y-actividades-privadas-es-3\/tour-privado-de-annecy-y-ginebra\/#breadcrumb\"},\"inLanguage\":\"es\",\"potentialAction\":[{\"@type\":\"ReadAction\",\"target\":[\"https:\/\/tourtravelandmore.com\/es\/tours\/suiza-es\/ginebra\/todos-los-tours-y-actividades-privadas-es-3\/tour-privado-de-annecy-y-ginebra\/\"]}]},{\"@type\":\"ImageObject\",\"inLanguage\":\"es\",\"@id\":\"https:\/\/tourtravelandmore.com\/es\/tours\/suiza-es\/ginebra\/todos-los-tours-y-actividades-privadas-es-3\/tour-privado-de-annecy-y-ginebra\/#primaryimage\",\"url\":\"https:\/\/tourtravelandmore.com\/wp-content\/uploads\/2023\/04\/image2-9.jpg\",\"contentUrl\":\"https:\/\/tourtravelandmore.com\/wp-content\/uploads\/2023\/04\/image2-9.jpg\",\"width\":950,\"height\":750},{\"@type\":\"BreadcrumbList\",\"@id\":\"https:\/\/tourtravelandmore.com\/es\/tours\/suiza-es\/ginebra\/todos-los-tours-y-actividades-privadas-es-3\/tour-privado-de-annecy-y-ginebra\/#breadcrumb\",\"itemListElement\":[{\"@type\":\"ListItem\",\"position\":1,\"name\":\"Home\",\"item\":\"https:\/\/tourtravelandmore.com\/es\/\"},{\"@type\":\"ListItem\",\"position\":2,\"name\":\"Tours\",\"item\":\"https:\/\/tourtravelandmore.com\/es\/tours\/\"},{\"@type\":\"ListItem\",\"position\":3,\"name\":\"Tour privado de Annecy y Ginebra\"}]},{\"@type\":\"WebSite\",\"@id\":\"https:\/\/tourtravelandmore.com\/es\/#website\",\"url\":\"https:\/\/tourtravelandmore.com\/es\/\",\"name\":\"Tour Travel And More\",\"description\":\"Private sightseeing tours and luxury transfers in Spain\",\"publisher\":{\"@id\":\"https:\/\/tourtravelandmore.com\/es\/#organization\"},\"potentialAction\":[{\"@type\":\"SearchAction\",\"target\":{\"@type\":\"EntryPoint\",\"urlTemplate\":\"https:\/\/tourtravelandmore.com\/es\/?s={search_term_string}\"},\"query-input\":{\"@type\":\"PropertyValueSpecification\",\"valueRequired\":true,\"valueName\":\"search_term_string\"}}],\"inLanguage\":\"es\"},{\"@type\":\"Organization\",\"@id\":\"https:\/\/tourtravelandmore.com\/es\/#organization\",\"name\":\"Tour Travel And More\",\"url\":\"https:\/\/tourtravelandmore.com\/es\/\",\"logo\":{\"@type\":\"ImageObject\",\"inLanguage\":\"es\",\"@id\":\"https:\/\/tourtravelandmore.com\/es\/#\/schema\/logo\/image\/\",\"url\":\"https:\/\/tourtravelandmore.com\/wp-content\/uploads\/2022\/12\/cropped-logo-cabecera-new.png\",\"contentUrl\":\"https:\/\/tourtravelandmore.com\/wp-content\/uploads\/2022\/12\/cropped-logo-cabecera-new.png\",\"width\":430,\"height\":61,\"caption\":\"Tour Travel And More\"},\"image\":{\"@id\":\"https:\/\/tourtravelandmore.com\/es\/#\/schema\/logo\/image\/\"},\"sameAs\":[\"https:\/\/www.facebook.com\/tourtravelandmore\/\",\"https:\/\/x.com\/TourTravel_More\"]}]}<\/script>\n<!-- \/ Yoast SEO Premium plugin. -->","yoast_head_json":{"title":"\u27a1\ufe0f Tour privado de 8 horas por Annecy y Ginebra | Tour Travel and More","description":"Descubra la belleza de Annecy y Ginebra con nuestro exclusivo tour privado de 8 horas, con veh\u00edculo de lujo, gu\u00eda privado y visitas a lugares emblem\u00e1ticos. \u00a1Reserve hoy mismo su inolvidable experiencia! \u2705","robots":{"index":"index","follow":"follow","max-snippet":"max-snippet:-1","max-image-preview":"max-image-preview:large","max-video-preview":"max-video-preview:-1"},"canonical":"https:\/\/tourtravelandmore.com\/es\/tours\/suiza-es\/ginebra\/todos-los-tours-y-actividades-privadas-es-3\/tour-privado-de-annecy-y-ginebra\/","og_locale":"es_ES","og_type":"article","og_title":"Tour privado de Annecy y Ginebra","og_description":"Descubra la belleza de Annecy y Ginebra con nuestro exclusivo tour privado de 8 horas, con veh\u00edculo de lujo, gu\u00eda privado y visitas a lugares emblem\u00e1ticos. \u00a1Reserve hoy mismo su inolvidable experiencia! \u2705","og_url":"https:\/\/tourtravelandmore.com\/es\/tours\/suiza-es\/ginebra\/todos-los-tours-y-actividades-privadas-es-3\/tour-privado-de-annecy-y-ginebra\/","og_site_name":"Tour Travel And More","article_publisher":"https:\/\/www.facebook.com\/tourtravelandmore\/","article_modified_time":"2023-04-22T03:37:40+00:00","og_image":[{"width":950,"height":750,"url":"https:\/\/tourtravelandmore.com\/wp-content\/uploads\/2023\/04\/image2-9.jpg","type":"image\/jpeg"}],"twitter_card":"summary_large_image","twitter_site":"@TourTravel_More","twitter_misc":{"Tiempo de lectura":"4 minutos"},"schema":{"@context":"https:\/\/schema.org","@graph":[{"@type":"WebPage","@id":"https:\/\/tourtravelandmore.com\/es\/tours\/suiza-es\/ginebra\/todos-los-tours-y-actividades-privadas-es-3\/tour-privado-de-annecy-y-ginebra\/","url":"https:\/\/tourtravelandmore.com\/es\/tours\/suiza-es\/ginebra\/todos-los-tours-y-actividades-privadas-es-3\/tour-privado-de-annecy-y-ginebra\/","name":"\u27a1\ufe0f Tour privado de 8 horas por Annecy y Ginebra | Tour Travel and More","isPartOf":{"@id":"https:\/\/tourtravelandmore.com\/es\/#website"},"primaryImageOfPage":{"@id":"https:\/\/tourtravelandmore.com\/es\/tours\/suiza-es\/ginebra\/todos-los-tours-y-actividades-privadas-es-3\/tour-privado-de-annecy-y-ginebra\/#primaryimage"},"image":{"@id":"https:\/\/tourtravelandmore.com\/es\/tours\/suiza-es\/ginebra\/todos-los-tours-y-actividades-privadas-es-3\/tour-privado-de-annecy-y-ginebra\/#primaryimage"},"thumbnailUrl":"https:\/\/tourtravelandmore.com\/wp-content\/uploads\/2023\/04\/image2-9.jpg","datePublished":"2023-04-20T04:33:12+00:00","dateModified":"2023-04-22T03:37:40+00:00","description":"Descubra la belleza de Annecy y Ginebra con nuestro exclusivo tour privado de 8 horas, con veh\u00edculo de lujo, gu\u00eda privado y visitas a lugares emblem\u00e1ticos. \u00a1Reserve hoy mismo su inolvidable experiencia! \u2705","breadcrumb":{"@id":"https:\/\/tourtravelandmore.com\/es\/tours\/suiza-es\/ginebra\/todos-los-tours-y-actividades-privadas-es-3\/tour-privado-de-annecy-y-ginebra\/#breadcrumb"},"inLanguage":"es","potentialAction":[{"@type":"ReadAction","target":["https:\/\/tourtravelandmore.com\/es\/tours\/suiza-es\/ginebra\/todos-los-tours-y-actividades-privadas-es-3\/tour-privado-de-annecy-y-ginebra\/"]}]},{"@type":"ImageObject","inLanguage":"es","@id":"https:\/\/tourtravelandmore.com\/es\/tours\/suiza-es\/ginebra\/todos-los-tours-y-actividades-privadas-es-3\/tour-privado-de-annecy-y-ginebra\/#primaryimage","url":"https:\/\/tourtravelandmore.com\/wp-content\/uploads\/2023\/04\/image2-9.jpg","contentUrl":"https:\/\/tourtravelandmore.com\/wp-content\/uploads\/2023\/04\/image2-9.jpg","width":950,"height":750},{"@type":"BreadcrumbList","@id":"https:\/\/tourtravelandmore.com\/es\/tours\/suiza-es\/ginebra\/todos-los-tours-y-actividades-privadas-es-3\/tour-privado-de-annecy-y-ginebra\/#breadcrumb","itemListElement":[{"@type":"ListItem","position":1,"name":"Home","item":"https:\/\/tourtravelandmore.com\/es\/"},{"@type":"ListItem","position":2,"name":"Tours","item":"https:\/\/tourtravelandmore.com\/es\/tours\/"},{"@type":"ListItem","position":3,"name":"Tour privado de Annecy y Ginebra"}]},{"@type":"WebSite","@id":"https:\/\/tourtravelandmore.com\/es\/#website","url":"https:\/\/tourtravelandmore.com\/es\/","name":"Tour Travel And More","description":"Private sightseeing tours and luxury transfers in Spain","publisher":{"@id":"https:\/\/tourtravelandmore.com\/es\/#organization"},"potentialAction":[{"@type":"SearchAction","target":{"@type":"EntryPoint","urlTemplate":"https:\/\/tourtravelandmore.com\/es\/?s={search_term_string}"},"query-input":{"@type":"PropertyValueSpecification","valueRequired":true,"valueName":"search_term_string"}}],"inLanguage":"es"},{"@type":"Organization","@id":"https:\/\/tourtravelandmore.com\/es\/#organization","name":"Tour Travel And More","url":"https:\/\/tourtravelandmore.com\/es\/","logo":{"@type":"ImageObject","inLanguage":"es","@id":"https:\/\/tourtravelandmore.com\/es\/#\/schema\/logo\/image\/","url":"https:\/\/tourtravelandmore.com\/wp-content\/uploads\/2022\/12\/cropped-logo-cabecera-new.png","contentUrl":"https:\/\/tourtravelandmore.com\/wp-content\/uploads\/2022\/12\/cropped-logo-cabecera-new.png","width":430,"height":61,"caption":"Tour Travel And More"},"image":{"@id":"https:\/\/tourtravelandmore.com\/es\/#\/schema\/logo\/image\/"},"sameAs":["https:\/\/www.facebook.com\/tourtravelandmore\/","https:\/\/x.com\/TourTravel_More"]}]}},"_links":{"self":[{"href":"https:\/\/tourtravelandmore.com\/es\/wp-json\/wp\/v2\/product\/162952","targetHints":{"allow":["GET"]}}],"collection":[{"href":"https:\/\/tourtravelandmore.com\/es\/wp-json\/wp\/v2\/product"}],"about":[{"href":"https:\/\/tourtravelandmore.com\/es\/wp-json\/wp\/v2\/types\/product"}],"replies":[{"embeddable":true,"href":"https:\/\/tourtravelandmore.com\/es\/wp-json\/wp\/v2\/comments?post=162952"}],"wp:featuredmedia":[{"embeddable":true,"href":"https:\/\/tourtravelandmore.com\/es\/wp-json\/wp\/v2\/media\/162940"}],"wp:attachment":[{"href":"https:\/\/tourtravelandmore.com\/es\/wp-json\/wp\/v2\/media?parent=162952"}],"wp:term":[{"taxonomy":"product_brand","embeddable":true,"href":"https:\/\/tourtravelandmore.com\/es\/wp-json\/wp\/v2\/product_brand?post=162952"},{"taxonomy":"product_cat","embeddable":true,"href":"https:\/\/tourtravelandmore.com\/es\/wp-json\/wp\/v2\/product_cat?post=162952"},{"taxonomy":"product_tag","embeddable":true,"href":"https:\/\/tourtravelandmore.com\/es\/wp-json\/wp\/v2\/product_tag?post=162952"}],"curies":[{"name":"wp","href":"https:\/\/api.w.org\/{rel}","templated":true}]}}