{"id":162633,"date":"2023-04-18T04:18:42","date_gmt":"2023-04-18T02:18:42","guid":{"rendered":"https:\/\/tourtravelandmore.com\/tours\/sin%20categor\u00eda\/excursion-privada-a-annecy-desde-ginebra\/"},"modified":"2023-04-22T05:35:53","modified_gmt":"2023-04-22T03:35:53","slug":"excursion-privada-a-annecy-desde-ginebra","status":"publish","type":"product","link":"https:\/\/tourtravelandmore.com\/es\/tours\/suiza-es\/ginebra\/todos-los-tours-y-actividades-privadas-es-3\/excursion-privada-a-annecy-desde-ginebra\/","title":{"rendered":"Excursi\u00f3n privada a Annecy desde Ginebra"},"content":{"rendered":"<h2><b>Tour privado a Annecy desde Ginebra Descripci\u00f3n<\/b><\/h2>\n<p><span style=\"font-weight: 400;\">Emb\u00e1rquese en una encantadora excursi\u00f3n privada de 5 horas a Annecy desde Ginebra, ofrecida por Tour Travel and More. En la comodidad de un veh\u00edculo privado de lujo y acompa\u00f1ado por un gu\u00eda experto, explorar\u00e1 la pintoresca ciudad de Annecy, a menudo conocida como la &#8220;Venecia de los Alpes&#8221;. Conocida por su impresionante arquitectura, su encanto hist\u00f3rico y sus serenos canales, esta excursi\u00f3n promete proporcionarle una experiencia inolvidable mientras descubre la magia de Annecy. Nuestros gu\u00edas profesionales adaptar\u00e1n el recorrido a sus preferencias, garantizando un viaje personalizado y envolvente a trav\u00e9s de esta cautivadora ciudad alpina.<\/span><\/p>\n<h2><b>Puntos de interes en la Excursi\u00f3n privada a Annecy desde Ginebra<\/b><\/h2>\n<p><span style=\"font-weight: 400;\">Del\u00e9itese con la belleza de los monumentos m\u00e1s emblem\u00e1ticos y los tesoros ocultos de Annecy mientras nuestros experimentados gu\u00edas le conducen en un cautivador viaje a trav\u00e9s de la rica historia, cultura e impresionantes paisajes de la ciudad. Desde las encantadoras calles del casco antiguo hasta el impresionante Ch\u00e2teau d&#8217;Annecy, esta excursi\u00f3n privada muestra lo mejor de Annecy. Por el camino, tambi\u00e9n tendr\u00e1 la oportunidad de explorar encantadores canales, vibrantes mercados e impresionantes vistas panor\u00e1micas, todo ello mientras adquiere una visi\u00f3n \u00fanica del patrimonio de la ciudad y su importancia en la pintoresca regi\u00f3n alpina.<\/span><\/p>\n<h3><b>Casco antiguo de Annecy<\/b><\/h3>\n<p><span style=\"font-weight: 400;\">El casco antiguo de Annecy, con sus estrechas calles adoquinadas y sus coloridos edificios, es una visita obligada para los visitantes. Su encantador ambiente, sus bulliciosos mercados y sus encantadoras tiendas lo convierten en un lugar ideal para explorar y sumergirse en la historia de la ciudad. Descubra los pintorescos canales y puentes que le han valido a Annecy el sobrenombre de &#8220;Venecia de los Alpes&#8221;. Pasee por las animadas calles, contemple la bella arquitectura y del\u00e9itese con las delicias culinarias locales mientras experimenta el vibrante coraz\u00f3n de Annecy.<\/span><\/p>\n<h3><b>Castillo de Annecy<\/b><\/h3>\n<p><span style=\"font-weight: 400;\">El Ch\u00e2teau d&#8217;Annecy es un magn\u00edfico castillo situado en lo alto de una colina que domina la ciudad. Este lugar hist\u00f3rico, que fue residencia de los condes de Ginebra, alberga en la actualidad un museo de arte y objetos regionales. La impresionante arquitectura del castillo y sus impresionantes vistas panor\u00e1micas lo convierten en uno de los destinos favoritos de los turistas que visitan Annecy. Explore las fascinantes exposiciones, admire las salas bellamente restauradas y disfrute del impresionante paisaje mientras se adentra en la rica historia de esta notable fortaleza.<\/span><\/p>\n<h3><b>Palacio de la Isla<\/b><\/h3>\n<p><span style=\"font-weight: 400;\">El Palais de l&#8217;Isle es un impresionante edificio del siglo XII situado en una isla del r\u00edo Thiou. Este emblem\u00e1tico monumento, anta\u00f1o prisi\u00f3n y ahora museo, es una maravilla arquitect\u00f3nica que muestra la rica historia de Annecy. Su pintoresco entorno y su singular estructura triangular lo convierten en un lugar de visita obligada en su viaje a Annecy. Pasee por sus interesantes exposiciones, conozca la historia del edificio y tome fotograf\u00edas de este emblem\u00e1tico s\u00edmbolo del patrimonio de Annecy.<\/span><\/p>\n<h2><b>Lago de Annecy<\/b><\/h2>\n<p><span style=\"font-weight: 400;\">El lago de Annecy, uno de los m\u00e1s limpios de Europa, es famoso por sus aguas cristalinas y las impresionantes monta\u00f1as que lo rodean. Enclavado a los pies de los Alpes franceses, el lago ofrece un entorno pintoresco para los amantes de las actividades al aire libre y de la naturaleza. Disfrute de un tranquilo paseo en barco, rel\u00e1jese en la orilla o practique deportes acu\u00e1ticos como kayak y paddleboard. La impresionante belleza del lago de Annecy lo convierte en una parada imprescindible en su visita a Annecy.<\/span><\/p>\n<h3><b>Jardines de Europa<\/b><\/h3>\n<p><span style=\"font-weight: 400;\">Los Jardins de l&#8217;Europe son un hermoso parque paisaj\u00edstico situado a orillas del lago de Annecy. Este exuberante oasis es perfecto para pasear tranquilamente o hacer un picnic, ya que ofrece un apacible retiro de la bulliciosa ciudad. Admire la diversa flora y fauna, las encantadoras esculturas y los \u00e1rboles centenarios que crean una atm\u00f3sfera serena en el coraz\u00f3n de Annecy. Los Jardines de Europa son un lugar encantador para relajarse y apreciar la belleza natural de la regi\u00f3n.<\/span><\/p>\n<h3><b>Bas\u00edlica de la Visitaci\u00f3n<\/b><\/h3>\n<p><span style=\"font-weight: 400;\">La Basilique de la Visitation es una impresionante iglesia del siglo XX situada en una colina que domina Annecy. Con su sorprendente arquitectura y sus incre\u00edbles vistas de la ciudad y del lago de Annecy, la bas\u00edlica es un destino de visita obligada tanto por su significado espiritual como por su impresionante entorno. Explore el magn\u00edfico interior adornado con hermosos frescos, mosaicos y vidrieras, y t\u00f3mese un momento para reflexionar en este tranquilo santuario durante su viaje por Annecy.<\/span><\/p>\n<p><a href=\"https:\/\/tourtravelandmore.com\/es\/ciudad\/suiza-es\/ginebra\/\"><span style=\"font-weight: 400;\">Tour Travel and More ofrece una amplia gama de excursiones privadas en Ginebra y sus alrededores, adaptadas a diversos intereses y preferencias.<\/span><\/a> <span style=\"font-weight: 400;\">Explore nuestra amplia lista de excursiones y descubra la experiencia perfecta para que su visita a Ginebra sea realmente inolvidable.<\/span><\/p>\n","protected":false},"excerpt":{"rendered":"<p><b>\u00a0<\/b><span style=\"font-weight: 400;\">Explore el cautivador encanto de Annecy en una excursi\u00f3n privada de 5 horas desde Ginebra, con veh\u00edculo de lujo, gu\u00eda experto y visitas a lugares emblem\u00e1ticos como el casco antiguo, el Ch\u00e2teau d&#8217;Annecy y el Palais de l&#8217;Isle.<\/span><\/p>\n","protected":false},"featured_media":162624,"comment_status":"open","ping_status":"closed","template":"","meta":{"_acf_changed":false},"product_brand":[],"product_cat":[4342,4381],"product_tag":[],"class_list":{"0":"post-162633","1":"product","2":"type-product","3":"status-publish","4":"has-post-thumbnail","6":"product_cat-ginebra","7":"product_cat-todos-los-tours-y-actividades-privadas-es-3","9":"first","10":"instock","11":"shipping-taxable","12":"purchasable","13":"product-type-simple"},"acf":[],"yoast_head":"<!-- This site is optimized with the Yoast SEO Premium plugin v25.3.1 (Yoast SEO v25.3.1) - https:\/\/yoast.com\/wordpress\/plugins\/seo\/ -->\n<title>\u27a1\ufe0f Tour privado a Annecy desde Ginebra con veh\u00edculo de lujo y gu\u00eda experto<\/title>\n<meta name=\"description\" content=\"Descubra la &quot;Venecia de los Alpes&quot; en una excursi\u00f3n privada de 5 horas desde Ginebra a Annecy, con transporte de lujo, un gu\u00eda experto y lugares emblem\u00e1ticos. \u00a1Reserve ahora! \u2705\" \/>\n<meta name=\"robots\" content=\"index, follow, max-snippet:-1, max-image-preview:large, max-video-preview:-1\" \/>\n<link rel=\"canonical\" href=\"https:\/\/tourtravelandmore.com\/es\/tours\/suiza-es\/ginebra\/todos-los-tours-y-actividades-privadas-es-3\/excursion-privada-a-annecy-desde-ginebra\/\" \/>\n<meta property=\"og:locale\" content=\"es_ES\" \/>\n<meta property=\"og:type\" content=\"article\" \/>\n<meta property=\"og:title\" content=\"Excursi\u00f3n privada a Annecy desde Ginebra\" \/>\n<meta property=\"og:description\" content=\"Descubra la &quot;Venecia de los Alpes&quot; en una excursi\u00f3n privada de 5 horas desde Ginebra a Annecy, con transporte de lujo, un gu\u00eda experto y lugares emblem\u00e1ticos. \u00a1Reserve ahora! \u2705\" \/>\n<meta property=\"og:url\" content=\"https:\/\/tourtravelandmore.com\/es\/tours\/suiza-es\/ginebra\/todos-los-tours-y-actividades-privadas-es-3\/excursion-privada-a-annecy-desde-ginebra\/\" \/>\n<meta property=\"og:site_name\" content=\"Tour Travel And More\" \/>\n<meta property=\"article:publisher\" content=\"https:\/\/www.facebook.com\/tourtravelandmore\/\" \/>\n<meta property=\"article:modified_time\" content=\"2023-04-22T03:35:53+00:00\" \/>\n<meta property=\"og:image\" content=\"https:\/\/tourtravelandmore.com\/wp-content\/uploads\/2023\/04\/image3-8.jpg\" \/>\n\t<meta property=\"og:image:width\" content=\"950\" \/>\n\t<meta property=\"og:image:height\" content=\"750\" \/>\n\t<meta property=\"og:image:type\" content=\"image\/jpeg\" \/>\n<meta name=\"twitter:card\" content=\"summary_large_image\" \/>\n<meta name=\"twitter:site\" content=\"@TourTravel_More\" \/>\n<meta name=\"twitter:label1\" content=\"Tiempo de lectura\" \/>\n\t<meta name=\"twitter:data1\" content=\"4 minutos\" \/>\n<script type=\"application\/ld+json\" class=\"yoast-schema-graph\">{\"@context\":\"https:\/\/schema.org\",\"@graph\":[{\"@type\":\"WebPage\",\"@id\":\"https:\/\/tourtravelandmore.com\/es\/tours\/suiza-es\/ginebra\/todos-los-tours-y-actividades-privadas-es-3\/excursion-privada-a-annecy-desde-ginebra\/\",\"url\":\"https:\/\/tourtravelandmore.com\/es\/tours\/suiza-es\/ginebra\/todos-los-tours-y-actividades-privadas-es-3\/excursion-privada-a-annecy-desde-ginebra\/\",\"name\":\"\u27a1\ufe0f Tour privado a Annecy desde Ginebra con veh\u00edculo de lujo y gu\u00eda experto\",\"isPartOf\":{\"@id\":\"https:\/\/tourtravelandmore.com\/es\/#website\"},\"primaryImageOfPage\":{\"@id\":\"https:\/\/tourtravelandmore.com\/es\/tours\/suiza-es\/ginebra\/todos-los-tours-y-actividades-privadas-es-3\/excursion-privada-a-annecy-desde-ginebra\/#primaryimage\"},\"image\":{\"@id\":\"https:\/\/tourtravelandmore.com\/es\/tours\/suiza-es\/ginebra\/todos-los-tours-y-actividades-privadas-es-3\/excursion-privada-a-annecy-desde-ginebra\/#primaryimage\"},\"thumbnailUrl\":\"https:\/\/tourtravelandmore.com\/wp-content\/uploads\/2023\/04\/image3-8.jpg\",\"datePublished\":\"2023-04-18T02:18:42+00:00\",\"dateModified\":\"2023-04-22T03:35:53+00:00\",\"description\":\"Descubra la \\\"Venecia de los Alpes\\\" en una excursi\u00f3n privada de 5 horas desde Ginebra a Annecy, con transporte de lujo, un gu\u00eda experto y lugares emblem\u00e1ticos. \u00a1Reserve ahora! \u2705\",\"breadcrumb\":{\"@id\":\"https:\/\/tourtravelandmore.com\/es\/tours\/suiza-es\/ginebra\/todos-los-tours-y-actividades-privadas-es-3\/excursion-privada-a-annecy-desde-ginebra\/#breadcrumb\"},\"inLanguage\":\"es\",\"potentialAction\":[{\"@type\":\"ReadAction\",\"target\":[\"https:\/\/tourtravelandmore.com\/es\/tours\/suiza-es\/ginebra\/todos-los-tours-y-actividades-privadas-es-3\/excursion-privada-a-annecy-desde-ginebra\/\"]}]},{\"@type\":\"ImageObject\",\"inLanguage\":\"es\",\"@id\":\"https:\/\/tourtravelandmore.com\/es\/tours\/suiza-es\/ginebra\/todos-los-tours-y-actividades-privadas-es-3\/excursion-privada-a-annecy-desde-ginebra\/#primaryimage\",\"url\":\"https:\/\/tourtravelandmore.com\/wp-content\/uploads\/2023\/04\/image3-8.jpg\",\"contentUrl\":\"https:\/\/tourtravelandmore.com\/wp-content\/uploads\/2023\/04\/image3-8.jpg\",\"width\":950,\"height\":750},{\"@type\":\"BreadcrumbList\",\"@id\":\"https:\/\/tourtravelandmore.com\/es\/tours\/suiza-es\/ginebra\/todos-los-tours-y-actividades-privadas-es-3\/excursion-privada-a-annecy-desde-ginebra\/#breadcrumb\",\"itemListElement\":[{\"@type\":\"ListItem\",\"position\":1,\"name\":\"Home\",\"item\":\"https:\/\/tourtravelandmore.com\/es\/\"},{\"@type\":\"ListItem\",\"position\":2,\"name\":\"Tours\",\"item\":\"https:\/\/tourtravelandmore.com\/es\/tours\/\"},{\"@type\":\"ListItem\",\"position\":3,\"name\":\"Excursi\u00f3n privada a Annecy desde Ginebra\"}]},{\"@type\":\"WebSite\",\"@id\":\"https:\/\/tourtravelandmore.com\/es\/#website\",\"url\":\"https:\/\/tourtravelandmore.com\/es\/\",\"name\":\"Tour Travel And More\",\"description\":\"Private sightseeing tours and luxury transfers in Spain\",\"publisher\":{\"@id\":\"https:\/\/tourtravelandmore.com\/es\/#organization\"},\"potentialAction\":[{\"@type\":\"SearchAction\",\"target\":{\"@type\":\"EntryPoint\",\"urlTemplate\":\"https:\/\/tourtravelandmore.com\/es\/?s={search_term_string}\"},\"query-input\":{\"@type\":\"PropertyValueSpecification\",\"valueRequired\":true,\"valueName\":\"search_term_string\"}}],\"inLanguage\":\"es\"},{\"@type\":\"Organization\",\"@id\":\"https:\/\/tourtravelandmore.com\/es\/#organization\",\"name\":\"Tour Travel And More\",\"url\":\"https:\/\/tourtravelandmore.com\/es\/\",\"logo\":{\"@type\":\"ImageObject\",\"inLanguage\":\"es\",\"@id\":\"https:\/\/tourtravelandmore.com\/es\/#\/schema\/logo\/image\/\",\"url\":\"https:\/\/tourtravelandmore.com\/wp-content\/uploads\/2022\/12\/cropped-logo-cabecera-new.png\",\"contentUrl\":\"https:\/\/tourtravelandmore.com\/wp-content\/uploads\/2022\/12\/cropped-logo-cabecera-new.png\",\"width\":430,\"height\":61,\"caption\":\"Tour Travel And More\"},\"image\":{\"@id\":\"https:\/\/tourtravelandmore.com\/es\/#\/schema\/logo\/image\/\"},\"sameAs\":[\"https:\/\/www.facebook.com\/tourtravelandmore\/\",\"https:\/\/x.com\/TourTravel_More\"]}]}<\/script>\n<!-- \/ Yoast SEO Premium plugin. -->","yoast_head_json":{"title":"\u27a1\ufe0f Tour privado a Annecy desde Ginebra con veh\u00edculo de lujo y gu\u00eda experto","description":"Descubra la \"Venecia de los Alpes\" en una excursi\u00f3n privada de 5 horas desde Ginebra a Annecy, con transporte de lujo, un gu\u00eda experto y lugares emblem\u00e1ticos. \u00a1Reserve ahora! \u2705","robots":{"index":"index","follow":"follow","max-snippet":"max-snippet:-1","max-image-preview":"max-image-preview:large","max-video-preview":"max-video-preview:-1"},"canonical":"https:\/\/tourtravelandmore.com\/es\/tours\/suiza-es\/ginebra\/todos-los-tours-y-actividades-privadas-es-3\/excursion-privada-a-annecy-desde-ginebra\/","og_locale":"es_ES","og_type":"article","og_title":"Excursi\u00f3n privada a Annecy desde Ginebra","og_description":"Descubra la \"Venecia de los Alpes\" en una excursi\u00f3n privada de 5 horas desde Ginebra a Annecy, con transporte de lujo, un gu\u00eda experto y lugares emblem\u00e1ticos. \u00a1Reserve ahora! \u2705","og_url":"https:\/\/tourtravelandmore.com\/es\/tours\/suiza-es\/ginebra\/todos-los-tours-y-actividades-privadas-es-3\/excursion-privada-a-annecy-desde-ginebra\/","og_site_name":"Tour Travel And More","article_publisher":"https:\/\/www.facebook.com\/tourtravelandmore\/","article_modified_time":"2023-04-22T03:35:53+00:00","og_image":[{"width":950,"height":750,"url":"https:\/\/tourtravelandmore.com\/wp-content\/uploads\/2023\/04\/image3-8.jpg","type":"image\/jpeg"}],"twitter_card":"summary_large_image","twitter_site":"@TourTravel_More","twitter_misc":{"Tiempo de lectura":"4 minutos"},"schema":{"@context":"https:\/\/schema.org","@graph":[{"@type":"WebPage","@id":"https:\/\/tourtravelandmore.com\/es\/tours\/suiza-es\/ginebra\/todos-los-tours-y-actividades-privadas-es-3\/excursion-privada-a-annecy-desde-ginebra\/","url":"https:\/\/tourtravelandmore.com\/es\/tours\/suiza-es\/ginebra\/todos-los-tours-y-actividades-privadas-es-3\/excursion-privada-a-annecy-desde-ginebra\/","name":"\u27a1\ufe0f Tour privado a Annecy desde Ginebra con veh\u00edculo de lujo y gu\u00eda experto","isPartOf":{"@id":"https:\/\/tourtravelandmore.com\/es\/#website"},"primaryImageOfPage":{"@id":"https:\/\/tourtravelandmore.com\/es\/tours\/suiza-es\/ginebra\/todos-los-tours-y-actividades-privadas-es-3\/excursion-privada-a-annecy-desde-ginebra\/#primaryimage"},"image":{"@id":"https:\/\/tourtravelandmore.com\/es\/tours\/suiza-es\/ginebra\/todos-los-tours-y-actividades-privadas-es-3\/excursion-privada-a-annecy-desde-ginebra\/#primaryimage"},"thumbnailUrl":"https:\/\/tourtravelandmore.com\/wp-content\/uploads\/2023\/04\/image3-8.jpg","datePublished":"2023-04-18T02:18:42+00:00","dateModified":"2023-04-22T03:35:53+00:00","description":"Descubra la \"Venecia de los Alpes\" en una excursi\u00f3n privada de 5 horas desde Ginebra a Annecy, con transporte de lujo, un gu\u00eda experto y lugares emblem\u00e1ticos. \u00a1Reserve ahora! \u2705","breadcrumb":{"@id":"https:\/\/tourtravelandmore.com\/es\/tours\/suiza-es\/ginebra\/todos-los-tours-y-actividades-privadas-es-3\/excursion-privada-a-annecy-desde-ginebra\/#breadcrumb"},"inLanguage":"es","potentialAction":[{"@type":"ReadAction","target":["https:\/\/tourtravelandmore.com\/es\/tours\/suiza-es\/ginebra\/todos-los-tours-y-actividades-privadas-es-3\/excursion-privada-a-annecy-desde-ginebra\/"]}]},{"@type":"ImageObject","inLanguage":"es","@id":"https:\/\/tourtravelandmore.com\/es\/tours\/suiza-es\/ginebra\/todos-los-tours-y-actividades-privadas-es-3\/excursion-privada-a-annecy-desde-ginebra\/#primaryimage","url":"https:\/\/tourtravelandmore.com\/wp-content\/uploads\/2023\/04\/image3-8.jpg","contentUrl":"https:\/\/tourtravelandmore.com\/wp-content\/uploads\/2023\/04\/image3-8.jpg","width":950,"height":750},{"@type":"BreadcrumbList","@id":"https:\/\/tourtravelandmore.com\/es\/tours\/suiza-es\/ginebra\/todos-los-tours-y-actividades-privadas-es-3\/excursion-privada-a-annecy-desde-ginebra\/#breadcrumb","itemListElement":[{"@type":"ListItem","position":1,"name":"Home","item":"https:\/\/tourtravelandmore.com\/es\/"},{"@type":"ListItem","position":2,"name":"Tours","item":"https:\/\/tourtravelandmore.com\/es\/tours\/"},{"@type":"ListItem","position":3,"name":"Excursi\u00f3n privada a Annecy desde Ginebra"}]},{"@type":"WebSite","@id":"https:\/\/tourtravelandmore.com\/es\/#website","url":"https:\/\/tourtravelandmore.com\/es\/","name":"Tour Travel And More","description":"Private sightseeing tours and luxury transfers in Spain","publisher":{"@id":"https:\/\/tourtravelandmore.com\/es\/#organization"},"potentialAction":[{"@type":"SearchAction","target":{"@type":"EntryPoint","urlTemplate":"https:\/\/tourtravelandmore.com\/es\/?s={search_term_string}"},"query-input":{"@type":"PropertyValueSpecification","valueRequired":true,"valueName":"search_term_string"}}],"inLanguage":"es"},{"@type":"Organization","@id":"https:\/\/tourtravelandmore.com\/es\/#organization","name":"Tour Travel And More","url":"https:\/\/tourtravelandmore.com\/es\/","logo":{"@type":"ImageObject","inLanguage":"es","@id":"https:\/\/tourtravelandmore.com\/es\/#\/schema\/logo\/image\/","url":"https:\/\/tourtravelandmore.com\/wp-content\/uploads\/2022\/12\/cropped-logo-cabecera-new.png","contentUrl":"https:\/\/tourtravelandmore.com\/wp-content\/uploads\/2022\/12\/cropped-logo-cabecera-new.png","width":430,"height":61,"caption":"Tour Travel And More"},"image":{"@id":"https:\/\/tourtravelandmore.com\/es\/#\/schema\/logo\/image\/"},"sameAs":["https:\/\/www.facebook.com\/tourtravelandmore\/","https:\/\/x.com\/TourTravel_More"]}]}},"_links":{"self":[{"href":"https:\/\/tourtravelandmore.com\/es\/wp-json\/wp\/v2\/product\/162633","targetHints":{"allow":["GET"]}}],"collection":[{"href":"https:\/\/tourtravelandmore.com\/es\/wp-json\/wp\/v2\/product"}],"about":[{"href":"https:\/\/tourtravelandmore.com\/es\/wp-json\/wp\/v2\/types\/product"}],"replies":[{"embeddable":true,"href":"https:\/\/tourtravelandmore.com\/es\/wp-json\/wp\/v2\/comments?post=162633"}],"wp:featuredmedia":[{"embeddable":true,"href":"https:\/\/tourtravelandmore.com\/es\/wp-json\/wp\/v2\/media\/162624"}],"wp:attachment":[{"href":"https:\/\/tourtravelandmore.com\/es\/wp-json\/wp\/v2\/media?parent=162633"}],"wp:term":[{"taxonomy":"product_brand","embeddable":true,"href":"https:\/\/tourtravelandmore.com\/es\/wp-json\/wp\/v2\/product_brand?post=162633"},{"taxonomy":"product_cat","embeddable":true,"href":"https:\/\/tourtravelandmore.com\/es\/wp-json\/wp\/v2\/product_cat?post=162633"},{"taxonomy":"product_tag","embeddable":true,"href":"https:\/\/tourtravelandmore.com\/es\/wp-json\/wp\/v2\/product_tag?post=162633"}],"curies":[{"name":"wp","href":"https:\/\/api.w.org\/{rel}","templated":true}]}}