{"id":162590,"date":"2023-04-18T03:54:12","date_gmt":"2023-04-18T01:54:12","guid":{"rendered":"https:\/\/tourtravelandmore.com\/tours\/sin%20categor\u00eda\/visita-privada-a-pie-de-ginebra\/"},"modified":"2024-03-08T12:37:05","modified_gmt":"2024-03-08T11:37:05","slug":"visita-privada-a-pie-de-ginebra","status":"publish","type":"product","link":"https:\/\/tourtravelandmore.com\/es\/tours\/suiza-es\/ginebra\/todos-los-tours-y-actividades-privadas-es-3\/visita-privada-a-pie-de-ginebra\/","title":{"rendered":"Visita privada a pie de Ginebra"},"content":{"rendered":"<h2><b>Descripci\u00f3n de la Visita Privada a pie de Ginebra<\/b><\/h2>\n<p><span style=\"font-weight: 400;\">Experimente la encantadora atm\u00f3sfera de Ginebra en nuestro Tour Privado a Pie de Ginebra de 3 horas. Acompa\u00f1ado por un gu\u00eda experto, descubrir\u00e1 la rica historia de la ciudad, su patrimonio cultural y su impresionante arquitectura mientras pasea por sus pintorescas calles. Nuestros expertos gu\u00edas le proporcionar\u00e1n una experiencia memorable, adaptada a sus intereses y preferencias, mientras explora a pie el vibrante coraz\u00f3n de Ginebra.<\/span><\/p>\n<p><span style=\"font-weight: 400;\">Durante este atractivo recorrido a pie, tendr\u00e1 la oportunidad de sumergirse realmente en el ambiente \u00fanico de la ciudad, disfrutando de las vistas, los sonidos y los sabores que hacen de Ginebra un lugar tan especial. Marav\u00edllese con los intrincados detalles de los edificios hist\u00f3ricos, del\u00e9itese con la belleza natural de los parques de la ciudad y conozca las fascinantes historias que han dado forma a Ginebra a lo largo de los siglos. Acomp\u00e1\u00f1enos en este viaje inolvidable mientras crea recuerdos duraderos de su estancia en esta cautivadora ciudad.<\/span><\/p>\n<h2><b>Recorrido privado a pie por Ginebra Puntos de inter\u00e9s<\/b><\/h2>\n<p><span style=\"font-weight: 400;\">Descubra el encanto de los lugares emblem\u00e1ticos y las joyas ocultas de Ginebra en este recorrido a pie. Mientras recorre el bullicioso centro hist\u00f3rico de la ciudad, nuestros gu\u00edas expertos le contar\u00e1n historias cautivadoras y le mostrar\u00e1n los lugares que hacen de Ginebra un destino excepcional para los amantes de la historia y la cultura.<\/span><\/p>\n<p><span style=\"font-weight: 400;\">Descubra los secretos que se esconden tras las atracciones m\u00e1s famosas de Ginebra y los tesoros menos conocidos mientras recorre las vibrantes calles y plazas de la ciudad. Sea testigo de la armoniosa mezcla de lo antiguo y lo nuevo, as\u00ed como de la singular combinaci\u00f3n de influencias suizas e internacionales de la ciudad. Deje que nuestros experimentados gu\u00edas le revelen las cautivadoras historias, tradiciones y obras maestras art\u00edsticas que hacen de Ginebra un destino inolvidable para los viajeros que buscan experimentar la esencia de esta encantadora ciudad.<\/span><\/p>\n<h3><b>Catedral de San Pedro<\/b><\/h3>\n<p><span style=\"font-weight: 400;\">Ad\u00e9ntrese en la fascinante historia de la Catedral de San Pedro, una joya arquitect\u00f3nica que data del siglo XII. Esta notable iglesia ha sufrido numerosas transformaciones a lo largo de los siglos y constituye un testimonio del patrimonio religioso y cultural de Ginebra. El yacimiento arqueol\u00f3gico de la catedral y las vistas panor\u00e1micas desde la torre son atracciones de visita obligada.<\/span><\/p>\n<h3><b>El casco antiguo<\/b><\/h3>\n<p><span style=\"font-weight: 400;\">Pasee por las encantadoras calles adoquinadas del casco antiguo de Ginebra, un laberinto de pintorescas plazas, edificios hist\u00f3ricos y pintorescas boutiques. Esta zona bien conservada alberga algunos de los monumentos m\u00e1s significativos de la ciudad, como el Ayuntamiento y la Maison Tavel. Conozca las historias y tradiciones que dieron forma al pasado de Ginebra mientras pasea por su encantador centro hist\u00f3rico.<\/span><\/p>\n<h3><b>Plaza del Bourg-de-Four<\/b><\/h3>\n<p><span style=\"font-weight: 400;\">Visite la Place du Bourg-de-Four, la plaza m\u00e1s antigua de Ginebra, llena de vida y rodeada de edificios hist\u00f3ricos. Este vibrante espacio p\u00fablico es uno de los favoritos tanto de los ginebrinos como de los turistas, ya que ofrece una visi\u00f3n de la vida cotidiana de la ciudad. Emp\u00e1pese del ambiente y admire la encantadora arquitectura mientras explora este importante lugar.<\/span><\/p>\n<h3><b>El Reloj de Flores<\/b><\/h3>\n<p><span style=\"font-weight: 400;\">El Reloj de Flores, situado en el Jard\u00edn Ingl\u00e9s, es un s\u00edmbolo de la renombrada industria relojera de Ginebra. Esta atracci\u00f3n \u00fanica cuenta con un reloj funcional hecho de coloridas flores de temporada y es una visita obligada para cualquier viajero de la ciudad. Disfrute del bello entorno y aprecie la intrincada artesan\u00eda de este reloj viviente.<\/span><\/p>\n<h3><b>Carouge<\/b><\/h3>\n<p><span style=\"font-weight: 400;\">Descubra el encanto de Carouge, un pintoresco barrio conocido por su arquitectura de inspiraci\u00f3n italiana y su ambiente vibrante. La zona cuenta con una mezcla de talleres artesanos, boutiques de moda y acogedores caf\u00e9s, lo que la convierte en el destino perfecto para pasear sin prisas. Experimente el animado esp\u00edritu de Carouge mientras descubre las joyas ocultas de este barrio bohemio.<\/span><\/p>\n<p><b>Descubra m\u00e1s de Ginebra con Tour Travel and More<\/b><\/p>\n<p><a href=\"https:\/\/tourtravelandmore.com\/es\/ciudad\/suiza-es\/ginebra\/\"><span style=\"font-weight: 400;\">Para explorar a\u00fan m\u00e1s Ginebra y sus alrededores, visite el sitio web de Tour Travel and More. <\/span><\/a><span style=\"font-weight: 400;\">Consulte nuestra amplia lista de visitas privadas dise\u00f1adas para satisfacer sus intereses y preferencias individuales. Deje que nuestros gu\u00edas expertos le ayuden a descubrir lo mejor de Ginebra.<\/span><\/p>\n","protected":false},"excerpt":{"rendered":"<p><span style=\"font-weight: 400;\">Sum\u00e9rjase en la belleza y la historia de Ginebra en nuestro recorrido privado a pie de 3 horas por Ginebra. Explore los lugares emblem\u00e1ticos de la ciudad, sus encantadoras calles y sus joyas ocultas con la atenci\u00f3n personalizada de un gu\u00eda experto.<\/span><\/p>\n<p>&nbsp;<\/p>\n","protected":false},"featured_media":162575,"comment_status":"open","ping_status":"closed","template":"","meta":{"_acf_changed":false},"product_brand":[],"product_cat":[4342,4381,4385],"product_tag":[],"class_list":{"0":"post-162590","1":"product","2":"type-product","3":"status-publish","4":"has-post-thumbnail","6":"product_cat-ginebra","7":"product_cat-todos-los-tours-y-actividades-privadas-es-3","8":"product_cat-visitas-privadas-a-pie-es","10":"first","11":"instock","12":"shipping-taxable","13":"purchasable","14":"product-type-simple"},"acf":[],"yoast_head":"<!-- This site is optimized with the Yoast SEO Premium plugin v25.3.1 (Yoast SEO v25.3.1) - https:\/\/yoast.com\/wordpress\/plugins\/seo\/ -->\n<title>\u27a1\ufe0f Visita privada a pie de Ginebra: Descubra el encanto de Ginebra con Tour Travel and More<\/title>\n<meta name=\"description\" content=\"Pasee por las encantadoras calles de Ginebra y descubra sus lugares emblem\u00e1ticos, su rica historia y su vibrante cultura en nuestro exclusivo Tour Privado a Pie por Ginebra de 3 horas \u2705\" \/>\n<meta name=\"robots\" content=\"index, follow, max-snippet:-1, max-image-preview:large, max-video-preview:-1\" \/>\n<link rel=\"canonical\" href=\"https:\/\/tourtravelandmore.com\/es\/tours\/suiza-es\/ginebra\/todos-los-tours-y-actividades-privadas-es-3\/visita-privada-a-pie-de-ginebra\/\" \/>\n<meta property=\"og:locale\" content=\"es_ES\" \/>\n<meta property=\"og:type\" content=\"article\" \/>\n<meta property=\"og:title\" content=\"Visita privada a pie de Ginebra\" \/>\n<meta property=\"og:description\" content=\"Pasee por las encantadoras calles de Ginebra y descubra sus lugares emblem\u00e1ticos, su rica historia y su vibrante cultura en nuestro exclusivo Tour Privado a Pie por Ginebra de 3 horas \u2705\" \/>\n<meta property=\"og:url\" content=\"https:\/\/tourtravelandmore.com\/es\/tours\/suiza-es\/ginebra\/todos-los-tours-y-actividades-privadas-es-3\/visita-privada-a-pie-de-ginebra\/\" \/>\n<meta property=\"og:site_name\" content=\"Tour Travel And More\" \/>\n<meta property=\"article:publisher\" content=\"https:\/\/www.facebook.com\/tourtravelandmore\/\" \/>\n<meta property=\"article:modified_time\" content=\"2024-03-08T11:37:05+00:00\" \/>\n<meta property=\"og:image\" content=\"https:\/\/tourtravelandmore.com\/wp-content\/uploads\/2023\/04\/image1-7.jpg\" \/>\n\t<meta property=\"og:image:width\" content=\"950\" \/>\n\t<meta property=\"og:image:height\" content=\"750\" \/>\n\t<meta property=\"og:image:type\" content=\"image\/jpeg\" \/>\n<meta name=\"twitter:card\" content=\"summary_large_image\" \/>\n<meta name=\"twitter:site\" content=\"@TourTravel_More\" \/>\n<meta name=\"twitter:label1\" content=\"Tiempo de lectura\" \/>\n\t<meta name=\"twitter:data1\" content=\"4 minutos\" \/>\n<script type=\"application\/ld+json\" class=\"yoast-schema-graph\">{\"@context\":\"https:\/\/schema.org\",\"@graph\":[{\"@type\":\"WebPage\",\"@id\":\"https:\/\/tourtravelandmore.com\/es\/tours\/suiza-es\/ginebra\/todos-los-tours-y-actividades-privadas-es-3\/visita-privada-a-pie-de-ginebra\/\",\"url\":\"https:\/\/tourtravelandmore.com\/es\/tours\/suiza-es\/ginebra\/todos-los-tours-y-actividades-privadas-es-3\/visita-privada-a-pie-de-ginebra\/\",\"name\":\"\u27a1\ufe0f Visita privada a pie de Ginebra: Descubra el encanto de Ginebra con Tour Travel and More\",\"isPartOf\":{\"@id\":\"https:\/\/tourtravelandmore.com\/es\/#website\"},\"primaryImageOfPage\":{\"@id\":\"https:\/\/tourtravelandmore.com\/es\/tours\/suiza-es\/ginebra\/todos-los-tours-y-actividades-privadas-es-3\/visita-privada-a-pie-de-ginebra\/#primaryimage\"},\"image\":{\"@id\":\"https:\/\/tourtravelandmore.com\/es\/tours\/suiza-es\/ginebra\/todos-los-tours-y-actividades-privadas-es-3\/visita-privada-a-pie-de-ginebra\/#primaryimage\"},\"thumbnailUrl\":\"https:\/\/tourtravelandmore.com\/wp-content\/uploads\/2023\/04\/image1-7.jpg\",\"datePublished\":\"2023-04-18T01:54:12+00:00\",\"dateModified\":\"2024-03-08T11:37:05+00:00\",\"description\":\"Pasee por las encantadoras calles de Ginebra y descubra sus lugares emblem\u00e1ticos, su rica historia y su vibrante cultura en nuestro exclusivo Tour Privado a Pie por Ginebra de 3 horas \u2705\",\"breadcrumb\":{\"@id\":\"https:\/\/tourtravelandmore.com\/es\/tours\/suiza-es\/ginebra\/todos-los-tours-y-actividades-privadas-es-3\/visita-privada-a-pie-de-ginebra\/#breadcrumb\"},\"inLanguage\":\"es\",\"potentialAction\":[{\"@type\":\"ReadAction\",\"target\":[\"https:\/\/tourtravelandmore.com\/es\/tours\/suiza-es\/ginebra\/todos-los-tours-y-actividades-privadas-es-3\/visita-privada-a-pie-de-ginebra\/\"]}]},{\"@type\":\"ImageObject\",\"inLanguage\":\"es\",\"@id\":\"https:\/\/tourtravelandmore.com\/es\/tours\/suiza-es\/ginebra\/todos-los-tours-y-actividades-privadas-es-3\/visita-privada-a-pie-de-ginebra\/#primaryimage\",\"url\":\"https:\/\/tourtravelandmore.com\/wp-content\/uploads\/2023\/04\/image1-7.jpg\",\"contentUrl\":\"https:\/\/tourtravelandmore.com\/wp-content\/uploads\/2023\/04\/image1-7.jpg\",\"width\":950,\"height\":750},{\"@type\":\"BreadcrumbList\",\"@id\":\"https:\/\/tourtravelandmore.com\/es\/tours\/suiza-es\/ginebra\/todos-los-tours-y-actividades-privadas-es-3\/visita-privada-a-pie-de-ginebra\/#breadcrumb\",\"itemListElement\":[{\"@type\":\"ListItem\",\"position\":1,\"name\":\"Home\",\"item\":\"https:\/\/tourtravelandmore.com\/es\/\"},{\"@type\":\"ListItem\",\"position\":2,\"name\":\"Tours\",\"item\":\"https:\/\/tourtravelandmore.com\/es\/tours\/\"},{\"@type\":\"ListItem\",\"position\":3,\"name\":\"Visita privada a pie de Ginebra\"}]},{\"@type\":\"WebSite\",\"@id\":\"https:\/\/tourtravelandmore.com\/es\/#website\",\"url\":\"https:\/\/tourtravelandmore.com\/es\/\",\"name\":\"Tour Travel And More\",\"description\":\"Private sightseeing tours and luxury transfers in Spain\",\"publisher\":{\"@id\":\"https:\/\/tourtravelandmore.com\/es\/#organization\"},\"potentialAction\":[{\"@type\":\"SearchAction\",\"target\":{\"@type\":\"EntryPoint\",\"urlTemplate\":\"https:\/\/tourtravelandmore.com\/es\/?s={search_term_string}\"},\"query-input\":{\"@type\":\"PropertyValueSpecification\",\"valueRequired\":true,\"valueName\":\"search_term_string\"}}],\"inLanguage\":\"es\"},{\"@type\":\"Organization\",\"@id\":\"https:\/\/tourtravelandmore.com\/es\/#organization\",\"name\":\"Tour Travel And More\",\"url\":\"https:\/\/tourtravelandmore.com\/es\/\",\"logo\":{\"@type\":\"ImageObject\",\"inLanguage\":\"es\",\"@id\":\"https:\/\/tourtravelandmore.com\/es\/#\/schema\/logo\/image\/\",\"url\":\"https:\/\/tourtravelandmore.com\/wp-content\/uploads\/2022\/12\/cropped-logo-cabecera-new.png\",\"contentUrl\":\"https:\/\/tourtravelandmore.com\/wp-content\/uploads\/2022\/12\/cropped-logo-cabecera-new.png\",\"width\":430,\"height\":61,\"caption\":\"Tour Travel And More\"},\"image\":{\"@id\":\"https:\/\/tourtravelandmore.com\/es\/#\/schema\/logo\/image\/\"},\"sameAs\":[\"https:\/\/www.facebook.com\/tourtravelandmore\/\",\"https:\/\/x.com\/TourTravel_More\"]}]}<\/script>\n<!-- \/ Yoast SEO Premium plugin. -->","yoast_head_json":{"title":"\u27a1\ufe0f Visita privada a pie de Ginebra: Descubra el encanto de Ginebra con Tour Travel and More","description":"Pasee por las encantadoras calles de Ginebra y descubra sus lugares emblem\u00e1ticos, su rica historia y su vibrante cultura en nuestro exclusivo Tour Privado a Pie por Ginebra de 3 horas \u2705","robots":{"index":"index","follow":"follow","max-snippet":"max-snippet:-1","max-image-preview":"max-image-preview:large","max-video-preview":"max-video-preview:-1"},"canonical":"https:\/\/tourtravelandmore.com\/es\/tours\/suiza-es\/ginebra\/todos-los-tours-y-actividades-privadas-es-3\/visita-privada-a-pie-de-ginebra\/","og_locale":"es_ES","og_type":"article","og_title":"Visita privada a pie de Ginebra","og_description":"Pasee por las encantadoras calles de Ginebra y descubra sus lugares emblem\u00e1ticos, su rica historia y su vibrante cultura en nuestro exclusivo Tour Privado a Pie por Ginebra de 3 horas \u2705","og_url":"https:\/\/tourtravelandmore.com\/es\/tours\/suiza-es\/ginebra\/todos-los-tours-y-actividades-privadas-es-3\/visita-privada-a-pie-de-ginebra\/","og_site_name":"Tour Travel And More","article_publisher":"https:\/\/www.facebook.com\/tourtravelandmore\/","article_modified_time":"2024-03-08T11:37:05+00:00","og_image":[{"width":950,"height":750,"url":"https:\/\/tourtravelandmore.com\/wp-content\/uploads\/2023\/04\/image1-7.jpg","type":"image\/jpeg"}],"twitter_card":"summary_large_image","twitter_site":"@TourTravel_More","twitter_misc":{"Tiempo de lectura":"4 minutos"},"schema":{"@context":"https:\/\/schema.org","@graph":[{"@type":"WebPage","@id":"https:\/\/tourtravelandmore.com\/es\/tours\/suiza-es\/ginebra\/todos-los-tours-y-actividades-privadas-es-3\/visita-privada-a-pie-de-ginebra\/","url":"https:\/\/tourtravelandmore.com\/es\/tours\/suiza-es\/ginebra\/todos-los-tours-y-actividades-privadas-es-3\/visita-privada-a-pie-de-ginebra\/","name":"\u27a1\ufe0f Visita privada a pie de Ginebra: Descubra el encanto de Ginebra con Tour Travel and More","isPartOf":{"@id":"https:\/\/tourtravelandmore.com\/es\/#website"},"primaryImageOfPage":{"@id":"https:\/\/tourtravelandmore.com\/es\/tours\/suiza-es\/ginebra\/todos-los-tours-y-actividades-privadas-es-3\/visita-privada-a-pie-de-ginebra\/#primaryimage"},"image":{"@id":"https:\/\/tourtravelandmore.com\/es\/tours\/suiza-es\/ginebra\/todos-los-tours-y-actividades-privadas-es-3\/visita-privada-a-pie-de-ginebra\/#primaryimage"},"thumbnailUrl":"https:\/\/tourtravelandmore.com\/wp-content\/uploads\/2023\/04\/image1-7.jpg","datePublished":"2023-04-18T01:54:12+00:00","dateModified":"2024-03-08T11:37:05+00:00","description":"Pasee por las encantadoras calles de Ginebra y descubra sus lugares emblem\u00e1ticos, su rica historia y su vibrante cultura en nuestro exclusivo Tour Privado a Pie por Ginebra de 3 horas \u2705","breadcrumb":{"@id":"https:\/\/tourtravelandmore.com\/es\/tours\/suiza-es\/ginebra\/todos-los-tours-y-actividades-privadas-es-3\/visita-privada-a-pie-de-ginebra\/#breadcrumb"},"inLanguage":"es","potentialAction":[{"@type":"ReadAction","target":["https:\/\/tourtravelandmore.com\/es\/tours\/suiza-es\/ginebra\/todos-los-tours-y-actividades-privadas-es-3\/visita-privada-a-pie-de-ginebra\/"]}]},{"@type":"ImageObject","inLanguage":"es","@id":"https:\/\/tourtravelandmore.com\/es\/tours\/suiza-es\/ginebra\/todos-los-tours-y-actividades-privadas-es-3\/visita-privada-a-pie-de-ginebra\/#primaryimage","url":"https:\/\/tourtravelandmore.com\/wp-content\/uploads\/2023\/04\/image1-7.jpg","contentUrl":"https:\/\/tourtravelandmore.com\/wp-content\/uploads\/2023\/04\/image1-7.jpg","width":950,"height":750},{"@type":"BreadcrumbList","@id":"https:\/\/tourtravelandmore.com\/es\/tours\/suiza-es\/ginebra\/todos-los-tours-y-actividades-privadas-es-3\/visita-privada-a-pie-de-ginebra\/#breadcrumb","itemListElement":[{"@type":"ListItem","position":1,"name":"Home","item":"https:\/\/tourtravelandmore.com\/es\/"},{"@type":"ListItem","position":2,"name":"Tours","item":"https:\/\/tourtravelandmore.com\/es\/tours\/"},{"@type":"ListItem","position":3,"name":"Visita privada a pie de Ginebra"}]},{"@type":"WebSite","@id":"https:\/\/tourtravelandmore.com\/es\/#website","url":"https:\/\/tourtravelandmore.com\/es\/","name":"Tour Travel And More","description":"Private sightseeing tours and luxury transfers in Spain","publisher":{"@id":"https:\/\/tourtravelandmore.com\/es\/#organization"},"potentialAction":[{"@type":"SearchAction","target":{"@type":"EntryPoint","urlTemplate":"https:\/\/tourtravelandmore.com\/es\/?s={search_term_string}"},"query-input":{"@type":"PropertyValueSpecification","valueRequired":true,"valueName":"search_term_string"}}],"inLanguage":"es"},{"@type":"Organization","@id":"https:\/\/tourtravelandmore.com\/es\/#organization","name":"Tour Travel And More","url":"https:\/\/tourtravelandmore.com\/es\/","logo":{"@type":"ImageObject","inLanguage":"es","@id":"https:\/\/tourtravelandmore.com\/es\/#\/schema\/logo\/image\/","url":"https:\/\/tourtravelandmore.com\/wp-content\/uploads\/2022\/12\/cropped-logo-cabecera-new.png","contentUrl":"https:\/\/tourtravelandmore.com\/wp-content\/uploads\/2022\/12\/cropped-logo-cabecera-new.png","width":430,"height":61,"caption":"Tour Travel And More"},"image":{"@id":"https:\/\/tourtravelandmore.com\/es\/#\/schema\/logo\/image\/"},"sameAs":["https:\/\/www.facebook.com\/tourtravelandmore\/","https:\/\/x.com\/TourTravel_More"]}]}},"_links":{"self":[{"href":"https:\/\/tourtravelandmore.com\/es\/wp-json\/wp\/v2\/product\/162590","targetHints":{"allow":["GET"]}}],"collection":[{"href":"https:\/\/tourtravelandmore.com\/es\/wp-json\/wp\/v2\/product"}],"about":[{"href":"https:\/\/tourtravelandmore.com\/es\/wp-json\/wp\/v2\/types\/product"}],"replies":[{"embeddable":true,"href":"https:\/\/tourtravelandmore.com\/es\/wp-json\/wp\/v2\/comments?post=162590"}],"wp:featuredmedia":[{"embeddable":true,"href":"https:\/\/tourtravelandmore.com\/es\/wp-json\/wp\/v2\/media\/162575"}],"wp:attachment":[{"href":"https:\/\/tourtravelandmore.com\/es\/wp-json\/wp\/v2\/media?parent=162590"}],"wp:term":[{"taxonomy":"product_brand","embeddable":true,"href":"https:\/\/tourtravelandmore.com\/es\/wp-json\/wp\/v2\/product_brand?post=162590"},{"taxonomy":"product_cat","embeddable":true,"href":"https:\/\/tourtravelandmore.com\/es\/wp-json\/wp\/v2\/product_cat?post=162590"},{"taxonomy":"product_tag","embeddable":true,"href":"https:\/\/tourtravelandmore.com\/es\/wp-json\/wp\/v2\/product_tag?post=162590"}],"curies":[{"name":"wp","href":"https:\/\/api.w.org\/{rel}","templated":true}]}}