{"id":16259,"date":"2017-11-29T14:06:06","date_gmt":"2017-11-29T13:23:04","guid":{"rendered":"http:\/\/tourtravelandmore.com\/es\/?post_type=product&#038;p=16259"},"modified":"2025-05-26T10:47:56","modified_gmt":"2025-05-26T08:47:56","slug":"tour-privado-de-carmona-desde-sevilla","status":"publish","type":"product","link":"https:\/\/tourtravelandmore.com\/es\/tours\/espana-es\/sevilla-es\/tour-privado-de-carmona-desde-sevilla\/","title":{"rendered":"Tour de Carmona desde Sevilla"},"content":{"rendered":"<h2>Descripci\u00f3n del Tour Privado de Carmona y Sevilla desde Sevilla<\/h2>\n<p class=\"p1\">Disfruta de este <a href=\"https:\/\/tourtravelandmore.com\/es\/ciudad\/espana-es\/sevilla-es\/\">tour privado en Sevilla<\/a> de Carmona y Sevilla con <span class=\"s1\"><b>gu\u00eda oficial privado<\/b><\/span> y <span class=\"s1\"><b>veh\u00edculo privado con ch\u00f3fer<\/b><\/span>. Descubre en un mismo d\u00eda uno de los pueblos con m\u00e1s encanto de sus alrededores: <span class=\"s1\"><b>Carmona<\/b><\/span>.<\/p>\n<p class=\"p1\">La duraci\u00f3n del <span class=\"s1\"><b>tour privado de Carmona<\/b><\/span> es de <span class=\"s1\"><b>5 horas<\/b><\/span>. Al ser un tour completamente privado, pueden escoger la <span class=\"s1\"><b>hora<\/b><\/span> y el <span class=\"s1\"><b>lugar de comienzo<\/b><\/span>.<\/p>\n<p class=\"p1\">Durante el recorrido, har\u00e1n una parada en un establecimiento t\u00edpico para <span class=\"s1\"><b>degustar la gastronom\u00eda local<\/b><\/span>, disfrutando de sabores y paisajes que completan una experiencia \u00fanica en la campi\u00f1a sevillana.<\/p>\n<h2><strong>Puntos de inter\u00e9s en el Tour Privado de Carmona desde Sevilla<\/strong><\/h2>\n<p>Su ch\u00f3fer y gu\u00eda privado os recoger\u00e1n en su hotel o punto de selecci\u00f3n persona en Sevilla, y os llevar\u00e1n hacia Carmona, un pueblo con una historia de m\u00e1s de 5000 a\u00f1os que se encuentra a tan solo 30 minutos en coche desde Sevilla.<\/p>\n<p>Dejaron en sus tierras legado hist\u00f3rico, tart\u00e9sicos y cartagineses, estos segundos fueron quienes construyeron la Puerta de Sevilla. Fue tan impresionante, que <strong>C\u00e9sar Augusto<\/strong> dijo de ella que era la ciudad mejor defendida de toda la B\u00e9tica. Protegida por varias puertas, torres y alc\u00e1zares la hicieron infranqueable.<\/p>\n<p>Pero fueron los romanos quienes la transformaron y crearon la mayor\u00eda de monumentos visibles hoy: la <strong>Puerta de C\u00f3rdoba<\/strong>, la <strong>necr\u00f3polis. <\/strong>Actualmente, el Museo de la Necr\u00f3polis, el <strong>anfiteatro<\/strong>, el puente y calzada romana\u2026<\/p>\n<p><strong>Carmona<\/strong> tambi\u00e9n fue testigo del <strong>Al-Andalus;<\/strong> de la \u00e9poca musulmana quedan la mezquita aljama y se cree que el <strong>Alc\u00e1zar del Rey Don Pedro<\/strong>, hoy en d\u00eda el edificio de estilo mud\u00e9jar que ocupa el Parador de Carmona .<\/p>\n<p>Cuando finalicemos la visita del pueblo de Carmona nos dirigiremos hacia <strong>Sevilla,<\/strong> para conocer y recorrer a pie las principales calles del centro hist\u00f3rico.<\/p>\n<h2>En Sevilla podremos conocer:<\/h2>\n<ul>\n<li><strong>Barrio Judio<\/strong><\/li>\n<li><strong>Plaza Espa\u00f1a<\/strong><\/li>\n<li><strong>Sanchez Pijuan<\/strong><\/li>\n<li><strong>Plaza Nova<\/strong><\/li>\n<li><strong>Catedral<\/strong><\/li>\n<li><strong>La Giralda<\/strong><\/li>\n<li><strong>Alcazar<\/strong><\/li>\n<li><strong>Catedral<\/strong><\/li>\n<li><strong>Torre del Oro<\/strong><\/li>\n<li><strong>\u00a1Mucho m\u00e1s!<\/strong><\/li>\n<\/ul>\n<p>Para contactar puede rellenar el formulario de contacto y nuestro equipo le enviar\u00e1 la informaci\u00f3n detallada. No dudes en contactar con nosotros!<\/p>\n","protected":false},"excerpt":{"rendered":"<p>Descubre la ciudad de Sevilla y el Pueblo de Carmona, en este tour de d\u00eda completo, junto a su gu\u00eda oficial privado y vehiculo con conductor. Conoce la Historia, Los monumentos de ambas lugares y las leyendas.<\/p>\n","protected":false},"featured_media":16250,"comment_status":"open","ping_status":"closed","template":"","meta":{"_acf_changed":false},"product_brand":[],"product_cat":[105,106],"product_tag":[],"class_list":{"0":"post-16259","1":"product","2":"type-product","3":"status-publish","4":"has-post-thumbnail","6":"product_cat-sevilla-es","7":"product_cat-sevilla-excursiones-es","9":"first","10":"instock","11":"shipping-taxable","12":"purchasable","13":"product-type-simple"},"acf":[],"yoast_head":"<!-- This site is optimized with the Yoast SEO Premium plugin v25.3.1 (Yoast SEO v25.3.1) - https:\/\/yoast.com\/wordpress\/plugins\/seo\/ -->\n<title>\u27a1\ufe0f Tour de Carmona desde Sevilla | Tour Travel &amp; More<\/title>\n<meta name=\"description\" content=\"Disfruta de este Tour de Carmona y conoce ambos lugares en un d\u00eda, gracias a este tour de d\u00eda completo, junto a su gu\u00eda oficial privado y vehiculo \u2705\" \/>\n<meta name=\"robots\" content=\"index, follow, max-snippet:-1, max-image-preview:large, max-video-preview:-1\" \/>\n<link rel=\"canonical\" href=\"https:\/\/tourtravelandmore.com\/es\/tours\/espana-es\/sevilla-es\/tour-privado-de-carmona-desde-sevilla\/\" \/>\n<meta property=\"og:locale\" content=\"es_ES\" \/>\n<meta property=\"og:type\" content=\"article\" \/>\n<meta property=\"og:title\" content=\"Tour de Carmona desde Sevilla\" \/>\n<meta property=\"og:description\" content=\"Disfruta de este Tour de Carmona y conoce ambos lugares en un d\u00eda, gracias a este tour de d\u00eda completo, junto a su gu\u00eda oficial privado y vehiculo \u2705\" \/>\n<meta property=\"og:url\" content=\"https:\/\/tourtravelandmore.com\/es\/tours\/espana-es\/sevilla-es\/tour-privado-de-carmona-desde-sevilla\/\" \/>\n<meta property=\"og:site_name\" content=\"Tour Travel And More\" \/>\n<meta property=\"article:publisher\" content=\"https:\/\/www.facebook.com\/tourtravelandmore\/\" \/>\n<meta property=\"article:modified_time\" content=\"2025-05-26T08:47:56+00:00\" \/>\n<meta property=\"og:image\" content=\"https:\/\/tourtravelandmore.com\/wp-content\/uploads\/2017\/11\/carmona.jpg\" \/>\n\t<meta property=\"og:image:width\" content=\"800\" \/>\n\t<meta property=\"og:image:height\" content=\"600\" \/>\n\t<meta property=\"og:image:type\" content=\"image\/jpeg\" \/>\n<meta name=\"twitter:card\" content=\"summary_large_image\" \/>\n<meta name=\"twitter:site\" content=\"@TourTravel_More\" \/>\n<meta name=\"twitter:label1\" content=\"Tiempo de lectura\" \/>\n\t<meta name=\"twitter:data1\" content=\"2 minutos\" \/>\n<script type=\"application\/ld+json\" class=\"yoast-schema-graph\">{\"@context\":\"https:\/\/schema.org\",\"@graph\":[{\"@type\":\"WebPage\",\"@id\":\"https:\/\/tourtravelandmore.com\/es\/tours\/espana-es\/sevilla-es\/tour-privado-de-carmona-desde-sevilla\/\",\"url\":\"https:\/\/tourtravelandmore.com\/es\/tours\/espana-es\/sevilla-es\/tour-privado-de-carmona-desde-sevilla\/\",\"name\":\"\u27a1\ufe0f Tour de Carmona desde Sevilla | Tour Travel & More\",\"isPartOf\":{\"@id\":\"https:\/\/tourtravelandmore.com\/es\/#website\"},\"primaryImageOfPage\":{\"@id\":\"https:\/\/tourtravelandmore.com\/es\/tours\/espana-es\/sevilla-es\/tour-privado-de-carmona-desde-sevilla\/#primaryimage\"},\"image\":{\"@id\":\"https:\/\/tourtravelandmore.com\/es\/tours\/espana-es\/sevilla-es\/tour-privado-de-carmona-desde-sevilla\/#primaryimage\"},\"thumbnailUrl\":\"https:\/\/tourtravelandmore.com\/wp-content\/uploads\/2017\/11\/carmona.jpg\",\"datePublished\":\"2017-11-29T13:23:04+00:00\",\"dateModified\":\"2025-05-26T08:47:56+00:00\",\"description\":\"Disfruta de este Tour de Carmona y conoce ambos lugares en un d\u00eda, gracias a este tour de d\u00eda completo, junto a su gu\u00eda oficial privado y vehiculo \u2705\",\"breadcrumb\":{\"@id\":\"https:\/\/tourtravelandmore.com\/es\/tours\/espana-es\/sevilla-es\/tour-privado-de-carmona-desde-sevilla\/#breadcrumb\"},\"inLanguage\":\"es\",\"potentialAction\":[{\"@type\":\"ReadAction\",\"target\":[\"https:\/\/tourtravelandmore.com\/es\/tours\/espana-es\/sevilla-es\/tour-privado-de-carmona-desde-sevilla\/\"]}]},{\"@type\":\"ImageObject\",\"inLanguage\":\"es\",\"@id\":\"https:\/\/tourtravelandmore.com\/es\/tours\/espana-es\/sevilla-es\/tour-privado-de-carmona-desde-sevilla\/#primaryimage\",\"url\":\"https:\/\/tourtravelandmore.com\/wp-content\/uploads\/2017\/11\/carmona.jpg\",\"contentUrl\":\"https:\/\/tourtravelandmore.com\/wp-content\/uploads\/2017\/11\/carmona.jpg\",\"width\":800,\"height\":600},{\"@type\":\"BreadcrumbList\",\"@id\":\"https:\/\/tourtravelandmore.com\/es\/tours\/espana-es\/sevilla-es\/tour-privado-de-carmona-desde-sevilla\/#breadcrumb\",\"itemListElement\":[{\"@type\":\"ListItem\",\"position\":1,\"name\":\"Home\",\"item\":\"https:\/\/tourtravelandmore.com\/es\/\"},{\"@type\":\"ListItem\",\"position\":2,\"name\":\"Tours\",\"item\":\"https:\/\/tourtravelandmore.com\/es\/tours\/\"},{\"@type\":\"ListItem\",\"position\":3,\"name\":\"Tour de Carmona desde Sevilla\"}]},{\"@type\":\"WebSite\",\"@id\":\"https:\/\/tourtravelandmore.com\/es\/#website\",\"url\":\"https:\/\/tourtravelandmore.com\/es\/\",\"name\":\"Tour Travel And More\",\"description\":\"Private sightseeing tours and luxury transfers in Spain\",\"publisher\":{\"@id\":\"https:\/\/tourtravelandmore.com\/es\/#organization\"},\"potentialAction\":[{\"@type\":\"SearchAction\",\"target\":{\"@type\":\"EntryPoint\",\"urlTemplate\":\"https:\/\/tourtravelandmore.com\/es\/?s={search_term_string}\"},\"query-input\":{\"@type\":\"PropertyValueSpecification\",\"valueRequired\":true,\"valueName\":\"search_term_string\"}}],\"inLanguage\":\"es\"},{\"@type\":\"Organization\",\"@id\":\"https:\/\/tourtravelandmore.com\/es\/#organization\",\"name\":\"Tour Travel And More\",\"url\":\"https:\/\/tourtravelandmore.com\/es\/\",\"logo\":{\"@type\":\"ImageObject\",\"inLanguage\":\"es\",\"@id\":\"https:\/\/tourtravelandmore.com\/es\/#\/schema\/logo\/image\/\",\"url\":\"https:\/\/tourtravelandmore.com\/wp-content\/uploads\/2022\/12\/cropped-logo-cabecera-new.png\",\"contentUrl\":\"https:\/\/tourtravelandmore.com\/wp-content\/uploads\/2022\/12\/cropped-logo-cabecera-new.png\",\"width\":430,\"height\":61,\"caption\":\"Tour Travel And More\"},\"image\":{\"@id\":\"https:\/\/tourtravelandmore.com\/es\/#\/schema\/logo\/image\/\"},\"sameAs\":[\"https:\/\/www.facebook.com\/tourtravelandmore\/\",\"https:\/\/x.com\/TourTravel_More\"]}]}<\/script>\n<!-- \/ Yoast SEO Premium plugin. -->","yoast_head_json":{"title":"\u27a1\ufe0f Tour de Carmona desde Sevilla | Tour Travel & More","description":"Disfruta de este Tour de Carmona y conoce ambos lugares en un d\u00eda, gracias a este tour de d\u00eda completo, junto a su gu\u00eda oficial privado y vehiculo \u2705","robots":{"index":"index","follow":"follow","max-snippet":"max-snippet:-1","max-image-preview":"max-image-preview:large","max-video-preview":"max-video-preview:-1"},"canonical":"https:\/\/tourtravelandmore.com\/es\/tours\/espana-es\/sevilla-es\/tour-privado-de-carmona-desde-sevilla\/","og_locale":"es_ES","og_type":"article","og_title":"Tour de Carmona desde Sevilla","og_description":"Disfruta de este Tour de Carmona y conoce ambos lugares en un d\u00eda, gracias a este tour de d\u00eda completo, junto a su gu\u00eda oficial privado y vehiculo \u2705","og_url":"https:\/\/tourtravelandmore.com\/es\/tours\/espana-es\/sevilla-es\/tour-privado-de-carmona-desde-sevilla\/","og_site_name":"Tour Travel And More","article_publisher":"https:\/\/www.facebook.com\/tourtravelandmore\/","article_modified_time":"2025-05-26T08:47:56+00:00","og_image":[{"width":800,"height":600,"url":"https:\/\/tourtravelandmore.com\/wp-content\/uploads\/2017\/11\/carmona.jpg","type":"image\/jpeg"}],"twitter_card":"summary_large_image","twitter_site":"@TourTravel_More","twitter_misc":{"Tiempo de lectura":"2 minutos"},"schema":{"@context":"https:\/\/schema.org","@graph":[{"@type":"WebPage","@id":"https:\/\/tourtravelandmore.com\/es\/tours\/espana-es\/sevilla-es\/tour-privado-de-carmona-desde-sevilla\/","url":"https:\/\/tourtravelandmore.com\/es\/tours\/espana-es\/sevilla-es\/tour-privado-de-carmona-desde-sevilla\/","name":"\u27a1\ufe0f Tour de Carmona desde Sevilla | Tour Travel & More","isPartOf":{"@id":"https:\/\/tourtravelandmore.com\/es\/#website"},"primaryImageOfPage":{"@id":"https:\/\/tourtravelandmore.com\/es\/tours\/espana-es\/sevilla-es\/tour-privado-de-carmona-desde-sevilla\/#primaryimage"},"image":{"@id":"https:\/\/tourtravelandmore.com\/es\/tours\/espana-es\/sevilla-es\/tour-privado-de-carmona-desde-sevilla\/#primaryimage"},"thumbnailUrl":"https:\/\/tourtravelandmore.com\/wp-content\/uploads\/2017\/11\/carmona.jpg","datePublished":"2017-11-29T13:23:04+00:00","dateModified":"2025-05-26T08:47:56+00:00","description":"Disfruta de este Tour de Carmona y conoce ambos lugares en un d\u00eda, gracias a este tour de d\u00eda completo, junto a su gu\u00eda oficial privado y vehiculo \u2705","breadcrumb":{"@id":"https:\/\/tourtravelandmore.com\/es\/tours\/espana-es\/sevilla-es\/tour-privado-de-carmona-desde-sevilla\/#breadcrumb"},"inLanguage":"es","potentialAction":[{"@type":"ReadAction","target":["https:\/\/tourtravelandmore.com\/es\/tours\/espana-es\/sevilla-es\/tour-privado-de-carmona-desde-sevilla\/"]}]},{"@type":"ImageObject","inLanguage":"es","@id":"https:\/\/tourtravelandmore.com\/es\/tours\/espana-es\/sevilla-es\/tour-privado-de-carmona-desde-sevilla\/#primaryimage","url":"https:\/\/tourtravelandmore.com\/wp-content\/uploads\/2017\/11\/carmona.jpg","contentUrl":"https:\/\/tourtravelandmore.com\/wp-content\/uploads\/2017\/11\/carmona.jpg","width":800,"height":600},{"@type":"BreadcrumbList","@id":"https:\/\/tourtravelandmore.com\/es\/tours\/espana-es\/sevilla-es\/tour-privado-de-carmona-desde-sevilla\/#breadcrumb","itemListElement":[{"@type":"ListItem","position":1,"name":"Home","item":"https:\/\/tourtravelandmore.com\/es\/"},{"@type":"ListItem","position":2,"name":"Tours","item":"https:\/\/tourtravelandmore.com\/es\/tours\/"},{"@type":"ListItem","position":3,"name":"Tour de Carmona desde Sevilla"}]},{"@type":"WebSite","@id":"https:\/\/tourtravelandmore.com\/es\/#website","url":"https:\/\/tourtravelandmore.com\/es\/","name":"Tour Travel And More","description":"Private sightseeing tours and luxury transfers in Spain","publisher":{"@id":"https:\/\/tourtravelandmore.com\/es\/#organization"},"potentialAction":[{"@type":"SearchAction","target":{"@type":"EntryPoint","urlTemplate":"https:\/\/tourtravelandmore.com\/es\/?s={search_term_string}"},"query-input":{"@type":"PropertyValueSpecification","valueRequired":true,"valueName":"search_term_string"}}],"inLanguage":"es"},{"@type":"Organization","@id":"https:\/\/tourtravelandmore.com\/es\/#organization","name":"Tour Travel And More","url":"https:\/\/tourtravelandmore.com\/es\/","logo":{"@type":"ImageObject","inLanguage":"es","@id":"https:\/\/tourtravelandmore.com\/es\/#\/schema\/logo\/image\/","url":"https:\/\/tourtravelandmore.com\/wp-content\/uploads\/2022\/12\/cropped-logo-cabecera-new.png","contentUrl":"https:\/\/tourtravelandmore.com\/wp-content\/uploads\/2022\/12\/cropped-logo-cabecera-new.png","width":430,"height":61,"caption":"Tour Travel And More"},"image":{"@id":"https:\/\/tourtravelandmore.com\/es\/#\/schema\/logo\/image\/"},"sameAs":["https:\/\/www.facebook.com\/tourtravelandmore\/","https:\/\/x.com\/TourTravel_More"]}]}},"_links":{"self":[{"href":"https:\/\/tourtravelandmore.com\/es\/wp-json\/wp\/v2\/product\/16259","targetHints":{"allow":["GET"]}}],"collection":[{"href":"https:\/\/tourtravelandmore.com\/es\/wp-json\/wp\/v2\/product"}],"about":[{"href":"https:\/\/tourtravelandmore.com\/es\/wp-json\/wp\/v2\/types\/product"}],"replies":[{"embeddable":true,"href":"https:\/\/tourtravelandmore.com\/es\/wp-json\/wp\/v2\/comments?post=16259"}],"wp:featuredmedia":[{"embeddable":true,"href":"https:\/\/tourtravelandmore.com\/es\/wp-json\/wp\/v2\/media\/16250"}],"wp:attachment":[{"href":"https:\/\/tourtravelandmore.com\/es\/wp-json\/wp\/v2\/media?parent=16259"}],"wp:term":[{"taxonomy":"product_brand","embeddable":true,"href":"https:\/\/tourtravelandmore.com\/es\/wp-json\/wp\/v2\/product_brand?post=16259"},{"taxonomy":"product_cat","embeddable":true,"href":"https:\/\/tourtravelandmore.com\/es\/wp-json\/wp\/v2\/product_cat?post=16259"},{"taxonomy":"product_tag","embeddable":true,"href":"https:\/\/tourtravelandmore.com\/es\/wp-json\/wp\/v2\/product_tag?post=16259"}],"curies":[{"name":"wp","href":"https:\/\/api.w.org\/{rel}","templated":true}]}}