{"id":162551,"date":"2023-04-18T03:25:43","date_gmt":"2023-04-18T01:34:22","guid":{"rendered":"https:\/\/tourtravelandmore.com\/?post_type=product&#038;p=162551"},"modified":"2023-04-22T05:38:38","modified_gmt":"2023-04-22T03:38:38","slug":"visita-privada-de-la-ciudad-de-ginebra","status":"publish","type":"product","link":"https:\/\/tourtravelandmore.com\/es\/tours\/suiza-es\/ginebra\/todos-los-tours-y-actividades-privadas-es-3\/visita-privada-de-la-ciudad-de-ginebra\/","title":{"rendered":"Visita privada de la ciudad de Ginebra"},"content":{"rendered":"<h2><b>Descripci\u00f3n de la visita privada a la ciudad de Ginebra<\/b><\/h2>\n<p><span style=\"font-weight: 400;\">Descubra el encanto y la elegancia de Ginebra en nuestro exclusivo Tour Privado de 3 horas por la Ciudad de Ginebra. Con el lujo de un veh\u00edculo privado y la experta orientaci\u00f3n de un gu\u00eda profesional, explorar\u00e1 la rica historia, la cultura y la impresionante arquitectura que hacen de Ginebra un destino excepcional. Nuestros expertos gu\u00edas se comprometen a proporcionarle una experiencia inolvidable adaptada a sus intereses y preferencias.<\/span><\/p>\n<p><span style=\"font-weight: 400;\">Experimente la esencia de Ginebra mientras recorre los lugares m\u00e1s cautivadores de la ciudad, desde su pintoresca orilla del lago hasta su vibrante centro hist\u00f3rico. Este completo recorrido ofrece una combinaci\u00f3n perfecta de exploraci\u00f3n y ocio, que le permitir\u00e1 apreciar realmente el car\u00e1cter \u00fanico de Ginebra. Emb\u00e1rquese en una aventura memorable con Tour Travel and More y cree recuerdos inolvidables de su estancia en esta encantadora ciudad.<\/span><\/p>\n<h2><b>Visita privada de Ginebra Puntos de inter\u00e9s<\/b><\/h2>\n<p><span style=\"font-weight: 400;\">Experimente el encanto de los lugares emblem\u00e1ticos y las joyas ocultas de Ginebra mientras nuestros gu\u00edas expertos le llevan en un viaje cautivador a trav\u00e9s de la historia y el patrimonio cultural de la ciudad. Desde la pintoresca orilla del lago hasta el bullicioso centro hist\u00f3rico, este recorrido privado le revelar\u00e1 las historias y los lugares que definen el car\u00e1cter \u00fanico de Ginebra.<\/span><\/p>\n<p><span style=\"font-weight: 400;\">Ad\u00e9ntrese en la rica historia de Ginebra y sum\u00e9rjase en la extraordinaria mezcla de tradici\u00f3n y modernidad de la ciudad. Con la atenci\u00f3n personalizada de nuestros dedicados gu\u00edas, comprender\u00e1 mejor los acontecimientos, las personas y los movimientos art\u00edsticos que han dado forma a esta cautivadora ciudad. Acomp\u00e1\u00f1enos en nuestro Tour Privado de la Ciudad de Ginebra y descubra los tesoros que hacen de Ginebra un destino de visita obligada para viajeros de todo el mundo.<\/span><\/p>\n<h3><b>Jet d&#8217;Eau<\/b><\/h3>\n<p><span style=\"font-weight: 400;\">El Jet d&#8217;Eau es el monumento m\u00e1s emblem\u00e1tico de Ginebra, una espectacular fuente que dispara agua 140 metros hacia el cielo. Situada en el punto en que el lago Lem\u00e1n se une al r\u00edo R\u00f3dano, esta impresionante maravilla de la ingenier\u00eda simboliza el dinamismo y la creatividad de la ciudad. Una visita al Jet d&#8217;Eau es una parte esencial de cualquier recorrido por Ginebra.<\/span><\/p>\n<h3><b>Catedral de San Pedro<\/b><\/h3>\n<p><span style=\"font-weight: 400;\">Explore la rica historia de la Catedral de San Pedro, una impresionante obra maestra arquitect\u00f3nica que data del siglo XII. Esta notable iglesia, que ha sufrido varias transformaciones a lo largo de los siglos, es un testimonio del patrimonio religioso y cultural de Ginebra. El yacimiento arqueol\u00f3gico de la catedral y las vistas panor\u00e1micas desde la torre la convierten en una atracci\u00f3n de visita obligada.<\/span><\/p>\n<h3><b>El casco antiguo<\/b><\/h3>\n<p><span style=\"font-weight: 400;\">Pasee por las encantadoras calles adoquinadas del casco antiguo de Ginebra, un laberinto de pintorescas plazas, edificios hist\u00f3ricos y pintorescas boutiques. Esta zona bien conservada alberga algunos de los monumentos m\u00e1s importantes de la ciudad, como el Ayuntamiento y la Maison Tavel. Descubra las historias y tradiciones que dieron forma al pasado de Ginebra mientras pasea por su encantador centro hist\u00f3rico.<\/span><\/p>\n<h3><b>Oficina de las Naciones Unidas en Ginebra<\/b><\/h3>\n<p><span style=\"font-weight: 400;\">La Oficina de las Naciones Unidas en Ginebra (ONUG) es un s\u00edmbolo del estatus de la ciudad como centro mundial para la diplomacia y la paz. Como sede europea de las Naciones Unidas, la ONUG desempe\u00f1a un papel crucial en las relaciones internacionales. Explore la fascinante historia de la organizaci\u00f3n y adquiera una comprensi\u00f3n m\u00e1s profunda de su misi\u00f3n durante su visita.<\/span><\/p>\n<h3><b>El Muro de la Reforma<\/b><\/h3>\n<p><span style=\"font-weight: 400;\">Situado en el coraz\u00f3n del Parque de los Bastiones, el Muro de la Reforma es un impresionante monumento que conmemora el papel fundamental de la ciudad en la Reforma protestante. El muro presenta estatuas de figuras clave como Juan Calvino y Guillermo Farel, as\u00ed como intrincados bajorrelieves que representan momentos importantes de la historia del movimiento. Este poderoso homenaje al patrimonio religioso de Ginebra es una visita obligada para los entusiastas de la historia.<\/span><\/p>\n<p><b>Descubra m\u00e1s de Ginebra con Tour Travel and More<\/b><\/p>\n<p><span style=\"font-weight: 400;\">Explore a\u00fan m\u00e1s Ginebra y sus alrededores con la amplia lista de visitas privadas que ofrece Tour Travel and More. <\/span><a href=\"https:\/\/tourtravelandmore.com\/es\/\"><span style=\"font-weight: 400;\">Visite nuestro sitio web para explorar nuestra selecci\u00f3n de experiencias exclusivas y a medida<\/span><\/a><span style=\"font-weight: 400;\">, dise\u00f1adas para adaptarse a sus intereses y preferencias individuales. <\/span><span style=\"font-weight: 400;\">Deje que nuestros gu\u00edas expertos le muestren lo mejor que Ginebra puede ofrecerle.<\/span><\/p>\n","protected":false},"excerpt":{"rendered":"<p><span style=\"font-weight: 400;\">Descubra la belleza y la historia de Ginebra en nuestra exclusiva visita privada de 3 horas a la ciudad. Conozca los lugares emblem\u00e1ticos de la ciudad, sus tesoros culturales y su impresionante arquitectura con la atenci\u00f3n personalizada de un gu\u00eda profesional y un veh\u00edculo de lujo.<\/span><\/p>\n","protected":false},"featured_media":162545,"comment_status":"open","ping_status":"closed","template":"","meta":{"_acf_changed":false},"product_brand":[],"product_cat":[4342,4381],"product_tag":[],"class_list":{"0":"post-162551","1":"product","2":"type-product","3":"status-publish","4":"has-post-thumbnail","6":"product_cat-ginebra","7":"product_cat-todos-los-tours-y-actividades-privadas-es-3","9":"first","10":"instock","11":"shipping-taxable","12":"purchasable","13":"product-type-simple"},"acf":[],"yoast_head":"<!-- This site is optimized with the Yoast SEO Premium plugin v25.3.1 (Yoast SEO v25.3.1) - https:\/\/yoast.com\/wordpress\/plugins\/seo\/ -->\n<title>\u27a1\ufe0f Visita Privada de la Ciudad de Ginebra: Descubra el encanto de Ginebra con Tour Travel and More<\/title>\n<meta name=\"description\" content=\"Explore los lugares emblem\u00e1ticos de Ginebra, su rica historia y su patrimonio cultural en nuestro exclusivo Tour Privado de 3 horas por la Ciudad de Ginebra. Experimente la ciudad en lujo con un gu\u00eda privado \u2705.\" \/>\n<meta name=\"robots\" content=\"index, follow, max-snippet:-1, max-image-preview:large, max-video-preview:-1\" \/>\n<link rel=\"canonical\" href=\"https:\/\/tourtravelandmore.com\/es\/tours\/suiza-es\/ginebra\/todos-los-tours-y-actividades-privadas-es-3\/visita-privada-de-la-ciudad-de-ginebra\/\" \/>\n<meta property=\"og:locale\" content=\"es_ES\" \/>\n<meta property=\"og:type\" content=\"article\" \/>\n<meta property=\"og:title\" content=\"Visita privada de la ciudad de Ginebra\" \/>\n<meta property=\"og:description\" content=\"Explore los lugares emblem\u00e1ticos de Ginebra, su rica historia y su patrimonio cultural en nuestro exclusivo Tour Privado de 3 horas por la Ciudad de Ginebra. Experimente la ciudad en lujo con un gu\u00eda privado \u2705.\" \/>\n<meta property=\"og:url\" content=\"https:\/\/tourtravelandmore.com\/es\/tours\/suiza-es\/ginebra\/todos-los-tours-y-actividades-privadas-es-3\/visita-privada-de-la-ciudad-de-ginebra\/\" \/>\n<meta property=\"og:site_name\" content=\"Tour Travel And More\" \/>\n<meta property=\"article:publisher\" content=\"https:\/\/www.facebook.com\/tourtravelandmore\/\" \/>\n<meta property=\"article:modified_time\" content=\"2023-04-22T03:38:38+00:00\" \/>\n<meta property=\"og:image\" content=\"https:\/\/tourtravelandmore.com\/wp-content\/uploads\/2023\/04\/image4-6.jpg\" \/>\n\t<meta property=\"og:image:width\" content=\"950\" \/>\n\t<meta property=\"og:image:height\" content=\"750\" \/>\n\t<meta property=\"og:image:type\" content=\"image\/jpeg\" \/>\n<meta name=\"twitter:card\" content=\"summary_large_image\" \/>\n<meta name=\"twitter:site\" content=\"@TourTravel_More\" \/>\n<meta name=\"twitter:label1\" content=\"Tiempo de lectura\" \/>\n\t<meta name=\"twitter:data1\" content=\"4 minutos\" \/>\n<script type=\"application\/ld+json\" class=\"yoast-schema-graph\">{\"@context\":\"https:\/\/schema.org\",\"@graph\":[{\"@type\":\"WebPage\",\"@id\":\"https:\/\/tourtravelandmore.com\/es\/tours\/suiza-es\/ginebra\/todos-los-tours-y-actividades-privadas-es-3\/visita-privada-de-la-ciudad-de-ginebra\/\",\"url\":\"https:\/\/tourtravelandmore.com\/es\/tours\/suiza-es\/ginebra\/todos-los-tours-y-actividades-privadas-es-3\/visita-privada-de-la-ciudad-de-ginebra\/\",\"name\":\"\u27a1\ufe0f Visita Privada de la Ciudad de Ginebra: Descubra el encanto de Ginebra con Tour Travel and More\",\"isPartOf\":{\"@id\":\"https:\/\/tourtravelandmore.com\/es\/#website\"},\"primaryImageOfPage\":{\"@id\":\"https:\/\/tourtravelandmore.com\/es\/tours\/suiza-es\/ginebra\/todos-los-tours-y-actividades-privadas-es-3\/visita-privada-de-la-ciudad-de-ginebra\/#primaryimage\"},\"image\":{\"@id\":\"https:\/\/tourtravelandmore.com\/es\/tours\/suiza-es\/ginebra\/todos-los-tours-y-actividades-privadas-es-3\/visita-privada-de-la-ciudad-de-ginebra\/#primaryimage\"},\"thumbnailUrl\":\"https:\/\/tourtravelandmore.com\/wp-content\/uploads\/2023\/04\/image4-6.jpg\",\"datePublished\":\"2023-04-18T01:34:22+00:00\",\"dateModified\":\"2023-04-22T03:38:38+00:00\",\"description\":\"Explore los lugares emblem\u00e1ticos de Ginebra, su rica historia y su patrimonio cultural en nuestro exclusivo Tour Privado de 3 horas por la Ciudad de Ginebra. Experimente la ciudad en lujo con un gu\u00eda privado \u2705.\",\"breadcrumb\":{\"@id\":\"https:\/\/tourtravelandmore.com\/es\/tours\/suiza-es\/ginebra\/todos-los-tours-y-actividades-privadas-es-3\/visita-privada-de-la-ciudad-de-ginebra\/#breadcrumb\"},\"inLanguage\":\"es\",\"potentialAction\":[{\"@type\":\"ReadAction\",\"target\":[\"https:\/\/tourtravelandmore.com\/es\/tours\/suiza-es\/ginebra\/todos-los-tours-y-actividades-privadas-es-3\/visita-privada-de-la-ciudad-de-ginebra\/\"]}]},{\"@type\":\"ImageObject\",\"inLanguage\":\"es\",\"@id\":\"https:\/\/tourtravelandmore.com\/es\/tours\/suiza-es\/ginebra\/todos-los-tours-y-actividades-privadas-es-3\/visita-privada-de-la-ciudad-de-ginebra\/#primaryimage\",\"url\":\"https:\/\/tourtravelandmore.com\/wp-content\/uploads\/2023\/04\/image4-6.jpg\",\"contentUrl\":\"https:\/\/tourtravelandmore.com\/wp-content\/uploads\/2023\/04\/image4-6.jpg\",\"width\":950,\"height\":750},{\"@type\":\"BreadcrumbList\",\"@id\":\"https:\/\/tourtravelandmore.com\/es\/tours\/suiza-es\/ginebra\/todos-los-tours-y-actividades-privadas-es-3\/visita-privada-de-la-ciudad-de-ginebra\/#breadcrumb\",\"itemListElement\":[{\"@type\":\"ListItem\",\"position\":1,\"name\":\"Home\",\"item\":\"https:\/\/tourtravelandmore.com\/es\/\"},{\"@type\":\"ListItem\",\"position\":2,\"name\":\"Tours\",\"item\":\"https:\/\/tourtravelandmore.com\/es\/tours\/\"},{\"@type\":\"ListItem\",\"position\":3,\"name\":\"Visita privada de la ciudad de Ginebra\"}]},{\"@type\":\"WebSite\",\"@id\":\"https:\/\/tourtravelandmore.com\/es\/#website\",\"url\":\"https:\/\/tourtravelandmore.com\/es\/\",\"name\":\"Tour Travel And More\",\"description\":\"Private sightseeing tours and luxury transfers in Spain\",\"publisher\":{\"@id\":\"https:\/\/tourtravelandmore.com\/es\/#organization\"},\"potentialAction\":[{\"@type\":\"SearchAction\",\"target\":{\"@type\":\"EntryPoint\",\"urlTemplate\":\"https:\/\/tourtravelandmore.com\/es\/?s={search_term_string}\"},\"query-input\":{\"@type\":\"PropertyValueSpecification\",\"valueRequired\":true,\"valueName\":\"search_term_string\"}}],\"inLanguage\":\"es\"},{\"@type\":\"Organization\",\"@id\":\"https:\/\/tourtravelandmore.com\/es\/#organization\",\"name\":\"Tour Travel And More\",\"url\":\"https:\/\/tourtravelandmore.com\/es\/\",\"logo\":{\"@type\":\"ImageObject\",\"inLanguage\":\"es\",\"@id\":\"https:\/\/tourtravelandmore.com\/es\/#\/schema\/logo\/image\/\",\"url\":\"https:\/\/tourtravelandmore.com\/wp-content\/uploads\/2022\/12\/cropped-logo-cabecera-new.png\",\"contentUrl\":\"https:\/\/tourtravelandmore.com\/wp-content\/uploads\/2022\/12\/cropped-logo-cabecera-new.png\",\"width\":430,\"height\":61,\"caption\":\"Tour Travel And More\"},\"image\":{\"@id\":\"https:\/\/tourtravelandmore.com\/es\/#\/schema\/logo\/image\/\"},\"sameAs\":[\"https:\/\/www.facebook.com\/tourtravelandmore\/\",\"https:\/\/x.com\/TourTravel_More\"]}]}<\/script>\n<!-- \/ Yoast SEO Premium plugin. -->","yoast_head_json":{"title":"\u27a1\ufe0f Visita Privada de la Ciudad de Ginebra: Descubra el encanto de Ginebra con Tour Travel and More","description":"Explore los lugares emblem\u00e1ticos de Ginebra, su rica historia y su patrimonio cultural en nuestro exclusivo Tour Privado de 3 horas por la Ciudad de Ginebra. Experimente la ciudad en lujo con un gu\u00eda privado \u2705.","robots":{"index":"index","follow":"follow","max-snippet":"max-snippet:-1","max-image-preview":"max-image-preview:large","max-video-preview":"max-video-preview:-1"},"canonical":"https:\/\/tourtravelandmore.com\/es\/tours\/suiza-es\/ginebra\/todos-los-tours-y-actividades-privadas-es-3\/visita-privada-de-la-ciudad-de-ginebra\/","og_locale":"es_ES","og_type":"article","og_title":"Visita privada de la ciudad de Ginebra","og_description":"Explore los lugares emblem\u00e1ticos de Ginebra, su rica historia y su patrimonio cultural en nuestro exclusivo Tour Privado de 3 horas por la Ciudad de Ginebra. Experimente la ciudad en lujo con un gu\u00eda privado \u2705.","og_url":"https:\/\/tourtravelandmore.com\/es\/tours\/suiza-es\/ginebra\/todos-los-tours-y-actividades-privadas-es-3\/visita-privada-de-la-ciudad-de-ginebra\/","og_site_name":"Tour Travel And More","article_publisher":"https:\/\/www.facebook.com\/tourtravelandmore\/","article_modified_time":"2023-04-22T03:38:38+00:00","og_image":[{"width":950,"height":750,"url":"https:\/\/tourtravelandmore.com\/wp-content\/uploads\/2023\/04\/image4-6.jpg","type":"image\/jpeg"}],"twitter_card":"summary_large_image","twitter_site":"@TourTravel_More","twitter_misc":{"Tiempo de lectura":"4 minutos"},"schema":{"@context":"https:\/\/schema.org","@graph":[{"@type":"WebPage","@id":"https:\/\/tourtravelandmore.com\/es\/tours\/suiza-es\/ginebra\/todos-los-tours-y-actividades-privadas-es-3\/visita-privada-de-la-ciudad-de-ginebra\/","url":"https:\/\/tourtravelandmore.com\/es\/tours\/suiza-es\/ginebra\/todos-los-tours-y-actividades-privadas-es-3\/visita-privada-de-la-ciudad-de-ginebra\/","name":"\u27a1\ufe0f Visita Privada de la Ciudad de Ginebra: Descubra el encanto de Ginebra con Tour Travel and More","isPartOf":{"@id":"https:\/\/tourtravelandmore.com\/es\/#website"},"primaryImageOfPage":{"@id":"https:\/\/tourtravelandmore.com\/es\/tours\/suiza-es\/ginebra\/todos-los-tours-y-actividades-privadas-es-3\/visita-privada-de-la-ciudad-de-ginebra\/#primaryimage"},"image":{"@id":"https:\/\/tourtravelandmore.com\/es\/tours\/suiza-es\/ginebra\/todos-los-tours-y-actividades-privadas-es-3\/visita-privada-de-la-ciudad-de-ginebra\/#primaryimage"},"thumbnailUrl":"https:\/\/tourtravelandmore.com\/wp-content\/uploads\/2023\/04\/image4-6.jpg","datePublished":"2023-04-18T01:34:22+00:00","dateModified":"2023-04-22T03:38:38+00:00","description":"Explore los lugares emblem\u00e1ticos de Ginebra, su rica historia y su patrimonio cultural en nuestro exclusivo Tour Privado de 3 horas por la Ciudad de Ginebra. Experimente la ciudad en lujo con un gu\u00eda privado \u2705.","breadcrumb":{"@id":"https:\/\/tourtravelandmore.com\/es\/tours\/suiza-es\/ginebra\/todos-los-tours-y-actividades-privadas-es-3\/visita-privada-de-la-ciudad-de-ginebra\/#breadcrumb"},"inLanguage":"es","potentialAction":[{"@type":"ReadAction","target":["https:\/\/tourtravelandmore.com\/es\/tours\/suiza-es\/ginebra\/todos-los-tours-y-actividades-privadas-es-3\/visita-privada-de-la-ciudad-de-ginebra\/"]}]},{"@type":"ImageObject","inLanguage":"es","@id":"https:\/\/tourtravelandmore.com\/es\/tours\/suiza-es\/ginebra\/todos-los-tours-y-actividades-privadas-es-3\/visita-privada-de-la-ciudad-de-ginebra\/#primaryimage","url":"https:\/\/tourtravelandmore.com\/wp-content\/uploads\/2023\/04\/image4-6.jpg","contentUrl":"https:\/\/tourtravelandmore.com\/wp-content\/uploads\/2023\/04\/image4-6.jpg","width":950,"height":750},{"@type":"BreadcrumbList","@id":"https:\/\/tourtravelandmore.com\/es\/tours\/suiza-es\/ginebra\/todos-los-tours-y-actividades-privadas-es-3\/visita-privada-de-la-ciudad-de-ginebra\/#breadcrumb","itemListElement":[{"@type":"ListItem","position":1,"name":"Home","item":"https:\/\/tourtravelandmore.com\/es\/"},{"@type":"ListItem","position":2,"name":"Tours","item":"https:\/\/tourtravelandmore.com\/es\/tours\/"},{"@type":"ListItem","position":3,"name":"Visita privada de la ciudad de Ginebra"}]},{"@type":"WebSite","@id":"https:\/\/tourtravelandmore.com\/es\/#website","url":"https:\/\/tourtravelandmore.com\/es\/","name":"Tour Travel And More","description":"Private sightseeing tours and luxury transfers in Spain","publisher":{"@id":"https:\/\/tourtravelandmore.com\/es\/#organization"},"potentialAction":[{"@type":"SearchAction","target":{"@type":"EntryPoint","urlTemplate":"https:\/\/tourtravelandmore.com\/es\/?s={search_term_string}"},"query-input":{"@type":"PropertyValueSpecification","valueRequired":true,"valueName":"search_term_string"}}],"inLanguage":"es"},{"@type":"Organization","@id":"https:\/\/tourtravelandmore.com\/es\/#organization","name":"Tour Travel And More","url":"https:\/\/tourtravelandmore.com\/es\/","logo":{"@type":"ImageObject","inLanguage":"es","@id":"https:\/\/tourtravelandmore.com\/es\/#\/schema\/logo\/image\/","url":"https:\/\/tourtravelandmore.com\/wp-content\/uploads\/2022\/12\/cropped-logo-cabecera-new.png","contentUrl":"https:\/\/tourtravelandmore.com\/wp-content\/uploads\/2022\/12\/cropped-logo-cabecera-new.png","width":430,"height":61,"caption":"Tour Travel And More"},"image":{"@id":"https:\/\/tourtravelandmore.com\/es\/#\/schema\/logo\/image\/"},"sameAs":["https:\/\/www.facebook.com\/tourtravelandmore\/","https:\/\/x.com\/TourTravel_More"]}]}},"_links":{"self":[{"href":"https:\/\/tourtravelandmore.com\/es\/wp-json\/wp\/v2\/product\/162551","targetHints":{"allow":["GET"]}}],"collection":[{"href":"https:\/\/tourtravelandmore.com\/es\/wp-json\/wp\/v2\/product"}],"about":[{"href":"https:\/\/tourtravelandmore.com\/es\/wp-json\/wp\/v2\/types\/product"}],"replies":[{"embeddable":true,"href":"https:\/\/tourtravelandmore.com\/es\/wp-json\/wp\/v2\/comments?post=162551"}],"wp:featuredmedia":[{"embeddable":true,"href":"https:\/\/tourtravelandmore.com\/es\/wp-json\/wp\/v2\/media\/162545"}],"wp:attachment":[{"href":"https:\/\/tourtravelandmore.com\/es\/wp-json\/wp\/v2\/media?parent=162551"}],"wp:term":[{"taxonomy":"product_brand","embeddable":true,"href":"https:\/\/tourtravelandmore.com\/es\/wp-json\/wp\/v2\/product_brand?post=162551"},{"taxonomy":"product_cat","embeddable":true,"href":"https:\/\/tourtravelandmore.com\/es\/wp-json\/wp\/v2\/product_cat?post=162551"},{"taxonomy":"product_tag","embeddable":true,"href":"https:\/\/tourtravelandmore.com\/es\/wp-json\/wp\/v2\/product_tag?post=162551"}],"curies":[{"name":"wp","href":"https:\/\/api.w.org\/{rel}","templated":true}]}}