{"id":162448,"date":"2023-04-17T20:53:56","date_gmt":"2023-04-17T18:53:57","guid":{"rendered":"https:\/\/tourtravelandmore.com\/?post_type=product&#038;p=162448"},"modified":"2023-08-08T01:33:47","modified_gmt":"2023-08-07T23:33:47","slug":"tour-privado-a-padua-desde-venecia","status":"publish","type":"product","link":"https:\/\/tourtravelandmore.com\/es\/tours\/italia-es\/venecia-es\/tour-privado-a-padua-desde-venecia\/","title":{"rendered":"Tour privado a Padua desde Venecia"},"content":{"rendered":"<h2>Tour privado a Padua desde Venecia Descripci\u00f3n<\/h2>\n<p><strong>Tour Travel &amp; More<\/strong> se complace en ofrecerle nuestro <strong>Tour Privado a Padua desde Venecia<\/strong>, dise\u00f1ado especialmente para aquellos viajeros que deseen disfrutar de una experiencia \u00fanica y personalizada. Este tour privado de 4 horas incluir\u00e1 un veh\u00edculo privado y un gu\u00eda certificado. Que le acompa\u00f1ar\u00e1 durante todo el recorrido en <strong>Padua.<\/strong><\/p>\n<p>El tour comenzar\u00e1 en <strong>Venecia.<\/strong> Nuestro veh\u00edculo privado le recoger\u00e1 en el punto de encuentro designado, el <strong>Piazzale Roma.<\/strong> Durante las primeras horas del tour, disfrutar\u00e1 de un pintoresco recorrido por las hermosas carreteras del <strong>V\u00e9neto.<\/strong> Se trata de una regi\u00f3n italiana famosa por sus pintorescos paisajes y sus bellas ciudades medievales.<\/p>\n<p>\u00a1Esperamos darle pronto la bienvenida en nuestro <strong>tour privado<\/strong> a <strong>Padua<\/strong> desde <strong>Venecia!<\/strong> En <strong>Tour Travel<\/strong> &amp; <strong>More,<\/strong> nos enorgullecemos de ofrecer experiencias \u00fanicas y personalizadas que dejar\u00e1n una impresi\u00f3n duradera en nuestros clientes. \u00a1Reserve hoy mismo su tour privado a <strong>Padua<\/strong> desde <strong>Venecia<\/strong> y descubra todo lo que esta hermosa ciudad tiene que ofrecer!<\/p>\n<h2><strong>Puntos de inter\u00e9s\u00a0<\/strong><\/h2>\n<p>Llegaremos a <strong>Padua,<\/strong> una ciudad rica en historia, cultura y belleza. Nuestro gu\u00eda certificado le llevar\u00e1 por el coraz\u00f3n de la ciudad. Le mostrar\u00e1 los principales puntos de inter\u00e9s y le proporcionar\u00e1 informaci\u00f3n fascinante sobre la historia y la cultura de la ciudad.<\/p>\n<p>Durante el recorrido de 2 horas, visitaremos la <strong>Piazza<\/strong> dei <strong>Signori,<\/strong> el centro hist\u00f3rico de la ciudad, donde ver\u00e1 el <strong>Palazzo della Ragione,<\/strong> un impresionante edificio g\u00f3tico considerado uno de los mayores ejemplos de arquitectura medieval de Italia. Tambi\u00e9n visitaremos la famosa <strong>Bas\u00edlica<\/strong> de <strong>San Antonio,<\/strong> una impresionante iglesia que alberga algunas de las obras de arte m\u00e1s importantes de la ciudad.<\/p>\n<p>Nuestro gu\u00eda certificado le llevar\u00e1 tambi\u00e9n por el hermoso barrio de <strong>Prato della Valle.<\/strong> Que es una plaza de estilo renacentista rodeada de canales y jardines. Aqu\u00ed disfrutar\u00e1 de la hermosa vista de la <strong>Bas\u00edlica<\/strong> de <strong>Santa Giustina<\/strong> y del <strong>Monte Venda.<\/strong> Que es una de las colinas m\u00e1s altas de la regi\u00f3n.<\/p>\n<p>Despu\u00e9s de una exploraci\u00f3n completa de <strong>Padua,<\/strong> volveremos a nuestro veh\u00edculo privado y comenzaremos el viaje de regreso a <strong>Venecia.<\/strong> En el camino de vuelta, podr\u00e1 disfrutar de los hermosos paisajes del <strong>V\u00e9neto<\/strong> y relajarse en la comodidad de nuestro veh\u00edculo privado.<\/p>\n<p>En resumen, nuestro exclusivo tour privado a <strong>Padua<\/strong> desde <strong>Venecia<\/strong> es una oportunidad \u00fanica para descubrir una de las ciudades m\u00e1s fascinantes de <strong>Italia.<\/strong> Con nuestro veh\u00edculo privado y nuestro gu\u00eda tur\u00edstico certificado. Disfrutar\u00e1 de un viaje c\u00f3modo y seguro en el que descubrir\u00e1 los lugares m\u00e1s emblem\u00e1ticos de Padua.<\/p>\n<p><strong>Otra opci\u00f3n de un tour de d\u00eda completo desde Venecia es <a href=\"https:\/\/tourtravelandmore.com\/es\/tours\/italia-es\/venecia-es\/tour-privado-de-venecia-a-verona-y-lago-de-garda-sirmione\/\">nuestro Tour privado de Venecia a Verona y Lago de Garda (Sirmione)<\/a>, \u00a1\u00e9chale un vistazo!.<\/strong><\/p>\n","protected":false},"excerpt":{"rendered":"<p>Tour Travel &amp; More se complace en ofrecerle nuestro Tour Privado a Padua desde Venecia, dise\u00f1ado especialmente para aquellos viajeros que deseen disfrutar de una experiencia \u00fanica y personalizada. Este tour privado de 4 horas incluir\u00e1 un veh\u00edculo privado y un gu\u00eda certificado. Que le acompa\u00f1ar\u00e1 durante todo el recorrido en Padua.<\/p>\n","protected":false},"featured_media":162464,"comment_status":"open","ping_status":"closed","template":"","meta":{"_acf_changed":false},"product_brand":[],"product_cat":[701,707,719,713],"product_tag":[],"class_list":{"0":"post-162448","1":"product","2":"type-product","3":"status-publish","4":"has-post-thumbnail","6":"product_cat-venecia-es","7":"product_cat-venecia-actividades-es","8":"product_cat-venecia-rutas-turisticas-privadas-es","9":"product_cat-venecia-excursiones-es","11":"first","12":"instock","13":"shipping-taxable","14":"purchasable","15":"product-type-simple"},"acf":[],"yoast_head":"<!-- This site is optimized with the Yoast SEO Premium plugin v25.3.1 (Yoast SEO v25.3.1) - https:\/\/yoast.com\/wordpress\/plugins\/seo\/ -->\n<title>Tour privado a Padua desde Venecia en veh\u00edculo privado de lujo | TTM<\/title>\n<meta name=\"description\" content=\"Tour privado a Padua desde Venecia. Disfrute visitando, en su veh\u00edculo privado, una de las regiones monta\u00f1osas m\u00e1s bellas de toda Europa \u2705.\" \/>\n<meta name=\"robots\" content=\"index, follow, max-snippet:-1, max-image-preview:large, max-video-preview:-1\" \/>\n<link rel=\"canonical\" href=\"https:\/\/tourtravelandmore.com\/es\/tours\/italia-es\/venecia-es\/tour-privado-a-padua-desde-venecia\/\" \/>\n<meta property=\"og:locale\" content=\"es_ES\" \/>\n<meta property=\"og:type\" content=\"article\" \/>\n<meta property=\"og:title\" content=\"Tour privado a Padua desde Venecia\" \/>\n<meta property=\"og:description\" content=\"Tour privado a Padua desde Venecia. Disfrute visitando, en su veh\u00edculo privado, una de las regiones monta\u00f1osas m\u00e1s bellas de toda Europa \u2705.\" \/>\n<meta property=\"og:url\" content=\"https:\/\/tourtravelandmore.com\/es\/tours\/italia-es\/venecia-es\/tour-privado-a-padua-desde-venecia\/\" \/>\n<meta property=\"og:site_name\" content=\"Tour Travel And More\" \/>\n<meta property=\"article:publisher\" content=\"https:\/\/www.facebook.com\/tourtravelandmore\/\" \/>\n<meta property=\"article:modified_time\" content=\"2023-08-07T23:33:47+00:00\" \/>\n<meta property=\"og:image\" content=\"https:\/\/tourtravelandmore.com\/wp-content\/uploads\/2023\/04\/pexels-ivan-rebic-4513657-scaled.jpg\" \/>\n\t<meta property=\"og:image:width\" content=\"2560\" \/>\n\t<meta property=\"og:image:height\" content=\"1742\" \/>\n\t<meta property=\"og:image:type\" content=\"image\/jpeg\" \/>\n<meta name=\"twitter:card\" content=\"summary_large_image\" \/>\n<meta name=\"twitter:site\" content=\"@TourTravel_More\" \/>\n<meta name=\"twitter:label1\" content=\"Tiempo de lectura\" \/>\n\t<meta name=\"twitter:data1\" content=\"2 minutos\" \/>\n<script type=\"application\/ld+json\" class=\"yoast-schema-graph\">{\"@context\":\"https:\/\/schema.org\",\"@graph\":[{\"@type\":\"WebPage\",\"@id\":\"https:\/\/tourtravelandmore.com\/es\/tours\/italia-es\/venecia-es\/tour-privado-a-padua-desde-venecia\/\",\"url\":\"https:\/\/tourtravelandmore.com\/es\/tours\/italia-es\/venecia-es\/tour-privado-a-padua-desde-venecia\/\",\"name\":\"Tour privado a Padua desde Venecia en veh\u00edculo privado de lujo | TTM\",\"isPartOf\":{\"@id\":\"https:\/\/tourtravelandmore.com\/es\/#website\"},\"primaryImageOfPage\":{\"@id\":\"https:\/\/tourtravelandmore.com\/es\/tours\/italia-es\/venecia-es\/tour-privado-a-padua-desde-venecia\/#primaryimage\"},\"image\":{\"@id\":\"https:\/\/tourtravelandmore.com\/es\/tours\/italia-es\/venecia-es\/tour-privado-a-padua-desde-venecia\/#primaryimage\"},\"thumbnailUrl\":\"https:\/\/tourtravelandmore.com\/wp-content\/uploads\/2023\/04\/pexels-ivan-rebic-4513657-scaled.jpg\",\"datePublished\":\"2023-04-17T18:53:57+00:00\",\"dateModified\":\"2023-08-07T23:33:47+00:00\",\"description\":\"Tour privado a Padua desde Venecia. Disfrute visitando, en su veh\u00edculo privado, una de las regiones monta\u00f1osas m\u00e1s bellas de toda Europa \u2705.\",\"breadcrumb\":{\"@id\":\"https:\/\/tourtravelandmore.com\/es\/tours\/italia-es\/venecia-es\/tour-privado-a-padua-desde-venecia\/#breadcrumb\"},\"inLanguage\":\"es\",\"potentialAction\":[{\"@type\":\"ReadAction\",\"target\":[\"https:\/\/tourtravelandmore.com\/es\/tours\/italia-es\/venecia-es\/tour-privado-a-padua-desde-venecia\/\"]}]},{\"@type\":\"ImageObject\",\"inLanguage\":\"es\",\"@id\":\"https:\/\/tourtravelandmore.com\/es\/tours\/italia-es\/venecia-es\/tour-privado-a-padua-desde-venecia\/#primaryimage\",\"url\":\"https:\/\/tourtravelandmore.com\/wp-content\/uploads\/2023\/04\/pexels-ivan-rebic-4513657-scaled.jpg\",\"contentUrl\":\"https:\/\/tourtravelandmore.com\/wp-content\/uploads\/2023\/04\/pexels-ivan-rebic-4513657-scaled.jpg\",\"width\":2560,\"height\":1742},{\"@type\":\"BreadcrumbList\",\"@id\":\"https:\/\/tourtravelandmore.com\/es\/tours\/italia-es\/venecia-es\/tour-privado-a-padua-desde-venecia\/#breadcrumb\",\"itemListElement\":[{\"@type\":\"ListItem\",\"position\":1,\"name\":\"Home\",\"item\":\"https:\/\/tourtravelandmore.com\/es\/\"},{\"@type\":\"ListItem\",\"position\":2,\"name\":\"Tours\",\"item\":\"https:\/\/tourtravelandmore.com\/es\/tours\/\"},{\"@type\":\"ListItem\",\"position\":3,\"name\":\"Tour privado a Padua desde Venecia\"}]},{\"@type\":\"WebSite\",\"@id\":\"https:\/\/tourtravelandmore.com\/es\/#website\",\"url\":\"https:\/\/tourtravelandmore.com\/es\/\",\"name\":\"Tour Travel And More\",\"description\":\"Private sightseeing tours and luxury transfers in Spain\",\"publisher\":{\"@id\":\"https:\/\/tourtravelandmore.com\/es\/#organization\"},\"potentialAction\":[{\"@type\":\"SearchAction\",\"target\":{\"@type\":\"EntryPoint\",\"urlTemplate\":\"https:\/\/tourtravelandmore.com\/es\/?s={search_term_string}\"},\"query-input\":{\"@type\":\"PropertyValueSpecification\",\"valueRequired\":true,\"valueName\":\"search_term_string\"}}],\"inLanguage\":\"es\"},{\"@type\":\"Organization\",\"@id\":\"https:\/\/tourtravelandmore.com\/es\/#organization\",\"name\":\"Tour Travel And More\",\"url\":\"https:\/\/tourtravelandmore.com\/es\/\",\"logo\":{\"@type\":\"ImageObject\",\"inLanguage\":\"es\",\"@id\":\"https:\/\/tourtravelandmore.com\/es\/#\/schema\/logo\/image\/\",\"url\":\"https:\/\/tourtravelandmore.com\/wp-content\/uploads\/2022\/12\/cropped-logo-cabecera-new.png\",\"contentUrl\":\"https:\/\/tourtravelandmore.com\/wp-content\/uploads\/2022\/12\/cropped-logo-cabecera-new.png\",\"width\":430,\"height\":61,\"caption\":\"Tour Travel And More\"},\"image\":{\"@id\":\"https:\/\/tourtravelandmore.com\/es\/#\/schema\/logo\/image\/\"},\"sameAs\":[\"https:\/\/www.facebook.com\/tourtravelandmore\/\",\"https:\/\/x.com\/TourTravel_More\"]}]}<\/script>\n<!-- \/ Yoast SEO Premium plugin. -->","yoast_head_json":{"title":"Tour privado a Padua desde Venecia en veh\u00edculo privado de lujo | TTM","description":"Tour privado a Padua desde Venecia. Disfrute visitando, en su veh\u00edculo privado, una de las regiones monta\u00f1osas m\u00e1s bellas de toda Europa \u2705.","robots":{"index":"index","follow":"follow","max-snippet":"max-snippet:-1","max-image-preview":"max-image-preview:large","max-video-preview":"max-video-preview:-1"},"canonical":"https:\/\/tourtravelandmore.com\/es\/tours\/italia-es\/venecia-es\/tour-privado-a-padua-desde-venecia\/","og_locale":"es_ES","og_type":"article","og_title":"Tour privado a Padua desde Venecia","og_description":"Tour privado a Padua desde Venecia. Disfrute visitando, en su veh\u00edculo privado, una de las regiones monta\u00f1osas m\u00e1s bellas de toda Europa \u2705.","og_url":"https:\/\/tourtravelandmore.com\/es\/tours\/italia-es\/venecia-es\/tour-privado-a-padua-desde-venecia\/","og_site_name":"Tour Travel And More","article_publisher":"https:\/\/www.facebook.com\/tourtravelandmore\/","article_modified_time":"2023-08-07T23:33:47+00:00","og_image":[{"width":2560,"height":1742,"url":"https:\/\/tourtravelandmore.com\/wp-content\/uploads\/2023\/04\/pexels-ivan-rebic-4513657-scaled.jpg","type":"image\/jpeg"}],"twitter_card":"summary_large_image","twitter_site":"@TourTravel_More","twitter_misc":{"Tiempo de lectura":"2 minutos"},"schema":{"@context":"https:\/\/schema.org","@graph":[{"@type":"WebPage","@id":"https:\/\/tourtravelandmore.com\/es\/tours\/italia-es\/venecia-es\/tour-privado-a-padua-desde-venecia\/","url":"https:\/\/tourtravelandmore.com\/es\/tours\/italia-es\/venecia-es\/tour-privado-a-padua-desde-venecia\/","name":"Tour privado a Padua desde Venecia en veh\u00edculo privado de lujo | TTM","isPartOf":{"@id":"https:\/\/tourtravelandmore.com\/es\/#website"},"primaryImageOfPage":{"@id":"https:\/\/tourtravelandmore.com\/es\/tours\/italia-es\/venecia-es\/tour-privado-a-padua-desde-venecia\/#primaryimage"},"image":{"@id":"https:\/\/tourtravelandmore.com\/es\/tours\/italia-es\/venecia-es\/tour-privado-a-padua-desde-venecia\/#primaryimage"},"thumbnailUrl":"https:\/\/tourtravelandmore.com\/wp-content\/uploads\/2023\/04\/pexels-ivan-rebic-4513657-scaled.jpg","datePublished":"2023-04-17T18:53:57+00:00","dateModified":"2023-08-07T23:33:47+00:00","description":"Tour privado a Padua desde Venecia. Disfrute visitando, en su veh\u00edculo privado, una de las regiones monta\u00f1osas m\u00e1s bellas de toda Europa \u2705.","breadcrumb":{"@id":"https:\/\/tourtravelandmore.com\/es\/tours\/italia-es\/venecia-es\/tour-privado-a-padua-desde-venecia\/#breadcrumb"},"inLanguage":"es","potentialAction":[{"@type":"ReadAction","target":["https:\/\/tourtravelandmore.com\/es\/tours\/italia-es\/venecia-es\/tour-privado-a-padua-desde-venecia\/"]}]},{"@type":"ImageObject","inLanguage":"es","@id":"https:\/\/tourtravelandmore.com\/es\/tours\/italia-es\/venecia-es\/tour-privado-a-padua-desde-venecia\/#primaryimage","url":"https:\/\/tourtravelandmore.com\/wp-content\/uploads\/2023\/04\/pexels-ivan-rebic-4513657-scaled.jpg","contentUrl":"https:\/\/tourtravelandmore.com\/wp-content\/uploads\/2023\/04\/pexels-ivan-rebic-4513657-scaled.jpg","width":2560,"height":1742},{"@type":"BreadcrumbList","@id":"https:\/\/tourtravelandmore.com\/es\/tours\/italia-es\/venecia-es\/tour-privado-a-padua-desde-venecia\/#breadcrumb","itemListElement":[{"@type":"ListItem","position":1,"name":"Home","item":"https:\/\/tourtravelandmore.com\/es\/"},{"@type":"ListItem","position":2,"name":"Tours","item":"https:\/\/tourtravelandmore.com\/es\/tours\/"},{"@type":"ListItem","position":3,"name":"Tour privado a Padua desde Venecia"}]},{"@type":"WebSite","@id":"https:\/\/tourtravelandmore.com\/es\/#website","url":"https:\/\/tourtravelandmore.com\/es\/","name":"Tour Travel And More","description":"Private sightseeing tours and luxury transfers in Spain","publisher":{"@id":"https:\/\/tourtravelandmore.com\/es\/#organization"},"potentialAction":[{"@type":"SearchAction","target":{"@type":"EntryPoint","urlTemplate":"https:\/\/tourtravelandmore.com\/es\/?s={search_term_string}"},"query-input":{"@type":"PropertyValueSpecification","valueRequired":true,"valueName":"search_term_string"}}],"inLanguage":"es"},{"@type":"Organization","@id":"https:\/\/tourtravelandmore.com\/es\/#organization","name":"Tour Travel And More","url":"https:\/\/tourtravelandmore.com\/es\/","logo":{"@type":"ImageObject","inLanguage":"es","@id":"https:\/\/tourtravelandmore.com\/es\/#\/schema\/logo\/image\/","url":"https:\/\/tourtravelandmore.com\/wp-content\/uploads\/2022\/12\/cropped-logo-cabecera-new.png","contentUrl":"https:\/\/tourtravelandmore.com\/wp-content\/uploads\/2022\/12\/cropped-logo-cabecera-new.png","width":430,"height":61,"caption":"Tour Travel And More"},"image":{"@id":"https:\/\/tourtravelandmore.com\/es\/#\/schema\/logo\/image\/"},"sameAs":["https:\/\/www.facebook.com\/tourtravelandmore\/","https:\/\/x.com\/TourTravel_More"]}]}},"_links":{"self":[{"href":"https:\/\/tourtravelandmore.com\/es\/wp-json\/wp\/v2\/product\/162448","targetHints":{"allow":["GET"]}}],"collection":[{"href":"https:\/\/tourtravelandmore.com\/es\/wp-json\/wp\/v2\/product"}],"about":[{"href":"https:\/\/tourtravelandmore.com\/es\/wp-json\/wp\/v2\/types\/product"}],"replies":[{"embeddable":true,"href":"https:\/\/tourtravelandmore.com\/es\/wp-json\/wp\/v2\/comments?post=162448"}],"wp:featuredmedia":[{"embeddable":true,"href":"https:\/\/tourtravelandmore.com\/es\/wp-json\/wp\/v2\/media\/162464"}],"wp:attachment":[{"href":"https:\/\/tourtravelandmore.com\/es\/wp-json\/wp\/v2\/media?parent=162448"}],"wp:term":[{"taxonomy":"product_brand","embeddable":true,"href":"https:\/\/tourtravelandmore.com\/es\/wp-json\/wp\/v2\/product_brand?post=162448"},{"taxonomy":"product_cat","embeddable":true,"href":"https:\/\/tourtravelandmore.com\/es\/wp-json\/wp\/v2\/product_cat?post=162448"},{"taxonomy":"product_tag","embeddable":true,"href":"https:\/\/tourtravelandmore.com\/es\/wp-json\/wp\/v2\/product_tag?post=162448"}],"curies":[{"name":"wp","href":"https:\/\/api.w.org\/{rel}","templated":true}]}}