{"id":16239,"date":"2017-11-28T12:02:11","date_gmt":"2017-11-28T11:29:17","guid":{"rendered":"http:\/\/tourtravelandmore.com\/es\/?post_type=product&#038;p=16239"},"modified":"2025-05-26T10:44:06","modified_gmt":"2025-05-26T08:44:06","slug":"tour-de-palacios-sevilla-a-pie-incluye-guia-oficial-y-entradas","status":"publish","type":"product","link":"https:\/\/tourtravelandmore.com\/es\/tours\/espana-es\/sevilla-es\/tour-de-palacios-sevilla-a-pie-incluye-guia-oficial-y-entradas\/","title":{"rendered":"Tour Privado a pie: Palacios de Sevilla"},"content":{"rendered":"<h2>Descripci\u00f3n del Tour Privado a pie: Palacios de Sevilla<\/h2>\n<p class=\"p1\">Disfruta de este <a href=\"https:\/\/tourtravelandmore.com\/es\/ciudad\/espana-es\/sevilla-es\/\">tour privado en Sevilla<\/a> de <span class=\"s1\"><b>Palacios de Sevilla<\/b><\/span> con su <span class=\"s1\"><b>gu\u00eda oficial privado<\/b><\/span>. Descubre tres de los principales palacios de la ciudad: <span class=\"s1\"><b>Palacio de las Due\u00f1as<\/b><\/span>, <span class=\"s1\"><b>Palacio de la Condesa de Lebrija<\/b><\/span> y <span class=\"s1\"><b>La Casa Pilatos<\/b><\/span>.<\/p>\n<p class=\"p1\">La duraci\u00f3n del <span class=\"s1\"><b>Tour de Palacios de Sevilla<\/b><\/span> es de <span class=\"s1\"><b>4 horas<\/b><\/span>. El tour es completamente privado, y pueden escoger la hora de comienzo.<\/p>\n<p class=\"p1\">Las entradas a los tres palacios est\u00e1n incluidas en el tour, siendo <span class=\"s1\"><b>entradas sin colas<\/b><\/span>.<\/p>\n<h2>Puntos de inter\u00e9s en el Tour Privado a pie: Palacios de Sevilla<\/h2>\n<p>Durante este tour privado conocer\u00e1n los Palacios m\u00e1s emblem\u00e1ticos de Sevilla, junto a un gu\u00eda oficial privado, quien os contar\u00e1 la historia de estos hist\u00f3ricos Palacios sevillanos.<\/p>\n<p>Visitar\u00e1n por dentro, tres de los palacios m\u00e1s emblem\u00e1ticos de Sevilla: El <strong>Palacio Las Due\u00f1as<\/strong>, construido entre los siglos XV y XVI, originalmente casa de la familia Pineda, luego convertido en una casa de hu\u00e9spedes. El poeta <a href=\"https:\/\/es.wikipedia.org\/wiki\/Antonio_Machado\"><strong>Antonio Machado<\/strong><\/a> naci\u00f3 en el Palacio Las Due\u00f1as.<\/p>\n<p><strong>La Casa Pilatos<\/strong>, construida en el siglo XVI, era antiguamente la casa de los duques de Medinacelli. Es una combinaci\u00f3n de los estilos renacentista italiano y el mud\u00e9jar espa\u00f1ol. Es considerada prototipo de palacio andaluz<\/p>\n<p>El<strong> Palacio de la Condesa de Lebrija<\/strong> tiene una dimensi\u00f3n de 2000 metros cuadrados, divida en planta baja (para invierno) y planta alta (para verano). En el palacio, adem\u00e1s de los restos arqueol\u00f3gicos, pueden observarse elementos de la \u00e9poca \u00e1rabe y romana, una colecci\u00f3n de brocales de pozo, \u00e1nforas, columnas y esculturas, bustos grecorromanos y representaciones mitol\u00f3gicas, junto con otros de estilo chino y persa todos ellos exhibidos tanto en paredes como en vitrinas<\/p>\n<p>En el precio de este tour privado se encuentran incluidas a los tres palacios. Su gu\u00eda oficial privado os ense\u00f1ar\u00e1 y contar\u00e1 la historia de esta fant\u00e1stica ciudad.<\/p>\n<p>Podr\u00e9is disfrutar de Sevilla en todo su esplendor y conocer\u00e9is lo m\u00e1s emblem\u00e1tico de la ciudad.<\/p>\n<p>Es posible coordinar el tour con una duraci\u00f3n mayor o menor, no dude en consultarnos. En <strong>Tour Travel<\/strong> and <strong>More<\/strong> trabajamos para ofrecerle a usted el servicio m\u00e1s personalizado posible.<\/p>\n","protected":false},"excerpt":{"rendered":"<p>Descubre tres de los principales Palacios de Sevilla: Casa Pilatos, Palacio Lebrija y Palacios de las Due\u00f1as. Conoce la Historia, Los Palacios, Las Leyendas junto a nuestro gu\u00eda oficial privado.<\/p>\n","protected":false},"featured_media":16232,"comment_status":"open","ping_status":"closed","template":"","meta":{"_acf_changed":false},"product_brand":[],"product_cat":[105,108],"product_tag":[],"class_list":{"0":"post-16239","1":"product","2":"type-product","3":"status-publish","4":"has-post-thumbnail","6":"product_cat-sevilla-es","7":"product_cat-sevilla-tours-privados-pie-es","9":"first","10":"instock","11":"shipping-taxable","12":"purchasable","13":"product-type-simple"},"acf":[],"yoast_head":"<!-- This site is optimized with the Yoast SEO Premium plugin v25.3.1 (Yoast SEO v25.3.1) - https:\/\/yoast.com\/wordpress\/plugins\/seo\/ -->\n<title>\u27a1\ufe0f Tour de Palacios Sevilla a pie | Tour Travel &amp; More<\/title>\n<meta name=\"description\" content=\"Descubre gracias a este Tour de Palacios Sevilla, los tres princiapales Palacios de la ciudad: Casa Pilatos, Palacio Lebrija y Palacios de las Due\u00f1as \u2705\" \/>\n<meta name=\"robots\" content=\"index, follow, max-snippet:-1, max-image-preview:large, max-video-preview:-1\" \/>\n<link rel=\"canonical\" href=\"https:\/\/tourtravelandmore.com\/es\/tours\/espana-es\/sevilla-es\/tour-de-palacios-sevilla-a-pie-incluye-guia-oficial-y-entradas\/\" \/>\n<meta property=\"og:locale\" content=\"es_ES\" \/>\n<meta property=\"og:type\" content=\"article\" \/>\n<meta property=\"og:title\" content=\"Tour Privado a pie: Palacios de Sevilla\" \/>\n<meta property=\"og:description\" content=\"Descubre gracias a este Tour de Palacios Sevilla, los tres princiapales Palacios de la ciudad: Casa Pilatos, Palacio Lebrija y Palacios de las Due\u00f1as \u2705\" \/>\n<meta property=\"og:url\" content=\"https:\/\/tourtravelandmore.com\/es\/tours\/espana-es\/sevilla-es\/tour-de-palacios-sevilla-a-pie-incluye-guia-oficial-y-entradas\/\" \/>\n<meta property=\"og:site_name\" content=\"Tour Travel And More\" \/>\n<meta property=\"article:publisher\" content=\"https:\/\/www.facebook.com\/tourtravelandmore\/\" \/>\n<meta property=\"article:modified_time\" content=\"2025-05-26T08:44:06+00:00\" \/>\n<meta property=\"og:image\" content=\"https:\/\/tourtravelandmore.com\/wp-content\/uploads\/2017\/11\/Patio_central_del_Palacio_de_las_Due\u00f1as_de_Sevilla_Espa\u00f1a_2016_01-scaled.jpg\" \/>\n\t<meta property=\"og:image:width\" content=\"4000\" \/>\n\t<meta property=\"og:image:height\" content=\"3000\" \/>\n\t<meta property=\"og:image:type\" content=\"image\/jpeg\" \/>\n<meta name=\"twitter:card\" content=\"summary_large_image\" \/>\n<meta name=\"twitter:site\" content=\"@TourTravel_More\" \/>\n<meta name=\"twitter:label1\" content=\"Tiempo de lectura\" \/>\n\t<meta name=\"twitter:data1\" content=\"2 minutos\" \/>\n<script type=\"application\/ld+json\" class=\"yoast-schema-graph\">{\"@context\":\"https:\/\/schema.org\",\"@graph\":[{\"@type\":\"WebPage\",\"@id\":\"https:\/\/tourtravelandmore.com\/es\/tours\/espana-es\/sevilla-es\/tour-de-palacios-sevilla-a-pie-incluye-guia-oficial-y-entradas\/\",\"url\":\"https:\/\/tourtravelandmore.com\/es\/tours\/espana-es\/sevilla-es\/tour-de-palacios-sevilla-a-pie-incluye-guia-oficial-y-entradas\/\",\"name\":\"\u27a1\ufe0f Tour de Palacios Sevilla a pie | Tour Travel & More\",\"isPartOf\":{\"@id\":\"https:\/\/tourtravelandmore.com\/es\/#website\"},\"primaryImageOfPage\":{\"@id\":\"https:\/\/tourtravelandmore.com\/es\/tours\/espana-es\/sevilla-es\/tour-de-palacios-sevilla-a-pie-incluye-guia-oficial-y-entradas\/#primaryimage\"},\"image\":{\"@id\":\"https:\/\/tourtravelandmore.com\/es\/tours\/espana-es\/sevilla-es\/tour-de-palacios-sevilla-a-pie-incluye-guia-oficial-y-entradas\/#primaryimage\"},\"thumbnailUrl\":\"https:\/\/tourtravelandmore.com\/wp-content\/uploads\/2017\/11\/Patio_central_del_Palacio_de_las_Due\u00f1as_de_Sevilla_Espa\u00f1a_2016_01-scaled.jpg\",\"datePublished\":\"2017-11-28T11:29:17+00:00\",\"dateModified\":\"2025-05-26T08:44:06+00:00\",\"description\":\"Descubre gracias a este Tour de Palacios Sevilla, los tres princiapales Palacios de la ciudad: Casa Pilatos, Palacio Lebrija y Palacios de las Due\u00f1as \u2705\",\"breadcrumb\":{\"@id\":\"https:\/\/tourtravelandmore.com\/es\/tours\/espana-es\/sevilla-es\/tour-de-palacios-sevilla-a-pie-incluye-guia-oficial-y-entradas\/#breadcrumb\"},\"inLanguage\":\"es\",\"potentialAction\":[{\"@type\":\"ReadAction\",\"target\":[\"https:\/\/tourtravelandmore.com\/es\/tours\/espana-es\/sevilla-es\/tour-de-palacios-sevilla-a-pie-incluye-guia-oficial-y-entradas\/\"]}]},{\"@type\":\"ImageObject\",\"inLanguage\":\"es\",\"@id\":\"https:\/\/tourtravelandmore.com\/es\/tours\/espana-es\/sevilla-es\/tour-de-palacios-sevilla-a-pie-incluye-guia-oficial-y-entradas\/#primaryimage\",\"url\":\"https:\/\/tourtravelandmore.com\/wp-content\/uploads\/2017\/11\/Patio_central_del_Palacio_de_las_Due\u00f1as_de_Sevilla_Espa\u00f1a_2016_01-scaled.jpg\",\"contentUrl\":\"https:\/\/tourtravelandmore.com\/wp-content\/uploads\/2017\/11\/Patio_central_del_Palacio_de_las_Due\u00f1as_de_Sevilla_Espa\u00f1a_2016_01-scaled.jpg\",\"width\":4000,\"height\":3000},{\"@type\":\"BreadcrumbList\",\"@id\":\"https:\/\/tourtravelandmore.com\/es\/tours\/espana-es\/sevilla-es\/tour-de-palacios-sevilla-a-pie-incluye-guia-oficial-y-entradas\/#breadcrumb\",\"itemListElement\":[{\"@type\":\"ListItem\",\"position\":1,\"name\":\"Home\",\"item\":\"https:\/\/tourtravelandmore.com\/es\/\"},{\"@type\":\"ListItem\",\"position\":2,\"name\":\"Tours\",\"item\":\"https:\/\/tourtravelandmore.com\/es\/tours\/\"},{\"@type\":\"ListItem\",\"position\":3,\"name\":\"Tour Privado a pie: Palacios de Sevilla\"}]},{\"@type\":\"WebSite\",\"@id\":\"https:\/\/tourtravelandmore.com\/es\/#website\",\"url\":\"https:\/\/tourtravelandmore.com\/es\/\",\"name\":\"Tour Travel And More\",\"description\":\"Private sightseeing tours and luxury transfers in Spain\",\"publisher\":{\"@id\":\"https:\/\/tourtravelandmore.com\/es\/#organization\"},\"potentialAction\":[{\"@type\":\"SearchAction\",\"target\":{\"@type\":\"EntryPoint\",\"urlTemplate\":\"https:\/\/tourtravelandmore.com\/es\/?s={search_term_string}\"},\"query-input\":{\"@type\":\"PropertyValueSpecification\",\"valueRequired\":true,\"valueName\":\"search_term_string\"}}],\"inLanguage\":\"es\"},{\"@type\":\"Organization\",\"@id\":\"https:\/\/tourtravelandmore.com\/es\/#organization\",\"name\":\"Tour Travel And More\",\"url\":\"https:\/\/tourtravelandmore.com\/es\/\",\"logo\":{\"@type\":\"ImageObject\",\"inLanguage\":\"es\",\"@id\":\"https:\/\/tourtravelandmore.com\/es\/#\/schema\/logo\/image\/\",\"url\":\"https:\/\/tourtravelandmore.com\/wp-content\/uploads\/2022\/12\/cropped-logo-cabecera-new.png\",\"contentUrl\":\"https:\/\/tourtravelandmore.com\/wp-content\/uploads\/2022\/12\/cropped-logo-cabecera-new.png\",\"width\":430,\"height\":61,\"caption\":\"Tour Travel And More\"},\"image\":{\"@id\":\"https:\/\/tourtravelandmore.com\/es\/#\/schema\/logo\/image\/\"},\"sameAs\":[\"https:\/\/www.facebook.com\/tourtravelandmore\/\",\"https:\/\/x.com\/TourTravel_More\"]}]}<\/script>\n<!-- \/ Yoast SEO Premium plugin. -->","yoast_head_json":{"title":"\u27a1\ufe0f Tour de Palacios Sevilla a pie | Tour Travel & More","description":"Descubre gracias a este Tour de Palacios Sevilla, los tres princiapales Palacios de la ciudad: Casa Pilatos, Palacio Lebrija y Palacios de las Due\u00f1as \u2705","robots":{"index":"index","follow":"follow","max-snippet":"max-snippet:-1","max-image-preview":"max-image-preview:large","max-video-preview":"max-video-preview:-1"},"canonical":"https:\/\/tourtravelandmore.com\/es\/tours\/espana-es\/sevilla-es\/tour-de-palacios-sevilla-a-pie-incluye-guia-oficial-y-entradas\/","og_locale":"es_ES","og_type":"article","og_title":"Tour Privado a pie: Palacios de Sevilla","og_description":"Descubre gracias a este Tour de Palacios Sevilla, los tres princiapales Palacios de la ciudad: Casa Pilatos, Palacio Lebrija y Palacios de las Due\u00f1as \u2705","og_url":"https:\/\/tourtravelandmore.com\/es\/tours\/espana-es\/sevilla-es\/tour-de-palacios-sevilla-a-pie-incluye-guia-oficial-y-entradas\/","og_site_name":"Tour Travel And More","article_publisher":"https:\/\/www.facebook.com\/tourtravelandmore\/","article_modified_time":"2025-05-26T08:44:06+00:00","og_image":[{"width":4000,"height":3000,"url":"https:\/\/tourtravelandmore.com\/wp-content\/uploads\/2017\/11\/Patio_central_del_Palacio_de_las_Due\u00f1as_de_Sevilla_Espa\u00f1a_2016_01-scaled.jpg","type":"image\/jpeg"}],"twitter_card":"summary_large_image","twitter_site":"@TourTravel_More","twitter_misc":{"Tiempo de lectura":"2 minutos"},"schema":{"@context":"https:\/\/schema.org","@graph":[{"@type":"WebPage","@id":"https:\/\/tourtravelandmore.com\/es\/tours\/espana-es\/sevilla-es\/tour-de-palacios-sevilla-a-pie-incluye-guia-oficial-y-entradas\/","url":"https:\/\/tourtravelandmore.com\/es\/tours\/espana-es\/sevilla-es\/tour-de-palacios-sevilla-a-pie-incluye-guia-oficial-y-entradas\/","name":"\u27a1\ufe0f Tour de Palacios Sevilla a pie | Tour Travel & More","isPartOf":{"@id":"https:\/\/tourtravelandmore.com\/es\/#website"},"primaryImageOfPage":{"@id":"https:\/\/tourtravelandmore.com\/es\/tours\/espana-es\/sevilla-es\/tour-de-palacios-sevilla-a-pie-incluye-guia-oficial-y-entradas\/#primaryimage"},"image":{"@id":"https:\/\/tourtravelandmore.com\/es\/tours\/espana-es\/sevilla-es\/tour-de-palacios-sevilla-a-pie-incluye-guia-oficial-y-entradas\/#primaryimage"},"thumbnailUrl":"https:\/\/tourtravelandmore.com\/wp-content\/uploads\/2017\/11\/Patio_central_del_Palacio_de_las_Due\u00f1as_de_Sevilla_Espa\u00f1a_2016_01-scaled.jpg","datePublished":"2017-11-28T11:29:17+00:00","dateModified":"2025-05-26T08:44:06+00:00","description":"Descubre gracias a este Tour de Palacios Sevilla, los tres princiapales Palacios de la ciudad: Casa Pilatos, Palacio Lebrija y Palacios de las Due\u00f1as \u2705","breadcrumb":{"@id":"https:\/\/tourtravelandmore.com\/es\/tours\/espana-es\/sevilla-es\/tour-de-palacios-sevilla-a-pie-incluye-guia-oficial-y-entradas\/#breadcrumb"},"inLanguage":"es","potentialAction":[{"@type":"ReadAction","target":["https:\/\/tourtravelandmore.com\/es\/tours\/espana-es\/sevilla-es\/tour-de-palacios-sevilla-a-pie-incluye-guia-oficial-y-entradas\/"]}]},{"@type":"ImageObject","inLanguage":"es","@id":"https:\/\/tourtravelandmore.com\/es\/tours\/espana-es\/sevilla-es\/tour-de-palacios-sevilla-a-pie-incluye-guia-oficial-y-entradas\/#primaryimage","url":"https:\/\/tourtravelandmore.com\/wp-content\/uploads\/2017\/11\/Patio_central_del_Palacio_de_las_Due\u00f1as_de_Sevilla_Espa\u00f1a_2016_01-scaled.jpg","contentUrl":"https:\/\/tourtravelandmore.com\/wp-content\/uploads\/2017\/11\/Patio_central_del_Palacio_de_las_Due\u00f1as_de_Sevilla_Espa\u00f1a_2016_01-scaled.jpg","width":4000,"height":3000},{"@type":"BreadcrumbList","@id":"https:\/\/tourtravelandmore.com\/es\/tours\/espana-es\/sevilla-es\/tour-de-palacios-sevilla-a-pie-incluye-guia-oficial-y-entradas\/#breadcrumb","itemListElement":[{"@type":"ListItem","position":1,"name":"Home","item":"https:\/\/tourtravelandmore.com\/es\/"},{"@type":"ListItem","position":2,"name":"Tours","item":"https:\/\/tourtravelandmore.com\/es\/tours\/"},{"@type":"ListItem","position":3,"name":"Tour Privado a pie: Palacios de Sevilla"}]},{"@type":"WebSite","@id":"https:\/\/tourtravelandmore.com\/es\/#website","url":"https:\/\/tourtravelandmore.com\/es\/","name":"Tour Travel And More","description":"Private sightseeing tours and luxury transfers in Spain","publisher":{"@id":"https:\/\/tourtravelandmore.com\/es\/#organization"},"potentialAction":[{"@type":"SearchAction","target":{"@type":"EntryPoint","urlTemplate":"https:\/\/tourtravelandmore.com\/es\/?s={search_term_string}"},"query-input":{"@type":"PropertyValueSpecification","valueRequired":true,"valueName":"search_term_string"}}],"inLanguage":"es"},{"@type":"Organization","@id":"https:\/\/tourtravelandmore.com\/es\/#organization","name":"Tour Travel And More","url":"https:\/\/tourtravelandmore.com\/es\/","logo":{"@type":"ImageObject","inLanguage":"es","@id":"https:\/\/tourtravelandmore.com\/es\/#\/schema\/logo\/image\/","url":"https:\/\/tourtravelandmore.com\/wp-content\/uploads\/2022\/12\/cropped-logo-cabecera-new.png","contentUrl":"https:\/\/tourtravelandmore.com\/wp-content\/uploads\/2022\/12\/cropped-logo-cabecera-new.png","width":430,"height":61,"caption":"Tour Travel And More"},"image":{"@id":"https:\/\/tourtravelandmore.com\/es\/#\/schema\/logo\/image\/"},"sameAs":["https:\/\/www.facebook.com\/tourtravelandmore\/","https:\/\/x.com\/TourTravel_More"]}]}},"_links":{"self":[{"href":"https:\/\/tourtravelandmore.com\/es\/wp-json\/wp\/v2\/product\/16239","targetHints":{"allow":["GET"]}}],"collection":[{"href":"https:\/\/tourtravelandmore.com\/es\/wp-json\/wp\/v2\/product"}],"about":[{"href":"https:\/\/tourtravelandmore.com\/es\/wp-json\/wp\/v2\/types\/product"}],"replies":[{"embeddable":true,"href":"https:\/\/tourtravelandmore.com\/es\/wp-json\/wp\/v2\/comments?post=16239"}],"wp:featuredmedia":[{"embeddable":true,"href":"https:\/\/tourtravelandmore.com\/es\/wp-json\/wp\/v2\/media\/16232"}],"wp:attachment":[{"href":"https:\/\/tourtravelandmore.com\/es\/wp-json\/wp\/v2\/media?parent=16239"}],"wp:term":[{"taxonomy":"product_brand","embeddable":true,"href":"https:\/\/tourtravelandmore.com\/es\/wp-json\/wp\/v2\/product_brand?post=16239"},{"taxonomy":"product_cat","embeddable":true,"href":"https:\/\/tourtravelandmore.com\/es\/wp-json\/wp\/v2\/product_cat?post=16239"},{"taxonomy":"product_tag","embeddable":true,"href":"https:\/\/tourtravelandmore.com\/es\/wp-json\/wp\/v2\/product_tag?post=16239"}],"curies":[{"name":"wp","href":"https:\/\/api.w.org\/{rel}","templated":true}]}}