{"id":162364,"date":"2023-04-17T15:58:51","date_gmt":"2023-04-17T13:58:55","guid":{"rendered":"https:\/\/tourtravelandmore.com\/?post_type=product&#038;p=162364"},"modified":"2023-04-20T19:23:15","modified_gmt":"2023-04-20T17:23:15","slug":"tour-privado-a-londres-desde-paris","status":"publish","type":"product","link":"https:\/\/tourtravelandmore.com\/es\/tours\/francia\/paris-es\/tour-privado-a-londres-desde-paris\/","title":{"rendered":"Tour privado a Londres desde Par\u00eds"},"content":{"rendered":"<h2><strong>Descripci\u00f3n\u00a0<\/strong><\/h2>\n<p><strong>Tour Travel &amp; More<\/strong> se complace en ofrecerle nuestro exclusivo <strong>Tour Privado a Londres desde Par\u00eds<\/strong>, dise\u00f1ado para aquellos viajeros exigentes que desean disfrutar del confort y la elegancia de un viaje inolvidable. Este <strong>tour privado<\/strong> de 16 horas incluir\u00e1 un veh\u00edculo privado y un gu\u00eda certificado que le acompa\u00f1ar\u00e1 durante todo el recorrido por <strong>Londres.<\/strong><\/p>\n<p>El recorrido comenzar\u00e1 en <strong>Par\u00eds,<\/strong> donde nuestro veh\u00edculo privado le recoger\u00e1 en su alojamiento y nos dirigiremos al <strong>Eurot\u00fanel,<\/strong> un moderno t\u00fanel submarino que une <strong>Francia<\/strong> y el Reino Unido. Disfrutar\u00e1 de un viaje c\u00f3modo y seguro en nuestro veh\u00edculo privado y cruzar\u00e1 el <strong>Canal<\/strong> de la <strong>Mancha<\/strong> hasta <strong>Folkestone,<\/strong> una ciudad <strong>costera inglesa.<\/strong><\/p>\n<p>\u00a1Esperamos darle pronto la bienvenida en nuestro<strong> tour privado a Londres desde Par\u00eds<\/strong>! En <strong>Tour Travel &amp; More<\/strong>, nos enorgullecemos de ofrecer experiencias \u00fanicas y personalizadas que dejar\u00e1n una impresi\u00f3n duradera en nuestros clientes. Reserve hoy mismo su <strong>tour privado<\/strong> a <strong>Londres<\/strong> desde <strong>Par\u00eds<\/strong> y descubra todo lo que estas ciudades pueden ofrecerle.<\/p>\n<h2><strong>Puntos de inter\u00e9s | Tour privado a Londres desde Par\u00eds<br \/>\n<\/strong><\/h2>\n<p>En primer lugar, a su llegada a <strong>Inglaterra,<\/strong> comenzar\u00e1 su recorrido por <strong>Londres.<\/strong> Durante las pr\u00f3ximas 4 horas, nuestro gu\u00eda certificado le llevar\u00e1 a los lugares m\u00e1s emblem\u00e1ticos de la ciudad. Comenzaremos en el <strong>Palacio<\/strong> de <strong>Buckingham,<\/strong> residencia oficial de la <strong>reina Isabel<\/strong>\u00a0<strong>II<\/strong>. All\u00ed tendr\u00e1 la oportunidad de presenciar el famoso <strong>Cambio<\/strong> de <strong>Guardia.<\/strong> Una ceremonia militar que tiene lugar a diario en la entrada principal del palacio.<\/p>\n<p>A continuaci\u00f3n, continuaremos nuestro recorrido por los principales lugares de inter\u00e9s de Londres. Como la <strong>Abad\u00eda de Westminster, el Big Ben, el London Eye y el Tower Bridge<\/strong>. Tambi\u00e9n visitaremos la <strong>Torre<\/strong> de <strong>Londres,<\/strong> un antiguo castillo real que alberga las famosas <strong>Joyas<\/strong> de la <strong>Corona.<\/strong> Nuestro gu\u00eda certificado le llevar\u00e1 a trav\u00e9s de la historia brit\u00e1nica. Le contar\u00e1 historias fascinantes sobre la vida de los reyes y reinas de <strong>Inglaterra.<\/strong><\/p>\n<p>Tras un d\u00eda lleno de emociones y descubrimientos, regresaremos a Par\u00eds. Le dejaremos en su alojamiento.<\/p>\n<p>En resumen, nuestro exclusivo<strong> Tour Privado a Londres desde Par\u00eds<\/strong> es una oportunidad \u00fanica para descubrir dos de las ciudades m\u00e1s fascinantes de Europa. Con nuestro veh\u00edculo privado y nuestro gu\u00eda certificado, disfrutar\u00e1 de un viaje c\u00f3modo y seguro. Descubrir\u00e1 los lugares m\u00e1s emblem\u00e1ticos de Par\u00eds y Londres. Este tour est\u00e1 dise\u00f1ado para viajeros exigentes que desean disfrutar de un servicio personalizado y una atenci\u00f3n exclusiva.<\/p>\n<p><a href=\"https:\/\/tourtravelandmore.com\/city\/france\/paris-en\/\">\u00a1Eche un vistazo a nuestros tours privados en Par\u00eds!<\/a><\/p>\n","protected":false},"excerpt":{"rendered":"<p><strong>Tour Travel &amp; More<\/strong> se complace en ofrecerle nuestro exclusivo <strong>Tour Privado a Londres desde Par\u00eds<\/strong>, dise\u00f1ado para aquellos viajeros exigentes que desean disfrutar del confort y la elegancia de un viaje inolvidable. Este <strong>tour privado<\/strong> de 16 horas incluir\u00e1 un veh\u00edculo privado y un gu\u00eda certificado que le acompa\u00f1ar\u00e1 durante todo el recorrido por <strong>Londres.<\/strong><\/p>\n","protected":false},"featured_media":162384,"comment_status":"open","ping_status":"closed","template":"","meta":{"_acf_changed":false},"product_brand":[],"product_cat":[834,848,849,850,851],"product_tag":[],"class_list":{"0":"post-162364","1":"product","2":"type-product","3":"status-publish","4":"has-post-thumbnail","6":"product_cat-paris-es","7":"product_cat-paris-top-ventas-es","8":"product_cat-paris-actividades-es","9":"product_cat-paris-rutas-turisticas-privadas-es","10":"product_cat-paris-excursiones-es","12":"first","13":"instock","14":"shipping-taxable","15":"purchasable","16":"product-type-simple"},"acf":[],"yoast_head":"<!-- This site is optimized with the Yoast SEO Premium plugin v25.3.1 (Yoast SEO v25.3.1) - https:\/\/yoast.com\/wordpress\/plugins\/seo\/ -->\n<title>\u27a1\ufe0f Tour privado a Londres desde Par\u00eds | Tour Travel &amp; More<\/title>\n<meta name=\"description\" content=\"Descubre la historia, cultura y arte de Paris junto a un gu\u00eda oficial privado y c\u00f3modo en su veh\u00edculo privado durante un tour privado en paris \u2705\" \/>\n<meta name=\"robots\" content=\"index, follow, max-snippet:-1, max-image-preview:large, max-video-preview:-1\" \/>\n<link rel=\"canonical\" href=\"https:\/\/tourtravelandmore.com\/es\/tours\/francia\/paris-es\/tour-privado-a-londres-desde-paris\/\" \/>\n<meta property=\"og:locale\" content=\"es_ES\" \/>\n<meta property=\"og:type\" content=\"article\" \/>\n<meta property=\"og:title\" content=\"Tour privado a Londres desde Par\u00eds\" \/>\n<meta property=\"og:description\" content=\"Descubre la historia, cultura y arte de Paris junto a un gu\u00eda oficial privado y c\u00f3modo en su veh\u00edculo privado durante un tour privado en paris \u2705\" \/>\n<meta property=\"og:url\" content=\"https:\/\/tourtravelandmore.com\/es\/tours\/francia\/paris-es\/tour-privado-a-londres-desde-paris\/\" \/>\n<meta property=\"og:site_name\" content=\"Tour Travel And More\" \/>\n<meta property=\"article:publisher\" content=\"https:\/\/www.facebook.com\/tourtravelandmore\/\" \/>\n<meta property=\"article:modified_time\" content=\"2023-04-20T17:23:15+00:00\" \/>\n<meta property=\"og:image\" content=\"https:\/\/tourtravelandmore.com\/wp-content\/uploads\/2023\/04\/london-gaeabde4e1_1280.jpg\" \/>\n\t<meta property=\"og:image:width\" content=\"1280\" \/>\n\t<meta property=\"og:image:height\" content=\"720\" \/>\n\t<meta property=\"og:image:type\" content=\"image\/jpeg\" \/>\n<meta name=\"twitter:card\" content=\"summary_large_image\" \/>\n<meta name=\"twitter:site\" content=\"@TourTravel_More\" \/>\n<meta name=\"twitter:label1\" content=\"Tiempo de lectura\" \/>\n\t<meta name=\"twitter:data1\" content=\"2 minutos\" \/>\n<script type=\"application\/ld+json\" class=\"yoast-schema-graph\">{\"@context\":\"https:\/\/schema.org\",\"@graph\":[{\"@type\":\"WebPage\",\"@id\":\"https:\/\/tourtravelandmore.com\/es\/tours\/francia\/paris-es\/tour-privado-a-londres-desde-paris\/\",\"url\":\"https:\/\/tourtravelandmore.com\/es\/tours\/francia\/paris-es\/tour-privado-a-londres-desde-paris\/\",\"name\":\"\u27a1\ufe0f Tour privado a Londres desde Par\u00eds | Tour Travel & More\",\"isPartOf\":{\"@id\":\"https:\/\/tourtravelandmore.com\/es\/#website\"},\"primaryImageOfPage\":{\"@id\":\"https:\/\/tourtravelandmore.com\/es\/tours\/francia\/paris-es\/tour-privado-a-londres-desde-paris\/#primaryimage\"},\"image\":{\"@id\":\"https:\/\/tourtravelandmore.com\/es\/tours\/francia\/paris-es\/tour-privado-a-londres-desde-paris\/#primaryimage\"},\"thumbnailUrl\":\"https:\/\/tourtravelandmore.com\/wp-content\/uploads\/2023\/04\/london-gaeabde4e1_1280.jpg\",\"datePublished\":\"2023-04-17T13:58:55+00:00\",\"dateModified\":\"2023-04-20T17:23:15+00:00\",\"description\":\"Descubre la historia, cultura y arte de Paris junto a un gu\u00eda oficial privado y c\u00f3modo en su veh\u00edculo privado durante un tour privado en paris \u2705\",\"breadcrumb\":{\"@id\":\"https:\/\/tourtravelandmore.com\/es\/tours\/francia\/paris-es\/tour-privado-a-londres-desde-paris\/#breadcrumb\"},\"inLanguage\":\"es\",\"potentialAction\":[{\"@type\":\"ReadAction\",\"target\":[\"https:\/\/tourtravelandmore.com\/es\/tours\/francia\/paris-es\/tour-privado-a-londres-desde-paris\/\"]}]},{\"@type\":\"ImageObject\",\"inLanguage\":\"es\",\"@id\":\"https:\/\/tourtravelandmore.com\/es\/tours\/francia\/paris-es\/tour-privado-a-londres-desde-paris\/#primaryimage\",\"url\":\"https:\/\/tourtravelandmore.com\/wp-content\/uploads\/2023\/04\/london-gaeabde4e1_1280.jpg\",\"contentUrl\":\"https:\/\/tourtravelandmore.com\/wp-content\/uploads\/2023\/04\/london-gaeabde4e1_1280.jpg\",\"width\":1280,\"height\":720},{\"@type\":\"BreadcrumbList\",\"@id\":\"https:\/\/tourtravelandmore.com\/es\/tours\/francia\/paris-es\/tour-privado-a-londres-desde-paris\/#breadcrumb\",\"itemListElement\":[{\"@type\":\"ListItem\",\"position\":1,\"name\":\"Home\",\"item\":\"https:\/\/tourtravelandmore.com\/es\/\"},{\"@type\":\"ListItem\",\"position\":2,\"name\":\"Tours\",\"item\":\"https:\/\/tourtravelandmore.com\/es\/tours\/\"},{\"@type\":\"ListItem\",\"position\":3,\"name\":\"Tour privado a Londres desde Par\u00eds\"}]},{\"@type\":\"WebSite\",\"@id\":\"https:\/\/tourtravelandmore.com\/es\/#website\",\"url\":\"https:\/\/tourtravelandmore.com\/es\/\",\"name\":\"Tour Travel And More\",\"description\":\"Private sightseeing tours and luxury transfers in Spain\",\"publisher\":{\"@id\":\"https:\/\/tourtravelandmore.com\/es\/#organization\"},\"potentialAction\":[{\"@type\":\"SearchAction\",\"target\":{\"@type\":\"EntryPoint\",\"urlTemplate\":\"https:\/\/tourtravelandmore.com\/es\/?s={search_term_string}\"},\"query-input\":{\"@type\":\"PropertyValueSpecification\",\"valueRequired\":true,\"valueName\":\"search_term_string\"}}],\"inLanguage\":\"es\"},{\"@type\":\"Organization\",\"@id\":\"https:\/\/tourtravelandmore.com\/es\/#organization\",\"name\":\"Tour Travel And More\",\"url\":\"https:\/\/tourtravelandmore.com\/es\/\",\"logo\":{\"@type\":\"ImageObject\",\"inLanguage\":\"es\",\"@id\":\"https:\/\/tourtravelandmore.com\/es\/#\/schema\/logo\/image\/\",\"url\":\"https:\/\/tourtravelandmore.com\/wp-content\/uploads\/2022\/12\/cropped-logo-cabecera-new.png\",\"contentUrl\":\"https:\/\/tourtravelandmore.com\/wp-content\/uploads\/2022\/12\/cropped-logo-cabecera-new.png\",\"width\":430,\"height\":61,\"caption\":\"Tour Travel And More\"},\"image\":{\"@id\":\"https:\/\/tourtravelandmore.com\/es\/#\/schema\/logo\/image\/\"},\"sameAs\":[\"https:\/\/www.facebook.com\/tourtravelandmore\/\",\"https:\/\/x.com\/TourTravel_More\"]}]}<\/script>\n<!-- \/ Yoast SEO Premium plugin. -->","yoast_head_json":{"title":"\u27a1\ufe0f Tour privado a Londres desde Par\u00eds | Tour Travel & More","description":"Descubre la historia, cultura y arte de Paris junto a un gu\u00eda oficial privado y c\u00f3modo en su veh\u00edculo privado durante un tour privado en paris \u2705","robots":{"index":"index","follow":"follow","max-snippet":"max-snippet:-1","max-image-preview":"max-image-preview:large","max-video-preview":"max-video-preview:-1"},"canonical":"https:\/\/tourtravelandmore.com\/es\/tours\/francia\/paris-es\/tour-privado-a-londres-desde-paris\/","og_locale":"es_ES","og_type":"article","og_title":"Tour privado a Londres desde Par\u00eds","og_description":"Descubre la historia, cultura y arte de Paris junto a un gu\u00eda oficial privado y c\u00f3modo en su veh\u00edculo privado durante un tour privado en paris \u2705","og_url":"https:\/\/tourtravelandmore.com\/es\/tours\/francia\/paris-es\/tour-privado-a-londres-desde-paris\/","og_site_name":"Tour Travel And More","article_publisher":"https:\/\/www.facebook.com\/tourtravelandmore\/","article_modified_time":"2023-04-20T17:23:15+00:00","og_image":[{"width":1280,"height":720,"url":"https:\/\/tourtravelandmore.com\/wp-content\/uploads\/2023\/04\/london-gaeabde4e1_1280.jpg","type":"image\/jpeg"}],"twitter_card":"summary_large_image","twitter_site":"@TourTravel_More","twitter_misc":{"Tiempo de lectura":"2 minutos"},"schema":{"@context":"https:\/\/schema.org","@graph":[{"@type":"WebPage","@id":"https:\/\/tourtravelandmore.com\/es\/tours\/francia\/paris-es\/tour-privado-a-londres-desde-paris\/","url":"https:\/\/tourtravelandmore.com\/es\/tours\/francia\/paris-es\/tour-privado-a-londres-desde-paris\/","name":"\u27a1\ufe0f Tour privado a Londres desde Par\u00eds | Tour Travel & More","isPartOf":{"@id":"https:\/\/tourtravelandmore.com\/es\/#website"},"primaryImageOfPage":{"@id":"https:\/\/tourtravelandmore.com\/es\/tours\/francia\/paris-es\/tour-privado-a-londres-desde-paris\/#primaryimage"},"image":{"@id":"https:\/\/tourtravelandmore.com\/es\/tours\/francia\/paris-es\/tour-privado-a-londres-desde-paris\/#primaryimage"},"thumbnailUrl":"https:\/\/tourtravelandmore.com\/wp-content\/uploads\/2023\/04\/london-gaeabde4e1_1280.jpg","datePublished":"2023-04-17T13:58:55+00:00","dateModified":"2023-04-20T17:23:15+00:00","description":"Descubre la historia, cultura y arte de Paris junto a un gu\u00eda oficial privado y c\u00f3modo en su veh\u00edculo privado durante un tour privado en paris \u2705","breadcrumb":{"@id":"https:\/\/tourtravelandmore.com\/es\/tours\/francia\/paris-es\/tour-privado-a-londres-desde-paris\/#breadcrumb"},"inLanguage":"es","potentialAction":[{"@type":"ReadAction","target":["https:\/\/tourtravelandmore.com\/es\/tours\/francia\/paris-es\/tour-privado-a-londres-desde-paris\/"]}]},{"@type":"ImageObject","inLanguage":"es","@id":"https:\/\/tourtravelandmore.com\/es\/tours\/francia\/paris-es\/tour-privado-a-londres-desde-paris\/#primaryimage","url":"https:\/\/tourtravelandmore.com\/wp-content\/uploads\/2023\/04\/london-gaeabde4e1_1280.jpg","contentUrl":"https:\/\/tourtravelandmore.com\/wp-content\/uploads\/2023\/04\/london-gaeabde4e1_1280.jpg","width":1280,"height":720},{"@type":"BreadcrumbList","@id":"https:\/\/tourtravelandmore.com\/es\/tours\/francia\/paris-es\/tour-privado-a-londres-desde-paris\/#breadcrumb","itemListElement":[{"@type":"ListItem","position":1,"name":"Home","item":"https:\/\/tourtravelandmore.com\/es\/"},{"@type":"ListItem","position":2,"name":"Tours","item":"https:\/\/tourtravelandmore.com\/es\/tours\/"},{"@type":"ListItem","position":3,"name":"Tour privado a Londres desde Par\u00eds"}]},{"@type":"WebSite","@id":"https:\/\/tourtravelandmore.com\/es\/#website","url":"https:\/\/tourtravelandmore.com\/es\/","name":"Tour Travel And More","description":"Private sightseeing tours and luxury transfers in Spain","publisher":{"@id":"https:\/\/tourtravelandmore.com\/es\/#organization"},"potentialAction":[{"@type":"SearchAction","target":{"@type":"EntryPoint","urlTemplate":"https:\/\/tourtravelandmore.com\/es\/?s={search_term_string}"},"query-input":{"@type":"PropertyValueSpecification","valueRequired":true,"valueName":"search_term_string"}}],"inLanguage":"es"},{"@type":"Organization","@id":"https:\/\/tourtravelandmore.com\/es\/#organization","name":"Tour Travel And More","url":"https:\/\/tourtravelandmore.com\/es\/","logo":{"@type":"ImageObject","inLanguage":"es","@id":"https:\/\/tourtravelandmore.com\/es\/#\/schema\/logo\/image\/","url":"https:\/\/tourtravelandmore.com\/wp-content\/uploads\/2022\/12\/cropped-logo-cabecera-new.png","contentUrl":"https:\/\/tourtravelandmore.com\/wp-content\/uploads\/2022\/12\/cropped-logo-cabecera-new.png","width":430,"height":61,"caption":"Tour Travel And More"},"image":{"@id":"https:\/\/tourtravelandmore.com\/es\/#\/schema\/logo\/image\/"},"sameAs":["https:\/\/www.facebook.com\/tourtravelandmore\/","https:\/\/x.com\/TourTravel_More"]}]}},"_links":{"self":[{"href":"https:\/\/tourtravelandmore.com\/es\/wp-json\/wp\/v2\/product\/162364","targetHints":{"allow":["GET"]}}],"collection":[{"href":"https:\/\/tourtravelandmore.com\/es\/wp-json\/wp\/v2\/product"}],"about":[{"href":"https:\/\/tourtravelandmore.com\/es\/wp-json\/wp\/v2\/types\/product"}],"replies":[{"embeddable":true,"href":"https:\/\/tourtravelandmore.com\/es\/wp-json\/wp\/v2\/comments?post=162364"}],"wp:featuredmedia":[{"embeddable":true,"href":"https:\/\/tourtravelandmore.com\/es\/wp-json\/wp\/v2\/media\/162384"}],"wp:attachment":[{"href":"https:\/\/tourtravelandmore.com\/es\/wp-json\/wp\/v2\/media?parent=162364"}],"wp:term":[{"taxonomy":"product_brand","embeddable":true,"href":"https:\/\/tourtravelandmore.com\/es\/wp-json\/wp\/v2\/product_brand?post=162364"},{"taxonomy":"product_cat","embeddable":true,"href":"https:\/\/tourtravelandmore.com\/es\/wp-json\/wp\/v2\/product_cat?post=162364"},{"taxonomy":"product_tag","embeddable":true,"href":"https:\/\/tourtravelandmore.com\/es\/wp-json\/wp\/v2\/product_tag?post=162364"}],"curies":[{"name":"wp","href":"https:\/\/api.w.org\/{rel}","templated":true}]}}